{"id":1019,"date":"2019-02-20T14:44:57","date_gmt":"2019-02-20T14:44:57","guid":{"rendered":"https:\/\/scientia-amazonia.org\/?page_id=1019"},"modified":"2019-02-22T12:17:13","modified_gmt":"2019-02-22T12:17:13","slug":"biologia","status":"publish","type":"page","link":"https:\/\/scientia-amazonia.org\/index.php\/revisores\/biologia\/","title":{"rendered":"Biologia"},"content":{"rendered":"\n<table class=\"wp-block-table\"><tbody><tr><td><a href=\"http:\/\/lattes.cnpq.br\/3694117633635449\">Adriana Dantas Gonzaga de\n  Freitas&nbsp;<\/a><\/td><td>Controle de pragas<\/td><\/tr><tr><td><a href=\"http:\/\/lattes.cnpq.br\/3020343973167468\">Afonso Pelli&nbsp;&nbsp;<\/a><\/td><td>Ecologia<\/td><\/tr><tr><td><a href=\"http:\/\/lattes.cnpq.br\/8455896128871040\">Akemi Shibuya&nbsp;&nbsp;<\/a><\/td><td>Zoologia e Ecologia<\/td><\/tr><tr><td><a href=\"http:\/\/lattes.cnpq.br\/4235141412859724\">Alexandre Kemenes&nbsp;&nbsp;<\/a><\/td><td>CPAMIN-\u00a0Ecologia aqu\u00e1tica<\/td><\/tr><tr><td><a href=\"http:\/\/lattes.cnpq.br\/6152994413893554\">Alexandro Cezar\n  Florentino&nbsp;<\/a><\/td><td>Ecologia de peixes<\/td><\/tr><tr><td><a href=\"http:\/\/lattes.cnpq.br\/2720547210430667\">Ana Karla de Souza Abud<\/a><\/td><td>Micologia<\/td><\/tr><tr><td><a href=\"http:\/\/lattes.cnpq.br\/0169444744791978\">Andr\u00e9 Pereira Cattani&nbsp;<\/a><\/td><td>Ictiofauna<\/td><\/tr><tr><td><a href=\"http:\/\/lattes.cnpq.br\/3558832059770794\">Antonio Luiz Ribeiro Boechat\n  Lopes&nbsp;&nbsp;<\/a><\/td><td>Reumatologia Imunologia<\/td><\/tr><tr><td><a href=\"http:\/\/lattes.cnpq.br\/3553455544543861\">Carlos Alberto Cid\n  Ferreira&nbsp;&nbsp;<\/a><\/td><td>Madeira-Engenharia\u00a0<\/td><\/tr><tr><td><a href=\"http:\/\/lattes.cnpq.br\/0542812135620661\">Carlos Henrique\n  Franciscon&nbsp;&nbsp;<\/a><\/td><td>Taxonomia<\/td><\/tr><tr><td><a href=\"http:\/\/lattes.cnpq.br\/6665309369876879\">Caroline Sayuri Fukushima<\/a><\/td><td>Bot\u00e2nica<\/td><\/tr><tr><td><a href=\"http:\/\/lattes.cnpq.br\/2807057168450733\">Daniele Cristina Costa\n  Sabino&nbsp;<\/a><\/td><td>Fisiologia de   Plantas Cultivadas<\/td><\/tr><tr><td><a href=\"http:\/\/lattes.cnpq.br\/2119325582090333\">Diva Denelle Spadacci\n  Morena&nbsp;<\/a><\/td><td>Histologia e Biologia   Celular<\/td><\/tr><tr><td><a href=\"http:\/\/lattes.cnpq.br\/5780309549588357\">Edson Junior do Carmo<\/a><\/td><td>Biotecnologia<\/td><\/tr><tr><td><a href=\"http:\/\/lattes.cnpq.br\/0923717928192848\">Eduardo Ossamu Nagao&nbsp;&nbsp;<\/a><\/td><td>Cultura de Tecidos   Vegetais<\/td><\/tr><tr><td><a href=\"http:\/\/lattes.cnpq.br\/4494244221645524\">Eduardo P\u00e9rico&nbsp;<\/a><\/td><td>Ecologia<\/td><\/tr><tr><td><a href=\"http:\/\/lattes.cnpq.br\/2158687538722378\">Elaine Biondo<\/a><\/td><td>Bot\u00e2nica<\/td><\/tr><tr><td><a href=\"http:\/\/lattes.cnpq.br\/4742387914768064\">Ely Simone Cajueiro\n  Gurgel&nbsp;&nbsp;<\/a><\/td><td>Bot\u00e2nica<\/td><\/tr><tr><td><a href=\"http:\/\/lattes.cnpq.br\/8284713843207654\">Enayde de Almeida Melo<\/a><\/td><td>Micologia<\/td><\/tr><tr><td><a href=\"http:\/\/lattes.cnpq.br\/0012755761443034\">Erika von Sohsten de S.   Medeiros\u00a0\u00a0<\/a><\/td><td>Taxonomia Vegetal<\/td><\/tr><tr><td><a href=\"http:\/\/lattes.cnpq.br\/0012755761443034\">Erika von Sohsten Medeiros&nbsp;<\/a><\/td><td>Bot\u00e2nica<\/td><\/tr><tr><td><a href=\"http:\/\/lattes.cnpq.br\/6879243631844023\">Fernando Marques Quintela<\/a><\/td><td>Zoologia, ecologia<\/td><\/tr><tr><td><a href=\"http:\/\/lattes.cnpq.br\/2318093882050386\">Francimeire Gomes\n  Pinheiro&nbsp;&nbsp;<\/a><\/td><td>&nbsp;Parasitologia<\/td><\/tr><tr><td><a href=\"http:\/\/lattes.cnpq.br\/4021368154706171\">Geane Antiques Lourenco<\/a><\/td><td>toxinologia<\/td><\/tr><tr><td><a href=\"http:\/\/lattes.cnpq.br\/9429540362065193\">Ginarajada\u00e7a Ferreira dos\n  Santos Oliveira<\/a><\/td><td>Micologia<\/td><\/tr><tr><td><a href=\"http:\/\/lattes.cnpq.br\/6991896413946920\">Grazyelle Sebrenski da Silva<\/a><\/td><td>Gen\u00e9tica&nbsp;<\/td><\/tr><tr><td><a href=\"http:\/\/lattes.cnpq.br\/8251208881618781\">Guilherme Augusto Alves Tombesi<\/a><\/td><td>Zoologia, ecologia<\/td><\/tr><tr><td><a href=\"http:\/\/lattes.cnpq.br\/2125273031986342\">Helen Audrey Pichler<\/a><\/td><td>Ecologia<\/td><\/tr><tr><td><a href=\"http:\/\/lattes.cnpq.br\/2161188256134787\">Ilia Gilmara Carvalho dos\n  Santos<\/a><\/td><td>Virologia e Microbiologia<\/td><\/tr><tr><td>Jo\u00e3o\n  \u00c2nderson Fulan&nbsp;<\/td><td>Limnologia<\/td><\/tr><tr><td><a href=\"http:\/\/lattes.cnpq.br\/3958124498479090\">Joao Martins Pizauro Junior<\/a><\/td><td>Enzimologia<\/td><\/tr><tr><td><a href=\"http:\/\/lattes.cnpq.br\/7804981785557071\">Jo\u00e3o Vicente Braga de\n  Souza&nbsp;&nbsp;<\/a><\/td><td>Fungos<\/td><\/tr><tr><td><a href=\"http:\/\/lattes.cnpq.br\/929685410270092\">Jos\u00e9 Fernando Marques\n  Barcellos&nbsp;&nbsp;<\/a><\/td><td>Histopatologia<\/td><\/tr><tr><td><a href=\"http:\/\/lattes.cnpq.br\/3897653277960554\">Julio Cezar de Souza<\/a><\/td><td>Bot\u00e2nica<\/td><\/tr><tr><td><a href=\"http:\/\/lattes.cnpq.br\/3897653277960554\">Julio Cezar de Souza<\/a><\/td><td>Biotecnologia<\/td><\/tr><tr><td><a href=\"http:\/\/lattes.cnpq.br\/478495943167341\">Luis Andr\u00e9 Morais\n  Mariuba&nbsp;&nbsp;<\/a><\/td><td>Biologia Molecular<\/td><\/tr><tr><td><a href=\"http:\/\/lattes.cnpq.br\/8512645347152126\">M\u00e1gno S\u00e1vio Ferreira\n  Valente&nbsp;&nbsp;<\/a><\/td><td>Melhoramento   Vegetal<\/td><\/tr><tr><td><a href=\"http:\/\/lattes.cnpq.br\/6820319111894773\">Manoel Tavares de\n  Paula&nbsp;&nbsp;<\/a><\/td><td>Biologia vegetal tropical<\/td><\/tr><tr><td><a href=\"http:\/\/lattes.cnpq.br\/3661952638867868\">Marcelo Menin&nbsp;<\/a><\/td><td>Ecologia de peixes<\/td><\/tr><tr><td><a href=\"http:\/\/lattes.cnpq.br\/7750183114197105\">Maria Anete&nbsp;Leite\n  Rubim&nbsp;&nbsp;<\/a><\/td><td>Limnologia<\/td><\/tr><tr><td><a href=\"http:\/\/lattes.cnpq.br\/0630482685396329\">Maria Carolina Scheffer de\n  Souza&nbsp;&nbsp;<\/a><\/td><td>Bioprospec\u00e7\u00e3o produtos naturais<\/td><\/tr><tr><td><a href=\"http:\/\/lattes.cnpq.br\/4224974993309579\">Maria Christina Sanches\n  Muratori&nbsp;&nbsp;<\/a><\/td><td>Microbiologia de Alimentos<\/td><\/tr><tr><td><a href=\"http:\/\/lattes.cnpq.br\/9290942168610438\">Maria Francisca Simas\n  Teixeira&nbsp;&nbsp;<\/a><\/td><td>Micologia Industrial e   M\u00e9dica<\/td><\/tr><tr><td><a href=\"http:\/\/lattes.cnpq.br\/9865679515256411\">Maria Linda Flora de N.   Benetton\u00a0\u00a0<\/a><\/td><td>Parasitologia<\/td><\/tr><tr><td><a href=\"http:\/\/lattes.cnpq.br\/8400882066099257\">Marina Schmidt Dalzochio<\/a><\/td><td>Zoologia, ecologia<\/td><\/tr><tr><td><a href=\"http:\/\/lattes.cnpq.br\/5796204235025868\">Natasha Verdasca\n  Meliciano&nbsp;&nbsp;<\/a><\/td><td>Gen\u00e9tica e Evolu\u00e7\u00e3o<\/td><\/tr><tr><td><a href=\"http:\/\/lattes.cnpq.br\/7105928729564845\">Neide Kazue Sakugawa Shinohara<\/a><\/td><td>Micologia<\/td><\/tr><tr><td><a href=\"http:\/\/lattes.cnpq.br\/1248802831056097\">N\u00e9lly Mara Vinhote Marinho<\/a><\/td><td>Biologia Geral<\/td><\/tr><tr><td><a href=\"http:\/\/lattes.cnpq.br\/3817671020297195\">N\u00edsia Karine C.   Arag\u00e3o-Tavares\u00a0\u00a0<\/a><\/td><td>Fitoplancton<\/td><\/tr><tr><td><a href=\"http:\/\/lattes.cnpq.br\/6470486935659372\">Ormezinda Celeste C.   Fernandes\u00a0\u00a0<\/a><\/td><td>Ci\u00eancias Biol\u00f3gicas<\/td><\/tr><tr><td><a href=\"http:\/\/lattes.cnpq.br\/0929871269889509\">Oscar Tadeu Ferreira da\n  Costa&nbsp;&nbsp;<\/a><\/td><td>Morfologia Quantitativa<\/td><\/tr><tr><td><a href=\"http:\/\/lattes.cnpq.br\/1887686774621627\">Patr\u00edcia Puccinelli O.   Nogueira\u00a0\u00a0<\/a><\/td><td>at\u00f3geno-Hospedeiro<\/td><\/tr><tr><td><a href=\"http:\/\/lattes.cnpq.br\/5450087410078221\">Paulo S\u00e9rgio Bernarde&nbsp;<\/a><\/td><td>Serpente<\/td><\/tr><tr><td><a href=\"http:\/\/lattes.cnpq.br\/5191829929129915\">Raquel Borges Moroni&nbsp;&nbsp;<\/a><\/td><td>Gen\u00e9tica de Anofelinos<\/td><\/tr><tr><td><a href=\"http:\/\/lattes.cnpq.br\/8997773302504417\">Rog\u00e9rio Antonio Krupek<\/a><\/td><td>Bot\u00e2nica<\/td><\/tr><tr><td><a href=\"http:\/\/lattes.cnpq.br\/1015426476877097\">Rogerio Bertani<\/a><\/td><td>Bot\u00e2nica<\/td><\/tr><tr><td><a href=\"http:\/\/lattes.cnpq.br\/339102853628894\">Sidineia Aparecida\n  Amadio&nbsp;&nbsp;<\/a><\/td><td>&nbsp;Ecologia de peixes<\/td><\/tr><tr><td><a href=\"http:\/\/lattes.cnpq.br\/2557613056024752\">Silvana Cristina\n  Pando&nbsp;&nbsp;<\/a><\/td><td>Qu\u00edmica de prote\u00ednas.<\/td><\/tr><tr><td><a href=\"http:\/\/lattes.cnpq.br\/1052122095067260\">Simone Schneider Weber<\/a><\/td><td>&nbsp;Imunohematologia.<\/td><\/tr><tr><td><a href=\"http:\/\/lattes.cnpq.br\/2699190136695057\">Spartaco Astolfi Filho<\/a><\/td><td>Gen\u00e9tica&nbsp;<\/td><\/tr><tr><td><a href=\"http:\/\/lattes.cnpq.br\/7870482573275809\">Suanni Lemos de\n  Andrade&nbsp;&nbsp;<\/a><\/td><td>Micologia<\/td><\/tr><tr><td><a href=\"http:\/\/lattes.cnpq.br\/2441265842529172\">Suzana Maria\n  Ketelhut&nbsp;&nbsp;<\/a><\/td><td>Formicidae<\/td><\/tr><tr><td><a href=\"http:\/\/lattes.cnpq.br\/4256319041323029\">Tatiana Schor&nbsp;&nbsp;<\/a><\/td><td>Sustentabilidade<\/td><\/tr><tr><td><a href=\"http:\/\/lattes.cnpq.br\/8029060415742712\">Tatiana Souza Porto<\/a><\/td><td>Micologia<\/td><\/tr><tr><td><a href=\"http:\/\/lattes.cnpq.br\/4708482253451298\">Val\u00e9ria Mour\u00e3o de\n  Moura&nbsp;&nbsp;<\/a><\/td><td>Bioprospec\u00e7\u00e3o Produtos Naturais<\/td><\/tr><tr><td><a href=\"http:\/\/lattes.cnpq.br\/9044103036261814\">Vera L\u00facia Viana do\n  Nascimento&nbsp;<\/a><\/td><td>Biotecnologia<\/td><\/tr><tr><td><a href=\"http:\/\/lattes.cnpq.br\/3651204977668983\">Waldesse Pirag\u00e9 de Oliveira\n  Junior&nbsp;&nbsp;<\/a><\/td><td>Ecologia de Leveduras<\/td><\/tr><tr><td><a href=\"http:\/\/lattes.cnpq.br\/8755090875733287\">Wallice Luiz Paxiuba\n  Duncan&nbsp;&nbsp;<\/a><\/td><td>Ecofisiologia <\/td><\/tr><tr><td><a href=\"http:\/\/lattes.cnpq.br\/6806722604010480\">Wanderli Pedro Tadei&nbsp;&nbsp;<\/a><\/td><td>&nbsp;Entomologia M\u00e9dica<\/td><\/tr><tr><td><a href=\"http:\/\/lattes.cnpq.br\/9695011413985414\">Welber Senteio Smith&nbsp;&nbsp;<\/a><\/td><td>Ecologia <\/td><\/tr><tr><td><a href=\"http:\/\/lattes.cnpq.br\/0546454617072726\">Y\u00eada Maria Boaventura Corr\u00eaa\n  Arruda&nbsp;&nbsp;<\/a><\/td><td>Tecnologia de Sementes<\/td><\/tr><\/tbody><\/table>\n","protected":false},"excerpt":{"rendered":"<p>Adriana Dantas Gonzaga de Freitas&nbsp; Controle de pragas Afonso Pelli&nbsp;&nbsp; Ecologia Akemi Shibuya&nbsp;&nbsp; Zoologia e Ecologia Alexandre Kemenes&nbsp;&nbsp; CPAMIN-\u00a0Ecologia aqu\u00e1tica Alexandro Cezar Florentino&nbsp; Ecologia de peixes Ana Karla de Souza Abud Micologia Andr\u00e9 Pereira Cattani&nbsp; [&hellip;]<\/p>\n","protected":false},"author":1,"featured_media":0,"parent":16,"menu_order":0,"comment_status":"closed","ping_status":"closed","template":"","meta":{"_links_to":"","_links_to_target":""},"yoast_head":"<!-- This site is optimized with the Yoast SEO plugin v20.2.1 - https:\/\/yoast.com\/wordpress\/plugins\/seo\/ -->\n<title>Biologia - Scientia Amazonia<\/title>\n<meta name=\"robots\" content=\"index, follow, max-snippet:-1, max-image-preview:large, max-video-preview:-1\" \/>\n<link rel=\"canonical\" href=\"https:\/\/scientia-amazonia.org\/index.php\/revisores\/biologia\/\" \/>\n<meta property=\"og:locale\" content=\"en_US\" \/>\n<meta property=\"og:type\" content=\"article\" \/>\n<meta property=\"og:title\" content=\"Biologia - Scientia Amazonia\" \/>\n<meta property=\"og:description\" content=\"Adriana Dantas Gonzaga de Freitas&nbsp; Controle de pragas Afonso Pelli&nbsp;&nbsp; Ecologia Akemi Shibuya&nbsp;&nbsp; Zoologia e Ecologia Alexandre Kemenes&nbsp;&nbsp; CPAMIN-\u00a0Ecologia aqu\u00e1tica Alexandro Cezar Florentino&nbsp; Ecologia de peixes Ana Karla de Souza Abud Micologia Andr\u00e9 Pereira Cattani&nbsp; [&hellip;]\" \/>\n<meta property=\"og:url\" content=\"https:\/\/scientia-amazonia.org\/index.php\/revisores\/biologia\/\" \/>\n<meta property=\"og:site_name\" content=\"Scientia Amazonia\" \/>\n<meta property=\"article:modified_time\" content=\"2019-02-22T12:17:13+00:00\" \/>\n<meta name=\"twitter:card\" content=\"summary_large_image\" \/>\n<meta name=\"twitter:label1\" content=\"Est. reading time\" \/>\n\t<meta name=\"twitter:data1\" content=\"2 minutes\" \/>\n<script type=\"application\/ld+json\" class=\"yoast-schema-graph\">{\"@context\":\"https:\/\/schema.org\",\"@graph\":[{\"@type\":\"WebPage\",\"@id\":\"https:\/\/scientia-amazonia.org\/index.php\/revisores\/biologia\/\",\"url\":\"https:\/\/scientia-amazonia.org\/index.php\/revisores\/biologia\/\",\"name\":\"Biologia - Scientia Amazonia\",\"isPartOf\":{\"@id\":\"https:\/\/scientia-amazonia.org\/#website\"},\"datePublished\":\"2019-02-20T14:44:57+00:00\",\"dateModified\":\"2019-02-22T12:17:13+00:00\",\"breadcrumb\":{\"@id\":\"https:\/\/scientia-amazonia.org\/index.php\/revisores\/biologia\/#breadcrumb\"},\"inLanguage\":\"en-US\",\"potentialAction\":[{\"@type\":\"ReadAction\",\"target\":[\"https:\/\/scientia-amazonia.org\/index.php\/revisores\/biologia\/\"]}]},{\"@type\":\"BreadcrumbList\",\"@id\":\"https:\/\/scientia-amazonia.org\/index.php\/revisores\/biologia\/#breadcrumb\",\"itemListElement\":[{\"@type\":\"ListItem\",\"position\":1,\"name\":\"Home\",\"item\":\"https:\/\/scientia-amazonia.org\/\"},{\"@type\":\"ListItem\",\"position\":2,\"name\":\"Revisores\",\"item\":\"https:\/\/scientia-amazonia.org\/index.php\/revisores\/\"},{\"@type\":\"ListItem\",\"position\":3,\"name\":\"Biologia\"}]},{\"@type\":\"WebSite\",\"@id\":\"https:\/\/scientia-amazonia.org\/#website\",\"url\":\"https:\/\/scientia-amazonia.org\/\",\"name\":\"Scientia Amazonia\",\"description\":\"Revista eletr\u00f4nica\",\"publisher\":{\"@id\":\"https:\/\/scientia-amazonia.org\/#organization\"},\"potentialAction\":[{\"@type\":\"SearchAction\",\"target\":{\"@type\":\"EntryPoint\",\"urlTemplate\":\"https:\/\/scientia-amazonia.org\/?s={search_term_string}\"},\"query-input\":\"required name=search_term_string\"}],\"inLanguage\":\"en-US\"},{\"@type\":\"Organization\",\"@id\":\"https:\/\/scientia-amazonia.org\/#organization\",\"name\":\"Scientia Amazonia\",\"url\":\"https:\/\/scientia-amazonia.org\/\",\"logo\":{\"@type\":\"ImageObject\",\"inLanguage\":\"en-US\",\"@id\":\"https:\/\/scientia-amazonia.org\/#\/schema\/logo\/image\/\",\"url\":\"https:\/\/scientia-amazonia.org\/wp-content\/uploads\/2021\/03\/logoScientia2.png\",\"contentUrl\":\"https:\/\/scientia-amazonia.org\/wp-content\/uploads\/2021\/03\/logoScientia2.png\",\"width\":934,\"height\":100,\"caption\":\"Scientia Amazonia\"},\"image\":{\"@id\":\"https:\/\/scientia-amazonia.org\/#\/schema\/logo\/image\/\"}}]}<\/script>\n<!-- \/ Yoast SEO plugin. -->","yoast_head_json":{"title":"Biologia - Scientia Amazonia","robots":{"index":"index","follow":"follow","max-snippet":"max-snippet:-1","max-image-preview":"max-image-preview:large","max-video-preview":"max-video-preview:-1"},"canonical":"https:\/\/scientia-amazonia.org\/index.php\/revisores\/biologia\/","og_locale":"en_US","og_type":"article","og_title":"Biologia - Scientia Amazonia","og_description":"Adriana Dantas Gonzaga de Freitas&nbsp; Controle de pragas Afonso Pelli&nbsp;&nbsp; Ecologia Akemi Shibuya&nbsp;&nbsp; Zoologia e Ecologia Alexandre Kemenes&nbsp;&nbsp; CPAMIN-\u00a0Ecologia aqu\u00e1tica Alexandro Cezar Florentino&nbsp; Ecologia de peixes Ana Karla de Souza Abud Micologia Andr\u00e9 Pereira Cattani&nbsp; [&hellip;]","og_url":"https:\/\/scientia-amazonia.org\/index.php\/revisores\/biologia\/","og_site_name":"Scientia Amazonia","article_modified_time":"2019-02-22T12:17:13+00:00","twitter_card":"summary_large_image","twitter_misc":{"Est. reading time":"2 minutes"},"schema":{"@context":"https:\/\/schema.org","@graph":[{"@type":"WebPage","@id":"https:\/\/scientia-amazonia.org\/index.php\/revisores\/biologia\/","url":"https:\/\/scientia-amazonia.org\/index.php\/revisores\/biologia\/","name":"Biologia - Scientia Amazonia","isPartOf":{"@id":"https:\/\/scientia-amazonia.org\/#website"},"datePublished":"2019-02-20T14:44:57+00:00","dateModified":"2019-02-22T12:17:13+00:00","breadcrumb":{"@id":"https:\/\/scientia-amazonia.org\/index.php\/revisores\/biologia\/#breadcrumb"},"inLanguage":"en-US","potentialAction":[{"@type":"ReadAction","target":["https:\/\/scientia-amazonia.org\/index.php\/revisores\/biologia\/"]}]},{"@type":"BreadcrumbList","@id":"https:\/\/scientia-amazonia.org\/index.php\/revisores\/biologia\/#breadcrumb","itemListElement":[{"@type":"ListItem","position":1,"name":"Home","item":"https:\/\/scientia-amazonia.org\/"},{"@type":"ListItem","position":2,"name":"Revisores","item":"https:\/\/scientia-amazonia.org\/index.php\/revisores\/"},{"@type":"ListItem","position":3,"name":"Biologia"}]},{"@type":"WebSite","@id":"https:\/\/scientia-amazonia.org\/#website","url":"https:\/\/scientia-amazonia.org\/","name":"Scientia Amazonia","description":"Revista eletr\u00f4nica","publisher":{"@id":"https:\/\/scientia-amazonia.org\/#organization"},"potentialAction":[{"@type":"SearchAction","target":{"@type":"EntryPoint","urlTemplate":"https:\/\/scientia-amazonia.org\/?s={search_term_string}"},"query-input":"required name=search_term_string"}],"inLanguage":"en-US"},{"@type":"Organization","@id":"https:\/\/scientia-amazonia.org\/#organization","name":"Scientia Amazonia","url":"https:\/\/scientia-amazonia.org\/","logo":{"@type":"ImageObject","inLanguage":"en-US","@id":"https:\/\/scientia-amazonia.org\/#\/schema\/logo\/image\/","url":"https:\/\/scientia-amazonia.org\/wp-content\/uploads\/2021\/03\/logoScientia2.png","contentUrl":"https:\/\/scientia-amazonia.org\/wp-content\/uploads\/2021\/03\/logoScientia2.png","width":934,"height":100,"caption":"Scientia Amazonia"},"image":{"@id":"https:\/\/scientia-amazonia.org\/#\/schema\/logo\/image\/"}}]}},"_links":{"self":[{"href":"https:\/\/scientia-amazonia.org\/index.php\/wp-json\/wp\/v2\/pages\/1019"}],"collection":[{"href":"https:\/\/scientia-amazonia.org\/index.php\/wp-json\/wp\/v2\/pages"}],"about":[{"href":"https:\/\/scientia-amazonia.org\/index.php\/wp-json\/wp\/v2\/types\/page"}],"author":[{"embeddable":true,"href":"https:\/\/scientia-amazonia.org\/index.php\/wp-json\/wp\/v2\/users\/1"}],"replies":[{"embeddable":true,"href":"https:\/\/scientia-amazonia.org\/index.php\/wp-json\/wp\/v2\/comments?post=1019"}],"version-history":[{"count":5,"href":"https:\/\/scientia-amazonia.org\/index.php\/wp-json\/wp\/v2\/pages\/1019\/revisions"}],"predecessor-version":[{"id":1037,"href":"https:\/\/scientia-amazonia.org\/index.php\/wp-json\/wp\/v2\/pages\/1019\/revisions\/1037"}],"up":[{"embeddable":true,"href":"https:\/\/scientia-amazonia.org\/index.php\/wp-json\/wp\/v2\/pages\/16"}],"wp:attachment":[{"href":"https:\/\/scientia-amazonia.org\/index.php\/wp-json\/wp\/v2\/media?parent=1019"}],"curies":[{"name":"wp","href":"https:\/\/api.w.org\/{rel}","templated":true}]}}