{"id":1022,"date":"2019-02-20T14:51:53","date_gmt":"2019-02-20T14:51:53","guid":{"rendered":"https:\/\/scientia-amazonia.org\/?page_id=1022"},"modified":"2019-02-20T14:51:54","modified_gmt":"2019-02-20T14:51:54","slug":"engenharia","status":"publish","type":"page","link":"https:\/\/scientia-amazonia.org\/index.php\/revisores\/engenharia\/","title":{"rendered":"Engenharia"},"content":{"rendered":"\n<table class=\"wp-block-table\"><tbody><tr><td><a href=\"http:\/\/lattes.cnpq.br\/7422619497786327\">Ana Em\u00edlia Diniz Silva Guedes<\/a><\/td><td>Engenharia mec\u00e2nica<\/td><td>UFRN<\/td><\/tr><tr><td><a href=\"http:\/\/lattes.cnpq.br\/2276542034087411\">Antonio Claudio Kieling<\/a><\/td><td>Engenharia mec\u00e2nica\/material<\/td><td>UEA<\/td><\/tr><tr><td><a href=\"http:\/\/lattes.cnpq.br\/8269546823033896\">Celso Barbosa Carvalho<\/a><\/td><td>Engenharia el\u00e9trica<\/td><td>UFAM<\/td><\/tr><tr><td><a href=\"http:\/\/lattes.cnpq.br\/7416627736077371\">Clayton Jos\u00e9 Gomes Silva<\/a><\/td><td>Engenharia civil<\/td><td>UFPE<\/td><\/tr><tr><td><a href=\"http:\/\/lattes.cnpq.br\/4200047916528088\">Consuelo Alves da Frota&nbsp;<\/a><\/td><td>Engenharia civil<\/td><td>UFAM<\/td><\/tr><tr><td><a href=\"http:\/\/lattes.cnpq.br\/8593598943920093\">Felipe Eug\u00eanio Kich\n  Gontijo&nbsp;&nbsp;<\/a><\/td><td>Engenharia de Produ\u00e7\u00e3o<\/td><td>UDESC<\/td><\/tr><tr><td><a href=\"http:\/\/lattes.cnpq.br\/3189069617286709\">Guilherme Lu\u00eds Roehe\n  Vaccaro&nbsp;&nbsp;<\/a><\/td><td>Engenharia de Produ\u00e7\u00e3o<\/td><td>Unisinos<\/td><\/tr><tr><td><a href=\"http:\/\/lattes.cnpq.br\/3755408724108417\">Joao Bosco Ladislau de Andrade<\/a><\/td><td>Engenharia sanit\u00e1ria<\/td><td>UFAM<\/td><\/tr><tr><td><a href=\"http:\/\/lattes.cnpq.br\/0133105682802236\">Mateus Zanirate de Miranda<\/a><\/td><td>Engenharia civil<\/td><td>UNIV\u00c9RTIX<\/td><\/tr><tr><td><a href=\"http:\/\/lattes.cnpq.br\/0203545749226007\">Miguel Afonso Sellitto&nbsp;<\/a><\/td><td>Engenharia Eletr\u00f4nica<\/td><td>UNISINOS&nbsp;<\/td><\/tr><tr><td><a href=\"http:\/\/lattes.cnpq.br\/5693681670847561\">Nelson Kuwahara&nbsp;&nbsp;<\/a><\/td><td>Engenharia Mec\u00e2nica<\/td><td>UFAM<\/td><\/tr><tr><td><a href=\"http:\/\/lattes.cnpq.br\/0210880066549768\">Pedro Felix Liotto<\/a><\/td><td>Engenharia civil<\/td><td>UFAM<\/td><\/tr><tr><td><a href=\"http:\/\/lattes.cnpq.br\/4592922524470036\">Raimundo Pereira de\n  Vasconcelos&nbsp;<\/a><\/td><td>Engenharia civil<\/td><td>UFAM<\/td><\/tr><tr><td><a href=\"http:\/\/lattes.cnpq.br\/1625840072146271\">Viviane Siqueira Magalh\u00e3es\n  Rebelo<\/a><\/td><td>Engenharia civil<\/td><td>UFAM<\/td><\/tr><\/tbody><\/table>\n","protected":false},"excerpt":{"rendered":"<p>Ana Em\u00edlia Diniz Silva Guedes Engenharia mec\u00e2nica UFRN Antonio Claudio Kieling Engenharia mec\u00e2nica\/material UEA Celso Barbosa Carvalho Engenharia el\u00e9trica UFAM Clayton Jos\u00e9 Gomes Silva Engenharia civil UFPE Consuelo Alves da Frota&nbsp; Engenharia civil UFAM Felipe [&hellip;]<\/p>\n","protected":false},"author":1,"featured_media":0,"parent":16,"menu_order":0,"comment_status":"closed","ping_status":"closed","template":"","meta":{"_links_to":"","_links_to_target":""},"yoast_head":"<!-- This site is optimized with the Yoast SEO plugin v20.2.1 - https:\/\/yoast.com\/wordpress\/plugins\/seo\/ -->\n<title>Engenharia - Scientia Amazonia<\/title>\n<meta name=\"robots\" content=\"index, follow, max-snippet:-1, max-image-preview:large, max-video-preview:-1\" \/>\n<link rel=\"canonical\" href=\"https:\/\/scientia-amazonia.org\/index.php\/revisores\/engenharia\/\" \/>\n<meta property=\"og:locale\" content=\"en_US\" \/>\n<meta property=\"og:type\" content=\"article\" \/>\n<meta property=\"og:title\" content=\"Engenharia - Scientia Amazonia\" \/>\n<meta property=\"og:description\" content=\"Ana Em\u00edlia Diniz Silva Guedes Engenharia mec\u00e2nica UFRN Antonio Claudio Kieling Engenharia mec\u00e2nica\/material UEA Celso Barbosa Carvalho Engenharia el\u00e9trica UFAM Clayton Jos\u00e9 Gomes Silva Engenharia civil UFPE Consuelo Alves da Frota&nbsp; Engenharia civil UFAM Felipe [&hellip;]\" \/>\n<meta property=\"og:url\" content=\"https:\/\/scientia-amazonia.org\/index.php\/revisores\/engenharia\/\" \/>\n<meta property=\"og:site_name\" content=\"Scientia Amazonia\" \/>\n<meta property=\"article:modified_time\" content=\"2019-02-20T14:51:54+00:00\" \/>\n<meta name=\"twitter:card\" content=\"summary_large_image\" \/>\n<script type=\"application\/ld+json\" class=\"yoast-schema-graph\">{\"@context\":\"https:\/\/schema.org\",\"@graph\":[{\"@type\":\"WebPage\",\"@id\":\"https:\/\/scientia-amazonia.org\/index.php\/revisores\/engenharia\/\",\"url\":\"https:\/\/scientia-amazonia.org\/index.php\/revisores\/engenharia\/\",\"name\":\"Engenharia - Scientia Amazonia\",\"isPartOf\":{\"@id\":\"https:\/\/scientia-amazonia.org\/#website\"},\"datePublished\":\"2019-02-20T14:51:53+00:00\",\"dateModified\":\"2019-02-20T14:51:54+00:00\",\"breadcrumb\":{\"@id\":\"https:\/\/scientia-amazonia.org\/index.php\/revisores\/engenharia\/#breadcrumb\"},\"inLanguage\":\"en-US\",\"potentialAction\":[{\"@type\":\"ReadAction\",\"target\":[\"https:\/\/scientia-amazonia.org\/index.php\/revisores\/engenharia\/\"]}]},{\"@type\":\"BreadcrumbList\",\"@id\":\"https:\/\/scientia-amazonia.org\/index.php\/revisores\/engenharia\/#breadcrumb\",\"itemListElement\":[{\"@type\":\"ListItem\",\"position\":1,\"name\":\"Home\",\"item\":\"https:\/\/scientia-amazonia.org\/\"},{\"@type\":\"ListItem\",\"position\":2,\"name\":\"Revisores\",\"item\":\"https:\/\/scientia-amazonia.org\/index.php\/revisores\/\"},{\"@type\":\"ListItem\",\"position\":3,\"name\":\"Engenharia\"}]},{\"@type\":\"WebSite\",\"@id\":\"https:\/\/scientia-amazonia.org\/#website\",\"url\":\"https:\/\/scientia-amazonia.org\/\",\"name\":\"Scientia Amazonia\",\"description\":\"Revista eletr\u00f4nica\",\"publisher\":{\"@id\":\"https:\/\/scientia-amazonia.org\/#organization\"},\"potentialAction\":[{\"@type\":\"SearchAction\",\"target\":{\"@type\":\"EntryPoint\",\"urlTemplate\":\"https:\/\/scientia-amazonia.org\/?s={search_term_string}\"},\"query-input\":\"required name=search_term_string\"}],\"inLanguage\":\"en-US\"},{\"@type\":\"Organization\",\"@id\":\"https:\/\/scientia-amazonia.org\/#organization\",\"name\":\"Scientia Amazonia\",\"url\":\"https:\/\/scientia-amazonia.org\/\",\"logo\":{\"@type\":\"ImageObject\",\"inLanguage\":\"en-US\",\"@id\":\"https:\/\/scientia-amazonia.org\/#\/schema\/logo\/image\/\",\"url\":\"https:\/\/scientia-amazonia.org\/wp-content\/uploads\/2021\/03\/logoScientia2.png\",\"contentUrl\":\"https:\/\/scientia-amazonia.org\/wp-content\/uploads\/2021\/03\/logoScientia2.png\",\"width\":934,\"height\":100,\"caption\":\"Scientia Amazonia\"},\"image\":{\"@id\":\"https:\/\/scientia-amazonia.org\/#\/schema\/logo\/image\/\"}}]}<\/script>\n<!-- \/ Yoast SEO plugin. -->","yoast_head_json":{"title":"Engenharia - Scientia Amazonia","robots":{"index":"index","follow":"follow","max-snippet":"max-snippet:-1","max-image-preview":"max-image-preview:large","max-video-preview":"max-video-preview:-1"},"canonical":"https:\/\/scientia-amazonia.org\/index.php\/revisores\/engenharia\/","og_locale":"en_US","og_type":"article","og_title":"Engenharia - Scientia Amazonia","og_description":"Ana Em\u00edlia Diniz Silva Guedes Engenharia mec\u00e2nica UFRN Antonio Claudio Kieling Engenharia mec\u00e2nica\/material UEA Celso Barbosa Carvalho Engenharia el\u00e9trica UFAM Clayton Jos\u00e9 Gomes Silva Engenharia civil UFPE Consuelo Alves da Frota&nbsp; Engenharia civil UFAM Felipe [&hellip;]","og_url":"https:\/\/scientia-amazonia.org\/index.php\/revisores\/engenharia\/","og_site_name":"Scientia Amazonia","article_modified_time":"2019-02-20T14:51:54+00:00","twitter_card":"summary_large_image","schema":{"@context":"https:\/\/schema.org","@graph":[{"@type":"WebPage","@id":"https:\/\/scientia-amazonia.org\/index.php\/revisores\/engenharia\/","url":"https:\/\/scientia-amazonia.org\/index.php\/revisores\/engenharia\/","name":"Engenharia - Scientia Amazonia","isPartOf":{"@id":"https:\/\/scientia-amazonia.org\/#website"},"datePublished":"2019-02-20T14:51:53+00:00","dateModified":"2019-02-20T14:51:54+00:00","breadcrumb":{"@id":"https:\/\/scientia-amazonia.org\/index.php\/revisores\/engenharia\/#breadcrumb"},"inLanguage":"en-US","potentialAction":[{"@type":"ReadAction","target":["https:\/\/scientia-amazonia.org\/index.php\/revisores\/engenharia\/"]}]},{"@type":"BreadcrumbList","@id":"https:\/\/scientia-amazonia.org\/index.php\/revisores\/engenharia\/#breadcrumb","itemListElement":[{"@type":"ListItem","position":1,"name":"Home","item":"https:\/\/scientia-amazonia.org\/"},{"@type":"ListItem","position":2,"name":"Revisores","item":"https:\/\/scientia-amazonia.org\/index.php\/revisores\/"},{"@type":"ListItem","position":3,"name":"Engenharia"}]},{"@type":"WebSite","@id":"https:\/\/scientia-amazonia.org\/#website","url":"https:\/\/scientia-amazonia.org\/","name":"Scientia Amazonia","description":"Revista eletr\u00f4nica","publisher":{"@id":"https:\/\/scientia-amazonia.org\/#organization"},"potentialAction":[{"@type":"SearchAction","target":{"@type":"EntryPoint","urlTemplate":"https:\/\/scientia-amazonia.org\/?s={search_term_string}"},"query-input":"required name=search_term_string"}],"inLanguage":"en-US"},{"@type":"Organization","@id":"https:\/\/scientia-amazonia.org\/#organization","name":"Scientia Amazonia","url":"https:\/\/scientia-amazonia.org\/","logo":{"@type":"ImageObject","inLanguage":"en-US","@id":"https:\/\/scientia-amazonia.org\/#\/schema\/logo\/image\/","url":"https:\/\/scientia-amazonia.org\/wp-content\/uploads\/2021\/03\/logoScientia2.png","contentUrl":"https:\/\/scientia-amazonia.org\/wp-content\/uploads\/2021\/03\/logoScientia2.png","width":934,"height":100,"caption":"Scientia Amazonia"},"image":{"@id":"https:\/\/scientia-amazonia.org\/#\/schema\/logo\/image\/"}}]}},"_links":{"self":[{"href":"https:\/\/scientia-amazonia.org\/index.php\/wp-json\/wp\/v2\/pages\/1022"}],"collection":[{"href":"https:\/\/scientia-amazonia.org\/index.php\/wp-json\/wp\/v2\/pages"}],"about":[{"href":"https:\/\/scientia-amazonia.org\/index.php\/wp-json\/wp\/v2\/types\/page"}],"author":[{"embeddable":true,"href":"https:\/\/scientia-amazonia.org\/index.php\/wp-json\/wp\/v2\/users\/1"}],"replies":[{"embeddable":true,"href":"https:\/\/scientia-amazonia.org\/index.php\/wp-json\/wp\/v2\/comments?post=1022"}],"version-history":[{"count":1,"href":"https:\/\/scientia-amazonia.org\/index.php\/wp-json\/wp\/v2\/pages\/1022\/revisions"}],"predecessor-version":[{"id":1023,"href":"https:\/\/scientia-amazonia.org\/index.php\/wp-json\/wp\/v2\/pages\/1022\/revisions\/1023"}],"up":[{"embeddable":true,"href":"https:\/\/scientia-amazonia.org\/index.php\/wp-json\/wp\/v2\/pages\/16"}],"wp:attachment":[{"href":"https:\/\/scientia-amazonia.org\/index.php\/wp-json\/wp\/v2\/media?parent=1022"}],"curies":[{"name":"wp","href":"https:\/\/api.w.org\/{rel}","templated":true}]}}