{"id":1025,"date":"2019-02-20T14:55:43","date_gmt":"2019-02-20T14:55:43","guid":{"rendered":"https:\/\/scientia-amazonia.org\/?page_id=1025"},"modified":"2019-02-20T14:55:44","modified_gmt":"2019-02-20T14:55:44","slug":"ciencias-da-saude","status":"publish","type":"page","link":"https:\/\/scientia-amazonia.org\/index.php\/revisores\/ciencias-da-saude\/","title":{"rendered":"Ci\u00eancias da sa\u00fade"},"content":{"rendered":"\n<table class=\"wp-block-table\"><tbody><tr><td><a href=\"http:\/\/lattes.cnpq.br\/6647205864843429\">Ana Carolina Scarpel\n  Moncaio&nbsp;<\/a><\/td><td>Enfermagem<\/td><td>UFAM<\/td><\/tr><tr><td><a href=\"http:\/\/lattes.cnpq.br\/8163571025014586\">Ana Cyra dos Santos\n  Lucas&nbsp;&nbsp;<\/a><\/td><td>Farm\u00e1cia toxicologia<\/td><td>UFAM<\/td><\/tr><tr><td><a href=\"http:\/\/lattes.cnpq.br\/9615263183487191\">Ana Maria Almeida&nbsp;<\/a><\/td><td>Enfermagem<\/td><td>EERP\/USP<\/td><\/tr><tr><td><a href=\"http:\/\/lattes.cnpq.br\/4751367779478900\">Arinete Veras Fontes\n  Esteves&nbsp;<\/a><\/td><td>Enfermagem<\/td><td>UFAM<\/td><\/tr><tr><td><a href=\"http:\/\/lattes.cnpq.br\/8929786232927576\">Carla Janaina Rebou\u00e7as Marques\n  do Ros\u00e1rio<\/a><\/td><td>Imunodiagn\u00f3stico<\/td><td>UFMA<\/td><\/tr><tr><td><a href=\"http:\/\/lattes.cnpq.br\/7627207703153150\">Cl\u00e1udio Nogueira do Nascimento<\/a><\/td><td>Farm\u00e1cia<\/td><td>UBS\/MANAUS<\/td><\/tr><tr><td><a href=\"http:\/\/lattes.cnpq.br\/1993288210558001\">Ellen Regina da Costa Paes<\/a><\/td><td>Farm\u00e1cia<\/td><td>UFAM<\/td><\/tr><tr><td><a href=\"http:\/\/lattes.cnpq.br\/9940365711211506\">Emilia da Silva Pons<\/a><\/td><td>Sa\u00fade coletiva<\/td><td>UFRGS<\/td><\/tr><tr><td><a href=\"http:\/\/lattes.cnpq.br\/2161188256134787\">Ilia Gilmara Carvalho dos\n  Santos&nbsp;<\/a><\/td><td>Imunologia<\/td><td>UFAM<\/td><\/tr><tr><td><a href=\"http:\/\/lattes.cnpq.br\/9130747433263550\">Jos\u00e9 Wilson do Nascimento\n  Corr\u00eaa<\/a><\/td><td>Farmacologia<\/td><td>UFAM<\/td><\/tr><tr><td><a href=\"http:\/\/lattes.cnpq.br\/5392808108395010\">Josineide Francisco Sampaio<\/a><\/td><td>Enfermagem<\/td><td>UFAL<\/td><\/tr><tr><td><a href=\"http:\/\/lattes.cnpq.br\/5076400278943852\">Karina Valerim Teixeira Remor<\/a><\/td><td>Toxicologia<\/td><td>UNISUL<\/td><\/tr><tr><td><a href=\"http:\/\/lattes.cnpq.br\/2064710708036189\">Keyla Emanuelle Ramos da\n  Silva&nbsp;<\/a><\/td><td>Tecnologia farmac\u00eautica<\/td><td>UFAM&nbsp;<\/td><\/tr><tr><td><a href=\"http:\/\/lattes.cnpq.br\/2010028972575662\">Luana Kelly Lima Santana&nbsp;<\/a><\/td><td>Farm\u00e1cia<\/td><td>SEMSA<\/td><\/tr><tr><td><a href=\"http:\/\/lattes.cnpq.br\/8336526558775323\">Magda Susana Perassolo<\/a><\/td><td>Toxicologia<\/td><td>FEEVALE<\/td><\/tr><tr><td><a href=\"http:\/\/lattes.cnpq.br\/8739791482418100\">Mara&nbsp;Cl\u00e9ia&nbsp;Trevisan<\/a><\/td><td>Enfermagem<\/td><td>UFTM<\/td><\/tr><tr><td><a href=\"http:\/\/lattes.cnpq.br\/6978014098495031\">Marcia Regina Cangiani Fabbro<\/a><\/td><td>Enfermagem<\/td><td>UFSCAR<\/td><\/tr><tr><td><a href=\"http:\/\/lattes.cnpq.br\/6978014098495031\">M\u00e1rcia Regina Cangiani Fabbro<\/a><\/td><td>Enfermagem<\/td><td>UFSCAR<\/td><\/tr><tr><td><a href=\"http:\/\/lattes.cnpq.br\/2548588402135708\">Maria de Nazar\u00e9 de Souza\n  Ribeiro<\/a><\/td><td>Enfermagem<\/td><td>ABEn\/AM<\/td><\/tr><tr><td><a href=\"http:\/\/lattes.cnpq.br\/1747513921548380\">Maria Jacirema Ferreira\n  Gon\u00e7alves&nbsp;&nbsp;<\/a><\/td><td>Enfermagem e obstetr\u00edcia<\/td><td>ILMD-FIOCRUZ<\/td><\/tr><tr><td><a href=\"http:\/\/lattes.cnpq.br\/0440940857591204\">Noeli das Neves Toledo<\/a><\/td><td>Enfermagem<\/td><td>UFAMG<\/td><\/tr><tr><td><a href=\"http:\/\/lattes.cnpq.br\/5200426988792554\">Rafael Poloni&nbsp;<\/a><\/td><td>Farmacologia<\/td><td>SEMSA<\/td><\/tr><tr><td><a href=\"http:\/\/lattes.cnpq.br\/3196609603462399\">Sandra Greice Becker&nbsp;&nbsp;<\/a><\/td><td>Sa\u00fade mental e psiquiatria<\/td><td>UFAM<\/td><\/tr><tr><td><a href=\"http:\/\/lattes.cnpq.br\/6553900966729412\">Silvana Maria Blascovi de Assis<\/a><\/td><td>Enfermagem<\/td><td>Mackenzie<\/td><\/tr><tr><td><a href=\"http:\/\/lattes.cnpq.br\/7260488247107062\">Simone da Silva&nbsp;&nbsp;<\/a><\/td><td>Fitofarmacos<\/td><td>C,T &amp; I, SECTI\/AM<\/td><\/tr><tr><td><a href=\"http:\/\/lattes.cnpq.br\/6553900966729412\">Simone Roque Mazoni<\/a><\/td><td>Fisioterapia<\/td><td>UNB<\/td><\/tr><tr><td><a href=\"http:\/\/lattes.cnpq.br\/1018878326925132\">Ta\u00eds Freire Galv\u00e3o&nbsp;&nbsp;<\/a><\/td><td>Toxicologia cl\u00ednica<\/td><td>UFAM\/HGV<\/td><\/tr><\/tbody><\/table>\n","protected":false},"excerpt":{"rendered":"<p>Ana Carolina Scarpel Moncaio&nbsp; Enfermagem UFAM Ana Cyra dos Santos Lucas&nbsp;&nbsp; Farm\u00e1cia toxicologia UFAM Ana Maria Almeida&nbsp; Enfermagem EERP\/USP Arinete Veras Fontes Esteves&nbsp; Enfermagem UFAM Carla Janaina Rebou\u00e7as Marques do Ros\u00e1rio Imunodiagn\u00f3stico UFMA Cl\u00e1udio Nogueira [&hellip;]<\/p>\n","protected":false},"author":1,"featured_media":0,"parent":16,"menu_order":0,"comment_status":"closed","ping_status":"closed","template":"","meta":{"_links_to":"","_links_to_target":""},"yoast_head":"<!-- This site is optimized with the Yoast SEO plugin v20.2.1 - https:\/\/yoast.com\/wordpress\/plugins\/seo\/ -->\n<title>Ci\u00eancias da sa\u00fade - Scientia Amazonia<\/title>\n<meta name=\"robots\" content=\"index, follow, max-snippet:-1, max-image-preview:large, max-video-preview:-1\" \/>\n<link rel=\"canonical\" href=\"https:\/\/scientia-amazonia.org\/index.php\/revisores\/ciencias-da-saude\/\" \/>\n<meta property=\"og:locale\" content=\"en_US\" \/>\n<meta property=\"og:type\" content=\"article\" \/>\n<meta property=\"og:title\" content=\"Ci\u00eancias da sa\u00fade - Scientia Amazonia\" \/>\n<meta property=\"og:description\" content=\"Ana Carolina Scarpel Moncaio&nbsp; Enfermagem UFAM Ana Cyra dos Santos Lucas&nbsp;&nbsp; Farm\u00e1cia toxicologia UFAM Ana Maria Almeida&nbsp; Enfermagem EERP\/USP Arinete Veras Fontes Esteves&nbsp; Enfermagem UFAM Carla Janaina Rebou\u00e7as Marques do Ros\u00e1rio Imunodiagn\u00f3stico UFMA Cl\u00e1udio Nogueira [&hellip;]\" \/>\n<meta property=\"og:url\" content=\"https:\/\/scientia-amazonia.org\/index.php\/revisores\/ciencias-da-saude\/\" \/>\n<meta property=\"og:site_name\" content=\"Scientia Amazonia\" \/>\n<meta property=\"article:modified_time\" content=\"2019-02-20T14:55:44+00:00\" \/>\n<meta name=\"twitter:card\" content=\"summary_large_image\" \/>\n<meta name=\"twitter:label1\" content=\"Est. reading time\" \/>\n\t<meta name=\"twitter:data1\" content=\"1 minute\" \/>\n<script type=\"application\/ld+json\" class=\"yoast-schema-graph\">{\"@context\":\"https:\/\/schema.org\",\"@graph\":[{\"@type\":\"WebPage\",\"@id\":\"https:\/\/scientia-amazonia.org\/index.php\/revisores\/ciencias-da-saude\/\",\"url\":\"https:\/\/scientia-amazonia.org\/index.php\/revisores\/ciencias-da-saude\/\",\"name\":\"Ci\u00eancias da sa\u00fade - Scientia Amazonia\",\"isPartOf\":{\"@id\":\"https:\/\/scientia-amazonia.org\/#website\"},\"datePublished\":\"2019-02-20T14:55:43+00:00\",\"dateModified\":\"2019-02-20T14:55:44+00:00\",\"breadcrumb\":{\"@id\":\"https:\/\/scientia-amazonia.org\/index.php\/revisores\/ciencias-da-saude\/#breadcrumb\"},\"inLanguage\":\"en-US\",\"potentialAction\":[{\"@type\":\"ReadAction\",\"target\":[\"https:\/\/scientia-amazonia.org\/index.php\/revisores\/ciencias-da-saude\/\"]}]},{\"@type\":\"BreadcrumbList\",\"@id\":\"https:\/\/scientia-amazonia.org\/index.php\/revisores\/ciencias-da-saude\/#breadcrumb\",\"itemListElement\":[{\"@type\":\"ListItem\",\"position\":1,\"name\":\"Home\",\"item\":\"https:\/\/scientia-amazonia.org\/\"},{\"@type\":\"ListItem\",\"position\":2,\"name\":\"Revisores\",\"item\":\"https:\/\/scientia-amazonia.org\/index.php\/revisores\/\"},{\"@type\":\"ListItem\",\"position\":3,\"name\":\"Ci\u00eancias da sa\u00fade\"}]},{\"@type\":\"WebSite\",\"@id\":\"https:\/\/scientia-amazonia.org\/#website\",\"url\":\"https:\/\/scientia-amazonia.org\/\",\"name\":\"Scientia Amazonia\",\"description\":\"Revista eletr\u00f4nica\",\"publisher\":{\"@id\":\"https:\/\/scientia-amazonia.org\/#organization\"},\"potentialAction\":[{\"@type\":\"SearchAction\",\"target\":{\"@type\":\"EntryPoint\",\"urlTemplate\":\"https:\/\/scientia-amazonia.org\/?s={search_term_string}\"},\"query-input\":\"required name=search_term_string\"}],\"inLanguage\":\"en-US\"},{\"@type\":\"Organization\",\"@id\":\"https:\/\/scientia-amazonia.org\/#organization\",\"name\":\"Scientia Amazonia\",\"url\":\"https:\/\/scientia-amazonia.org\/\",\"logo\":{\"@type\":\"ImageObject\",\"inLanguage\":\"en-US\",\"@id\":\"https:\/\/scientia-amazonia.org\/#\/schema\/logo\/image\/\",\"url\":\"https:\/\/scientia-amazonia.org\/wp-content\/uploads\/2021\/03\/logoScientia2.png\",\"contentUrl\":\"https:\/\/scientia-amazonia.org\/wp-content\/uploads\/2021\/03\/logoScientia2.png\",\"width\":934,\"height\":100,\"caption\":\"Scientia Amazonia\"},\"image\":{\"@id\":\"https:\/\/scientia-amazonia.org\/#\/schema\/logo\/image\/\"}}]}<\/script>\n<!-- \/ Yoast SEO plugin. -->","yoast_head_json":{"title":"Ci\u00eancias da sa\u00fade - Scientia Amazonia","robots":{"index":"index","follow":"follow","max-snippet":"max-snippet:-1","max-image-preview":"max-image-preview:large","max-video-preview":"max-video-preview:-1"},"canonical":"https:\/\/scientia-amazonia.org\/index.php\/revisores\/ciencias-da-saude\/","og_locale":"en_US","og_type":"article","og_title":"Ci\u00eancias da sa\u00fade - Scientia Amazonia","og_description":"Ana Carolina Scarpel Moncaio&nbsp; Enfermagem UFAM Ana Cyra dos Santos Lucas&nbsp;&nbsp; Farm\u00e1cia toxicologia UFAM Ana Maria Almeida&nbsp; Enfermagem EERP\/USP Arinete Veras Fontes Esteves&nbsp; Enfermagem UFAM Carla Janaina Rebou\u00e7as Marques do Ros\u00e1rio Imunodiagn\u00f3stico UFMA Cl\u00e1udio Nogueira [&hellip;]","og_url":"https:\/\/scientia-amazonia.org\/index.php\/revisores\/ciencias-da-saude\/","og_site_name":"Scientia Amazonia","article_modified_time":"2019-02-20T14:55:44+00:00","twitter_card":"summary_large_image","twitter_misc":{"Est. reading time":"1 minute"},"schema":{"@context":"https:\/\/schema.org","@graph":[{"@type":"WebPage","@id":"https:\/\/scientia-amazonia.org\/index.php\/revisores\/ciencias-da-saude\/","url":"https:\/\/scientia-amazonia.org\/index.php\/revisores\/ciencias-da-saude\/","name":"Ci\u00eancias da sa\u00fade - Scientia Amazonia","isPartOf":{"@id":"https:\/\/scientia-amazonia.org\/#website"},"datePublished":"2019-02-20T14:55:43+00:00","dateModified":"2019-02-20T14:55:44+00:00","breadcrumb":{"@id":"https:\/\/scientia-amazonia.org\/index.php\/revisores\/ciencias-da-saude\/#breadcrumb"},"inLanguage":"en-US","potentialAction":[{"@type":"ReadAction","target":["https:\/\/scientia-amazonia.org\/index.php\/revisores\/ciencias-da-saude\/"]}]},{"@type":"BreadcrumbList","@id":"https:\/\/scientia-amazonia.org\/index.php\/revisores\/ciencias-da-saude\/#breadcrumb","itemListElement":[{"@type":"ListItem","position":1,"name":"Home","item":"https:\/\/scientia-amazonia.org\/"},{"@type":"ListItem","position":2,"name":"Revisores","item":"https:\/\/scientia-amazonia.org\/index.php\/revisores\/"},{"@type":"ListItem","position":3,"name":"Ci\u00eancias da sa\u00fade"}]},{"@type":"WebSite","@id":"https:\/\/scientia-amazonia.org\/#website","url":"https:\/\/scientia-amazonia.org\/","name":"Scientia Amazonia","description":"Revista eletr\u00f4nica","publisher":{"@id":"https:\/\/scientia-amazonia.org\/#organization"},"potentialAction":[{"@type":"SearchAction","target":{"@type":"EntryPoint","urlTemplate":"https:\/\/scientia-amazonia.org\/?s={search_term_string}"},"query-input":"required name=search_term_string"}],"inLanguage":"en-US"},{"@type":"Organization","@id":"https:\/\/scientia-amazonia.org\/#organization","name":"Scientia Amazonia","url":"https:\/\/scientia-amazonia.org\/","logo":{"@type":"ImageObject","inLanguage":"en-US","@id":"https:\/\/scientia-amazonia.org\/#\/schema\/logo\/image\/","url":"https:\/\/scientia-amazonia.org\/wp-content\/uploads\/2021\/03\/logoScientia2.png","contentUrl":"https:\/\/scientia-amazonia.org\/wp-content\/uploads\/2021\/03\/logoScientia2.png","width":934,"height":100,"caption":"Scientia Amazonia"},"image":{"@id":"https:\/\/scientia-amazonia.org\/#\/schema\/logo\/image\/"}}]}},"_links":{"self":[{"href":"https:\/\/scientia-amazonia.org\/index.php\/wp-json\/wp\/v2\/pages\/1025"}],"collection":[{"href":"https:\/\/scientia-amazonia.org\/index.php\/wp-json\/wp\/v2\/pages"}],"about":[{"href":"https:\/\/scientia-amazonia.org\/index.php\/wp-json\/wp\/v2\/types\/page"}],"author":[{"embeddable":true,"href":"https:\/\/scientia-amazonia.org\/index.php\/wp-json\/wp\/v2\/users\/1"}],"replies":[{"embeddable":true,"href":"https:\/\/scientia-amazonia.org\/index.php\/wp-json\/wp\/v2\/comments?post=1025"}],"version-history":[{"count":1,"href":"https:\/\/scientia-amazonia.org\/index.php\/wp-json\/wp\/v2\/pages\/1025\/revisions"}],"predecessor-version":[{"id":1026,"href":"https:\/\/scientia-amazonia.org\/index.php\/wp-json\/wp\/v2\/pages\/1025\/revisions\/1026"}],"up":[{"embeddable":true,"href":"https:\/\/scientia-amazonia.org\/index.php\/wp-json\/wp\/v2\/pages\/16"}],"wp:attachment":[{"href":"https:\/\/scientia-amazonia.org\/index.php\/wp-json\/wp\/v2\/media?parent=1025"}],"curies":[{"name":"wp","href":"https:\/\/api.w.org\/{rel}","templated":true}]}}