{"id":111,"date":"2016-06-09T18:47:28","date_gmt":"2016-06-09T18:47:28","guid":{"rendered":"https:\/\/scientia-amazonia.org\/?page_id=111"},"modified":"2016-06-09T23:48:37","modified_gmt":"2016-06-09T23:48:37","slug":"2012-2","status":"publish","type":"page","link":"https:\/\/scientia-amazonia.org\/index.php\/2012-volume-1-numero-1\/2012-2\/","title":{"rendered":"N\u00famero 1"},"content":{"rendered":"<p><em><strong>Editorial<\/strong><\/em>:\u00a0<a href=\"https:\/\/scientia-amazonia.org\/wp-content\/uploads\/2016\/06\/Editorial.pdf\">O PROCESSO DE CRIA\u00c7\u00c3O DA\u00a0<em>Scientia Amazonia<\/em><\/a><\/p>\n<p>Dr. Genilson Pereira Santana e Dra. Maria Cristina dos Santos<\/p>\n<p><a href=\"https:\/\/scientia-amazonia.org\/wp-content\/uploads\/2016\/06\/v1-n1-1-8-2012.pdf\">TERRA PRETA DE INDIO NA REGI\u00c3O AMAZ\u00d4NICA<\/a><\/p>\n<p>Erasmo S\u00e9rgio Ferreira Pessoa Junior, Wamber Broni de Souza, Katiuscia dos Santos de Souza, Mauro C\u00e9lio da Silveira Pio e Genilson Pereira Santana<\/p>\n<p><a href=\"https:\/\/scientia-amazonia.org\/wp-content\/uploads\/2016\/06\/v1-n1-9-16-2012.pdf\">ARTRITE REUMATOIDE E IMUNIDADE INATA<\/a><\/p>\n<p>Narjara Boechat; Aya Sadahiro; Ant\u00f4nio Luiz Boechat<\/p>\n<p><a href=\"https:\/\/scientia-amazonia.org\/wp-content\/uploads\/2016\/06\/v1-n1-17-20-2012.pdf\">CONTRIBUI\u00c7\u00c3O DE T\u00c9CNICAS MULTIVARIADAS E GEOSTATISTICAS PARA O ESTUDO DA DISTRIBUI\u00c7\u00c3O ESPACIAL DE METAIS EM \u00c1GUAS SUPERFICIAIS DO P\u00d3LO INDUSTRIAL DE MANAUS<\/a><\/p>\n<p>Paulo Renan Gomes Ferreira, Andrea de Deus Medeiros, Marcondes Silva e Silva e Genilson Pereira Santana<\/p>\n<p><a href=\"https:\/\/scientia-amazonia.org\/wp-content\/uploads\/2016\/06\/v1-n1-21-2-2012.pdf\">ESTUDO DE METAIS PRESENTES NA\u00a0Mauritia Flexuosa L.\u00a0E\u00a0Euterpe Precat\u00f3ria mart.\u00a0DA REGI\u00c3O DO P\u00d3LO INDUSTRIAL DE MANAUS<\/a><\/p>\n<p>Genilson Pereira Santana e Jair Abreu de Jesus<\/p>\n","protected":false},"excerpt":{"rendered":"<p>Editorial:\u00a0O PROCESSO DE CRIA\u00c7\u00c3O DA\u00a0Scientia Amazonia Dr. Genilson Pereira Santana e Dra. Maria Cristina dos Santos TERRA PRETA DE INDIO NA REGI\u00c3O AMAZ\u00d4NICA Erasmo S\u00e9rgio Ferreira Pessoa Junior, Wamber Broni de Souza, Katiuscia dos Santos [&hellip;]<\/p>\n","protected":false},"author":1,"featured_media":0,"parent":106,"menu_order":0,"comment_status":"closed","ping_status":"closed","template":"","meta":{"_links_to":"","_links_to_target":""},"yoast_head":"<!-- This site is optimized with the Yoast SEO plugin v20.2.1 - https:\/\/yoast.com\/wordpress\/plugins\/seo\/ -->\n<title>N\u00famero 1 - Scientia Amazonia<\/title>\n<meta name=\"robots\" content=\"index, follow, max-snippet:-1, max-image-preview:large, max-video-preview:-1\" \/>\n<link rel=\"canonical\" href=\"https:\/\/scientia-amazonia.org\/index.php\/2012-volume-1-numero-1\/2012-2\/\" \/>\n<meta property=\"og:locale\" content=\"en_US\" \/>\n<meta property=\"og:type\" content=\"article\" \/>\n<meta property=\"og:title\" content=\"N\u00famero 1 - Scientia Amazonia\" \/>\n<meta property=\"og:description\" content=\"Editorial:\u00a0O PROCESSO DE CRIA\u00c7\u00c3O DA\u00a0Scientia Amazonia Dr. Genilson Pereira Santana e Dra. Maria Cristina dos Santos TERRA PRETA DE INDIO NA REGI\u00c3O AMAZ\u00d4NICA Erasmo S\u00e9rgio Ferreira Pessoa Junior, Wamber Broni de Souza, Katiuscia dos Santos [&hellip;]\" \/>\n<meta property=\"og:url\" content=\"https:\/\/scientia-amazonia.org\/index.php\/2012-volume-1-numero-1\/2012-2\/\" \/>\n<meta property=\"og:site_name\" content=\"Scientia Amazonia\" \/>\n<meta property=\"article:modified_time\" content=\"2016-06-09T23:48:37+00:00\" \/>\n<meta name=\"twitter:card\" content=\"summary_large_image\" \/>\n<meta name=\"twitter:label1\" content=\"Est. reading time\" \/>\n\t<meta name=\"twitter:data1\" content=\"1 minute\" \/>\n<script type=\"application\/ld+json\" class=\"yoast-schema-graph\">{\"@context\":\"https:\/\/schema.org\",\"@graph\":[{\"@type\":\"WebPage\",\"@id\":\"https:\/\/scientia-amazonia.org\/index.php\/2012-volume-1-numero-1\/2012-2\/\",\"url\":\"https:\/\/scientia-amazonia.org\/index.php\/2012-volume-1-numero-1\/2012-2\/\",\"name\":\"N\u00famero 1 - Scientia Amazonia\",\"isPartOf\":{\"@id\":\"https:\/\/scientia-amazonia.org\/#website\"},\"datePublished\":\"2016-06-09T18:47:28+00:00\",\"dateModified\":\"2016-06-09T23:48:37+00:00\",\"breadcrumb\":{\"@id\":\"https:\/\/scientia-amazonia.org\/index.php\/2012-volume-1-numero-1\/2012-2\/#breadcrumb\"},\"inLanguage\":\"en-US\",\"potentialAction\":[{\"@type\":\"ReadAction\",\"target\":[\"https:\/\/scientia-amazonia.org\/index.php\/2012-volume-1-numero-1\/2012-2\/\"]}]},{\"@type\":\"BreadcrumbList\",\"@id\":\"https:\/\/scientia-amazonia.org\/index.php\/2012-volume-1-numero-1\/2012-2\/#breadcrumb\",\"itemListElement\":[{\"@type\":\"ListItem\",\"position\":1,\"name\":\"Home\",\"item\":\"https:\/\/scientia-amazonia.org\/\"},{\"@type\":\"ListItem\",\"position\":2,\"name\":\"2012\",\"item\":\"https:\/\/scientia-amazonia.org\/index.php\/2012-volume-1-numero-1\/\"},{\"@type\":\"ListItem\",\"position\":3,\"name\":\"N\u00famero 1\"}]},{\"@type\":\"WebSite\",\"@id\":\"https:\/\/scientia-amazonia.org\/#website\",\"url\":\"https:\/\/scientia-amazonia.org\/\",\"name\":\"Scientia Amazonia\",\"description\":\"Revista eletr\u00f4nica\",\"publisher\":{\"@id\":\"https:\/\/scientia-amazonia.org\/#organization\"},\"potentialAction\":[{\"@type\":\"SearchAction\",\"target\":{\"@type\":\"EntryPoint\",\"urlTemplate\":\"https:\/\/scientia-amazonia.org\/?s={search_term_string}\"},\"query-input\":\"required name=search_term_string\"}],\"inLanguage\":\"en-US\"},{\"@type\":\"Organization\",\"@id\":\"https:\/\/scientia-amazonia.org\/#organization\",\"name\":\"Scientia Amazonia\",\"url\":\"https:\/\/scientia-amazonia.org\/\",\"logo\":{\"@type\":\"ImageObject\",\"inLanguage\":\"en-US\",\"@id\":\"https:\/\/scientia-amazonia.org\/#\/schema\/logo\/image\/\",\"url\":\"https:\/\/scientia-amazonia.org\/wp-content\/uploads\/2021\/03\/logoScientia2.png\",\"contentUrl\":\"https:\/\/scientia-amazonia.org\/wp-content\/uploads\/2021\/03\/logoScientia2.png\",\"width\":934,\"height\":100,\"caption\":\"Scientia Amazonia\"},\"image\":{\"@id\":\"https:\/\/scientia-amazonia.org\/#\/schema\/logo\/image\/\"}}]}<\/script>\n<!-- \/ Yoast SEO plugin. -->","yoast_head_json":{"title":"N\u00famero 1 - Scientia Amazonia","robots":{"index":"index","follow":"follow","max-snippet":"max-snippet:-1","max-image-preview":"max-image-preview:large","max-video-preview":"max-video-preview:-1"},"canonical":"https:\/\/scientia-amazonia.org\/index.php\/2012-volume-1-numero-1\/2012-2\/","og_locale":"en_US","og_type":"article","og_title":"N\u00famero 1 - Scientia Amazonia","og_description":"Editorial:\u00a0O PROCESSO DE CRIA\u00c7\u00c3O DA\u00a0Scientia Amazonia Dr. Genilson Pereira Santana e Dra. Maria Cristina dos Santos TERRA PRETA DE INDIO NA REGI\u00c3O AMAZ\u00d4NICA Erasmo S\u00e9rgio Ferreira Pessoa Junior, Wamber Broni de Souza, Katiuscia dos Santos [&hellip;]","og_url":"https:\/\/scientia-amazonia.org\/index.php\/2012-volume-1-numero-1\/2012-2\/","og_site_name":"Scientia Amazonia","article_modified_time":"2016-06-09T23:48:37+00:00","twitter_card":"summary_large_image","twitter_misc":{"Est. reading time":"1 minute"},"schema":{"@context":"https:\/\/schema.org","@graph":[{"@type":"WebPage","@id":"https:\/\/scientia-amazonia.org\/index.php\/2012-volume-1-numero-1\/2012-2\/","url":"https:\/\/scientia-amazonia.org\/index.php\/2012-volume-1-numero-1\/2012-2\/","name":"N\u00famero 1 - Scientia Amazonia","isPartOf":{"@id":"https:\/\/scientia-amazonia.org\/#website"},"datePublished":"2016-06-09T18:47:28+00:00","dateModified":"2016-06-09T23:48:37+00:00","breadcrumb":{"@id":"https:\/\/scientia-amazonia.org\/index.php\/2012-volume-1-numero-1\/2012-2\/#breadcrumb"},"inLanguage":"en-US","potentialAction":[{"@type":"ReadAction","target":["https:\/\/scientia-amazonia.org\/index.php\/2012-volume-1-numero-1\/2012-2\/"]}]},{"@type":"BreadcrumbList","@id":"https:\/\/scientia-amazonia.org\/index.php\/2012-volume-1-numero-1\/2012-2\/#breadcrumb","itemListElement":[{"@type":"ListItem","position":1,"name":"Home","item":"https:\/\/scientia-amazonia.org\/"},{"@type":"ListItem","position":2,"name":"2012","item":"https:\/\/scientia-amazonia.org\/index.php\/2012-volume-1-numero-1\/"},{"@type":"ListItem","position":3,"name":"N\u00famero 1"}]},{"@type":"WebSite","@id":"https:\/\/scientia-amazonia.org\/#website","url":"https:\/\/scientia-amazonia.org\/","name":"Scientia Amazonia","description":"Revista eletr\u00f4nica","publisher":{"@id":"https:\/\/scientia-amazonia.org\/#organization"},"potentialAction":[{"@type":"SearchAction","target":{"@type":"EntryPoint","urlTemplate":"https:\/\/scientia-amazonia.org\/?s={search_term_string}"},"query-input":"required name=search_term_string"}],"inLanguage":"en-US"},{"@type":"Organization","@id":"https:\/\/scientia-amazonia.org\/#organization","name":"Scientia Amazonia","url":"https:\/\/scientia-amazonia.org\/","logo":{"@type":"ImageObject","inLanguage":"en-US","@id":"https:\/\/scientia-amazonia.org\/#\/schema\/logo\/image\/","url":"https:\/\/scientia-amazonia.org\/wp-content\/uploads\/2021\/03\/logoScientia2.png","contentUrl":"https:\/\/scientia-amazonia.org\/wp-content\/uploads\/2021\/03\/logoScientia2.png","width":934,"height":100,"caption":"Scientia Amazonia"},"image":{"@id":"https:\/\/scientia-amazonia.org\/#\/schema\/logo\/image\/"}}]}},"_links":{"self":[{"href":"https:\/\/scientia-amazonia.org\/index.php\/wp-json\/wp\/v2\/pages\/111"}],"collection":[{"href":"https:\/\/scientia-amazonia.org\/index.php\/wp-json\/wp\/v2\/pages"}],"about":[{"href":"https:\/\/scientia-amazonia.org\/index.php\/wp-json\/wp\/v2\/types\/page"}],"author":[{"embeddable":true,"href":"https:\/\/scientia-amazonia.org\/index.php\/wp-json\/wp\/v2\/users\/1"}],"replies":[{"embeddable":true,"href":"https:\/\/scientia-amazonia.org\/index.php\/wp-json\/wp\/v2\/comments?post=111"}],"version-history":[{"count":7,"href":"https:\/\/scientia-amazonia.org\/index.php\/wp-json\/wp\/v2\/pages\/111\/revisions"}],"predecessor-version":[{"id":182,"href":"https:\/\/scientia-amazonia.org\/index.php\/wp-json\/wp\/v2\/pages\/111\/revisions\/182"}],"up":[{"embeddable":true,"href":"https:\/\/scientia-amazonia.org\/index.php\/wp-json\/wp\/v2\/pages\/106"}],"wp:attachment":[{"href":"https:\/\/scientia-amazonia.org\/index.php\/wp-json\/wp\/v2\/media?parent=111"}],"curies":[{"name":"wp","href":"https:\/\/api.w.org\/{rel}","templated":true}]}}