{"id":1114,"date":"2019-08-14T01:16:50","date_gmt":"2019-08-14T01:16:50","guid":{"rendered":"https:\/\/scientia-amazonia.org\/?page_id=1114"},"modified":"2019-11-12T19:51:08","modified_gmt":"2019-11-12T19:51:08","slug":"numero-3","status":"publish","type":"page","link":"https:\/\/scientia-amazonia.org\/index.php\/2019-2\/numero-3\/","title":{"rendered":"N\u00famero 3"},"content":{"rendered":"\n<p><strong>Biotecnologia<\/strong><\/p>\n\n\n\n<p style=\"text-align:center\"> <a href=\"https:\/\/scientia-amazonia.org\/wp-content\/uploads\/2019\/08\/v.-8-n.-3-B1-B7-2019.pdf\">Effects of different growth regulators on micropropagated seedlings production of Ananas erectifolius L.B.Sm.<\/a> (In portuguese)<\/p>\n\n\n\n<p style=\"text-align:center\">Arlena Maria Guimar\u00e3es Gato, Simone da Silva, Fl\u00e1vio Freires Ferreira, Ester Neta Pinheiro, Daniele de Carvalho Rodrigues, La\u00eds Medeiros de Assun\u00e7\u00e3o, Efig\u00eania Lopes da Silva, Vitor Rafael Pereira Marinho<\/p>\n\n\n\n<p style=\"text-align:center\"><a href=\"https:\/\/scientia-amazonia.org\/wp-content\/uploads\/2019\/08\/v.-8-n.-3-B8-B17-2019.pdf\"> Evaluation of antimicrobial and antiophidic potential of Casearia javitensis (Salicaeae)<\/a> (In portuguese)<\/p>\n\n\n\n<p style=\"text-align:center\">Maria Carolina Scheffer de Souza, Val\u00e9ria Mour\u00e3o de Moura, Ilia Gilmara Carvalho dos Santos, Cecilia Veronica Nunez, Maria Cristina dos Santos<\/p>\n\n\n\n<p style=\"text-align:center\"><a href=\"https:\/\/scientia-amazonia.org\/wp-content\/uploads\/2019\/11\/v.-8-n.-3-B18-B30-2019.pdf\">A new carbon-paste immunosensor for quantification of tumor necrosis factor-alpha (TNF-\u03b1) in human serum<\/a> (In English)<\/p>\n\n\n\n<p style=\"text-align:center\">Philipi Cavalcante\nRicardo, Luana Kelly Lima Santana, Syra Kelly Mubarac Silva Oliveira, Ricardo\nLima Serudo, Michella Lima Lasmar, Maria Cristina dos Santos<\/p>\n\n\n\n<p><strong>Ci\u00eancias Agr\u00e1rias<\/strong><\/p>\n\n\n\n<p style=\"text-align:center\"> <a href=\"https:\/\/scientia-amazonia.org\/wp-content\/uploads\/2019\/08\/v.-8-n.-3-CA1-CA4-2019.pdf\">Evaluation of herbicides in the chemical eradication of oil palm<\/a> (In portuguese)<\/p>\n\n\n\n<p style=\"text-align:center\">Alex Queiroz Cysne, Bruno Ara\u00fajo Cruz, Raimundo Nonato\nVieira da Cunha<\/p>\n\n\n\n<p><strong>Ci\u00eancia da Sa\u00fade<\/strong><\/p>\n\n\n\n<p style=\"text-align:center\"> <a href=\"https:\/\/scientia-amazonia.org\/wp-content\/uploads\/2019\/08\/v.-8-n.3-CS1-CS9-2019.pdf\">Traditional Chinese Medicine: Differentiation of Syndromes in Stroke Diagnosis<\/a> (In portuguese)<strong> <\/strong><\/p>\n\n\n\n<p style=\"text-align:center\">Val\u00e9rie Kischener Gomes, Sandra Greice Becker<\/p>\n\n\n\n<p style=\"text-align:center\"> <a href=\"https:\/\/scientia-amazonia.org\/wp-content\/uploads\/2019\/08\/v.-8-n.-3-CS10-CS18-2019.pdf\">BURNOUT syndrome- objective and subjective aspects in the working conditions of teachers in a teaching institution<\/a> (In portuguese)<\/p>\n\n\n\n<p style=\"text-align:center\">Herika Santana Natividade, D\u00eanis de Freitas Castro, Renan Albuquerque Rodrigues<\/p>\n\n\n\n<p> <a href=\"https:\/\/scientia-amazonia.org\/wp-content\/uploads\/2019\/08\/v.-8-n.-3-CS19-CS28-2019.pdf\">Intermittent Fasting and its impact on weight loss and physical exercise<\/a> (In portuguese)<\/p>\n\n\n\n<p style=\"text-align:center\">Geybson de Freitas Pires, Marcos Vin\u00edcius Costa Fernandes, Estela Aita Monego, Arinete V\u00e9ras Fontes Esteves<\/p>\n\n\n\n<p style=\"text-align:center\"> <a href=\"https:\/\/scientia-amazonia.org\/wp-content\/uploads\/2019\/08\/v.-8-n.-3-CS29-CS38-2019.pdf\">Characterization of accidents with venomous animals: the particularities of the interior of the Amazon. Introduction<\/a> (In portuguese)<\/p>\n\n\n\n<p style=\"text-align:center\">Frandison Gean Souza Soares, Jacqueline de Almeida Gon\u00e7alves\nSachett<\/p>\n\n\n\n<p><strong>Ci\u00eancias Ambientais<\/strong><\/p>\n\n\n\n<p style=\"text-align:center\"> <a href=\"https:\/\/scientia-amazonia.org\/wp-content\/uploads\/2019\/08\/v.-8-n.-3-CAm1-CAm8-2019.pdf\">The importance of environmental awareness on the disposal of animal waste in scientific works and in educational spaces<\/a> (In portuguese)<\/p>\n\n\n\n<p style=\"text-align:center\">Nat\u00e1lia Lima Viana, Gabriele Marisco<\/p>\n\n\n\n<p><strong>Ci\u00eancias biol\u00f3gicas<\/strong><\/p>\n\n\n\n<p style=\"text-align:center\"><a href=\"https:\/\/scientia-amazonia.org\/wp-content\/uploads\/2019\/08\/v.-8-n.-3-CB1-CB5-2019.pdf\">Record of Achatina fulica (F\u00e9russac, 1821) (Gastropoda, Achatinidae) sinistral in the MZUFRA Malacological Collection, Bel\u00e9m, Par\u00e1, Brazi<\/a>l (In English)<\/p>\n\n\n\n<p style=\"text-align:center\">Werverton John Pinheiro dos Santos, Mara R\u00fabia Ferreira\nBarros, Rafael Anaisce das Chagas, Andrea Magalh\u00e3es Bezerra<\/p>\n\n\n\n<p style=\"text-align:center\"><a href=\"https:\/\/scientia-amazonia.org\/wp-content\/uploads\/2019\/11\/v.-8-n.-3-CB6-CB15-2019.pdf\"> The effect of pH on laccase activity and industrial dyes discoloration by enzymatic extract of Panus lecomtei<\/a> (In portuguese)<\/p>\n\n\n\n<p style=\"text-align:center\">\u00cdtala Freire de Ara\u00fajo, Jordane Pimentel N\u00f3brega, Jos\u00e9 Renato Pereira Cavallazzi, Aleksander Westphal Muniz, Ruby Vargas-Isla, Noemia Kazue Ishikawa<\/p>\n\n\n\n<p style=\"text-align:center\"> <a href=\"https:\/\/scientia-amazonia.org\/wp-content\/uploads\/2019\/08\/v.-8-n.-3-CB16-CB22-2019.pdf\">Microbiological and physico-chemical analysis of Pleurotus ostreatus commercialized in the central-south zone of Manaus-AM city<\/a> (In portuguese)<\/p>\n\n\n\n<p style=\"text-align:center\">Danyelle da Cruz\nLamongi, Aurilene Cavalcante Nunes, Pa\u00f4la Silva Lima, Fab\u00edola Karla Rayol\nSantana, Raimundo Felipe da Cruz Filho, Maria Francisca Simas Teixeira, Salom\u00e3o\nRocha Martim<\/p>\n\n\n\n<p style=\"text-align:center\"><a href=\"https:\/\/scientia-amazonia.org\/wp-content\/uploads\/2019\/08\/v.-8-n.3-CB23-CB27-2019.pdf\"> Endophytic microorganisms found in the fruit of peach palm (Bactris gasipaes Kunth) and its antimicrobial potential<\/a> (In portuguese)<\/p>\n\n\n\n<p style=\"text-align:center\">Gerodes Vasconcelos da Costa, Waldireny Caldas Rocha, Adriana\nDantas Gonzaga de Freitas<\/p>\n\n\n\n<p><strong>Ci\u00eancias Exatas<\/strong><\/p>\n\n\n\n<p style=\"text-align:center\"> <a href=\"https:\/\/scientia-amazonia.org\/wp-content\/uploads\/2019\/08\/v.-8-n.-3-C1-C9-2019.pdf\">&nbsp;The quantum world to the touch of the hands: a proposal for inclusive teaching material<\/a> (In portuguese) <\/p>\n\n\n\n<p style=\"text-align:center\">Shirlei Dias Ribeiro, Claudiane Serafim de Sousa, Luely Oliveira da Silva, Airton dos Reis Pereira, Mirian Rosa Pereira<\/p>\n\n\n\n<p style=\"text-align:center\"><a href=\"https:\/\/scientia-amazonia.org\/wp-content\/uploads\/2019\/08\/v.-8-n.-3-C10-C18-2019.pdf\">Distribution of microorganisms on surface of Kefir biofilms associated with A\u00e7a\u00ed extract<\/a> (in English)<\/p>\n\n\n\n<p style=\"text-align:center\">Arlene Pantoja Almeida, Erveton Pinheiro Pinto, Paulo Guilherme Pinheiro, Henrique Duarte da Fonseca Filho, Robert Saraiva Matos<\/p>\n\n\n\n<p style=\"text-align:center\"> <a href=\"https:\/\/scientia-amazonia.org\/wp-content\/uploads\/2019\/08\/v.-8-n.3-C19-C26-2019.pdf\">Alcoholic extraction of Arribidaea chica for antifungal action of Candida and application in handmade soap<\/a> (In portuguese)<\/p>\n\n\n\n<p style=\"text-align:center\">Jayara Adelane Ara\u00fajo Tavares, Liliam Gleicy se Souza\nOliveira<\/p>\n\n\n\n<p><strong>Educa\u00e7\u00e3o<\/strong> <\/p>\n\n\n\n<p style=\"text-align:center\"> <a href=\"https:\/\/scientia-amazonia.org\/wp-content\/uploads\/2019\/08\/v.-8-n.-3-E1-E10-2019.pdf\">The construction of criticality from the Science, Technology and Society (STS) approach through thematic discussion<\/a> (In portuguese)<\/p>\n\n\n\n<p style=\"text-align:center\">Joicy Pantoja Lima Gurgel, Katiuscia dos Santos de Souza<\/p>\n\n\n\n<p style=\"text-align:center\"><a href=\"https:\/\/scientia-amazonia.org\/wp-content\/uploads\/2019\/08\/v.-8-n.-3-E11-E28-2019.pdf\"> Language in mathematics education: Interlocution among linguistic-mathematical knowledge<\/a> (In portuguese)<\/p>\n\n\n\n<p style=\"text-align:center\">Z\u00e9lia M. de Arruda Santiago, Silvanio de Andrade, Eduardo Gomes Onofre<\/p>\n\n\n\n<p style=\"text-align:center\"> <a href=\"https:\/\/scientia-amazonia.org\/wp-content\/uploads\/2019\/08\/v.-8-n.-3-E29-E40-2019.pdf\">An Analysis of the questions of natural sciences and their technologies of ENCCEJA<\/a> (In portuguese)<\/p>\n\n\n\n<p style=\"text-align:center\">Patr\u00edcia Soares da Silva, Regina Simpl\u00edcio Carvalho<\/p>\n\n\n\n<p style=\"text-align:center\"> <a href=\"https:\/\/scientia-amazonia.org\/wp-content\/uploads\/2019\/08\/v.-8-n.-3-E41-E49-2019.pdf\">Approaches to the teaching of STS using assai as a tool for Teaching<\/a><strong> <\/strong>(In portuguese)<\/p>\n\n\n\n<p style=\"text-align:center\">Antonio Geilson Matias Monteiro, Klenicy Kazumy de Lima Yamaguchi<\/p>\n\n\n\n<p><strong>Engenharia<\/strong><\/p>\n\n\n\n<p style=\"text-align:center\"> <a href=\"https:\/\/scientia-amazonia.org\/wp-content\/uploads\/2019\/08\/v.-8-n.-3-E1-E7-2019.pdf\">Influence of osmotic dehydration on the quality of tomatoes (Solanum lycopersicum) submitted to convective drying<\/a> (In portuguese)<\/p>\n\n\n\n<p style=\"text-align:center\">Revenli Fernanda do Nascimento, Maria Helene Giovanetti\nCanteri, Sabrina \u00c1vila Rodrigues<\/p>\n","protected":false},"excerpt":{"rendered":"<p>Biotecnologia Effects of different growth regulators on micropropagated seedlings production of Ananas erectifolius L.B.Sm. (In portuguese) Arlena Maria Guimar\u00e3es Gato, Simone da Silva, Fl\u00e1vio Freires Ferreira, Ester Neta Pinheiro, Daniele de Carvalho Rodrigues, La\u00eds Medeiros [&hellip;]<\/p>\n","protected":false},"author":1,"featured_media":0,"parent":904,"menu_order":0,"comment_status":"closed","ping_status":"closed","template":"","meta":{"_links_to":"","_links_to_target":""},"yoast_head":"<!-- This site is optimized with the Yoast SEO plugin v20.2.1 - https:\/\/yoast.com\/wordpress\/plugins\/seo\/ -->\n<title>N\u00famero 3 - Scientia Amazonia<\/title>\n<meta name=\"robots\" content=\"index, follow, max-snippet:-1, max-image-preview:large, max-video-preview:-1\" \/>\n<link rel=\"canonical\" href=\"https:\/\/scientia-amazonia.org\/index.php\/2019-2\/numero-3\/\" \/>\n<meta property=\"og:locale\" content=\"en_US\" \/>\n<meta property=\"og:type\" content=\"article\" \/>\n<meta property=\"og:title\" content=\"N\u00famero 3 - Scientia Amazonia\" \/>\n<meta property=\"og:description\" content=\"Biotecnologia Effects of different growth regulators on micropropagated seedlings production of Ananas erectifolius L.B.Sm. (In portuguese) Arlena Maria Guimar\u00e3es Gato, Simone da Silva, Fl\u00e1vio Freires Ferreira, Ester Neta Pinheiro, Daniele de Carvalho Rodrigues, La\u00eds Medeiros [&hellip;]\" \/>\n<meta property=\"og:url\" content=\"https:\/\/scientia-amazonia.org\/index.php\/2019-2\/numero-3\/\" \/>\n<meta property=\"og:site_name\" content=\"Scientia Amazonia\" \/>\n<meta property=\"article:modified_time\" content=\"2019-11-12T19:51:08+00:00\" \/>\n<meta name=\"twitter:card\" content=\"summary_large_image\" \/>\n<meta name=\"twitter:label1\" content=\"Est. reading time\" \/>\n\t<meta name=\"twitter:data1\" content=\"3 minutes\" \/>\n<script type=\"application\/ld+json\" class=\"yoast-schema-graph\">{\"@context\":\"https:\/\/schema.org\",\"@graph\":[{\"@type\":\"WebPage\",\"@id\":\"https:\/\/scientia-amazonia.org\/index.php\/2019-2\/numero-3\/\",\"url\":\"https:\/\/scientia-amazonia.org\/index.php\/2019-2\/numero-3\/\",\"name\":\"N\u00famero 3 - Scientia Amazonia\",\"isPartOf\":{\"@id\":\"https:\/\/scientia-amazonia.org\/#website\"},\"datePublished\":\"2019-08-14T01:16:50+00:00\",\"dateModified\":\"2019-11-12T19:51:08+00:00\",\"breadcrumb\":{\"@id\":\"https:\/\/scientia-amazonia.org\/index.php\/2019-2\/numero-3\/#breadcrumb\"},\"inLanguage\":\"en-US\",\"potentialAction\":[{\"@type\":\"ReadAction\",\"target\":[\"https:\/\/scientia-amazonia.org\/index.php\/2019-2\/numero-3\/\"]}]},{\"@type\":\"BreadcrumbList\",\"@id\":\"https:\/\/scientia-amazonia.org\/index.php\/2019-2\/numero-3\/#breadcrumb\",\"itemListElement\":[{\"@type\":\"ListItem\",\"position\":1,\"name\":\"Home\",\"item\":\"https:\/\/scientia-amazonia.org\/\"},{\"@type\":\"ListItem\",\"position\":2,\"name\":\"2019\",\"item\":\"https:\/\/scientia-amazonia.org\/index.php\/2019-2\/\"},{\"@type\":\"ListItem\",\"position\":3,\"name\":\"N\u00famero 3\"}]},{\"@type\":\"WebSite\",\"@id\":\"https:\/\/scientia-amazonia.org\/#website\",\"url\":\"https:\/\/scientia-amazonia.org\/\",\"name\":\"Scientia Amazonia\",\"description\":\"Revista eletr\u00f4nica\",\"publisher\":{\"@id\":\"https:\/\/scientia-amazonia.org\/#organization\"},\"potentialAction\":[{\"@type\":\"SearchAction\",\"target\":{\"@type\":\"EntryPoint\",\"urlTemplate\":\"https:\/\/scientia-amazonia.org\/?s={search_term_string}\"},\"query-input\":\"required name=search_term_string\"}],\"inLanguage\":\"en-US\"},{\"@type\":\"Organization\",\"@id\":\"https:\/\/scientia-amazonia.org\/#organization\",\"name\":\"Scientia Amazonia\",\"url\":\"https:\/\/scientia-amazonia.org\/\",\"logo\":{\"@type\":\"ImageObject\",\"inLanguage\":\"en-US\",\"@id\":\"https:\/\/scientia-amazonia.org\/#\/schema\/logo\/image\/\",\"url\":\"https:\/\/scientia-amazonia.org\/wp-content\/uploads\/2021\/03\/logoScientia2.png\",\"contentUrl\":\"https:\/\/scientia-amazonia.org\/wp-content\/uploads\/2021\/03\/logoScientia2.png\",\"width\":934,\"height\":100,\"caption\":\"Scientia Amazonia\"},\"image\":{\"@id\":\"https:\/\/scientia-amazonia.org\/#\/schema\/logo\/image\/\"}}]}<\/script>\n<!-- \/ Yoast SEO plugin. -->","yoast_head_json":{"title":"N\u00famero 3 - Scientia Amazonia","robots":{"index":"index","follow":"follow","max-snippet":"max-snippet:-1","max-image-preview":"max-image-preview:large","max-video-preview":"max-video-preview:-1"},"canonical":"https:\/\/scientia-amazonia.org\/index.php\/2019-2\/numero-3\/","og_locale":"en_US","og_type":"article","og_title":"N\u00famero 3 - Scientia Amazonia","og_description":"Biotecnologia Effects of different growth regulators on micropropagated seedlings production of Ananas erectifolius L.B.Sm. (In portuguese) Arlena Maria Guimar\u00e3es Gato, Simone da Silva, Fl\u00e1vio Freires Ferreira, Ester Neta Pinheiro, Daniele de Carvalho Rodrigues, La\u00eds Medeiros [&hellip;]","og_url":"https:\/\/scientia-amazonia.org\/index.php\/2019-2\/numero-3\/","og_site_name":"Scientia Amazonia","article_modified_time":"2019-11-12T19:51:08+00:00","twitter_card":"summary_large_image","twitter_misc":{"Est. reading time":"3 minutes"},"schema":{"@context":"https:\/\/schema.org","@graph":[{"@type":"WebPage","@id":"https:\/\/scientia-amazonia.org\/index.php\/2019-2\/numero-3\/","url":"https:\/\/scientia-amazonia.org\/index.php\/2019-2\/numero-3\/","name":"N\u00famero 3 - Scientia Amazonia","isPartOf":{"@id":"https:\/\/scientia-amazonia.org\/#website"},"datePublished":"2019-08-14T01:16:50+00:00","dateModified":"2019-11-12T19:51:08+00:00","breadcrumb":{"@id":"https:\/\/scientia-amazonia.org\/index.php\/2019-2\/numero-3\/#breadcrumb"},"inLanguage":"en-US","potentialAction":[{"@type":"ReadAction","target":["https:\/\/scientia-amazonia.org\/index.php\/2019-2\/numero-3\/"]}]},{"@type":"BreadcrumbList","@id":"https:\/\/scientia-amazonia.org\/index.php\/2019-2\/numero-3\/#breadcrumb","itemListElement":[{"@type":"ListItem","position":1,"name":"Home","item":"https:\/\/scientia-amazonia.org\/"},{"@type":"ListItem","position":2,"name":"2019","item":"https:\/\/scientia-amazonia.org\/index.php\/2019-2\/"},{"@type":"ListItem","position":3,"name":"N\u00famero 3"}]},{"@type":"WebSite","@id":"https:\/\/scientia-amazonia.org\/#website","url":"https:\/\/scientia-amazonia.org\/","name":"Scientia Amazonia","description":"Revista eletr\u00f4nica","publisher":{"@id":"https:\/\/scientia-amazonia.org\/#organization"},"potentialAction":[{"@type":"SearchAction","target":{"@type":"EntryPoint","urlTemplate":"https:\/\/scientia-amazonia.org\/?s={search_term_string}"},"query-input":"required name=search_term_string"}],"inLanguage":"en-US"},{"@type":"Organization","@id":"https:\/\/scientia-amazonia.org\/#organization","name":"Scientia Amazonia","url":"https:\/\/scientia-amazonia.org\/","logo":{"@type":"ImageObject","inLanguage":"en-US","@id":"https:\/\/scientia-amazonia.org\/#\/schema\/logo\/image\/","url":"https:\/\/scientia-amazonia.org\/wp-content\/uploads\/2021\/03\/logoScientia2.png","contentUrl":"https:\/\/scientia-amazonia.org\/wp-content\/uploads\/2021\/03\/logoScientia2.png","width":934,"height":100,"caption":"Scientia Amazonia"},"image":{"@id":"https:\/\/scientia-amazonia.org\/#\/schema\/logo\/image\/"}}]}},"_links":{"self":[{"href":"https:\/\/scientia-amazonia.org\/index.php\/wp-json\/wp\/v2\/pages\/1114"}],"collection":[{"href":"https:\/\/scientia-amazonia.org\/index.php\/wp-json\/wp\/v2\/pages"}],"about":[{"href":"https:\/\/scientia-amazonia.org\/index.php\/wp-json\/wp\/v2\/types\/page"}],"author":[{"embeddable":true,"href":"https:\/\/scientia-amazonia.org\/index.php\/wp-json\/wp\/v2\/users\/1"}],"replies":[{"embeddable":true,"href":"https:\/\/scientia-amazonia.org\/index.php\/wp-json\/wp\/v2\/comments?post=1114"}],"version-history":[{"count":49,"href":"https:\/\/scientia-amazonia.org\/index.php\/wp-json\/wp\/v2\/pages\/1114\/revisions"}],"predecessor-version":[{"id":1229,"href":"https:\/\/scientia-amazonia.org\/index.php\/wp-json\/wp\/v2\/pages\/1114\/revisions\/1229"}],"up":[{"embeddable":true,"href":"https:\/\/scientia-amazonia.org\/index.php\/wp-json\/wp\/v2\/pages\/904"}],"wp:attachment":[{"href":"https:\/\/scientia-amazonia.org\/index.php\/wp-json\/wp\/v2\/media?parent=1114"}],"curies":[{"name":"wp","href":"https:\/\/api.w.org\/{rel}","templated":true}]}}