{"id":1132,"date":"2019-08-19T14:43:08","date_gmt":"2019-08-19T14:43:08","guid":{"rendered":"https:\/\/scientia-amazonia.org\/?page_id=1132"},"modified":"2021-12-23T21:37:13","modified_gmt":"2021-12-23T21:37:13","slug":"ii-congresso-de-farmacia-xiv-semana-de-farmacia","status":"publish","type":"page","link":"https:\/\/scientia-amazonia.org\/index.php\/suplementos\/ii-congresso-de-farmacia-xiv-semana-de-farmacia\/","title":{"rendered":"II Congresso de Ci\u00eancias Farmac\u00eauticas do Amazonas &#8211; XIV semana de Farm\u00e1cia da UFAM"},"content":{"rendered":"\n<p><strong>Presidente da Comiss\u00e3o Organizadora<\/strong><\/p>\n\n\n\n<p> Profa. Dra. Fernanda Guilhon Simplicio<\/p>\n\n\n\n<p><strong>Comit\u00ea cient\u00edfico<\/strong><\/p>\n\n\n\n<p>Profa. Dra. Ariane Mendon\u00e7a Kluczkovski &#8211; Presidente <br> Profa. Dra. Alcinira Furtado Farias <br> Profa. Dra. Clarice de Carvalho Veloso Moura<br> Profa. Dra. Cristina Maria Borborema do Santos   <br> Profa. Dra. Karen Regina Carim da Costa Magalh\u00e3es<br> Profa. Dra. Katia Solange Cardoso Rodrigues dos Santos<br> Profa. Dra. Tanise Vendruscolo Dalmolin<br> Profa. Dra. Tatiane Pereira de Souza <\/p>\n\n\n\n<p><strong>Discentes do PPGIF<\/strong><br> M. Sc. Angela Maria Comapa Barros<br> M. Sc.  Bruno Bezerra Jensen  <br> M. Sc. Diego dos Santos Freitas<br> M. Sc. Fernanda Brito de Carvalho  <br> M. Sc.  Leonard Domingo Rosales Acho<br> M. Sc.  M\u00e1rcia de Jesus Amazonas da Silva  <br> M. Sc. Serafim Florentino Neto  <br> M. Sc. Tallita Marques Machado<br> M. Sc. Thiago de Jesus Bacha  <\/p>\n\n\n\n<p><strong>Discentes do PPGCF<\/strong><br> Carlos Klinger Rodrigues Serr\u00e3o<br> Larissa Feitosa da Hora <br> Rosa Cl\u00e1udia Coimbra G\u00f3es<br> Thiago Andr\u00e9 Albuquerque de Souza<\/p>\n\n\n\n<p><strong>Formata\u00e7\u00e3o<\/strong> <\/p>\n\n\n\n<p>J\u00e9ssica Burlamaque Maciel, Maria Cec\u00edlia de Souza Lelis, e Frank do Carmo Guedes J\u00fanior<\/p>\n\n\n\n<p><strong>Resumos<\/strong> <\/p>\n\n\n\n<p><a href=\"https:\/\/scientia-amazonia.org\/wp-content\/uploads\/2019\/08\/alimentos.pdf\">Alimentos<\/a><\/p>\n\n\n\n<p><a href=\"https:\/\/scientia-amazonia.org\/wp-content\/uploads\/2019\/08\/analises-clinicas.pdf\">An\u00e1lises Cl\u00ednicas<\/a><\/p>\n\n\n\n<p><a href=\"https:\/\/scientia-amazonia.org\/wp-content\/uploads\/2019\/08\/farmacia_clinica.pdf\">Farm\u00e1cia Cl\u00ednica e Assist\u00eancia Farmac\u00eautica<\/a><\/p>\n\n\n\n<p><a href=\"https:\/\/scientia-amazonia.org\/wp-content\/uploads\/2019\/08\/Medicamentos_cosmeticos.pdf\">Medicamentos e Cosm\u00e9ticos<\/a><\/p>\n\n\n\n<p><\/p>\n\n\n\n<p><\/p>\n","protected":false},"excerpt":{"rendered":"<p>Presidente da Comiss\u00e3o Organizadora Profa. Dra. Fernanda Guilhon Simplicio Comit\u00ea cient\u00edfico Profa. Dra. Ariane Mendon\u00e7a Kluczkovski &#8211; Presidente Profa. Dra. Alcinira Furtado Farias Profa. Dra. Clarice de Carvalho Veloso Moura Profa. Dra. Cristina Maria Borborema [&hellip;]<\/p>\n","protected":false},"author":1,"featured_media":0,"parent":1978,"menu_order":0,"comment_status":"closed","ping_status":"closed","template":"","meta":{"_links_to":"","_links_to_target":""},"yoast_head":"<!-- This site is optimized with the Yoast SEO plugin v20.2.1 - https:\/\/yoast.com\/wordpress\/plugins\/seo\/ -->\n<title>II Congresso de Ci\u00eancias Farmac\u00eauticas do Amazonas - XIV semana de Farm\u00e1cia da UFAM - Scientia Amazonia<\/title>\n<meta name=\"robots\" content=\"index, follow, max-snippet:-1, max-image-preview:large, max-video-preview:-1\" \/>\n<link rel=\"canonical\" href=\"https:\/\/scientia-amazonia.org\/index.php\/suplementos\/ii-congresso-de-farmacia-xiv-semana-de-farmacia\/\" \/>\n<meta property=\"og:locale\" content=\"en_US\" \/>\n<meta property=\"og:type\" content=\"article\" \/>\n<meta property=\"og:title\" content=\"II Congresso de Ci\u00eancias Farmac\u00eauticas do Amazonas - XIV semana de Farm\u00e1cia da UFAM - Scientia Amazonia\" \/>\n<meta property=\"og:description\" content=\"Presidente da Comiss\u00e3o Organizadora Profa. Dra. Fernanda Guilhon Simplicio Comit\u00ea cient\u00edfico Profa. Dra. Ariane Mendon\u00e7a Kluczkovski &#8211; Presidente Profa. Dra. Alcinira Furtado Farias Profa. Dra. Clarice de Carvalho Veloso Moura Profa. Dra. Cristina Maria Borborema [&hellip;]\" \/>\n<meta property=\"og:url\" content=\"https:\/\/scientia-amazonia.org\/index.php\/suplementos\/ii-congresso-de-farmacia-xiv-semana-de-farmacia\/\" \/>\n<meta property=\"og:site_name\" content=\"Scientia Amazonia\" \/>\n<meta property=\"article:modified_time\" content=\"2021-12-23T21:37:13+00:00\" \/>\n<meta name=\"twitter:card\" content=\"summary_large_image\" \/>\n<meta name=\"twitter:label1\" content=\"Est. reading time\" \/>\n\t<meta name=\"twitter:data1\" content=\"1 minute\" \/>\n<script type=\"application\/ld+json\" class=\"yoast-schema-graph\">{\"@context\":\"https:\/\/schema.org\",\"@graph\":[{\"@type\":\"WebPage\",\"@id\":\"https:\/\/scientia-amazonia.org\/index.php\/suplementos\/ii-congresso-de-farmacia-xiv-semana-de-farmacia\/\",\"url\":\"https:\/\/scientia-amazonia.org\/index.php\/suplementos\/ii-congresso-de-farmacia-xiv-semana-de-farmacia\/\",\"name\":\"II Congresso de Ci\u00eancias Farmac\u00eauticas do Amazonas - XIV semana de Farm\u00e1cia da UFAM - Scientia Amazonia\",\"isPartOf\":{\"@id\":\"https:\/\/scientia-amazonia.org\/#website\"},\"datePublished\":\"2019-08-19T14:43:08+00:00\",\"dateModified\":\"2021-12-23T21:37:13+00:00\",\"breadcrumb\":{\"@id\":\"https:\/\/scientia-amazonia.org\/index.php\/suplementos\/ii-congresso-de-farmacia-xiv-semana-de-farmacia\/#breadcrumb\"},\"inLanguage\":\"en-US\",\"potentialAction\":[{\"@type\":\"ReadAction\",\"target\":[\"https:\/\/scientia-amazonia.org\/index.php\/suplementos\/ii-congresso-de-farmacia-xiv-semana-de-farmacia\/\"]}]},{\"@type\":\"BreadcrumbList\",\"@id\":\"https:\/\/scientia-amazonia.org\/index.php\/suplementos\/ii-congresso-de-farmacia-xiv-semana-de-farmacia\/#breadcrumb\",\"itemListElement\":[{\"@type\":\"ListItem\",\"position\":1,\"name\":\"Home\",\"item\":\"https:\/\/scientia-amazonia.org\/\"},{\"@type\":\"ListItem\",\"position\":2,\"name\":\"Suplementos\",\"item\":\"https:\/\/scientia-amazonia.org\/index.php\/suplementos\/\"},{\"@type\":\"ListItem\",\"position\":3,\"name\":\"II Congresso de Ci\u00eancias Farmac\u00eauticas do Amazonas &#8211; XIV semana de Farm\u00e1cia da UFAM\"}]},{\"@type\":\"WebSite\",\"@id\":\"https:\/\/scientia-amazonia.org\/#website\",\"url\":\"https:\/\/scientia-amazonia.org\/\",\"name\":\"Scientia Amazonia\",\"description\":\"Revista eletr\u00f4nica\",\"publisher\":{\"@id\":\"https:\/\/scientia-amazonia.org\/#organization\"},\"potentialAction\":[{\"@type\":\"SearchAction\",\"target\":{\"@type\":\"EntryPoint\",\"urlTemplate\":\"https:\/\/scientia-amazonia.org\/?s={search_term_string}\"},\"query-input\":\"required name=search_term_string\"}],\"inLanguage\":\"en-US\"},{\"@type\":\"Organization\",\"@id\":\"https:\/\/scientia-amazonia.org\/#organization\",\"name\":\"Scientia Amazonia\",\"url\":\"https:\/\/scientia-amazonia.org\/\",\"logo\":{\"@type\":\"ImageObject\",\"inLanguage\":\"en-US\",\"@id\":\"https:\/\/scientia-amazonia.org\/#\/schema\/logo\/image\/\",\"url\":\"https:\/\/scientia-amazonia.org\/wp-content\/uploads\/2021\/03\/logoScientia2.png\",\"contentUrl\":\"https:\/\/scientia-amazonia.org\/wp-content\/uploads\/2021\/03\/logoScientia2.png\",\"width\":934,\"height\":100,\"caption\":\"Scientia Amazonia\"},\"image\":{\"@id\":\"https:\/\/scientia-amazonia.org\/#\/schema\/logo\/image\/\"}}]}<\/script>\n<!-- \/ Yoast SEO plugin. -->","yoast_head_json":{"title":"II Congresso de Ci\u00eancias Farmac\u00eauticas do Amazonas - XIV semana de Farm\u00e1cia da UFAM - Scientia Amazonia","robots":{"index":"index","follow":"follow","max-snippet":"max-snippet:-1","max-image-preview":"max-image-preview:large","max-video-preview":"max-video-preview:-1"},"canonical":"https:\/\/scientia-amazonia.org\/index.php\/suplementos\/ii-congresso-de-farmacia-xiv-semana-de-farmacia\/","og_locale":"en_US","og_type":"article","og_title":"II Congresso de Ci\u00eancias Farmac\u00eauticas do Amazonas - XIV semana de Farm\u00e1cia da UFAM - Scientia Amazonia","og_description":"Presidente da Comiss\u00e3o Organizadora Profa. Dra. Fernanda Guilhon Simplicio Comit\u00ea cient\u00edfico Profa. Dra. Ariane Mendon\u00e7a Kluczkovski &#8211; Presidente Profa. Dra. Alcinira Furtado Farias Profa. Dra. Clarice de Carvalho Veloso Moura Profa. Dra. Cristina Maria Borborema [&hellip;]","og_url":"https:\/\/scientia-amazonia.org\/index.php\/suplementos\/ii-congresso-de-farmacia-xiv-semana-de-farmacia\/","og_site_name":"Scientia Amazonia","article_modified_time":"2021-12-23T21:37:13+00:00","twitter_card":"summary_large_image","twitter_misc":{"Est. reading time":"1 minute"},"schema":{"@context":"https:\/\/schema.org","@graph":[{"@type":"WebPage","@id":"https:\/\/scientia-amazonia.org\/index.php\/suplementos\/ii-congresso-de-farmacia-xiv-semana-de-farmacia\/","url":"https:\/\/scientia-amazonia.org\/index.php\/suplementos\/ii-congresso-de-farmacia-xiv-semana-de-farmacia\/","name":"II Congresso de Ci\u00eancias Farmac\u00eauticas do Amazonas - XIV semana de Farm\u00e1cia da UFAM - Scientia Amazonia","isPartOf":{"@id":"https:\/\/scientia-amazonia.org\/#website"},"datePublished":"2019-08-19T14:43:08+00:00","dateModified":"2021-12-23T21:37:13+00:00","breadcrumb":{"@id":"https:\/\/scientia-amazonia.org\/index.php\/suplementos\/ii-congresso-de-farmacia-xiv-semana-de-farmacia\/#breadcrumb"},"inLanguage":"en-US","potentialAction":[{"@type":"ReadAction","target":["https:\/\/scientia-amazonia.org\/index.php\/suplementos\/ii-congresso-de-farmacia-xiv-semana-de-farmacia\/"]}]},{"@type":"BreadcrumbList","@id":"https:\/\/scientia-amazonia.org\/index.php\/suplementos\/ii-congresso-de-farmacia-xiv-semana-de-farmacia\/#breadcrumb","itemListElement":[{"@type":"ListItem","position":1,"name":"Home","item":"https:\/\/scientia-amazonia.org\/"},{"@type":"ListItem","position":2,"name":"Suplementos","item":"https:\/\/scientia-amazonia.org\/index.php\/suplementos\/"},{"@type":"ListItem","position":3,"name":"II Congresso de Ci\u00eancias Farmac\u00eauticas do Amazonas &#8211; XIV semana de Farm\u00e1cia da UFAM"}]},{"@type":"WebSite","@id":"https:\/\/scientia-amazonia.org\/#website","url":"https:\/\/scientia-amazonia.org\/","name":"Scientia Amazonia","description":"Revista eletr\u00f4nica","publisher":{"@id":"https:\/\/scientia-amazonia.org\/#organization"},"potentialAction":[{"@type":"SearchAction","target":{"@type":"EntryPoint","urlTemplate":"https:\/\/scientia-amazonia.org\/?s={search_term_string}"},"query-input":"required name=search_term_string"}],"inLanguage":"en-US"},{"@type":"Organization","@id":"https:\/\/scientia-amazonia.org\/#organization","name":"Scientia Amazonia","url":"https:\/\/scientia-amazonia.org\/","logo":{"@type":"ImageObject","inLanguage":"en-US","@id":"https:\/\/scientia-amazonia.org\/#\/schema\/logo\/image\/","url":"https:\/\/scientia-amazonia.org\/wp-content\/uploads\/2021\/03\/logoScientia2.png","contentUrl":"https:\/\/scientia-amazonia.org\/wp-content\/uploads\/2021\/03\/logoScientia2.png","width":934,"height":100,"caption":"Scientia Amazonia"},"image":{"@id":"https:\/\/scientia-amazonia.org\/#\/schema\/logo\/image\/"}}]}},"_links":{"self":[{"href":"https:\/\/scientia-amazonia.org\/index.php\/wp-json\/wp\/v2\/pages\/1132"}],"collection":[{"href":"https:\/\/scientia-amazonia.org\/index.php\/wp-json\/wp\/v2\/pages"}],"about":[{"href":"https:\/\/scientia-amazonia.org\/index.php\/wp-json\/wp\/v2\/types\/page"}],"author":[{"embeddable":true,"href":"https:\/\/scientia-amazonia.org\/index.php\/wp-json\/wp\/v2\/users\/1"}],"replies":[{"embeddable":true,"href":"https:\/\/scientia-amazonia.org\/index.php\/wp-json\/wp\/v2\/comments?post=1132"}],"version-history":[{"count":13,"href":"https:\/\/scientia-amazonia.org\/index.php\/wp-json\/wp\/v2\/pages\/1132\/revisions"}],"predecessor-version":[{"id":1153,"href":"https:\/\/scientia-amazonia.org\/index.php\/wp-json\/wp\/v2\/pages\/1132\/revisions\/1153"}],"up":[{"embeddable":true,"href":"https:\/\/scientia-amazonia.org\/index.php\/wp-json\/wp\/v2\/pages\/1978"}],"wp:attachment":[{"href":"https:\/\/scientia-amazonia.org\/index.php\/wp-json\/wp\/v2\/media?parent=1132"}],"curies":[{"name":"wp","href":"https:\/\/api.w.org\/{rel}","templated":true}]}}