{"id":120,"date":"2016-06-09T19:11:04","date_gmt":"2016-06-09T19:11:04","guid":{"rendered":"https:\/\/scientia-amazonia.org\/?page_id=120"},"modified":"2016-06-10T00:08:18","modified_gmt":"2016-06-10T00:08:18","slug":"numero-2","status":"publish","type":"page","link":"https:\/\/scientia-amazonia.org\/index.php\/2012-volume-1-numero-1\/numero-2\/","title":{"rendered":"N\u00famero 2"},"content":{"rendered":"<p><a href=\"https:\/\/scientia-amazonia.org\/wp-content\/uploads\/2016\/06\/editorial-2012-2.pdf\">Editorial<\/a><\/p>\n<p><a href=\"https:\/\/scientia-amazonia.org\/wp-content\/uploads\/2016\/06\/v1-n2-1-3-2012.pdf\">ENTREVISTA COM O PESQUISADOR PROFESSOR DOUTOR JOS\u00c9 RICARDO DE SOUSA<\/a><\/p>\n<p><a href=\"https:\/\/scientia-amazonia.org\/wp-content\/uploads\/2016\/06\/v1-n2-4-13-2012.pdf\">MODELO DE OTIMIZA\u00c7\u00c3O PARA GERENCIAMENTO DE DOCUMENTOS T\u00c9CNICOS DE ENGENHARIA<\/a><\/p>\n<p>Maria Lenir Rodrigues da Costa e Rut\u00eanio Luiz Castro de Ara\u00fajo<\/p>\n<p><a href=\"https:\/\/scientia-amazonia.org\/wp-content\/uploads\/2016\/06\/v1-n2-14-22-2012.pdf\">O G\u00caNERO\u00a0Eperua\u00a0Aublet: UMA REVIS\u00c3O<\/a><\/p>\n<p>Lidiam Maia Leandro e Valdir Florencio da Veiga Junior<\/p>\n<p><a href=\"https:\/\/scientia-amazonia.org\/wp-content\/uploads\/2016\/06\/v1-n2-23-27-2012.pdf\">SISTEMAS FOTOM\u00c9TRICOS\u00a0HOME-MADE\u00a0QUE USAM LED E LDR<\/a><\/p>\n<p>F\u00e1bio Alexandre Costa Mota e Genilson Pereira Santana<\/p>\n<p><a href=\"https:\/\/scientia-amazonia.org\/wp-content\/uploads\/2016\/06\/v1-n2-28-36-2012.pdf\">IMUNOLOGIA DA PERIODONTITE CR\u00d4NICA: UMA REVIS\u00c3O DE LITERATURA<\/a><\/p>\n<p>Priscilla Farias Naiff, Patr\u00edcia Puccinelli Orlandi e Maria Cristina dos Santos<\/p>\n<p><a href=\"https:\/\/scientia-amazonia.org\/wp-content\/uploads\/2016\/06\/v1-n2-37-45-2012.pdf\">ESTUDO EPISTEMOL\u00d3GICO SOBRE ALFABETIZA\u00c7\u00c3O CIENT\u00cdFICA<\/a><\/p>\n<p>Will Fadul Alencar de Oliveira, Maria Clara Silva-Forsberg<\/p>\n<p><a href=\"https:\/\/scientia-amazonia.org\/wp-content\/uploads\/2016\/06\/v1-n2-46-52-2012.pdf\">A QUEST\u00c3O DO MEIO AMBIENTE NA OBRA DE CAIO PRADO J\u00daNIOR: FORMA\u00c7\u00c3O DO BRASIL CONTEMPOR\u00c2NEO<\/a><\/p>\n<p>Manoel Aires da Silva Neto<\/p>\n<p><a href=\"https:\/\/scientia-amazonia.org\/wp-content\/uploads\/2016\/06\/v1-n2-53-56-2012.pdf\">AN APPROACH TO STUDY SPATIAL DISTRIBUTION OF SMALL-SCALE FISHERY AT THE AMAZONIAN FLOODPLAIN LAKES USING THE GEOGRAPHIC INFORMATION SYSTEMS (GIS)<\/a><\/p>\n<p>Raniere Garcez Costa Sousa e Carlos Edwar de Carvalho Freitas.<\/p>\n","protected":false},"excerpt":{"rendered":"<p>Editorial ENTREVISTA COM O PESQUISADOR PROFESSOR DOUTOR JOS\u00c9 RICARDO DE SOUSA MODELO DE OTIMIZA\u00c7\u00c3O PARA GERENCIAMENTO DE DOCUMENTOS T\u00c9CNICOS DE ENGENHARIA Maria Lenir Rodrigues da Costa e Rut\u00eanio Luiz Castro de Ara\u00fajo O G\u00caNERO\u00a0Eperua\u00a0Aublet: UMA [&hellip;]<\/p>\n","protected":false},"author":1,"featured_media":0,"parent":106,"menu_order":0,"comment_status":"closed","ping_status":"closed","template":"","meta":{"_links_to":"","_links_to_target":""},"yoast_head":"<!-- This site is optimized with the Yoast SEO plugin v20.2.1 - https:\/\/yoast.com\/wordpress\/plugins\/seo\/ -->\n<title>N\u00famero 2 - Scientia Amazonia<\/title>\n<meta name=\"robots\" content=\"index, follow, max-snippet:-1, max-image-preview:large, max-video-preview:-1\" \/>\n<link rel=\"canonical\" href=\"https:\/\/scientia-amazonia.org\/index.php\/2012-volume-1-numero-1\/numero-2\/\" \/>\n<meta property=\"og:locale\" content=\"en_US\" \/>\n<meta property=\"og:type\" content=\"article\" \/>\n<meta property=\"og:title\" content=\"N\u00famero 2 - Scientia Amazonia\" \/>\n<meta property=\"og:description\" content=\"Editorial ENTREVISTA COM O PESQUISADOR PROFESSOR DOUTOR JOS\u00c9 RICARDO DE SOUSA MODELO DE OTIMIZA\u00c7\u00c3O PARA GERENCIAMENTO DE DOCUMENTOS T\u00c9CNICOS DE ENGENHARIA Maria Lenir Rodrigues da Costa e Rut\u00eanio Luiz Castro de Ara\u00fajo O G\u00caNERO\u00a0Eperua\u00a0Aublet: UMA [&hellip;]\" \/>\n<meta property=\"og:url\" content=\"https:\/\/scientia-amazonia.org\/index.php\/2012-volume-1-numero-1\/numero-2\/\" \/>\n<meta property=\"og:site_name\" content=\"Scientia Amazonia\" \/>\n<meta property=\"article:modified_time\" content=\"2016-06-10T00:08:18+00:00\" \/>\n<meta name=\"twitter:card\" content=\"summary_large_image\" \/>\n<meta name=\"twitter:label1\" content=\"Est. reading time\" \/>\n\t<meta name=\"twitter:data1\" content=\"1 minute\" \/>\n<script type=\"application\/ld+json\" class=\"yoast-schema-graph\">{\"@context\":\"https:\/\/schema.org\",\"@graph\":[{\"@type\":\"WebPage\",\"@id\":\"https:\/\/scientia-amazonia.org\/index.php\/2012-volume-1-numero-1\/numero-2\/\",\"url\":\"https:\/\/scientia-amazonia.org\/index.php\/2012-volume-1-numero-1\/numero-2\/\",\"name\":\"N\u00famero 2 - Scientia Amazonia\",\"isPartOf\":{\"@id\":\"https:\/\/scientia-amazonia.org\/#website\"},\"datePublished\":\"2016-06-09T19:11:04+00:00\",\"dateModified\":\"2016-06-10T00:08:18+00:00\",\"breadcrumb\":{\"@id\":\"https:\/\/scientia-amazonia.org\/index.php\/2012-volume-1-numero-1\/numero-2\/#breadcrumb\"},\"inLanguage\":\"en-US\",\"potentialAction\":[{\"@type\":\"ReadAction\",\"target\":[\"https:\/\/scientia-amazonia.org\/index.php\/2012-volume-1-numero-1\/numero-2\/\"]}]},{\"@type\":\"BreadcrumbList\",\"@id\":\"https:\/\/scientia-amazonia.org\/index.php\/2012-volume-1-numero-1\/numero-2\/#breadcrumb\",\"itemListElement\":[{\"@type\":\"ListItem\",\"position\":1,\"name\":\"Home\",\"item\":\"https:\/\/scientia-amazonia.org\/\"},{\"@type\":\"ListItem\",\"position\":2,\"name\":\"2012\",\"item\":\"https:\/\/scientia-amazonia.org\/index.php\/2012-volume-1-numero-1\/\"},{\"@type\":\"ListItem\",\"position\":3,\"name\":\"N\u00famero 2\"}]},{\"@type\":\"WebSite\",\"@id\":\"https:\/\/scientia-amazonia.org\/#website\",\"url\":\"https:\/\/scientia-amazonia.org\/\",\"name\":\"Scientia Amazonia\",\"description\":\"Revista eletr\u00f4nica\",\"publisher\":{\"@id\":\"https:\/\/scientia-amazonia.org\/#organization\"},\"potentialAction\":[{\"@type\":\"SearchAction\",\"target\":{\"@type\":\"EntryPoint\",\"urlTemplate\":\"https:\/\/scientia-amazonia.org\/?s={search_term_string}\"},\"query-input\":\"required name=search_term_string\"}],\"inLanguage\":\"en-US\"},{\"@type\":\"Organization\",\"@id\":\"https:\/\/scientia-amazonia.org\/#organization\",\"name\":\"Scientia Amazonia\",\"url\":\"https:\/\/scientia-amazonia.org\/\",\"logo\":{\"@type\":\"ImageObject\",\"inLanguage\":\"en-US\",\"@id\":\"https:\/\/scientia-amazonia.org\/#\/schema\/logo\/image\/\",\"url\":\"https:\/\/scientia-amazonia.org\/wp-content\/uploads\/2021\/03\/logoScientia2.png\",\"contentUrl\":\"https:\/\/scientia-amazonia.org\/wp-content\/uploads\/2021\/03\/logoScientia2.png\",\"width\":934,\"height\":100,\"caption\":\"Scientia Amazonia\"},\"image\":{\"@id\":\"https:\/\/scientia-amazonia.org\/#\/schema\/logo\/image\/\"}}]}<\/script>\n<!-- \/ Yoast SEO plugin. -->","yoast_head_json":{"title":"N\u00famero 2 - Scientia Amazonia","robots":{"index":"index","follow":"follow","max-snippet":"max-snippet:-1","max-image-preview":"max-image-preview:large","max-video-preview":"max-video-preview:-1"},"canonical":"https:\/\/scientia-amazonia.org\/index.php\/2012-volume-1-numero-1\/numero-2\/","og_locale":"en_US","og_type":"article","og_title":"N\u00famero 2 - Scientia Amazonia","og_description":"Editorial ENTREVISTA COM O PESQUISADOR PROFESSOR DOUTOR JOS\u00c9 RICARDO DE SOUSA MODELO DE OTIMIZA\u00c7\u00c3O PARA GERENCIAMENTO DE DOCUMENTOS T\u00c9CNICOS DE ENGENHARIA Maria Lenir Rodrigues da Costa e Rut\u00eanio Luiz Castro de Ara\u00fajo O G\u00caNERO\u00a0Eperua\u00a0Aublet: UMA [&hellip;]","og_url":"https:\/\/scientia-amazonia.org\/index.php\/2012-volume-1-numero-1\/numero-2\/","og_site_name":"Scientia Amazonia","article_modified_time":"2016-06-10T00:08:18+00:00","twitter_card":"summary_large_image","twitter_misc":{"Est. reading time":"1 minute"},"schema":{"@context":"https:\/\/schema.org","@graph":[{"@type":"WebPage","@id":"https:\/\/scientia-amazonia.org\/index.php\/2012-volume-1-numero-1\/numero-2\/","url":"https:\/\/scientia-amazonia.org\/index.php\/2012-volume-1-numero-1\/numero-2\/","name":"N\u00famero 2 - Scientia Amazonia","isPartOf":{"@id":"https:\/\/scientia-amazonia.org\/#website"},"datePublished":"2016-06-09T19:11:04+00:00","dateModified":"2016-06-10T00:08:18+00:00","breadcrumb":{"@id":"https:\/\/scientia-amazonia.org\/index.php\/2012-volume-1-numero-1\/numero-2\/#breadcrumb"},"inLanguage":"en-US","potentialAction":[{"@type":"ReadAction","target":["https:\/\/scientia-amazonia.org\/index.php\/2012-volume-1-numero-1\/numero-2\/"]}]},{"@type":"BreadcrumbList","@id":"https:\/\/scientia-amazonia.org\/index.php\/2012-volume-1-numero-1\/numero-2\/#breadcrumb","itemListElement":[{"@type":"ListItem","position":1,"name":"Home","item":"https:\/\/scientia-amazonia.org\/"},{"@type":"ListItem","position":2,"name":"2012","item":"https:\/\/scientia-amazonia.org\/index.php\/2012-volume-1-numero-1\/"},{"@type":"ListItem","position":3,"name":"N\u00famero 2"}]},{"@type":"WebSite","@id":"https:\/\/scientia-amazonia.org\/#website","url":"https:\/\/scientia-amazonia.org\/","name":"Scientia Amazonia","description":"Revista eletr\u00f4nica","publisher":{"@id":"https:\/\/scientia-amazonia.org\/#organization"},"potentialAction":[{"@type":"SearchAction","target":{"@type":"EntryPoint","urlTemplate":"https:\/\/scientia-amazonia.org\/?s={search_term_string}"},"query-input":"required name=search_term_string"}],"inLanguage":"en-US"},{"@type":"Organization","@id":"https:\/\/scientia-amazonia.org\/#organization","name":"Scientia Amazonia","url":"https:\/\/scientia-amazonia.org\/","logo":{"@type":"ImageObject","inLanguage":"en-US","@id":"https:\/\/scientia-amazonia.org\/#\/schema\/logo\/image\/","url":"https:\/\/scientia-amazonia.org\/wp-content\/uploads\/2021\/03\/logoScientia2.png","contentUrl":"https:\/\/scientia-amazonia.org\/wp-content\/uploads\/2021\/03\/logoScientia2.png","width":934,"height":100,"caption":"Scientia Amazonia"},"image":{"@id":"https:\/\/scientia-amazonia.org\/#\/schema\/logo\/image\/"}}]}},"_links":{"self":[{"href":"https:\/\/scientia-amazonia.org\/index.php\/wp-json\/wp\/v2\/pages\/120"}],"collection":[{"href":"https:\/\/scientia-amazonia.org\/index.php\/wp-json\/wp\/v2\/pages"}],"about":[{"href":"https:\/\/scientia-amazonia.org\/index.php\/wp-json\/wp\/v2\/types\/page"}],"author":[{"embeddable":true,"href":"https:\/\/scientia-amazonia.org\/index.php\/wp-json\/wp\/v2\/users\/1"}],"replies":[{"embeddable":true,"href":"https:\/\/scientia-amazonia.org\/index.php\/wp-json\/wp\/v2\/comments?post=120"}],"version-history":[{"count":9,"href":"https:\/\/scientia-amazonia.org\/index.php\/wp-json\/wp\/v2\/pages\/120\/revisions"}],"predecessor-version":[{"id":200,"href":"https:\/\/scientia-amazonia.org\/index.php\/wp-json\/wp\/v2\/pages\/120\/revisions\/200"}],"up":[{"embeddable":true,"href":"https:\/\/scientia-amazonia.org\/index.php\/wp-json\/wp\/v2\/pages\/106"}],"wp:attachment":[{"href":"https:\/\/scientia-amazonia.org\/index.php\/wp-json\/wp\/v2\/media?parent=120"}],"curies":[{"name":"wp","href":"https:\/\/api.w.org\/{rel}","templated":true}]}}