{"id":1214,"date":"2019-09-23T13:06:30","date_gmt":"2019-09-23T13:06:30","guid":{"rendered":"https:\/\/scientia-amazonia.org\/?page_id=1214"},"modified":"2020-04-10T22:23:15","modified_gmt":"2020-04-10T22:23:15","slug":"numero-1","status":"publish","type":"page","link":"https:\/\/scientia-amazonia.org\/index.php\/2020-2\/numero-1\/","title":{"rendered":"N\u00famero 1"},"content":{"rendered":"\n<h4>Biotecnologia<\/h4>\n\n\n\n<p class=\"has-text-align-center\"><a href=\"https:\/\/scientia-amazonia.org\/wp-content\/uploads\/2020\/04\/v9-n1-B1-B7-2020.pdf\">Physicochemical and microbiological analysis of \u201cp\u00e9s de moleque\u201d marketed in fairs of Manaus-Amazonas, Brazil<\/a> (In Portuguese)<\/p>\n\n\n\n<p class=\"has-text-align-center\">Gisele Guedes Bandeira, Antonia Eliana de Souza Trigueiro, Francidalva da Cruz Santos, Keity Anne Miranda de Oliveira, Maria Jose Bento, Taciana de Amorim Silva, Raimundo Felipe da Cruz Filho, Maria Francisca Simas Teixeira, Salom\u00e3o Rocha Martim<\/p>\n\n\n\n<p class=\"has-text-align-center\"><a href=\"https:\/\/scientia-amazonia.org\/wp-content\/uploads\/2020\/04\/v9-n1-B8-B14-2020.pdf\">Technological Prospecting of Astrocaryum Aculeatum (Tucum\u00e3) in a Patent Database<\/a> (In Portuguese)<\/p>\n\n\n\n<p class=\"has-text-align-center\">Elisama Campelo, Larisse Drumond, Roberta Costa da Silva, Antonio Claudio Kieling, Fabiana Lucena Oliveira, Raimundo Corr\u00eaa de Oliveira<\/p>\n\n\n\n<h4>Ci\u00eancias Agr\u00e1rias<\/h4>\n\n\n\n<p class=\"has-text-align-center\"><a href=\"https:\/\/scientia-amazonia.org\/wp-content\/uploads\/2020\/04\/v9-n1-CA1-CA11-2020.pdf\">Effects of different light levels on the seedling of faveira-camuz\u00e9 (Stryphnodendron pulcherrimum(Willd.) Hochr.)<\/a> (In Portuguese)<\/p>\n\n\n\n<p class=\"has-text-align-center\">Francisco Adilson dos Santos Hara, Patr\u00edcia Machado da Silva, Werley Masanori Takeda<\/p>\n\n\n\n<p class=\"has-text-align-center\"><a href=\"https:\/\/scientia-amazonia.org\/wp-content\/uploads\/2020\/04\/v9-n1-CA12-CA16-2020.pdf\">Aquaculture in the Central Amazon: experiencing stream cage fish farming at a remote community<\/a> (In English)<\/p>\n\n\n\n<p class=\"has-text-align-center\">Rog\u00e9rio Souza da Silva, Heitor Thury Barreiros Barbosa<\/p>\n\n\n\n<p class=\"has-text-align-center\"><a href=\"https:\/\/scientia-amazonia.org\/wp-content\/uploads\/2020\/04\/v9-n1-CA17-CA24-2020.pdf\">Floristic diagnosis of aquatic macrophytes occurring in fish farming in the Western Amazon region, Brazi<\/a>l (In Portuguese)<\/p>\n\n\n\n<p class=\"has-text-align-center\">Santina Rodrigues Santana, Fabiano Moreira Figueiredo, Daniela Lemes da Costa, Alisson Franklin Saviczki, Litssa Caroline Franco Pagadigorria<\/p>\n\n\n\n<p class=\"has-text-align-center\"><a href=\"https:\/\/scientia-amazonia.org\/wp-content\/uploads\/2020\/04\/v9-n1-CA25-CA29-2020.pdf\">Customer satisfaction in the fish market of Presidente Figueiredo (Central Amazon)<\/a> (In English)<\/p>\n\n\n\n<p class=\"has-text-align-center\">Priscila Silva Nascimento, Heitor Thury Barreiros Barbosa<\/p>\n\n\n\n<p class=\"has-text-align-center\"><a href=\"https:\/\/scientia-amazonia.org\/wp-content\/uploads\/2020\/04\/v9-n1-CA30-CA39-2020.pdf\">Accumulated litter, carbon content and vegetation index in bandarra plantation (Schizolobium parahyba var. amazonicum (Huber ex Ducke) Barneby) in Rondonia<\/a> (In Portuguese)<\/p>\n\n\n\n<p class=\"has-text-align-center\">Deborah Regina Alexandre, Adriano Reis Prazeres Mascarenhas<\/p>\n\n\n\n<p class=\"has-text-align-center\"><a href=\"https:\/\/scientia-amazonia.org\/wp-content\/uploads\/2020\/04\/v9-n1-CA40-CA53-2020.pdf\">Diet of cyclids under the influence of the flood pulse in river beach environments in the Amazon<\/a> (In Portuguese)<\/p>\n\n\n\n<p class=\"has-text-align-center\">Aldessandro da Costa Amaral, H\u00e9lio Daniel Beltr\u00e3o dos Anjos, Kedma Cristene Yamamoto<\/p>\n\n\n\n<p class=\"has-text-align-center\"><a href=\"https:\/\/scientia-amazonia.org\/wp-content\/uploads\/2020\/04\/v9-n1-CA54-CA63-2020.pdf\">Variation in the hepatosomatic and visceral fat indexes of the tambaqui due to feed rates in the semi-intensive fish farmin<\/a>g (In Portuguese)<\/p>\n\n\n\n<p class=\"has-text-align-center\">Marcos de Almeida Mereles, Raniere Garcez Costa Sousa<\/p>\n\n\n\n<p class=\"has-text-align-center\"><a href=\"https:\/\/scientia-amazonia.org\/wp-content\/uploads\/2020\/04\/v9-n1-CA64-CA71-2020.pdf\">Water:O2 ratio for the transport of tambaqui in a closed system<\/a> (In Portuguese)<\/p>\n\n\n\n<p class=\"has-text-align-center\">Diego Morgado de Campos, Charles Hanry Faria Junior, Thiago Marinho Pereira, Bruno Adan Sagratzki Cavero<\/p>\n\n\n\n<h4>Ci\u00eancias Ambientais<\/h4>\n\n\n\n<p class=\"has-text-align-center\"><a href=\"https:\/\/scientia-amazonia.org\/wp-content\/uploads\/2020\/04\/v9-n1-CAm1-CAm11-2020.pdf\">Land use changes and relations among water physicochemistry and hydrology in the Amazonian Purus river basin, northwestern Brazil<\/a> (In English)<\/p>\n\n\n\n<p class=\"has-text-align-center\">Eduardo Antonio R\u00edos-Villamizar, Maria Teresa Fernandez Piedade, Wolfgang Johannes Junk, Andr\u00e9a Viviana Waichman<\/p>\n\n\n\n<h4>Ci\u00eancias Biol\u00f3gicas<\/h4>\n\n\n\n<p class=\"has-text-align-center\"><a href=\"https:\/\/scientia-amazonia.org\/wp-content\/uploads\/2020\/04\/v9-n1-CB1-CB14-2020.pdf\">A brief introduction to the stereology applied to the metatarsophalangeal joint and its structural components: estimation of volume and surface area errors<\/a> (In Portuguese)<\/p>\n\n\n\n<p class=\"has-text-align-center\">Violeta Bastos de Mattos Areosa, Vanda Santana Queiroz Dini, Lucas Castanhola Dias, Ant\u00f4nio Luiz Boechat, Jarbas Pereira de Paula, Oscar Tadeu Ferreira da Costa<\/p>\n\n\n\n<h4>Ci\u00eancias Exatas<\/h4>\n\n\n\n<p class=\"has-text-align-center\"><a href=\"https:\/\/scientia-amazonia.org\/wp-content\/uploads\/2020\/04\/v9-n1-C1-C7-2020.pdf\">Evaluation of the adsorption kinetics of Eriochrome Black T in activated carbon produced from wastewater treatment plant sludge<\/a> (In Portuguese)<\/p>\n\n\n\n<p class=\"has-text-align-center\">Cristiane Daliassi Ramos de Souza, Sauro Franceschi de Carvalho<\/p>\n\n\n\n<p class=\"has-text-align-center\"><a href=\"https:\/\/scientia-amazonia.org\/wp-content\/uploads\/2020\/04\/v9-n1-C8-C14-2020.pdf\">Indicadores naturales encontrados en plantas: una propuesta de qu\u00edmica no amaz\u00f3nica<\/a> (In Portuguese)<\/p>\n\n\n\n<p class=\"has-text-align-center\">Ercila Pinto Monteiro, Andresa Maria Aires da Silva, Adriana Maria de Castro Monteiro, Jandson Corr\u00eaa da Silva, Leiliane de Almeida Freitas, Luana Teixeira Corr\u00eaa<\/p>\n\n\n\n<h4>Ci\u00eancias da Sa\u00fade<\/h4>\n\n\n\n<p class=\"has-text-align-center\"><a href=\"https:\/\/scientia-amazonia.org\/wp-content\/uploads\/2020\/04\/v9-n1-CS1-CS10-2020.pdf\">Early Complications in Bariatric Surgery at a University Hospital: Nine Year Follow-Up<\/a> (In Portuguese)<\/p>\n\n\n\n<p class=\"has-text-align-center\">Ronaldo Almeida Lid\u00f3rio J\u00fanior, Gerson Suguiyama Nakajima, Maria Giovana Queiroz de Lima, Lucas Medina Areosa, Fernando C\u00e9sar Fa\u00e7anha Fonseca, Adriano Pereira Machado, Isaac Tayah<\/p>\n\n\n\n<p class=\"has-text-align-center\"><a href=\"https:\/\/scientia-amazonia.org\/wp-content\/uploads\/2020\/04\/v9-n1-CS11-CS15-2020.pdf\">Fungemia due to the rare fungal pathogen Kodamaea ohmeri in a pediatric patient in Amazonia<\/a> (In English)<\/p>\n\n\n\n<p class=\"has-text-align-center\">Vivian Pereira do Nascimento, Marcelo Augusto da Eira Corr\u00eaa, Solange Dourado de Andrade, Maria de Lourdes Marinho de Magalh\u00e3es, Marla Jalene Alves, Victor Costa de Souza, Felipe Gomes Naveca, Ani Beatriz Jackisch-Matsuura<\/p>\n\n\n\n<p class=\"has-text-align-center\"><a href=\"https:\/\/scientia-amazonia.org\/wp-content\/uploads\/2020\/04\/v9-n1-CS16-CS25-2020.pdf\">Epidemiological profile of VIH\/SIDA in the municipality of Parauapebas-PA from 2009 to 2014<\/a> (In Portuguese)<\/p>\n\n\n\n<p class=\"has-text-align-center\">Jussara da Silva Nascimento Ara\u00fajo, Ma\u00edra Catherine Pereira Turiel<\/p>\n\n\n\n<p class=\"has-text-align-center\"><a href=\"https:\/\/scientia-amazonia.org\/wp-content\/uploads\/2020\/04\/v9-n1-CS26-CS30-2020.pdf\">Clinical-histological profile of patients with carcinoma in situ of the breast from 2003 to 2013 in Manaus \u2013 AM<\/a> (In Portuguese)<\/p>\n\n\n\n<p class=\"has-text-align-center\">Jander Rafael Nogueira da Silva, Karollina Deon e Silva, Gabriel Pac\u00edfico Seabra Nunes, Lailson Melgueira Navarro, Hilka Fl\u00e1via Barra do Espirito Santo Alves Pereira<\/p>\n\n\n\n<h4>Ci\u00eancias Sociais<\/h4>\n\n\n\n<p class=\"has-text-align-center\"><a href=\"https:\/\/scientia-amazonia.org\/wp-content\/uploads\/2020\/04\/v9-n1-CS1-CS9-2020.pdf\">Reverse logistics and sustainable reuse: a case study in a waste recycling company located in Manaus\/AM<\/a> (In Portuguese)<\/p>\n\n\n\n<p class=\"has-text-align-center\">Lorena Gomes Quintelo, Armando Ara\u00fajo de Souza J\u00fanior, Ana Fl\u00e1via de Moraes Moraes<\/p>\n\n\n\n<h4>Educa\u00e7\u00e3o<\/h4>\n\n\n\n<p class=\"has-text-align-center\"><a href=\"https:\/\/scientia-amazonia.org\/wp-content\/uploads\/2020\/04\/v9-n1-E1-E9-2020.pdf\">Regional valorization production and teaching: Amazon assai (Euterpe precatoria) for use as natural acid-base indicator<\/a> (In Portuguese)<\/p>\n\n\n\n<p class=\"has-text-align-center\">Klenicy Kazumy de Lima Yamaguchi, Eldrinei Gomes Peres, Elianai Melos Santos, Mayda Freitas Silva<\/p>\n\n\n\n<p class=\"has-text-align-center\"><a href=\"https:\/\/scientia-amazonia.org\/wp-content\/uploads\/2020\/04\/v9-n1-E10-E15-2020.pdf\">Terrarium as a didactic -pedagogicalfor teaching on ecosystem<\/a> (In Portuguese)<\/p>\n\n\n\n<p class=\"has-text-align-center\">Maria Fernanda Ribeiro Ferreira, Guilherme Santana Lustosa, Ricardo da Silva Carvalho, Daniel Silas Veras<\/p>\n\n\n\n<h4>Engenharia<\/h4>\n\n\n\n<p class=\"has-text-align-center\"><a href=\"https:\/\/scientia-amazonia.org\/wp-content\/uploads\/2019\/09\/v.-9-n.1-E1-E7-2020.pdf\">Comparative study of mechanical properties of polymeric composite materials with polyester matrix using natural and synthetic fibers as reinforcement<\/a> (In English)<\/p>\n\n\n\n<p class=\"has-text-align-center\">Raimundo Nonato Alves da Silva, Lucas Carvalho Cruz, Waldeir S. Dias, Bruno Mello de Freitas, Solenise Pinto R. Kimura, Guilherme S. Moreira, Jos\u00e9 Costa de Macedo Neto, Vanderl\u00e9ia Castro Bezerra, Ronaldo da Silva Cruz<\/p>\n\n\n\n<p><\/p>\n","protected":false},"excerpt":{"rendered":"<p>Biotecnologia Physicochemical and microbiological analysis of \u201cp\u00e9s de moleque\u201d marketed in fairs of Manaus-Amazonas, Brazil (In Portuguese) Gisele Guedes Bandeira, Antonia Eliana de Souza Trigueiro, Francidalva da Cruz Santos, Keity Anne Miranda de Oliveira, Maria [&hellip;]<\/p>\n","protected":false},"author":1,"featured_media":0,"parent":1212,"menu_order":0,"comment_status":"closed","ping_status":"closed","template":"","meta":{"_links_to":"","_links_to_target":""},"yoast_head":"<!-- This site is optimized with the Yoast SEO plugin v20.2.1 - https:\/\/yoast.com\/wordpress\/plugins\/seo\/ -->\n<title>N\u00famero 1 - Scientia Amazonia<\/title>\n<meta name=\"robots\" content=\"index, follow, max-snippet:-1, max-image-preview:large, max-video-preview:-1\" \/>\n<link rel=\"canonical\" href=\"https:\/\/scientia-amazonia.org\/index.php\/2020-2\/numero-1\/\" \/>\n<meta property=\"og:locale\" content=\"en_US\" \/>\n<meta property=\"og:type\" content=\"article\" \/>\n<meta property=\"og:title\" content=\"N\u00famero 1 - Scientia Amazonia\" \/>\n<meta property=\"og:description\" content=\"Biotecnologia Physicochemical and microbiological analysis of \u201cp\u00e9s de moleque\u201d marketed in fairs of Manaus-Amazonas, Brazil (In Portuguese) Gisele Guedes Bandeira, Antonia Eliana de Souza Trigueiro, Francidalva da Cruz Santos, Keity Anne Miranda de Oliveira, Maria [&hellip;]\" \/>\n<meta property=\"og:url\" content=\"https:\/\/scientia-amazonia.org\/index.php\/2020-2\/numero-1\/\" \/>\n<meta property=\"og:site_name\" content=\"Scientia Amazonia\" \/>\n<meta property=\"article:modified_time\" content=\"2020-04-10T22:23:15+00:00\" \/>\n<meta name=\"twitter:card\" content=\"summary_large_image\" \/>\n<meta name=\"twitter:label1\" content=\"Est. reading time\" \/>\n\t<meta name=\"twitter:data1\" content=\"4 minutes\" \/>\n<script type=\"application\/ld+json\" class=\"yoast-schema-graph\">{\"@context\":\"https:\/\/schema.org\",\"@graph\":[{\"@type\":\"WebPage\",\"@id\":\"https:\/\/scientia-amazonia.org\/index.php\/2020-2\/numero-1\/\",\"url\":\"https:\/\/scientia-amazonia.org\/index.php\/2020-2\/numero-1\/\",\"name\":\"N\u00famero 1 - Scientia Amazonia\",\"isPartOf\":{\"@id\":\"https:\/\/scientia-amazonia.org\/#website\"},\"datePublished\":\"2019-09-23T13:06:30+00:00\",\"dateModified\":\"2020-04-10T22:23:15+00:00\",\"breadcrumb\":{\"@id\":\"https:\/\/scientia-amazonia.org\/index.php\/2020-2\/numero-1\/#breadcrumb\"},\"inLanguage\":\"en-US\",\"potentialAction\":[{\"@type\":\"ReadAction\",\"target\":[\"https:\/\/scientia-amazonia.org\/index.php\/2020-2\/numero-1\/\"]}]},{\"@type\":\"BreadcrumbList\",\"@id\":\"https:\/\/scientia-amazonia.org\/index.php\/2020-2\/numero-1\/#breadcrumb\",\"itemListElement\":[{\"@type\":\"ListItem\",\"position\":1,\"name\":\"Home\",\"item\":\"https:\/\/scientia-amazonia.org\/\"},{\"@type\":\"ListItem\",\"position\":2,\"name\":\"2020\",\"item\":\"https:\/\/scientia-amazonia.org\/index.php\/2020-2\/\"},{\"@type\":\"ListItem\",\"position\":3,\"name\":\"N\u00famero 1\"}]},{\"@type\":\"WebSite\",\"@id\":\"https:\/\/scientia-amazonia.org\/#website\",\"url\":\"https:\/\/scientia-amazonia.org\/\",\"name\":\"Scientia Amazonia\",\"description\":\"Revista eletr\u00f4nica\",\"publisher\":{\"@id\":\"https:\/\/scientia-amazonia.org\/#organization\"},\"potentialAction\":[{\"@type\":\"SearchAction\",\"target\":{\"@type\":\"EntryPoint\",\"urlTemplate\":\"https:\/\/scientia-amazonia.org\/?s={search_term_string}\"},\"query-input\":\"required name=search_term_string\"}],\"inLanguage\":\"en-US\"},{\"@type\":\"Organization\",\"@id\":\"https:\/\/scientia-amazonia.org\/#organization\",\"name\":\"Scientia Amazonia\",\"url\":\"https:\/\/scientia-amazonia.org\/\",\"logo\":{\"@type\":\"ImageObject\",\"inLanguage\":\"en-US\",\"@id\":\"https:\/\/scientia-amazonia.org\/#\/schema\/logo\/image\/\",\"url\":\"https:\/\/scientia-amazonia.org\/wp-content\/uploads\/2021\/03\/logoScientia2.png\",\"contentUrl\":\"https:\/\/scientia-amazonia.org\/wp-content\/uploads\/2021\/03\/logoScientia2.png\",\"width\":934,\"height\":100,\"caption\":\"Scientia Amazonia\"},\"image\":{\"@id\":\"https:\/\/scientia-amazonia.org\/#\/schema\/logo\/image\/\"}}]}<\/script>\n<!-- \/ Yoast SEO plugin. -->","yoast_head_json":{"title":"N\u00famero 1 - Scientia Amazonia","robots":{"index":"index","follow":"follow","max-snippet":"max-snippet:-1","max-image-preview":"max-image-preview:large","max-video-preview":"max-video-preview:-1"},"canonical":"https:\/\/scientia-amazonia.org\/index.php\/2020-2\/numero-1\/","og_locale":"en_US","og_type":"article","og_title":"N\u00famero 1 - Scientia Amazonia","og_description":"Biotecnologia Physicochemical and microbiological analysis of \u201cp\u00e9s de moleque\u201d marketed in fairs of Manaus-Amazonas, Brazil (In Portuguese) Gisele Guedes Bandeira, Antonia Eliana de Souza Trigueiro, Francidalva da Cruz Santos, Keity Anne Miranda de Oliveira, Maria [&hellip;]","og_url":"https:\/\/scientia-amazonia.org\/index.php\/2020-2\/numero-1\/","og_site_name":"Scientia Amazonia","article_modified_time":"2020-04-10T22:23:15+00:00","twitter_card":"summary_large_image","twitter_misc":{"Est. reading time":"4 minutes"},"schema":{"@context":"https:\/\/schema.org","@graph":[{"@type":"WebPage","@id":"https:\/\/scientia-amazonia.org\/index.php\/2020-2\/numero-1\/","url":"https:\/\/scientia-amazonia.org\/index.php\/2020-2\/numero-1\/","name":"N\u00famero 1 - Scientia Amazonia","isPartOf":{"@id":"https:\/\/scientia-amazonia.org\/#website"},"datePublished":"2019-09-23T13:06:30+00:00","dateModified":"2020-04-10T22:23:15+00:00","breadcrumb":{"@id":"https:\/\/scientia-amazonia.org\/index.php\/2020-2\/numero-1\/#breadcrumb"},"inLanguage":"en-US","potentialAction":[{"@type":"ReadAction","target":["https:\/\/scientia-amazonia.org\/index.php\/2020-2\/numero-1\/"]}]},{"@type":"BreadcrumbList","@id":"https:\/\/scientia-amazonia.org\/index.php\/2020-2\/numero-1\/#breadcrumb","itemListElement":[{"@type":"ListItem","position":1,"name":"Home","item":"https:\/\/scientia-amazonia.org\/"},{"@type":"ListItem","position":2,"name":"2020","item":"https:\/\/scientia-amazonia.org\/index.php\/2020-2\/"},{"@type":"ListItem","position":3,"name":"N\u00famero 1"}]},{"@type":"WebSite","@id":"https:\/\/scientia-amazonia.org\/#website","url":"https:\/\/scientia-amazonia.org\/","name":"Scientia Amazonia","description":"Revista eletr\u00f4nica","publisher":{"@id":"https:\/\/scientia-amazonia.org\/#organization"},"potentialAction":[{"@type":"SearchAction","target":{"@type":"EntryPoint","urlTemplate":"https:\/\/scientia-amazonia.org\/?s={search_term_string}"},"query-input":"required name=search_term_string"}],"inLanguage":"en-US"},{"@type":"Organization","@id":"https:\/\/scientia-amazonia.org\/#organization","name":"Scientia Amazonia","url":"https:\/\/scientia-amazonia.org\/","logo":{"@type":"ImageObject","inLanguage":"en-US","@id":"https:\/\/scientia-amazonia.org\/#\/schema\/logo\/image\/","url":"https:\/\/scientia-amazonia.org\/wp-content\/uploads\/2021\/03\/logoScientia2.png","contentUrl":"https:\/\/scientia-amazonia.org\/wp-content\/uploads\/2021\/03\/logoScientia2.png","width":934,"height":100,"caption":"Scientia Amazonia"},"image":{"@id":"https:\/\/scientia-amazonia.org\/#\/schema\/logo\/image\/"}}]}},"_links":{"self":[{"href":"https:\/\/scientia-amazonia.org\/index.php\/wp-json\/wp\/v2\/pages\/1214"}],"collection":[{"href":"https:\/\/scientia-amazonia.org\/index.php\/wp-json\/wp\/v2\/pages"}],"about":[{"href":"https:\/\/scientia-amazonia.org\/index.php\/wp-json\/wp\/v2\/types\/page"}],"author":[{"embeddable":true,"href":"https:\/\/scientia-amazonia.org\/index.php\/wp-json\/wp\/v2\/users\/1"}],"replies":[{"embeddable":true,"href":"https:\/\/scientia-amazonia.org\/index.php\/wp-json\/wp\/v2\/comments?post=1214"}],"version-history":[{"count":49,"href":"https:\/\/scientia-amazonia.org\/index.php\/wp-json\/wp\/v2\/pages\/1214\/revisions"}],"predecessor-version":[{"id":1309,"href":"https:\/\/scientia-amazonia.org\/index.php\/wp-json\/wp\/v2\/pages\/1214\/revisions\/1309"}],"up":[{"embeddable":true,"href":"https:\/\/scientia-amazonia.org\/index.php\/wp-json\/wp\/v2\/pages\/1212"}],"wp:attachment":[{"href":"https:\/\/scientia-amazonia.org\/index.php\/wp-json\/wp\/v2\/media?parent=1214"}],"curies":[{"name":"wp","href":"https:\/\/api.w.org\/{rel}","templated":true}]}}