{"id":124,"date":"2016-06-09T19:14:01","date_gmt":"2016-06-09T19:14:01","guid":{"rendered":"https:\/\/scientia-amazonia.org\/?page_id=124"},"modified":"2016-06-10T01:29:57","modified_gmt":"2016-06-10T01:29:57","slug":"numero-3","status":"publish","type":"page","link":"https:\/\/scientia-amazonia.org\/index.php\/2012-volume-1-numero-1\/numero-3\/","title":{"rendered":"N\u00famero 3"},"content":{"rendered":"<p><a href=\"https:\/\/scientia-amazonia.org\/wp-content\/uploads\/2016\/06\/editorial-v1-n3.pdf\">Editorial<\/a><\/p>\n<p><a href=\"https:\/\/scientia-amazonia.org\/wp-content\/uploads\/2016\/06\/v1-n3-1-2-2012.pdf\">ENTREVISTA COM A PESQUISADORA PROFESSORA DOUTORA IZENI PIRES FARIAS<\/a><\/p>\n<p><a href=\"https:\/\/scientia-amazonia.org\/wp-content\/uploads\/2016\/06\/v1-n3-3-16-2012.pdf\">YACON NA ALIMENTA\u00c7\u00c3O HUMANA: ASPECTOS NUTRICIONAIS,\u00a0FUNCIONAIS, UTILIZA\u00c7\u00c3O E TOXICIDADE<\/a><\/p>\n<p>Jo\u00e3o Tomaz da Silva Borges, M\u00f4nica Ribeiro Pirozi,\u00a0Cl\u00e1udia Denise de Paula,\u00a0Juliana Gon\u00e7alves Vidigal,\u00a0Natanielli Alves de Sousa e Silva, Fabiano Ricardo Brunele Caliman<\/p>\n<p><a href=\"https:\/\/scientia-amazonia.org\/wp-content\/uploads\/2016\/06\/v1-n3-17-26-2012.pdf\">ASPECTOS DO OFIDISMO NO BRASIL E PLANTAS MEDICINAIS UTILIZADAS COMO COMPLEMENTO \u00c0 SOROTERAPIA<\/a><\/p>\n<p>Val\u00e9ria Mour\u00e3o de Moura, Rosa Helena Veras Mour\u00e3o<\/p>\n<p><a href=\"https:\/\/scientia-amazonia.org\/wp-content\/uploads\/2016\/06\/v1-n3-27-39-2012-1.pdf\">CITOCINAS PR\u00d3-INFLAMAT\u00d3RIAS\u00a0EM ARTRITE INDUZIDA POR ADJUVANTE: UMA REVIS\u00c3O DA A\u00c7\u00c3O IMUNOMODULADORA DE SUBST\u00c2NCIAS BIOATIVAS<\/a><\/p>\n<p>Merini, L. R.; Furtado, S. C.; Guimar\u00e3es, M. R.; Galv\u00e3o, J. R.; Barcellos, J. F. M.<\/p>\n<p><a href=\"https:\/\/scientia-amazonia.org\/wp-content\/uploads\/2016\/06\/v1-n3-40-48-2012.pdf\">TRATAMENTO QU\u00cdMICO SELETIVO: UMA ESPECIA\u00c7\u00c3O OPERACIONAL<\/a><\/p>\n<p>Paulo Renan Gomes Ferreira e Genilson Pereira Santana<\/p>\n","protected":false},"excerpt":{"rendered":"<p>Editorial ENTREVISTA COM A PESQUISADORA PROFESSORA DOUTORA IZENI PIRES FARIAS YACON NA ALIMENTA\u00c7\u00c3O HUMANA: ASPECTOS NUTRICIONAIS,\u00a0FUNCIONAIS, UTILIZA\u00c7\u00c3O E TOXICIDADE Jo\u00e3o Tomaz da Silva Borges, M\u00f4nica Ribeiro Pirozi,\u00a0Cl\u00e1udia Denise de Paula,\u00a0Juliana Gon\u00e7alves Vidigal,\u00a0Natanielli Alves de Sousa [&hellip;]<\/p>\n","protected":false},"author":1,"featured_media":0,"parent":106,"menu_order":0,"comment_status":"closed","ping_status":"closed","template":"","meta":{"_links_to":"","_links_to_target":""},"yoast_head":"<!-- This site is optimized with the Yoast SEO plugin v20.2.1 - https:\/\/yoast.com\/wordpress\/plugins\/seo\/ -->\n<title>N\u00famero 3 - Scientia Amazonia<\/title>\n<meta name=\"robots\" content=\"index, follow, max-snippet:-1, max-image-preview:large, max-video-preview:-1\" \/>\n<link rel=\"canonical\" href=\"https:\/\/scientia-amazonia.org\/index.php\/2012-volume-1-numero-1\/numero-3\/\" \/>\n<meta property=\"og:locale\" content=\"en_US\" \/>\n<meta property=\"og:type\" content=\"article\" \/>\n<meta property=\"og:title\" content=\"N\u00famero 3 - Scientia Amazonia\" \/>\n<meta property=\"og:description\" content=\"Editorial ENTREVISTA COM A PESQUISADORA PROFESSORA DOUTORA IZENI PIRES FARIAS YACON NA ALIMENTA\u00c7\u00c3O HUMANA: ASPECTOS NUTRICIONAIS,\u00a0FUNCIONAIS, UTILIZA\u00c7\u00c3O E TOXICIDADE Jo\u00e3o Tomaz da Silva Borges, M\u00f4nica Ribeiro Pirozi,\u00a0Cl\u00e1udia Denise de Paula,\u00a0Juliana Gon\u00e7alves Vidigal,\u00a0Natanielli Alves de Sousa [&hellip;]\" \/>\n<meta property=\"og:url\" content=\"https:\/\/scientia-amazonia.org\/index.php\/2012-volume-1-numero-1\/numero-3\/\" \/>\n<meta property=\"og:site_name\" content=\"Scientia Amazonia\" \/>\n<meta property=\"article:modified_time\" content=\"2016-06-10T01:29:57+00:00\" \/>\n<meta name=\"twitter:card\" content=\"summary_large_image\" \/>\n<meta name=\"twitter:label1\" content=\"Est. reading time\" \/>\n\t<meta name=\"twitter:data1\" content=\"1 minute\" \/>\n<script type=\"application\/ld+json\" class=\"yoast-schema-graph\">{\"@context\":\"https:\/\/schema.org\",\"@graph\":[{\"@type\":\"WebPage\",\"@id\":\"https:\/\/scientia-amazonia.org\/index.php\/2012-volume-1-numero-1\/numero-3\/\",\"url\":\"https:\/\/scientia-amazonia.org\/index.php\/2012-volume-1-numero-1\/numero-3\/\",\"name\":\"N\u00famero 3 - Scientia Amazonia\",\"isPartOf\":{\"@id\":\"https:\/\/scientia-amazonia.org\/#website\"},\"datePublished\":\"2016-06-09T19:14:01+00:00\",\"dateModified\":\"2016-06-10T01:29:57+00:00\",\"breadcrumb\":{\"@id\":\"https:\/\/scientia-amazonia.org\/index.php\/2012-volume-1-numero-1\/numero-3\/#breadcrumb\"},\"inLanguage\":\"en-US\",\"potentialAction\":[{\"@type\":\"ReadAction\",\"target\":[\"https:\/\/scientia-amazonia.org\/index.php\/2012-volume-1-numero-1\/numero-3\/\"]}]},{\"@type\":\"BreadcrumbList\",\"@id\":\"https:\/\/scientia-amazonia.org\/index.php\/2012-volume-1-numero-1\/numero-3\/#breadcrumb\",\"itemListElement\":[{\"@type\":\"ListItem\",\"position\":1,\"name\":\"Home\",\"item\":\"https:\/\/scientia-amazonia.org\/\"},{\"@type\":\"ListItem\",\"position\":2,\"name\":\"2012\",\"item\":\"https:\/\/scientia-amazonia.org\/index.php\/2012-volume-1-numero-1\/\"},{\"@type\":\"ListItem\",\"position\":3,\"name\":\"N\u00famero 3\"}]},{\"@type\":\"WebSite\",\"@id\":\"https:\/\/scientia-amazonia.org\/#website\",\"url\":\"https:\/\/scientia-amazonia.org\/\",\"name\":\"Scientia Amazonia\",\"description\":\"Revista eletr\u00f4nica\",\"publisher\":{\"@id\":\"https:\/\/scientia-amazonia.org\/#organization\"},\"potentialAction\":[{\"@type\":\"SearchAction\",\"target\":{\"@type\":\"EntryPoint\",\"urlTemplate\":\"https:\/\/scientia-amazonia.org\/?s={search_term_string}\"},\"query-input\":\"required name=search_term_string\"}],\"inLanguage\":\"en-US\"},{\"@type\":\"Organization\",\"@id\":\"https:\/\/scientia-amazonia.org\/#organization\",\"name\":\"Scientia Amazonia\",\"url\":\"https:\/\/scientia-amazonia.org\/\",\"logo\":{\"@type\":\"ImageObject\",\"inLanguage\":\"en-US\",\"@id\":\"https:\/\/scientia-amazonia.org\/#\/schema\/logo\/image\/\",\"url\":\"https:\/\/scientia-amazonia.org\/wp-content\/uploads\/2021\/03\/logoScientia2.png\",\"contentUrl\":\"https:\/\/scientia-amazonia.org\/wp-content\/uploads\/2021\/03\/logoScientia2.png\",\"width\":934,\"height\":100,\"caption\":\"Scientia Amazonia\"},\"image\":{\"@id\":\"https:\/\/scientia-amazonia.org\/#\/schema\/logo\/image\/\"}}]}<\/script>\n<!-- \/ Yoast SEO plugin. -->","yoast_head_json":{"title":"N\u00famero 3 - Scientia Amazonia","robots":{"index":"index","follow":"follow","max-snippet":"max-snippet:-1","max-image-preview":"max-image-preview:large","max-video-preview":"max-video-preview:-1"},"canonical":"https:\/\/scientia-amazonia.org\/index.php\/2012-volume-1-numero-1\/numero-3\/","og_locale":"en_US","og_type":"article","og_title":"N\u00famero 3 - Scientia Amazonia","og_description":"Editorial ENTREVISTA COM A PESQUISADORA PROFESSORA DOUTORA IZENI PIRES FARIAS YACON NA ALIMENTA\u00c7\u00c3O HUMANA: ASPECTOS NUTRICIONAIS,\u00a0FUNCIONAIS, UTILIZA\u00c7\u00c3O E TOXICIDADE Jo\u00e3o Tomaz da Silva Borges, M\u00f4nica Ribeiro Pirozi,\u00a0Cl\u00e1udia Denise de Paula,\u00a0Juliana Gon\u00e7alves Vidigal,\u00a0Natanielli Alves de Sousa [&hellip;]","og_url":"https:\/\/scientia-amazonia.org\/index.php\/2012-volume-1-numero-1\/numero-3\/","og_site_name":"Scientia Amazonia","article_modified_time":"2016-06-10T01:29:57+00:00","twitter_card":"summary_large_image","twitter_misc":{"Est. reading time":"1 minute"},"schema":{"@context":"https:\/\/schema.org","@graph":[{"@type":"WebPage","@id":"https:\/\/scientia-amazonia.org\/index.php\/2012-volume-1-numero-1\/numero-3\/","url":"https:\/\/scientia-amazonia.org\/index.php\/2012-volume-1-numero-1\/numero-3\/","name":"N\u00famero 3 - Scientia Amazonia","isPartOf":{"@id":"https:\/\/scientia-amazonia.org\/#website"},"datePublished":"2016-06-09T19:14:01+00:00","dateModified":"2016-06-10T01:29:57+00:00","breadcrumb":{"@id":"https:\/\/scientia-amazonia.org\/index.php\/2012-volume-1-numero-1\/numero-3\/#breadcrumb"},"inLanguage":"en-US","potentialAction":[{"@type":"ReadAction","target":["https:\/\/scientia-amazonia.org\/index.php\/2012-volume-1-numero-1\/numero-3\/"]}]},{"@type":"BreadcrumbList","@id":"https:\/\/scientia-amazonia.org\/index.php\/2012-volume-1-numero-1\/numero-3\/#breadcrumb","itemListElement":[{"@type":"ListItem","position":1,"name":"Home","item":"https:\/\/scientia-amazonia.org\/"},{"@type":"ListItem","position":2,"name":"2012","item":"https:\/\/scientia-amazonia.org\/index.php\/2012-volume-1-numero-1\/"},{"@type":"ListItem","position":3,"name":"N\u00famero 3"}]},{"@type":"WebSite","@id":"https:\/\/scientia-amazonia.org\/#website","url":"https:\/\/scientia-amazonia.org\/","name":"Scientia Amazonia","description":"Revista eletr\u00f4nica","publisher":{"@id":"https:\/\/scientia-amazonia.org\/#organization"},"potentialAction":[{"@type":"SearchAction","target":{"@type":"EntryPoint","urlTemplate":"https:\/\/scientia-amazonia.org\/?s={search_term_string}"},"query-input":"required name=search_term_string"}],"inLanguage":"en-US"},{"@type":"Organization","@id":"https:\/\/scientia-amazonia.org\/#organization","name":"Scientia Amazonia","url":"https:\/\/scientia-amazonia.org\/","logo":{"@type":"ImageObject","inLanguage":"en-US","@id":"https:\/\/scientia-amazonia.org\/#\/schema\/logo\/image\/","url":"https:\/\/scientia-amazonia.org\/wp-content\/uploads\/2021\/03\/logoScientia2.png","contentUrl":"https:\/\/scientia-amazonia.org\/wp-content\/uploads\/2021\/03\/logoScientia2.png","width":934,"height":100,"caption":"Scientia Amazonia"},"image":{"@id":"https:\/\/scientia-amazonia.org\/#\/schema\/logo\/image\/"}}]}},"_links":{"self":[{"href":"https:\/\/scientia-amazonia.org\/index.php\/wp-json\/wp\/v2\/pages\/124"}],"collection":[{"href":"https:\/\/scientia-amazonia.org\/index.php\/wp-json\/wp\/v2\/pages"}],"about":[{"href":"https:\/\/scientia-amazonia.org\/index.php\/wp-json\/wp\/v2\/types\/page"}],"author":[{"embeddable":true,"href":"https:\/\/scientia-amazonia.org\/index.php\/wp-json\/wp\/v2\/users\/1"}],"replies":[{"embeddable":true,"href":"https:\/\/scientia-amazonia.org\/index.php\/wp-json\/wp\/v2\/comments?post=124"}],"version-history":[{"count":8,"href":"https:\/\/scientia-amazonia.org\/index.php\/wp-json\/wp\/v2\/pages\/124\/revisions"}],"predecessor-version":[{"id":214,"href":"https:\/\/scientia-amazonia.org\/index.php\/wp-json\/wp\/v2\/pages\/124\/revisions\/214"}],"up":[{"embeddable":true,"href":"https:\/\/scientia-amazonia.org\/index.php\/wp-json\/wp\/v2\/pages\/106"}],"wp:attachment":[{"href":"https:\/\/scientia-amazonia.org\/index.php\/wp-json\/wp\/v2\/media?parent=124"}],"curies":[{"name":"wp","href":"https:\/\/api.w.org\/{rel}","templated":true}]}}