{"id":134,"date":"2016-06-09T19:34:34","date_gmt":"2016-06-09T19:34:34","guid":{"rendered":"https:\/\/scientia-amazonia.org\/?page_id=134"},"modified":"2016-06-10T01:44:05","modified_gmt":"2016-06-10T01:44:05","slug":"numero-2","status":"publish","type":"page","link":"https:\/\/scientia-amazonia.org\/index.php\/2013-2\/numero-2\/","title":{"rendered":"N\u00famero 2"},"content":{"rendered":"<p><a href=\"https:\/\/scientia-amazonia.org\/wp-content\/uploads\/2016\/06\/entrevista-do-Menin.pdf\">ENTREVISTA COM O PESQUISADOR PROFESSOR DOUTOR MARCELO MENIN<\/a><\/p>\n<p><a href=\"https:\/\/scientia-amazonia.org\/wp-content\/uploads\/2016\/06\/v2-n2-4-14-2013.pdf\">AN\u00c1LISE DE VIABILIDADE PARA IMPLANTA\u00c7\u00c3O DA GUARDA MUNICIPAL NO MUNIC\u00cdPIO DE MANACAPURU NO ESTADO DO AMAZONAS \u2013 2012<\/a><\/p>\n<p>Nixon Diniz Pereira, Waldemar Ant\u00f4nio da Rocha Souza, Marcelo de Souza Ramos\u00a0Genismar Queiroz Brand\u00e3o, Jo\u00e3o Elias Ferreira da Costa\u00a0Jos\u00e9 Mario de Souza Bentes<\/p>\n<p><a href=\"https:\/\/scientia-amazonia.org\/wp-content\/uploads\/2016\/06\/v2-n2-15-19-2013.pdf\">RELA\u00c7\u00c3O PESO-COMPRIMENTO DE COLOSSOMA MACROPOMUM E PROCHILODUS NIGRICANS A PARTIR DE DADOS DE DESEMBARQUE EM MANACAPURU \u2013 AM<\/a><\/p>\n<p>Gisele Batista Correia,\u00a0Carlos Edwar de Carvalho Freitas<\/p>\n<p><a href=\"https:\/\/scientia-amazonia.org\/wp-content\/uploads\/2016\/06\/v2-n2-20-28-2013.pdf\">O CASO DO MERC\u00daRIO: TOXICIDADE DOS ORGANOMERCURAIS<\/a><\/p>\n<p>Wamber Broni de Souza, Genilson Pereira Santana<\/p>\n<p><a href=\"https:\/\/scientia-amazonia.org\/wp-content\/uploads\/2016\/06\/v2-n2-29-41-2013.pdf\">OPTIMAL-IT\u00ae: UMA REVIS\u00c3O DE SEU DESEMPENHO NO DIAGN\u00d3STICO DE MAL\u00c1RIA<\/a><\/p>\n<p>Luciana Pereira de Sousa, Luis Andr\u00e9 Mariuba, Paulo Afonso Nogueira<\/p>\n<p><a href=\"https:\/\/scientia-amazonia.org\/wp-content\/uploads\/2016\/06\/v2-n2-42-49-2013.pdf\">TEORIA DAS REPRESENTA\u00c7\u00d5ES SOCIAIS E PESQUISA SOCIOEDUCATIVA EM SA\u00daDE DO IDOSO: CONTRIBUI\u00c7\u00d5ES TE\u00d3RICO-METODOLO\u00d3GICAS<\/a><\/p>\n<p>Darlisom Sousa Ferreira, Andr\u00e9 Luiz Machado das Neves, Tarciano Batista e Siqueirae Iury Pedro Bento Barbosa<\/p>\n","protected":false},"excerpt":{"rendered":"<p>ENTREVISTA COM O PESQUISADOR PROFESSOR DOUTOR MARCELO MENIN AN\u00c1LISE DE VIABILIDADE PARA IMPLANTA\u00c7\u00c3O DA GUARDA MUNICIPAL NO MUNIC\u00cdPIO DE MANACAPURU NO ESTADO DO AMAZONAS \u2013 2012 Nixon Diniz Pereira, Waldemar Ant\u00f4nio da Rocha Souza, Marcelo [&hellip;]<\/p>\n","protected":false},"author":1,"featured_media":0,"parent":128,"menu_order":0,"comment_status":"closed","ping_status":"closed","template":"","meta":{"_links_to":"","_links_to_target":""},"yoast_head":"<!-- This site is optimized with the Yoast SEO plugin v20.2.1 - https:\/\/yoast.com\/wordpress\/plugins\/seo\/ -->\n<title>N\u00famero 2 - Scientia Amazonia<\/title>\n<meta name=\"robots\" content=\"index, follow, max-snippet:-1, max-image-preview:large, max-video-preview:-1\" \/>\n<link rel=\"canonical\" href=\"https:\/\/scientia-amazonia.org\/index.php\/2013-2\/numero-2\/\" \/>\n<meta property=\"og:locale\" content=\"en_US\" \/>\n<meta property=\"og:type\" content=\"article\" \/>\n<meta property=\"og:title\" content=\"N\u00famero 2 - Scientia Amazonia\" \/>\n<meta property=\"og:description\" content=\"ENTREVISTA COM O PESQUISADOR PROFESSOR DOUTOR MARCELO MENIN AN\u00c1LISE DE VIABILIDADE PARA IMPLANTA\u00c7\u00c3O DA GUARDA MUNICIPAL NO MUNIC\u00cdPIO DE MANACAPURU NO ESTADO DO AMAZONAS \u2013 2012 Nixon Diniz Pereira, Waldemar Ant\u00f4nio da Rocha Souza, Marcelo [&hellip;]\" \/>\n<meta property=\"og:url\" content=\"https:\/\/scientia-amazonia.org\/index.php\/2013-2\/numero-2\/\" \/>\n<meta property=\"og:site_name\" content=\"Scientia Amazonia\" \/>\n<meta property=\"article:modified_time\" content=\"2016-06-10T01:44:05+00:00\" \/>\n<meta name=\"twitter:card\" content=\"summary_large_image\" \/>\n<meta name=\"twitter:label1\" content=\"Est. reading time\" \/>\n\t<meta name=\"twitter:data1\" content=\"1 minute\" \/>\n<script type=\"application\/ld+json\" class=\"yoast-schema-graph\">{\"@context\":\"https:\/\/schema.org\",\"@graph\":[{\"@type\":\"WebPage\",\"@id\":\"https:\/\/scientia-amazonia.org\/index.php\/2013-2\/numero-2\/\",\"url\":\"https:\/\/scientia-amazonia.org\/index.php\/2013-2\/numero-2\/\",\"name\":\"N\u00famero 2 - Scientia Amazonia\",\"isPartOf\":{\"@id\":\"https:\/\/scientia-amazonia.org\/#website\"},\"datePublished\":\"2016-06-09T19:34:34+00:00\",\"dateModified\":\"2016-06-10T01:44:05+00:00\",\"breadcrumb\":{\"@id\":\"https:\/\/scientia-amazonia.org\/index.php\/2013-2\/numero-2\/#breadcrumb\"},\"inLanguage\":\"en-US\",\"potentialAction\":[{\"@type\":\"ReadAction\",\"target\":[\"https:\/\/scientia-amazonia.org\/index.php\/2013-2\/numero-2\/\"]}]},{\"@type\":\"BreadcrumbList\",\"@id\":\"https:\/\/scientia-amazonia.org\/index.php\/2013-2\/numero-2\/#breadcrumb\",\"itemListElement\":[{\"@type\":\"ListItem\",\"position\":1,\"name\":\"Home\",\"item\":\"https:\/\/scientia-amazonia.org\/\"},{\"@type\":\"ListItem\",\"position\":2,\"name\":\"2013\",\"item\":\"https:\/\/scientia-amazonia.org\/index.php\/2013-2\/\"},{\"@type\":\"ListItem\",\"position\":3,\"name\":\"N\u00famero 2\"}]},{\"@type\":\"WebSite\",\"@id\":\"https:\/\/scientia-amazonia.org\/#website\",\"url\":\"https:\/\/scientia-amazonia.org\/\",\"name\":\"Scientia Amazonia\",\"description\":\"Revista eletr\u00f4nica\",\"publisher\":{\"@id\":\"https:\/\/scientia-amazonia.org\/#organization\"},\"potentialAction\":[{\"@type\":\"SearchAction\",\"target\":{\"@type\":\"EntryPoint\",\"urlTemplate\":\"https:\/\/scientia-amazonia.org\/?s={search_term_string}\"},\"query-input\":\"required name=search_term_string\"}],\"inLanguage\":\"en-US\"},{\"@type\":\"Organization\",\"@id\":\"https:\/\/scientia-amazonia.org\/#organization\",\"name\":\"Scientia Amazonia\",\"url\":\"https:\/\/scientia-amazonia.org\/\",\"logo\":{\"@type\":\"ImageObject\",\"inLanguage\":\"en-US\",\"@id\":\"https:\/\/scientia-amazonia.org\/#\/schema\/logo\/image\/\",\"url\":\"https:\/\/scientia-amazonia.org\/wp-content\/uploads\/2021\/03\/logoScientia2.png\",\"contentUrl\":\"https:\/\/scientia-amazonia.org\/wp-content\/uploads\/2021\/03\/logoScientia2.png\",\"width\":934,\"height\":100,\"caption\":\"Scientia Amazonia\"},\"image\":{\"@id\":\"https:\/\/scientia-amazonia.org\/#\/schema\/logo\/image\/\"}}]}<\/script>\n<!-- \/ Yoast SEO plugin. -->","yoast_head_json":{"title":"N\u00famero 2 - Scientia Amazonia","robots":{"index":"index","follow":"follow","max-snippet":"max-snippet:-1","max-image-preview":"max-image-preview:large","max-video-preview":"max-video-preview:-1"},"canonical":"https:\/\/scientia-amazonia.org\/index.php\/2013-2\/numero-2\/","og_locale":"en_US","og_type":"article","og_title":"N\u00famero 2 - Scientia Amazonia","og_description":"ENTREVISTA COM O PESQUISADOR PROFESSOR DOUTOR MARCELO MENIN AN\u00c1LISE DE VIABILIDADE PARA IMPLANTA\u00c7\u00c3O DA GUARDA MUNICIPAL NO MUNIC\u00cdPIO DE MANACAPURU NO ESTADO DO AMAZONAS \u2013 2012 Nixon Diniz Pereira, Waldemar Ant\u00f4nio da Rocha Souza, Marcelo [&hellip;]","og_url":"https:\/\/scientia-amazonia.org\/index.php\/2013-2\/numero-2\/","og_site_name":"Scientia Amazonia","article_modified_time":"2016-06-10T01:44:05+00:00","twitter_card":"summary_large_image","twitter_misc":{"Est. reading time":"1 minute"},"schema":{"@context":"https:\/\/schema.org","@graph":[{"@type":"WebPage","@id":"https:\/\/scientia-amazonia.org\/index.php\/2013-2\/numero-2\/","url":"https:\/\/scientia-amazonia.org\/index.php\/2013-2\/numero-2\/","name":"N\u00famero 2 - Scientia Amazonia","isPartOf":{"@id":"https:\/\/scientia-amazonia.org\/#website"},"datePublished":"2016-06-09T19:34:34+00:00","dateModified":"2016-06-10T01:44:05+00:00","breadcrumb":{"@id":"https:\/\/scientia-amazonia.org\/index.php\/2013-2\/numero-2\/#breadcrumb"},"inLanguage":"en-US","potentialAction":[{"@type":"ReadAction","target":["https:\/\/scientia-amazonia.org\/index.php\/2013-2\/numero-2\/"]}]},{"@type":"BreadcrumbList","@id":"https:\/\/scientia-amazonia.org\/index.php\/2013-2\/numero-2\/#breadcrumb","itemListElement":[{"@type":"ListItem","position":1,"name":"Home","item":"https:\/\/scientia-amazonia.org\/"},{"@type":"ListItem","position":2,"name":"2013","item":"https:\/\/scientia-amazonia.org\/index.php\/2013-2\/"},{"@type":"ListItem","position":3,"name":"N\u00famero 2"}]},{"@type":"WebSite","@id":"https:\/\/scientia-amazonia.org\/#website","url":"https:\/\/scientia-amazonia.org\/","name":"Scientia Amazonia","description":"Revista eletr\u00f4nica","publisher":{"@id":"https:\/\/scientia-amazonia.org\/#organization"},"potentialAction":[{"@type":"SearchAction","target":{"@type":"EntryPoint","urlTemplate":"https:\/\/scientia-amazonia.org\/?s={search_term_string}"},"query-input":"required name=search_term_string"}],"inLanguage":"en-US"},{"@type":"Organization","@id":"https:\/\/scientia-amazonia.org\/#organization","name":"Scientia Amazonia","url":"https:\/\/scientia-amazonia.org\/","logo":{"@type":"ImageObject","inLanguage":"en-US","@id":"https:\/\/scientia-amazonia.org\/#\/schema\/logo\/image\/","url":"https:\/\/scientia-amazonia.org\/wp-content\/uploads\/2021\/03\/logoScientia2.png","contentUrl":"https:\/\/scientia-amazonia.org\/wp-content\/uploads\/2021\/03\/logoScientia2.png","width":934,"height":100,"caption":"Scientia Amazonia"},"image":{"@id":"https:\/\/scientia-amazonia.org\/#\/schema\/logo\/image\/"}}]}},"_links":{"self":[{"href":"https:\/\/scientia-amazonia.org\/index.php\/wp-json\/wp\/v2\/pages\/134"}],"collection":[{"href":"https:\/\/scientia-amazonia.org\/index.php\/wp-json\/wp\/v2\/pages"}],"about":[{"href":"https:\/\/scientia-amazonia.org\/index.php\/wp-json\/wp\/v2\/types\/page"}],"author":[{"embeddable":true,"href":"https:\/\/scientia-amazonia.org\/index.php\/wp-json\/wp\/v2\/users\/1"}],"replies":[{"embeddable":true,"href":"https:\/\/scientia-amazonia.org\/index.php\/wp-json\/wp\/v2\/comments?post=134"}],"version-history":[{"count":3,"href":"https:\/\/scientia-amazonia.org\/index.php\/wp-json\/wp\/v2\/pages\/134\/revisions"}],"predecessor-version":[{"id":230,"href":"https:\/\/scientia-amazonia.org\/index.php\/wp-json\/wp\/v2\/pages\/134\/revisions\/230"}],"up":[{"embeddable":true,"href":"https:\/\/scientia-amazonia.org\/index.php\/wp-json\/wp\/v2\/pages\/128"}],"wp:attachment":[{"href":"https:\/\/scientia-amazonia.org\/index.php\/wp-json\/wp\/v2\/media?parent=134"}],"curies":[{"name":"wp","href":"https:\/\/api.w.org\/{rel}","templated":true}]}}