{"id":1366,"date":"2020-06-22T13:33:19","date_gmt":"2020-06-22T13:33:19","guid":{"rendered":"https:\/\/scientia-amazonia.org\/?page_id=1366"},"modified":"2021-02-22T21:06:07","modified_gmt":"2021-02-22T21:06:07","slug":"numero-3","status":"publish","type":"page","link":"https:\/\/scientia-amazonia.org\/index.php\/2020-2\/numero-3\/","title":{"rendered":"N\u00famero 3"},"content":{"rendered":"\n<p><strong>Biotecnologia<\/strong><\/p>\n\n\n\n<p class=\"has-text-align-center\"><a href=\"https:\/\/scientia-amazonia.org\/wp-content\/uploads\/2020\/06\/v9-n3-B1-B20-2020.pdf\">Identification of P-type ATPases on Salmonella enteritidis spheroplast<\/a> (In Portuguese)<\/p>\n\n\n\n<p class=\"has-text-align-center\">Ingrid Silva Correia, Weison Lima da Silva, Cecilia Veronica Nunez,&nbsp;Elias Cristiano Candido da Silva<\/p>\n\n\n\n<p><strong>Ci\u00eancias Agr\u00e1rias<\/strong><\/p>\n\n\n\n<p class=\"has-text-align-center\"><a href=\"https:\/\/scientia-amazonia.org\/wp-content\/uploads\/2020\/06\/v9-n3-CA1-CA9-2020.pdf\">Effect of indolebutyric acid on rooting of marmelo-do-cerrado<\/a> (In Portuguese)<\/p>\n\n\n\n<p class=\"has-text-align-center\">Jaqueline Lima da Concei\u00e7\u00e3o Souza, Eli Regina Barboza de Souza, Rommel Bernardes da Costa, Patr\u00edcia Pinheiro da Cunha, Paulo Alcanfor Ximenes<\/p>\n\n\n\n<p><strong>Ci\u00eancias Ambientais<\/strong><\/p>\n\n\n\n<p class=\"has-text-align-center\"><a href=\"https:\/\/scientia-amazonia.org\/wp-content\/uploads\/2020\/06\/v9-n3-CA1-CA14-2020.pdf\">Water quality in the cultivation of tambaqui (Colossoma macropomum, CUVIER, 1816)<\/a> (In Portuguese)<\/p>\n\n\n\n<p class=\"has-text-align-center\">Adriano Joaquim Neves de Souza, Andrew Wallace Palheta Varela, Pedro Henrique Campos Sousa, Breno Gustavo Bezerra Costa, Iurick Saraiva Costa, Matheus Dias de Aviz, Luciane Mar\u00e7al Oliveira Rocha, Maria de Lourdes Souza Santos<\/p>\n\n\n\n<p class=\"has-text-align-center\"><a href=\"https:\/\/scientia-amazonia.org\/wp-content\/uploads\/2020\/07\/v9-n3-CA15-CA23-2020.pdf\">Knowledge gaps in research on Trichoptera (Insecta) in Brazil<\/a> (In English)<\/p>\n\n\n\n<p class=\"has-text-align-center\">Laura Almeida de Oliveira, Daniel Silas Veras, Lucas Ramos Costa Lima<\/p>\n\n\n\n<p><strong>Ci\u00eancias<\/strong> <strong>Biol\u00f3gicas<\/strong><\/p>\n\n\n\n<p class=\"has-text-align-center\"><a href=\"https:\/\/scientia-amazonia.org\/wp-content\/uploads\/2020\/06\/v9-n3-B1-B25-2020.pdf\">Infectious agents and parasites that affect tambaqui (Colossoma macropomum) and treatments used to control these pathogens: a systematic review<\/a> (In English)<\/p>\n\n\n\n<p class=\"has-text-align-center\">Rafael Luckwu de Sousa, Ilia Gilmara Carvalho dos Santos, Keyla Emanuelle Ramos da Silva, Jos\u00e9 Fernando Marques Barcellos, Oscar Tadeu Ferreira da Costa, Maria Cristina dos Santos<\/p>\n\n\n\n<p class=\"has-text-align-center\"><a href=\"https:\/\/scientia-amazonia.org\/wp-content\/uploads\/2020\/06\/v9-n3-B26-B44-2020.pdf\">Bioactives compounds from microalgae Dunaliella sp. with antic\u00e2ncer activity: a systematic review<\/a> (In Portuguese)<\/p>\n\n\n\n<p class=\"has-text-align-center\">Yanara Alessandra Santana Moura, Jos\u00e9 No\u00e9 da Silva J\u00fanior, Vivianne Lays Ribeiro Cavalcanti, Romero Marcos Pedrosa Brand\u00e3o Costa, Ana L\u00facia Figueiredo Porto, Raquel Pedrosa Bezerra<\/p>\n\n\n\n<p class=\"has-text-align-center\"><a href=\"https:\/\/scientia-amazonia.org\/wp-content\/uploads\/2021\/02\/v9-n3-B45-B55-2020.pdf\">Geometric morphometry and its application in the morphological study of dragonflies wings (Insecta: Odonata) in lentic ecosystems in the state of Maranh\u00e3o<\/a> (In Portuguese) <\/p>\n\n\n\n<p class=\"has-text-align-center\">Kaires Mayane Ara\u00fajo da Silva, Francisco Maciel Barbosa dos Santos, Karoline Lopes Nicasio, Reinaldo Lucas Cajaiba, Jesu\u00edno da Silva Costa Martins<\/p>\n\n\n\n<p>\uf020<\/p>\n\n\n\n<p><strong>Ci\u00eancias<\/strong> <strong>Exatas<\/strong><\/p>\n\n\n\n<p class=\"has-text-align-center\"><a href=\"https:\/\/scientia-amazonia.org\/wp-content\/uploads\/2020\/06\/v9-n3-E1-E11-2020.pdf\">Evaluation of Guaran\u00e1 leaves efficiency as corrosion inhibitor in HCl medium by gravimetric and morphological analysis<\/a> (In Portuguese)<\/p>\n\n\n\n<p class=\"has-text-align-center\">Amanda Pires Nogueira de Souza, Antonio dos Reis de Faria Neto, Emerson da Costa Rios, Raimundo Ribeiro Passos, Leandro Aparecido Pocrifka<\/p>\n\n\n\n<p class=\"has-text-align-center\"><a href=\"https:\/\/scientia-amazonia.org\/wp-content\/uploads\/2020\/07\/v9-n3-E12-E25-2020.pdf\">Dynamics of mercury in an Amazon lake under the seasonal influence of the Solim\u00f5es River, Brazilian Amazon<\/a> (In portuguese)<\/p>\n\n\n\n<p class=\"has-text-align-center\">Maria Cristina Nery do Nascimento Recktenvald, Ronaldo de Almeida, \u00cdgor Bruno Barbosa de Holanda, Wanderley Rodrigues Bastos, Genilson Pereira Santana<\/p>\n\n\n\n<p class=\"has-text-align-center\"><a href=\"https:\/\/scientia-amazonia.org\/wp-content\/uploads\/2020\/10\/v.-9-n.3-E26-E44-2020.pdf\">Physicochemical performance in an mbr system for treating wastewater<\/a> (In English)<\/p>\n\n\n\n<p class=\"has-text-align-center\">Hanna Louise Luna Rodrigues de S\u00e1, Paulo Sergio da Silva, Sara Jhulian Monteiro, Let\u00edcia Lima Moreira, Genilson Pereira Santana, Cleideane Cunha Costa, Erickson Oliveira dos Santos, Jorge \u00c1tila Damasceno Maia, Pedro Luis Sosa Gonz\u00e1lez, Priscila Pauly Ribas, Raimundo Kennedy Vieira<\/p>\n\n\n\n<p class=\"has-text-align-center\"><a href=\"https:\/\/scientia-amazonia.org\/wp-content\/uploads\/2020\/11\/v.-9-n.3-E45-E62-2020.pdf\">Study of mercury fractionation and thermal treatments to detect elemental mercury in soils from a contaminated area in Brazil<\/a> (English)<\/p>\n\n\n\n<p class=\"has-text-align-center\">Walter A. Dur\u00e3o J\u00fanior, Cl\u00e1udia M. do Valle, Helena Eug\u00eania L. Palmieri, Fernando B. Egreja Filho, Cl\u00e1udia C. Windm\u00f6ller<\/p>\n\n\n\n<p class=\"has-text-align-center\"><a href=\"https:\/\/scientia-amazonia.org\/wp-content\/uploads\/2020\/11\/v9-n3-E63-E75-2020-3.pdf\">Lethal concentration (LC50) and potential of aquatic humic substances from Rio Negro (Brazil) to decrease the toxicity of Cu<sup>2+<\/sup> ions to Artemia salina <\/a>(English)<\/p>\n\n\n\n<p class=\"has-text-align-center\">Henrique Alves da Silva, Natascha Braga Ara\u00fajo, Naiara Lima Santos, Marcos Alexandre Bolson, Erik Sartori Jeunon Gontijo, \u00c9zio Sargentini Junior<\/p>\n\n\n\n<p><strong>Ci\u00eancias da Sa\u00fade<\/strong><\/p>\n\n\n\n<p class=\"has-text-align-center\"><a href=\"https:\/\/scientia-amazonia.org\/wp-content\/uploads\/2020\/06\/v9-n3-CS1-CS10-2020.pdf\">Incidence of visceral leishmaniasis in dogs in 2017 in the urban area of \u200b\u200bthe municipality of Santar\u00e9m, Par\u00e1<\/a> (In Portuguese)<\/p>\n\n\n\n<p class=\"has-text-align-center\">Adriane Campos Cavalcante, Lorena Loureiro Coelho, Greice Nivea Viana dos Santos<\/p>\n\n\n\n<p class=\"has-text-align-center\"><a href=\"https:\/\/scientia-amazonia.org\/wp-content\/uploads\/2020\/07\/v9-n3-CS11-CS23-2020.pdf\">Evaluation of treatment of patients using long-acting insulin analogues registered in pharmacies in Pernambuco<\/a> (In portuguese)<\/p>\n\n\n\n<p class=\"has-text-align-center\">Telma Cristiane Cavalcanti Nogueira, \u00c9rika Sabrina Lima de Souza, Monalisa Macedo de Souza, St\u00e9fani Ferreira de Oliveira, Keyla Emanuelle Ramos de Holanda, Pedro Jos\u00e9 Rolim Neto, Jos\u00e9 de Arimat\u00e9ia Rocha Filho, Rosali Maria Ferreira da Silva<\/p>\n\n\n\n<p class=\"has-text-align-center\"><a href=\"https:\/\/scientia-amazonia.org\/wp-content\/uploads\/2020\/07\/v9-n3-CS24-CS35-2020.pdf\">Hospitalization for preeclampsia and eclampsia in Amazonas State, Brazil, 2008 \u2013 2016<\/a> (In portuguese)<\/p>\n\n\n\n<p class=\"has-text-align-center\">Anny Beatriz Costa Antony de Andrade, Flor Ernestina Martinez-Espinosa, Maria Jacirema Ferreira Gon\u00e7alves<\/p>\n\n\n\n<p class=\"has-text-align-center\"><a href=\"https:\/\/scientia-amazonia.org\/wp-content\/uploads\/2020\/07\/v9-n3-CS36-CS44-2020.pdf\">Parasitological and microbiological analysis of curly lettuce (Lactuca sativa var. crispa) commercialized in Manaus-Amazonas<\/a> (In Portuguese)<\/p>\n\n\n\n<p class=\"has-text-align-center\">Stephany Dabela de Oliveira, Brenda Kelly da Silva Gusm\u00e3o, Ellen Joyce da Silva Bind\u00e1, Gilmara Freitas Gomes, Suelen Soares Said, Fabiola Karla Raiol Santana, Salom\u00e3o Rocha Martim, Maria Gl\u00e1ucia Silva de Lima<\/p>\n\n\n\n<p class=\"has-text-align-center\"><a href=\"https:\/\/scientia-amazonia.org\/wp-content\/uploads\/2020\/11\/v.-9-n.3-CS45-CS57-2020.pdf\">Analysis of the Epidemiological Profile of Risperidone Users in a Municipality of Pernambuco<\/a> (In Portuguese)<\/p>\n\n\n\n<p class=\"has-text-align-center\">Elvis Bruno Silva de Paiva, Fabiana Barbosa do Nascimento Silva, Sheila Elcielle d&#8217;Almeida Arruda, Tha\u00eds Ara\u00fajo de Santana, St\u00e9fani Ferreira de Oliveira, Keyla Emanuelle Ramos de Holanda, Pedro Jos\u00e9 Rolim Neto, Rosali Maria Ferreira da Silva<\/p>\n\n\n\n<p class=\"has-text-align-center\"><a href=\"https:\/\/scientia-amazonia.org\/wp-content\/uploads\/2020\/11\/v9-n.3-CS58-CS71-2020.pdf\">Pharmacotherapeutic and laboratory profile of patients admitted to the nephrology ward of a university hospital <\/a>(In Portugues)<\/p>\n\n\n\n<p class=\"has-text-align-center\">Jordan Carlos Silva de Medeiros, La\u00eds Silva de Vasconcelos, Roberta Taylane do Amaral e Melo, V\u00edvian Karla Feitoza Rodrigues, \u00c9rika Michelle do Nascimento Facundes Barbosa, Regina Meira Lima de Souza, Francisca Sueli Monte Moreira, Rosali Maria Ferreira da Silva<\/p>\n\n\n\n<p class=\"has-text-align-center\"><a href=\"https:\/\/scientia-amazonia.org\/wp-content\/uploads\/2020\/11\/v9-n3-CS58-CS63-2020-1.pdf\">Osteogenesis imperfecta: Clinical characteristics and treatment approach of patients from Manaus, Amazonas, Brazil<\/a> (In English)<\/p>\n\n\n\n<p class=\"has-text-align-center\">Gabriel Pac\u00edfico Seabra Nunes, Thais Cristina Fonseca da Silva, Henrique Euz\u00e9bio Guedes de Freitas, Sandra L\u00facia Euz\u00e9bio Ribeiro<\/p>\n\n\n\n<p><strong>Engenharia<\/strong><\/p>\n\n\n\n<p class=\"has-text-align-center\"><a href=\"https:\/\/scientia-amazonia.org\/wp-content\/uploads\/2020\/06\/v9-n3-E1-E10-2020.pdf\">Influence of drying on fatty acids concentration of sacha inchi (Plukenetia volubilis L.) seed oil<\/a> (In Portuguese)<\/p>\n\n\n\n<p class=\"has-text-align-center\">Ramon Leite da Silva, Nazareno de Pina Braga, Francisco C\u00e9lio Maia Chaves<\/p>\n\n\n\n<p><strong>Medicina Veterin\u00e1ria<\/strong><\/p>\n\n\n\n<p class=\"has-text-align-center\"><a href=\"https:\/\/scientia-amazonia.org\/wp-content\/uploads\/2020\/07\/v9-n3-M1-M10-2020.pdf\">Intestinal helminths in primates from two wild animal screening centers in Manaus, Amazonas, Brazil <\/a>(In portuguese)<\/p>\n\n\n\n<p class=\"has-text-align-center\">J\u00e9ssica Pinheiro Soares, Laerzio Chiesorin Neto, Adriano Nobre Arcos<\/p>\n","protected":false},"excerpt":{"rendered":"<p>Biotecnologia Identification of P-type ATPases on Salmonella enteritidis spheroplast (In Portuguese) Ingrid Silva Correia, Weison Lima da Silva, Cecilia Veronica Nunez,&nbsp;Elias Cristiano Candido da Silva Ci\u00eancias Agr\u00e1rias Effect of indolebutyric acid on rooting of marmelo-do-cerrado [&hellip;]<\/p>\n","protected":false},"author":1,"featured_media":0,"parent":1212,"menu_order":0,"comment_status":"closed","ping_status":"closed","template":"","meta":{"_links_to":"","_links_to_target":""},"yoast_head":"<!-- This site is optimized with the Yoast SEO plugin v20.2.1 - https:\/\/yoast.com\/wordpress\/plugins\/seo\/ -->\n<title>N\u00famero 3 - Scientia Amazonia<\/title>\n<meta name=\"robots\" content=\"index, follow, max-snippet:-1, max-image-preview:large, max-video-preview:-1\" \/>\n<link rel=\"canonical\" href=\"https:\/\/scientia-amazonia.org\/index.php\/2020-2\/numero-3\/\" \/>\n<meta property=\"og:locale\" content=\"en_US\" \/>\n<meta property=\"og:type\" content=\"article\" \/>\n<meta property=\"og:title\" content=\"N\u00famero 3 - Scientia Amazonia\" \/>\n<meta property=\"og:description\" content=\"Biotecnologia Identification of P-type ATPases on Salmonella enteritidis spheroplast (In Portuguese) Ingrid Silva Correia, Weison Lima da Silva, Cecilia Veronica Nunez,&nbsp;Elias Cristiano Candido da Silva Ci\u00eancias Agr\u00e1rias Effect of indolebutyric acid on rooting of marmelo-do-cerrado [&hellip;]\" \/>\n<meta property=\"og:url\" content=\"https:\/\/scientia-amazonia.org\/index.php\/2020-2\/numero-3\/\" \/>\n<meta property=\"og:site_name\" content=\"Scientia Amazonia\" \/>\n<meta property=\"article:modified_time\" content=\"2021-02-22T21:06:07+00:00\" \/>\n<meta name=\"twitter:card\" content=\"summary_large_image\" \/>\n<meta name=\"twitter:label1\" content=\"Est. reading time\" \/>\n\t<meta name=\"twitter:data1\" content=\"4 minutes\" \/>\n<script type=\"application\/ld+json\" class=\"yoast-schema-graph\">{\"@context\":\"https:\/\/schema.org\",\"@graph\":[{\"@type\":\"WebPage\",\"@id\":\"https:\/\/scientia-amazonia.org\/index.php\/2020-2\/numero-3\/\",\"url\":\"https:\/\/scientia-amazonia.org\/index.php\/2020-2\/numero-3\/\",\"name\":\"N\u00famero 3 - Scientia Amazonia\",\"isPartOf\":{\"@id\":\"https:\/\/scientia-amazonia.org\/#website\"},\"datePublished\":\"2020-06-22T13:33:19+00:00\",\"dateModified\":\"2021-02-22T21:06:07+00:00\",\"breadcrumb\":{\"@id\":\"https:\/\/scientia-amazonia.org\/index.php\/2020-2\/numero-3\/#breadcrumb\"},\"inLanguage\":\"en-US\",\"potentialAction\":[{\"@type\":\"ReadAction\",\"target\":[\"https:\/\/scientia-amazonia.org\/index.php\/2020-2\/numero-3\/\"]}]},{\"@type\":\"BreadcrumbList\",\"@id\":\"https:\/\/scientia-amazonia.org\/index.php\/2020-2\/numero-3\/#breadcrumb\",\"itemListElement\":[{\"@type\":\"ListItem\",\"position\":1,\"name\":\"Home\",\"item\":\"https:\/\/scientia-amazonia.org\/\"},{\"@type\":\"ListItem\",\"position\":2,\"name\":\"2020\",\"item\":\"https:\/\/scientia-amazonia.org\/index.php\/2020-2\/\"},{\"@type\":\"ListItem\",\"position\":3,\"name\":\"N\u00famero 3\"}]},{\"@type\":\"WebSite\",\"@id\":\"https:\/\/scientia-amazonia.org\/#website\",\"url\":\"https:\/\/scientia-amazonia.org\/\",\"name\":\"Scientia Amazonia\",\"description\":\"Revista eletr\u00f4nica\",\"publisher\":{\"@id\":\"https:\/\/scientia-amazonia.org\/#organization\"},\"potentialAction\":[{\"@type\":\"SearchAction\",\"target\":{\"@type\":\"EntryPoint\",\"urlTemplate\":\"https:\/\/scientia-amazonia.org\/?s={search_term_string}\"},\"query-input\":\"required name=search_term_string\"}],\"inLanguage\":\"en-US\"},{\"@type\":\"Organization\",\"@id\":\"https:\/\/scientia-amazonia.org\/#organization\",\"name\":\"Scientia Amazonia\",\"url\":\"https:\/\/scientia-amazonia.org\/\",\"logo\":{\"@type\":\"ImageObject\",\"inLanguage\":\"en-US\",\"@id\":\"https:\/\/scientia-amazonia.org\/#\/schema\/logo\/image\/\",\"url\":\"https:\/\/scientia-amazonia.org\/wp-content\/uploads\/2021\/03\/logoScientia2.png\",\"contentUrl\":\"https:\/\/scientia-amazonia.org\/wp-content\/uploads\/2021\/03\/logoScientia2.png\",\"width\":934,\"height\":100,\"caption\":\"Scientia Amazonia\"},\"image\":{\"@id\":\"https:\/\/scientia-amazonia.org\/#\/schema\/logo\/image\/\"}}]}<\/script>\n<!-- \/ Yoast SEO plugin. -->","yoast_head_json":{"title":"N\u00famero 3 - Scientia Amazonia","robots":{"index":"index","follow":"follow","max-snippet":"max-snippet:-1","max-image-preview":"max-image-preview:large","max-video-preview":"max-video-preview:-1"},"canonical":"https:\/\/scientia-amazonia.org\/index.php\/2020-2\/numero-3\/","og_locale":"en_US","og_type":"article","og_title":"N\u00famero 3 - Scientia Amazonia","og_description":"Biotecnologia Identification of P-type ATPases on Salmonella enteritidis spheroplast (In Portuguese) Ingrid Silva Correia, Weison Lima da Silva, Cecilia Veronica Nunez,&nbsp;Elias Cristiano Candido da Silva Ci\u00eancias Agr\u00e1rias Effect of indolebutyric acid on rooting of marmelo-do-cerrado [&hellip;]","og_url":"https:\/\/scientia-amazonia.org\/index.php\/2020-2\/numero-3\/","og_site_name":"Scientia Amazonia","article_modified_time":"2021-02-22T21:06:07+00:00","twitter_card":"summary_large_image","twitter_misc":{"Est. reading time":"4 minutes"},"schema":{"@context":"https:\/\/schema.org","@graph":[{"@type":"WebPage","@id":"https:\/\/scientia-amazonia.org\/index.php\/2020-2\/numero-3\/","url":"https:\/\/scientia-amazonia.org\/index.php\/2020-2\/numero-3\/","name":"N\u00famero 3 - Scientia Amazonia","isPartOf":{"@id":"https:\/\/scientia-amazonia.org\/#website"},"datePublished":"2020-06-22T13:33:19+00:00","dateModified":"2021-02-22T21:06:07+00:00","breadcrumb":{"@id":"https:\/\/scientia-amazonia.org\/index.php\/2020-2\/numero-3\/#breadcrumb"},"inLanguage":"en-US","potentialAction":[{"@type":"ReadAction","target":["https:\/\/scientia-amazonia.org\/index.php\/2020-2\/numero-3\/"]}]},{"@type":"BreadcrumbList","@id":"https:\/\/scientia-amazonia.org\/index.php\/2020-2\/numero-3\/#breadcrumb","itemListElement":[{"@type":"ListItem","position":1,"name":"Home","item":"https:\/\/scientia-amazonia.org\/"},{"@type":"ListItem","position":2,"name":"2020","item":"https:\/\/scientia-amazonia.org\/index.php\/2020-2\/"},{"@type":"ListItem","position":3,"name":"N\u00famero 3"}]},{"@type":"WebSite","@id":"https:\/\/scientia-amazonia.org\/#website","url":"https:\/\/scientia-amazonia.org\/","name":"Scientia Amazonia","description":"Revista eletr\u00f4nica","publisher":{"@id":"https:\/\/scientia-amazonia.org\/#organization"},"potentialAction":[{"@type":"SearchAction","target":{"@type":"EntryPoint","urlTemplate":"https:\/\/scientia-amazonia.org\/?s={search_term_string}"},"query-input":"required name=search_term_string"}],"inLanguage":"en-US"},{"@type":"Organization","@id":"https:\/\/scientia-amazonia.org\/#organization","name":"Scientia Amazonia","url":"https:\/\/scientia-amazonia.org\/","logo":{"@type":"ImageObject","inLanguage":"en-US","@id":"https:\/\/scientia-amazonia.org\/#\/schema\/logo\/image\/","url":"https:\/\/scientia-amazonia.org\/wp-content\/uploads\/2021\/03\/logoScientia2.png","contentUrl":"https:\/\/scientia-amazonia.org\/wp-content\/uploads\/2021\/03\/logoScientia2.png","width":934,"height":100,"caption":"Scientia Amazonia"},"image":{"@id":"https:\/\/scientia-amazonia.org\/#\/schema\/logo\/image\/"}}]}},"_links":{"self":[{"href":"https:\/\/scientia-amazonia.org\/index.php\/wp-json\/wp\/v2\/pages\/1366"}],"collection":[{"href":"https:\/\/scientia-amazonia.org\/index.php\/wp-json\/wp\/v2\/pages"}],"about":[{"href":"https:\/\/scientia-amazonia.org\/index.php\/wp-json\/wp\/v2\/types\/page"}],"author":[{"embeddable":true,"href":"https:\/\/scientia-amazonia.org\/index.php\/wp-json\/wp\/v2\/users\/1"}],"replies":[{"embeddable":true,"href":"https:\/\/scientia-amazonia.org\/index.php\/wp-json\/wp\/v2\/comments?post=1366"}],"version-history":[{"count":41,"href":"https:\/\/scientia-amazonia.org\/index.php\/wp-json\/wp\/v2\/pages\/1366\/revisions"}],"predecessor-version":[{"id":1543,"href":"https:\/\/scientia-amazonia.org\/index.php\/wp-json\/wp\/v2\/pages\/1366\/revisions\/1543"}],"up":[{"embeddable":true,"href":"https:\/\/scientia-amazonia.org\/index.php\/wp-json\/wp\/v2\/pages\/1212"}],"wp:attachment":[{"href":"https:\/\/scientia-amazonia.org\/index.php\/wp-json\/wp\/v2\/media?parent=1366"}],"curies":[{"name":"wp","href":"https:\/\/api.w.org\/{rel}","templated":true}]}}