{"id":137,"date":"2016-06-09T19:36:21","date_gmt":"2016-06-09T19:36:21","guid":{"rendered":"https:\/\/scientia-amazonia.org\/?page_id=137"},"modified":"2016-06-10T01:52:00","modified_gmt":"2016-06-10T01:52:00","slug":"numero-3","status":"publish","type":"page","link":"https:\/\/scientia-amazonia.org\/index.php\/2013-2\/numero-3\/","title":{"rendered":"N\u00famero 3"},"content":{"rendered":"<p><a href=\"https:\/\/scientia-amazonia.org\/wp-content\/uploads\/2016\/06\/entrevista-Maria-Clara.pdf\">ENTREVISTA COM O PESQUISADORA PROFESSORA MARIA CLARA SILVA-FORSBERG<\/a><\/p>\n<p><a href=\"https:\/\/scientia-amazonia.org\/wp-content\/uploads\/2016\/06\/v2-n3-4-10-2013.pdf\">CARACTERIZA\u00c7\u00c3O DE \u00d3XIDOS DE FERRO PRESENTES EM FRAGMENTOS CER\u00c2MICOS DE TERRA PRETA DE \u00cdNDIO<\/a><\/p>\n<p>Jorge Almeida de Menezes;\u00a0Wamber Broni de Souza;\u00a0Genilson Pereira Santana<\/p>\n<p><a href=\"https:\/\/scientia-amazonia.org\/wp-content\/uploads\/2016\/06\/v2-n3-11-27-2013.pdf\">ARRAIAS DE \u00c1GUA DOCE (Chondrichthyes \u2013 Potamotrygonidae): BIOLOGIA, VENENO E ACIDENTES<\/a><\/p>\n<p>Juliana Luiza Varj\u00e3o Lameiras; Oscar Tadeu Ferreira da Costa; Maria Cristina dos Santos; Wallice Luiz Paxi\u00faba Duncan<\/p>\n<p><a href=\"https:\/\/scientia-amazonia.org\/wp-content\/uploads\/2016\/06\/v2-n3-28-39-2013.pdf\">EVAS\u00c3O DOS DISCENTES DE QU\u00cdMICA DA UNIVERSIDADE FEDERAL DO AMAZONAS (UFAM)<\/a><\/p>\n<p>Jair Abreu de Jesus; Marlon de Souza Silva; Genilson Pereira Santana<\/p>\n<p><a href=\"https:\/\/scientia-amazonia.org\/wp-content\/uploads\/2016\/06\/v2-n3-40-46-2013.pdf\">DETERMINA\u00c7\u00c3O DE PB EM RES\u00cdDUO DE DISPARO DE ARMA DE FOGO POR ESPECTROMETRIA DE ABSOR\u00c7\u00c3O AT\u00d4MICA COM ATOMIZA\u00c7\u00c3O ELETROT\u00c9RMICA<\/a><\/p>\n<p>\u00c9zio Sargentini Junior;\u00a0Anita Pereira de Souza;\u00a0Marcos Alexandre Bolson; Christian Anderson Ferreira da Gama<\/p>\n<p><a href=\"https:\/\/scientia-amazonia.org\/wp-content\/uploads\/2016\/06\/v2-n3-47-53-2013.pdf\">MENSURA\u00c7\u00c3O DA INFLU\u00caNCIA DE T\u00caNUE COBERTURA VEGETAL NO REGIME GEOTERMAL RASO<\/a><\/p>\n<p>Roberto Matias da Silva; Rutenio Luiz Castro de Araujo; Ierec\u00ea dos Santos Barbosa;\u00a0Jaime Lu\u00eds Bezerra Ara\u00fajo<\/p>\n<p><a href=\"https:\/\/scientia-amazonia.org\/wp-content\/uploads\/2016\/06\/v2-n3-54-70-2013.pdf\">CAULINITA: ESTRUTURA CRISTALINA, T\u00c9CNICAS F\u00cdSICAS DE ESTUDO E ADSOR\u00c7\u00c3O<\/a><\/p>\n<p>Marcondes Silva e Silva;\u00a0Genilson Pereira Santana<\/p>\n","protected":false},"excerpt":{"rendered":"<p>ENTREVISTA COM O PESQUISADORA PROFESSORA MARIA CLARA SILVA-FORSBERG CARACTERIZA\u00c7\u00c3O DE \u00d3XIDOS DE FERRO PRESENTES EM FRAGMENTOS CER\u00c2MICOS DE TERRA PRETA DE \u00cdNDIO Jorge Almeida de Menezes;\u00a0Wamber Broni de Souza;\u00a0Genilson Pereira Santana ARRAIAS DE \u00c1GUA DOCE [&hellip;]<\/p>\n","protected":false},"author":1,"featured_media":0,"parent":128,"menu_order":0,"comment_status":"closed","ping_status":"closed","template":"","meta":{"_links_to":"","_links_to_target":""},"yoast_head":"<!-- This site is optimized with the Yoast SEO plugin v20.2.1 - https:\/\/yoast.com\/wordpress\/plugins\/seo\/ -->\n<title>N\u00famero 3 - Scientia Amazonia<\/title>\n<meta name=\"robots\" content=\"index, follow, max-snippet:-1, max-image-preview:large, max-video-preview:-1\" \/>\n<link rel=\"canonical\" href=\"https:\/\/scientia-amazonia.org\/index.php\/2013-2\/numero-3\/\" \/>\n<meta property=\"og:locale\" content=\"en_US\" \/>\n<meta property=\"og:type\" content=\"article\" \/>\n<meta property=\"og:title\" content=\"N\u00famero 3 - Scientia Amazonia\" \/>\n<meta property=\"og:description\" content=\"ENTREVISTA COM O PESQUISADORA PROFESSORA MARIA CLARA SILVA-FORSBERG CARACTERIZA\u00c7\u00c3O DE \u00d3XIDOS DE FERRO PRESENTES EM FRAGMENTOS CER\u00c2MICOS DE TERRA PRETA DE \u00cdNDIO Jorge Almeida de Menezes;\u00a0Wamber Broni de Souza;\u00a0Genilson Pereira Santana ARRAIAS DE \u00c1GUA DOCE [&hellip;]\" \/>\n<meta property=\"og:url\" content=\"https:\/\/scientia-amazonia.org\/index.php\/2013-2\/numero-3\/\" \/>\n<meta property=\"og:site_name\" content=\"Scientia Amazonia\" \/>\n<meta property=\"article:modified_time\" content=\"2016-06-10T01:52:00+00:00\" \/>\n<meta name=\"twitter:card\" content=\"summary_large_image\" \/>\n<meta name=\"twitter:label1\" content=\"Est. reading time\" \/>\n\t<meta name=\"twitter:data1\" content=\"1 minute\" \/>\n<script type=\"application\/ld+json\" class=\"yoast-schema-graph\">{\"@context\":\"https:\/\/schema.org\",\"@graph\":[{\"@type\":\"WebPage\",\"@id\":\"https:\/\/scientia-amazonia.org\/index.php\/2013-2\/numero-3\/\",\"url\":\"https:\/\/scientia-amazonia.org\/index.php\/2013-2\/numero-3\/\",\"name\":\"N\u00famero 3 - Scientia Amazonia\",\"isPartOf\":{\"@id\":\"https:\/\/scientia-amazonia.org\/#website\"},\"datePublished\":\"2016-06-09T19:36:21+00:00\",\"dateModified\":\"2016-06-10T01:52:00+00:00\",\"breadcrumb\":{\"@id\":\"https:\/\/scientia-amazonia.org\/index.php\/2013-2\/numero-3\/#breadcrumb\"},\"inLanguage\":\"en-US\",\"potentialAction\":[{\"@type\":\"ReadAction\",\"target\":[\"https:\/\/scientia-amazonia.org\/index.php\/2013-2\/numero-3\/\"]}]},{\"@type\":\"BreadcrumbList\",\"@id\":\"https:\/\/scientia-amazonia.org\/index.php\/2013-2\/numero-3\/#breadcrumb\",\"itemListElement\":[{\"@type\":\"ListItem\",\"position\":1,\"name\":\"Home\",\"item\":\"https:\/\/scientia-amazonia.org\/\"},{\"@type\":\"ListItem\",\"position\":2,\"name\":\"2013\",\"item\":\"https:\/\/scientia-amazonia.org\/index.php\/2013-2\/\"},{\"@type\":\"ListItem\",\"position\":3,\"name\":\"N\u00famero 3\"}]},{\"@type\":\"WebSite\",\"@id\":\"https:\/\/scientia-amazonia.org\/#website\",\"url\":\"https:\/\/scientia-amazonia.org\/\",\"name\":\"Scientia Amazonia\",\"description\":\"Revista eletr\u00f4nica\",\"publisher\":{\"@id\":\"https:\/\/scientia-amazonia.org\/#organization\"},\"potentialAction\":[{\"@type\":\"SearchAction\",\"target\":{\"@type\":\"EntryPoint\",\"urlTemplate\":\"https:\/\/scientia-amazonia.org\/?s={search_term_string}\"},\"query-input\":\"required name=search_term_string\"}],\"inLanguage\":\"en-US\"},{\"@type\":\"Organization\",\"@id\":\"https:\/\/scientia-amazonia.org\/#organization\",\"name\":\"Scientia Amazonia\",\"url\":\"https:\/\/scientia-amazonia.org\/\",\"logo\":{\"@type\":\"ImageObject\",\"inLanguage\":\"en-US\",\"@id\":\"https:\/\/scientia-amazonia.org\/#\/schema\/logo\/image\/\",\"url\":\"https:\/\/scientia-amazonia.org\/wp-content\/uploads\/2021\/03\/logoScientia2.png\",\"contentUrl\":\"https:\/\/scientia-amazonia.org\/wp-content\/uploads\/2021\/03\/logoScientia2.png\",\"width\":934,\"height\":100,\"caption\":\"Scientia Amazonia\"},\"image\":{\"@id\":\"https:\/\/scientia-amazonia.org\/#\/schema\/logo\/image\/\"}}]}<\/script>\n<!-- \/ Yoast SEO plugin. -->","yoast_head_json":{"title":"N\u00famero 3 - Scientia Amazonia","robots":{"index":"index","follow":"follow","max-snippet":"max-snippet:-1","max-image-preview":"max-image-preview:large","max-video-preview":"max-video-preview:-1"},"canonical":"https:\/\/scientia-amazonia.org\/index.php\/2013-2\/numero-3\/","og_locale":"en_US","og_type":"article","og_title":"N\u00famero 3 - Scientia Amazonia","og_description":"ENTREVISTA COM O PESQUISADORA PROFESSORA MARIA CLARA SILVA-FORSBERG CARACTERIZA\u00c7\u00c3O DE \u00d3XIDOS DE FERRO PRESENTES EM FRAGMENTOS CER\u00c2MICOS DE TERRA PRETA DE \u00cdNDIO Jorge Almeida de Menezes;\u00a0Wamber Broni de Souza;\u00a0Genilson Pereira Santana ARRAIAS DE \u00c1GUA DOCE [&hellip;]","og_url":"https:\/\/scientia-amazonia.org\/index.php\/2013-2\/numero-3\/","og_site_name":"Scientia Amazonia","article_modified_time":"2016-06-10T01:52:00+00:00","twitter_card":"summary_large_image","twitter_misc":{"Est. reading time":"1 minute"},"schema":{"@context":"https:\/\/schema.org","@graph":[{"@type":"WebPage","@id":"https:\/\/scientia-amazonia.org\/index.php\/2013-2\/numero-3\/","url":"https:\/\/scientia-amazonia.org\/index.php\/2013-2\/numero-3\/","name":"N\u00famero 3 - Scientia Amazonia","isPartOf":{"@id":"https:\/\/scientia-amazonia.org\/#website"},"datePublished":"2016-06-09T19:36:21+00:00","dateModified":"2016-06-10T01:52:00+00:00","breadcrumb":{"@id":"https:\/\/scientia-amazonia.org\/index.php\/2013-2\/numero-3\/#breadcrumb"},"inLanguage":"en-US","potentialAction":[{"@type":"ReadAction","target":["https:\/\/scientia-amazonia.org\/index.php\/2013-2\/numero-3\/"]}]},{"@type":"BreadcrumbList","@id":"https:\/\/scientia-amazonia.org\/index.php\/2013-2\/numero-3\/#breadcrumb","itemListElement":[{"@type":"ListItem","position":1,"name":"Home","item":"https:\/\/scientia-amazonia.org\/"},{"@type":"ListItem","position":2,"name":"2013","item":"https:\/\/scientia-amazonia.org\/index.php\/2013-2\/"},{"@type":"ListItem","position":3,"name":"N\u00famero 3"}]},{"@type":"WebSite","@id":"https:\/\/scientia-amazonia.org\/#website","url":"https:\/\/scientia-amazonia.org\/","name":"Scientia Amazonia","description":"Revista eletr\u00f4nica","publisher":{"@id":"https:\/\/scientia-amazonia.org\/#organization"},"potentialAction":[{"@type":"SearchAction","target":{"@type":"EntryPoint","urlTemplate":"https:\/\/scientia-amazonia.org\/?s={search_term_string}"},"query-input":"required name=search_term_string"}],"inLanguage":"en-US"},{"@type":"Organization","@id":"https:\/\/scientia-amazonia.org\/#organization","name":"Scientia Amazonia","url":"https:\/\/scientia-amazonia.org\/","logo":{"@type":"ImageObject","inLanguage":"en-US","@id":"https:\/\/scientia-amazonia.org\/#\/schema\/logo\/image\/","url":"https:\/\/scientia-amazonia.org\/wp-content\/uploads\/2021\/03\/logoScientia2.png","contentUrl":"https:\/\/scientia-amazonia.org\/wp-content\/uploads\/2021\/03\/logoScientia2.png","width":934,"height":100,"caption":"Scientia Amazonia"},"image":{"@id":"https:\/\/scientia-amazonia.org\/#\/schema\/logo\/image\/"}}]}},"_links":{"self":[{"href":"https:\/\/scientia-amazonia.org\/index.php\/wp-json\/wp\/v2\/pages\/137"}],"collection":[{"href":"https:\/\/scientia-amazonia.org\/index.php\/wp-json\/wp\/v2\/pages"}],"about":[{"href":"https:\/\/scientia-amazonia.org\/index.php\/wp-json\/wp\/v2\/types\/page"}],"author":[{"embeddable":true,"href":"https:\/\/scientia-amazonia.org\/index.php\/wp-json\/wp\/v2\/users\/1"}],"replies":[{"embeddable":true,"href":"https:\/\/scientia-amazonia.org\/index.php\/wp-json\/wp\/v2\/comments?post=137"}],"version-history":[{"count":3,"href":"https:\/\/scientia-amazonia.org\/index.php\/wp-json\/wp\/v2\/pages\/137\/revisions"}],"predecessor-version":[{"id":239,"href":"https:\/\/scientia-amazonia.org\/index.php\/wp-json\/wp\/v2\/pages\/137\/revisions\/239"}],"up":[{"embeddable":true,"href":"https:\/\/scientia-amazonia.org\/index.php\/wp-json\/wp\/v2\/pages\/128"}],"wp:attachment":[{"href":"https:\/\/scientia-amazonia.org\/index.php\/wp-json\/wp\/v2\/media?parent=137"}],"curies":[{"name":"wp","href":"https:\/\/api.w.org\/{rel}","templated":true}]}}