{"id":144,"date":"2016-06-09T19:41:25","date_gmt":"2016-06-09T19:41:25","guid":{"rendered":"https:\/\/scientia-amazonia.org\/?page_id=144"},"modified":"2016-06-10T02:46:24","modified_gmt":"2016-06-10T02:46:24","slug":"numero-2","status":"publish","type":"page","link":"https:\/\/scientia-amazonia.org\/index.php\/2014-2\/numero-2\/","title":{"rendered":"N\u00famero 2"},"content":{"rendered":"<p><a href=\"https:\/\/scientia-amazonia.org\/wp-content\/uploads\/2016\/06\/Editoria-n2-2014l.pdf\">A BUSCA DE UMA CITA\u00c7\u00c3O<\/a><\/p>\n<p>Genilson Pereira Santana; Maria Cristina dos Santos<\/p>\n<p><a href=\"https:\/\/scientia-amazonia.org\/wp-content\/uploads\/2016\/06\/v3-n2-1-5-2014.pdf\">EFEITO DE DIFERENTES TRATAMENTOS NA GERMINA\u00c7\u00c3O DE CASTANHA-DE-CUTIA (Couepia edulis Prance), VISANDO A PRODU\u00c7\u00c3O DE MUDAS, NO ESTADO DO AMAZONAS<\/a><\/p>\n<p>Raimundo Cajueiro Leandro; Elaine Cristian Souza Coelho; Izabela de Lima Feitosa<\/p>\n<p><a href=\"https:\/\/scientia-amazonia.org\/wp-content\/uploads\/2016\/06\/v3-n2-6-10-2014.pdf\">ASPECTOS MORFOL\u00d3GICOS E QU\u00cdMICOS DE Protium spruceanum: UMA CONTRIBUI\u00c7\u00c3O AO CONHECIMENTO DE ESP\u00c9CIES AROM\u00c1TICAS DO BOSQUE DA CI\u00caNCIA DO INPA<\/a><\/p>\n<p>Thiago Augusto Ara\u00fajo Correa Lima; Kassya Rubianny de Almeida Rocha; Maria de F\u00e1tima Figueiredo Melo; Marcia Ortiz Mayo Marques; Roselaine Facanali; Maria da Paz Lima<\/p>\n<p><a href=\"https:\/\/scientia-amazonia.org\/wp-content\/uploads\/2016\/06\/v3-n2-11-16-2014.pdf\">PRODUCTION AND CHARACTERIZATION OF PROTEASE VIA SUBMERGED FERMENTATION OF\u00a0Bacillus\u00a0isolated FROM AMAZONIAN SOIL<\/a><\/p>\n<p>Ana Luiza Menezes Teles; Thyara Gonzalez da Silva; Janu\u00e1rio Gama dos Santos; Raimundo Felipe da Cruz Filho<\/p>\n<p><a href=\"https:\/\/scientia-amazonia.org\/wp-content\/uploads\/2016\/06\/v3-n2-17-23-2014.pdf\">DETERMINA\u00c7\u00c3O E VALIDA\u00c7\u00c3O DE METODOLOGIA PARA AVALIAR O TEOR DE BIODIESEL EM DIESEL POR ESPECTROSCOPIA IV-FT EM PASTILHAS DE KBR<\/a><\/p>\n<p>George Nogueira de Oliveira; Victor Augusto Ara\u00fajo de Freita; Jamal da Silva Chaar; Larissa Silveira Moreira Wiedemann<\/p>\n<p><a href=\"https:\/\/scientia-amazonia.org\/wp-content\/uploads\/2016\/06\/v3-n2-24-38-2014.pdf\">HABITAT DE ARRAIAS EM RIOS E O PERIGO DE ACIDENTES VALORADO PELO ACIDENTADO NA BACIA TOCANTINS ARAGUAIA<\/a><\/p>\n<p>Juliane Monteiro dos Santos; Carla Simone Seibert; Gessi Carvalho de Ara\u00fajo; Aparecido Osdimir Bertolin; Elineide Eug\u00eanio Marques<\/p>\n<p><a href=\"https:\/\/scientia-amazonia.org\/wp-content\/uploads\/2016\/06\/v3-n2-39-46-2014.pdf\">QU\u00cdMICA E FARMACOLOGIA DO BACURI (Platonia insignis)<\/a><\/p>\n<p>Klenicy K. L. Yamaguchi, Carlos Victor Lamar\u00e3o Pereira, Emerson Silva Lima, Valdir Flor\u00eancio da Veiga Junior<\/p>\n<p><a href=\"https:\/\/scientia-amazonia.org\/wp-content\/uploads\/2016\/06\/v3-n2-47-64-2014.pdf\">PREVAL\u00caNCIA DE ENTEROTOXINAS EM LINHAGENS DE\u00a0Bacillus thuringiensis\u00a0E M\u00c9TODOS PARA SUA CARACTERIZA\u00c7\u00c3O GENOT\u00cdPICA: REVIS\u00c3O<\/a><\/p>\n<p>Marcos C\u00e9zar Fernandes Pessoa; Spartaco Astolfi-Filho<\/p>\n<p><a href=\"https:\/\/scientia-amazonia.org\/wp-content\/uploads\/2016\/06\/v3-n2-65-71-2014.pdf\">POLPA DE A\u00c7A\u00cd: O CASO DA PRODU\u00c7\u00c3O DO PEQUENO PRODUTOR URBANO DE MANAUS<\/a><\/p>\n<p>Miguel Angelo da Silva; Jamal da Silva Chaar; Luiz Roberto Coelho Nascimento<\/p>\n<p><a href=\"https:\/\/scientia-amazonia.org\/wp-content\/uploads\/2016\/06\/v3-n2-72-77-2014.pdf\">AVALIA\u00c7\u00c3O QUALITATIVA DO TESTE VDRL E ENSAIO IMUNOCROMATOGR\u00c1FICO NA TRIAGEM DE S\u00cdFILIS EM DOADORES DE SANGUE<\/a><\/p>\n<p>Cynara Melo Gato, Maria do Perpetuo Socorro Borges Carri\u00e7o Ferreira e Luana Kelly Lima Santana<\/p>\n<p><a href=\"https:\/\/scientia-amazonia.org\/wp-content\/uploads\/2016\/06\/v3-n2-78-84-2014.pdf\">THE SPONTANEOUS MAGNETIZATION OF TWO-DIMENSIONAL RECTANGULAR ISING MODEL: EFFECTIVE-FIELD THEORY ANALYSIS<\/a><\/p>\n<p>Antonia C. Paz; Ingrid N. da Costa; Minos A. Neto<\/p>\n<p><a href=\"https:\/\/scientia-amazonia.org\/wp-content\/uploads\/2016\/06\/v3-n2-85-92-2014.pdf\">BIOLOGIA E EPIDEMIOLOGIA DA PEDICULOSE DA CABE\u00c7A.<\/a><\/p>\n<p>Suellen Cristina Barbosa Nunes; Raquel Borges Moroni; J\u00falio Mendes; S\u00edlvia C\u00e1ssia Brand\u00e3o Justiniano; F\u00e1bio Tonissi Moroni<\/p>\n<p><a href=\"https:\/\/scientia-amazonia.org\/wp-content\/uploads\/2016\/06\/v3-n2-93-99-2014.pdf\">A PESCA ESPORTIVA NA AMAZ\u00d4NIA: IMPLICA\u00c7\u00d5ES PARA A SUSTENTABILIDADE DOS ESTOQUES PESQUEIROS E DA ATIVIDADE<\/a><\/p>\n<p>Lorenzo Soriano Antonaccio Barroco; Carlos Edwar de Carvalho Freitas<\/p>\n<p><a href=\"https:\/\/scientia-amazonia.org\/wp-content\/uploads\/2016\/06\/v3-n2-100-110-2014.pdf\">GEOESTAT\u00cdSTICA DO MERC\u00daRIO PRESENTE EM SEDIMENTOS DE FUNDO DA ORLA DO RIO NEGRO (MANAUS \u2013 AM)<\/a><\/p>\n<p>Andr\u00e9a de Deus Medeiros; Paulo Renan Gomes Ferreira; Wanderley Rodrigues Bastos; Leidiane Caroline Lauthartte; Genilson Pereira Santana<\/p>\n<p><a href=\"https:\/\/scientia-amazonia.org\/wp-content\/uploads\/2016\/06\/v3-n2-111-115-2014.pdf\">RECONHECIMENTO DE PADR\u00c3O DE CER\u00c2MICA ARQUEOL\u00d3GICAS DA AMAZ\u00d4NIA<\/a><\/p>\n<p>Alfredo Gomes de Sousa; Genilson Pereira Santana<\/p>\n","protected":false},"excerpt":{"rendered":"<p>A BUSCA DE UMA CITA\u00c7\u00c3O Genilson Pereira Santana; Maria Cristina dos Santos EFEITO DE DIFERENTES TRATAMENTOS NA GERMINA\u00c7\u00c3O DE CASTANHA-DE-CUTIA (Couepia edulis Prance), VISANDO A PRODU\u00c7\u00c3O DE MUDAS, NO ESTADO DO AMAZONAS Raimundo Cajueiro Leandro; [&hellip;]<\/p>\n","protected":false},"author":1,"featured_media":0,"parent":140,"menu_order":0,"comment_status":"closed","ping_status":"closed","template":"","meta":{"_links_to":"","_links_to_target":""},"yoast_head":"<!-- This site is optimized with the Yoast SEO plugin v20.2.1 - https:\/\/yoast.com\/wordpress\/plugins\/seo\/ -->\n<title>N\u00famero 2 - Scientia Amazonia<\/title>\n<meta name=\"robots\" content=\"index, follow, max-snippet:-1, max-image-preview:large, max-video-preview:-1\" \/>\n<link rel=\"canonical\" href=\"https:\/\/scientia-amazonia.org\/index.php\/2014-2\/numero-2\/\" \/>\n<meta property=\"og:locale\" content=\"en_US\" \/>\n<meta property=\"og:type\" content=\"article\" \/>\n<meta property=\"og:title\" content=\"N\u00famero 2 - Scientia Amazonia\" \/>\n<meta property=\"og:description\" content=\"A BUSCA DE UMA CITA\u00c7\u00c3O Genilson Pereira Santana; Maria Cristina dos Santos EFEITO DE DIFERENTES TRATAMENTOS NA GERMINA\u00c7\u00c3O DE CASTANHA-DE-CUTIA (Couepia edulis Prance), VISANDO A PRODU\u00c7\u00c3O DE MUDAS, NO ESTADO DO AMAZONAS Raimundo Cajueiro Leandro; [&hellip;]\" \/>\n<meta property=\"og:url\" content=\"https:\/\/scientia-amazonia.org\/index.php\/2014-2\/numero-2\/\" \/>\n<meta property=\"og:site_name\" content=\"Scientia Amazonia\" \/>\n<meta property=\"article:modified_time\" content=\"2016-06-10T02:46:24+00:00\" \/>\n<meta name=\"twitter:card\" content=\"summary_large_image\" \/>\n<meta name=\"twitter:label1\" content=\"Est. reading time\" \/>\n\t<meta name=\"twitter:data1\" content=\"2 minutes\" \/>\n<script type=\"application\/ld+json\" class=\"yoast-schema-graph\">{\"@context\":\"https:\/\/schema.org\",\"@graph\":[{\"@type\":\"WebPage\",\"@id\":\"https:\/\/scientia-amazonia.org\/index.php\/2014-2\/numero-2\/\",\"url\":\"https:\/\/scientia-amazonia.org\/index.php\/2014-2\/numero-2\/\",\"name\":\"N\u00famero 2 - Scientia Amazonia\",\"isPartOf\":{\"@id\":\"https:\/\/scientia-amazonia.org\/#website\"},\"datePublished\":\"2016-06-09T19:41:25+00:00\",\"dateModified\":\"2016-06-10T02:46:24+00:00\",\"breadcrumb\":{\"@id\":\"https:\/\/scientia-amazonia.org\/index.php\/2014-2\/numero-2\/#breadcrumb\"},\"inLanguage\":\"en-US\",\"potentialAction\":[{\"@type\":\"ReadAction\",\"target\":[\"https:\/\/scientia-amazonia.org\/index.php\/2014-2\/numero-2\/\"]}]},{\"@type\":\"BreadcrumbList\",\"@id\":\"https:\/\/scientia-amazonia.org\/index.php\/2014-2\/numero-2\/#breadcrumb\",\"itemListElement\":[{\"@type\":\"ListItem\",\"position\":1,\"name\":\"Home\",\"item\":\"https:\/\/scientia-amazonia.org\/\"},{\"@type\":\"ListItem\",\"position\":2,\"name\":\"2014\",\"item\":\"https:\/\/scientia-amazonia.org\/index.php\/2014-2\/\"},{\"@type\":\"ListItem\",\"position\":3,\"name\":\"N\u00famero 2\"}]},{\"@type\":\"WebSite\",\"@id\":\"https:\/\/scientia-amazonia.org\/#website\",\"url\":\"https:\/\/scientia-amazonia.org\/\",\"name\":\"Scientia Amazonia\",\"description\":\"Revista eletr\u00f4nica\",\"publisher\":{\"@id\":\"https:\/\/scientia-amazonia.org\/#organization\"},\"potentialAction\":[{\"@type\":\"SearchAction\",\"target\":{\"@type\":\"EntryPoint\",\"urlTemplate\":\"https:\/\/scientia-amazonia.org\/?s={search_term_string}\"},\"query-input\":\"required name=search_term_string\"}],\"inLanguage\":\"en-US\"},{\"@type\":\"Organization\",\"@id\":\"https:\/\/scientia-amazonia.org\/#organization\",\"name\":\"Scientia Amazonia\",\"url\":\"https:\/\/scientia-amazonia.org\/\",\"logo\":{\"@type\":\"ImageObject\",\"inLanguage\":\"en-US\",\"@id\":\"https:\/\/scientia-amazonia.org\/#\/schema\/logo\/image\/\",\"url\":\"https:\/\/scientia-amazonia.org\/wp-content\/uploads\/2021\/03\/logoScientia2.png\",\"contentUrl\":\"https:\/\/scientia-amazonia.org\/wp-content\/uploads\/2021\/03\/logoScientia2.png\",\"width\":934,\"height\":100,\"caption\":\"Scientia Amazonia\"},\"image\":{\"@id\":\"https:\/\/scientia-amazonia.org\/#\/schema\/logo\/image\/\"}}]}<\/script>\n<!-- \/ Yoast SEO plugin. -->","yoast_head_json":{"title":"N\u00famero 2 - Scientia Amazonia","robots":{"index":"index","follow":"follow","max-snippet":"max-snippet:-1","max-image-preview":"max-image-preview:large","max-video-preview":"max-video-preview:-1"},"canonical":"https:\/\/scientia-amazonia.org\/index.php\/2014-2\/numero-2\/","og_locale":"en_US","og_type":"article","og_title":"N\u00famero 2 - Scientia Amazonia","og_description":"A BUSCA DE UMA CITA\u00c7\u00c3O Genilson Pereira Santana; Maria Cristina dos Santos EFEITO DE DIFERENTES TRATAMENTOS NA GERMINA\u00c7\u00c3O DE CASTANHA-DE-CUTIA (Couepia edulis Prance), VISANDO A PRODU\u00c7\u00c3O DE MUDAS, NO ESTADO DO AMAZONAS Raimundo Cajueiro Leandro; [&hellip;]","og_url":"https:\/\/scientia-amazonia.org\/index.php\/2014-2\/numero-2\/","og_site_name":"Scientia Amazonia","article_modified_time":"2016-06-10T02:46:24+00:00","twitter_card":"summary_large_image","twitter_misc":{"Est. reading time":"2 minutes"},"schema":{"@context":"https:\/\/schema.org","@graph":[{"@type":"WebPage","@id":"https:\/\/scientia-amazonia.org\/index.php\/2014-2\/numero-2\/","url":"https:\/\/scientia-amazonia.org\/index.php\/2014-2\/numero-2\/","name":"N\u00famero 2 - Scientia Amazonia","isPartOf":{"@id":"https:\/\/scientia-amazonia.org\/#website"},"datePublished":"2016-06-09T19:41:25+00:00","dateModified":"2016-06-10T02:46:24+00:00","breadcrumb":{"@id":"https:\/\/scientia-amazonia.org\/index.php\/2014-2\/numero-2\/#breadcrumb"},"inLanguage":"en-US","potentialAction":[{"@type":"ReadAction","target":["https:\/\/scientia-amazonia.org\/index.php\/2014-2\/numero-2\/"]}]},{"@type":"BreadcrumbList","@id":"https:\/\/scientia-amazonia.org\/index.php\/2014-2\/numero-2\/#breadcrumb","itemListElement":[{"@type":"ListItem","position":1,"name":"Home","item":"https:\/\/scientia-amazonia.org\/"},{"@type":"ListItem","position":2,"name":"2014","item":"https:\/\/scientia-amazonia.org\/index.php\/2014-2\/"},{"@type":"ListItem","position":3,"name":"N\u00famero 2"}]},{"@type":"WebSite","@id":"https:\/\/scientia-amazonia.org\/#website","url":"https:\/\/scientia-amazonia.org\/","name":"Scientia Amazonia","description":"Revista eletr\u00f4nica","publisher":{"@id":"https:\/\/scientia-amazonia.org\/#organization"},"potentialAction":[{"@type":"SearchAction","target":{"@type":"EntryPoint","urlTemplate":"https:\/\/scientia-amazonia.org\/?s={search_term_string}"},"query-input":"required name=search_term_string"}],"inLanguage":"en-US"},{"@type":"Organization","@id":"https:\/\/scientia-amazonia.org\/#organization","name":"Scientia Amazonia","url":"https:\/\/scientia-amazonia.org\/","logo":{"@type":"ImageObject","inLanguage":"en-US","@id":"https:\/\/scientia-amazonia.org\/#\/schema\/logo\/image\/","url":"https:\/\/scientia-amazonia.org\/wp-content\/uploads\/2021\/03\/logoScientia2.png","contentUrl":"https:\/\/scientia-amazonia.org\/wp-content\/uploads\/2021\/03\/logoScientia2.png","width":934,"height":100,"caption":"Scientia Amazonia"},"image":{"@id":"https:\/\/scientia-amazonia.org\/#\/schema\/logo\/image\/"}}]}},"_links":{"self":[{"href":"https:\/\/scientia-amazonia.org\/index.php\/wp-json\/wp\/v2\/pages\/144"}],"collection":[{"href":"https:\/\/scientia-amazonia.org\/index.php\/wp-json\/wp\/v2\/pages"}],"about":[{"href":"https:\/\/scientia-amazonia.org\/index.php\/wp-json\/wp\/v2\/types\/page"}],"author":[{"embeddable":true,"href":"https:\/\/scientia-amazonia.org\/index.php\/wp-json\/wp\/v2\/users\/1"}],"replies":[{"embeddable":true,"href":"https:\/\/scientia-amazonia.org\/index.php\/wp-json\/wp\/v2\/comments?post=144"}],"version-history":[{"count":4,"href":"https:\/\/scientia-amazonia.org\/index.php\/wp-json\/wp\/v2\/pages\/144\/revisions"}],"predecessor-version":[{"id":278,"href":"https:\/\/scientia-amazonia.org\/index.php\/wp-json\/wp\/v2\/pages\/144\/revisions\/278"}],"up":[{"embeddable":true,"href":"https:\/\/scientia-amazonia.org\/index.php\/wp-json\/wp\/v2\/pages\/140"}],"wp:attachment":[{"href":"https:\/\/scientia-amazonia.org\/index.php\/wp-json\/wp\/v2\/media?parent=144"}],"curies":[{"name":"wp","href":"https:\/\/api.w.org\/{rel}","templated":true}]}}