{"id":1440,"date":"2020-11-04T22:51:09","date_gmt":"2020-11-04T22:51:09","guid":{"rendered":"https:\/\/scientia-amazonia.org\/?page_id=1440"},"modified":"2021-05-08T13:48:23","modified_gmt":"2021-05-08T13:48:23","slug":"numero-4","status":"publish","type":"page","link":"https:\/\/scientia-amazonia.org\/index.php\/2020-2\/numero-4\/","title":{"rendered":"N\u00famero 4"},"content":{"rendered":"\r\n<p><strong>Biotecnologia<\/strong><\/p>\r\n\r\n\r\n\r\n<p class=\"has-text-align-center\"><a href=\"https:\/\/scientia-amazonia.org\/wp-content\/uploads\/2020\/11\/v9-n4-B1-B11-2020.pdf\">Making fermented milk using kefir and Amazonian fruits<\/a> (In Portuguese)<\/p>\r\n\r\n\r\n\r\n<p class=\"has-text-align-center\">Valdir da Costa Mendes, Vanda Peres da Silva, Caroline Machado da Costa, Klenicy Kazumy de Lima Yamaguchi, Waleska Gravena<\/p>\r\n\r\n\r\n\r\n<p class=\"has-text-align-center\"><a href=\"https:\/\/scientia-amazonia.org\/wp-content\/uploads\/2020\/11\/v9-n4-B12-B20-2020.pdf\">Evaluation of antimicrobial and antifungal activity of ethanolic extracts from Noni leaves and fruits (Morinda citrifolia L.)<\/a> (In Portuguese)<\/p>\r\n\r\n\r\n\r\n<p class=\"has-text-align-center\">Luana Priscilla Roque Moura, Maria Lucidalva Ribeiro de Sousa, Kelly Cristina da Silva Martins, Janaina da Costa Nogueira, Adriana Dantas Gonzaga de Freitas<\/p>\r\n\r\n\r\n\r\n<p class=\"has-text-align-center\"><a href=\"https:\/\/scientia-amazonia.org\/wp-content\/uploads\/2020\/12\/v9-n4-B21-B28-2020.pdf\">A Biosafety Procedure: Genetically modified bacteria inactivation conserving three-dimensional structure of recombinant protein<\/a> (In Portuguse)<\/p>\r\n\r\n\r\n\r\n<p class=\"has-text-align-center\">Maria Clara Tavares Astolfi, Itanei Sarah Farias N\u00f3brega, Giovanna Carolina Resk Maklouf Corr\u00eaa, Jonathan Luiz Wohlke, Carlos Gustavo Nunes-Silva, Spartaco Astolfi-Filho<\/p>\r\n\r\n\r\n\r\n<p><strong>Ci\u00eancias Agr\u00e1rias<\/strong><\/p>\r\n\r\n\r\n\r\n<p class=\"has-text-align-center\"><a href=\"https:\/\/scientia-amazonia.org\/wp-content\/uploads\/2020\/11\/v9-n4-CA1-CA10-2020.pdf\">Fish species with ornamental potential near Manaus, Amazonas-Brazil<\/a> (In Portuguese)<\/p>\r\n\r\n\r\n\r\n<p class=\"has-text-align-center\">Daniel Olentino, Chiara Lubich Cardoso Furtado, Kedma Cristine Yamamoto<\/p>\r\n\r\n\r\n\r\n<p class=\"has-text-align-center\"><a href=\"https:\/\/scientia-amazonia.org\/wp-content\/uploads\/2021\/05\/v9-n4-CA11-CA16-2020.pdf\">Concentrations of benzylaminopurine, and gelling agents in vitro culture of pau-ferro<\/a> (In Portuguese)<\/p>\r\n\r\n\r\n\r\n<p class=\"has-text-align-center\">Loriene de Oliveira Silv\u00e9rio, Elaine Martins Barbosa, Priscila Wolski Lucas Marques, Jaqueline Lima da Concei\u00e7\u00e3o Souza, Kerly Cristina Pereira, Muza do Carmo Vieira, Eli Regina Barboza de Souza<\/p>\r\n\r\n\r\n\r\n<p class=\"has-text-align-center\"><a href=\"https:\/\/scientia-amazonia.org\/wp-content\/uploads\/2020\/11\/v9-n4-CA17-CA24-2020.pdf\">Occurrence of multi-resistant Aeromonas in tambaquis (Colossoma macropomum) cultivated in excavated tanks <\/a>(In Portuguese)<\/p>\r\n\r\n\r\n\r\n<p class=\"has-text-align-center\">Suzane Oliveira Alencar Le\u00e3o, Ana Maria Souza Silva, Johnny Gustavo Rocha Velasquez, Franmir Brand\u00e3o, Edsandra Campos Chagas, Claudia Majolo<\/p>\r\n\r\n\r\n\r\n<p class=\"has-text-align-center\"><a href=\"https:\/\/scientia-amazonia.org\/wp-content\/uploads\/2020\/11\/v9-n4-CA25-CA34-2020.pdf\">In vitro antimicrobial activity of ethanol extracts of Lippia sidoides, Ocimum gratissimum and Zingiber officinale against isolates of Aeromonas spp<\/a> (In English)<\/p>\r\n\r\n\r\n\r\n<p class=\"has-text-align-center\">Patr\u00edcia Castro Monteiro, Cl\u00e1udia Majolo, Francisco C\u00e9lio Maia Chaves, Edsandra Campos Chagas<\/p>\r\n\r\n\r\n\r\n<p class=\"has-text-align-center\"><a href=\"https:\/\/scientia-amazonia.org\/wp-content\/uploads\/2020\/11\/v9-n4-CA35-CA44-2020.pdf\">Prediction of diameter structure of mora paraensis (ducke) in a floodplain forest in the amazonian estuary<\/a> (In Portuguese)<\/p>\r\n\r\n\r\n\r\n<p class=\"has-text-align-center\">Rafael Lucas Figueiredo de Souza, Lu\u00eds Rennan da Silva da Silva, Carlos Roberto de Nazar\u00e9 Carvalho J\u00fanior, Marcelino Carneiro Guedes, Anderson Pedro Bernardina Batista<\/p>\r\n\r\n\r\n\r\n<p><strong>Ci\u00eancias Ambientais<\/strong><\/p>\r\n\r\n\r\n\r\n<p class=\"has-text-align-center\"><a href=\"https:\/\/scientia-amazonia.org\/wp-content\/uploads\/2020\/11\/v9-n4-CA1-CA15-2020.pdf\">Evaluation of research in Brazil on environmental perception of the CAPES thesis bank from 2000 to 2019<\/a> (In Portuguese)<\/p>\r\n\r\n\r\n\r\n<p class=\"has-text-align-center\">Lilian M. C. Escobar Bueno<\/p>\r\n\r\n\r\n\r\n<p><strong>Ci\u00eancias Biol\u00f3gicas<\/strong><\/p>\r\n\r\n\r\n\r\n<p class=\"has-text-align-center\"><a href=\"https:\/\/scientia-amazonia.org\/wp-content\/uploads\/2020\/11\/v9-n4-B1-B9-2020.pdf\">Integrative botanical: an experience in public school in elementary school <\/a>(In Portuguese)<\/p>\r\n\r\n\r\n\r\n<p class=\"has-text-align-center\">Marcos Diones Ferreira Santana, Kelves C\u00e9sar Arruda da Silva<\/p>\r\n\r\n\r\n\r\n<p class=\"has-text-align-center\"><a href=\"https:\/\/scientia-amazonia.org\/wp-content\/uploads\/2020\/11\/v9-n4-B10-B17-2020.pdf\">Isolation, conservation, and identification of microorganisms associated with termites of the species Nasutitermes corniger (Isoptera- Termitidae: Nasutitermitinae<\/a> (In Portuguese)<\/p>\r\n\r\n\r\n\r\n<p class=\"has-text-align-center\">Kelly Cristina da Silva Martins, Maria Lucidalva Ribeiro de Sousa, Janaina da Costa Nogueira, Adriana Dantas Gonzaga de Freitas<\/p>\r\n\r\n\r\n\r\n<p class=\"has-text-align-center\"><a href=\"https:\/\/scientia-amazonia.org\/wp-content\/uploads\/2020\/11\/v9-n4-B18-B23-2020.pdf\">Mirrored chirality hypothesis test: A case study on shells of African snail Achatina fulica (F\u00e9russac, 1821) (Gastropoda, Achatinidae)<\/a> (In English)<\/p>\r\n\r\n\r\n\r\n<p class=\"has-text-align-center\">Rafael Anaisce das Chagas, Mara R\u00fabia Ferreira Barros,Weverton John Pinheiro dos Santos, Andrea Magalh\u00e3es Bezerra<\/p>\r\n\r\n\r\n\r\n<p class=\"has-text-align-center\"><a href=\"https:\/\/scientia-amazonia.org\/wp-content\/uploads\/2020\/11\/v9-n4-B24-B34-2020.pdf\">The knowledge about head lice: morphological characteristics, biology, and control<\/a> (In Portuguese)<\/p>\r\n\r\n\r\n\r\n<p class=\"has-text-align-center\">Raquel Borges-Moroni, Ana Luisa Silva, J\u00falio Mendes, F\u00e1bio T. Moroni<\/p>\r\n\r\n\r\n\r\n<p><strong>Ci\u00eancias Exatas<\/strong><\/p>\r\n\r\n\r\n\r\n<p class=\"has-text-align-center\"><a href=\"https:\/\/scientia-amazonia.org\/wp-content\/uploads\/2020\/11\/v9-n4-E1-E7-2020.pdf\">Analysis of Physical-Chemical Parameters of Groundwater Surrounding a Timber in the municipality of Santar\u00e9m \u2013 Par\u00e1<\/a> (In Portuguese)<\/p>\r\n\r\n\r\n\r\n<p class=\"has-text-align-center\">Rodrigo Rodrigues Souza, Ana Luiza Tavares Silva, Luciana Castro Carvalho de Azevedo, Vanessa Le\u00e3o Peleja, Lucinewton Silva de Moura<\/p>\r\n\r\n\r\n\r\n<p class=\"has-text-align-center\"><a href=\"https:\/\/scientia-amazonia.org\/wp-content\/uploads\/2020\/11\/v9-n4-E8-E27-2020.pdf\">Constructed wetlands with species of the genus cyperus for wastewater treatments<\/a> (In Portuguese)<\/p>\r\n\r\n\r\n\r\n<p class=\"has-text-align-center\">Paulo Renan Gomes Ferreira, Mauro C\u00e9lio da Silveira Pio, Genilson Pereira Santana<\/p>\r\n\r\n\r\n\r\n<p class=\"has-text-align-center\"><a href=\"https:\/\/scientia-amazonia.org\/wp-content\/uploads\/2020\/11\/v9-n4-E28-E40-2020.pdf\">Undergraduate students conceptions about experimentation as a teaching-learning strategy in Chemistry<\/a> (In Portuguese)<\/p>\r\n\r\n\r\n\r\n<p class=\"has-text-align-center\">Katiuscia dos Santos de Souza, Morgana de Souza Ara\u00fajo<\/p>\r\n\r\n\r\n\r\n<p class=\"has-text-align-center\"><a href=\"https:\/\/scientia-amazonia.org\/wp-content\/uploads\/2020\/11\/v9-n4-E41-E47-2020.pdf\">Pigment separation by thin layer chromatography on aluminum as support<\/a> (In Portuguese)<\/p>\r\n\r\n\r\n\r\n<p class=\"has-text-align-center\">Thakayma da Costa Romano, Rayene Monteiro de Souza, Gerlane Martins da Silva, Klenicy Kazumy de Lima Yamaguchi<\/p>\r\n\r\n\r\n\r\n<p class=\"has-text-align-center\"><a href=\"https:\/\/scientia-amazonia.org\/wp-content\/uploads\/2020\/11\/v9-n4-E48-E60-2020.pdf\">Assessment of the Lethal Concentration (LC50) of aquatic humic substances from Rio Negro (Brazil) and their potential to reduce the toxicity of Cu<sup>2+<\/sup> ions<\/a> (In English)<\/p>\r\n\r\n\r\n\r\n<p class=\"has-text-align-center\">Henrique Alves da Silva, Natascha Braga Ara\u00fajo, Naiara Lima Santos, Marcos Alexandre Bolson, Erik Sartori Jeunon Gontijo, \u00c9zio Sargentini Junior<\/p>\r\n\r\n\r\n\r\n<p class=\"has-text-align-center\"><a href=\"https:\/\/scientia-amazonia.org\/wp-content\/uploads\/2020\/12\/v-9-n4-E61-E79-2020.pdf\">Validation of analytical methodology for the orthophosphate assay in surface waters by visible molecular absorption spectrophotometry<\/a> (In Portuguese)<\/p>\r\n\r\n\r\n\r\n<p class=\"has-text-align-center\">Elton Alves de Souza Filho, Marcos Den\u00edlson de Oliveira Monteiro, Priscila Ketlen Negreiros, Jelmir Craveiro de Andrade, Larissa Silveira Moreira Wiedemann, Tereza Cristina Souza de Oliveira<\/p>\r\n\r\n\r\n\r\n<p><strong>Ci\u00eancias da Sa\u00fade<\/strong><\/p>\r\n\r\n\r\n\r\n<p class=\"has-text-align-center\"><a href=\"https:\/\/scientia-amazonia.org\/wp-content\/uploads\/2020\/11\/v9-n4-CS1-CS11-2020.pdf\">Analysis of the epidemiological profile of patients undergoing hormonal treatment for prostate cancer<\/a> (In Portuguese)<\/p>\r\n\r\n\r\n\r\n<p class=\"has-text-align-center\">Amanda Florentino Fonseca de Carvalho, \u00cdtalo Rafael Alves de Sousa, Bruno Vin\u00edcius Barros Regueira, Douglas Tavares de Albuquerque, Juvanier Rom\u00e3o Cruz, Jos\u00e9 de Arimatea Rocha Filho, Pedro Jos\u00e9 Rolim Neto, Eliane Jucielly Vasconcelos Santos, Rosali Maria Ferreira da Silva<\/p>\r\n\r\n\r\n\r\n<p class=\"has-text-align-center\"><a href=\"https:\/\/scientia-amazonia.org\/wp-content\/uploads\/2020\/11\/v9-n4-CS12-CS24-2020.pdf\">Epidemiological Profile of Young Cancer Patients in the Lower Amazon Region<\/a> (In Portuguese)<\/p>\r\n\r\n\r\n\r\n<p class=\"has-text-align-center\">Camila Paranhos Vieira, Patr\u00edcia Mineiro de Oliveira, Jos\u00e9 Pinhata Otoch<\/p>\r\n\r\n\r\n\r\n<p class=\"has-text-align-center\"><a href=\"https:\/\/scientia-amazonia.org\/wp-content\/uploads\/2020\/11\/v9-n4-CS25-CS35-2020.pdf\">Wound Healing Property of Libidibia ferrea: A Review<\/a> (In Portuguese)<\/p>\r\n\r\n\r\n\r\n<p class=\"has-text-align-center\">Karolynne Rodrigues de Melo, Maria Joanellys dos Santos Lima, Beatriz de Fran\u00e7a Chagas, Tha\u00eds Pach\u00eaco de Freitas, Pedro Jos\u00e9 Rolim Neto, Maria Bernadete de Sousa Maia, Rosali Maria Ferreira da Silva<\/p>\r\n\r\n\r\n\r\n<p class=\"has-text-align-center\"><a href=\"https:\/\/scientia-amazonia.org\/wp-content\/uploads\/2020\/11\/v9-n4-CS36-CS48-2020.pdf\">Real-time Polymerase Chain Reaction for the detection of Mycobacterium leprae as an alternative for the diagnosis of leprosy<\/a> (In Portuguese)<\/p>\r\n\r\n\r\n\r\n<p class=\"has-text-align-center\">Maria Gl\u00e1ucia Silva de Lima, Milton Oz\u00f3rio Moraes, Carolina Chrusciak Talhari Cortez<\/p>\r\n\r\n\r\n\r\n<p class=\"has-text-align-center\"><a href=\"https:\/\/scientia-amazonia.org\/wp-content\/uploads\/2020\/11\/v9-n4-CS49-CS62-2020.pdf\">Pharmacotherapeutic and laboratory profile of patients admitted to the nephrology ward of a university hospital <\/a>(In Portuguese)<\/p>\r\n\r\n\r\n\r\n<p class=\"has-text-align-center\">Jordan Carlos Silva de Medeiros, La\u00eds Silva de Vasconcelos, Roberta Taylane do Amaral e Melo, V\u00edvian Karla Feitoza Rodrigues, \u00c9rika Michelle do Nascimento Facundes Barbosa, Regina Meira Lima de Souza, Francisca Sueli Monte Moreira, Rosali Maria Ferreira da Silva<\/p>\r\n\r\n\r\n\r\n<p class=\"has-text-align-center\"><a href=\"https:\/\/scientia-amazonia.org\/wp-content\/uploads\/2020\/11\/v9-n4-CS63-CS72-2020.pdf\">Analysis of the profile of patients with multidrug-resistant tuberculosis in a University Hospital from Recife <\/a>(In Portuguese)<\/p>\r\n\r\n\r\n\r\n<p class=\"has-text-align-center\">Thaylany Crysley dos Santos Amorim, Amanda Danielle Silva, Lorena de Medeiros Batista, Jos\u00e9 de Arimatea Rocha Filho, Rosali Maria Ferreira da Silva<\/p>\r\n\r\n\r\n\r\n<p class=\"has-text-align-center\"><a href=\"https:\/\/scientia-amazonia.org\/wp-content\/uploads\/2020\/12\/v9-n4-CS73-CS83-2020.pdf\">Sociodemographic, serological and laboratory profile of patients diagnosed with hepatitis B, C and D treated at tertiary hospitals in Amazonas<\/a> (In Portuguese)<\/p>\r\n\r\n\r\n\r\n<p class=\"has-text-align-center\" style=\"text-align: center;\">Andresa Mota de Melo, R\u00f4mulo Collins Souza dos Santos, Wilson Marques Ramos J\u00fanior, Armando de Holanda Guerra J\u00fanior, Arlene dos Santos Pinto, Wornei Silva Miranda Braga, Lucas Vinicius Martins da Frota, F\u00e1bio Santos da Silva, Cristina Melo Rocha<\/p>\r\n<p style=\"text-align: center;\"><a href=\"https:\/\/scientia-amazonia.org\/wp-content\/uploads\/2021\/05\/v9-n4-CS84-CS96-2020.pdf\">Pharmacoepidemiological profile of elderly patients in a polyclinic in the city of Recife<\/a> (In Portuguese)<\/p>\r\n<p style=\"text-align: center;\">Raphaely Ferreira Domingos, Maria Joanellys dos Santos Lima, Karolynne Rodrigues de Melo, Beatriz de Fran\u00e7a Chagas, Elvis Bruno Silva de Paiva, Aldo Cesar Passilongo da Silva, Victor Avelino de Almeida, Pedro Jos\u00e9 Rolim Neto, Jo\u00e3o Maur\u00edcio de Almeida, Jos\u00e9 Amaro da Rocha J\u00fanior, Rosali Maria Ferreira da Silva<\/p>\r\n","protected":false},"excerpt":{"rendered":"<p>Biotecnologia Making fermented milk using kefir and Amazonian fruits (In Portuguese) Valdir da Costa Mendes, Vanda Peres da Silva, Caroline Machado da Costa, Klenicy Kazumy de Lima Yamaguchi, Waleska Gravena Evaluation of antimicrobial and antifungal [&hellip;]<\/p>\n","protected":false},"author":1,"featured_media":0,"parent":1212,"menu_order":0,"comment_status":"closed","ping_status":"closed","template":"","meta":{"_links_to":"","_links_to_target":""},"yoast_head":"<!-- This site is optimized with the Yoast SEO plugin v20.2.1 - https:\/\/yoast.com\/wordpress\/plugins\/seo\/ -->\n<title>N\u00famero 4 - Scientia Amazonia<\/title>\n<meta name=\"robots\" content=\"index, follow, max-snippet:-1, max-image-preview:large, max-video-preview:-1\" \/>\n<link rel=\"canonical\" href=\"https:\/\/scientia-amazonia.org\/index.php\/2020-2\/numero-4\/\" \/>\n<meta property=\"og:locale\" content=\"en_US\" \/>\n<meta property=\"og:type\" content=\"article\" \/>\n<meta property=\"og:title\" content=\"N\u00famero 4 - Scientia Amazonia\" \/>\n<meta property=\"og:description\" content=\"Biotecnologia Making fermented milk using kefir and Amazonian fruits (In Portuguese) Valdir da Costa Mendes, Vanda Peres da Silva, Caroline Machado da Costa, Klenicy Kazumy de Lima Yamaguchi, Waleska Gravena Evaluation of antimicrobial and antifungal [&hellip;]\" \/>\n<meta property=\"og:url\" content=\"https:\/\/scientia-amazonia.org\/index.php\/2020-2\/numero-4\/\" \/>\n<meta property=\"og:site_name\" content=\"Scientia Amazonia\" \/>\n<meta property=\"article:modified_time\" content=\"2021-05-08T13:48:23+00:00\" \/>\n<meta name=\"twitter:card\" content=\"summary_large_image\" \/>\n<meta name=\"twitter:label1\" content=\"Est. reading time\" \/>\n\t<meta name=\"twitter:data1\" content=\"5 minutes\" \/>\n<script type=\"application\/ld+json\" class=\"yoast-schema-graph\">{\"@context\":\"https:\/\/schema.org\",\"@graph\":[{\"@type\":\"WebPage\",\"@id\":\"https:\/\/scientia-amazonia.org\/index.php\/2020-2\/numero-4\/\",\"url\":\"https:\/\/scientia-amazonia.org\/index.php\/2020-2\/numero-4\/\",\"name\":\"N\u00famero 4 - Scientia Amazonia\",\"isPartOf\":{\"@id\":\"https:\/\/scientia-amazonia.org\/#website\"},\"datePublished\":\"2020-11-04T22:51:09+00:00\",\"dateModified\":\"2021-05-08T13:48:23+00:00\",\"breadcrumb\":{\"@id\":\"https:\/\/scientia-amazonia.org\/index.php\/2020-2\/numero-4\/#breadcrumb\"},\"inLanguage\":\"en-US\",\"potentialAction\":[{\"@type\":\"ReadAction\",\"target\":[\"https:\/\/scientia-amazonia.org\/index.php\/2020-2\/numero-4\/\"]}]},{\"@type\":\"BreadcrumbList\",\"@id\":\"https:\/\/scientia-amazonia.org\/index.php\/2020-2\/numero-4\/#breadcrumb\",\"itemListElement\":[{\"@type\":\"ListItem\",\"position\":1,\"name\":\"Home\",\"item\":\"https:\/\/scientia-amazonia.org\/\"},{\"@type\":\"ListItem\",\"position\":2,\"name\":\"2020\",\"item\":\"https:\/\/scientia-amazonia.org\/index.php\/2020-2\/\"},{\"@type\":\"ListItem\",\"position\":3,\"name\":\"N\u00famero 4\"}]},{\"@type\":\"WebSite\",\"@id\":\"https:\/\/scientia-amazonia.org\/#website\",\"url\":\"https:\/\/scientia-amazonia.org\/\",\"name\":\"Scientia Amazonia\",\"description\":\"Revista eletr\u00f4nica\",\"publisher\":{\"@id\":\"https:\/\/scientia-amazonia.org\/#organization\"},\"potentialAction\":[{\"@type\":\"SearchAction\",\"target\":{\"@type\":\"EntryPoint\",\"urlTemplate\":\"https:\/\/scientia-amazonia.org\/?s={search_term_string}\"},\"query-input\":\"required name=search_term_string\"}],\"inLanguage\":\"en-US\"},{\"@type\":\"Organization\",\"@id\":\"https:\/\/scientia-amazonia.org\/#organization\",\"name\":\"Scientia Amazonia\",\"url\":\"https:\/\/scientia-amazonia.org\/\",\"logo\":{\"@type\":\"ImageObject\",\"inLanguage\":\"en-US\",\"@id\":\"https:\/\/scientia-amazonia.org\/#\/schema\/logo\/image\/\",\"url\":\"https:\/\/scientia-amazonia.org\/wp-content\/uploads\/2021\/03\/logoScientia2.png\",\"contentUrl\":\"https:\/\/scientia-amazonia.org\/wp-content\/uploads\/2021\/03\/logoScientia2.png\",\"width\":934,\"height\":100,\"caption\":\"Scientia Amazonia\"},\"image\":{\"@id\":\"https:\/\/scientia-amazonia.org\/#\/schema\/logo\/image\/\"}}]}<\/script>\n<!-- \/ Yoast SEO plugin. -->","yoast_head_json":{"title":"N\u00famero 4 - Scientia Amazonia","robots":{"index":"index","follow":"follow","max-snippet":"max-snippet:-1","max-image-preview":"max-image-preview:large","max-video-preview":"max-video-preview:-1"},"canonical":"https:\/\/scientia-amazonia.org\/index.php\/2020-2\/numero-4\/","og_locale":"en_US","og_type":"article","og_title":"N\u00famero 4 - Scientia Amazonia","og_description":"Biotecnologia Making fermented milk using kefir and Amazonian fruits (In Portuguese) Valdir da Costa Mendes, Vanda Peres da Silva, Caroline Machado da Costa, Klenicy Kazumy de Lima Yamaguchi, Waleska Gravena Evaluation of antimicrobial and antifungal [&hellip;]","og_url":"https:\/\/scientia-amazonia.org\/index.php\/2020-2\/numero-4\/","og_site_name":"Scientia Amazonia","article_modified_time":"2021-05-08T13:48:23+00:00","twitter_card":"summary_large_image","twitter_misc":{"Est. reading time":"5 minutes"},"schema":{"@context":"https:\/\/schema.org","@graph":[{"@type":"WebPage","@id":"https:\/\/scientia-amazonia.org\/index.php\/2020-2\/numero-4\/","url":"https:\/\/scientia-amazonia.org\/index.php\/2020-2\/numero-4\/","name":"N\u00famero 4 - Scientia Amazonia","isPartOf":{"@id":"https:\/\/scientia-amazonia.org\/#website"},"datePublished":"2020-11-04T22:51:09+00:00","dateModified":"2021-05-08T13:48:23+00:00","breadcrumb":{"@id":"https:\/\/scientia-amazonia.org\/index.php\/2020-2\/numero-4\/#breadcrumb"},"inLanguage":"en-US","potentialAction":[{"@type":"ReadAction","target":["https:\/\/scientia-amazonia.org\/index.php\/2020-2\/numero-4\/"]}]},{"@type":"BreadcrumbList","@id":"https:\/\/scientia-amazonia.org\/index.php\/2020-2\/numero-4\/#breadcrumb","itemListElement":[{"@type":"ListItem","position":1,"name":"Home","item":"https:\/\/scientia-amazonia.org\/"},{"@type":"ListItem","position":2,"name":"2020","item":"https:\/\/scientia-amazonia.org\/index.php\/2020-2\/"},{"@type":"ListItem","position":3,"name":"N\u00famero 4"}]},{"@type":"WebSite","@id":"https:\/\/scientia-amazonia.org\/#website","url":"https:\/\/scientia-amazonia.org\/","name":"Scientia Amazonia","description":"Revista eletr\u00f4nica","publisher":{"@id":"https:\/\/scientia-amazonia.org\/#organization"},"potentialAction":[{"@type":"SearchAction","target":{"@type":"EntryPoint","urlTemplate":"https:\/\/scientia-amazonia.org\/?s={search_term_string}"},"query-input":"required name=search_term_string"}],"inLanguage":"en-US"},{"@type":"Organization","@id":"https:\/\/scientia-amazonia.org\/#organization","name":"Scientia Amazonia","url":"https:\/\/scientia-amazonia.org\/","logo":{"@type":"ImageObject","inLanguage":"en-US","@id":"https:\/\/scientia-amazonia.org\/#\/schema\/logo\/image\/","url":"https:\/\/scientia-amazonia.org\/wp-content\/uploads\/2021\/03\/logoScientia2.png","contentUrl":"https:\/\/scientia-amazonia.org\/wp-content\/uploads\/2021\/03\/logoScientia2.png","width":934,"height":100,"caption":"Scientia Amazonia"},"image":{"@id":"https:\/\/scientia-amazonia.org\/#\/schema\/logo\/image\/"}}]}},"_links":{"self":[{"href":"https:\/\/scientia-amazonia.org\/index.php\/wp-json\/wp\/v2\/pages\/1440"}],"collection":[{"href":"https:\/\/scientia-amazonia.org\/index.php\/wp-json\/wp\/v2\/pages"}],"about":[{"href":"https:\/\/scientia-amazonia.org\/index.php\/wp-json\/wp\/v2\/types\/page"}],"author":[{"embeddable":true,"href":"https:\/\/scientia-amazonia.org\/index.php\/wp-json\/wp\/v2\/users\/1"}],"replies":[{"embeddable":true,"href":"https:\/\/scientia-amazonia.org\/index.php\/wp-json\/wp\/v2\/comments?post=1440"}],"version-history":[{"count":63,"href":"https:\/\/scientia-amazonia.org\/index.php\/wp-json\/wp\/v2\/pages\/1440\/revisions"}],"predecessor-version":[{"id":1747,"href":"https:\/\/scientia-amazonia.org\/index.php\/wp-json\/wp\/v2\/pages\/1440\/revisions\/1747"}],"up":[{"embeddable":true,"href":"https:\/\/scientia-amazonia.org\/index.php\/wp-json\/wp\/v2\/pages\/1212"}],"wp:attachment":[{"href":"https:\/\/scientia-amazonia.org\/index.php\/wp-json\/wp\/v2\/media?parent=1440"}],"curies":[{"name":"wp","href":"https:\/\/api.w.org\/{rel}","templated":true}]}}