{"id":155,"date":"2016-06-09T19:58:58","date_gmt":"2016-06-09T19:58:58","guid":{"rendered":"https:\/\/scientia-amazonia.org\/?page_id=155"},"modified":"2016-06-10T18:38:10","modified_gmt":"2016-06-10T18:38:10","slug":"numero-1","status":"publish","type":"page","link":"https:\/\/scientia-amazonia.org\/index.php\/2015-2\/numero-1\/","title":{"rendered":"N\u00famero 1"},"content":{"rendered":"<p><a href=\"https:\/\/scientia-amazonia.org\/wp-content\/uploads\/2016\/06\/Editorial-n1-v.4-2015.pdf\">Editorial<\/a><\/p>\n<p>S\u00e9rie de Entrevistas com Avaliadores Externos (Pesquisadores do CNPq) do PIBIC\/UFAM<\/p>\n<p><a href=\"https:\/\/scientia-amazonia.org\/wp-content\/uploads\/2016\/06\/Entrevista-1.pdf\">Rosa Ester Rossini,\u00a0USP\/SP,\u00a0Bolsista 1A CNPq<\/a><\/p>\n<p><a href=\"https:\/\/scientia-amazonia.org\/wp-content\/uploads\/2016\/06\/Entrevista-2.pdf\">Nelson Venturini,\u00a0UFLA\/MG,\u00a0Bolsista 1D CNPq<\/a><\/p>\n<p><a href=\"https:\/\/scientia-amazonia.org\/wp-content\/uploads\/2016\/06\/Entrevista-3.pdf\">Daniel Pereira Bezerra,\u00a0FIOCRUZ\/BA,\u00a0Bolsista N\u00edvel 2 CNPq<\/a><\/p>\n<p><a href=\"https:\/\/scientia-amazonia.org\/wp-content\/uploads\/2016\/06\/v4-n1-01-09-2015.pdf\">EQUILIBRIUM THERMODYNAMICS AND MASS TRANSFER PARAMETERS ESTIMATION OF THE SYNTHESIS PRODUCTS OF PIPERONAL FROM ESSENTIAL OIL OF\u00a0PIPER HISPIDINERVUM\u00a0C. DC BY REVERSED PHASE LIQUID CHROMATOGRAPHY<\/a><\/p>\n<p>Alex Martins Ramos; Marco Aur\u00e9lio Cremasco<\/p>\n<p><a href=\"https:\/\/scientia-amazonia.org\/wp-content\/uploads\/2016\/06\/v4-n1-10-20-2015.pdf\">THE DISTRIBUTION OF HEMOGLOBIN S IN THREE QUILOMBOLA COMMUNITIES FROM THE STATE OF TOCANTINS, BRAZIL<\/a>\u00a0(<strong>in Portuguese<\/strong>)<\/p>\n<p>Simone P\u00f4ssas Andrade; Annyelle Figueredo Teles; Lidiane Oliveira de Souza; Luciana da Costa da Silva; Rafael Jos\u00e9 de Oliveira; M\u00e1rcio Galdino dos Santos; Carla Simone Seibert<\/p>\n<p><a href=\"https:\/\/scientia-amazonia.org\/wp-content\/uploads\/2016\/06\/v4-n1-21-27-2015.pdf\">PHYSICO-CHEMICAL CHARACTERIZATION OF CURAU\u00c1 FIBERS AND THEIR APPLICATION IN POLYMER COMPOSITES<\/a>\u00a0(<strong>in Portuguese<\/strong>)<\/p>\n<p>Luzia Soares Leal Neta; \u00c2ngela Mari dos Santos Costella; Jo\u00e3o de Almeida Melo Filho; Virginia Mansanares Giacon<\/p>\n<p><a href=\"https:\/\/scientia-amazonia.org\/wp-content\/uploads\/2016\/06\/v4-n1-28-34-2015.pdf\">MULTICRITERIA DECISION SUPPORT TO IDENTIFY BENCHMARKS OF AMAZONIAN REGIONAL VESSEL PROJECTS<\/a>\u00a0(<strong>in Portuguese<\/strong>)<\/p>\n<p>Jos\u00e9 Teixeira de Ara\u00fajo Neto Santos; Rafael Lima Medeiros; Nelson Kuwahara; Jo\u00e3o Caldas do Lago Neto;\u00a0Waltair Vieira Machado<\/p>\n<p><a href=\"https:\/\/scientia-amazonia.org\/wp-content\/uploads\/2016\/06\/v4-n1-35-46-2015.pdf\">INTERNAL GREEN MARKETING (IVM): SUSTAINABLE PRACTICES IN THE DYNAMICS OF CONTEMPORARY MARKETS\u00a0<\/a>(<strong>in Portuguese<\/strong>)<\/p>\n<p>Nixon Diniz Pereira; Ricardo Jorge da Cunha Costa Nogueira; Waldemar Ant\u00f4nio da Rocha Souza; Maria da Gl\u00f3ria Vit\u00f3rio Guimar\u00e3es; Karla Susiane dos Santos Pereira<\/p>\n<p><a href=\"https:\/\/scientia-amazonia.org\/wp-content\/uploads\/2016\/06\/v4-n1-47-53-2015.pdf\">SEEDLING EMERGE AND GERMINATION MORA PARAENSIS\u00a0DUCKE SEEDS AT DIFFERENT DEPTHS OF SOWING<\/a>\u00a0(<strong>in Portuguese<\/strong>)<\/p>\n<p>Bruna B\u00e1rbara Maciel Amoras Orellana; Jorge Breno Palheta Orellana; Fabiano Cesarino<\/p>\n<p><a href=\"https:\/\/scientia-amazonia.org\/wp-content\/uploads\/2016\/06\/v4-n1-54-66-2015.pdf\">STUDY THE ECONOMIC VIABILITY OF BIODIESEL PRODUCTION OF COOKING OIL IN MANAUS<\/a>\u00a0(<strong>in English<\/strong>)<\/p>\n<p>Vanuza Oliveira dos Santos; Jamal da Silva Chaar; Luiz Roberto Coelho Nascimento;\u00a0Jos\u00e9 Cardoso Neto; Ivoneide de Carvalho Lopes Barros<\/p>\n<p><a href=\"https:\/\/scientia-amazonia.org\/wp-content\/uploads\/2016\/06\/v4-n1-67-72-2015.pdf\">CHARACTERIZATION OF A CRYPTIC PLASMID FROM ENDOPHYTIC ENTEROBACTER AGGLOMERANS ISOLATED FROM AMAZON\u2019S COPAIFERA MULTIJUGA<\/a>\u00a0(<strong>in English<\/strong>)<\/p>\n<p>Alessandra Karisa Costa Lima do Nascimento; Lucivana Prata Souza Mour\u00e3o; Enedina Nogueira de Assun\u00e7\u00e3o; Carlos Gustavo Nunes-Silva; Edmar Vaz de Andrade; Jos\u00e9 Odair Pereira; Spartaco Astolfi-Filho<\/p>\n<p><a href=\"https:\/\/scientia-amazonia.org\/wp-content\/uploads\/2016\/06\/v4-n1-73-84-2015.pdf\">SNAKE BITES IN NORTHERN BRAZIL AND THE USE OF PLANT SPECIES AS AN ALTERNATIVE AND COMPLEMENTARY TREATMENT SEROTHERAPY\u00a0<\/a>\u00a0(<strong>in Portuguese<\/strong>)<\/p>\n<p>Val\u00e9ria Mour\u00e3o de Moura; Rosa Helena Veras Mour\u00e3o; Maria Cristina Dos-Santos<\/p>\n<p><a href=\"https:\/\/scientia-amazonia.org\/wp-content\/uploads\/2016\/06\/v4-n1-85-90-2015.pdf\">MICRORGANISMS ASSOCIATED WITH ANTS CUTTING MACHINES Atta sexdens Fabricius (Hymenoptera, Formicidae: Attini) IN THE MUNICIPALITY OF MANAUS, AMAZONAS<\/a>\u00a0(<strong>in Portuguese<\/strong>)<\/p>\n<p>Adriana Dantas Gonzaga; Ant\u00f4nia Queiroz Lima de Souza; Cristina Sayuri Maki; Jos\u00e9 Odair Pereira; Neliton Marques da Silva<\/p>\n<p><a href=\"https:\/\/scientia-amazonia.org\/wp-content\/uploads\/2016\/06\/v4-n1-91-100-2015.pdf\">METALS PRESENT IN BOTTOM SEDIMENTS FROM THE UPPER MADEIRA RIVER, AMAZON BASIN<\/a>\u00a0(<strong>in Portuguese<\/strong>)<\/p>\n<p>Railane In\u00e1cio dos Santos; Neila de Almeida Braga; Maria Cristina Nery do Nascimento Recktenvald; Dario Pires de Carvalho; M\u00e1rcio Rodrigues Miranda; Angelo Gilberto Manzatto; Wanderley Rodrigues Bastos<\/p>\n<p><a href=\"https:\/\/scientia-amazonia.org\/wp-content\/uploads\/2016\/06\/v4-n1-101-104-2015.pdf\">ANTIBACTERIAL ACTIVITY OF VENOM FROM\u00a0PHILODRYAS NATTERERI\u00a0STEINDACHNER, 1870<\/a>\u00a0(<strong>in English<\/strong>)<\/p>\n<p>Marinetes Dantas de Aquino Nery; Rayane de Tasso Moreira Ribeiro; Aline Pessoa de Negreiros; Hermano Damasceno de Aquino; Marisete Dantas de Aquino; Erik de Aquino Nery; Arislete Dantas de Aquino; N\u00e1dia Accioly Pinto Nogueira; Helena Serra Azul Monteiro<\/p>\n<p><a href=\"https:\/\/scientia-amazonia.org\/wp-content\/uploads\/2016\/06\/v4-n1-105-111-2015.pdf\">EFFECTS OF DIFFERENT CONCENTRATIONS OF 6-BENZYLAMINOPURINE IN VITRO CULTURE OF MANIHOT ESCULENTA CRANTZ<\/a>\u00a0(<strong>in Portuguese<\/strong>)<\/p>\n<p>Simone da Silva; Fl\u00e1vio Freires Ferreira; Arlena Maria Guimar\u00e3es Gato<\/p>\n","protected":false},"excerpt":{"rendered":"<p>Editorial S\u00e9rie de Entrevistas com Avaliadores Externos (Pesquisadores do CNPq) do PIBIC\/UFAM Rosa Ester Rossini,\u00a0USP\/SP,\u00a0Bolsista 1A CNPq Nelson Venturini,\u00a0UFLA\/MG,\u00a0Bolsista 1D CNPq Daniel Pereira Bezerra,\u00a0FIOCRUZ\/BA,\u00a0Bolsista N\u00edvel 2 CNPq EQUILIBRIUM THERMODYNAMICS AND MASS TRANSFER PARAMETERS ESTIMATION OF [&hellip;]<\/p>\n","protected":false},"author":1,"featured_media":0,"parent":153,"menu_order":0,"comment_status":"closed","ping_status":"closed","template":"","meta":{"_links_to":"","_links_to_target":""},"yoast_head":"<!-- This site is optimized with the Yoast SEO plugin v20.2.1 - https:\/\/yoast.com\/wordpress\/plugins\/seo\/ -->\n<title>N\u00famero 1 - Scientia Amazonia<\/title>\n<meta name=\"robots\" content=\"index, follow, max-snippet:-1, max-image-preview:large, max-video-preview:-1\" \/>\n<link rel=\"canonical\" href=\"https:\/\/scientia-amazonia.org\/index.php\/2015-2\/numero-1\/\" \/>\n<meta property=\"og:locale\" content=\"en_US\" \/>\n<meta property=\"og:type\" content=\"article\" \/>\n<meta property=\"og:title\" content=\"N\u00famero 1 - Scientia Amazonia\" \/>\n<meta property=\"og:description\" content=\"Editorial S\u00e9rie de Entrevistas com Avaliadores Externos (Pesquisadores do CNPq) do PIBIC\/UFAM Rosa Ester Rossini,\u00a0USP\/SP,\u00a0Bolsista 1A CNPq Nelson Venturini,\u00a0UFLA\/MG,\u00a0Bolsista 1D CNPq Daniel Pereira Bezerra,\u00a0FIOCRUZ\/BA,\u00a0Bolsista N\u00edvel 2 CNPq EQUILIBRIUM THERMODYNAMICS AND MASS TRANSFER PARAMETERS ESTIMATION OF [&hellip;]\" \/>\n<meta property=\"og:url\" content=\"https:\/\/scientia-amazonia.org\/index.php\/2015-2\/numero-1\/\" \/>\n<meta property=\"og:site_name\" content=\"Scientia Amazonia\" \/>\n<meta property=\"article:modified_time\" content=\"2016-06-10T18:38:10+00:00\" \/>\n<meta name=\"twitter:card\" content=\"summary_large_image\" \/>\n<meta name=\"twitter:label1\" content=\"Est. reading time\" \/>\n\t<meta name=\"twitter:data1\" content=\"3 minutes\" \/>\n<script type=\"application\/ld+json\" class=\"yoast-schema-graph\">{\"@context\":\"https:\/\/schema.org\",\"@graph\":[{\"@type\":\"WebPage\",\"@id\":\"https:\/\/scientia-amazonia.org\/index.php\/2015-2\/numero-1\/\",\"url\":\"https:\/\/scientia-amazonia.org\/index.php\/2015-2\/numero-1\/\",\"name\":\"N\u00famero 1 - Scientia Amazonia\",\"isPartOf\":{\"@id\":\"https:\/\/scientia-amazonia.org\/#website\"},\"datePublished\":\"2016-06-09T19:58:58+00:00\",\"dateModified\":\"2016-06-10T18:38:10+00:00\",\"breadcrumb\":{\"@id\":\"https:\/\/scientia-amazonia.org\/index.php\/2015-2\/numero-1\/#breadcrumb\"},\"inLanguage\":\"en-US\",\"potentialAction\":[{\"@type\":\"ReadAction\",\"target\":[\"https:\/\/scientia-amazonia.org\/index.php\/2015-2\/numero-1\/\"]}]},{\"@type\":\"BreadcrumbList\",\"@id\":\"https:\/\/scientia-amazonia.org\/index.php\/2015-2\/numero-1\/#breadcrumb\",\"itemListElement\":[{\"@type\":\"ListItem\",\"position\":1,\"name\":\"Home\",\"item\":\"https:\/\/scientia-amazonia.org\/\"},{\"@type\":\"ListItem\",\"position\":2,\"name\":\"2015\",\"item\":\"https:\/\/scientia-amazonia.org\/index.php\/2015-2\/\"},{\"@type\":\"ListItem\",\"position\":3,\"name\":\"N\u00famero 1\"}]},{\"@type\":\"WebSite\",\"@id\":\"https:\/\/scientia-amazonia.org\/#website\",\"url\":\"https:\/\/scientia-amazonia.org\/\",\"name\":\"Scientia Amazonia\",\"description\":\"Revista eletr\u00f4nica\",\"publisher\":{\"@id\":\"https:\/\/scientia-amazonia.org\/#organization\"},\"potentialAction\":[{\"@type\":\"SearchAction\",\"target\":{\"@type\":\"EntryPoint\",\"urlTemplate\":\"https:\/\/scientia-amazonia.org\/?s={search_term_string}\"},\"query-input\":\"required name=search_term_string\"}],\"inLanguage\":\"en-US\"},{\"@type\":\"Organization\",\"@id\":\"https:\/\/scientia-amazonia.org\/#organization\",\"name\":\"Scientia Amazonia\",\"url\":\"https:\/\/scientia-amazonia.org\/\",\"logo\":{\"@type\":\"ImageObject\",\"inLanguage\":\"en-US\",\"@id\":\"https:\/\/scientia-amazonia.org\/#\/schema\/logo\/image\/\",\"url\":\"https:\/\/scientia-amazonia.org\/wp-content\/uploads\/2021\/03\/logoScientia2.png\",\"contentUrl\":\"https:\/\/scientia-amazonia.org\/wp-content\/uploads\/2021\/03\/logoScientia2.png\",\"width\":934,\"height\":100,\"caption\":\"Scientia Amazonia\"},\"image\":{\"@id\":\"https:\/\/scientia-amazonia.org\/#\/schema\/logo\/image\/\"}}]}<\/script>\n<!-- \/ Yoast SEO plugin. -->","yoast_head_json":{"title":"N\u00famero 1 - Scientia Amazonia","robots":{"index":"index","follow":"follow","max-snippet":"max-snippet:-1","max-image-preview":"max-image-preview:large","max-video-preview":"max-video-preview:-1"},"canonical":"https:\/\/scientia-amazonia.org\/index.php\/2015-2\/numero-1\/","og_locale":"en_US","og_type":"article","og_title":"N\u00famero 1 - Scientia Amazonia","og_description":"Editorial S\u00e9rie de Entrevistas com Avaliadores Externos (Pesquisadores do CNPq) do PIBIC\/UFAM Rosa Ester Rossini,\u00a0USP\/SP,\u00a0Bolsista 1A CNPq Nelson Venturini,\u00a0UFLA\/MG,\u00a0Bolsista 1D CNPq Daniel Pereira Bezerra,\u00a0FIOCRUZ\/BA,\u00a0Bolsista N\u00edvel 2 CNPq EQUILIBRIUM THERMODYNAMICS AND MASS TRANSFER PARAMETERS ESTIMATION OF [&hellip;]","og_url":"https:\/\/scientia-amazonia.org\/index.php\/2015-2\/numero-1\/","og_site_name":"Scientia Amazonia","article_modified_time":"2016-06-10T18:38:10+00:00","twitter_card":"summary_large_image","twitter_misc":{"Est. reading time":"3 minutes"},"schema":{"@context":"https:\/\/schema.org","@graph":[{"@type":"WebPage","@id":"https:\/\/scientia-amazonia.org\/index.php\/2015-2\/numero-1\/","url":"https:\/\/scientia-amazonia.org\/index.php\/2015-2\/numero-1\/","name":"N\u00famero 1 - Scientia Amazonia","isPartOf":{"@id":"https:\/\/scientia-amazonia.org\/#website"},"datePublished":"2016-06-09T19:58:58+00:00","dateModified":"2016-06-10T18:38:10+00:00","breadcrumb":{"@id":"https:\/\/scientia-amazonia.org\/index.php\/2015-2\/numero-1\/#breadcrumb"},"inLanguage":"en-US","potentialAction":[{"@type":"ReadAction","target":["https:\/\/scientia-amazonia.org\/index.php\/2015-2\/numero-1\/"]}]},{"@type":"BreadcrumbList","@id":"https:\/\/scientia-amazonia.org\/index.php\/2015-2\/numero-1\/#breadcrumb","itemListElement":[{"@type":"ListItem","position":1,"name":"Home","item":"https:\/\/scientia-amazonia.org\/"},{"@type":"ListItem","position":2,"name":"2015","item":"https:\/\/scientia-amazonia.org\/index.php\/2015-2\/"},{"@type":"ListItem","position":3,"name":"N\u00famero 1"}]},{"@type":"WebSite","@id":"https:\/\/scientia-amazonia.org\/#website","url":"https:\/\/scientia-amazonia.org\/","name":"Scientia Amazonia","description":"Revista eletr\u00f4nica","publisher":{"@id":"https:\/\/scientia-amazonia.org\/#organization"},"potentialAction":[{"@type":"SearchAction","target":{"@type":"EntryPoint","urlTemplate":"https:\/\/scientia-amazonia.org\/?s={search_term_string}"},"query-input":"required name=search_term_string"}],"inLanguage":"en-US"},{"@type":"Organization","@id":"https:\/\/scientia-amazonia.org\/#organization","name":"Scientia Amazonia","url":"https:\/\/scientia-amazonia.org\/","logo":{"@type":"ImageObject","inLanguage":"en-US","@id":"https:\/\/scientia-amazonia.org\/#\/schema\/logo\/image\/","url":"https:\/\/scientia-amazonia.org\/wp-content\/uploads\/2021\/03\/logoScientia2.png","contentUrl":"https:\/\/scientia-amazonia.org\/wp-content\/uploads\/2021\/03\/logoScientia2.png","width":934,"height":100,"caption":"Scientia Amazonia"},"image":{"@id":"https:\/\/scientia-amazonia.org\/#\/schema\/logo\/image\/"}}]}},"_links":{"self":[{"href":"https:\/\/scientia-amazonia.org\/index.php\/wp-json\/wp\/v2\/pages\/155"}],"collection":[{"href":"https:\/\/scientia-amazonia.org\/index.php\/wp-json\/wp\/v2\/pages"}],"about":[{"href":"https:\/\/scientia-amazonia.org\/index.php\/wp-json\/wp\/v2\/types\/page"}],"author":[{"embeddable":true,"href":"https:\/\/scientia-amazonia.org\/index.php\/wp-json\/wp\/v2\/users\/1"}],"replies":[{"embeddable":true,"href":"https:\/\/scientia-amazonia.org\/index.php\/wp-json\/wp\/v2\/comments?post=155"}],"version-history":[{"count":4,"href":"https:\/\/scientia-amazonia.org\/index.php\/wp-json\/wp\/v2\/pages\/155\/revisions"}],"predecessor-version":[{"id":313,"href":"https:\/\/scientia-amazonia.org\/index.php\/wp-json\/wp\/v2\/pages\/155\/revisions\/313"}],"up":[{"embeddable":true,"href":"https:\/\/scientia-amazonia.org\/index.php\/wp-json\/wp\/v2\/pages\/153"}],"wp:attachment":[{"href":"https:\/\/scientia-amazonia.org\/index.php\/wp-json\/wp\/v2\/media?parent=155"}],"curies":[{"name":"wp","href":"https:\/\/api.w.org\/{rel}","templated":true}]}}