{"id":157,"date":"2016-06-09T20:00:20","date_gmt":"2016-06-09T20:00:20","guid":{"rendered":"https:\/\/scientia-amazonia.org\/?page_id=157"},"modified":"2016-06-10T18:55:29","modified_gmt":"2016-06-10T18:55:29","slug":"numero-2","status":"publish","type":"page","link":"https:\/\/scientia-amazonia.org\/index.php\/2015-2\/numero-2\/","title":{"rendered":"N\u00famero 2"},"content":{"rendered":"<p><strong>ENTREVISTA<\/strong><\/p>\n<p><a href=\"https:\/\/scientia-amazonia.org\/wp-content\/uploads\/2016\/06\/v4-n2-E1-E6-2015.pdf\">PROFESSORA DOUTORA L\u00daCIA BEL\u00c9M PINHEIRO &#8211; TEMA &#8211; HIST\u00d3RIA DA QU\u00cdMICA DE PRODUTOS NATURAIS NO ESTADO DO AMAZONAS<\/a><\/p>\n<p><strong>ARTIGOS<\/strong><\/p>\n<p><a href=\"https:\/\/scientia-amazonia.org\/wp-content\/uploads\/2016\/06\/v4-n2-1-9-2015.pdf\">CARACTERIZA\u00c7\u00c3O PARCIAL DAS IMUNOGLOBULINAS DE\u00a0<em>PLESIOTRYGON IWAMAE<\/em><em>\u00a0<\/em>(CHONDRICHTYES &#8211; POTAMOTRYGONIDAE) E DE\u00a0<em>COLOSSOMA MACROPOMUM<\/em>\u00a0(OSTEICHTYES &#8211; CHARACIDAE) ISOLADAS COM \u00c1CIDO CAPR\u00cdLICO<\/a><\/p>\n<p>Camilo Alberto Corr\u00eaa de Vasconcellos Dias; Jos\u00e9 Dantas de G\u00f3es Filho;\u00a0Rafael Rodrigues Costa Oliveira; Rafael Luckwu de Sousa; Wallice Luiz Paxiuba Duncan; Eduardo Ono; Lu\u00eds Andr\u00e9 Mari\u00faba; Juliana Luiza Varj\u00e3o Lameiras; Maria Cristina dos-Santos<\/p>\n<p><a href=\"https:\/\/scientia-amazonia.org\/wp-content\/uploads\/2016\/06\/v4-n2-10-18-2015.pdf\"><em>SPONDIAS<\/em>\u00a0<em>PURPUREA<\/em>\u00a0L. (ANACARDIACEAE): TRADITIONAL USES, CHEMICAL COMPOSITION AND BIOLOGICAL ACTIVITIES<\/a><\/p>\n<p>Marisco; C. Pungartnik<\/p>\n<p><a href=\"https:\/\/scientia-amazonia.org\/wp-content\/uploads\/2016\/06\/v4-n2-19-24-2015.pdf\">IMPACTOS AMBIENTAIS DECORRENTES DA DEPOSI\u00c7\u00c3O INADEQUADA DE RES\u00cdDUOS S\u00d3LIDOS NA ZONA OESTE DE CAMPINA GRANDE-PARA\u00cdBA<\/a><\/p>\n<p>D\u00e9borah Nicole da Costa Andrade; Adrianne Teixeira Barros; Francisco Ferreira Dantas Filho<\/p>\n<p><a href=\"https:\/\/scientia-amazonia.org\/wp-content\/uploads\/2016\/06\/v4-n2-25-35-2015.pdf\">ETNOCONHECIMENTO DE PLANTAS ODONT\u00c1LGICAS USADAS NO ASSENTAMENTO TARUM\u00c3-MIRIM, MANAUS, AMAZONAS<\/a><\/p>\n<p>Jo\u00e3o Marcelo Silva Lima; Carlos Cleomir de Souza Pinheiro<sub>;\u00a0<\/sub>Marlene Freitas da Silva<\/p>\n<p><a href=\"https:\/\/scientia-amazonia.org\/wp-content\/uploads\/2016\/06\/v4-n2-36-59-2015.pdf\">NANOPART\u00cdCULAS DE TIO<sub>2<\/sub>: S\u00cdNTESE PELO M\u00c9TODO SOL-GEL E T\u00c9CNICAS DE CARACTERIZA\u00c7\u00c3O<\/a><\/p>\n<p>Luana de Brito Anton; Neila de Almeida Braga<\/p>\n<p><a href=\"https:\/\/scientia-amazonia.org\/wp-content\/uploads\/2016\/06\/v4-n2-60-65-2015.pdf\">O CONHECIMENTO DE CUIDADORES E CABELEREIROS SOBRE ASPECTOS EPIDEMIOL\u00d3GICOS DA PEDICULOSE DA CABE\u00c7A EM MANAUS, AM, BRASIL<\/a><\/p>\n<p>Raquel Borges-Moroni;\u00a0Suellen Cristina Barbosa Nunes;\u00a0Rafaella Bruno Antunes de Souza; J\u00falio\u00a0Mendes; F\u00e1bio Tonissi Moroni<\/p>\n<p><a href=\"https:\/\/scientia-amazonia.org\/wp-content\/uploads\/2016\/06\/v4-n2-66-69-2015.pdf\">MORFOLOGIA DE FRUTOS E SEMENTES DE\u00a0<em>CARINIANA LEGALIS<\/em>\u00a0(MART.) KUNTZE (LECYTHIDACEAE)<\/a><\/p>\n<p>Rayane de Tasso Moreira Ribeiro; Rejane Maria da Silva; Suzene Iz\u00eddio da Silva; Maria Izabel Gall\u00e3o<\/p>\n<p><a href=\"https:\/\/scientia-amazonia.org\/wp-content\/uploads\/2016\/06\/v4-n2-70-84-2015.pdf\">AS NANOPART\u00cdCULAS DE \u00d3XIDOS DE FERRO MAGN\u00c9TICOS NA TERAPIA DO C\u00c2NCER<\/a><\/p>\n<p>Liliam Gleicy de Souza Oliveira,\u00a0Vijayendra Garg,\u00a0Genilson Pereira Santana<\/p>\n<p><a href=\"https:\/\/scientia-amazonia.org\/wp-content\/uploads\/2016\/06\/v4-n2-85-91-2015.pdf\">A ECOMORFOLOGIA COMO FERRAMENTA EM ESTUDOS QUE ABORDAM A ALIMENTA\u00c7\u00c3O E O USO DE HABITATS POR ASSEMBLEIAS DE PEIXES<\/a><\/p>\n<p>Diogo Campos Cardoso; Fl\u00e1via Kelly Siqueira de Souza; Carlos Edwar de Carvalho Freitas<\/p>\n<p><a href=\"https:\/\/scientia-amazonia.org\/wp-content\/uploads\/2016\/06\/v4-n2-92-99-2015.pdf\">ESTABELECIMENTO E DESENVOLVIMENTO\u00a0<em>IN VITRO<\/em>\u00a0DE PL\u00c2NTULAS DE\u00a0<em>QUASSIA AMARA<\/em>\u00a0L. (SIMAROUBACEAE)<\/a><\/p>\n<p>Simone da Silva<\/p>\n<p><a href=\"https:\/\/scientia-amazonia.org\/wp-content\/uploads\/2016\/06\/v4-n2-100-106-2015.pdf\">ENTENDIMENTO DA ABORDAGEM CTSA NO ENSINO DE QU\u00cdMICA E AS DIFICULDADES APONTADAS POR PROFESSORES DE ESCOLAS P\u00daBLICAS DA CIDADE DE CAMPINA GRANDE \u2013 PB EM INSERIR ESSE ENFOQUE NAS SUAS AULAS<\/a><\/p>\n<p>Francisco Ferreira Dantas Filho; Gilberl\u00e2ndio Nunes da Silva; Helionalda Costa Silva<\/p>\n<p><a href=\"https:\/\/scientia-amazonia.org\/wp-content\/uploads\/2016\/06\/v4-n2-107-113-2015.pdf\">AN\u00c1LISE QUANTITATIVA DA PRODU\u00c7\u00c3O DE PROTEASES POR\u00a0<em>ASPERGILLUS<\/em>\u00a0SPP E<em>\u00a0<\/em><em>PENICILLIUM<\/em>\u00a0SPP DA COLE\u00c7\u00c3O DE FUNGOS DA AMAZ\u00d4NIA \u2013 CFAM\/FIOCRUZ- AM EM DIFERENTES CONDI\u00c7\u00d5ES DE CULTIVO.<\/a><\/p>\n<p>Thayana C. de Souza; Cl\u00e1udia P. M. de Ara\u00fajo; Josy C. Rodrigues; Raimundo Felipe C. Filho; Ormezinda C. C. Fernandes<\/p>\n<p><strong>NOTA CIENT\u00cdFICA<\/strong><\/p>\n<p><a href=\"https:\/\/scientia-amazonia.org\/wp-content\/uploads\/2016\/06\/v4-n2-114-124-2015-NOTA.pdf\">ESP\u00c9CIES EX\u00d3TICAS INVASORAS E SEUS RISCOS PARA A AMAZ\u00d4NIA LEGAL<\/a><\/p>\n<p>Andr\u00e9ia Ferreira da Silva; Maria Clara Silva-Forsberg<\/p>\n<p><a href=\"https:\/\/scientia-amazonia.org\/wp-content\/uploads\/2016\/06\/v4-n2-125-127-2015-NOTA.pdf\">DNA TOTAL DO SOLO: EFEITOS DO ARMAZENAMENTO E CONSERVA\u00c7\u00c3O DAS AMOSTRAS<\/a><\/p>\n<p>Ana Carla Stieven; Dafne Alves Oliveira; Eduardo Guimar\u00e3es Couto; Daniela Tiago da Silva Campos<\/p>\n","protected":false},"excerpt":{"rendered":"<p>ENTREVISTA PROFESSORA DOUTORA L\u00daCIA BEL\u00c9M PINHEIRO &#8211; TEMA &#8211; HIST\u00d3RIA DA QU\u00cdMICA DE PRODUTOS NATURAIS NO ESTADO DO AMAZONAS ARTIGOS CARACTERIZA\u00c7\u00c3O PARCIAL DAS IMUNOGLOBULINAS DE\u00a0PLESIOTRYGON IWAMAE\u00a0(CHONDRICHTYES &#8211; POTAMOTRYGONIDAE) E DE\u00a0COLOSSOMA MACROPOMUM\u00a0(OSTEICHTYES &#8211; CHARACIDAE) ISOLADAS COM [&hellip;]<\/p>\n","protected":false},"author":1,"featured_media":0,"parent":153,"menu_order":0,"comment_status":"closed","ping_status":"closed","template":"","meta":{"_links_to":"","_links_to_target":""},"yoast_head":"<!-- This site is optimized with the Yoast SEO plugin v20.2.1 - https:\/\/yoast.com\/wordpress\/plugins\/seo\/ -->\n<title>N\u00famero 2 - Scientia Amazonia<\/title>\n<meta name=\"robots\" content=\"index, follow, max-snippet:-1, max-image-preview:large, max-video-preview:-1\" \/>\n<link rel=\"canonical\" href=\"https:\/\/scientia-amazonia.org\/index.php\/2015-2\/numero-2\/\" \/>\n<meta property=\"og:locale\" content=\"en_US\" \/>\n<meta property=\"og:type\" content=\"article\" \/>\n<meta property=\"og:title\" content=\"N\u00famero 2 - Scientia Amazonia\" \/>\n<meta property=\"og:description\" content=\"ENTREVISTA PROFESSORA DOUTORA L\u00daCIA BEL\u00c9M PINHEIRO &#8211; TEMA &#8211; HIST\u00d3RIA DA QU\u00cdMICA DE PRODUTOS NATURAIS NO ESTADO DO AMAZONAS ARTIGOS CARACTERIZA\u00c7\u00c3O PARCIAL DAS IMUNOGLOBULINAS DE\u00a0PLESIOTRYGON IWAMAE\u00a0(CHONDRICHTYES &#8211; POTAMOTRYGONIDAE) E DE\u00a0COLOSSOMA MACROPOMUM\u00a0(OSTEICHTYES &#8211; CHARACIDAE) ISOLADAS COM [&hellip;]\" \/>\n<meta property=\"og:url\" content=\"https:\/\/scientia-amazonia.org\/index.php\/2015-2\/numero-2\/\" \/>\n<meta property=\"og:site_name\" content=\"Scientia Amazonia\" \/>\n<meta property=\"article:modified_time\" content=\"2016-06-10T18:55:29+00:00\" \/>\n<meta name=\"twitter:card\" content=\"summary_large_image\" \/>\n<meta name=\"twitter:label1\" content=\"Est. reading time\" \/>\n\t<meta name=\"twitter:data1\" content=\"2 minutes\" \/>\n<script type=\"application\/ld+json\" class=\"yoast-schema-graph\">{\"@context\":\"https:\/\/schema.org\",\"@graph\":[{\"@type\":\"WebPage\",\"@id\":\"https:\/\/scientia-amazonia.org\/index.php\/2015-2\/numero-2\/\",\"url\":\"https:\/\/scientia-amazonia.org\/index.php\/2015-2\/numero-2\/\",\"name\":\"N\u00famero 2 - Scientia Amazonia\",\"isPartOf\":{\"@id\":\"https:\/\/scientia-amazonia.org\/#website\"},\"datePublished\":\"2016-06-09T20:00:20+00:00\",\"dateModified\":\"2016-06-10T18:55:29+00:00\",\"breadcrumb\":{\"@id\":\"https:\/\/scientia-amazonia.org\/index.php\/2015-2\/numero-2\/#breadcrumb\"},\"inLanguage\":\"en-US\",\"potentialAction\":[{\"@type\":\"ReadAction\",\"target\":[\"https:\/\/scientia-amazonia.org\/index.php\/2015-2\/numero-2\/\"]}]},{\"@type\":\"BreadcrumbList\",\"@id\":\"https:\/\/scientia-amazonia.org\/index.php\/2015-2\/numero-2\/#breadcrumb\",\"itemListElement\":[{\"@type\":\"ListItem\",\"position\":1,\"name\":\"Home\",\"item\":\"https:\/\/scientia-amazonia.org\/\"},{\"@type\":\"ListItem\",\"position\":2,\"name\":\"2015\",\"item\":\"https:\/\/scientia-amazonia.org\/index.php\/2015-2\/\"},{\"@type\":\"ListItem\",\"position\":3,\"name\":\"N\u00famero 2\"}]},{\"@type\":\"WebSite\",\"@id\":\"https:\/\/scientia-amazonia.org\/#website\",\"url\":\"https:\/\/scientia-amazonia.org\/\",\"name\":\"Scientia Amazonia\",\"description\":\"Revista eletr\u00f4nica\",\"publisher\":{\"@id\":\"https:\/\/scientia-amazonia.org\/#organization\"},\"potentialAction\":[{\"@type\":\"SearchAction\",\"target\":{\"@type\":\"EntryPoint\",\"urlTemplate\":\"https:\/\/scientia-amazonia.org\/?s={search_term_string}\"},\"query-input\":\"required name=search_term_string\"}],\"inLanguage\":\"en-US\"},{\"@type\":\"Organization\",\"@id\":\"https:\/\/scientia-amazonia.org\/#organization\",\"name\":\"Scientia Amazonia\",\"url\":\"https:\/\/scientia-amazonia.org\/\",\"logo\":{\"@type\":\"ImageObject\",\"inLanguage\":\"en-US\",\"@id\":\"https:\/\/scientia-amazonia.org\/#\/schema\/logo\/image\/\",\"url\":\"https:\/\/scientia-amazonia.org\/wp-content\/uploads\/2021\/03\/logoScientia2.png\",\"contentUrl\":\"https:\/\/scientia-amazonia.org\/wp-content\/uploads\/2021\/03\/logoScientia2.png\",\"width\":934,\"height\":100,\"caption\":\"Scientia Amazonia\"},\"image\":{\"@id\":\"https:\/\/scientia-amazonia.org\/#\/schema\/logo\/image\/\"}}]}<\/script>\n<!-- \/ Yoast SEO plugin. -->","yoast_head_json":{"title":"N\u00famero 2 - Scientia Amazonia","robots":{"index":"index","follow":"follow","max-snippet":"max-snippet:-1","max-image-preview":"max-image-preview:large","max-video-preview":"max-video-preview:-1"},"canonical":"https:\/\/scientia-amazonia.org\/index.php\/2015-2\/numero-2\/","og_locale":"en_US","og_type":"article","og_title":"N\u00famero 2 - Scientia Amazonia","og_description":"ENTREVISTA PROFESSORA DOUTORA L\u00daCIA BEL\u00c9M PINHEIRO &#8211; TEMA &#8211; HIST\u00d3RIA DA QU\u00cdMICA DE PRODUTOS NATURAIS NO ESTADO DO AMAZONAS ARTIGOS CARACTERIZA\u00c7\u00c3O PARCIAL DAS IMUNOGLOBULINAS DE\u00a0PLESIOTRYGON IWAMAE\u00a0(CHONDRICHTYES &#8211; POTAMOTRYGONIDAE) E DE\u00a0COLOSSOMA MACROPOMUM\u00a0(OSTEICHTYES &#8211; CHARACIDAE) ISOLADAS COM [&hellip;]","og_url":"https:\/\/scientia-amazonia.org\/index.php\/2015-2\/numero-2\/","og_site_name":"Scientia Amazonia","article_modified_time":"2016-06-10T18:55:29+00:00","twitter_card":"summary_large_image","twitter_misc":{"Est. reading time":"2 minutes"},"schema":{"@context":"https:\/\/schema.org","@graph":[{"@type":"WebPage","@id":"https:\/\/scientia-amazonia.org\/index.php\/2015-2\/numero-2\/","url":"https:\/\/scientia-amazonia.org\/index.php\/2015-2\/numero-2\/","name":"N\u00famero 2 - Scientia Amazonia","isPartOf":{"@id":"https:\/\/scientia-amazonia.org\/#website"},"datePublished":"2016-06-09T20:00:20+00:00","dateModified":"2016-06-10T18:55:29+00:00","breadcrumb":{"@id":"https:\/\/scientia-amazonia.org\/index.php\/2015-2\/numero-2\/#breadcrumb"},"inLanguage":"en-US","potentialAction":[{"@type":"ReadAction","target":["https:\/\/scientia-amazonia.org\/index.php\/2015-2\/numero-2\/"]}]},{"@type":"BreadcrumbList","@id":"https:\/\/scientia-amazonia.org\/index.php\/2015-2\/numero-2\/#breadcrumb","itemListElement":[{"@type":"ListItem","position":1,"name":"Home","item":"https:\/\/scientia-amazonia.org\/"},{"@type":"ListItem","position":2,"name":"2015","item":"https:\/\/scientia-amazonia.org\/index.php\/2015-2\/"},{"@type":"ListItem","position":3,"name":"N\u00famero 2"}]},{"@type":"WebSite","@id":"https:\/\/scientia-amazonia.org\/#website","url":"https:\/\/scientia-amazonia.org\/","name":"Scientia Amazonia","description":"Revista eletr\u00f4nica","publisher":{"@id":"https:\/\/scientia-amazonia.org\/#organization"},"potentialAction":[{"@type":"SearchAction","target":{"@type":"EntryPoint","urlTemplate":"https:\/\/scientia-amazonia.org\/?s={search_term_string}"},"query-input":"required name=search_term_string"}],"inLanguage":"en-US"},{"@type":"Organization","@id":"https:\/\/scientia-amazonia.org\/#organization","name":"Scientia Amazonia","url":"https:\/\/scientia-amazonia.org\/","logo":{"@type":"ImageObject","inLanguage":"en-US","@id":"https:\/\/scientia-amazonia.org\/#\/schema\/logo\/image\/","url":"https:\/\/scientia-amazonia.org\/wp-content\/uploads\/2021\/03\/logoScientia2.png","contentUrl":"https:\/\/scientia-amazonia.org\/wp-content\/uploads\/2021\/03\/logoScientia2.png","width":934,"height":100,"caption":"Scientia Amazonia"},"image":{"@id":"https:\/\/scientia-amazonia.org\/#\/schema\/logo\/image\/"}}]}},"_links":{"self":[{"href":"https:\/\/scientia-amazonia.org\/index.php\/wp-json\/wp\/v2\/pages\/157"}],"collection":[{"href":"https:\/\/scientia-amazonia.org\/index.php\/wp-json\/wp\/v2\/pages"}],"about":[{"href":"https:\/\/scientia-amazonia.org\/index.php\/wp-json\/wp\/v2\/types\/page"}],"author":[{"embeddable":true,"href":"https:\/\/scientia-amazonia.org\/index.php\/wp-json\/wp\/v2\/users\/1"}],"replies":[{"embeddable":true,"href":"https:\/\/scientia-amazonia.org\/index.php\/wp-json\/wp\/v2\/comments?post=157"}],"version-history":[{"count":4,"href":"https:\/\/scientia-amazonia.org\/index.php\/wp-json\/wp\/v2\/pages\/157\/revisions"}],"predecessor-version":[{"id":332,"href":"https:\/\/scientia-amazonia.org\/index.php\/wp-json\/wp\/v2\/pages\/157\/revisions\/332"}],"up":[{"embeddable":true,"href":"https:\/\/scientia-amazonia.org\/index.php\/wp-json\/wp\/v2\/pages\/153"}],"wp:attachment":[{"href":"https:\/\/scientia-amazonia.org\/index.php\/wp-json\/wp\/v2\/media?parent=157"}],"curies":[{"name":"wp","href":"https:\/\/api.w.org\/{rel}","templated":true}]}}