{"id":160,"date":"2016-06-09T20:02:03","date_gmt":"2016-06-09T20:02:03","guid":{"rendered":"https:\/\/scientia-amazonia.org\/?page_id=160"},"modified":"2016-06-10T19:08:46","modified_gmt":"2016-06-10T19:08:46","slug":"numero-3","status":"publish","type":"page","link":"https:\/\/scientia-amazonia.org\/index.php\/2015-2\/numero-3\/","title":{"rendered":"N\u00famero 3"},"content":{"rendered":"<p><a href=\"https:\/\/scientia-amazonia.org\/wp-content\/uploads\/2016\/06\/v4-n3-01-12-2015.pdf\">SYSTEMATIC REVIEW OF THE SCIENTIFIC LITERATURE WATERWAYS TRANSPORT IN AMAZONAS STATE<\/a><strong>\u00a0(in portuguese)<\/strong><\/p>\n<p>Lucas Torres dos Santos Barbosa; Jos\u00e9 Teixeira de Ara\u00fajo Neto Santos; Nelson Kuwahara<\/p>\n<p><a href=\"https:\/\/scientia-amazonia.org\/wp-content\/uploads\/2016\/06\/v4-n3-13-20-2015.pdf\">MONITORING THE REPRODUCTIVE PERFORMANCE OF TAMBAQUI CULTIVATED IN PRESIDENTE M\u00c9DICI (ROND\u00d4NIA)<\/a><strong>\u00a0<\/strong><strong>(in portuguese)<\/strong><\/p>\n<p>Aline Matias dos Santos; Raniere Garcez Costa Sousa<\/p>\n<p><a href=\"https:\/\/scientia-amazonia.org\/wp-content\/uploads\/2016\/06\/v4-n3-21-27-2015.pdf\">VIRUSES ON ORCHID CULTIVATION: RISK TO SUPPLAY CHAIN<\/a><strong>\u00a0(in portuguese)<\/strong><\/p>\n<p>B.\u00a0Ferreira, G. C. Stancato; M. Eiras; P. H. V.. Rodrigues<\/p>\n<p><a href=\"https:\/\/scientia-amazonia.org\/wp-content\/uploads\/2016\/06\/v4-n3-28-35-2015.pdf\">EXPERIMENTATION AS A LINK BETWEEN KNOWLEDGE AND LEARNING IN SCIENCE AND BIOLOGY EDUCATION<\/a><strong>\u00a0(in portuguese)<\/strong><\/p>\n<p>Gabriele Marisco; Carla Nat\u00e2nia Almeida L\u00e9do Oliveira<\/p>\n<p><a href=\"https:\/\/scientia-amazonia.org\/wp-content\/uploads\/2016\/06\/v4-n3-36-40-2015.pdf\">THE IMPORTANCE OF APPROACHING MEDICINAL PLANTS AT SCHOOL\u00a0<\/a><strong>(in portuguese)<\/strong><\/p>\n<p>Luziane Moitinho; Gabriele Marisco<\/p>\n<p><a href=\"https:\/\/scientia-amazonia.org\/wp-content\/uploads\/2016\/06\/v4-n3-41-47-2015.pdf\">VALIDATION TECHNOLOGY EDUCATION IN NURSING AREA: AN INTEGRATIVE REVIEW<\/a><strong>\u00a0(in portuguese)<\/strong><\/p>\n<p>Ellen Pessoa Rocha; Ana Paula Pessoa de Oliveira; \u00a0Arinete Veras Fontes Esteves<\/p>\n<p><a href=\"https:\/\/scientia-amazonia.org\/wp-content\/uploads\/2016\/06\/v4-n3-48-53-2015.pdf\">DRYING OF\u00a0<em>CEIBA SPECIOSA<\/em><em>\u00a0<\/em>(A. ST.-HIL.)\u00a0RAVENNA SEEDS<\/a><strong>\u00a0(in portuguese)<\/strong><\/p>\n<p>D\u00e9bora Zumkeller Sabonaro; Rubiane Neto Soares;\u00a0Paulo Adller Alves de Ara\u00fajo; Breno Marques da Silva e Silva; Jos\u00e9 Marcos Barbosa<\/p>\n<p><a href=\"https:\/\/scientia-amazonia.org\/wp-content\/uploads\/2016\/06\/v4-n3-54-62-2015.pdf\">MEDICINAL PLANTS OF THE NATIONAL LIST OF MEDICINAL PLANTS OF INTEREST TO THE NATIONAL HEALTH SYSTEM WITH POTENTIAL ANTIPARASITIC<\/a><strong>\u00a0(in portuguese)<\/strong><\/p>\n<p>Diorge J\u00f4natas Marmitt; Claudete Rempel; M\u00e1rcia In\u00eas Goettert; Amanda do Couto e Silva<\/p>\n<p><a href=\"https:\/\/scientia-amazonia.org\/wp-content\/uploads\/2016\/06\/v4-n3-63-68-2015.pdf\">MORPHOLOGY OF THE\u00a0STARCH GRAINS\u00a0OF\u00a0CASSAVA CULTIVARS\u00a0(<em>MANIHOT<\/em><em>\u00a0<\/em><em>ESCULENTA<\/em>\u00a0CRANTZ)\u00a0IN\u00a0CAXIUAN\u00c3, PAR\u00c1,\u00a0BRAZIL<\/a><strong>(in portuguese)<\/strong><\/p>\n<p>Th\u00e1lia do Socorro Serra Gama; Fl\u00e1via Cristina Ara\u00fajo Lucas; Gerciene de Jesus Miranda Lobato<\/p>\n<p><a href=\"https:\/\/scientia-amazonia.org\/wp-content\/uploads\/2016\/06\/v4-n3-69-83-2015.pdf\">MICROBIAL CHARACTERIZATION AND SANITATION PROFILE OF THE PUBLIC SUPPLY FROM CITY PORTO VELHO, RO (WESTERN AMAZONIA<\/a>)<strong>\u00a0<\/strong><strong>(in portuguese)<\/strong><\/p>\n<p>Ivan Brito Feitosa; Wanderley Rodrigues Bastos<\/p>\n<p><a href=\"https:\/\/scientia-amazonia.org\/wp-content\/uploads\/2016\/06\/v4-n3-84-92-2015.pdf\">NATURAL GERMINATION OF EIGHT SPECIES OF SWARTZIA (FABACEAE, FABOIDEAE) FROM AMAZON<\/a>\u00a0\u00a0(in portuguese)<\/p>\n<p>Augusto Cruz de Meirelles; Luiz Augusto Gomes de Souza<\/p>\n<p><a href=\"https:\/\/scientia-amazonia.org\/wp-content\/uploads\/2016\/06\/v4-n3-93-100-2015.pdf\">STUDY OF THERMAL AND OXIDATIVE EVALUATION OF OIL, BIODIESEL AND BLENDS BIODIESEL \/ DIESEL PASSION FRUIT (<em>PASSIFLORA<\/em>\u00a0<em>EDULIS<\/em>)<\/a><strong>\u00a0(in portuguese)<\/strong><\/p>\n<p>Relem Cativo da Concei\u00e7\u00e3o; Paulo Rog\u00e9rio da Costa Couceiro; Jamal da Silva Chaar<\/p>\n","protected":false},"excerpt":{"rendered":"<p>SYSTEMATIC REVIEW OF THE SCIENTIFIC LITERATURE WATERWAYS TRANSPORT IN AMAZONAS STATE\u00a0(in portuguese) Lucas Torres dos Santos Barbosa; Jos\u00e9 Teixeira de Ara\u00fajo Neto Santos; Nelson Kuwahara MONITORING THE REPRODUCTIVE PERFORMANCE OF TAMBAQUI CULTIVATED IN PRESIDENTE M\u00c9DICI [&hellip;]<\/p>\n","protected":false},"author":1,"featured_media":0,"parent":153,"menu_order":0,"comment_status":"closed","ping_status":"closed","template":"","meta":{"_links_to":"","_links_to_target":""},"yoast_head":"<!-- This site is optimized with the Yoast SEO plugin v20.2.1 - https:\/\/yoast.com\/wordpress\/plugins\/seo\/ -->\n<title>N\u00famero 3 - Scientia Amazonia<\/title>\n<meta name=\"robots\" content=\"index, follow, max-snippet:-1, max-image-preview:large, max-video-preview:-1\" \/>\n<link rel=\"canonical\" href=\"https:\/\/scientia-amazonia.org\/index.php\/2015-2\/numero-3\/\" \/>\n<meta property=\"og:locale\" content=\"en_US\" \/>\n<meta property=\"og:type\" content=\"article\" \/>\n<meta property=\"og:title\" content=\"N\u00famero 3 - Scientia Amazonia\" \/>\n<meta property=\"og:description\" content=\"SYSTEMATIC REVIEW OF THE SCIENTIFIC LITERATURE WATERWAYS TRANSPORT IN AMAZONAS STATE\u00a0(in portuguese) Lucas Torres dos Santos Barbosa; Jos\u00e9 Teixeira de Ara\u00fajo Neto Santos; Nelson Kuwahara MONITORING THE REPRODUCTIVE PERFORMANCE OF TAMBAQUI CULTIVATED IN PRESIDENTE M\u00c9DICI [&hellip;]\" \/>\n<meta property=\"og:url\" content=\"https:\/\/scientia-amazonia.org\/index.php\/2015-2\/numero-3\/\" \/>\n<meta property=\"og:site_name\" content=\"Scientia Amazonia\" \/>\n<meta property=\"article:modified_time\" content=\"2016-06-10T19:08:46+00:00\" \/>\n<meta name=\"twitter:card\" content=\"summary_large_image\" \/>\n<meta name=\"twitter:label1\" content=\"Est. reading time\" \/>\n\t<meta name=\"twitter:data1\" content=\"2 minutes\" \/>\n<script type=\"application\/ld+json\" class=\"yoast-schema-graph\">{\"@context\":\"https:\/\/schema.org\",\"@graph\":[{\"@type\":\"WebPage\",\"@id\":\"https:\/\/scientia-amazonia.org\/index.php\/2015-2\/numero-3\/\",\"url\":\"https:\/\/scientia-amazonia.org\/index.php\/2015-2\/numero-3\/\",\"name\":\"N\u00famero 3 - Scientia Amazonia\",\"isPartOf\":{\"@id\":\"https:\/\/scientia-amazonia.org\/#website\"},\"datePublished\":\"2016-06-09T20:02:03+00:00\",\"dateModified\":\"2016-06-10T19:08:46+00:00\",\"breadcrumb\":{\"@id\":\"https:\/\/scientia-amazonia.org\/index.php\/2015-2\/numero-3\/#breadcrumb\"},\"inLanguage\":\"en-US\",\"potentialAction\":[{\"@type\":\"ReadAction\",\"target\":[\"https:\/\/scientia-amazonia.org\/index.php\/2015-2\/numero-3\/\"]}]},{\"@type\":\"BreadcrumbList\",\"@id\":\"https:\/\/scientia-amazonia.org\/index.php\/2015-2\/numero-3\/#breadcrumb\",\"itemListElement\":[{\"@type\":\"ListItem\",\"position\":1,\"name\":\"Home\",\"item\":\"https:\/\/scientia-amazonia.org\/\"},{\"@type\":\"ListItem\",\"position\":2,\"name\":\"2015\",\"item\":\"https:\/\/scientia-amazonia.org\/index.php\/2015-2\/\"},{\"@type\":\"ListItem\",\"position\":3,\"name\":\"N\u00famero 3\"}]},{\"@type\":\"WebSite\",\"@id\":\"https:\/\/scientia-amazonia.org\/#website\",\"url\":\"https:\/\/scientia-amazonia.org\/\",\"name\":\"Scientia Amazonia\",\"description\":\"Revista eletr\u00f4nica\",\"publisher\":{\"@id\":\"https:\/\/scientia-amazonia.org\/#organization\"},\"potentialAction\":[{\"@type\":\"SearchAction\",\"target\":{\"@type\":\"EntryPoint\",\"urlTemplate\":\"https:\/\/scientia-amazonia.org\/?s={search_term_string}\"},\"query-input\":\"required name=search_term_string\"}],\"inLanguage\":\"en-US\"},{\"@type\":\"Organization\",\"@id\":\"https:\/\/scientia-amazonia.org\/#organization\",\"name\":\"Scientia Amazonia\",\"url\":\"https:\/\/scientia-amazonia.org\/\",\"logo\":{\"@type\":\"ImageObject\",\"inLanguage\":\"en-US\",\"@id\":\"https:\/\/scientia-amazonia.org\/#\/schema\/logo\/image\/\",\"url\":\"https:\/\/scientia-amazonia.org\/wp-content\/uploads\/2021\/03\/logoScientia2.png\",\"contentUrl\":\"https:\/\/scientia-amazonia.org\/wp-content\/uploads\/2021\/03\/logoScientia2.png\",\"width\":934,\"height\":100,\"caption\":\"Scientia Amazonia\"},\"image\":{\"@id\":\"https:\/\/scientia-amazonia.org\/#\/schema\/logo\/image\/\"}}]}<\/script>\n<!-- \/ Yoast SEO plugin. -->","yoast_head_json":{"title":"N\u00famero 3 - Scientia Amazonia","robots":{"index":"index","follow":"follow","max-snippet":"max-snippet:-1","max-image-preview":"max-image-preview:large","max-video-preview":"max-video-preview:-1"},"canonical":"https:\/\/scientia-amazonia.org\/index.php\/2015-2\/numero-3\/","og_locale":"en_US","og_type":"article","og_title":"N\u00famero 3 - Scientia Amazonia","og_description":"SYSTEMATIC REVIEW OF THE SCIENTIFIC LITERATURE WATERWAYS TRANSPORT IN AMAZONAS STATE\u00a0(in portuguese) Lucas Torres dos Santos Barbosa; Jos\u00e9 Teixeira de Ara\u00fajo Neto Santos; Nelson Kuwahara MONITORING THE REPRODUCTIVE PERFORMANCE OF TAMBAQUI CULTIVATED IN PRESIDENTE M\u00c9DICI [&hellip;]","og_url":"https:\/\/scientia-amazonia.org\/index.php\/2015-2\/numero-3\/","og_site_name":"Scientia Amazonia","article_modified_time":"2016-06-10T19:08:46+00:00","twitter_card":"summary_large_image","twitter_misc":{"Est. reading time":"2 minutes"},"schema":{"@context":"https:\/\/schema.org","@graph":[{"@type":"WebPage","@id":"https:\/\/scientia-amazonia.org\/index.php\/2015-2\/numero-3\/","url":"https:\/\/scientia-amazonia.org\/index.php\/2015-2\/numero-3\/","name":"N\u00famero 3 - Scientia Amazonia","isPartOf":{"@id":"https:\/\/scientia-amazonia.org\/#website"},"datePublished":"2016-06-09T20:02:03+00:00","dateModified":"2016-06-10T19:08:46+00:00","breadcrumb":{"@id":"https:\/\/scientia-amazonia.org\/index.php\/2015-2\/numero-3\/#breadcrumb"},"inLanguage":"en-US","potentialAction":[{"@type":"ReadAction","target":["https:\/\/scientia-amazonia.org\/index.php\/2015-2\/numero-3\/"]}]},{"@type":"BreadcrumbList","@id":"https:\/\/scientia-amazonia.org\/index.php\/2015-2\/numero-3\/#breadcrumb","itemListElement":[{"@type":"ListItem","position":1,"name":"Home","item":"https:\/\/scientia-amazonia.org\/"},{"@type":"ListItem","position":2,"name":"2015","item":"https:\/\/scientia-amazonia.org\/index.php\/2015-2\/"},{"@type":"ListItem","position":3,"name":"N\u00famero 3"}]},{"@type":"WebSite","@id":"https:\/\/scientia-amazonia.org\/#website","url":"https:\/\/scientia-amazonia.org\/","name":"Scientia Amazonia","description":"Revista eletr\u00f4nica","publisher":{"@id":"https:\/\/scientia-amazonia.org\/#organization"},"potentialAction":[{"@type":"SearchAction","target":{"@type":"EntryPoint","urlTemplate":"https:\/\/scientia-amazonia.org\/?s={search_term_string}"},"query-input":"required name=search_term_string"}],"inLanguage":"en-US"},{"@type":"Organization","@id":"https:\/\/scientia-amazonia.org\/#organization","name":"Scientia Amazonia","url":"https:\/\/scientia-amazonia.org\/","logo":{"@type":"ImageObject","inLanguage":"en-US","@id":"https:\/\/scientia-amazonia.org\/#\/schema\/logo\/image\/","url":"https:\/\/scientia-amazonia.org\/wp-content\/uploads\/2021\/03\/logoScientia2.png","contentUrl":"https:\/\/scientia-amazonia.org\/wp-content\/uploads\/2021\/03\/logoScientia2.png","width":934,"height":100,"caption":"Scientia Amazonia"},"image":{"@id":"https:\/\/scientia-amazonia.org\/#\/schema\/logo\/image\/"}}]}},"_links":{"self":[{"href":"https:\/\/scientia-amazonia.org\/index.php\/wp-json\/wp\/v2\/pages\/160"}],"collection":[{"href":"https:\/\/scientia-amazonia.org\/index.php\/wp-json\/wp\/v2\/pages"}],"about":[{"href":"https:\/\/scientia-amazonia.org\/index.php\/wp-json\/wp\/v2\/types\/page"}],"author":[{"embeddable":true,"href":"https:\/\/scientia-amazonia.org\/index.php\/wp-json\/wp\/v2\/users\/1"}],"replies":[{"embeddable":true,"href":"https:\/\/scientia-amazonia.org\/index.php\/wp-json\/wp\/v2\/comments?post=160"}],"version-history":[{"count":4,"href":"https:\/\/scientia-amazonia.org\/index.php\/wp-json\/wp\/v2\/pages\/160\/revisions"}],"predecessor-version":[{"id":347,"href":"https:\/\/scientia-amazonia.org\/index.php\/wp-json\/wp\/v2\/pages\/160\/revisions\/347"}],"up":[{"embeddable":true,"href":"https:\/\/scientia-amazonia.org\/index.php\/wp-json\/wp\/v2\/pages\/153"}],"wp:attachment":[{"href":"https:\/\/scientia-amazonia.org\/index.php\/wp-json\/wp\/v2\/media?parent=160"}],"curies":[{"name":"wp","href":"https:\/\/api.w.org\/{rel}","templated":true}]}}