{"id":170,"date":"2016-06-09T20:09:36","date_gmt":"2016-06-09T20:09:36","guid":{"rendered":"https:\/\/scientia-amazonia.org\/?page_id=170"},"modified":"2016-06-10T19:19:07","modified_gmt":"2016-06-10T19:19:07","slug":"numero-1","status":"publish","type":"page","link":"https:\/\/scientia-amazonia.org\/index.php\/2016-2\/numero-1\/","title":{"rendered":"N\u00famero 1"},"content":{"rendered":"<p><a href=\"https:\/\/scientia-amazonia.org\/wp-content\/uploads\/2016\/06\/v5-n1-1-14-2016.pdf\">ANTAGONIST ACTIVITY OF BACTERIA ENDOPHYTIC OF AMAZON PLANS AGAINST THE FUNGI SYMBIONT L. GONGYLOPHORUS, AND FUNGI ASSOCIATED PRESENT IN ATTA SEXDENS<\/a>\u00a0(in Portuguese)<\/p>\n<p>Adriana Dantas Gonzaga de Freitas, Ant\u00f4nia Queiroz Lima de Souza, Cristina Sayuri Maki, Jos\u00e9 Odair Pereira, Neliton Marques da Silva<\/p>\n<p><a href=\"https:\/\/scientia-amazonia.org\/wp-content\/uploads\/2016\/06\/v5-n1-15-21-2016.pdf\">PRODUCTION AND CHARACTERIZATION OF PROTEASES FROM BACILLI OF THE AMAZON REGION WITH FIBRINOLYTIC POTENTIAL<\/a>\u00a0(in Portuguese)<\/p>\n<p>Janu\u00e1rio Gama dos Santos, Raimundo Felipe Cruz Filho, Maria Francisca Simas Teixeira<\/p>\n<p><a href=\"https:\/\/scientia-amazonia.org\/wp-content\/uploads\/2016\/06\/v5-n1-22-36-2016.pdf\">POTENTIALLY TOXIC PLANTS AND METALS &#8211; PHYTOREMEDIATION STUDIES IN BRAZIL<\/a>\u00a0(in Portuguese)<\/p>\n<p>F\u00e1bio Alexandre Costa Mota, Genilson Pereira Santana<\/p>\n<p><a href=\"https:\/\/scientia-amazonia.org\/wp-content\/uploads\/2016\/06\/v5-n1-37-44-2016.pdf\">DIVERSITY OF FISH ASSEMBLAGES IN FLOODED FOREST OF BLACK WATERS OF THE CENTRAL AMAZON<\/a>\u00a0(in Portuguese)<\/p>\n<p>Sara de Castro Loebens, Eletuza Uchoa Farias, Kedma Cristine Yamamoto, Carlos Edwar de Carvalho Freitas<\/p>\n<p><a href=\"https:\/\/scientia-amazonia.org\/wp-content\/uploads\/2016\/06\/v5-n1-45-54-2016.pdf\">TANGRAM IN MATH CLASSES: GEOMETRIC KNOWLEDGES IN THE TEACHER-STUDENT DIALOGUE<\/a>\u00a0(in Portuguese)<\/p>\n<p>Z\u00e9lia Maria de Arruda Santiago, Eduardo Gomes Onofre, Luciana Maria de Souza Mac\u00eado<\/p>\n<p><a href=\"https:\/\/scientia-amazonia.org\/wp-content\/uploads\/2016\/06\/v5-n1-55-62-2016-.pdf\">THE GLYPHOSATE IN YUCCA FARMING (UARINI &#8211; AMAZON)\u00a0<\/a>(in Portuguese)<\/p>\n<p>Leno Luna da Silva, Genilson Pereira Santana, Wamber Broni de Souza, Erasmo S\u00e9rgio Ferreira Pessoa J\u00fanior<\/p>\n<p><a href=\"https:\/\/scientia-amazonia.org\/wp-content\/uploads\/2016\/06\/v5-n1-63-74-2016.pdf\">INVASIVE ALIEN SPECIES: CHARACTERIZATION AND THREATS TO ECOSYSTEMS<\/a>\u00a0(in Portuguese)<\/p>\n<p>Lana Cynthia Silva Magalh\u00e3es, Maria Clara Silva-Forsberg<\/p>\n<p><a href=\"https:\/\/scientia-amazonia.org\/wp-content\/uploads\/2016\/06\/v5-n1-75-81-2016.pdf\">STUDY OF ADSORPTION OF ESSENTIAL OIL OF LONG PEPPER (PIPER HISPIDINERVIUM C. DC.) ON ACTIVATED CARBON<\/a>\u00a0(in Portuguese)<\/p>\n<p>Nazareno de Pina Braga, Marco Aur\u00e9lio Cremasco<\/p>\n<p><a href=\"https:\/\/scientia-amazonia.org\/wp-content\/uploads\/2016\/06\/v5-n1-82-92-2016-.pdf\">MALARIA INCIDENCE IN THE MUNICIPALITY OF RIO PRETO DA EVA &#8211; AM FROM 2003 TO 2013<\/a>\u00a0(in Portuguese)<\/p>\n<p>Diego Machado de Brito, Wonei Vital, Luana Kelly Lima Santana<\/p>\n<p><a href=\"https:\/\/scientia-amazonia.org\/wp-content\/uploads\/2016\/06\/v5-n1-93-98-2016.pdf\">IN VITRO ACTIVITY OF OCOTEA EXTRACTS IN TRYPANOSOMA CRUZI AND LEISHMANIA AMAZONENSIS<\/a>\u00a0(in Portuguese)<\/p>\n<p>Nilma de Souza Fernandes, V\u00e2nia Desoti, Celso Vataru Nakamura, Valdir Flor\u00eancio da Veiga Junior<\/p>\n<p><a href=\"https:\/\/scientia-amazonia.org\/wp-content\/uploads\/2016\/06\/v5-n1-99-108-2016.pdf\">HCA AND PCA SPECTRA FT-IR AND UV-VIS ACIDS HUMIC ARCHAEOLOGICAL BLACK EARTH\u00a0<\/a>(in Portuguese)<\/p>\n<p>Jo\u00e3o Vitor Silva de Loureiro, Erasmo S\u00e9rgio Ferreira Pessoa Junior, Ivoneide de Carvalho Lopes Barros, Genilson Pereira Santana<\/p>\n<p><a href=\"https:\/\/scientia-amazonia.org\/wp-content\/uploads\/2016\/06\/v5-n1-109-116-2016.pdf\">IN\u00a0VITRO\u00a0EVALUATION\u00a0OF\u00a0PHOTOPROTECTIVE\u00a0ACTIVITY\u00a0FROM\u00a0AMAZONIAN\u00a0FRUIT\u00a0WASTE.<\/a> (in Portuguese)<\/p>\n<p>Klenicy Kazumy de Lima Yamaguchi, Lorena dos Santos Santar\u00e9m, Carlos Victor Lamar\u00e3o, Emerson Silva Lima, Valdir Flor\u00eancio da Veiga-Junior<\/p>\n<p>CRITICAL REFLECTIVITY AND OSCILLATOR-STRENGTH CONDITIONS FOR STRONG COUPLING IN SEMICONDUCTOR MICROCAVITIES<\/p>\n<p>Eduardo Adriano Cotta, Paula Magda da Silva\u00a0 Roma<\/p>\n","protected":false},"excerpt":{"rendered":"<p>ANTAGONIST ACTIVITY OF BACTERIA ENDOPHYTIC OF AMAZON PLANS AGAINST THE FUNGI SYMBIONT L. GONGYLOPHORUS, AND FUNGI ASSOCIATED PRESENT IN ATTA SEXDENS\u00a0(in Portuguese) Adriana Dantas Gonzaga de Freitas, Ant\u00f4nia Queiroz Lima de Souza, Cristina Sayuri Maki, [&hellip;]<\/p>\n","protected":false},"author":1,"featured_media":0,"parent":166,"menu_order":0,"comment_status":"closed","ping_status":"closed","template":"","meta":{"_links_to":"","_links_to_target":""},"yoast_head":"<!-- This site is optimized with the Yoast SEO plugin v20.2.1 - https:\/\/yoast.com\/wordpress\/plugins\/seo\/ -->\n<title>N\u00famero 1 - Scientia Amazonia<\/title>\n<meta name=\"robots\" content=\"index, follow, max-snippet:-1, max-image-preview:large, max-video-preview:-1\" \/>\n<link rel=\"canonical\" href=\"https:\/\/scientia-amazonia.org\/index.php\/2016-2\/numero-1\/\" \/>\n<meta property=\"og:locale\" content=\"en_US\" \/>\n<meta property=\"og:type\" content=\"article\" \/>\n<meta property=\"og:title\" content=\"N\u00famero 1 - Scientia Amazonia\" \/>\n<meta property=\"og:description\" content=\"ANTAGONIST ACTIVITY OF BACTERIA ENDOPHYTIC OF AMAZON PLANS AGAINST THE FUNGI SYMBIONT L. GONGYLOPHORUS, AND FUNGI ASSOCIATED PRESENT IN ATTA SEXDENS\u00a0(in Portuguese) Adriana Dantas Gonzaga de Freitas, Ant\u00f4nia Queiroz Lima de Souza, Cristina Sayuri Maki, [&hellip;]\" \/>\n<meta property=\"og:url\" content=\"https:\/\/scientia-amazonia.org\/index.php\/2016-2\/numero-1\/\" \/>\n<meta property=\"og:site_name\" content=\"Scientia Amazonia\" \/>\n<meta property=\"article:modified_time\" content=\"2016-06-10T19:19:07+00:00\" \/>\n<meta name=\"twitter:card\" content=\"summary_large_image\" \/>\n<meta name=\"twitter:label1\" content=\"Est. reading time\" \/>\n\t<meta name=\"twitter:data1\" content=\"2 minutes\" \/>\n<script type=\"application\/ld+json\" class=\"yoast-schema-graph\">{\"@context\":\"https:\/\/schema.org\",\"@graph\":[{\"@type\":\"WebPage\",\"@id\":\"https:\/\/scientia-amazonia.org\/index.php\/2016-2\/numero-1\/\",\"url\":\"https:\/\/scientia-amazonia.org\/index.php\/2016-2\/numero-1\/\",\"name\":\"N\u00famero 1 - Scientia Amazonia\",\"isPartOf\":{\"@id\":\"https:\/\/scientia-amazonia.org\/#website\"},\"datePublished\":\"2016-06-09T20:09:36+00:00\",\"dateModified\":\"2016-06-10T19:19:07+00:00\",\"breadcrumb\":{\"@id\":\"https:\/\/scientia-amazonia.org\/index.php\/2016-2\/numero-1\/#breadcrumb\"},\"inLanguage\":\"en-US\",\"potentialAction\":[{\"@type\":\"ReadAction\",\"target\":[\"https:\/\/scientia-amazonia.org\/index.php\/2016-2\/numero-1\/\"]}]},{\"@type\":\"BreadcrumbList\",\"@id\":\"https:\/\/scientia-amazonia.org\/index.php\/2016-2\/numero-1\/#breadcrumb\",\"itemListElement\":[{\"@type\":\"ListItem\",\"position\":1,\"name\":\"Home\",\"item\":\"https:\/\/scientia-amazonia.org\/\"},{\"@type\":\"ListItem\",\"position\":2,\"name\":\"2016\",\"item\":\"https:\/\/scientia-amazonia.org\/index.php\/2016-2\/\"},{\"@type\":\"ListItem\",\"position\":3,\"name\":\"N\u00famero 1\"}]},{\"@type\":\"WebSite\",\"@id\":\"https:\/\/scientia-amazonia.org\/#website\",\"url\":\"https:\/\/scientia-amazonia.org\/\",\"name\":\"Scientia Amazonia\",\"description\":\"Revista eletr\u00f4nica\",\"publisher\":{\"@id\":\"https:\/\/scientia-amazonia.org\/#organization\"},\"potentialAction\":[{\"@type\":\"SearchAction\",\"target\":{\"@type\":\"EntryPoint\",\"urlTemplate\":\"https:\/\/scientia-amazonia.org\/?s={search_term_string}\"},\"query-input\":\"required name=search_term_string\"}],\"inLanguage\":\"en-US\"},{\"@type\":\"Organization\",\"@id\":\"https:\/\/scientia-amazonia.org\/#organization\",\"name\":\"Scientia Amazonia\",\"url\":\"https:\/\/scientia-amazonia.org\/\",\"logo\":{\"@type\":\"ImageObject\",\"inLanguage\":\"en-US\",\"@id\":\"https:\/\/scientia-amazonia.org\/#\/schema\/logo\/image\/\",\"url\":\"https:\/\/scientia-amazonia.org\/wp-content\/uploads\/2021\/03\/logoScientia2.png\",\"contentUrl\":\"https:\/\/scientia-amazonia.org\/wp-content\/uploads\/2021\/03\/logoScientia2.png\",\"width\":934,\"height\":100,\"caption\":\"Scientia Amazonia\"},\"image\":{\"@id\":\"https:\/\/scientia-amazonia.org\/#\/schema\/logo\/image\/\"}}]}<\/script>\n<!-- \/ Yoast SEO plugin. -->","yoast_head_json":{"title":"N\u00famero 1 - Scientia Amazonia","robots":{"index":"index","follow":"follow","max-snippet":"max-snippet:-1","max-image-preview":"max-image-preview:large","max-video-preview":"max-video-preview:-1"},"canonical":"https:\/\/scientia-amazonia.org\/index.php\/2016-2\/numero-1\/","og_locale":"en_US","og_type":"article","og_title":"N\u00famero 1 - Scientia Amazonia","og_description":"ANTAGONIST ACTIVITY OF BACTERIA ENDOPHYTIC OF AMAZON PLANS AGAINST THE FUNGI SYMBIONT L. GONGYLOPHORUS, AND FUNGI ASSOCIATED PRESENT IN ATTA SEXDENS\u00a0(in Portuguese) Adriana Dantas Gonzaga de Freitas, Ant\u00f4nia Queiroz Lima de Souza, Cristina Sayuri Maki, [&hellip;]","og_url":"https:\/\/scientia-amazonia.org\/index.php\/2016-2\/numero-1\/","og_site_name":"Scientia Amazonia","article_modified_time":"2016-06-10T19:19:07+00:00","twitter_card":"summary_large_image","twitter_misc":{"Est. reading time":"2 minutes"},"schema":{"@context":"https:\/\/schema.org","@graph":[{"@type":"WebPage","@id":"https:\/\/scientia-amazonia.org\/index.php\/2016-2\/numero-1\/","url":"https:\/\/scientia-amazonia.org\/index.php\/2016-2\/numero-1\/","name":"N\u00famero 1 - Scientia Amazonia","isPartOf":{"@id":"https:\/\/scientia-amazonia.org\/#website"},"datePublished":"2016-06-09T20:09:36+00:00","dateModified":"2016-06-10T19:19:07+00:00","breadcrumb":{"@id":"https:\/\/scientia-amazonia.org\/index.php\/2016-2\/numero-1\/#breadcrumb"},"inLanguage":"en-US","potentialAction":[{"@type":"ReadAction","target":["https:\/\/scientia-amazonia.org\/index.php\/2016-2\/numero-1\/"]}]},{"@type":"BreadcrumbList","@id":"https:\/\/scientia-amazonia.org\/index.php\/2016-2\/numero-1\/#breadcrumb","itemListElement":[{"@type":"ListItem","position":1,"name":"Home","item":"https:\/\/scientia-amazonia.org\/"},{"@type":"ListItem","position":2,"name":"2016","item":"https:\/\/scientia-amazonia.org\/index.php\/2016-2\/"},{"@type":"ListItem","position":3,"name":"N\u00famero 1"}]},{"@type":"WebSite","@id":"https:\/\/scientia-amazonia.org\/#website","url":"https:\/\/scientia-amazonia.org\/","name":"Scientia Amazonia","description":"Revista eletr\u00f4nica","publisher":{"@id":"https:\/\/scientia-amazonia.org\/#organization"},"potentialAction":[{"@type":"SearchAction","target":{"@type":"EntryPoint","urlTemplate":"https:\/\/scientia-amazonia.org\/?s={search_term_string}"},"query-input":"required name=search_term_string"}],"inLanguage":"en-US"},{"@type":"Organization","@id":"https:\/\/scientia-amazonia.org\/#organization","name":"Scientia Amazonia","url":"https:\/\/scientia-amazonia.org\/","logo":{"@type":"ImageObject","inLanguage":"en-US","@id":"https:\/\/scientia-amazonia.org\/#\/schema\/logo\/image\/","url":"https:\/\/scientia-amazonia.org\/wp-content\/uploads\/2021\/03\/logoScientia2.png","contentUrl":"https:\/\/scientia-amazonia.org\/wp-content\/uploads\/2021\/03\/logoScientia2.png","width":934,"height":100,"caption":"Scientia Amazonia"},"image":{"@id":"https:\/\/scientia-amazonia.org\/#\/schema\/logo\/image\/"}}]}},"_links":{"self":[{"href":"https:\/\/scientia-amazonia.org\/index.php\/wp-json\/wp\/v2\/pages\/170"}],"collection":[{"href":"https:\/\/scientia-amazonia.org\/index.php\/wp-json\/wp\/v2\/pages"}],"about":[{"href":"https:\/\/scientia-amazonia.org\/index.php\/wp-json\/wp\/v2\/types\/page"}],"author":[{"embeddable":true,"href":"https:\/\/scientia-amazonia.org\/index.php\/wp-json\/wp\/v2\/users\/1"}],"replies":[{"embeddable":true,"href":"https:\/\/scientia-amazonia.org\/index.php\/wp-json\/wp\/v2\/comments?post=170"}],"version-history":[{"count":3,"href":"https:\/\/scientia-amazonia.org\/index.php\/wp-json\/wp\/v2\/pages\/170\/revisions"}],"predecessor-version":[{"id":361,"href":"https:\/\/scientia-amazonia.org\/index.php\/wp-json\/wp\/v2\/pages\/170\/revisions\/361"}],"up":[{"embeddable":true,"href":"https:\/\/scientia-amazonia.org\/index.php\/wp-json\/wp\/v2\/pages\/166"}],"wp:attachment":[{"href":"https:\/\/scientia-amazonia.org\/index.php\/wp-json\/wp\/v2\/media?parent=170"}],"curies":[{"name":"wp","href":"https:\/\/api.w.org\/{rel}","templated":true}]}}