{"id":1748,"date":"2021-05-26T13:19:45","date_gmt":"2021-05-26T13:19:45","guid":{"rendered":"https:\/\/scientia-amazonia.org\/?page_id=1748"},"modified":"2021-09-10T14:50:22","modified_gmt":"2021-09-10T14:50:22","slug":"numero","status":"publish","type":"page","link":"https:\/\/scientia-amazonia.org\/index.php\/2021-2\/numero\/","title":{"rendered":"N\u00famero 2"},"content":{"rendered":"<p><strong>Biotecnologia<\/strong><\/p>\n<p style=\"text-align: center;\"><a href=\"https:\/\/scientia-amazonia.org\/wp-content\/uploads\/2021\/05\/v-10-n4-B1-B8-2021.pdf\">Evaluation of the fermentative process of Tarub\u00e1 drink produced by indigenous people from Aldeia Bra\u00e7o Grande, Par\u00e1, Brazil<\/a> (In Portuguese)<\/p>\n<p style=\"text-align: center;\">L\u00e9lce Diana Cardoso dos Santos, Adenilson de Sousa Barroso, Val\u00e9ria Mour\u00e3o de Moura, Rosa Helena Ver\u00e1s Mour\u00e3o<\/p>\n<p style=\"text-align: center;\"><a href=\"https:\/\/scientia-amazonia.org\/wp-content\/uploads\/2021\/08\/v10-n2-B9-B24-2021.pdf\">Melanoma: an approach to the use of natural products as potential chemotherapeutic agents<\/a> (In Portuguese)<\/p>\n<p style=\"text-align: center;\">Elenn Suzany Pereira Aranha, Marne Carvalho de Vasconcellos<\/p>\n<p style=\"text-align: center;\"><a href=\"https:\/\/scientia-amazonia.org\/wp-content\/uploads\/2021\/08\/v10-n2-B25-B31-2021.pdf\">Commercial conjuncture: evaluation of the eggplant scenario in the Supply Center of the State of Par\u00e1, Brazil<\/a> (In Portuguese)<\/p>\n<p style=\"text-align: center;\">Raul Coimbra Miranda, Zandia Maria de Souza Nascimento, Marcus Vinicius Santiago de Oliveira e Silva<\/p>\n<p><strong>Ci\u00eancias Biol\u00f3gicas<\/strong><\/p>\n<p style=\"text-align: center;\"><a href=\"https:\/\/scientia-amazonia.org\/wp-content\/uploads\/2021\/05\/v10-n.2-B1-B8-2021.pdf\">Isolation and identification of anemophilous fungi in the collection of the southern sector library of UFAM<\/a> (In Portuguese)<\/p>\n<p style=\"text-align: center;\">Thalita Victoria Vieira Oliveira, Ana Eduarda de Aquino Veiga, Maria Ivone Lopes da Silva<\/p>\n<p style=\"text-align: center;\"><a href=\"https:\/\/scientia-amazonia.org\/wp-content\/uploads\/2021\/08\/v10-n2-B15-B25-2021.pdf\">MEDensina project: Historical report of twenty years of operation<\/a> (In Portuguese)<\/p>\n<p style=\"text-align: center;\">Marcos Vinicius Alves de Souza, Sandro Adriano de Souza Lima Junior, Elmayssa Menezes Pinheiro Pereira, Ana Cyra dos Santos Lucas, Ant\u00f4nio Luiz Ribeiro Boechat Lopes, Maria Cristina dos Santos Sobreira de Sampaio<\/p>\n<p style=\"text-align: center;\"><a href=\"https:\/\/scientia-amazonia.org\/wp-content\/uploads\/2021\/08\/v10-n2-B26-B32-2021.pdf\">Evaluation of antimicrobial activity on the action of hibiscus flower extract (Hibiscus rosa-sinensis L.)<\/a> (In Portuguese)<\/p>\n<p style=\"text-align: center;\">Caroline de Nazar\u00e9 dos Santos da Silva, Janaina da Costa Nogueira, Adriana Dantas Gonzaga de Freitas<\/p>\n<p style=\"text-align: center;\"><a href=\"https:\/\/scientia-amazonia.org\/wp-content\/uploads\/2021\/08\/v10-n2-B33-B46-2021.pdf\">Influence of burning on a snake taxocenosis in the Tapaj\u00f3s National Forest, Belterra, Par\u00e1, Amazon, Brazil<\/a> (In Portuguese)<\/p>\n<p style=\"text-align: center;\">Ant\u00f4nio Samuel Garcia-da-Silva, Lourival Ba\u00eda de Vasconcelos Neto, Rosenildo da Silva Souza, Edmilson Joaquim da Silva Junior, Rosiana Vasconcelos da Costa, Ilka Andreyce da Silva Brito, Hip\u00f3crates de Menezes Chalkidis<\/p>\n<p style=\"text-align: center;\"><a href=\"https:\/\/scientia-amazonia.org\/wp-content\/uploads\/2021\/08\/v10-n2-B47-B62-2021.pdf\">Benthic macroinvertebrates associated with Environmental Monitoring studies in Aquatic Ecosystems: A Narrative review on the theme.<\/a> (In Portuguese)<\/p>\n<p style=\"text-align: center;\">Valdemar Matos Paula, Wellington Rodrigues Vidal, Diego Viana Melo de Lima<\/p>\n<p style=\"text-align: center;\"><a href=\"https:\/\/scientia-amazonia.org\/wp-content\/uploads\/2021\/08\/v10-n2-B63-B75-2021.pdf\">Scientific and Technological mapping of the Annona reticulata plant<\/a> (In Portuguese)<\/p>\n<p style=\"text-align: center;\">Caio Cezar dos Santos Pereira, Renata Correia, Regineide Xavier Santos<\/p>\n<p><strong>Ci\u00eancias da Sa\u00fade<\/strong><\/p>\n<p style=\"text-align: center;\"><a href=\"https:\/\/scientia-amazonia.org\/wp-content\/uploads\/2021\/08\/v10-n2-CS1-CS22-2021.pdf\">Epidemiological and therapeutic factors of sporotrichosis in patients at a university hospital in Recife<\/a> (In Portuguese)<\/p>\n<p style=\"text-align: center;\">\u00c1deny Marccy Barreto Arag\u00e3o, Pollyne Amorim Silva, Ariane Alves Alencar do R\u00eago, St\u00e9fani Ferreira de Oliveira, Pedro Jos\u00e9 Rolim Neto, Eliane Juciely de Vasconcelos, Rosali Maria Ferreira da Silva<\/p>\n<p style=\"text-align: center;\"><a href=\"https:\/\/scientia-amazonia.org\/wp-content\/uploads\/2021\/09\/v10-n2-CS23-CS35-2021.pdf\">Relationship between prevalence of dental caries and childhood obesity in Latin American countries: an integrative review<\/a> (In Portuguese)<\/p>\n<p style=\"text-align: center;\">Wendell Silveira de Souza, Airton Silva da Costa, Amanda Cristina da Silva Souza, Bruno Pinho Mineiro Gon\u00e7alves, Vitor De Checchi Garcia, Maria Helena Ribeiro De Checchi<\/p>\n<p style=\"text-align: center;\"><a href=\"https:\/\/scientia-amazonia.org\/wp-content\/uploads\/2021\/08\/v10-n2-CS36-CS47-2021.pdf\">Evaluation of the drug distribution chain for the medium complexity unit of logistic performance indicators<\/a> (In Portuguese)<\/p>\n<p style=\"text-align: center;\">Jo\u00e3o Jos\u00e9 de Oliveira Filho, Mauril\u00facio Apolin\u00e1rio Filho, \u00cdtalo Rafael Alves de Sousa, Beatriz de Fran\u00e7a Chagas, Bruno Vin\u00edcius Barros Regueira, Elba L\u00facia Cavalcanti de Amorim, Douglas Tavares de Albuquerque, Pedro Jos\u00e9 Rolim Neto, Jos\u00e9 Orlando Sousa da Silva, Rosali Maria Ferreira da Silva<\/p>\n<p style=\"text-align: center;\"><a href=\"https:\/\/scientia-amazonia.org\/wp-content\/uploads\/2021\/08\/v10-n2-CS48-CS68-2021.pdf\">Nanoformulations for treatment of Rheumatoid Arthritis<\/a> (In English)<\/p>\n<p style=\"text-align: center;\">Nathalie Marte Uren\u00e3, Oscar Tadeu Ferreira Costa, Antonio Luiz Boechat<\/p>\n<p style=\"text-align: center;\"><a href=\"https:\/\/scientia-amazonia.org\/wp-content\/uploads\/2021\/08\/v10-n2-CS69-CS83-2021.pdf\">Medicinal Plants and Herbal Medicines in the Brazilian Health System: a Literature Review<\/a> (In Portuguese)<\/p>\n<p style=\"text-align: center;\">Luana Travassos Batista, Keyla Emanuelle Ramos da Silva, Maria Cristina Dos-Santos Sobreira de Sampaio<\/p>\n<p style=\"text-align: center;\"><a href=\"https:\/\/scientia-amazonia.org\/wp-content\/uploads\/2021\/08\/v10-n2-CS84-CS94-2021.pdf\">Experimental simulation of suture in alternative silicone models for teaching, acclimating and training of surgical technique<\/a> (In Portuguese)<\/p>\n<p style=\"text-align: center;\">Lucas de Moraes Martins Pereira, Raymison Monteiro de Souza, Ronaldo Almeida Lid\u00f3rio J\u00fanior, Maria Giovana Queiroz de Lima, Alessandra Encarna\u00e7\u00e3o de Morais, Br\u00edgida Thaine Fernandes Cabral, Elizeu Rodrigues Matos<\/p>\n<p style=\"text-align: center;\"><a href=\"https:\/\/scientia-amazonia.org\/wp-content\/uploads\/2021\/08\/v10-n2-CS95-CS103-2021.pdf\">Phytochemical and physico-chemical characterization of Senna occidentalis (L.) Link leaves<\/a> (In Portuguese)<\/p>\n<p style=\"text-align: center;\">Vanessa da Silva Luna, Karina Perrelli Randau, Magda Rhayanny Assun\u00e7\u00e3o Ferreira, Luiz Alberto Lira Soares<\/p>\n<p><strong>Ci\u00eancias Exatas<\/strong><\/p>\n<p style=\"text-align: center;\"><a href=\"https:\/\/scientia-amazonia.org\/wp-content\/uploads\/2021\/05\/v10-n2-C1-C9-2021.pdf\">Significance tests applied to the study of BOD (Biochemical Oxygen Demand) in impacted urban environments in the industrial pole region of the Manaus Free Trade Zone \u2013 AM<\/a> (In Portuguese)<\/p>\n<p style=\"text-align: center;\">Anderson da Silva Lages, Sebati\u00e3o \u00c1tila Fonseca Miranda, Deborah Oliveria1, Aretusa Cetauro, Samia Dourado, S\u00e9rgio Bulc\u00e3o Bringel<\/p>\n<p style=\"text-align: center;\"><a href=\"https:\/\/scientia-amazonia.org\/wp-content\/uploads\/2021\/08\/v10-n1-C10-C22-2021.pdf\">Residual frying oil beneficiation to produce biofuel catalysed with red mud<\/a> (In Portuguese)<\/p>\n<p style=\"text-align: center;\">Joyce Paix\u00e3o do Nascimento, Gustavo Henrique Barroso da Silva, Anderson Mathias Pereira, Leiliane do Socorro Sodr\u00e9 de Souza, Douglas Alberto Rocha de Castro, Sergio Duvoisin Junior, Wenderson Gomes dos Santos<\/p>\n<p><strong>Engenharias<\/strong><\/p>\n<p style=\"text-align: center;\"><a href=\"https:\/\/scientia-amazonia.org\/wp-content\/uploads\/2021\/08\/v-10-n2-E1-E14-2021.pdf\">Influence of cooling type recovered thickness and amount of weld bead on a microstructure and microhardness of welded joints<\/a> (In Portuguese)<\/p>\n<p style=\"text-align: center;\">Caio Matheus Ara\u00fajo de Vasconcelos, Rubelmar Maia de Azevedo Cruz Neto, Antonio do Nascimento Silva Alves, S\u00e9rgio Duarte Brandi, Jaime Casanova<\/p>\n<p style=\"text-align: center;\"><a href=\"https:\/\/scientia-amazonia.org\/wp-content\/uploads\/2021\/08\/v10-n2-E15-E29-2021.pdf\">Additive Manufacturing Technology \u2013 Review and Challenges<\/a> (In English)<\/p>\n<p style=\"text-align: center;\">M\u00e1rcio da Silva Rabbi, Raimundo Nonato Alves da Silva, Erivelto Lu\u00eds de Souza<\/p>\n","protected":false},"excerpt":{"rendered":"<p>Biotecnologia Evaluation of the fermentative process of Tarub\u00e1 drink produced by indigenous people from Aldeia Bra\u00e7o Grande, Par\u00e1, Brazil (In Portuguese) L\u00e9lce Diana Cardoso dos Santos, Adenilson de Sousa Barroso, Val\u00e9ria Mour\u00e3o de Moura, Rosa [&hellip;]<\/p>\n","protected":false},"author":1,"featured_media":0,"parent":1684,"menu_order":0,"comment_status":"closed","ping_status":"closed","template":"","meta":{"_links_to":"","_links_to_target":""},"yoast_head":"<!-- This site is optimized with the Yoast SEO plugin v20.2.1 - https:\/\/yoast.com\/wordpress\/plugins\/seo\/ -->\n<title>N\u00famero 2 - Scientia Amazonia<\/title>\n<meta name=\"robots\" content=\"index, follow, max-snippet:-1, max-image-preview:large, max-video-preview:-1\" \/>\n<link rel=\"canonical\" href=\"https:\/\/scientia-amazonia.org\/index.php\/2021-2\/numero\/\" \/>\n<meta property=\"og:locale\" content=\"en_US\" \/>\n<meta property=\"og:type\" content=\"article\" \/>\n<meta property=\"og:title\" content=\"N\u00famero 2 - Scientia Amazonia\" \/>\n<meta property=\"og:description\" content=\"Biotecnologia Evaluation of the fermentative process of Tarub\u00e1 drink produced by indigenous people from Aldeia Bra\u00e7o Grande, Par\u00e1, Brazil (In Portuguese) L\u00e9lce Diana Cardoso dos Santos, Adenilson de Sousa Barroso, Val\u00e9ria Mour\u00e3o de Moura, Rosa [&hellip;]\" \/>\n<meta property=\"og:url\" content=\"https:\/\/scientia-amazonia.org\/index.php\/2021-2\/numero\/\" \/>\n<meta property=\"og:site_name\" content=\"Scientia Amazonia\" \/>\n<meta property=\"article:modified_time\" content=\"2021-09-10T14:50:22+00:00\" \/>\n<meta name=\"twitter:card\" content=\"summary_large_image\" \/>\n<meta name=\"twitter:label1\" content=\"Est. reading time\" \/>\n\t<meta name=\"twitter:data1\" content=\"4 minutes\" \/>\n<script type=\"application\/ld+json\" class=\"yoast-schema-graph\">{\"@context\":\"https:\/\/schema.org\",\"@graph\":[{\"@type\":\"WebPage\",\"@id\":\"https:\/\/scientia-amazonia.org\/index.php\/2021-2\/numero\/\",\"url\":\"https:\/\/scientia-amazonia.org\/index.php\/2021-2\/numero\/\",\"name\":\"N\u00famero 2 - Scientia Amazonia\",\"isPartOf\":{\"@id\":\"https:\/\/scientia-amazonia.org\/#website\"},\"datePublished\":\"2021-05-26T13:19:45+00:00\",\"dateModified\":\"2021-09-10T14:50:22+00:00\",\"breadcrumb\":{\"@id\":\"https:\/\/scientia-amazonia.org\/index.php\/2021-2\/numero\/#breadcrumb\"},\"inLanguage\":\"en-US\",\"potentialAction\":[{\"@type\":\"ReadAction\",\"target\":[\"https:\/\/scientia-amazonia.org\/index.php\/2021-2\/numero\/\"]}]},{\"@type\":\"BreadcrumbList\",\"@id\":\"https:\/\/scientia-amazonia.org\/index.php\/2021-2\/numero\/#breadcrumb\",\"itemListElement\":[{\"@type\":\"ListItem\",\"position\":1,\"name\":\"Home\",\"item\":\"https:\/\/scientia-amazonia.org\/\"},{\"@type\":\"ListItem\",\"position\":2,\"name\":\"2021\",\"item\":\"https:\/\/scientia-amazonia.org\/index.php\/2021-2\/\"},{\"@type\":\"ListItem\",\"position\":3,\"name\":\"N\u00famero 2\"}]},{\"@type\":\"WebSite\",\"@id\":\"https:\/\/scientia-amazonia.org\/#website\",\"url\":\"https:\/\/scientia-amazonia.org\/\",\"name\":\"Scientia Amazonia\",\"description\":\"Revista eletr\u00f4nica\",\"publisher\":{\"@id\":\"https:\/\/scientia-amazonia.org\/#organization\"},\"potentialAction\":[{\"@type\":\"SearchAction\",\"target\":{\"@type\":\"EntryPoint\",\"urlTemplate\":\"https:\/\/scientia-amazonia.org\/?s={search_term_string}\"},\"query-input\":\"required name=search_term_string\"}],\"inLanguage\":\"en-US\"},{\"@type\":\"Organization\",\"@id\":\"https:\/\/scientia-amazonia.org\/#organization\",\"name\":\"Scientia Amazonia\",\"url\":\"https:\/\/scientia-amazonia.org\/\",\"logo\":{\"@type\":\"ImageObject\",\"inLanguage\":\"en-US\",\"@id\":\"https:\/\/scientia-amazonia.org\/#\/schema\/logo\/image\/\",\"url\":\"https:\/\/scientia-amazonia.org\/wp-content\/uploads\/2021\/03\/logoScientia2.png\",\"contentUrl\":\"https:\/\/scientia-amazonia.org\/wp-content\/uploads\/2021\/03\/logoScientia2.png\",\"width\":934,\"height\":100,\"caption\":\"Scientia Amazonia\"},\"image\":{\"@id\":\"https:\/\/scientia-amazonia.org\/#\/schema\/logo\/image\/\"}}]}<\/script>\n<!-- \/ Yoast SEO plugin. -->","yoast_head_json":{"title":"N\u00famero 2 - Scientia Amazonia","robots":{"index":"index","follow":"follow","max-snippet":"max-snippet:-1","max-image-preview":"max-image-preview:large","max-video-preview":"max-video-preview:-1"},"canonical":"https:\/\/scientia-amazonia.org\/index.php\/2021-2\/numero\/","og_locale":"en_US","og_type":"article","og_title":"N\u00famero 2 - Scientia Amazonia","og_description":"Biotecnologia Evaluation of the fermentative process of Tarub\u00e1 drink produced by indigenous people from Aldeia Bra\u00e7o Grande, Par\u00e1, Brazil (In Portuguese) L\u00e9lce Diana Cardoso dos Santos, Adenilson de Sousa Barroso, Val\u00e9ria Mour\u00e3o de Moura, Rosa [&hellip;]","og_url":"https:\/\/scientia-amazonia.org\/index.php\/2021-2\/numero\/","og_site_name":"Scientia Amazonia","article_modified_time":"2021-09-10T14:50:22+00:00","twitter_card":"summary_large_image","twitter_misc":{"Est. reading time":"4 minutes"},"schema":{"@context":"https:\/\/schema.org","@graph":[{"@type":"WebPage","@id":"https:\/\/scientia-amazonia.org\/index.php\/2021-2\/numero\/","url":"https:\/\/scientia-amazonia.org\/index.php\/2021-2\/numero\/","name":"N\u00famero 2 - Scientia Amazonia","isPartOf":{"@id":"https:\/\/scientia-amazonia.org\/#website"},"datePublished":"2021-05-26T13:19:45+00:00","dateModified":"2021-09-10T14:50:22+00:00","breadcrumb":{"@id":"https:\/\/scientia-amazonia.org\/index.php\/2021-2\/numero\/#breadcrumb"},"inLanguage":"en-US","potentialAction":[{"@type":"ReadAction","target":["https:\/\/scientia-amazonia.org\/index.php\/2021-2\/numero\/"]}]},{"@type":"BreadcrumbList","@id":"https:\/\/scientia-amazonia.org\/index.php\/2021-2\/numero\/#breadcrumb","itemListElement":[{"@type":"ListItem","position":1,"name":"Home","item":"https:\/\/scientia-amazonia.org\/"},{"@type":"ListItem","position":2,"name":"2021","item":"https:\/\/scientia-amazonia.org\/index.php\/2021-2\/"},{"@type":"ListItem","position":3,"name":"N\u00famero 2"}]},{"@type":"WebSite","@id":"https:\/\/scientia-amazonia.org\/#website","url":"https:\/\/scientia-amazonia.org\/","name":"Scientia Amazonia","description":"Revista eletr\u00f4nica","publisher":{"@id":"https:\/\/scientia-amazonia.org\/#organization"},"potentialAction":[{"@type":"SearchAction","target":{"@type":"EntryPoint","urlTemplate":"https:\/\/scientia-amazonia.org\/?s={search_term_string}"},"query-input":"required name=search_term_string"}],"inLanguage":"en-US"},{"@type":"Organization","@id":"https:\/\/scientia-amazonia.org\/#organization","name":"Scientia Amazonia","url":"https:\/\/scientia-amazonia.org\/","logo":{"@type":"ImageObject","inLanguage":"en-US","@id":"https:\/\/scientia-amazonia.org\/#\/schema\/logo\/image\/","url":"https:\/\/scientia-amazonia.org\/wp-content\/uploads\/2021\/03\/logoScientia2.png","contentUrl":"https:\/\/scientia-amazonia.org\/wp-content\/uploads\/2021\/03\/logoScientia2.png","width":934,"height":100,"caption":"Scientia Amazonia"},"image":{"@id":"https:\/\/scientia-amazonia.org\/#\/schema\/logo\/image\/"}}]}},"_links":{"self":[{"href":"https:\/\/scientia-amazonia.org\/index.php\/wp-json\/wp\/v2\/pages\/1748"}],"collection":[{"href":"https:\/\/scientia-amazonia.org\/index.php\/wp-json\/wp\/v2\/pages"}],"about":[{"href":"https:\/\/scientia-amazonia.org\/index.php\/wp-json\/wp\/v2\/types\/page"}],"author":[{"embeddable":true,"href":"https:\/\/scientia-amazonia.org\/index.php\/wp-json\/wp\/v2\/users\/1"}],"replies":[{"embeddable":true,"href":"https:\/\/scientia-amazonia.org\/index.php\/wp-json\/wp\/v2\/comments?post=1748"}],"version-history":[{"count":25,"href":"https:\/\/scientia-amazonia.org\/index.php\/wp-json\/wp\/v2\/pages\/1748\/revisions"}],"predecessor-version":[{"id":1842,"href":"https:\/\/scientia-amazonia.org\/index.php\/wp-json\/wp\/v2\/pages\/1748\/revisions\/1842"}],"up":[{"embeddable":true,"href":"https:\/\/scientia-amazonia.org\/index.php\/wp-json\/wp\/v2\/pages\/1684"}],"wp:attachment":[{"href":"https:\/\/scientia-amazonia.org\/index.php\/wp-json\/wp\/v2\/media?parent=1748"}],"curies":[{"name":"wp","href":"https:\/\/api.w.org\/{rel}","templated":true}]}}