{"id":1832,"date":"2021-09-10T14:34:11","date_gmt":"2021-09-10T14:34:11","guid":{"rendered":"https:\/\/scientia-amazonia.org\/?page_id=1832"},"modified":"2021-12-08T16:52:44","modified_gmt":"2021-12-08T16:52:44","slug":"numero-3","status":"publish","type":"page","link":"https:\/\/scientia-amazonia.org\/index.php\/2021-2\/numero-3\/","title":{"rendered":"N\u00famero 3"},"content":{"rendered":"\n<p><strong>Biotecnologia<\/strong><\/p>\n\n\n\n<p class=\"has-text-align-center\"><a href=\"https:\/\/scientia-amazonia.org\/wp-content\/uploads\/2021\/12\/v-10-n3-B1-B11-2021.pdf\">In vitro germination of zygotic embryos of Amazonian Tucum\u00e3 (Astrocaryum aculeatum G. Mey. Arecaceae)<\/a> (In Portuguese)<\/p>\n\n\n\n<p class=\"has-text-align-center\">Fl\u00e1vio Freires Ferreira, Simone da Silva, Efig\u00eania Lopes da Silva, Arlena Maria Guimar\u00e3es Gato, Jos\u00e9 Odair Pereira<\/p>\n\n\n\n<p><strong>Ci\u00eancias Agr\u00e1rias<\/strong><\/p>\n\n\n\n<p class=\"has-text-align-center\"><a href=\"https:\/\/scientia-amazonia.org\/wp-content\/uploads\/2021\/10\/v10-n3-CA1-CA9-2021.pdf\">Toxicity evaluation of manipueira treated in biodigester in lettuce germinatio<\/a><strong><a href=\"https:\/\/scientia-amazonia.org\/wp-content\/uploads\/2021\/10\/v10-n3-CA1-CA9-2021.pdf\">n<\/a><\/strong> (In portuguese)<\/p>\n\n\n\n<p class=\"has-text-align-center\">Gislayne de Araujo Bitencourt, Jaine Pereira Flores, Artur Guerra Rosa, Marlon Diego Gonzalez, Roanita Iara Rockenbach<\/p>\n\n\n\n<p class=\"has-text-align-center\"><a href=\"https:\/\/scientia-amazonia.org\/wp-content\/uploads\/2021\/12\/v-10-n-3-CA10-CA18-2021.pdf\">Soil sterilization for arbuscular mycorrhizal fungi and the influence of remaining spores on maize plants growth<\/a> (In English)<\/p>\n\n\n\n<p class=\"has-text-align-center\">Camila Sousa dos Santos, Tulio Silva Lara, Marcos Diones Ferreira Santana, Ivan Alves dos Santos Junior<\/p>\n\n\n\n<p class=\"has-text-align-center\"><a href=\"https:\/\/scientia-amazonia.org\/wp-content\/uploads\/2021\/12\/v10-n3-CA18-CA32-2021.pdf\">Repeatability and genetic dissimilarity in biometric characteristics of fruit and seeds of Butia eriospatha (Mart. ex Drude)<\/a> Becc (In Portuguese)<\/p>\n\n\n\n<p class=\"has-text-align-center\">Fernanda Jungbluth, Paulo Cesar Fl\u00f4res Junior, Ja\u00e7anan Eloisa de Freitas Milani, Angela Cristina Ikeda, Marcio Dias Pereira, Glauciana da Mata Ata\u00edde, Andressa Vasconcelos Flores<\/p>\n\n\n\n<p class=\"has-text-align-center\"><a href=\"https:\/\/scientia-amazonia.org\/wp-content\/uploads\/2021\/12\/v10-n3-CA33-CA40-2021.pdf\">Food consumption in the municipality of Itacoatiara, AM, Brazil<\/a> (In Portuguese)<\/p>\n\n\n\n<p class=\"has-text-align-center\">Abra\u00e3o Natalino de Oliveira Anselmo, M\u00e1rcia Reis Pena, Nicanor Tiago Bueno Antunes, Beatriz de Oliveira Amaral<\/p>\n\n\n\n<p class=\"has-text-align-center\"><a href=\"https:\/\/scientia-amazonia.org\/wp-content\/uploads\/2021\/12\/v10-n3-CA41-CA52-2021.pdf\">Rhizobia symbiotic efficiency in Pigeonpea in greenhouse <\/a>(In Portuguese)<\/p>\n\n\n\n<p class=\"has-text-align-center\">Lu\u00edz de Moura Neto, Enilson Luiz Saccol de S\u00e1, Jos\u00e9 Renato Pereira Cavallazzi, Cl\u00e1udia Majolo, Everton Rabelo Cordeiro, Aleksander Westphal Muniz<\/p>\n\n\n\n<p class=\"has-text-align-center\"><a href=\"https:\/\/scientia-amazonia.org\/wp-content\/uploads\/2021\/12\/v10-n3-CA53-CA58-2021.pdf\">Prevalence and resistance profile of Salmonella spp. isolated from tambaqui\u00a0cultivated in excavated tanks<\/a> (In Portuguese)<\/p>\n\n\n\n<p class=\"has-text-align-center\">Julia Paes Mota, Cl\u00e1udia Majolo<\/p>\n\n\n\n<p class=\"has-text-align-center\"><a href=\"https:\/\/scientia-amazonia.org\/wp-content\/uploads\/2021\/12\/v10-n3-CA59-CA72-2021.pdf\">Production and quality of salted and dried pirarucu (Arapaima spp.): a bibliographic review <\/a>(In Portuguese)<\/p>\n\n\n\n<p class=\"has-text-align-center\">Maria Jos\u00e9 Mendon\u00e7a de Oliveira, H\u00e9rlon Mota Atayde, Euclides Luis Queiroz de Vasconcelos Santos, Ant\u00f4nio Jos\u00e9 Inhamuns<\/p>\n\n\n\n<p><strong>Ci\u00eancias da Sa\u00fade<\/strong><\/p>\n\n\n\n<p class=\"has-text-align-center\"><a href=\"https:\/\/scientia-amazonia.org\/wp-content\/uploads\/2021\/09\/v10-n3-CS1-CS8-2021.pdf\">Cervical cancer: an analysis of the Papanicolaou test in the city of Manaus (AM) in the scope of primary health care <\/a>(In Portuguese)<\/p>\n\n\n\n<p class=\"has-text-align-center\">Marcela Cristina Barros Lopes, Camila da Silva Gomes de Souza, Nastassja Sales Bendaham, Nayandra Sales Bendaham, Gabriel Pac\u00edfico Seabra Nunes, Hilka Fl\u00e1via Barra do Espirito Santo Alves Pereira<\/p>\n\n\n\n<p class=\"has-text-align-center\"><a href=\"https:\/\/scientia-amazonia.org\/wp-content\/uploads\/2021\/12\/v10-n3-CS9-CS20-2021.pdf\">Health Service Waste in Basic Health Units of Itacoatiara-AM<\/a> (In Portuguese)<\/p>\n\n\n\n<p class=\"has-text-align-center\">Gabriel dos Anjos Guimar\u00e3es, Gleica Soyan Barbosa Alves<\/p>\n\n\n\n<p class=\"has-text-align-center\"><a href=\"https:\/\/scientia-amazonia.org\/wp-content\/uploads\/2021\/12\/v10-n3-CS21-CS31-2021.pdf\">Combating Leprosy challenges in the Amazon: an integrative review<\/a> (In Portuguese)<\/p>\n\n\n\n<p class=\"has-text-align-center\">Alexandre Colli dal Pr\u00e1, Kerolaine da Cruz Rodrigues, Larissa Rachel Pr\u00edncipe Azevedo, Maria Eliza Caldas dos Santos, Miguel Reis Caldeira, R\u00f4mulo de Souza Moreira, Vitor Teixeira Oliveira, Carolina Matteussi Lino, Maria Helena Ribeiro de Checchi<\/p>\n\n\n\n<p class=\"has-text-align-center\"><a href=\"https:\/\/scientia-amazonia.org\/wp-content\/uploads\/2021\/12\/v10-n3-CS32-CS40-2021.pdf\">Clinical Profile of Patients Admitted to the Intensive Care Unit for COVID-19 of a Teaching Hospital<\/a> (In Portuguese)<\/p>\n\n\n\n<p class=\"has-text-align-center\">Rilvanessa Chalegre da Silva Ataide, Elayne Cristina Gomes de Souza Barbosa, Carlos Eduardo de Queiroz Lima, Laise Aline Martins dos Santos, Francisca Sueli Monte Moreira<\/p>\n\n\n\n<p class=\"has-text-align-center\"><a href=\"https:\/\/scientia-amazonia.org\/wp-content\/uploads\/2021\/12\/v10-n3-CS41-CS56-2021.pdf\">Worldwide distribution of Trichophyton rubrum and other dermatophytes in the different health conditions of global population: A Systematic Review<\/a> (In English)<\/p>\n\n\n\n<p class=\"has-text-align-center\">Maria Eduarda Grisolia, Maria Jacirema F. Gon\u00e7alves, Ani Beatriz Jackisch-Matsuura<\/p>\n\n\n\n<p class=\"has-text-align-center\"><a href=\"https:\/\/scientia-amazonia.org\/wp-content\/uploads\/2021\/12\/v10-n3-CS57-CS63-2021.pdf\">An evidence-based review of Libidibia ferrea (juc\u00e1) anti-inflammatory action on in vivo and in vitro studies: Protocol<\/a> (In English)<\/p>\n\n\n\n<p class=\"has-text-align-center\">Nayanne Cristina Oliveira da Silva Almeida, Felipe Rodolfo Pereira Silva, Ana L\u00facia Bas\u00edlio Carneiro, Emerson Silva Lima, Jos\u00e9 Fernando Marques Barcellos, Silvania da Concei\u00e7\u00e3o Furtado<\/p>\n\n\n\n<p class=\"has-text-align-center\"><a href=\"https:\/\/scientia-amazonia.org\/wp-content\/uploads\/2021\/12\/v10-n3-CS64-CS69-2021.pdf\">Evaluation of Population Exposure to Aflatoxin in Mercosur: a protocol for systematic review<\/a> (In English)<\/p>\n\n\n\n<p class=\"has-text-align-center\">Ra\u00edssa Ribeiro Monte, Neila Soares Pican\u00e7o, Ariane Mendon\u00e7a Kluczkovski, Silv\u00e2nia da Concei\u00e7\u00e3o Furtado, Cleiton Mota Souza, Ana Cyra dos Santos Lucas<\/p>\n\n\n\n<p class=\"has-text-align-center\"><a href=\"https:\/\/scientia-amazonia.org\/wp-content\/uploads\/2021\/12\/v10-n3-CS70-CS84-2021.pdf\">Prevention and Fight against Moral Harassment Program \u2013 PPRECAM<\/a> (In Portuguese)<\/p>\n\n\n\n<p class=\"has-text-align-center\">Ronaldo Vitorino Bastos, Maria Izabel Ovellar Heckmann, Adenilda Teixeira Arruda, Sandra Greice Becker, Ronaldo Gomes Souza, Naamy Keely da Silva Sim\u00e3o, Elsia Nascimento Belo<\/p>\n\n\n\n<p class=\"has-text-align-center\"><a href=\"https:\/\/scientia-amazonia.org\/wp-content\/uploads\/2021\/12\/v10-n3-CS85-CS90-2021.pdf\">Collection of phlebotomines during the AMAZONLOG event in the &nbsp;city of Tabatinga, Amazonas, Brazil <\/a>(In English)<\/p>\n\n\n\n<p class=\"has-text-align-center\">Francimeire Gomes Pinheiro, Rui Alves Freitas, Maria Ivonei Carvalho Albuquerque, Antonia Maria Ramos Franco<\/p>\n\n\n\n<p class=\"has-text-align-center\"><a href=\"https:\/\/scientia-amazonia.org\/wp-content\/uploads\/2021\/12\/v10-n3-CS91-CS103-2021.pdf\">Evaluation of drug incompatibilities in patients with COVID-19 admitted to an ICU of a university hospital <\/a>(In Portuguese)<\/p>\n\n\n\n<p class=\"has-text-align-center\">Celuane Alves Moura, Gisele Ara\u00fajo Rodrigues, Mylena F\u00e9lix de Lira, Artur Vin\u00edcius de Lima Montenegro Costa, Jordan Carlos Silva de Medeiros, Eliane Leite de Sousa Magalh\u00e3es, Carolina Barbosa Brito da Matta, Francisca Sueli Monte Moreira, Rosal\u00ed Maria Ferreira da Silva<\/p>\n\n\n\n<p class=\"has-text-align-center\"><a href=\"https:\/\/scientia-amazonia.org\/wp-content\/uploads\/2021\/12\/v10-n3-CS104-CS113-2021.pdf\">Good life project: description of the impact of incentive to weight loss in a private oncology clinic in Amazonas-part 2 <\/a>(In Portuguese)<\/p>\n\n\n\n<p class=\"has-text-align-center\">Kamilla Fernanda Oliveira da Silva Reis, Ananda Castro Chaves, \u00c1bner Souza Paz, Gilson Jos\u00e9 Corr\u00eaa, Fernanda Stefania Bastos Garcia, Caroline Souza dos Anjos, Lia Mizobe Ono, William Hiromi Fuzita<\/p>\n\n\n\n<p><strong>Engenharias<\/strong><\/p>\n\n\n\n<p class=\"has-text-align-center\"><a href=\"https:\/\/scientia-amazonia.org\/wp-content\/uploads\/2021\/12\/v10-n3-E1-E23-2021.pdf\">Application of the FMEA and Cleaner Production tools to survey environmental impacts waste management in diferente \u00e1reas: A Systematic Revie<\/a>w (In Portuguese)<\/p>\n\n\n\n<p class=\"has-text-align-center\">Elinilcia Ribeiro de Almeida, Raimundo Kennedy Vieira<\/p>\n","protected":false},"excerpt":{"rendered":"<p>Biotecnologia In vitro germination of zygotic embryos of Amazonian Tucum\u00e3 (Astrocaryum aculeatum G. Mey. Arecaceae) (In Portuguese) Fl\u00e1vio Freires Ferreira, Simone da Silva, Efig\u00eania Lopes da Silva, Arlena Maria Guimar\u00e3es Gato, Jos\u00e9 Odair Pereira Ci\u00eancias [&hellip;]<\/p>\n","protected":false},"author":1,"featured_media":0,"parent":1684,"menu_order":0,"comment_status":"closed","ping_status":"closed","template":"","meta":{"_links_to":"","_links_to_target":""},"yoast_head":"<!-- This site is optimized with the Yoast SEO plugin v20.2.1 - https:\/\/yoast.com\/wordpress\/plugins\/seo\/ -->\n<title>N\u00famero 3 - Scientia Amazonia<\/title>\n<meta name=\"robots\" content=\"index, follow, max-snippet:-1, max-image-preview:large, max-video-preview:-1\" \/>\n<link rel=\"canonical\" href=\"https:\/\/scientia-amazonia.org\/index.php\/2021-2\/numero-3\/\" \/>\n<meta property=\"og:locale\" content=\"en_US\" \/>\n<meta property=\"og:type\" content=\"article\" \/>\n<meta property=\"og:title\" content=\"N\u00famero 3 - Scientia Amazonia\" \/>\n<meta property=\"og:description\" content=\"Biotecnologia In vitro germination of zygotic embryos of Amazonian Tucum\u00e3 (Astrocaryum aculeatum G. Mey. Arecaceae) (In Portuguese) Fl\u00e1vio Freires Ferreira, Simone da Silva, Efig\u00eania Lopes da Silva, Arlena Maria Guimar\u00e3es Gato, Jos\u00e9 Odair Pereira Ci\u00eancias [&hellip;]\" \/>\n<meta property=\"og:url\" content=\"https:\/\/scientia-amazonia.org\/index.php\/2021-2\/numero-3\/\" \/>\n<meta property=\"og:site_name\" content=\"Scientia Amazonia\" \/>\n<meta property=\"article:modified_time\" content=\"2021-12-08T16:52:44+00:00\" \/>\n<meta name=\"twitter:card\" content=\"summary_large_image\" \/>\n<meta name=\"twitter:label1\" content=\"Est. reading time\" \/>\n\t<meta name=\"twitter:data1\" content=\"4 minutes\" \/>\n<script type=\"application\/ld+json\" class=\"yoast-schema-graph\">{\"@context\":\"https:\/\/schema.org\",\"@graph\":[{\"@type\":\"WebPage\",\"@id\":\"https:\/\/scientia-amazonia.org\/index.php\/2021-2\/numero-3\/\",\"url\":\"https:\/\/scientia-amazonia.org\/index.php\/2021-2\/numero-3\/\",\"name\":\"N\u00famero 3 - Scientia Amazonia\",\"isPartOf\":{\"@id\":\"https:\/\/scientia-amazonia.org\/#website\"},\"datePublished\":\"2021-09-10T14:34:11+00:00\",\"dateModified\":\"2021-12-08T16:52:44+00:00\",\"breadcrumb\":{\"@id\":\"https:\/\/scientia-amazonia.org\/index.php\/2021-2\/numero-3\/#breadcrumb\"},\"inLanguage\":\"en-US\",\"potentialAction\":[{\"@type\":\"ReadAction\",\"target\":[\"https:\/\/scientia-amazonia.org\/index.php\/2021-2\/numero-3\/\"]}]},{\"@type\":\"BreadcrumbList\",\"@id\":\"https:\/\/scientia-amazonia.org\/index.php\/2021-2\/numero-3\/#breadcrumb\",\"itemListElement\":[{\"@type\":\"ListItem\",\"position\":1,\"name\":\"Home\",\"item\":\"https:\/\/scientia-amazonia.org\/\"},{\"@type\":\"ListItem\",\"position\":2,\"name\":\"2021\",\"item\":\"https:\/\/scientia-amazonia.org\/index.php\/2021-2\/\"},{\"@type\":\"ListItem\",\"position\":3,\"name\":\"N\u00famero 3\"}]},{\"@type\":\"WebSite\",\"@id\":\"https:\/\/scientia-amazonia.org\/#website\",\"url\":\"https:\/\/scientia-amazonia.org\/\",\"name\":\"Scientia Amazonia\",\"description\":\"Revista eletr\u00f4nica\",\"publisher\":{\"@id\":\"https:\/\/scientia-amazonia.org\/#organization\"},\"potentialAction\":[{\"@type\":\"SearchAction\",\"target\":{\"@type\":\"EntryPoint\",\"urlTemplate\":\"https:\/\/scientia-amazonia.org\/?s={search_term_string}\"},\"query-input\":\"required name=search_term_string\"}],\"inLanguage\":\"en-US\"},{\"@type\":\"Organization\",\"@id\":\"https:\/\/scientia-amazonia.org\/#organization\",\"name\":\"Scientia Amazonia\",\"url\":\"https:\/\/scientia-amazonia.org\/\",\"logo\":{\"@type\":\"ImageObject\",\"inLanguage\":\"en-US\",\"@id\":\"https:\/\/scientia-amazonia.org\/#\/schema\/logo\/image\/\",\"url\":\"https:\/\/scientia-amazonia.org\/wp-content\/uploads\/2021\/03\/logoScientia2.png\",\"contentUrl\":\"https:\/\/scientia-amazonia.org\/wp-content\/uploads\/2021\/03\/logoScientia2.png\",\"width\":934,\"height\":100,\"caption\":\"Scientia Amazonia\"},\"image\":{\"@id\":\"https:\/\/scientia-amazonia.org\/#\/schema\/logo\/image\/\"}}]}<\/script>\n<!-- \/ Yoast SEO plugin. -->","yoast_head_json":{"title":"N\u00famero 3 - Scientia Amazonia","robots":{"index":"index","follow":"follow","max-snippet":"max-snippet:-1","max-image-preview":"max-image-preview:large","max-video-preview":"max-video-preview:-1"},"canonical":"https:\/\/scientia-amazonia.org\/index.php\/2021-2\/numero-3\/","og_locale":"en_US","og_type":"article","og_title":"N\u00famero 3 - Scientia Amazonia","og_description":"Biotecnologia In vitro germination of zygotic embryos of Amazonian Tucum\u00e3 (Astrocaryum aculeatum G. Mey. Arecaceae) (In Portuguese) Fl\u00e1vio Freires Ferreira, Simone da Silva, Efig\u00eania Lopes da Silva, Arlena Maria Guimar\u00e3es Gato, Jos\u00e9 Odair Pereira Ci\u00eancias [&hellip;]","og_url":"https:\/\/scientia-amazonia.org\/index.php\/2021-2\/numero-3\/","og_site_name":"Scientia Amazonia","article_modified_time":"2021-12-08T16:52:44+00:00","twitter_card":"summary_large_image","twitter_misc":{"Est. reading time":"4 minutes"},"schema":{"@context":"https:\/\/schema.org","@graph":[{"@type":"WebPage","@id":"https:\/\/scientia-amazonia.org\/index.php\/2021-2\/numero-3\/","url":"https:\/\/scientia-amazonia.org\/index.php\/2021-2\/numero-3\/","name":"N\u00famero 3 - Scientia Amazonia","isPartOf":{"@id":"https:\/\/scientia-amazonia.org\/#website"},"datePublished":"2021-09-10T14:34:11+00:00","dateModified":"2021-12-08T16:52:44+00:00","breadcrumb":{"@id":"https:\/\/scientia-amazonia.org\/index.php\/2021-2\/numero-3\/#breadcrumb"},"inLanguage":"en-US","potentialAction":[{"@type":"ReadAction","target":["https:\/\/scientia-amazonia.org\/index.php\/2021-2\/numero-3\/"]}]},{"@type":"BreadcrumbList","@id":"https:\/\/scientia-amazonia.org\/index.php\/2021-2\/numero-3\/#breadcrumb","itemListElement":[{"@type":"ListItem","position":1,"name":"Home","item":"https:\/\/scientia-amazonia.org\/"},{"@type":"ListItem","position":2,"name":"2021","item":"https:\/\/scientia-amazonia.org\/index.php\/2021-2\/"},{"@type":"ListItem","position":3,"name":"N\u00famero 3"}]},{"@type":"WebSite","@id":"https:\/\/scientia-amazonia.org\/#website","url":"https:\/\/scientia-amazonia.org\/","name":"Scientia Amazonia","description":"Revista eletr\u00f4nica","publisher":{"@id":"https:\/\/scientia-amazonia.org\/#organization"},"potentialAction":[{"@type":"SearchAction","target":{"@type":"EntryPoint","urlTemplate":"https:\/\/scientia-amazonia.org\/?s={search_term_string}"},"query-input":"required name=search_term_string"}],"inLanguage":"en-US"},{"@type":"Organization","@id":"https:\/\/scientia-amazonia.org\/#organization","name":"Scientia Amazonia","url":"https:\/\/scientia-amazonia.org\/","logo":{"@type":"ImageObject","inLanguage":"en-US","@id":"https:\/\/scientia-amazonia.org\/#\/schema\/logo\/image\/","url":"https:\/\/scientia-amazonia.org\/wp-content\/uploads\/2021\/03\/logoScientia2.png","contentUrl":"https:\/\/scientia-amazonia.org\/wp-content\/uploads\/2021\/03\/logoScientia2.png","width":934,"height":100,"caption":"Scientia Amazonia"},"image":{"@id":"https:\/\/scientia-amazonia.org\/#\/schema\/logo\/image\/"}}]}},"_links":{"self":[{"href":"https:\/\/scientia-amazonia.org\/index.php\/wp-json\/wp\/v2\/pages\/1832"}],"collection":[{"href":"https:\/\/scientia-amazonia.org\/index.php\/wp-json\/wp\/v2\/pages"}],"about":[{"href":"https:\/\/scientia-amazonia.org\/index.php\/wp-json\/wp\/v2\/types\/page"}],"author":[{"embeddable":true,"href":"https:\/\/scientia-amazonia.org\/index.php\/wp-json\/wp\/v2\/users\/1"}],"replies":[{"embeddable":true,"href":"https:\/\/scientia-amazonia.org\/index.php\/wp-json\/wp\/v2\/comments?post=1832"}],"version-history":[{"count":34,"href":"https:\/\/scientia-amazonia.org\/index.php\/wp-json\/wp\/v2\/pages\/1832\/revisions"}],"predecessor-version":[{"id":1915,"href":"https:\/\/scientia-amazonia.org\/index.php\/wp-json\/wp\/v2\/pages\/1832\/revisions\/1915"}],"up":[{"embeddable":true,"href":"https:\/\/scientia-amazonia.org\/index.php\/wp-json\/wp\/v2\/pages\/1684"}],"wp:attachment":[{"href":"https:\/\/scientia-amazonia.org\/index.php\/wp-json\/wp\/v2\/media?parent=1832"}],"curies":[{"name":"wp","href":"https:\/\/api.w.org\/{rel}","templated":true}]}}