{"id":1978,"date":"2021-12-23T21:30:19","date_gmt":"2021-12-23T21:30:19","guid":{"rendered":"https:\/\/scientia-amazonia.org\/?page_id=1978"},"modified":"2023-06-20T19:27:26","modified_gmt":"2023-06-20T19:27:26","slug":"suplementos","status":"publish","type":"page","link":"https:\/\/scientia-amazonia.org\/index.php\/suplementos\/","title":{"rendered":"Suplementos"},"content":{"rendered":"\n<p>A Scientia Amazonia tem como principio incentivar os eventos cient\u00edficos. Sendo assim, nessa se\u00e7\u00e3o est\u00e3o inclu\u00eddos resumos expandidos, short communications de congressos e eventos de acordo com os anos de publica\u00e7\u00e3o<\/p>\n\n\n\n<p><strong>2018<\/strong><\/p>\n\n\n\n<p><a href=\"https:\/\/scientia-amazonia.org\/index.php\/suplementos\/pibit-2017-218\/\">Artigos relativos \u00e0 produ\u00e7\u00e3o cient\u00edfica do Programa de Institucional de Bolsa de Inicia\u00e7\u00e3o em Desenvolvimento Tecnol\u00f3gica e Inova\u00e7\u00e3o \u2013 PIBIT dos anos de 2016\/2017<\/a><\/p>\n\n\n\n<p><strong>2019<\/strong><\/p>\n\n\n\n<p><a href=\"https:\/\/scientia-amazonia.org\/index.php\/suplementos\/2019-2\/ii-congresso-de-farmacia-xiv-semana-de-farmacia\/\">II Congresso de Ci\u00eancias Farmac\u00eauticas do Amazonas \u2013 XIV semana de Farm\u00e1cia da UFAM<\/a><\/p>\n\n\n\n<p><strong>2021<\/strong><\/p>\n\n\n\n<p><a href=\"https:\/\/scientia-amazonia.org\/index.php\/suplementos\/6o-congresso-pan-amazonico-de-oncologia\/\">6o&nbsp;Congresso Pan-Amaz\u00f4nico de Oncologia<\/a><\/p>\n\n\n\n<p><strong>2022<\/strong><\/p>\n\n\n\n<p><a href=\"https:\/\/scientia-amazonia.org\/wp-content\/uploads\/2022\/12\/suplemento-Seconp-2022.pdf\">\u00a0II Seconp \u2013 Segundo Congresso Sensumed<\/a><\/p>\n\n\n\n<p><a href=\"https:\/\/scientia-amazonia.org\/index.php\/suplementos\/7th-international-symposium-on-immnunology-and-hematology\/\">7th International Symposium on Immunology and Hematology<\/a><\/p>\n","protected":false},"excerpt":{"rendered":"<p>A Scientia Amazonia tem como principio incentivar os eventos cient\u00edficos. Sendo assim, nessa se\u00e7\u00e3o est\u00e3o inclu\u00eddos resumos expandidos, short communications de congressos e eventos de acordo com os anos de publica\u00e7\u00e3o 2018 Artigos relativos \u00e0 [&hellip;]<\/p>\n","protected":false},"author":1,"featured_media":1600,"parent":0,"menu_order":0,"comment_status":"closed","ping_status":"closed","template":"","meta":{"_links_to":"","_links_to_target":""},"yoast_head":"<!-- This site is optimized with the Yoast SEO plugin v20.2.1 - https:\/\/yoast.com\/wordpress\/plugins\/seo\/ -->\n<title>Suplementos - Scientia Amazonia<\/title>\n<meta name=\"robots\" content=\"index, follow, max-snippet:-1, max-image-preview:large, max-video-preview:-1\" \/>\n<link rel=\"canonical\" href=\"https:\/\/scientia-amazonia.org\/index.php\/suplementos\/\" \/>\n<meta property=\"og:locale\" content=\"en_US\" \/>\n<meta property=\"og:type\" content=\"article\" \/>\n<meta property=\"og:title\" content=\"Suplementos - Scientia Amazonia\" \/>\n<meta property=\"og:description\" content=\"A Scientia Amazonia tem como principio incentivar os eventos cient\u00edficos. Sendo assim, nessa se\u00e7\u00e3o est\u00e3o inclu\u00eddos resumos expandidos, short communications de congressos e eventos de acordo com os anos de publica\u00e7\u00e3o 2018 Artigos relativos \u00e0 [&hellip;]\" \/>\n<meta property=\"og:url\" content=\"https:\/\/scientia-amazonia.org\/index.php\/suplementos\/\" \/>\n<meta property=\"og:site_name\" content=\"Scientia Amazonia\" \/>\n<meta property=\"article:modified_time\" content=\"2023-06-20T19:27:26+00:00\" \/>\n<meta property=\"og:image\" content=\"https:\/\/scientia-amazonia.org\/wp-content\/uploads\/2021\/03\/suplementos2-scaled.jpg\" \/>\n\t<meta property=\"og:image:width\" content=\"2560\" \/>\n\t<meta property=\"og:image:height\" content=\"1708\" \/>\n\t<meta property=\"og:image:type\" content=\"image\/jpeg\" \/>\n<meta name=\"twitter:card\" content=\"summary_large_image\" \/>\n<meta name=\"twitter:label1\" content=\"Est. reading time\" \/>\n\t<meta name=\"twitter:data1\" content=\"1 minute\" \/>\n<script type=\"application\/ld+json\" class=\"yoast-schema-graph\">{\"@context\":\"https:\/\/schema.org\",\"@graph\":[{\"@type\":\"WebPage\",\"@id\":\"https:\/\/scientia-amazonia.org\/index.php\/suplementos\/\",\"url\":\"https:\/\/scientia-amazonia.org\/index.php\/suplementos\/\",\"name\":\"Suplementos - Scientia Amazonia\",\"isPartOf\":{\"@id\":\"https:\/\/scientia-amazonia.org\/#website\"},\"datePublished\":\"2021-12-23T21:30:19+00:00\",\"dateModified\":\"2023-06-20T19:27:26+00:00\",\"breadcrumb\":{\"@id\":\"https:\/\/scientia-amazonia.org\/index.php\/suplementos\/#breadcrumb\"},\"inLanguage\":\"en-US\",\"potentialAction\":[{\"@type\":\"ReadAction\",\"target\":[\"https:\/\/scientia-amazonia.org\/index.php\/suplementos\/\"]}]},{\"@type\":\"BreadcrumbList\",\"@id\":\"https:\/\/scientia-amazonia.org\/index.php\/suplementos\/#breadcrumb\",\"itemListElement\":[{\"@type\":\"ListItem\",\"position\":1,\"name\":\"Home\",\"item\":\"https:\/\/scientia-amazonia.org\/\"},{\"@type\":\"ListItem\",\"position\":2,\"name\":\"Suplementos\"}]},{\"@type\":\"WebSite\",\"@id\":\"https:\/\/scientia-amazonia.org\/#website\",\"url\":\"https:\/\/scientia-amazonia.org\/\",\"name\":\"Scientia Amazonia\",\"description\":\"Revista eletr\u00f4nica\",\"publisher\":{\"@id\":\"https:\/\/scientia-amazonia.org\/#organization\"},\"potentialAction\":[{\"@type\":\"SearchAction\",\"target\":{\"@type\":\"EntryPoint\",\"urlTemplate\":\"https:\/\/scientia-amazonia.org\/?s={search_term_string}\"},\"query-input\":\"required name=search_term_string\"}],\"inLanguage\":\"en-US\"},{\"@type\":\"Organization\",\"@id\":\"https:\/\/scientia-amazonia.org\/#organization\",\"name\":\"Scientia Amazonia\",\"url\":\"https:\/\/scientia-amazonia.org\/\",\"logo\":{\"@type\":\"ImageObject\",\"inLanguage\":\"en-US\",\"@id\":\"https:\/\/scientia-amazonia.org\/#\/schema\/logo\/image\/\",\"url\":\"https:\/\/scientia-amazonia.org\/wp-content\/uploads\/2021\/03\/logoScientia2.png\",\"contentUrl\":\"https:\/\/scientia-amazonia.org\/wp-content\/uploads\/2021\/03\/logoScientia2.png\",\"width\":934,\"height\":100,\"caption\":\"Scientia Amazonia\"},\"image\":{\"@id\":\"https:\/\/scientia-amazonia.org\/#\/schema\/logo\/image\/\"}}]}<\/script>\n<!-- \/ Yoast SEO plugin. -->","yoast_head_json":{"title":"Suplementos - Scientia Amazonia","robots":{"index":"index","follow":"follow","max-snippet":"max-snippet:-1","max-image-preview":"max-image-preview:large","max-video-preview":"max-video-preview:-1"},"canonical":"https:\/\/scientia-amazonia.org\/index.php\/suplementos\/","og_locale":"en_US","og_type":"article","og_title":"Suplementos - Scientia Amazonia","og_description":"A Scientia Amazonia tem como principio incentivar os eventos cient\u00edficos. Sendo assim, nessa se\u00e7\u00e3o est\u00e3o inclu\u00eddos resumos expandidos, short communications de congressos e eventos de acordo com os anos de publica\u00e7\u00e3o 2018 Artigos relativos \u00e0 [&hellip;]","og_url":"https:\/\/scientia-amazonia.org\/index.php\/suplementos\/","og_site_name":"Scientia Amazonia","article_modified_time":"2023-06-20T19:27:26+00:00","og_image":[{"width":2560,"height":1708,"url":"https:\/\/scientia-amazonia.org\/wp-content\/uploads\/2021\/03\/suplementos2-scaled.jpg","type":"image\/jpeg"}],"twitter_card":"summary_large_image","twitter_misc":{"Est. reading time":"1 minute"},"schema":{"@context":"https:\/\/schema.org","@graph":[{"@type":"WebPage","@id":"https:\/\/scientia-amazonia.org\/index.php\/suplementos\/","url":"https:\/\/scientia-amazonia.org\/index.php\/suplementos\/","name":"Suplementos - Scientia Amazonia","isPartOf":{"@id":"https:\/\/scientia-amazonia.org\/#website"},"datePublished":"2021-12-23T21:30:19+00:00","dateModified":"2023-06-20T19:27:26+00:00","breadcrumb":{"@id":"https:\/\/scientia-amazonia.org\/index.php\/suplementos\/#breadcrumb"},"inLanguage":"en-US","potentialAction":[{"@type":"ReadAction","target":["https:\/\/scientia-amazonia.org\/index.php\/suplementos\/"]}]},{"@type":"BreadcrumbList","@id":"https:\/\/scientia-amazonia.org\/index.php\/suplementos\/#breadcrumb","itemListElement":[{"@type":"ListItem","position":1,"name":"Home","item":"https:\/\/scientia-amazonia.org\/"},{"@type":"ListItem","position":2,"name":"Suplementos"}]},{"@type":"WebSite","@id":"https:\/\/scientia-amazonia.org\/#website","url":"https:\/\/scientia-amazonia.org\/","name":"Scientia Amazonia","description":"Revista eletr\u00f4nica","publisher":{"@id":"https:\/\/scientia-amazonia.org\/#organization"},"potentialAction":[{"@type":"SearchAction","target":{"@type":"EntryPoint","urlTemplate":"https:\/\/scientia-amazonia.org\/?s={search_term_string}"},"query-input":"required name=search_term_string"}],"inLanguage":"en-US"},{"@type":"Organization","@id":"https:\/\/scientia-amazonia.org\/#organization","name":"Scientia Amazonia","url":"https:\/\/scientia-amazonia.org\/","logo":{"@type":"ImageObject","inLanguage":"en-US","@id":"https:\/\/scientia-amazonia.org\/#\/schema\/logo\/image\/","url":"https:\/\/scientia-amazonia.org\/wp-content\/uploads\/2021\/03\/logoScientia2.png","contentUrl":"https:\/\/scientia-amazonia.org\/wp-content\/uploads\/2021\/03\/logoScientia2.png","width":934,"height":100,"caption":"Scientia Amazonia"},"image":{"@id":"https:\/\/scientia-amazonia.org\/#\/schema\/logo\/image\/"}}]}},"_links":{"self":[{"href":"https:\/\/scientia-amazonia.org\/index.php\/wp-json\/wp\/v2\/pages\/1978"}],"collection":[{"href":"https:\/\/scientia-amazonia.org\/index.php\/wp-json\/wp\/v2\/pages"}],"about":[{"href":"https:\/\/scientia-amazonia.org\/index.php\/wp-json\/wp\/v2\/types\/page"}],"author":[{"embeddable":true,"href":"https:\/\/scientia-amazonia.org\/index.php\/wp-json\/wp\/v2\/users\/1"}],"replies":[{"embeddable":true,"href":"https:\/\/scientia-amazonia.org\/index.php\/wp-json\/wp\/v2\/comments?post=1978"}],"version-history":[{"count":11,"href":"https:\/\/scientia-amazonia.org\/index.php\/wp-json\/wp\/v2\/pages\/1978\/revisions"}],"predecessor-version":[{"id":2314,"href":"https:\/\/scientia-amazonia.org\/index.php\/wp-json\/wp\/v2\/pages\/1978\/revisions\/2314"}],"wp:featuredmedia":[{"embeddable":true,"href":"https:\/\/scientia-amazonia.org\/index.php\/wp-json\/wp\/v2\/media\/1600"}],"wp:attachment":[{"href":"https:\/\/scientia-amazonia.org\/index.php\/wp-json\/wp\/v2\/media?parent=1978"}],"curies":[{"name":"wp","href":"https:\/\/api.w.org\/{rel}","templated":true}]}}