{"id":1987,"date":"2021-12-23T21:44:03","date_gmt":"2021-12-23T21:44:03","guid":{"rendered":"https:\/\/scientia-amazonia.org\/?page_id=1987"},"modified":"2021-12-26T01:38:08","modified_gmt":"2021-12-26T01:38:08","slug":"6o-congresso-pan-amazonico-de-oncologia","status":"publish","type":"page","link":"https:\/\/scientia-amazonia.org\/index.php\/suplementos\/6o-congresso-pan-amazonico-de-oncologia\/","title":{"rendered":"6o Congresso Pan-Amaz\u00f4nico de Oncologia"},"content":{"rendered":"\n<figure class=\"wp-block-image size-full\"><img loading=\"lazy\" width=\"604\" height=\"161\" src=\"https:\/\/scientia-amazonia.org\/wp-content\/uploads\/2021\/12\/oncologia.jpg\" alt=\"\" class=\"wp-image-1988\" srcset=\"https:\/\/scientia-amazonia.org\/wp-content\/uploads\/2021\/12\/oncologia.jpg 604w, https:\/\/scientia-amazonia.org\/wp-content\/uploads\/2021\/12\/oncologia-300x80.jpg 300w\" sizes=\"(max-width: 604px) 100vw, 604px\" \/><\/figure>\n\n\n\n<h2><strong>Tema central<\/strong><\/h2>\n\n\n\n<h3>Oncologia de resolutividade: fortalecendo a preven\u00e7\u00e3o e acelerando o diagn\u00f3stico, o tratamento e o acesso aos cuidados paliativos.<\/h3>\n\n\n\n<h2><strong>COMIT\u00ca ORGANIZADOR<\/strong><\/h2>\n\n\n\n<h2><strong>Presidente do 6\u00ba Congresso Pan-Amaz\u00f4nico de Oncologia<\/strong><\/h2>\n\n\n\n<p>K\u00e1tia Luz Torres Silva<\/p>\n\n\n\n<h2><strong>Vice-Presidente do 6\u00ba Congresso Pan-Amaz\u00f4nico de Oncologia<\/strong><\/h2>\n\n\n\n<p>Valqu\u00edria do Carmo Alves Martins<\/p>\n\n\n\n<h2><strong>Secret\u00e1ria Executiva<\/strong><\/h2>\n\n\n\n<p>Josiane da Silva Neves<\/p>\n\n\n\n<h2>\t\t\t\t\t\t\t<h3 style=\"margin-bottom:20px;display:block;width:100%;margin-top:10px\">Equipe do Congresso <\/h3>\r\n\t\t\t\t\t\t<style>\r\n\t\t\t\t<style>\r\n#wpsm_accordion_1999 .wpsm_panel-heading{\r\n\tpadding:0px !important;\r\n}\r\n#wpsm_accordion_1999 .wpsm_panel-title {\r\n\tmargin:0px !important; \r\n\ttext-transform:none !important;\r\n\tline-height: 1 !important;\r\n}\r\n#wpsm_accordion_1999 .wpsm_panel-title a{\r\n\ttext-decoration:none;\r\n\toverflow:hidden;\r\n\tdisplay:block;\r\n\tpadding:0px;\r\n\tfont-size: 18px !important;\r\n\tfont-family: Open Sans !important;\r\n\tcolor:#000000 !important;\r\n\tborder-bottom:0px !important;\r\n}\r\n\r\n#wpsm_accordion_1999 .wpsm_panel-title a:focus {\r\noutline: 0px !important;\r\n}\r\n\r\n#wpsm_accordion_1999 .wpsm_panel-title a:hover, #wpsm_accordion_1999 .wpsm_panel-title a:focus {\r\n\tcolor:#000000 !important;\r\n}\r\n#wpsm_accordion_1999 .acc-a{\r\n\tcolor: #000000 !important;\r\n\tbackground-color:#e8e8e8 !important;\r\n\tborder-color: #ddd;\r\n}\r\n#wpsm_accordion_1999 .wpsm_panel-default > .wpsm_panel-heading{\r\n\tcolor: #000000 !important;\r\n\tbackground-color: #e8e8e8 !important;\r\n\tborder-color: #e8e8e8 !important;\r\n\tborder-top-left-radius: 0px;\r\n\tborder-top-right-radius: 0px;\r\n}\r\n#wpsm_accordion_1999 .wpsm_panel-default {\r\n\t\tborder:1px solid transparent !important;\r\n\t}\r\n#wpsm_accordion_1999 {\r\n\tmargin-bottom: 20px;\r\n\toverflow: hidden;\r\n\tfloat: none;\r\n\twidth: 100%;\r\n\tdisplay: block;\r\n}\r\n#wpsm_accordion_1999 .ac_title_class{\r\n\tdisplay: block;\r\n\tpadding-top: 12px;\r\n\tpadding-bottom: 12px;\r\n\tpadding-left: 15px;\r\n\tpadding-right: 15px;\r\n}\r\n#wpsm_accordion_1999  .wpsm_panel {\r\n\toverflow:hidden;\r\n\t-webkit-box-shadow: 0 0px 0px rgba(0, 0, 0, .05);\r\n\tbox-shadow: 0 0px 0px rgba(0, 0, 0, .05);\r\n\t\tborder-radius: 4px;\r\n\t}\r\n#wpsm_accordion_1999  .wpsm_panel + .wpsm_panel {\r\n\t\tmargin-top: 5px;\r\n\t}\r\n#wpsm_accordion_1999  .wpsm_panel-body{\r\n\tbackground-color:#ffffff !important;\r\n\tcolor:#000000 !important;\r\n\tborder-top-color: #e8e8e8 !important;\r\n\tfont-size:16px !important;\r\n\tfont-family: Open Sans !important;\r\n\toverflow: hidden;\r\n\t\tborder: 2px solid #e8e8e8 !important;\r\n\t}\r\n\r\n#wpsm_accordion_1999 .ac_open_cl_icon{\r\n\tbackground-color:#e8e8e8 !important;\r\n\tcolor: #000000 !important;\r\n\tfloat:right !important;\r\n\tpadding-top: 12px !important;\r\n\tpadding-bottom: 12px !important;\r\n\tline-height: 1.0 !important;\r\n\tpadding-left: 15px !important;\r\n\tpadding-right: 15px !important;\r\n\tdisplay: inline-block !important;\r\n}\r\n\r\n\t\t\t\r\n\t\t\t<\/style>\t\r\n\t\t\t<\/style>\r\n\t\t\t<div class=\"wpsm_panel-group\" id=\"wpsm_accordion_1999\" >\r\n\t\t\t\t\t\t\t\t\r\n\t\t\t\t\t<!-- Inner panel Start -->\r\n\t\t\t\t\t<div class=\"wpsm_panel wpsm_panel-default\">\r\n\t\t\t\t\t\t<div class=\"wpsm_panel-heading\" role=\"tab\" >\r\n\t\t\t\t\t\t  <h4 class=\"wpsm_panel-title\">\r\n\t\t\t\t\t\t\t<a  class=\"\"  data-toggle=\"collapse\" data-parent=\"#wpsm_accordion_1999 \" href=\"javascript:void(0)\" data-target=\"#ac_1999_collapse1\" onclick=\"do_resize()\">\r\n\t\t\t\t\t\t\t\t\t\t\t\t\t\t\t\t\t<span class=\"ac_open_cl_icon fa fa-minus\"><\/span>\r\n\t\t\t\t\t\t\t\t\t\r\n\t\t\t\t\t\t\t\t \r\n\t\t\t\t\t\t\t\t<span class=\"ac_title_class\">\r\n\t\t\t\t\t\t\t\t\t\t\t\t\t\t\t\t\t\t\t\t<span style=\"margin-right:6px;\" class=\"fa fa-laptop\"><\/span>\r\n\t\t\t\t\t\t\t\t\tComiss\u00e3o organizadora\t\t\t\t\t\t\t\t<\/span>\r\n\t\t\t\t\t\t\t<\/a>\r\n\t\t\t\t\t\t  <\/h4>\r\n\t\t\t\t\t\t<\/div>\r\n\t\t\t\t\t\t<div id=\"ac_1999_collapse1\" class=\"wpsm_panel-collapse collapse in\"  >\r\n\t\t\t\t\t\t  <div class=\"wpsm_panel-body\">\r\n\t\t\t\t\t\t\tCibele de Sousa Menezes <br>\r\nDiego Monteiro de Carvalho <br>\r\n\u00c9rika de Souza Nascimento <br>\r\nGabriela Maciel Paredio <br>\r\nJosiel de Aquino Martins <br>\r\nJulia Monica Marcelino Benevides <br>\r\nLeidiane Mendes Brito Cacciola <br>\r\nLia Mizobe Ono <br>\r\nMonique Freire dos Reis <br>\r\nSth\u00e9fanny Caroline Mendes Azevedo <br>\r\nTatiana Amaral Pires de Almeida <br>\t\t\t\t\t\t  <\/div>\r\n\t\t\t\t\t\t<\/div>\r\n\t\t\t\t\t<\/div>\r\n\t\t\t\t\t<!-- Inner panel End -->\r\n\t\t\t\t\t\r\n\t\t\t\t\t\t\t\t\r\n\t\t\t\t\t<!-- Inner panel Start -->\r\n\t\t\t\t\t<div class=\"wpsm_panel wpsm_panel-default\">\r\n\t\t\t\t\t\t<div class=\"wpsm_panel-heading\" role=\"tab\" >\r\n\t\t\t\t\t\t  <h4 class=\"wpsm_panel-title\">\r\n\t\t\t\t\t\t\t<a  class=\"collapsed\"  data-toggle=\"collapse\" data-parent=\"#wpsm_accordion_1999 \" href=\"javascript:void(0)\" data-target=\"#ac_1999_collapse2\" onclick=\"do_resize()\">\r\n\t\t\t\t\t\t\t\t\t\t\t\t\t\t\t\t\t<span class=\"ac_open_cl_icon fa fa-plus\"><\/span>\r\n\t\t\t\t\t\t\t\t\t\r\n\t\t\t\t\t\t\t\t \r\n\t\t\t\t\t\t\t\t<span class=\"ac_title_class\">\r\n\t\t\t\t\t\t\t\t\t\t\t\t\t\t\t\t\t\t\t\t<span style=\"margin-right:6px;\" class=\"fa fa-laptop\"><\/span>\r\n\t\t\t\t\t\t\t\t\tComiss\u00e3o Cient\u00edfica\t\t\t\t\t\t\t\t<\/span>\r\n\t\t\t\t\t\t\t<\/a>\r\n\t\t\t\t\t\t  <\/h4>\r\n\t\t\t\t\t\t<\/div>\r\n\t\t\t\t\t\t<div id=\"ac_1999_collapse2\" class=\"wpsm_panel-collapse collapse \"  >\r\n\t\t\t\t\t\t  <div class=\"wpsm_panel-body\">\r\n\t\t\t\t\t\t\t\u00c1bner Souza Paz <br>\r\nAline Lury Hada <br>\r\nAna Elis Guimar\u00e3es Ara\u00fajo <br>\r\nCristiane Decat Bergerot <br>\r\nDiego Monteiro de Carvalho <br>\r\nHilka Fl\u00e1via Barra do Esp\u00edrito Santo Alves Pereira <br>\r\nK\u00e1tia Luz Torres Silva <br>\r\nLia Mizobe Ono <br>\r\nMirlane Guimar\u00e3es de Melo Cardoso <br>\r\nPaulo Gustavo Bergerot <br>\r\nSuzan Carol de Oliveira Biscaro <br>\r\nValqu\u00edria do Carmo Alves Martins <br>\r\nWilliam Hiromi Fuzita <br>\t\t\t\t\t\t  <\/div>\r\n\t\t\t\t\t\t<\/div>\r\n\t\t\t\t\t<\/div>\r\n\t\t\t\t\t<!-- Inner panel End -->\r\n\t\t\t\t\t\r\n\t\t\t\t\t\t\t\t\r\n\t\t\t\t\t<!-- Inner panel Start -->\r\n\t\t\t\t\t<div class=\"wpsm_panel wpsm_panel-default\">\r\n\t\t\t\t\t\t<div class=\"wpsm_panel-heading\" role=\"tab\" >\r\n\t\t\t\t\t\t  <h4 class=\"wpsm_panel-title\">\r\n\t\t\t\t\t\t\t<a  class=\"collapsed\"  data-toggle=\"collapse\" data-parent=\"#wpsm_accordion_1999 \" href=\"javascript:void(0)\" data-target=\"#ac_1999_collapse3\" onclick=\"do_resize()\">\r\n\t\t\t\t\t\t\t\t\t\t\t\t\t\t\t\t\t<span class=\"ac_open_cl_icon fa fa-plus\"><\/span>\r\n\t\t\t\t\t\t\t\t\t\r\n\t\t\t\t\t\t\t\t \r\n\t\t\t\t\t\t\t\t<span class=\"ac_title_class\">\r\n\t\t\t\t\t\t\t\t\t\t\t\t\t\t\t\t\t\t\t\t<span style=\"margin-right:6px;\" class=\"fa fa-laptop\"><\/span>\r\n\t\t\t\t\t\t\t\t\tComiss\u00e3o de Trabalhos Cient\u00edficos\t\t\t\t\t\t\t\t<\/span>\r\n\t\t\t\t\t\t\t<\/a>\r\n\t\t\t\t\t\t  <\/h4>\r\n\t\t\t\t\t\t<\/div>\r\n\t\t\t\t\t\t<div id=\"ac_1999_collapse3\" class=\"wpsm_panel-collapse collapse \"  >\r\n\t\t\t\t\t\t  <div class=\"wpsm_panel-body\">\r\n\t\t\t\t\t\t\tCibele de Sousa Menezes <br>\r\nHeidy Halanna de Melo Farah Rondon <br>\r\nJulia Monica Marcelino Benevides <br>\r\nLeidiane Mendes Brito Cacciola <br>\r\nSth\u00e9fanny Caroline Mendes Azevedo <br>\r\nTatiana Amaral Pires de Almeida <br>\r\n\t\t\t\t\t\t  <\/div>\r\n\t\t\t\t\t\t<\/div>\r\n\t\t\t\t\t<\/div>\r\n\t\t\t\t\t<!-- Inner panel End -->\r\n\t\t\t\t\t\r\n\t\t\t\t\t\t\t\t\r\n\t\t\t\t\t<!-- Inner panel Start -->\r\n\t\t\t\t\t<div class=\"wpsm_panel wpsm_panel-default\">\r\n\t\t\t\t\t\t<div class=\"wpsm_panel-heading\" role=\"tab\" >\r\n\t\t\t\t\t\t  <h4 class=\"wpsm_panel-title\">\r\n\t\t\t\t\t\t\t<a  class=\"collapsed\"  data-toggle=\"collapse\" data-parent=\"#wpsm_accordion_1999 \" href=\"javascript:void(0)\" data-target=\"#ac_1999_collapse4\" onclick=\"do_resize()\">\r\n\t\t\t\t\t\t\t\t\t\t\t\t\t\t\t\t\t<span class=\"ac_open_cl_icon fa fa-plus\"><\/span>\r\n\t\t\t\t\t\t\t\t\t\r\n\t\t\t\t\t\t\t\t \r\n\t\t\t\t\t\t\t\t<span class=\"ac_title_class\">\r\n\t\t\t\t\t\t\t\t\t\t\t\t\t\t\t\t\t\t\t\t<span style=\"margin-right:6px;\" class=\"fa fa-laptop\"><\/span>\r\n\t\t\t\t\t\t\t\t\tRevisores (Avaliadores dos Resumos)\t\t\t\t\t\t\t\t<\/span>\r\n\t\t\t\t\t\t\t<\/a>\r\n\t\t\t\t\t\t  <\/h4>\r\n\t\t\t\t\t\t<\/div>\r\n\t\t\t\t\t\t<div id=\"ac_1999_collapse4\" class=\"wpsm_panel-collapse collapse \"  >\r\n\t\t\t\t\t\t  <div class=\"wpsm_panel-body\">\r\n\t\t\t\t\t\t\tAdriana Malheiros Alle Marie <br>\r\nAna Beatriz Mac\u00eado Ven\u00e2ncio dos Santos <br>\r\nAna Elis Guimaraes Ara\u00fajo <br>\r\nAna Luiza Loureiro Guerreiro <br>\r\nAndr\u00e9a Monteiro Tarrag\u00f4  <br>\r\nBeatriz Blenda Pinheiro de Souza <br>\r\nCristina Motta Ferreira <br>\r\nDaniel Barros de Castro  <br>\r\nEllen Priscilla Nunes Gadelha <br>\r\nEurides de Souza Lima <br>\r\nFabio Fortunato Brasil de Carvalho <br>\r\nFernando Lopes Tavares de Lima <br>\r\nGabriel Bezerra Dias <br>\r\nGemilson Soares Pontes <br>\r\nGeorge Allan VillaRouco <br>\r\nGraciana de Sousa Lopes <br>\r\nHilka do Espirito Santo A. Pereira <br>\r\nItamar Bento Claro <br>\r\nJarbas Ribeiro de Oliveira <br>\r\nJos\u00e9 Alexandre Pires de Almeida <br>\r\nJulia Cavalcante do Carmo <br>\r\nJulia M\u00f4nica Benevides <br>\r\nKacio Felipe Souza <br>\r\nLarissa Gabriela Neves Lins <br>\r\nLuana Lopes Casas <br>\r\nLuciana Freire de Oliveira <br>\r\nMaressa Gasparoto Lenglube Lisboa <br>\r\nMaria Gl\u00e1ucia Silva de Lima <br>\r\nMariana Carolina Coutinho Xavier Soares <br>\r\nMeirielly Kellya Holanda da Silva  <br>\r\nMichella Lima Lasmar <br>\r\nMirelia Rodrigues de Ara\u00fajo <br>\r\nNayara Sousa Castro <br>\r\nPaulo Henrique Freitas da Silva <br>\r\nS\u00f3stenes Ericsson Vicente da Silva <br>\r\nSuelen Carlos de Oliveira <br>\r\nTatiana Nayara Lib\u00f3rio Kimura <br>\r\nUziel Ferreira Suwa <br>\r\nVanderson de Souza Sampaio <br>\r\nWinnie Castro Amorim e Albuquerque <br>\r\n\t\t\t\t\t\t  <\/div>\r\n\t\t\t\t\t\t<\/div>\r\n\t\t\t\t\t<\/div>\r\n\t\t\t\t\t<!-- Inner panel End -->\r\n\t\t\t\t\t\r\n\t\t\t\t\t\t\t<\/div>\r\n\t\t\t\r\n<script type=\"text\/javascript\">\r\n\t\r\n\t\tfunction do_resize(){\r\n\r\n\t\t\tvar width=jQuery( '.wpsm_panel .wpsm_panel-body iframe' ).width();\r\n\t\t\tvar height=jQuery( '.wpsm_panel .wpsm_panel-body iframe' ).height();\r\n\r\n\t\t\tvar toggleSize = true;\r\n\t\t\tjQuery('iframe').animate({\r\n\t\t\t    width: toggleSize ? width : 640,\r\n\t\t\t    height: toggleSize ? height : 360\r\n\t\t\t  }, 250);\r\n\r\n\t\t\t  toggleSize = !toggleSize;\r\n\t\t}\r\n\t\t\r\n<\/script>\t<\/h2>\n\n\n\n<h2><strong>R<\/strong>esumos<\/h2>\n\n\n\n<p><a href=\"https:\/\/scientia-amazonia.org\/wp-content\/uploads\/2021\/12\/Relato-de-experiencia.pdf\">Relatos de Experi\u00eancias<\/a><\/p>\n\n\n\n<p><a href=\"https:\/\/scientia-amazonia.org\/wp-content\/uploads\/2021\/12\/Revisao-sistematica.pdf\">Revis\u00e3o sistem\u00e1tica<\/a><\/p>\n\n\n\n<p><a href=\"https:\/\/scientia-amazonia.org\/wp-content\/uploads\/2021\/12\/Resultado-de-experiencia.pdf\">Resultado de Pesquisa<\/a><\/p>\n\n\n\n<h2><strong>Realiza\u00e7\u00e3o<\/strong><\/h2>\n\n\n\n<p>Funda\u00e7\u00e3o Centro de Controle de Oncologia do Estado do Amazonas &#8211; FCECON<\/p>\n","protected":false},"excerpt":{"rendered":"<p>Tema central Oncologia de resolutividade: fortalecendo a preven\u00e7\u00e3o e acelerando o diagn\u00f3stico, o tratamento e o acesso aos cuidados paliativos. COMIT\u00ca ORGANIZADOR Presidente do 6\u00ba Congresso Pan-Amaz\u00f4nico de Oncologia K\u00e1tia Luz Torres Silva Vice-Presidente do [&hellip;]<\/p>\n","protected":false},"author":1,"featured_media":0,"parent":1978,"menu_order":0,"comment_status":"closed","ping_status":"closed","template":"","meta":{"_links_to":"","_links_to_target":""},"yoast_head":"<!-- This site is optimized with the Yoast SEO plugin v20.2.1 - https:\/\/yoast.com\/wordpress\/plugins\/seo\/ -->\n<title>6o Congresso Pan-Amaz\u00f4nico de Oncologia - Scientia Amazonia<\/title>\n<meta name=\"robots\" content=\"index, follow, max-snippet:-1, max-image-preview:large, max-video-preview:-1\" \/>\n<link rel=\"canonical\" href=\"https:\/\/scientia-amazonia.org\/index.php\/suplementos\/6o-congresso-pan-amazonico-de-oncologia\/\" \/>\n<meta property=\"og:locale\" content=\"en_US\" \/>\n<meta property=\"og:type\" content=\"article\" \/>\n<meta property=\"og:title\" content=\"6o Congresso Pan-Amaz\u00f4nico de Oncologia - Scientia Amazonia\" \/>\n<meta property=\"og:description\" content=\"Tema central Oncologia de resolutividade: fortalecendo a preven\u00e7\u00e3o e acelerando o diagn\u00f3stico, o tratamento e o acesso aos cuidados paliativos. COMIT\u00ca ORGANIZADOR Presidente do 6\u00ba Congresso Pan-Amaz\u00f4nico de Oncologia K\u00e1tia Luz Torres Silva Vice-Presidente do [&hellip;]\" \/>\n<meta property=\"og:url\" content=\"https:\/\/scientia-amazonia.org\/index.php\/suplementos\/6o-congresso-pan-amazonico-de-oncologia\/\" \/>\n<meta property=\"og:site_name\" content=\"Scientia Amazonia\" \/>\n<meta property=\"article:modified_time\" content=\"2021-12-26T01:38:08+00:00\" \/>\n<meta property=\"og:image\" content=\"https:\/\/scientia-amazonia.org\/wp-content\/uploads\/2021\/12\/oncologia.jpg\" \/>\n<meta name=\"twitter:card\" content=\"summary_large_image\" \/>\n<meta name=\"twitter:label1\" content=\"Est. reading time\" \/>\n\t<meta name=\"twitter:data1\" content=\"1 minute\" \/>\n<script type=\"application\/ld+json\" class=\"yoast-schema-graph\">{\"@context\":\"https:\/\/schema.org\",\"@graph\":[{\"@type\":\"WebPage\",\"@id\":\"https:\/\/scientia-amazonia.org\/index.php\/suplementos\/6o-congresso-pan-amazonico-de-oncologia\/\",\"url\":\"https:\/\/scientia-amazonia.org\/index.php\/suplementos\/6o-congresso-pan-amazonico-de-oncologia\/\",\"name\":\"6o Congresso Pan-Amaz\u00f4nico de Oncologia - Scientia Amazonia\",\"isPartOf\":{\"@id\":\"https:\/\/scientia-amazonia.org\/#website\"},\"datePublished\":\"2021-12-23T21:44:03+00:00\",\"dateModified\":\"2021-12-26T01:38:08+00:00\",\"breadcrumb\":{\"@id\":\"https:\/\/scientia-amazonia.org\/index.php\/suplementos\/6o-congresso-pan-amazonico-de-oncologia\/#breadcrumb\"},\"inLanguage\":\"en-US\",\"potentialAction\":[{\"@type\":\"ReadAction\",\"target\":[\"https:\/\/scientia-amazonia.org\/index.php\/suplementos\/6o-congresso-pan-amazonico-de-oncologia\/\"]}]},{\"@type\":\"BreadcrumbList\",\"@id\":\"https:\/\/scientia-amazonia.org\/index.php\/suplementos\/6o-congresso-pan-amazonico-de-oncologia\/#breadcrumb\",\"itemListElement\":[{\"@type\":\"ListItem\",\"position\":1,\"name\":\"Home\",\"item\":\"https:\/\/scientia-amazonia.org\/\"},{\"@type\":\"ListItem\",\"position\":2,\"name\":\"Suplementos\",\"item\":\"https:\/\/scientia-amazonia.org\/index.php\/suplementos\/\"},{\"@type\":\"ListItem\",\"position\":3,\"name\":\"6o Congresso Pan-Amaz\u00f4nico de Oncologia\"}]},{\"@type\":\"WebSite\",\"@id\":\"https:\/\/scientia-amazonia.org\/#website\",\"url\":\"https:\/\/scientia-amazonia.org\/\",\"name\":\"Scientia Amazonia\",\"description\":\"Revista eletr\u00f4nica\",\"publisher\":{\"@id\":\"https:\/\/scientia-amazonia.org\/#organization\"},\"potentialAction\":[{\"@type\":\"SearchAction\",\"target\":{\"@type\":\"EntryPoint\",\"urlTemplate\":\"https:\/\/scientia-amazonia.org\/?s={search_term_string}\"},\"query-input\":\"required name=search_term_string\"}],\"inLanguage\":\"en-US\"},{\"@type\":\"Organization\",\"@id\":\"https:\/\/scientia-amazonia.org\/#organization\",\"name\":\"Scientia Amazonia\",\"url\":\"https:\/\/scientia-amazonia.org\/\",\"logo\":{\"@type\":\"ImageObject\",\"inLanguage\":\"en-US\",\"@id\":\"https:\/\/scientia-amazonia.org\/#\/schema\/logo\/image\/\",\"url\":\"https:\/\/scientia-amazonia.org\/wp-content\/uploads\/2021\/03\/logoScientia2.png\",\"contentUrl\":\"https:\/\/scientia-amazonia.org\/wp-content\/uploads\/2021\/03\/logoScientia2.png\",\"width\":934,\"height\":100,\"caption\":\"Scientia Amazonia\"},\"image\":{\"@id\":\"https:\/\/scientia-amazonia.org\/#\/schema\/logo\/image\/\"}}]}<\/script>\n<!-- \/ Yoast SEO plugin. -->","yoast_head_json":{"title":"6o Congresso Pan-Amaz\u00f4nico de Oncologia - Scientia Amazonia","robots":{"index":"index","follow":"follow","max-snippet":"max-snippet:-1","max-image-preview":"max-image-preview:large","max-video-preview":"max-video-preview:-1"},"canonical":"https:\/\/scientia-amazonia.org\/index.php\/suplementos\/6o-congresso-pan-amazonico-de-oncologia\/","og_locale":"en_US","og_type":"article","og_title":"6o Congresso Pan-Amaz\u00f4nico de Oncologia - Scientia Amazonia","og_description":"Tema central Oncologia de resolutividade: fortalecendo a preven\u00e7\u00e3o e acelerando o diagn\u00f3stico, o tratamento e o acesso aos cuidados paliativos. COMIT\u00ca ORGANIZADOR Presidente do 6\u00ba Congresso Pan-Amaz\u00f4nico de Oncologia K\u00e1tia Luz Torres Silva Vice-Presidente do [&hellip;]","og_url":"https:\/\/scientia-amazonia.org\/index.php\/suplementos\/6o-congresso-pan-amazonico-de-oncologia\/","og_site_name":"Scientia Amazonia","article_modified_time":"2021-12-26T01:38:08+00:00","og_image":[{"url":"https:\/\/scientia-amazonia.org\/wp-content\/uploads\/2021\/12\/oncologia.jpg"}],"twitter_card":"summary_large_image","twitter_misc":{"Est. reading time":"1 minute"},"schema":{"@context":"https:\/\/schema.org","@graph":[{"@type":"WebPage","@id":"https:\/\/scientia-amazonia.org\/index.php\/suplementos\/6o-congresso-pan-amazonico-de-oncologia\/","url":"https:\/\/scientia-amazonia.org\/index.php\/suplementos\/6o-congresso-pan-amazonico-de-oncologia\/","name":"6o Congresso Pan-Amaz\u00f4nico de Oncologia - Scientia Amazonia","isPartOf":{"@id":"https:\/\/scientia-amazonia.org\/#website"},"datePublished":"2021-12-23T21:44:03+00:00","dateModified":"2021-12-26T01:38:08+00:00","breadcrumb":{"@id":"https:\/\/scientia-amazonia.org\/index.php\/suplementos\/6o-congresso-pan-amazonico-de-oncologia\/#breadcrumb"},"inLanguage":"en-US","potentialAction":[{"@type":"ReadAction","target":["https:\/\/scientia-amazonia.org\/index.php\/suplementos\/6o-congresso-pan-amazonico-de-oncologia\/"]}]},{"@type":"BreadcrumbList","@id":"https:\/\/scientia-amazonia.org\/index.php\/suplementos\/6o-congresso-pan-amazonico-de-oncologia\/#breadcrumb","itemListElement":[{"@type":"ListItem","position":1,"name":"Home","item":"https:\/\/scientia-amazonia.org\/"},{"@type":"ListItem","position":2,"name":"Suplementos","item":"https:\/\/scientia-amazonia.org\/index.php\/suplementos\/"},{"@type":"ListItem","position":3,"name":"6o Congresso Pan-Amaz\u00f4nico de Oncologia"}]},{"@type":"WebSite","@id":"https:\/\/scientia-amazonia.org\/#website","url":"https:\/\/scientia-amazonia.org\/","name":"Scientia Amazonia","description":"Revista eletr\u00f4nica","publisher":{"@id":"https:\/\/scientia-amazonia.org\/#organization"},"potentialAction":[{"@type":"SearchAction","target":{"@type":"EntryPoint","urlTemplate":"https:\/\/scientia-amazonia.org\/?s={search_term_string}"},"query-input":"required name=search_term_string"}],"inLanguage":"en-US"},{"@type":"Organization","@id":"https:\/\/scientia-amazonia.org\/#organization","name":"Scientia Amazonia","url":"https:\/\/scientia-amazonia.org\/","logo":{"@type":"ImageObject","inLanguage":"en-US","@id":"https:\/\/scientia-amazonia.org\/#\/schema\/logo\/image\/","url":"https:\/\/scientia-amazonia.org\/wp-content\/uploads\/2021\/03\/logoScientia2.png","contentUrl":"https:\/\/scientia-amazonia.org\/wp-content\/uploads\/2021\/03\/logoScientia2.png","width":934,"height":100,"caption":"Scientia Amazonia"},"image":{"@id":"https:\/\/scientia-amazonia.org\/#\/schema\/logo\/image\/"}}]}},"_links":{"self":[{"href":"https:\/\/scientia-amazonia.org\/index.php\/wp-json\/wp\/v2\/pages\/1987"}],"collection":[{"href":"https:\/\/scientia-amazonia.org\/index.php\/wp-json\/wp\/v2\/pages"}],"about":[{"href":"https:\/\/scientia-amazonia.org\/index.php\/wp-json\/wp\/v2\/types\/page"}],"author":[{"embeddable":true,"href":"https:\/\/scientia-amazonia.org\/index.php\/wp-json\/wp\/v2\/users\/1"}],"replies":[{"embeddable":true,"href":"https:\/\/scientia-amazonia.org\/index.php\/wp-json\/wp\/v2\/comments?post=1987"}],"version-history":[{"count":11,"href":"https:\/\/scientia-amazonia.org\/index.php\/wp-json\/wp\/v2\/pages\/1987\/revisions"}],"predecessor-version":[{"id":2014,"href":"https:\/\/scientia-amazonia.org\/index.php\/wp-json\/wp\/v2\/pages\/1987\/revisions\/2014"}],"up":[{"embeddable":true,"href":"https:\/\/scientia-amazonia.org\/index.php\/wp-json\/wp\/v2\/pages\/1978"}],"wp:attachment":[{"href":"https:\/\/scientia-amazonia.org\/index.php\/wp-json\/wp\/v2\/media?parent=1987"}],"curies":[{"name":"wp","href":"https:\/\/api.w.org\/{rel}","templated":true}]}}