{"id":2024,"date":"2022-04-11T15:29:27","date_gmt":"2022-04-11T15:29:27","guid":{"rendered":"https:\/\/scientia-amazonia.org\/?page_id=2024"},"modified":"2023-08-22T01:30:08","modified_gmt":"2023-08-22T01:30:08","slug":"volume-1","status":"publish","type":"page","link":"https:\/\/scientia-amazonia.org\/index.php\/2022-2\/volume-1\/","title":{"rendered":"N\u00famero 1"},"content":{"rendered":"\n<p><strong>Biotecnologia<\/strong><\/p>\n\n\n\n<p class=\"has-text-align-center\"><a href=\"https:\/\/scientia-amazonia.org\/wp-content\/uploads\/2022\/09\/v11-n1-B1-B23-2022.pdf\">Use of non-conventional yeasts isolated from Amazonia stingless bees pollen in fermentative processes <\/a>(In portuguese)<\/p>\n\n\n\n<p class=\"has-text-align-center\">Hayssa Carolini Alamar Nunes, Lorena Nacif Mar\u00e7al, Enide Luciana Belmont Montefusco, Carlos Gustavo Nunes da Silva<\/p>\n\n\n\n<p><strong>Ci\u00eancias Ambientais<\/strong><\/p>\n\n\n\n<p class=\"has-text-align-center\"><a href=\"https:\/\/scientia-amazonia.org\/wp-content\/uploads\/2022\/09\/v11-n1-CAm1-CAm6-2022.pdf\">Environmental management in companies \u2013 environmental education actions with employees in the non-metallic minerals sector in Para\u00edba <\/a>(In Porotuguese)<\/p>\n\n\n\n<p class=\"has-text-align-center\">Fernanda Suzane Barbosa Fernandes, Antonio Augusto Pereira de Sousa, Ianna Maria Sodr\u00e9 Ferreira de Sousa, Aldemir Brito Barbosa<\/p>\n\n\n\n<p><strong>Ci\u00eancias Biol\u00f3gicas<\/strong><\/p>\n\n\n\n<p class=\"has-text-align-center\"><a href=\"https:\/\/scientia-amazonia.org\/wp-content\/uploads\/2022\/09\/v11-n1-CB1-CB13-2022.pdf\">Laccases and total peroxidases activities and decoloration of azo and atraquinona industrial dyes by white rot fungi isolated at the UFAM campus<\/a> (In Portuguese)<\/p>\n\n\n\n<p class=\"has-text-align-center\">Marcela Amazonas do Carmo, Aleksander Westphal Muniz, Jos\u00e9 Renato Pereira Cavallazzi<\/p>\n\n\n\n<p class=\"has-text-align-center\"><a href=\"https:\/\/scientia-amazonia.org\/wp-content\/uploads\/2022\/09\/v11-n1-CB14-CB27-2022.pdf\">Amazonian fungi as cellulase producers: a review<\/a> (In English)<\/p>\n\n\n\n<p class=\"has-text-align-center\">Denilso Ibiapino Fontes, Darlisson de Alexandria Santos<\/p>\n\n\n\n<p class=\"has-text-align-center\"><a href=\"https:\/\/scientia-amazonia.org\/wp-content\/uploads\/2022\/09\/v11-n1-CB28-CB47-2022.pdf\">Reproductive cycles and sex hormones in turtles<\/a> (In Portuguese)<\/p>\n\n\n\n<p class=\"has-text-align-center\">Tayanne da Silva Lopes, Wallice Paxi\u00faba Duncan, Paulo C\u00e9sar Machado Andrade<\/p>\n\n\n\n<p><strong>Ci\u00eancias Exatas<\/strong><\/p>\n\n\n\n<p class=\"has-text-align-center\"><a href=\"https:\/\/scientia-amazonia.org\/wp-content\/uploads\/2022\/09\/v11-n1-C1-C17-2022.pdf\">Physical, Chemical and Microbiological Studies on the efficiency of treatments of effluent from beverage industry<\/a> (In Portuguese)<\/p>\n\n\n\n<p class=\"has-text-align-center\">Genilson Pereira Santana, Wamber Broni de Souza, Franklin Monteiro Brasil, Erasmo Sergio Ferreira Pessoa Junior, Mauro C\u00e9lio da Silveira Pio, Paulo Renan Gomes Ferreira<\/p>\n\n\n\n<p class=\"has-text-align-center\"><a href=\"https:\/\/scientia-amazonia.org\/wp-content\/uploads\/2022\/09\/v11-n1-C18-C36-2022.pdf\">Synthesis, Characterization and Relative Cristallinity Estimate da Cristalinidade of Composites of Bentonite and Chitosan Beta<\/a> (In Portuguese)<\/p>\n\n\n\n<p class=\"has-text-align-center\">K\u00e1tia Maria Arruda Vianna dos Santos, Carlos Christiano Lima dos Santos, Francisco Ferreira Dantas Filho, Ilauro de Souza Lima<\/p>\n\n\n\n<p class=\"has-text-align-center\"><a href=\"https:\/\/scientia-amazonia.org\/wp-content\/uploads\/2022\/09\/v11-n1-C37-C51-2022.pdf\">Teaching-Learning Content Chemical Reactions from Low-Cost Experiments<\/a> (In Portuguese)<\/p>\n\n\n\n<p class=\"has-text-align-center\">Jacqueline Pereira Gomes, Gilberl\u00e2ndio Nunes da Silva, Francisco Ferreira Dantas Filho<\/p>\n\n\n\n<p class=\"has-text-align-center\"><a href=\"https:\/\/scientia-amazonia.org\/wp-content\/uploads\/2022\/09\/v11-n1-C52-C65-2022.pdf\">Inorganic Pigment Produced from Galvanic Sludge and Kaolinite<\/a> (In English)<\/p>\n\n\n\n<p class=\"has-text-align-center\">Franklin Monteiro Brasil, Herley de Souza Silva, Genilson Pereira Santana<\/p>\n\n\n\n<p><strong>Ci\u00eancia da Sa\u00fade<\/strong><\/p>\n\n\n\n<p class=\"has-text-align-center\"><a href=\"https:\/\/scientia-amazonia.org\/wp-content\/uploads\/2022\/09\/v11-n1-CS1-CS10-2022.pdf\">A systematic review and meta-analysis protocol Relationship between Physical Fitness and Vitamin D<\/a> (In Portuguese)<\/p>\n\n\n\n<p class=\"has-text-align-center\">Bruno Mori, Jos\u00e9 Fernando Marques Barcellos, Luiz Eduardo Rodrigues Lima, Vin\u00edcius Costa Zaranza, Roseanne Gomes Autran, Erika Barbosa Carmargo, Celsa da Silva Moura Souza<\/p>\n\n\n\n<p class=\"has-text-align-center\"><a href=\"https:\/\/scientia-amazonia.org\/wp-content\/uploads\/2022\/09\/v11-n1-CS11-CS26-2022.pdf\">The experience of medical students in a course in a remote area of Amazona<\/a>s (In portuguese)<\/p>\n\n\n\n<p class=\"has-text-align-center\">Hanna Helen Matos Dourado Streithorst, Jakla Rilari da Silva Corr\u00eaa, Yanka da Silva Okamoto, Dhandara Sasha Viana Amorim, Luciano Bernardo Soares Matos, Maria Helena Ribeiro De Checchi<\/p>\n\n\n\n<p class=\"has-text-align-center\"><a href=\"https:\/\/scientia-amazonia.org\/wp-content\/uploads\/2022\/09\/v11-n1-CS27-CS33-2022.pdf\">Antimicrobial evaluation of Taioba methanol extract (Xanthosoma sagittifolium Shott.)<\/a> (In Portuguese)<\/p>\n\n\n\n<p class=\"has-text-align-center\">Bruna Silva da Rocha, Janaina da Costa Nogueira, Adriana Dantas Gonzaga de Freitas<\/p>\n\n\n\n<p class=\"has-text-align-center\"><a href=\"https:\/\/scientia-amazonia.org\/wp-content\/uploads\/2022\/09\/v11-n1-CS34-CS43-2022.pdf\">Educational technologies in primary care during covid-19: managers&#8217; perceptions<\/a> (In Portuguese)<\/p>\n\n\n\n<p class=\"has-text-align-center\">Tatiana Ara\u00fajo da Silva, Johrdy Amilton da Costa Braga, Ellem Nara Tananta Dantas, Giovanna \u00c0guila da Costa, Lunna Nascimento Barroso, Elisa Brosina de Leon, H\u00e9rcules L\u00e1zaro Morais Campos<\/p>\n\n\n\n<p class=\"has-text-align-center\"><a href=\"https:\/\/scientia-amazonia.org\/wp-content\/uploads\/2022\/09\/v11-n1-CS44-CS56-2022.pdf\">Evaluation of health service waste management at the regional hospital of the municipality of Itacoatiara (AM)<\/a> (In Portuguese)<\/p>\n\n\n\n<p class=\"has-text-align-center\">Gabriel dos Anjos Guimar\u00e3es, Yana Gomes Inhuma, Samara Motter Detoni da Silva, Ricardo Takashi Kuwano, Mariana Medeiros Batista<\/p>\n\n\n\n<p class=\"has-text-align-center\"><a href=\"https:\/\/scientia-amazonia.org\/wp-content\/uploads\/2022\/09\/v11-n1-CS57-CS67-2022.pdf\">Epidemiological profile of food poisoning between 2011 and 2020 in Santar\u00e9m, West Par\u00e1, Brazi<\/a>l (In Portuguese)<\/p>\n\n\n\n<p class=\"has-text-align-center\">Cleberson Eduardo Santos de Oliveira, F\u00e1bio Jos\u00e9 Oliveira de Sousa, Marcos Diones Ferreira Santana, Eveleise Samira Martins Canto<\/p>\n\n\n\n<p class=\"has-text-align-center\"><a href=\"https:\/\/scientia-amazonia.org\/wp-content\/uploads\/2022\/09\/v11-n1-CS68-CS79-2022.pdf\">Foodstuffs specifications in the public call of the national school feeding program for the service of indigenous peoples and traditional communities in amazonas, Brazil <\/a>(In Portuguese)<\/p>\n\n\n\n<p class=\"has-text-align-center\">Augusto Teixeira da Silva Junior, Rosa Elvira Alarc\u00f3n Yemp\u00e9n, Jussara Muniz Atan\u00e1sio de Oliveira, Iago Alfaia de Souza, Sebasti\u00e3o Elias Moraes, Tha\u00eds Rodrigues Nogueira, Andr\u00e9 Bento Chaves Santana<\/p>\n\n\n\n<p class=\"has-text-align-center\"><a href=\"https:\/\/scientia-amazonia.org\/wp-content\/uploads\/2023\/08\/v11-n1-CS80-cs91-2022-1.pdf\">Development of a multifunctional organic facial concealer for the adjuvant treatment of acne<\/a> (In Portuguese)<\/p>\n\n\n\n<p class=\"has-text-align-center\">Henrique Gomes Martins, Aryane Maia de Castro, Felipe Mota Tashiro, Fernanda Guilhon-Simplicio<\/p>\n\n\n\n<p class=\"has-text-align-center\"><a href=\"https:\/\/scientia-amazonia.org\/wp-content\/uploads\/2022\/09\/v11-n1-CS92-CS108-2022.pdf\">Antiacne gel producing with fruits from the Amazon<\/a> (In Portuguese)<\/p>\n\n\n\n<p class=\"has-text-align-center\">Aryane Maia de Castro, Marcia de Jesus Amazonas da Silva, Emerson Silva Lima, Fernanda Guilhon-Simplicio<\/p>\n\n\n\n<p class=\"has-text-align-center\"><a href=\"https:\/\/scientia-amazonia.org\/wp-content\/uploads\/2022\/09\/v11-n1-CS109-CS118-2022.pdf\">Amazonian peppers as new ingredients against male androgen alopecia<\/a> (In Portuguese)<\/p>\n\n\n\n<p class=\"has-text-align-center\">Douglas Emanuel Mota de Souza, N\u00e1dia Cristina Falc\u00e3o B\u00fccker, M\u00e1rcia de Jesus Amazonas da Silva, Emerson Silva Lima, Fernanda Guilhon-Simplicio<\/p>\n\n\n\n<p><strong>Engenharias<\/strong><\/p>\n\n\n\n<p class=\"has-text-align-center\"><a href=\"https:\/\/scientia-amazonia.org\/wp-content\/uploads\/2022\/09\/v11-n1-E1-E14-2022.pdf\">Sans\u00e3o: A Low Cost Exoskeleton for Use in Cargo Transport<\/a> (In portuguese)<\/p>\n\n\n\n<p class=\"has-text-align-center\">Jorge Luiz Almeida dos Santos, Vandermi Jo\u00e3o da Silva<\/p>\n","protected":false},"excerpt":{"rendered":"<p>Biotecnologia Use of non-conventional yeasts isolated from Amazonia stingless bees pollen in fermentative processes (In portuguese) Hayssa Carolini Alamar Nunes, Lorena Nacif Mar\u00e7al, Enide Luciana Belmont Montefusco, Carlos Gustavo Nunes da Silva Ci\u00eancias Ambientais Environmental [&hellip;]<\/p>\n","protected":false},"author":1,"featured_media":0,"parent":2015,"menu_order":0,"comment_status":"closed","ping_status":"closed","template":"","meta":{"_links_to":"","_links_to_target":""},"yoast_head":"<!-- This site is optimized with the Yoast SEO plugin v20.2.1 - https:\/\/yoast.com\/wordpress\/plugins\/seo\/ -->\n<title>N\u00famero 1 - Scientia Amazonia<\/title>\n<meta name=\"robots\" content=\"index, follow, max-snippet:-1, max-image-preview:large, max-video-preview:-1\" \/>\n<link rel=\"canonical\" href=\"https:\/\/scientia-amazonia.org\/index.php\/2022-2\/volume-1\/\" \/>\n<meta property=\"og:locale\" content=\"en_US\" \/>\n<meta property=\"og:type\" content=\"article\" \/>\n<meta property=\"og:title\" content=\"N\u00famero 1 - Scientia Amazonia\" \/>\n<meta property=\"og:description\" content=\"Biotecnologia Use of non-conventional yeasts isolated from Amazonia stingless bees pollen in fermentative processes (In portuguese) Hayssa Carolini Alamar Nunes, Lorena Nacif Mar\u00e7al, Enide Luciana Belmont Montefusco, Carlos Gustavo Nunes da Silva Ci\u00eancias Ambientais Environmental [&hellip;]\" \/>\n<meta property=\"og:url\" content=\"https:\/\/scientia-amazonia.org\/index.php\/2022-2\/volume-1\/\" \/>\n<meta property=\"og:site_name\" content=\"Scientia Amazonia\" \/>\n<meta property=\"article:modified_time\" content=\"2023-08-22T01:30:08+00:00\" \/>\n<meta name=\"twitter:card\" content=\"summary_large_image\" \/>\n<meta name=\"twitter:label1\" content=\"Est. reading time\" \/>\n\t<meta name=\"twitter:data1\" content=\"3 minutes\" \/>\n<script type=\"application\/ld+json\" class=\"yoast-schema-graph\">{\"@context\":\"https:\/\/schema.org\",\"@graph\":[{\"@type\":\"WebPage\",\"@id\":\"https:\/\/scientia-amazonia.org\/index.php\/2022-2\/volume-1\/\",\"url\":\"https:\/\/scientia-amazonia.org\/index.php\/2022-2\/volume-1\/\",\"name\":\"N\u00famero 1 - Scientia Amazonia\",\"isPartOf\":{\"@id\":\"https:\/\/scientia-amazonia.org\/#website\"},\"datePublished\":\"2022-04-11T15:29:27+00:00\",\"dateModified\":\"2023-08-22T01:30:08+00:00\",\"breadcrumb\":{\"@id\":\"https:\/\/scientia-amazonia.org\/index.php\/2022-2\/volume-1\/#breadcrumb\"},\"inLanguage\":\"en-US\",\"potentialAction\":[{\"@type\":\"ReadAction\",\"target\":[\"https:\/\/scientia-amazonia.org\/index.php\/2022-2\/volume-1\/\"]}]},{\"@type\":\"BreadcrumbList\",\"@id\":\"https:\/\/scientia-amazonia.org\/index.php\/2022-2\/volume-1\/#breadcrumb\",\"itemListElement\":[{\"@type\":\"ListItem\",\"position\":1,\"name\":\"Home\",\"item\":\"https:\/\/scientia-amazonia.org\/\"},{\"@type\":\"ListItem\",\"position\":2,\"name\":\"2022\",\"item\":\"https:\/\/scientia-amazonia.org\/index.php\/2022-2\/\"},{\"@type\":\"ListItem\",\"position\":3,\"name\":\"N\u00famero 1\"}]},{\"@type\":\"WebSite\",\"@id\":\"https:\/\/scientia-amazonia.org\/#website\",\"url\":\"https:\/\/scientia-amazonia.org\/\",\"name\":\"Scientia Amazonia\",\"description\":\"Revista eletr\u00f4nica\",\"publisher\":{\"@id\":\"https:\/\/scientia-amazonia.org\/#organization\"},\"potentialAction\":[{\"@type\":\"SearchAction\",\"target\":{\"@type\":\"EntryPoint\",\"urlTemplate\":\"https:\/\/scientia-amazonia.org\/?s={search_term_string}\"},\"query-input\":\"required name=search_term_string\"}],\"inLanguage\":\"en-US\"},{\"@type\":\"Organization\",\"@id\":\"https:\/\/scientia-amazonia.org\/#organization\",\"name\":\"Scientia Amazonia\",\"url\":\"https:\/\/scientia-amazonia.org\/\",\"logo\":{\"@type\":\"ImageObject\",\"inLanguage\":\"en-US\",\"@id\":\"https:\/\/scientia-amazonia.org\/#\/schema\/logo\/image\/\",\"url\":\"https:\/\/scientia-amazonia.org\/wp-content\/uploads\/2021\/03\/logoScientia2.png\",\"contentUrl\":\"https:\/\/scientia-amazonia.org\/wp-content\/uploads\/2021\/03\/logoScientia2.png\",\"width\":934,\"height\":100,\"caption\":\"Scientia Amazonia\"},\"image\":{\"@id\":\"https:\/\/scientia-amazonia.org\/#\/schema\/logo\/image\/\"}}]}<\/script>\n<!-- \/ Yoast SEO plugin. -->","yoast_head_json":{"title":"N\u00famero 1 - Scientia Amazonia","robots":{"index":"index","follow":"follow","max-snippet":"max-snippet:-1","max-image-preview":"max-image-preview:large","max-video-preview":"max-video-preview:-1"},"canonical":"https:\/\/scientia-amazonia.org\/index.php\/2022-2\/volume-1\/","og_locale":"en_US","og_type":"article","og_title":"N\u00famero 1 - Scientia Amazonia","og_description":"Biotecnologia Use of non-conventional yeasts isolated from Amazonia stingless bees pollen in fermentative processes (In portuguese) Hayssa Carolini Alamar Nunes, Lorena Nacif Mar\u00e7al, Enide Luciana Belmont Montefusco, Carlos Gustavo Nunes da Silva Ci\u00eancias Ambientais Environmental [&hellip;]","og_url":"https:\/\/scientia-amazonia.org\/index.php\/2022-2\/volume-1\/","og_site_name":"Scientia Amazonia","article_modified_time":"2023-08-22T01:30:08+00:00","twitter_card":"summary_large_image","twitter_misc":{"Est. reading time":"3 minutes"},"schema":{"@context":"https:\/\/schema.org","@graph":[{"@type":"WebPage","@id":"https:\/\/scientia-amazonia.org\/index.php\/2022-2\/volume-1\/","url":"https:\/\/scientia-amazonia.org\/index.php\/2022-2\/volume-1\/","name":"N\u00famero 1 - Scientia Amazonia","isPartOf":{"@id":"https:\/\/scientia-amazonia.org\/#website"},"datePublished":"2022-04-11T15:29:27+00:00","dateModified":"2023-08-22T01:30:08+00:00","breadcrumb":{"@id":"https:\/\/scientia-amazonia.org\/index.php\/2022-2\/volume-1\/#breadcrumb"},"inLanguage":"en-US","potentialAction":[{"@type":"ReadAction","target":["https:\/\/scientia-amazonia.org\/index.php\/2022-2\/volume-1\/"]}]},{"@type":"BreadcrumbList","@id":"https:\/\/scientia-amazonia.org\/index.php\/2022-2\/volume-1\/#breadcrumb","itemListElement":[{"@type":"ListItem","position":1,"name":"Home","item":"https:\/\/scientia-amazonia.org\/"},{"@type":"ListItem","position":2,"name":"2022","item":"https:\/\/scientia-amazonia.org\/index.php\/2022-2\/"},{"@type":"ListItem","position":3,"name":"N\u00famero 1"}]},{"@type":"WebSite","@id":"https:\/\/scientia-amazonia.org\/#website","url":"https:\/\/scientia-amazonia.org\/","name":"Scientia Amazonia","description":"Revista eletr\u00f4nica","publisher":{"@id":"https:\/\/scientia-amazonia.org\/#organization"},"potentialAction":[{"@type":"SearchAction","target":{"@type":"EntryPoint","urlTemplate":"https:\/\/scientia-amazonia.org\/?s={search_term_string}"},"query-input":"required name=search_term_string"}],"inLanguage":"en-US"},{"@type":"Organization","@id":"https:\/\/scientia-amazonia.org\/#organization","name":"Scientia Amazonia","url":"https:\/\/scientia-amazonia.org\/","logo":{"@type":"ImageObject","inLanguage":"en-US","@id":"https:\/\/scientia-amazonia.org\/#\/schema\/logo\/image\/","url":"https:\/\/scientia-amazonia.org\/wp-content\/uploads\/2021\/03\/logoScientia2.png","contentUrl":"https:\/\/scientia-amazonia.org\/wp-content\/uploads\/2021\/03\/logoScientia2.png","width":934,"height":100,"caption":"Scientia Amazonia"},"image":{"@id":"https:\/\/scientia-amazonia.org\/#\/schema\/logo\/image\/"}}]}},"_links":{"self":[{"href":"https:\/\/scientia-amazonia.org\/index.php\/wp-json\/wp\/v2\/pages\/2024"}],"collection":[{"href":"https:\/\/scientia-amazonia.org\/index.php\/wp-json\/wp\/v2\/pages"}],"about":[{"href":"https:\/\/scientia-amazonia.org\/index.php\/wp-json\/wp\/v2\/types\/page"}],"author":[{"embeddable":true,"href":"https:\/\/scientia-amazonia.org\/index.php\/wp-json\/wp\/v2\/users\/1"}],"replies":[{"embeddable":true,"href":"https:\/\/scientia-amazonia.org\/index.php\/wp-json\/wp\/v2\/comments?post=2024"}],"version-history":[{"count":52,"href":"https:\/\/scientia-amazonia.org\/index.php\/wp-json\/wp\/v2\/pages\/2024\/revisions"}],"predecessor-version":[{"id":2334,"href":"https:\/\/scientia-amazonia.org\/index.php\/wp-json\/wp\/v2\/pages\/2024\/revisions\/2334"}],"up":[{"embeddable":true,"href":"https:\/\/scientia-amazonia.org\/index.php\/wp-json\/wp\/v2\/pages\/2015"}],"wp:attachment":[{"href":"https:\/\/scientia-amazonia.org\/index.php\/wp-json\/wp\/v2\/media?parent=2024"}],"curies":[{"name":"wp","href":"https:\/\/api.w.org\/{rel}","templated":true}]}}