{"id":2111,"date":"2022-08-31T14:57:31","date_gmt":"2022-08-31T14:57:31","guid":{"rendered":"https:\/\/scientia-amazonia.org\/?page_id=2111"},"modified":"2022-09-23T13:33:53","modified_gmt":"2022-09-23T13:33:53","slug":"numero-2","status":"publish","type":"page","link":"https:\/\/scientia-amazonia.org\/index.php\/2022-2\/numero-2\/","title":{"rendered":"N\u00famero 2"},"content":{"rendered":"\n<p><strong>Biotecnologia<\/strong><\/p>\n\n\n\n<p class=\"has-text-align-center\"><a href=\"https:\/\/scientia-amazonia.org\/wp-content\/uploads\/2022\/09\/v11-n2-B1-B11-2022.pdf\">Preparation and acceptance of gluten-free noodles with cupua\u00e7u peel flour (theobroma grandiflorum)<\/a> (In Portuguese)<\/p>\n\n\n\n<p class=\"has-text-align-center\">Keila Arruda da Silva, Caroline Machado da Costa, Ivone Lima Santos, Klenicy Kazumy de Lima Yamaguchi<\/p>\n\n\n\n<p><strong>Ci\u00eancias Biol\u00f3gicas<\/strong><\/p>\n\n\n\n<p class=\"has-text-align-center\"><a href=\"https:\/\/scientia-amazonia.org\/wp-content\/uploads\/2022\/09\/v11-n2-CB1-CB12-2022.pdf\">Literature review of the diversity of frugivorous butterflies (Nymphalidae) in protected areas in the Brazilian Amazon region <\/a>(In Portuguese)<\/p>\n\n\n\n<p>Eryca Pereira Lima, G\u00e9ssica de Oliveira Pereira, Let\u00edcia Gon\u00e7alves Albuquerque, Mariana Maciel Garcia<\/p>\n\n\n\n<p><strong>Ci\u00eancias Exatas<\/strong><\/p>\n\n\n\n<p class=\"has-text-align-center\"><a href=\"https:\/\/scientia-amazonia.org\/wp-content\/uploads\/2022\/09\/v-11-n2-C1-C11-2022.pdf\">DFT method in ALA, DHA and EPA molecules in Raman vibrational analysis of ostrich oil from the Amazon <\/a>(In English)<\/p>\n\n\n\n<p class=\"has-text-align-center\">Asaf Ribas, Roberta Cristina Lima, Quesle da Silva Martins<\/p>\n\n\n\n<p class=\"has-text-align-center\"><a href=\"https:\/\/scientia-amazonia.org\/wp-content\/uploads\/2022\/09\/v11-n2-C12-C20-2022.pdf\">Physical-chemical analysis of UHT milk samples commercialized&nbsp;in the municipality of Ub\u00e1 \u2013 MG<\/a> (In Portuguese)<\/p>\n\n\n\n<p class=\"has-text-align-center\">Lidervan de Paula Melo, Eduardo Rodrigues Ferreira<\/p>\n\n\n\n<p class=\"has-text-align-center\"><strong><a href=\"https:\/\/scientia-amazonia.org\/wp-content\/uploads\/2022\/09\/v11-n2-C21-C35-2022.pdf\">Partial replacement of sand by glass powder in concrete<\/a><\/strong> (In Portuguese)<\/p>\n\n\n\n<p class=\"has-text-align-center\">Pedro Felix Liotto, Laerte Melo Barros, Franklin Monteiro Brasil, Genilson Pereira Santana<\/p>\n\n\n\n<p class=\"has-text-align-left\"><strong>Ci\u00eancias da Sa\u00fade<\/strong><\/p>\n\n\n\n<p class=\"has-text-align-center\"><a href=\"https:\/\/scientia-amazonia.org\/wp-content\/uploads\/2022\/09\/v11-n2-CS1-CS11-2022.pdf\">Mortality of patients with COVID-19 admitted to the Intensive Care Units in Brazil: a retrospective cohort study<\/a> (In Portuguese)<\/p>\n\n\n\n<p class=\"has-text-align-center\">Andr\u00e9 Bento Chaves Santana, Aline Bedin Zanatta, Cristiane Pereira de Castro, Lu\u00eds Paulo Souza e Souza, Grace Pfaffenbach<\/p>\n\n\n\n<p class=\"has-text-align-center\"><a href=\"https:\/\/scientia-amazonia.org\/wp-content\/uploads\/2022\/09\/v11-n2-CS12-CS19-2022.pdf\">Profile of patients with diabetes and head and neck malignant neoplasm treated at an Oncology Reference Center in Amazonas<\/a> (In Portuguese)<\/p>\n\n\n\n<p class=\"has-text-align-center\">Bruna Soares Torres, Jos\u00e9 Lucas Flores Cid Souto, Ana Luiza Pinto Freire, Jo\u00e3o Carlos Borborema Alfaia, Joaquim da Cunha Lima Netto, Beatriz Meirelles Domingues Couto, Marco Ant\u00f4nio Cruz Rocha, Maria Carolina Coutinho Xavier, Lia Mizobe Ono<\/p>\n\n\n\n<p class=\"has-text-align-center\"><a href=\"https:\/\/scientia-amazonia.org\/wp-content\/uploads\/2022\/09\/v11-n2-CS20-CS47-2022.pdf\">Prevalence of Aflatoxins in milk in Mercosur countries through studies published since 2010: a Systematic Review<\/a> (In portuguese)<\/p>\n\n\n\n<p class=\"has-text-align-center\">Ra\u00edssa Ribeiro Monte, Neila Soares Pican\u00e7o, Ariane Mendon\u00e7a Kluczkovski, Silv\u00e2nia da Concei\u00e7\u00e3o Furtado, Cleiton Mota Souza, Ana Cyra dos Santos Lucas<\/p>\n\n\n\n<p class=\"has-text-align-center\"><a href=\"https:\/\/scientia-amazonia.org\/wp-content\/uploads\/2022\/09\/v11-n2-CS48-CS58-2022-1.pdf\">Family health strategy, contributions and challenges facing post-stroke patient care: an integrative review Objective<\/a> (In portuguese)<\/p>\n\n\n\n<p class=\"has-text-align-center\">Amanda Cristina da Silva Souza, Bruno Pinho Mineiro Gon\u00e7alves, Henrique Costa Ferreira, Ana Luiza Coelho Proc\u00f3pio, Carla Fabiana Tenan, Maria Helena Ribeiro De Checchi<\/p>\n\n\n\n<p><strong>Engenharias<\/strong><\/p>\n\n\n\n<p class=\"has-text-align-center\"><a href=\"https:\/\/scientia-amazonia.org\/wp-content\/uploads\/2022\/09\/v11-n2-E1-E19-2022.pdf\">Thermal Performance of Bus Stops in Microclimate from the Manaus City <\/a>(In Portuguese)<\/p>\n\n\n\n<p class=\"has-text-align-center\">Samuel Ant\u00e3o Ferreira do Nascimento, Sarah \u00c9mille Rebou\u00e7as Valc\u00e1cio, Aline Nascimento de Ara\u00fajo, Raimundo Pereira de Vasconcelos, Viviane Siqueira Magalh\u00e3es Rebelo, Matheus de Oliveira Dutra<\/p>\n\n\n\n<p class=\"has-text-align-center\"><a href=\"https:\/\/orcid.org\/0000-0002-1315-2164\"><\/a><\/p>\n","protected":false},"excerpt":{"rendered":"<p>Biotecnologia Preparation and acceptance of gluten-free noodles with cupua\u00e7u peel flour (theobroma grandiflorum) (In Portuguese) Keila Arruda da Silva, Caroline Machado da Costa, Ivone Lima Santos, Klenicy Kazumy de Lima Yamaguchi Ci\u00eancias Biol\u00f3gicas Literature review [&hellip;]<\/p>\n","protected":false},"author":1,"featured_media":0,"parent":2015,"menu_order":0,"comment_status":"closed","ping_status":"closed","template":"","meta":{"_links_to":"","_links_to_target":""},"yoast_head":"<!-- This site is optimized with the Yoast SEO plugin v20.2.1 - https:\/\/yoast.com\/wordpress\/plugins\/seo\/ -->\n<title>N\u00famero 2 - Scientia Amazonia<\/title>\n<meta name=\"robots\" content=\"index, follow, max-snippet:-1, max-image-preview:large, max-video-preview:-1\" \/>\n<link rel=\"canonical\" href=\"https:\/\/scientia-amazonia.org\/index.php\/2022-2\/numero-2\/\" \/>\n<meta property=\"og:locale\" content=\"en_US\" \/>\n<meta property=\"og:type\" content=\"article\" \/>\n<meta property=\"og:title\" content=\"N\u00famero 2 - Scientia Amazonia\" \/>\n<meta property=\"og:description\" content=\"Biotecnologia Preparation and acceptance of gluten-free noodles with cupua\u00e7u peel flour (theobroma grandiflorum) (In Portuguese) Keila Arruda da Silva, Caroline Machado da Costa, Ivone Lima Santos, Klenicy Kazumy de Lima Yamaguchi Ci\u00eancias Biol\u00f3gicas Literature review [&hellip;]\" \/>\n<meta property=\"og:url\" content=\"https:\/\/scientia-amazonia.org\/index.php\/2022-2\/numero-2\/\" \/>\n<meta property=\"og:site_name\" content=\"Scientia Amazonia\" \/>\n<meta property=\"article:modified_time\" content=\"2022-09-23T13:33:53+00:00\" \/>\n<meta name=\"twitter:card\" content=\"summary_large_image\" \/>\n<meta name=\"twitter:label1\" content=\"Est. reading time\" \/>\n\t<meta name=\"twitter:data1\" content=\"2 minutes\" \/>\n<script type=\"application\/ld+json\" class=\"yoast-schema-graph\">{\"@context\":\"https:\/\/schema.org\",\"@graph\":[{\"@type\":\"WebPage\",\"@id\":\"https:\/\/scientia-amazonia.org\/index.php\/2022-2\/numero-2\/\",\"url\":\"https:\/\/scientia-amazonia.org\/index.php\/2022-2\/numero-2\/\",\"name\":\"N\u00famero 2 - Scientia Amazonia\",\"isPartOf\":{\"@id\":\"https:\/\/scientia-amazonia.org\/#website\"},\"datePublished\":\"2022-08-31T14:57:31+00:00\",\"dateModified\":\"2022-09-23T13:33:53+00:00\",\"breadcrumb\":{\"@id\":\"https:\/\/scientia-amazonia.org\/index.php\/2022-2\/numero-2\/#breadcrumb\"},\"inLanguage\":\"en-US\",\"potentialAction\":[{\"@type\":\"ReadAction\",\"target\":[\"https:\/\/scientia-amazonia.org\/index.php\/2022-2\/numero-2\/\"]}]},{\"@type\":\"BreadcrumbList\",\"@id\":\"https:\/\/scientia-amazonia.org\/index.php\/2022-2\/numero-2\/#breadcrumb\",\"itemListElement\":[{\"@type\":\"ListItem\",\"position\":1,\"name\":\"Home\",\"item\":\"https:\/\/scientia-amazonia.org\/\"},{\"@type\":\"ListItem\",\"position\":2,\"name\":\"2022\",\"item\":\"https:\/\/scientia-amazonia.org\/index.php\/2022-2\/\"},{\"@type\":\"ListItem\",\"position\":3,\"name\":\"N\u00famero 2\"}]},{\"@type\":\"WebSite\",\"@id\":\"https:\/\/scientia-amazonia.org\/#website\",\"url\":\"https:\/\/scientia-amazonia.org\/\",\"name\":\"Scientia Amazonia\",\"description\":\"Revista eletr\u00f4nica\",\"publisher\":{\"@id\":\"https:\/\/scientia-amazonia.org\/#organization\"},\"potentialAction\":[{\"@type\":\"SearchAction\",\"target\":{\"@type\":\"EntryPoint\",\"urlTemplate\":\"https:\/\/scientia-amazonia.org\/?s={search_term_string}\"},\"query-input\":\"required name=search_term_string\"}],\"inLanguage\":\"en-US\"},{\"@type\":\"Organization\",\"@id\":\"https:\/\/scientia-amazonia.org\/#organization\",\"name\":\"Scientia Amazonia\",\"url\":\"https:\/\/scientia-amazonia.org\/\",\"logo\":{\"@type\":\"ImageObject\",\"inLanguage\":\"en-US\",\"@id\":\"https:\/\/scientia-amazonia.org\/#\/schema\/logo\/image\/\",\"url\":\"https:\/\/scientia-amazonia.org\/wp-content\/uploads\/2021\/03\/logoScientia2.png\",\"contentUrl\":\"https:\/\/scientia-amazonia.org\/wp-content\/uploads\/2021\/03\/logoScientia2.png\",\"width\":934,\"height\":100,\"caption\":\"Scientia Amazonia\"},\"image\":{\"@id\":\"https:\/\/scientia-amazonia.org\/#\/schema\/logo\/image\/\"}}]}<\/script>\n<!-- \/ Yoast SEO plugin. -->","yoast_head_json":{"title":"N\u00famero 2 - Scientia Amazonia","robots":{"index":"index","follow":"follow","max-snippet":"max-snippet:-1","max-image-preview":"max-image-preview:large","max-video-preview":"max-video-preview:-1"},"canonical":"https:\/\/scientia-amazonia.org\/index.php\/2022-2\/numero-2\/","og_locale":"en_US","og_type":"article","og_title":"N\u00famero 2 - Scientia Amazonia","og_description":"Biotecnologia Preparation and acceptance of gluten-free noodles with cupua\u00e7u peel flour (theobroma grandiflorum) (In Portuguese) Keila Arruda da Silva, Caroline Machado da Costa, Ivone Lima Santos, Klenicy Kazumy de Lima Yamaguchi Ci\u00eancias Biol\u00f3gicas Literature review [&hellip;]","og_url":"https:\/\/scientia-amazonia.org\/index.php\/2022-2\/numero-2\/","og_site_name":"Scientia Amazonia","article_modified_time":"2022-09-23T13:33:53+00:00","twitter_card":"summary_large_image","twitter_misc":{"Est. reading time":"2 minutes"},"schema":{"@context":"https:\/\/schema.org","@graph":[{"@type":"WebPage","@id":"https:\/\/scientia-amazonia.org\/index.php\/2022-2\/numero-2\/","url":"https:\/\/scientia-amazonia.org\/index.php\/2022-2\/numero-2\/","name":"N\u00famero 2 - Scientia Amazonia","isPartOf":{"@id":"https:\/\/scientia-amazonia.org\/#website"},"datePublished":"2022-08-31T14:57:31+00:00","dateModified":"2022-09-23T13:33:53+00:00","breadcrumb":{"@id":"https:\/\/scientia-amazonia.org\/index.php\/2022-2\/numero-2\/#breadcrumb"},"inLanguage":"en-US","potentialAction":[{"@type":"ReadAction","target":["https:\/\/scientia-amazonia.org\/index.php\/2022-2\/numero-2\/"]}]},{"@type":"BreadcrumbList","@id":"https:\/\/scientia-amazonia.org\/index.php\/2022-2\/numero-2\/#breadcrumb","itemListElement":[{"@type":"ListItem","position":1,"name":"Home","item":"https:\/\/scientia-amazonia.org\/"},{"@type":"ListItem","position":2,"name":"2022","item":"https:\/\/scientia-amazonia.org\/index.php\/2022-2\/"},{"@type":"ListItem","position":3,"name":"N\u00famero 2"}]},{"@type":"WebSite","@id":"https:\/\/scientia-amazonia.org\/#website","url":"https:\/\/scientia-amazonia.org\/","name":"Scientia Amazonia","description":"Revista eletr\u00f4nica","publisher":{"@id":"https:\/\/scientia-amazonia.org\/#organization"},"potentialAction":[{"@type":"SearchAction","target":{"@type":"EntryPoint","urlTemplate":"https:\/\/scientia-amazonia.org\/?s={search_term_string}"},"query-input":"required name=search_term_string"}],"inLanguage":"en-US"},{"@type":"Organization","@id":"https:\/\/scientia-amazonia.org\/#organization","name":"Scientia Amazonia","url":"https:\/\/scientia-amazonia.org\/","logo":{"@type":"ImageObject","inLanguage":"en-US","@id":"https:\/\/scientia-amazonia.org\/#\/schema\/logo\/image\/","url":"https:\/\/scientia-amazonia.org\/wp-content\/uploads\/2021\/03\/logoScientia2.png","contentUrl":"https:\/\/scientia-amazonia.org\/wp-content\/uploads\/2021\/03\/logoScientia2.png","width":934,"height":100,"caption":"Scientia Amazonia"},"image":{"@id":"https:\/\/scientia-amazonia.org\/#\/schema\/logo\/image\/"}}]}},"_links":{"self":[{"href":"https:\/\/scientia-amazonia.org\/index.php\/wp-json\/wp\/v2\/pages\/2111"}],"collection":[{"href":"https:\/\/scientia-amazonia.org\/index.php\/wp-json\/wp\/v2\/pages"}],"about":[{"href":"https:\/\/scientia-amazonia.org\/index.php\/wp-json\/wp\/v2\/types\/page"}],"author":[{"embeddable":true,"href":"https:\/\/scientia-amazonia.org\/index.php\/wp-json\/wp\/v2\/users\/1"}],"replies":[{"embeddable":true,"href":"https:\/\/scientia-amazonia.org\/index.php\/wp-json\/wp\/v2\/comments?post=2111"}],"version-history":[{"count":13,"href":"https:\/\/scientia-amazonia.org\/index.php\/wp-json\/wp\/v2\/pages\/2111\/revisions"}],"predecessor-version":[{"id":2160,"href":"https:\/\/scientia-amazonia.org\/index.php\/wp-json\/wp\/v2\/pages\/2111\/revisions\/2160"}],"up":[{"embeddable":true,"href":"https:\/\/scientia-amazonia.org\/index.php\/wp-json\/wp\/v2\/pages\/2015"}],"wp:attachment":[{"href":"https:\/\/scientia-amazonia.org\/index.php\/wp-json\/wp\/v2\/media?parent=2111"}],"curies":[{"name":"wp","href":"https:\/\/api.w.org\/{rel}","templated":true}]}}