{"id":2216,"date":"2023-01-05T22:42:39","date_gmt":"2023-01-05T22:42:39","guid":{"rendered":"https:\/\/scientia-amazonia.org\/?page_id=2216"},"modified":"2023-01-11T19:23:12","modified_gmt":"2023-01-11T19:23:12","slug":"numero-3","status":"publish","type":"page","link":"https:\/\/scientia-amazonia.org\/index.php\/2022-2\/numero-3\/","title":{"rendered":"N\u00famero 3"},"content":{"rendered":"\n<p><strong>Biotecnologia<\/strong><\/p>\n\n\n\n<p class=\"has-text-align-center\"><a href=\"https:\/\/scientia-amazonia.org\/wp-content\/uploads\/2023\/01\/v11-n3-B1-B14-2022.pdf\">Aplicabilidade e vantagens do uso de biocomp\u00f3sito de polipropileno refor\u00e7ado com fibras de juta da Amaz\u00f4nia<\/a> &#8211; Doi: <a href=\"https:\/\/doi.org\/10.5281\/zenodo.7504677\" target=\"_blank\" rel=\"noreferrer noopener\">10.5281\/zenodo.7504677<\/a><\/p>\n\n\n\n<p class=\"has-text-align-center\">Davi Nogueira da Silva, Rog\u00e9rio Eiji Hanada, Manuel Henrique Reis Nascimento, Adalena Kennedy Vieira<\/p>\n\n\n\n<p class=\"has-text-align-center\"><a href=\"https:\/\/scientia-amazonia.org\/wp-content\/uploads\/2023\/01\/v11-n3-B15-B31-2022.pdf\">Subprodutos aliment\u00edcios desenvolvidos a partir dos produtos da Meliponicultura: Uma revis\u00e3o integrativa<\/a> &#8211; Doi: <a href=\"https:\/\/doi.org\/10.5281\/zenodo.7504686\" target=\"_blank\" rel=\"noreferrer noopener\">10.5281\/zenodo.7504686<\/a><\/p>\n\n\n\n<p class=\"has-text-align-center\">D\u00e9bora Bruno Ferreira, Andr\u00e9 Bento Chaves Santana, Klenicy Kazumy de Lima Yamaguchi, Gislene Almeida Carvalho-Zilse, Kemilla Sarmento Rebelo<\/p>\n\n\n\n<p><strong>Ci\u00eancia Agr\u00e1ria<\/strong><\/p>\n\n\n\n<p class=\"has-text-align-center\"><a href=\"https:\/\/scientia-amazonia.org\/wp-content\/uploads\/2023\/01\/v11-n3-CA1-CA9-2022.pdf\">Potencial antibacteriano de Streptomyces e Bacillus isoladas dos rios Madeira e Purus frente \u00e0 Aeromonas spp. isoladas de tambaqui<\/a> &#8211; Doi: <a href=\"https:\/\/doi.org\/10.5281\/zenodo.7503699\">10.5281\/zenodo.7503699<\/a><\/p>\n\n\n\n<p class=\"has-text-align-center\">Raeslen Ara\u00fajo Martins, Giuliene Pereira Pellin, J\u00falia Paes Mota, Thayn\u00e1 Mar\u00e3es de Souza, Ingride Jarline Santos da Silva, Gilvan Ferreira da Silva, Aleksander Westphal Muniz, Cl\u00e1udia Majolo<\/p>\n\n\n\n<p class=\"has-text-align-center\"><a href=\"https:\/\/scientia-amazonia.org\/wp-content\/uploads\/2023\/01\/v11-n3-CA10-CA23-2022.pdf\">Avalia\u00e7\u00e3o da qualidade e an\u00e1lise de fluoresc\u00eancia de raios-x por energia dispersiva de amostras comerciais de camomila na cidade de Lavras \u2013 MG, Brasil<\/a> &#8211; Doi: <a href=\"https:\/\/doi.org\/10.5281\/zenodo.7503753\" target=\"_blank\" rel=\"noreferrer noopener\">10.5281\/zenodo.7503753 <\/a><\/p>\n\n\n\n<p class=\"has-text-align-center\">Maria de F\u00e1tima Santos, Natalia Ritter Ruas, Abra\u00e3o Jos\u00e9 Silva Viana, Kiara C\u00e2ndido Duarte da Silva, Marcos errante5, Manuel Losada Gavilanes, Elis\u00e2ngela Elena Nunes Carvalho.<\/p>\n\n\n\n<p class=\"has-text-align-center\"><a href=\"https:\/\/scientia-amazonia.org\/wp-content\/uploads\/2023\/01\/v11-n3-CA24-CA41-2022.pdf\">S\u00edntese hist\u00f3rica do desembarque pesqueiro em um mercado de Santar\u00e9m-PA: contribui\u00e7\u00f5es para o monitoramento da pesca na regi\u00e3o do Baixo Amazonas<\/a> &#8211; Doi: <a href=\"https:\/\/doi.org\/10.5281\/zenodo.7510485\" target=\"_blank\" rel=\"noreferrer noopener\">10.5281\/zenodo.7510485<\/a><\/p>\n\n\n\n<p class=\"has-text-align-center\">Keid Nolan Silva Sousa, Geanne Pinto Feitoza<\/p>\n\n\n\n<p><strong>Ci\u00eancias Biol\u00f3gicas<\/strong><\/p>\n\n\n\n<p class=\"has-text-align-center\"><a href=\"https:\/\/scientia-amazonia.org\/wp-content\/uploads\/2023\/01\/v11-n3-B1-B19-2022.pdf\">Primer reporte de los mam\u00edferos del Territorio Ind\u00edgena amaz\u00f3nico de To\u00f1ampade en Ecuador mediante c\u00e1maras trampa y la aplicaci\u00f3n del conocimiento ancestral waodani<\/a> &#8211; Doi: <a href=\"https:\/\/doi.org\/10.5281\/zenodo.7510504\" target=\"_blank\" rel=\"noreferrer noopener\">10.5281\/zenodo.7510504<\/a><\/p>\n\n\n\n<p class=\"has-text-align-center\">Iv\u00e1n J\u00e1come-Negrete, Fidel Rodr\u00edguez Gal\u00e1rza, Abraham Gaba, Iteca Enqueri, Onguine Nenquimo, Samantha Villavicencio Troya, Froil\u00e1n Tanguila L\u00f3pez<\/p>\n\n\n\n<p><strong>Ci\u00eancias Exatas<\/strong><\/p>\n\n\n\n<p class=\"has-text-align-center\"><a href=\"https:\/\/scientia-amazonia.org\/wp-content\/uploads\/2023\/01\/v11-n3-C1-C15-2022.pdf\">Interven\u00e7\u00e3o com Enfoque QSC em aulas de Qu\u00edmica: o estudo da tabela peri\u00f3dica a partir do tema minera\u00e7\u00e3o<\/a> &#8211; Doi: <a href=\"https:\/\/doi.org\/10.5281\/zenodo.7510984\" target=\"_blank\" rel=\"noreferrer noopener\">10.5281\/zenodo.7510984<\/a><\/p>\n\n\n\n<p class=\"has-text-align-center\">Jacqueline Pereira Gomes, Francisco Ferreira Dantas Filho<\/p>\n\n\n\n<p class=\"has-text-align-center\"><a href=\"https:\/\/scientia-amazonia.org\/wp-content\/uploads\/2023\/01\/v11-n3-C16-C31-2022.pdf\">Caracteriza\u00e7\u00e3o do derivado \u00e1cido de Meldrum complexado com zinco por espectroscopias FT-IR, FT-Raman e c\u00e1lculos DFT<\/a> &#8211; Doi: <a href=\"https:\/\/doi.org\/10.5281\/zenodo.7510994\" target=\"_blank\" rel=\"noreferrer noopener\">10.5281\/zenodo.7510994<\/a><\/p>\n\n\n\n<p class=\"has-text-align-center\">Rodolfo Sebasti\u00e3o Estupi\u00f1\u00e1n Allan, Jo\u00e3o Antunes da Silva, Thiago Andrade de Toledo, Tarun Yadav, Ricardo Rodrigues de Fran\u00e7a Bento<\/p>\n\n\n\n<p><strong>Ci\u00eancia da Sa\u00fade<\/strong><\/p>\n\n\n\n<p class=\"has-text-align-center\"><a href=\"https:\/\/scientia-amazonia.org\/wp-content\/uploads\/2023\/01\/v11-n3-CS1-CS9-2022.pdf\">Antibioticoterapia em pacientes com COVID-19 internados no centro de terapia intensiva de um hospital p\u00fablico de Manaus, Amazonas<\/a> &#8211; Doi: <a href=\"https:\/\/doi.org\/10.5281\/zenodo.7504713\" target=\"_blank\" rel=\"noreferrer noopener\">10.5281\/zenodo.7504713<\/a><\/p>\n\n\n\n<p class=\"has-text-align-center\">Ta\u00eds Regina Rocha, Nairze Saldanha da Silva, K\u00e9dma Melo da Silva, Carlos Jonatas Mota, M\u00edrian Brasil de Oliveira, Marcelo Campese, Tanise Vendruscolo Dalmolin<\/p>\n\n\n\n<p class=\"has-text-align-center\"><a href=\"https:\/\/scientia-amazonia.org\/wp-content\/uploads\/2023\/01\/v11-n3-CS10-CS18-2022.pdf\">Hospitaliza\u00e7\u00e3o por fraturas de cr\u00e2nio e ossos da face nas capitais dos estados da regi\u00e3o Norte do Brasil<\/a> Doi: <a href=\"https:\/\/doi.org\/10.5281\/zenodo.7504749\" target=\"_blank\" rel=\"noreferrer noopener\">10.5281\/zenodo.7504749<\/a><\/p>\n\n\n\n<p class=\"has-text-align-center\">Francisca Alicia Moura da Silva, J\u00e9ssica Lara do Nascimento S\u00e1, J\u00falia Yully do Nascimento S\u00e1, Pauliane Ibiapina Fernandes Gir\u00e3o, Mauro Vinicius Dutra Gir\u00e3o<\/p>\n\n\n\n<p class=\"has-text-align-center\"><a href=\"https:\/\/scientia-amazonia.org\/wp-content\/uploads\/2023\/01\/v11-n3-CS19-CS30-2022.pdf\">Autoefic\u00e1cia acad\u00eamica de estudantes de universidade p\u00fablicas federais do interior dos estados do Amazonas e Santa Catarina no in\u00edcio da pandemia de COVID-19<\/a> Doi: <a href=\"https:\/\/doi.org\/10.5281\/zenodo.7504729\" target=\"_blank\" rel=\"noreferrer noopener\">10.5281\/zenodo.7504729<\/a><\/p>\n\n\n\n<p class=\"has-text-align-center\">Alberto Sumiya, Maria Helena Ribeiro De Checchi, Juliberta Alves de Mac\u00eado, Luan C\u00e9sar Ferreira Sim\u00f5es, Matheo Kindel Barbosa, Lucas Ramos Tavares, Carla Fabiana Tenani<\/p>\n\n\n\n<p><strong>Educa\u00e7\u00e3o<\/strong><\/p>\n\n\n\n<p class=\"has-text-align-center\"><a href=\"https:\/\/scientia-amazonia.org\/wp-content\/uploads\/2023\/01\/v11-n3-E1-E13-2022.pdf\">Um olhar docente sobre o ensino remoto em tempo de pandemia em uma universidade no interior do Amazonas<\/a> Doi &#8211; <a href=\"https:\/\/doi.org\/10.5281\/zenodo.7504698\" target=\"_blank\" rel=\"noreferrer noopener\">10.5281\/zenodo.7504698<\/a><\/p>\n\n\n\n<p class=\"has-text-align-center\">Klenicy Kazumy de Lima Yamaguchi, Thiago dos Santos Maciel, Nath\u00e1chila Corr\u00eaa Lima Chamy, Ot\u00e1vio Augusto Capeloto, Kemilla Sarmento Rebelo, Adriano Pereira Guilherme<\/p>\n","protected":false},"excerpt":{"rendered":"<p>Biotecnologia Aplicabilidade e vantagens do uso de biocomp\u00f3sito de polipropileno refor\u00e7ado com fibras de juta da Amaz\u00f4nia &#8211; Doi: 10.5281\/zenodo.7504677 Davi Nogueira da Silva, Rog\u00e9rio Eiji Hanada, Manuel Henrique Reis Nascimento, Adalena Kennedy Vieira Subprodutos [&hellip;]<\/p>\n","protected":false},"author":1,"featured_media":0,"parent":2015,"menu_order":0,"comment_status":"closed","ping_status":"closed","template":"","meta":{"_links_to":"","_links_to_target":""},"yoast_head":"<!-- This site is optimized with the Yoast SEO plugin v20.2.1 - https:\/\/yoast.com\/wordpress\/plugins\/seo\/ -->\n<title>N\u00famero 3 - Scientia Amazonia<\/title>\n<meta name=\"robots\" content=\"index, follow, max-snippet:-1, max-image-preview:large, max-video-preview:-1\" \/>\n<link rel=\"canonical\" href=\"https:\/\/scientia-amazonia.org\/index.php\/2022-2\/numero-3\/\" \/>\n<meta property=\"og:locale\" content=\"en_US\" \/>\n<meta property=\"og:type\" content=\"article\" \/>\n<meta property=\"og:title\" content=\"N\u00famero 3 - Scientia Amazonia\" \/>\n<meta property=\"og:description\" content=\"Biotecnologia Aplicabilidade e vantagens do uso de biocomp\u00f3sito de polipropileno refor\u00e7ado com fibras de juta da Amaz\u00f4nia &#8211; Doi: 10.5281\/zenodo.7504677 Davi Nogueira da Silva, Rog\u00e9rio Eiji Hanada, Manuel Henrique Reis Nascimento, Adalena Kennedy Vieira Subprodutos [&hellip;]\" \/>\n<meta property=\"og:url\" content=\"https:\/\/scientia-amazonia.org\/index.php\/2022-2\/numero-3\/\" \/>\n<meta property=\"og:site_name\" content=\"Scientia Amazonia\" \/>\n<meta property=\"article:modified_time\" content=\"2023-01-11T19:23:12+00:00\" \/>\n<meta name=\"twitter:card\" content=\"summary_large_image\" \/>\n<meta name=\"twitter:label1\" content=\"Est. reading time\" \/>\n\t<meta name=\"twitter:data1\" content=\"3 minutes\" \/>\n<script type=\"application\/ld+json\" class=\"yoast-schema-graph\">{\"@context\":\"https:\/\/schema.org\",\"@graph\":[{\"@type\":\"WebPage\",\"@id\":\"https:\/\/scientia-amazonia.org\/index.php\/2022-2\/numero-3\/\",\"url\":\"https:\/\/scientia-amazonia.org\/index.php\/2022-2\/numero-3\/\",\"name\":\"N\u00famero 3 - Scientia Amazonia\",\"isPartOf\":{\"@id\":\"https:\/\/scientia-amazonia.org\/#website\"},\"datePublished\":\"2023-01-05T22:42:39+00:00\",\"dateModified\":\"2023-01-11T19:23:12+00:00\",\"breadcrumb\":{\"@id\":\"https:\/\/scientia-amazonia.org\/index.php\/2022-2\/numero-3\/#breadcrumb\"},\"inLanguage\":\"en-US\",\"potentialAction\":[{\"@type\":\"ReadAction\",\"target\":[\"https:\/\/scientia-amazonia.org\/index.php\/2022-2\/numero-3\/\"]}]},{\"@type\":\"BreadcrumbList\",\"@id\":\"https:\/\/scientia-amazonia.org\/index.php\/2022-2\/numero-3\/#breadcrumb\",\"itemListElement\":[{\"@type\":\"ListItem\",\"position\":1,\"name\":\"Home\",\"item\":\"https:\/\/scientia-amazonia.org\/\"},{\"@type\":\"ListItem\",\"position\":2,\"name\":\"2022\",\"item\":\"https:\/\/scientia-amazonia.org\/index.php\/2022-2\/\"},{\"@type\":\"ListItem\",\"position\":3,\"name\":\"N\u00famero 3\"}]},{\"@type\":\"WebSite\",\"@id\":\"https:\/\/scientia-amazonia.org\/#website\",\"url\":\"https:\/\/scientia-amazonia.org\/\",\"name\":\"Scientia Amazonia\",\"description\":\"Revista eletr\u00f4nica\",\"publisher\":{\"@id\":\"https:\/\/scientia-amazonia.org\/#organization\"},\"potentialAction\":[{\"@type\":\"SearchAction\",\"target\":{\"@type\":\"EntryPoint\",\"urlTemplate\":\"https:\/\/scientia-amazonia.org\/?s={search_term_string}\"},\"query-input\":\"required name=search_term_string\"}],\"inLanguage\":\"en-US\"},{\"@type\":\"Organization\",\"@id\":\"https:\/\/scientia-amazonia.org\/#organization\",\"name\":\"Scientia Amazonia\",\"url\":\"https:\/\/scientia-amazonia.org\/\",\"logo\":{\"@type\":\"ImageObject\",\"inLanguage\":\"en-US\",\"@id\":\"https:\/\/scientia-amazonia.org\/#\/schema\/logo\/image\/\",\"url\":\"https:\/\/scientia-amazonia.org\/wp-content\/uploads\/2021\/03\/logoScientia2.png\",\"contentUrl\":\"https:\/\/scientia-amazonia.org\/wp-content\/uploads\/2021\/03\/logoScientia2.png\",\"width\":934,\"height\":100,\"caption\":\"Scientia Amazonia\"},\"image\":{\"@id\":\"https:\/\/scientia-amazonia.org\/#\/schema\/logo\/image\/\"}}]}<\/script>\n<!-- \/ Yoast SEO plugin. -->","yoast_head_json":{"title":"N\u00famero 3 - Scientia Amazonia","robots":{"index":"index","follow":"follow","max-snippet":"max-snippet:-1","max-image-preview":"max-image-preview:large","max-video-preview":"max-video-preview:-1"},"canonical":"https:\/\/scientia-amazonia.org\/index.php\/2022-2\/numero-3\/","og_locale":"en_US","og_type":"article","og_title":"N\u00famero 3 - Scientia Amazonia","og_description":"Biotecnologia Aplicabilidade e vantagens do uso de biocomp\u00f3sito de polipropileno refor\u00e7ado com fibras de juta da Amaz\u00f4nia &#8211; Doi: 10.5281\/zenodo.7504677 Davi Nogueira da Silva, Rog\u00e9rio Eiji Hanada, Manuel Henrique Reis Nascimento, Adalena Kennedy Vieira Subprodutos [&hellip;]","og_url":"https:\/\/scientia-amazonia.org\/index.php\/2022-2\/numero-3\/","og_site_name":"Scientia Amazonia","article_modified_time":"2023-01-11T19:23:12+00:00","twitter_card":"summary_large_image","twitter_misc":{"Est. reading time":"3 minutes"},"schema":{"@context":"https:\/\/schema.org","@graph":[{"@type":"WebPage","@id":"https:\/\/scientia-amazonia.org\/index.php\/2022-2\/numero-3\/","url":"https:\/\/scientia-amazonia.org\/index.php\/2022-2\/numero-3\/","name":"N\u00famero 3 - Scientia Amazonia","isPartOf":{"@id":"https:\/\/scientia-amazonia.org\/#website"},"datePublished":"2023-01-05T22:42:39+00:00","dateModified":"2023-01-11T19:23:12+00:00","breadcrumb":{"@id":"https:\/\/scientia-amazonia.org\/index.php\/2022-2\/numero-3\/#breadcrumb"},"inLanguage":"en-US","potentialAction":[{"@type":"ReadAction","target":["https:\/\/scientia-amazonia.org\/index.php\/2022-2\/numero-3\/"]}]},{"@type":"BreadcrumbList","@id":"https:\/\/scientia-amazonia.org\/index.php\/2022-2\/numero-3\/#breadcrumb","itemListElement":[{"@type":"ListItem","position":1,"name":"Home","item":"https:\/\/scientia-amazonia.org\/"},{"@type":"ListItem","position":2,"name":"2022","item":"https:\/\/scientia-amazonia.org\/index.php\/2022-2\/"},{"@type":"ListItem","position":3,"name":"N\u00famero 3"}]},{"@type":"WebSite","@id":"https:\/\/scientia-amazonia.org\/#website","url":"https:\/\/scientia-amazonia.org\/","name":"Scientia Amazonia","description":"Revista eletr\u00f4nica","publisher":{"@id":"https:\/\/scientia-amazonia.org\/#organization"},"potentialAction":[{"@type":"SearchAction","target":{"@type":"EntryPoint","urlTemplate":"https:\/\/scientia-amazonia.org\/?s={search_term_string}"},"query-input":"required name=search_term_string"}],"inLanguage":"en-US"},{"@type":"Organization","@id":"https:\/\/scientia-amazonia.org\/#organization","name":"Scientia Amazonia","url":"https:\/\/scientia-amazonia.org\/","logo":{"@type":"ImageObject","inLanguage":"en-US","@id":"https:\/\/scientia-amazonia.org\/#\/schema\/logo\/image\/","url":"https:\/\/scientia-amazonia.org\/wp-content\/uploads\/2021\/03\/logoScientia2.png","contentUrl":"https:\/\/scientia-amazonia.org\/wp-content\/uploads\/2021\/03\/logoScientia2.png","width":934,"height":100,"caption":"Scientia Amazonia"},"image":{"@id":"https:\/\/scientia-amazonia.org\/#\/schema\/logo\/image\/"}}]}},"_links":{"self":[{"href":"https:\/\/scientia-amazonia.org\/index.php\/wp-json\/wp\/v2\/pages\/2216"}],"collection":[{"href":"https:\/\/scientia-amazonia.org\/index.php\/wp-json\/wp\/v2\/pages"}],"about":[{"href":"https:\/\/scientia-amazonia.org\/index.php\/wp-json\/wp\/v2\/types\/page"}],"author":[{"embeddable":true,"href":"https:\/\/scientia-amazonia.org\/index.php\/wp-json\/wp\/v2\/users\/1"}],"replies":[{"embeddable":true,"href":"https:\/\/scientia-amazonia.org\/index.php\/wp-json\/wp\/v2\/comments?post=2216"}],"version-history":[{"count":25,"href":"https:\/\/scientia-amazonia.org\/index.php\/wp-json\/wp\/v2\/pages\/2216\/revisions"}],"predecessor-version":[{"id":2269,"href":"https:\/\/scientia-amazonia.org\/index.php\/wp-json\/wp\/v2\/pages\/2216\/revisions\/2269"}],"up":[{"embeddable":true,"href":"https:\/\/scientia-amazonia.org\/index.php\/wp-json\/wp\/v2\/pages\/2015"}],"wp:attachment":[{"href":"https:\/\/scientia-amazonia.org\/index.php\/wp-json\/wp\/v2\/media?parent=2216"}],"curies":[{"name":"wp","href":"https:\/\/api.w.org\/{rel}","templated":true}]}}