{"id":2276,"date":"2023-06-06T23:16:50","date_gmt":"2023-06-06T23:16:50","guid":{"rendered":"https:\/\/scientia-amazonia.org\/?page_id=2276"},"modified":"2023-07-19T19:15:02","modified_gmt":"2023-07-19T19:15:02","slug":"numero-1","status":"publish","type":"page","link":"https:\/\/scientia-amazonia.org\/index.php\/2023-2\/numero-1\/","title":{"rendered":"N\u00famero 1"},"content":{"rendered":"\n<p><strong>Ci\u00eancias biol\u00f3gicas<\/strong><\/p>\n\n\n\n<p class=\"has-text-align-center\"><a href=\"https:\/\/scientia-amazonia.org\/wp-content\/uploads\/2023\/06\/v12-n1-B1-B12-2023.pdf\" target=\"_blank\" rel=\"noreferrer noopener\">Reading in science teaching: The reality of libraries in three municipal schools in Coari-AM (In Portuguese)<\/a> Doi: <a href=\"https:\/\/doi.org\/10.5281\/zenodo.8013817\" target=\"_blank\" rel=\"noreferrer noopener\">10.5281\/zenodo.8013817<\/a><\/p>\n\n\n\n<p class=\"has-text-align-center\">Andreia da Silva Ara\u00fajo, Adria de Lima Leite, Regina Rayka dos Santos Duarte, Ana Paula Pereira dos Santos, Fernando Albuquerque Luz<\/p>\n\n\n\n<p class=\"has-text-align-center\"><a href=\"https:\/\/scientia-amazonia.org\/wp-content\/uploads\/2023\/06\/v12-n1-B13-B23-2023.pdf\" target=\"_blank\" rel=\"noreferrer noopener\">Influence of rainfall seasonality and solid media culture on the quantification of fungal contaminants in piracu\u00ed sold at markets in Santar\u00e9m, Par\u00e1.<\/a> (In Portuguese) Doi: <a href=\"https:\/\/doi.org\/10.5281\/zenodo.8034710\" target=\"_blank\" rel=\"noreferrer noopener\">10.5281\/zenodo.8034710<\/a><\/p>\n\n\n\n<p class=\"has-text-align-center\">Edivaldo dos Santos Corr\u00eaa Miranda Neto, Joselene Concei\u00e7\u00e3o Nunes Nascimento, H\u00e9rlon Mota Atayde<\/p>\n\n\n\n<p><strong>Ci\u00eancias <\/strong>Exatas<\/p>\n\n\n\n<p class=\"has-text-align-center\"><a href=\"https:\/\/scientia-amazonia.org\/wp-content\/uploads\/2023\/07\/v12-n1-C1-C10-2023.pdf\" target=\"_blank\" rel=\"noreferrer noopener\">DFT method in the investigation of Butane (C\u2084H\u2081\u2080): Its energy conformation, vibrational modes and theoretical Raman spectrum<\/a> (In Portuguese) Doi: <a href=\"https:\/\/doi.org\/10.5281\/zenodo.8165113\" target=\"_blank\" rel=\"noreferrer noopener\">\/10.5281\/zenodo.8165113<\/a><\/p>\n\n\n\n<p class=\"has-text-align-center\">Asaf Ribas<\/p>\n\n\n\n<p><strong>Ci\u00eancias da Sa\u00fade<\/strong><\/p>\n\n\n\n<p class=\"has-text-align-center\"><a href=\"https:\/\/scientia-amazonia.org\/wp-content\/uploads\/2023\/06\/v-12-n1-CS1-CS8-2023.pdf\">Profile notifications of ventilator-associated pneumonia among patients in a university hospital from Amazonas. (In Portuguese)<\/a> Doi: <a href=\"https:\/\/doi.org\/10.5281\/zenodo.8034572\" target=\"_blank\" rel=\"noreferrer noopener\">10.5281\/zenodo.8034572<\/a><\/p>\n\n\n\n<p class=\"has-text-align-center\">Nairze Saldanha Santos da Silva, Ta\u00eds Regina da Silva Rocha, M\u00edrian Brasil Magalh\u00e3es de Oliveira, Rose Mary Corr\u00eaa Santos, Clarice de Carvalho Veloso Moura, Tanise Vendruscolo Dalmolin<\/p>\n\n\n\n<p class=\"has-text-align-center\"><a href=\"https:\/\/scientia-amazonia.org\/wp-content\/uploads\/2023\/06\/v12-n1-CS9-CS17-2023.pdf\" target=\"_blank\" rel=\"noreferrer noopener\">Use of antimicrobials in an adult intensive care unit at a university hospital in Manaus, Amazonas (In Portuguese)<\/a> Doi: <a href=\"https:\/\/doi.org\/10.5281\/zenodo.8034619\" target=\"_blank\" rel=\"noreferrer noopener\">10.5281\/zenodo.8034619<\/a><\/p>\n\n\n\n<p class=\"has-text-align-center\">Ta\u00eds Regina da Silva Rocha, Nairze Saldanha Santos da Silva, M\u00edrian Brasil Magalh\u00e3es de Oliveira, Clarice de Carvalho Veloso Moura, Tanise Vendruscolo Dalmolin<\/p>\n\n\n\n<p class=\"has-text-align-center\"><a href=\"https:\/\/scientia-amazonia.org\/wp-content\/uploads\/2023\/07\/v12-n1-CS18-CS28-2023.pdf\" target=\"_blank\" rel=\"noreferrer noopener\">Two years of experience on eye tumors radical surgical treatments at a referential oncology hospital<\/a> (In English) Doi: <a href=\"https:\/\/doi.org\/10.5281\/zenodo.8165251\" target=\"_blank\" rel=\"noreferrer noopener\">10.5281\/zenodo.8165251<\/a><\/p>\n\n\n\n<p class=\"has-text-align-center\">Emily Barbosa do Nascimento, Felipe Jezini III, Marco Antonio Cruz Rocha, Jefferson Moreira de Medeiros, Maria Carolina Coutinho Xavier Soares, Paulo Jos\u00e9 Benevides dos Santos, Lia Mizobe Ono <\/p>\n","protected":false},"excerpt":{"rendered":"<p>Ci\u00eancias biol\u00f3gicas Reading in science teaching: The reality of libraries in three municipal schools in Coari-AM (In Portuguese) Doi: 10.5281\/zenodo.8013817 Andreia da Silva Ara\u00fajo, Adria de Lima Leite, Regina Rayka dos Santos Duarte, Ana Paula [&hellip;]<\/p>\n","protected":false},"author":1,"featured_media":0,"parent":2273,"menu_order":0,"comment_status":"closed","ping_status":"closed","template":"","meta":{"_links_to":"","_links_to_target":""},"yoast_head":"<!-- This site is optimized with the Yoast SEO plugin v20.2.1 - https:\/\/yoast.com\/wordpress\/plugins\/seo\/ -->\n<title>N\u00famero 1 - Scientia Amazonia<\/title>\n<meta name=\"robots\" content=\"index, follow, max-snippet:-1, max-image-preview:large, max-video-preview:-1\" \/>\n<link rel=\"canonical\" href=\"https:\/\/scientia-amazonia.org\/index.php\/2023-2\/numero-1\/\" \/>\n<meta property=\"og:locale\" content=\"en_US\" \/>\n<meta property=\"og:type\" content=\"article\" \/>\n<meta property=\"og:title\" content=\"N\u00famero 1 - Scientia Amazonia\" \/>\n<meta property=\"og:description\" content=\"Ci\u00eancias biol\u00f3gicas Reading in science teaching: The reality of libraries in three municipal schools in Coari-AM (In Portuguese) Doi: 10.5281\/zenodo.8013817 Andreia da Silva Ara\u00fajo, Adria de Lima Leite, Regina Rayka dos Santos Duarte, Ana Paula [&hellip;]\" \/>\n<meta property=\"og:url\" content=\"https:\/\/scientia-amazonia.org\/index.php\/2023-2\/numero-1\/\" \/>\n<meta property=\"og:site_name\" content=\"Scientia Amazonia\" \/>\n<meta property=\"article:modified_time\" content=\"2023-07-19T19:15:02+00:00\" \/>\n<meta name=\"twitter:card\" content=\"summary_large_image\" \/>\n<meta name=\"twitter:label1\" content=\"Est. reading time\" \/>\n\t<meta name=\"twitter:data1\" content=\"2 minutes\" \/>\n<script type=\"application\/ld+json\" class=\"yoast-schema-graph\">{\"@context\":\"https:\/\/schema.org\",\"@graph\":[{\"@type\":\"WebPage\",\"@id\":\"https:\/\/scientia-amazonia.org\/index.php\/2023-2\/numero-1\/\",\"url\":\"https:\/\/scientia-amazonia.org\/index.php\/2023-2\/numero-1\/\",\"name\":\"N\u00famero 1 - Scientia Amazonia\",\"isPartOf\":{\"@id\":\"https:\/\/scientia-amazonia.org\/#website\"},\"datePublished\":\"2023-06-06T23:16:50+00:00\",\"dateModified\":\"2023-07-19T19:15:02+00:00\",\"breadcrumb\":{\"@id\":\"https:\/\/scientia-amazonia.org\/index.php\/2023-2\/numero-1\/#breadcrumb\"},\"inLanguage\":\"en-US\",\"potentialAction\":[{\"@type\":\"ReadAction\",\"target\":[\"https:\/\/scientia-amazonia.org\/index.php\/2023-2\/numero-1\/\"]}]},{\"@type\":\"BreadcrumbList\",\"@id\":\"https:\/\/scientia-amazonia.org\/index.php\/2023-2\/numero-1\/#breadcrumb\",\"itemListElement\":[{\"@type\":\"ListItem\",\"position\":1,\"name\":\"Home\",\"item\":\"https:\/\/scientia-amazonia.org\/\"},{\"@type\":\"ListItem\",\"position\":2,\"name\":\"2023\",\"item\":\"https:\/\/scientia-amazonia.org\/index.php\/2023-2\/\"},{\"@type\":\"ListItem\",\"position\":3,\"name\":\"N\u00famero 1\"}]},{\"@type\":\"WebSite\",\"@id\":\"https:\/\/scientia-amazonia.org\/#website\",\"url\":\"https:\/\/scientia-amazonia.org\/\",\"name\":\"Scientia Amazonia\",\"description\":\"Revista eletr\u00f4nica\",\"publisher\":{\"@id\":\"https:\/\/scientia-amazonia.org\/#organization\"},\"potentialAction\":[{\"@type\":\"SearchAction\",\"target\":{\"@type\":\"EntryPoint\",\"urlTemplate\":\"https:\/\/scientia-amazonia.org\/?s={search_term_string}\"},\"query-input\":\"required name=search_term_string\"}],\"inLanguage\":\"en-US\"},{\"@type\":\"Organization\",\"@id\":\"https:\/\/scientia-amazonia.org\/#organization\",\"name\":\"Scientia Amazonia\",\"url\":\"https:\/\/scientia-amazonia.org\/\",\"logo\":{\"@type\":\"ImageObject\",\"inLanguage\":\"en-US\",\"@id\":\"https:\/\/scientia-amazonia.org\/#\/schema\/logo\/image\/\",\"url\":\"https:\/\/scientia-amazonia.org\/wp-content\/uploads\/2021\/03\/logoScientia2.png\",\"contentUrl\":\"https:\/\/scientia-amazonia.org\/wp-content\/uploads\/2021\/03\/logoScientia2.png\",\"width\":934,\"height\":100,\"caption\":\"Scientia Amazonia\"},\"image\":{\"@id\":\"https:\/\/scientia-amazonia.org\/#\/schema\/logo\/image\/\"}}]}<\/script>\n<!-- \/ Yoast SEO plugin. -->","yoast_head_json":{"title":"N\u00famero 1 - Scientia Amazonia","robots":{"index":"index","follow":"follow","max-snippet":"max-snippet:-1","max-image-preview":"max-image-preview:large","max-video-preview":"max-video-preview:-1"},"canonical":"https:\/\/scientia-amazonia.org\/index.php\/2023-2\/numero-1\/","og_locale":"en_US","og_type":"article","og_title":"N\u00famero 1 - Scientia Amazonia","og_description":"Ci\u00eancias biol\u00f3gicas Reading in science teaching: The reality of libraries in three municipal schools in Coari-AM (In Portuguese) Doi: 10.5281\/zenodo.8013817 Andreia da Silva Ara\u00fajo, Adria de Lima Leite, Regina Rayka dos Santos Duarte, Ana Paula [&hellip;]","og_url":"https:\/\/scientia-amazonia.org\/index.php\/2023-2\/numero-1\/","og_site_name":"Scientia Amazonia","article_modified_time":"2023-07-19T19:15:02+00:00","twitter_card":"summary_large_image","twitter_misc":{"Est. reading time":"2 minutes"},"schema":{"@context":"https:\/\/schema.org","@graph":[{"@type":"WebPage","@id":"https:\/\/scientia-amazonia.org\/index.php\/2023-2\/numero-1\/","url":"https:\/\/scientia-amazonia.org\/index.php\/2023-2\/numero-1\/","name":"N\u00famero 1 - Scientia Amazonia","isPartOf":{"@id":"https:\/\/scientia-amazonia.org\/#website"},"datePublished":"2023-06-06T23:16:50+00:00","dateModified":"2023-07-19T19:15:02+00:00","breadcrumb":{"@id":"https:\/\/scientia-amazonia.org\/index.php\/2023-2\/numero-1\/#breadcrumb"},"inLanguage":"en-US","potentialAction":[{"@type":"ReadAction","target":["https:\/\/scientia-amazonia.org\/index.php\/2023-2\/numero-1\/"]}]},{"@type":"BreadcrumbList","@id":"https:\/\/scientia-amazonia.org\/index.php\/2023-2\/numero-1\/#breadcrumb","itemListElement":[{"@type":"ListItem","position":1,"name":"Home","item":"https:\/\/scientia-amazonia.org\/"},{"@type":"ListItem","position":2,"name":"2023","item":"https:\/\/scientia-amazonia.org\/index.php\/2023-2\/"},{"@type":"ListItem","position":3,"name":"N\u00famero 1"}]},{"@type":"WebSite","@id":"https:\/\/scientia-amazonia.org\/#website","url":"https:\/\/scientia-amazonia.org\/","name":"Scientia Amazonia","description":"Revista eletr\u00f4nica","publisher":{"@id":"https:\/\/scientia-amazonia.org\/#organization"},"potentialAction":[{"@type":"SearchAction","target":{"@type":"EntryPoint","urlTemplate":"https:\/\/scientia-amazonia.org\/?s={search_term_string}"},"query-input":"required name=search_term_string"}],"inLanguage":"en-US"},{"@type":"Organization","@id":"https:\/\/scientia-amazonia.org\/#organization","name":"Scientia Amazonia","url":"https:\/\/scientia-amazonia.org\/","logo":{"@type":"ImageObject","inLanguage":"en-US","@id":"https:\/\/scientia-amazonia.org\/#\/schema\/logo\/image\/","url":"https:\/\/scientia-amazonia.org\/wp-content\/uploads\/2021\/03\/logoScientia2.png","contentUrl":"https:\/\/scientia-amazonia.org\/wp-content\/uploads\/2021\/03\/logoScientia2.png","width":934,"height":100,"caption":"Scientia Amazonia"},"image":{"@id":"https:\/\/scientia-amazonia.org\/#\/schema\/logo\/image\/"}}]}},"_links":{"self":[{"href":"https:\/\/scientia-amazonia.org\/index.php\/wp-json\/wp\/v2\/pages\/2276"}],"collection":[{"href":"https:\/\/scientia-amazonia.org\/index.php\/wp-json\/wp\/v2\/pages"}],"about":[{"href":"https:\/\/scientia-amazonia.org\/index.php\/wp-json\/wp\/v2\/types\/page"}],"author":[{"embeddable":true,"href":"https:\/\/scientia-amazonia.org\/index.php\/wp-json\/wp\/v2\/users\/1"}],"replies":[{"embeddable":true,"href":"https:\/\/scientia-amazonia.org\/index.php\/wp-json\/wp\/v2\/comments?post=2276"}],"version-history":[{"count":18,"href":"https:\/\/scientia-amazonia.org\/index.php\/wp-json\/wp\/v2\/pages\/2276\/revisions"}],"predecessor-version":[{"id":2328,"href":"https:\/\/scientia-amazonia.org\/index.php\/wp-json\/wp\/v2\/pages\/2276\/revisions\/2328"}],"up":[{"embeddable":true,"href":"https:\/\/scientia-amazonia.org\/index.php\/wp-json\/wp\/v2\/pages\/2273"}],"wp:attachment":[{"href":"https:\/\/scientia-amazonia.org\/index.php\/wp-json\/wp\/v2\/media?parent=2276"}],"curies":[{"name":"wp","href":"https:\/\/api.w.org\/{rel}","templated":true}]}}