{"id":2335,"date":"2023-09-04T20:19:32","date_gmt":"2023-09-04T20:19:32","guid":{"rendered":"https:\/\/scientia-amazonia.org\/?page_id=2335"},"modified":"2023-09-04T21:15:56","modified_gmt":"2023-09-04T21:15:56","slug":"numero-2","status":"publish","type":"page","link":"https:\/\/scientia-amazonia.org\/index.php\/2023-2\/numero-2\/","title":{"rendered":"N\u00famero 2"},"content":{"rendered":"\n<p><strong>Ci\u00eancias Agr\u00e1rias<\/strong><\/p>\n\n\n\n<p class=\"has-text-align-center\"><a href=\"https:\/\/scientia-amazonia.org\/wp-content\/uploads\/2023\/09\/v12-n2-CA1-CA11-2023.pdf\" target=\"_blank\" rel=\"noreferrer noopener\">Floristic composition of aquatic macrophytes in the Boa Esperan\u00e7a fish farm, Pimenta Bueno, RO<\/a> (In Portuguese) Doi: <a href=\"https:\/\/doi.org\/10.5281\/zenodo.8317088\" target=\"_blank\" rel=\"noreferrer noopener\">https:\/\/doi.org\/10.5281\/zenodo.8317088 <\/a><\/p>\n\n\n\n<p class=\"has-text-align-center\">Santina Rodrigues Santana, Mikaele Da Silva, Ywara Barroso Mantaia, Rodrigo Vieira Alves Amaral, Donovan Filipe Henrique Pinto<\/p>\n\n\n\n<p><strong>Ci\u00eancias Ambientais<\/strong><\/p>\n\n\n\n<p class=\"has-text-align-center\"><a href=\"https:\/\/scientia-amazonia.org\/wp-content\/uploads\/2023\/09\/v12-n2-CAm1-CAm12-2023.pdf\" target=\"_blank\" rel=\"noreferrer noopener\">Potential of use of cyanobacteria from the Brazilian Amazon in the recovery of areas degraded by illegal mining<\/a> (In Portuguese) Doi: \u00a0<a href=\"https:\/\/doi.org\/10.5281\/zenodo.8317123\" target=\"_blank\" rel=\"noreferrer noopener\">https:\/\/doi.org\/10.5281\/zenodo.8317123<\/a> <\/p>\n\n\n\n<p class=\"has-text-align-center\">Mayque Paulo Miranda de Souza, Miguel \u00c1ngel C\u00e1ceres Dur\u00e1n, Pablo Abdon da Costa Francez<\/p>\n\n\n\n<p><strong>Ci\u00eancias Biol\u00f3gicas<\/strong><\/p>\n\n\n\n<p class=\"has-text-align-center\"><a href=\"https:\/\/scientia-amazonia.org\/wp-content\/uploads\/2023\/09\/v-12-n2-B1-B17-2023.pdf\" target=\"_blank\" rel=\"noreferrer noopener\">Knowledge and popular perception about dengue in different neighborhoods of Manaus, Amazonas, Brazil<\/a> (In Portuguese) Doi: <a href=\"https:\/\/doi.org\/10.5281\/zenodo.8317159\" target=\"_blank\" rel=\"noreferrer noopener\">https:\/\/doi.org\/10.5281\/zenodo.8317159<\/a> <\/p>\n\n\n\n<p class=\"has-text-align-center\">Luan Ara\u00fajo da Silva Costa, Jonai Pach\u00eaco Dias, Suely de Souza Costa, Crist\u00f3v\u00e3o Alves da Costa<\/p>\n\n\n\n<p class=\"has-text-align-center\"><a href=\"https:\/\/scientia-amazonia.org\/wp-content\/uploads\/2023\/09\/v-12-n2-B18-B25-2023.pdf\" target=\"_blank\" rel=\"noreferrer noopener\">Depression and anxiety are triggers for Rheumatoid Arthritis?A Systematic Review Protocol<\/a> (In English) Doi: <a href=\"https:\/\/doi.org\/10.5281\/zenodo.8317183\" target=\"_blank\" rel=\"noreferrer noopener\">https:\/\/doi.org\/10.5281\/zenodo.8317183<\/a><\/p>\n\n\n\n<p class=\"has-text-align-center\">Nathalie Marte Ure\u00f1a, M\u00e1rcia de Lorena Serra Maia, Maria Cristina dos Santos, Ant\u00f4nio Luiz Ribeiro Boechat, Silvania da Concei\u00e7\u00e3o Furtado<\/p>\n\n\n\n<p><strong>Ci\u00eancias da Sa\u00fade <\/strong><\/p>\n\n\n\n<p class=\"has-text-align-center\"><a href=\"https:\/\/scientia-amazonia.org\/wp-content\/uploads\/2023\/09\/v12-n2-CS1-CS11-2023.pdf\" target=\"_blank\" rel=\"noreferrer noopener\">High-risk Human Papillomavirus infection in women with normal and altered cytology in Amazonas, Brazil <\/a>(In English) Doi: <a href=\"https:\/\/doi.org\/10.5281\/zenodo.8317232\">https:\/\/doi.org\/10.5281\/zenodo.8317232<\/a><\/p>\n\n\n\n<p class=\"has-text-align-center\">Renato dos Santos Reis, Danielle Albuquerque Pires Rocha, Josiane Montanho Mari\u00f1o, L\u00edgia Menezes da Mata, S\u00edlvia Caroline Camargo Soares, Valqu\u00edria do Carmo Rodrigues Alves, Toni Ricardo Martins, Cristina Maria Borborema dos Santos, K\u00e1tia Luz Torres, Jos\u00e9 Eduardo Levi<\/p>\n\n\n\n<p><strong>Ci\u00eancias Exatas<\/strong><\/p>\n\n\n\n<p class=\"has-text-align-center\"><a href=\"https:\/\/scientia-amazonia.org\/wp-content\/uploads\/2023\/09\/v-12-n2-C1-C12-2023.pdf\" target=\"_blank\" rel=\"noreferrer noopener\">Evaluation of water potability parameters of supply employed by public schools from Zona da Mata Mineira \u2013MG region<\/a> (In Portuguese) Doi: <a href=\"https:\/\/doi.org\/10.5281\/zenodo.8317225\" target=\"_blank\" rel=\"noreferrer noopener\">https:\/\/doi.org\/10.5281\/zenodo.8317225<\/a><\/p>\n\n\n\n<p class=\"has-text-align-center\">Lidervan de Paula Melo, Felipe Vital Oliveira<\/p>\n","protected":false},"excerpt":{"rendered":"<p>Ci\u00eancias Agr\u00e1rias Floristic composition of aquatic macrophytes in the Boa Esperan\u00e7a fish farm, Pimenta Bueno, RO (In Portuguese) Doi: https:\/\/doi.org\/10.5281\/zenodo.8317088 Santina Rodrigues Santana, Mikaele Da Silva, Ywara Barroso Mantaia, Rodrigo Vieira Alves Amaral, Donovan Filipe [&hellip;]<\/p>\n","protected":false},"author":1,"featured_media":0,"parent":2273,"menu_order":0,"comment_status":"closed","ping_status":"closed","template":"","meta":{"_links_to":"","_links_to_target":""},"yoast_head":"<!-- This site is optimized with the Yoast SEO plugin v20.2.1 - https:\/\/yoast.com\/wordpress\/plugins\/seo\/ -->\n<title>N\u00famero 2 - Scientia Amazonia<\/title>\n<meta name=\"robots\" content=\"index, follow, max-snippet:-1, max-image-preview:large, max-video-preview:-1\" \/>\n<link rel=\"canonical\" href=\"https:\/\/scientia-amazonia.org\/index.php\/2023-2\/numero-2\/\" \/>\n<meta property=\"og:locale\" content=\"en_US\" \/>\n<meta property=\"og:type\" content=\"article\" \/>\n<meta property=\"og:title\" content=\"N\u00famero 2 - Scientia Amazonia\" \/>\n<meta property=\"og:description\" content=\"Ci\u00eancias Agr\u00e1rias Floristic composition of aquatic macrophytes in the Boa Esperan\u00e7a fish farm, Pimenta Bueno, RO (In Portuguese) Doi: https:\/\/doi.org\/10.5281\/zenodo.8317088 Santina Rodrigues Santana, Mikaele Da Silva, Ywara Barroso Mantaia, Rodrigo Vieira Alves Amaral, Donovan Filipe [&hellip;]\" \/>\n<meta property=\"og:url\" content=\"https:\/\/scientia-amazonia.org\/index.php\/2023-2\/numero-2\/\" \/>\n<meta property=\"og:site_name\" content=\"Scientia Amazonia\" \/>\n<meta property=\"article:modified_time\" content=\"2023-09-04T21:15:56+00:00\" \/>\n<meta name=\"twitter:card\" content=\"summary_large_image\" \/>\n<meta name=\"twitter:label1\" content=\"Est. reading time\" \/>\n\t<meta name=\"twitter:data1\" content=\"2 minutes\" \/>\n<script type=\"application\/ld+json\" class=\"yoast-schema-graph\">{\"@context\":\"https:\/\/schema.org\",\"@graph\":[{\"@type\":\"WebPage\",\"@id\":\"https:\/\/scientia-amazonia.org\/index.php\/2023-2\/numero-2\/\",\"url\":\"https:\/\/scientia-amazonia.org\/index.php\/2023-2\/numero-2\/\",\"name\":\"N\u00famero 2 - Scientia Amazonia\",\"isPartOf\":{\"@id\":\"https:\/\/scientia-amazonia.org\/#website\"},\"datePublished\":\"2023-09-04T20:19:32+00:00\",\"dateModified\":\"2023-09-04T21:15:56+00:00\",\"breadcrumb\":{\"@id\":\"https:\/\/scientia-amazonia.org\/index.php\/2023-2\/numero-2\/#breadcrumb\"},\"inLanguage\":\"en-US\",\"potentialAction\":[{\"@type\":\"ReadAction\",\"target\":[\"https:\/\/scientia-amazonia.org\/index.php\/2023-2\/numero-2\/\"]}]},{\"@type\":\"BreadcrumbList\",\"@id\":\"https:\/\/scientia-amazonia.org\/index.php\/2023-2\/numero-2\/#breadcrumb\",\"itemListElement\":[{\"@type\":\"ListItem\",\"position\":1,\"name\":\"Home\",\"item\":\"https:\/\/scientia-amazonia.org\/\"},{\"@type\":\"ListItem\",\"position\":2,\"name\":\"2023\",\"item\":\"https:\/\/scientia-amazonia.org\/index.php\/2023-2\/\"},{\"@type\":\"ListItem\",\"position\":3,\"name\":\"N\u00famero 2\"}]},{\"@type\":\"WebSite\",\"@id\":\"https:\/\/scientia-amazonia.org\/#website\",\"url\":\"https:\/\/scientia-amazonia.org\/\",\"name\":\"Scientia Amazonia\",\"description\":\"Revista eletr\u00f4nica\",\"publisher\":{\"@id\":\"https:\/\/scientia-amazonia.org\/#organization\"},\"potentialAction\":[{\"@type\":\"SearchAction\",\"target\":{\"@type\":\"EntryPoint\",\"urlTemplate\":\"https:\/\/scientia-amazonia.org\/?s={search_term_string}\"},\"query-input\":\"required name=search_term_string\"}],\"inLanguage\":\"en-US\"},{\"@type\":\"Organization\",\"@id\":\"https:\/\/scientia-amazonia.org\/#organization\",\"name\":\"Scientia Amazonia\",\"url\":\"https:\/\/scientia-amazonia.org\/\",\"logo\":{\"@type\":\"ImageObject\",\"inLanguage\":\"en-US\",\"@id\":\"https:\/\/scientia-amazonia.org\/#\/schema\/logo\/image\/\",\"url\":\"https:\/\/scientia-amazonia.org\/wp-content\/uploads\/2021\/03\/logoScientia2.png\",\"contentUrl\":\"https:\/\/scientia-amazonia.org\/wp-content\/uploads\/2021\/03\/logoScientia2.png\",\"width\":934,\"height\":100,\"caption\":\"Scientia Amazonia\"},\"image\":{\"@id\":\"https:\/\/scientia-amazonia.org\/#\/schema\/logo\/image\/\"}}]}<\/script>\n<!-- \/ Yoast SEO plugin. -->","yoast_head_json":{"title":"N\u00famero 2 - Scientia Amazonia","robots":{"index":"index","follow":"follow","max-snippet":"max-snippet:-1","max-image-preview":"max-image-preview:large","max-video-preview":"max-video-preview:-1"},"canonical":"https:\/\/scientia-amazonia.org\/index.php\/2023-2\/numero-2\/","og_locale":"en_US","og_type":"article","og_title":"N\u00famero 2 - Scientia Amazonia","og_description":"Ci\u00eancias Agr\u00e1rias Floristic composition of aquatic macrophytes in the Boa Esperan\u00e7a fish farm, Pimenta Bueno, RO (In Portuguese) Doi: https:\/\/doi.org\/10.5281\/zenodo.8317088 Santina Rodrigues Santana, Mikaele Da Silva, Ywara Barroso Mantaia, Rodrigo Vieira Alves Amaral, Donovan Filipe [&hellip;]","og_url":"https:\/\/scientia-amazonia.org\/index.php\/2023-2\/numero-2\/","og_site_name":"Scientia Amazonia","article_modified_time":"2023-09-04T21:15:56+00:00","twitter_card":"summary_large_image","twitter_misc":{"Est. reading time":"2 minutes"},"schema":{"@context":"https:\/\/schema.org","@graph":[{"@type":"WebPage","@id":"https:\/\/scientia-amazonia.org\/index.php\/2023-2\/numero-2\/","url":"https:\/\/scientia-amazonia.org\/index.php\/2023-2\/numero-2\/","name":"N\u00famero 2 - Scientia Amazonia","isPartOf":{"@id":"https:\/\/scientia-amazonia.org\/#website"},"datePublished":"2023-09-04T20:19:32+00:00","dateModified":"2023-09-04T21:15:56+00:00","breadcrumb":{"@id":"https:\/\/scientia-amazonia.org\/index.php\/2023-2\/numero-2\/#breadcrumb"},"inLanguage":"en-US","potentialAction":[{"@type":"ReadAction","target":["https:\/\/scientia-amazonia.org\/index.php\/2023-2\/numero-2\/"]}]},{"@type":"BreadcrumbList","@id":"https:\/\/scientia-amazonia.org\/index.php\/2023-2\/numero-2\/#breadcrumb","itemListElement":[{"@type":"ListItem","position":1,"name":"Home","item":"https:\/\/scientia-amazonia.org\/"},{"@type":"ListItem","position":2,"name":"2023","item":"https:\/\/scientia-amazonia.org\/index.php\/2023-2\/"},{"@type":"ListItem","position":3,"name":"N\u00famero 2"}]},{"@type":"WebSite","@id":"https:\/\/scientia-amazonia.org\/#website","url":"https:\/\/scientia-amazonia.org\/","name":"Scientia Amazonia","description":"Revista eletr\u00f4nica","publisher":{"@id":"https:\/\/scientia-amazonia.org\/#organization"},"potentialAction":[{"@type":"SearchAction","target":{"@type":"EntryPoint","urlTemplate":"https:\/\/scientia-amazonia.org\/?s={search_term_string}"},"query-input":"required name=search_term_string"}],"inLanguage":"en-US"},{"@type":"Organization","@id":"https:\/\/scientia-amazonia.org\/#organization","name":"Scientia Amazonia","url":"https:\/\/scientia-amazonia.org\/","logo":{"@type":"ImageObject","inLanguage":"en-US","@id":"https:\/\/scientia-amazonia.org\/#\/schema\/logo\/image\/","url":"https:\/\/scientia-amazonia.org\/wp-content\/uploads\/2021\/03\/logoScientia2.png","contentUrl":"https:\/\/scientia-amazonia.org\/wp-content\/uploads\/2021\/03\/logoScientia2.png","width":934,"height":100,"caption":"Scientia Amazonia"},"image":{"@id":"https:\/\/scientia-amazonia.org\/#\/schema\/logo\/image\/"}}]}},"_links":{"self":[{"href":"https:\/\/scientia-amazonia.org\/index.php\/wp-json\/wp\/v2\/pages\/2335"}],"collection":[{"href":"https:\/\/scientia-amazonia.org\/index.php\/wp-json\/wp\/v2\/pages"}],"about":[{"href":"https:\/\/scientia-amazonia.org\/index.php\/wp-json\/wp\/v2\/types\/page"}],"author":[{"embeddable":true,"href":"https:\/\/scientia-amazonia.org\/index.php\/wp-json\/wp\/v2\/users\/1"}],"replies":[{"embeddable":true,"href":"https:\/\/scientia-amazonia.org\/index.php\/wp-json\/wp\/v2\/comments?post=2335"}],"version-history":[{"count":9,"href":"https:\/\/scientia-amazonia.org\/index.php\/wp-json\/wp\/v2\/pages\/2335\/revisions"}],"predecessor-version":[{"id":2359,"href":"https:\/\/scientia-amazonia.org\/index.php\/wp-json\/wp\/v2\/pages\/2335\/revisions\/2359"}],"up":[{"embeddable":true,"href":"https:\/\/scientia-amazonia.org\/index.php\/wp-json\/wp\/v2\/pages\/2273"}],"wp:attachment":[{"href":"https:\/\/scientia-amazonia.org\/index.php\/wp-json\/wp\/v2\/media?parent=2335"}],"curies":[{"name":"wp","href":"https:\/\/api.w.org\/{rel}","templated":true}]}}