{"id":2360,"date":"2024-02-21T01:33:47","date_gmt":"2024-02-21T01:33:47","guid":{"rendered":"https:\/\/scientia-amazonia.org\/?page_id=2360"},"modified":"2024-02-21T01:38:55","modified_gmt":"2024-02-21T01:38:55","slug":"numero-3","status":"publish","type":"page","link":"https:\/\/scientia-amazonia.org\/index.php\/2023-2\/numero-3\/","title":{"rendered":"N\u00famero 3"},"content":{"rendered":"\n<p><strong>Ciencias Exatas<\/strong><\/p>\n\n\n\n<p class=\"has-text-align-center\"><a href=\"https:\/\/scientia-amazonia.org\/wp-content\/uploads\/2024\/02\/v12-n3-C1-C18-2023.pdf\" target=\"_blank\" rel=\"noreferrer noopener\">Studies on vibrational, optical, electrochemical and thermal properties of Meldrum acid derivative 5-[(4,6-dimethylpyridine-2-ylamino) methylene]-2,2-dimethyl-1,3-dioxane-4,6-dione<\/a> (In portuguese)<\/p>\n\n\n\n<p class=\"has-text-align-center\">Jo\u00e3o Antunes da Silva, Thiago Andrade de Toledo, Eralci Moreira Ther\u00e9zio, Romildo Jer\u00f4nimo Ramos, Gustavo Oliveira de Meira Gusm\u00e3o, Jorge Luiz Brito de Faria, Ricardo Rodrigues de Fran\u00e7a Bento<\/p>\n\n\n\n<p><strong>Ci\u00eancias da Sa\u00fade<\/strong><\/p>\n\n\n\n<p class=\"has-text-align-center\"><a href=\"https:\/\/scientia-amazonia.org\/wp-content\/uploads\/2024\/02\/v12-n3-CS1-CS8-2023.pdf\" target=\"_blank\" rel=\"noreferrer noopener\">Synthesis of evidence from case reports of patients with MG suffering from COVID-19. Assessment of severity and drug interaction<\/a> (In portuguese)<\/p>\n\n\n\n<p class=\"has-text-align-center\">Ronan Marques Teixeira, Alessandra Sant\u2019Ana Couto Alencar, F\u00e1bio Tonissi Moroni; Ben-Hur Braga Taliberti<\/p>\n","protected":false},"excerpt":{"rendered":"<p>Ciencias Exatas Studies on vibrational, optical, electrochemical and thermal properties of Meldrum acid derivative 5-[(4,6-dimethylpyridine-2-ylamino) methylene]-2,2-dimethyl-1,3-dioxane-4,6-dione (In portuguese) Jo\u00e3o Antunes da Silva, Thiago Andrade de Toledo, Eralci Moreira Ther\u00e9zio, Romildo Jer\u00f4nimo Ramos, Gustavo Oliveira de [&hellip;]<\/p>\n","protected":false},"author":1,"featured_media":0,"parent":2273,"menu_order":0,"comment_status":"closed","ping_status":"closed","template":"","meta":{"_links_to":"","_links_to_target":""},"yoast_head":"<!-- This site is optimized with the Yoast SEO plugin v20.2.1 - https:\/\/yoast.com\/wordpress\/plugins\/seo\/ -->\n<title>N\u00famero 3 - Scientia Amazonia<\/title>\n<meta name=\"robots\" content=\"index, follow, max-snippet:-1, max-image-preview:large, max-video-preview:-1\" \/>\n<link rel=\"canonical\" href=\"https:\/\/scientia-amazonia.org\/index.php\/2023-2\/numero-3\/\" \/>\n<meta property=\"og:locale\" content=\"en_US\" \/>\n<meta property=\"og:type\" content=\"article\" \/>\n<meta property=\"og:title\" content=\"N\u00famero 3 - Scientia Amazonia\" \/>\n<meta property=\"og:description\" content=\"Ciencias Exatas Studies on vibrational, optical, electrochemical and thermal properties of Meldrum acid derivative 5-[(4,6-dimethylpyridine-2-ylamino) methylene]-2,2-dimethyl-1,3-dioxane-4,6-dione (In portuguese) Jo\u00e3o Antunes da Silva, Thiago Andrade de Toledo, Eralci Moreira Ther\u00e9zio, Romildo Jer\u00f4nimo Ramos, Gustavo Oliveira de [&hellip;]\" \/>\n<meta property=\"og:url\" content=\"https:\/\/scientia-amazonia.org\/index.php\/2023-2\/numero-3\/\" \/>\n<meta property=\"og:site_name\" content=\"Scientia Amazonia\" \/>\n<meta property=\"article:modified_time\" content=\"2024-02-21T01:38:55+00:00\" \/>\n<meta name=\"twitter:card\" content=\"summary_large_image\" \/>\n<meta name=\"twitter:label1\" content=\"Est. reading time\" \/>\n\t<meta name=\"twitter:data1\" content=\"1 minute\" \/>\n<script type=\"application\/ld+json\" class=\"yoast-schema-graph\">{\"@context\":\"https:\/\/schema.org\",\"@graph\":[{\"@type\":\"WebPage\",\"@id\":\"https:\/\/scientia-amazonia.org\/index.php\/2023-2\/numero-3\/\",\"url\":\"https:\/\/scientia-amazonia.org\/index.php\/2023-2\/numero-3\/\",\"name\":\"N\u00famero 3 - Scientia Amazonia\",\"isPartOf\":{\"@id\":\"https:\/\/scientia-amazonia.org\/#website\"},\"datePublished\":\"2024-02-21T01:33:47+00:00\",\"dateModified\":\"2024-02-21T01:38:55+00:00\",\"breadcrumb\":{\"@id\":\"https:\/\/scientia-amazonia.org\/index.php\/2023-2\/numero-3\/#breadcrumb\"},\"inLanguage\":\"en-US\",\"potentialAction\":[{\"@type\":\"ReadAction\",\"target\":[\"https:\/\/scientia-amazonia.org\/index.php\/2023-2\/numero-3\/\"]}]},{\"@type\":\"BreadcrumbList\",\"@id\":\"https:\/\/scientia-amazonia.org\/index.php\/2023-2\/numero-3\/#breadcrumb\",\"itemListElement\":[{\"@type\":\"ListItem\",\"position\":1,\"name\":\"Home\",\"item\":\"https:\/\/scientia-amazonia.org\/\"},{\"@type\":\"ListItem\",\"position\":2,\"name\":\"2023\",\"item\":\"https:\/\/scientia-amazonia.org\/index.php\/2023-2\/\"},{\"@type\":\"ListItem\",\"position\":3,\"name\":\"N\u00famero 3\"}]},{\"@type\":\"WebSite\",\"@id\":\"https:\/\/scientia-amazonia.org\/#website\",\"url\":\"https:\/\/scientia-amazonia.org\/\",\"name\":\"Scientia Amazonia\",\"description\":\"Revista eletr\u00f4nica\",\"publisher\":{\"@id\":\"https:\/\/scientia-amazonia.org\/#organization\"},\"potentialAction\":[{\"@type\":\"SearchAction\",\"target\":{\"@type\":\"EntryPoint\",\"urlTemplate\":\"https:\/\/scientia-amazonia.org\/?s={search_term_string}\"},\"query-input\":\"required name=search_term_string\"}],\"inLanguage\":\"en-US\"},{\"@type\":\"Organization\",\"@id\":\"https:\/\/scientia-amazonia.org\/#organization\",\"name\":\"Scientia Amazonia\",\"url\":\"https:\/\/scientia-amazonia.org\/\",\"logo\":{\"@type\":\"ImageObject\",\"inLanguage\":\"en-US\",\"@id\":\"https:\/\/scientia-amazonia.org\/#\/schema\/logo\/image\/\",\"url\":\"https:\/\/scientia-amazonia.org\/wp-content\/uploads\/2021\/03\/logoScientia2.png\",\"contentUrl\":\"https:\/\/scientia-amazonia.org\/wp-content\/uploads\/2021\/03\/logoScientia2.png\",\"width\":934,\"height\":100,\"caption\":\"Scientia Amazonia\"},\"image\":{\"@id\":\"https:\/\/scientia-amazonia.org\/#\/schema\/logo\/image\/\"}}]}<\/script>\n<!-- \/ Yoast SEO plugin. -->","yoast_head_json":{"title":"N\u00famero 3 - Scientia Amazonia","robots":{"index":"index","follow":"follow","max-snippet":"max-snippet:-1","max-image-preview":"max-image-preview:large","max-video-preview":"max-video-preview:-1"},"canonical":"https:\/\/scientia-amazonia.org\/index.php\/2023-2\/numero-3\/","og_locale":"en_US","og_type":"article","og_title":"N\u00famero 3 - Scientia Amazonia","og_description":"Ciencias Exatas Studies on vibrational, optical, electrochemical and thermal properties of Meldrum acid derivative 5-[(4,6-dimethylpyridine-2-ylamino) methylene]-2,2-dimethyl-1,3-dioxane-4,6-dione (In portuguese) Jo\u00e3o Antunes da Silva, Thiago Andrade de Toledo, Eralci Moreira Ther\u00e9zio, Romildo Jer\u00f4nimo Ramos, Gustavo Oliveira de [&hellip;]","og_url":"https:\/\/scientia-amazonia.org\/index.php\/2023-2\/numero-3\/","og_site_name":"Scientia Amazonia","article_modified_time":"2024-02-21T01:38:55+00:00","twitter_card":"summary_large_image","twitter_misc":{"Est. reading time":"1 minute"},"schema":{"@context":"https:\/\/schema.org","@graph":[{"@type":"WebPage","@id":"https:\/\/scientia-amazonia.org\/index.php\/2023-2\/numero-3\/","url":"https:\/\/scientia-amazonia.org\/index.php\/2023-2\/numero-3\/","name":"N\u00famero 3 - Scientia Amazonia","isPartOf":{"@id":"https:\/\/scientia-amazonia.org\/#website"},"datePublished":"2024-02-21T01:33:47+00:00","dateModified":"2024-02-21T01:38:55+00:00","breadcrumb":{"@id":"https:\/\/scientia-amazonia.org\/index.php\/2023-2\/numero-3\/#breadcrumb"},"inLanguage":"en-US","potentialAction":[{"@type":"ReadAction","target":["https:\/\/scientia-amazonia.org\/index.php\/2023-2\/numero-3\/"]}]},{"@type":"BreadcrumbList","@id":"https:\/\/scientia-amazonia.org\/index.php\/2023-2\/numero-3\/#breadcrumb","itemListElement":[{"@type":"ListItem","position":1,"name":"Home","item":"https:\/\/scientia-amazonia.org\/"},{"@type":"ListItem","position":2,"name":"2023","item":"https:\/\/scientia-amazonia.org\/index.php\/2023-2\/"},{"@type":"ListItem","position":3,"name":"N\u00famero 3"}]},{"@type":"WebSite","@id":"https:\/\/scientia-amazonia.org\/#website","url":"https:\/\/scientia-amazonia.org\/","name":"Scientia Amazonia","description":"Revista eletr\u00f4nica","publisher":{"@id":"https:\/\/scientia-amazonia.org\/#organization"},"potentialAction":[{"@type":"SearchAction","target":{"@type":"EntryPoint","urlTemplate":"https:\/\/scientia-amazonia.org\/?s={search_term_string}"},"query-input":"required name=search_term_string"}],"inLanguage":"en-US"},{"@type":"Organization","@id":"https:\/\/scientia-amazonia.org\/#organization","name":"Scientia Amazonia","url":"https:\/\/scientia-amazonia.org\/","logo":{"@type":"ImageObject","inLanguage":"en-US","@id":"https:\/\/scientia-amazonia.org\/#\/schema\/logo\/image\/","url":"https:\/\/scientia-amazonia.org\/wp-content\/uploads\/2021\/03\/logoScientia2.png","contentUrl":"https:\/\/scientia-amazonia.org\/wp-content\/uploads\/2021\/03\/logoScientia2.png","width":934,"height":100,"caption":"Scientia Amazonia"},"image":{"@id":"https:\/\/scientia-amazonia.org\/#\/schema\/logo\/image\/"}}]}},"_links":{"self":[{"href":"https:\/\/scientia-amazonia.org\/index.php\/wp-json\/wp\/v2\/pages\/2360"}],"collection":[{"href":"https:\/\/scientia-amazonia.org\/index.php\/wp-json\/wp\/v2\/pages"}],"about":[{"href":"https:\/\/scientia-amazonia.org\/index.php\/wp-json\/wp\/v2\/types\/page"}],"author":[{"embeddable":true,"href":"https:\/\/scientia-amazonia.org\/index.php\/wp-json\/wp\/v2\/users\/1"}],"replies":[{"embeddable":true,"href":"https:\/\/scientia-amazonia.org\/index.php\/wp-json\/wp\/v2\/comments?post=2360"}],"version-history":[{"count":2,"href":"https:\/\/scientia-amazonia.org\/index.php\/wp-json\/wp\/v2\/pages\/2360\/revisions"}],"predecessor-version":[{"id":2365,"href":"https:\/\/scientia-amazonia.org\/index.php\/wp-json\/wp\/v2\/pages\/2360\/revisions\/2365"}],"up":[{"embeddable":true,"href":"https:\/\/scientia-amazonia.org\/index.php\/wp-json\/wp\/v2\/pages\/2273"}],"wp:attachment":[{"href":"https:\/\/scientia-amazonia.org\/index.php\/wp-json\/wp\/v2\/media?parent=2360"}],"curies":[{"name":"wp","href":"https:\/\/api.w.org\/{rel}","templated":true}]}}