{"id":36,"date":"2016-06-07T22:54:33","date_gmt":"2016-06-07T22:54:33","guid":{"rendered":"https:\/\/scientia-amazonia.org\/?page_id=36"},"modified":"2021-05-26T19:16:34","modified_gmt":"2021-05-26T19:16:34","slug":"sobre-nos","status":"publish","type":"page","link":"https:\/\/scientia-amazonia.org\/index.php\/sobre-nos\/","title":{"rendered":"Sobre n\u00f3s"},"content":{"rendered":"<p>A Revista\u00a0<strong><em>Scientia Amazonia (ISSN 2238-1910)<\/em><\/strong> tem como miss\u00e3o divulgar a produ\u00e7\u00e3o acad\u00eamica e cient\u00edfica de todas as \u00e1reas do conhecimento\u00a0(Biol\u00f3gica, Exata e\u00a0Humana) via eletr\u00f4nica, nas l\u00ednguas portuguesa, espanhola ou inglesa. A revista contempla os resultados de investiga\u00e7\u00f5es cient\u00edficas e revis\u00f5es bibliogr\u00e1ficas produzidas por alunos de gradua\u00e7\u00e3o e p\u00f3s-gradua\u00e7\u00e3o.<\/p>\n<blockquote>\n<h2><strong>Anualmente s\u00e3o publicados quatro fasc\u00edculos (n\u00fameros)\u00a0 na <em>Scientia<\/em><em>\u00a0Amazonia<\/em>. <\/strong><\/h2>\n<\/blockquote>\n<p>A\u00a0<strong><em>Scientia Amazonia<\/em><\/strong> tem como miss\u00e3o incentivar o debate cient\u00edfico de pesquisadores, professores e alunos das diversas \u00e1reas do conhecimento.<\/p>\n<p><strong>Abreviatura<\/strong>: <em>Sci. Amazon<\/em>.<\/p>\n<p><strong>Indexa\u00e7\u00e3o<\/strong>: Google Acad\u00eamico,\u00a0<a href=\"http:\/\/www.latindex.unam.mx\/buscador\/ficRev.html?folio=23017&amp;opcion=1\">Latindex<\/a>,\u00a0<a href=\"http:\/\/journals.indexcopernicus.com\/Scientia+Amazonia,p24782902,6.html\">Index Copernicus<\/a>,\u00a0<a href=\"http:\/\/diadorim.ibict.br\/handle\/1\/964\">Diadorim<\/a>,\u00a0<a href=\"http:\/\/www.citefactor.org\/journal\/index\/13576\/scientia-amazonia#.Vs45iJwrLIU\">CiteFactor<\/a>\u00a0e <a href=\"http:\/\/www.sjifactor.com\/passport.php?id=19401\">SJIF<\/a>. Dispon\u00edvel pelo Portal de Peri\u00f3dicos da Capes (item Peri\u00f3dicos Nacionais). Base de dados de bibliotecas internacionais: <a href=\"https:\/\/publons.com\/journal\/98889\/revista-eletronica-scientia-amazonia\">Publons<\/a>,\u00a0\u00a0<a href=\"http:\/\/hsl.med.nyu.edu\/resource\/details\/1161602\">NYU &#8211; Health Sciences Library<\/a>,\u00a0<a href=\"http:\/\/sfx.lib.uchicago.edu\/sfx_local\/az\/?param_sid_save=449908d9c9b98844609754c9fa9fb0e1&amp;param_letter_group_script_save=Latin&amp;param_current_view_save=detail&amp;param_textSearchType_save=startsWith&amp;param_chinese_checkbox_type_save=Pinyin&amp;param_lang_save=eng&amp;param_letter_group_save=S&amp;param_perform_save=searchTitle&amp;param_chinese_checkbox_save=0&amp;param_services2filter_save=getFullTxt&amp;param_pattern_save=&amp;param_jumpToPage_save=14&amp;param_type_save=browseLetterGroup&amp;param_langcode_save=en&amp;param_type_value=textSearch&amp;param_jumpToPage_value=&amp;param_pattern_value=Scientia+Amazonia&amp;param_textSearchType_value=startsWith&amp;param_chinese_checkbox_value=0\">The University of Chigago Library<\/a>,\u00a0<a href=\"http:\/\/lib.ugent.be\/nl\/catalog\/type:periodical?q=scientia\">Universiteits Bibliotheek Gent<\/a>,\u00a0<a href=\"https:\/\/www.law.umaryland.edu\/marshall\/eresources\/ejournals\/e-journals-S.html\">University of Maryland Francis King Carey School of Law<\/a>, <a href=\"https:\/\/searchworks.stanford.edu\/view\/10578320\">Stanford University Libraries,<\/a>\u00a0<a href=\"http:\/\/www.abecbrasil.org.br\/revistas_assoc.asp\">Associada a Associa\u00e7\u00e3o Brasileira de Escritores Cient\u00edficos<\/a>.<\/p>\n<p><strong><em>Qualis B4 Geral na Capes<\/em><\/strong><strong><em><br \/>\n<\/em><\/strong><\/p>\n","protected":false},"excerpt":{"rendered":"<p>A Revista\u00a0Scientia Amazonia (ISSN 2238-1910) tem como miss\u00e3o divulgar a produ\u00e7\u00e3o acad\u00eamica e cient\u00edfica de todas as \u00e1reas do conhecimento\u00a0(Biol\u00f3gica, Exata e\u00a0Humana) via eletr\u00f4nica, nas l\u00ednguas portuguesa, espanhola ou inglesa. A revista contempla os resultados [&hellip;]<\/p>\n","protected":false},"author":1,"featured_media":368,"parent":0,"menu_order":0,"comment_status":"closed","ping_status":"closed","template":"","meta":{"_links_to":"","_links_to_target":""},"yoast_head":"<!-- This site is optimized with the Yoast SEO plugin v20.2.1 - https:\/\/yoast.com\/wordpress\/plugins\/seo\/ -->\n<title>Sobre n\u00f3s - Scientia Amazonia<\/title>\n<meta name=\"robots\" content=\"index, follow, max-snippet:-1, max-image-preview:large, max-video-preview:-1\" \/>\n<link rel=\"canonical\" href=\"https:\/\/scientia-amazonia.org\/index.php\/sobre-nos\/\" \/>\n<meta property=\"og:locale\" content=\"en_US\" \/>\n<meta property=\"og:type\" content=\"article\" \/>\n<meta property=\"og:title\" content=\"Sobre n\u00f3s - Scientia Amazonia\" \/>\n<meta property=\"og:description\" content=\"A Revista\u00a0Scientia Amazonia (ISSN 2238-1910) tem como miss\u00e3o divulgar a produ\u00e7\u00e3o acad\u00eamica e cient\u00edfica de todas as \u00e1reas do conhecimento\u00a0(Biol\u00f3gica, Exata e\u00a0Humana) via eletr\u00f4nica, nas l\u00ednguas portuguesa, espanhola ou inglesa. A revista contempla os resultados [&hellip;]\" \/>\n<meta property=\"og:url\" content=\"https:\/\/scientia-amazonia.org\/index.php\/sobre-nos\/\" \/>\n<meta property=\"og:site_name\" content=\"Scientia Amazonia\" \/>\n<meta property=\"article:modified_time\" content=\"2021-05-26T19:16:34+00:00\" \/>\n<meta property=\"og:image\" content=\"https:\/\/scientia-amazonia.org\/wp-content\/uploads\/2016\/06\/editores.jpeg\" \/>\n\t<meta property=\"og:image:width\" content=\"960\" \/>\n\t<meta property=\"og:image:height\" content=\"502\" \/>\n\t<meta property=\"og:image:type\" content=\"image\/jpeg\" \/>\n<meta name=\"twitter:card\" content=\"summary_large_image\" \/>\n<meta name=\"twitter:label1\" content=\"Est. reading time\" \/>\n\t<meta name=\"twitter:data1\" content=\"1 minute\" \/>\n<script type=\"application\/ld+json\" class=\"yoast-schema-graph\">{\"@context\":\"https:\/\/schema.org\",\"@graph\":[{\"@type\":\"WebPage\",\"@id\":\"https:\/\/scientia-amazonia.org\/index.php\/sobre-nos\/\",\"url\":\"https:\/\/scientia-amazonia.org\/index.php\/sobre-nos\/\",\"name\":\"Sobre n\u00f3s - Scientia Amazonia\",\"isPartOf\":{\"@id\":\"https:\/\/scientia-amazonia.org\/#website\"},\"datePublished\":\"2016-06-07T22:54:33+00:00\",\"dateModified\":\"2021-05-26T19:16:34+00:00\",\"breadcrumb\":{\"@id\":\"https:\/\/scientia-amazonia.org\/index.php\/sobre-nos\/#breadcrumb\"},\"inLanguage\":\"en-US\",\"potentialAction\":[{\"@type\":\"ReadAction\",\"target\":[\"https:\/\/scientia-amazonia.org\/index.php\/sobre-nos\/\"]}]},{\"@type\":\"BreadcrumbList\",\"@id\":\"https:\/\/scientia-amazonia.org\/index.php\/sobre-nos\/#breadcrumb\",\"itemListElement\":[{\"@type\":\"ListItem\",\"position\":1,\"name\":\"Home\",\"item\":\"https:\/\/scientia-amazonia.org\/\"},{\"@type\":\"ListItem\",\"position\":2,\"name\":\"Sobre n\u00f3s\"}]},{\"@type\":\"WebSite\",\"@id\":\"https:\/\/scientia-amazonia.org\/#website\",\"url\":\"https:\/\/scientia-amazonia.org\/\",\"name\":\"Scientia Amazonia\",\"description\":\"Revista eletr\u00f4nica\",\"publisher\":{\"@id\":\"https:\/\/scientia-amazonia.org\/#organization\"},\"potentialAction\":[{\"@type\":\"SearchAction\",\"target\":{\"@type\":\"EntryPoint\",\"urlTemplate\":\"https:\/\/scientia-amazonia.org\/?s={search_term_string}\"},\"query-input\":\"required name=search_term_string\"}],\"inLanguage\":\"en-US\"},{\"@type\":\"Organization\",\"@id\":\"https:\/\/scientia-amazonia.org\/#organization\",\"name\":\"Scientia Amazonia\",\"url\":\"https:\/\/scientia-amazonia.org\/\",\"logo\":{\"@type\":\"ImageObject\",\"inLanguage\":\"en-US\",\"@id\":\"https:\/\/scientia-amazonia.org\/#\/schema\/logo\/image\/\",\"url\":\"https:\/\/scientia-amazonia.org\/wp-content\/uploads\/2021\/03\/logoScientia2.png\",\"contentUrl\":\"https:\/\/scientia-amazonia.org\/wp-content\/uploads\/2021\/03\/logoScientia2.png\",\"width\":934,\"height\":100,\"caption\":\"Scientia Amazonia\"},\"image\":{\"@id\":\"https:\/\/scientia-amazonia.org\/#\/schema\/logo\/image\/\"}}]}<\/script>\n<!-- \/ Yoast SEO plugin. -->","yoast_head_json":{"title":"Sobre n\u00f3s - Scientia Amazonia","robots":{"index":"index","follow":"follow","max-snippet":"max-snippet:-1","max-image-preview":"max-image-preview:large","max-video-preview":"max-video-preview:-1"},"canonical":"https:\/\/scientia-amazonia.org\/index.php\/sobre-nos\/","og_locale":"en_US","og_type":"article","og_title":"Sobre n\u00f3s - Scientia Amazonia","og_description":"A Revista\u00a0Scientia Amazonia (ISSN 2238-1910) tem como miss\u00e3o divulgar a produ\u00e7\u00e3o acad\u00eamica e cient\u00edfica de todas as \u00e1reas do conhecimento\u00a0(Biol\u00f3gica, Exata e\u00a0Humana) via eletr\u00f4nica, nas l\u00ednguas portuguesa, espanhola ou inglesa. A revista contempla os resultados [&hellip;]","og_url":"https:\/\/scientia-amazonia.org\/index.php\/sobre-nos\/","og_site_name":"Scientia Amazonia","article_modified_time":"2021-05-26T19:16:34+00:00","og_image":[{"width":960,"height":502,"url":"https:\/\/scientia-amazonia.org\/wp-content\/uploads\/2016\/06\/editores.jpeg","type":"image\/jpeg"}],"twitter_card":"summary_large_image","twitter_misc":{"Est. reading time":"1 minute"},"schema":{"@context":"https:\/\/schema.org","@graph":[{"@type":"WebPage","@id":"https:\/\/scientia-amazonia.org\/index.php\/sobre-nos\/","url":"https:\/\/scientia-amazonia.org\/index.php\/sobre-nos\/","name":"Sobre n\u00f3s - Scientia Amazonia","isPartOf":{"@id":"https:\/\/scientia-amazonia.org\/#website"},"datePublished":"2016-06-07T22:54:33+00:00","dateModified":"2021-05-26T19:16:34+00:00","breadcrumb":{"@id":"https:\/\/scientia-amazonia.org\/index.php\/sobre-nos\/#breadcrumb"},"inLanguage":"en-US","potentialAction":[{"@type":"ReadAction","target":["https:\/\/scientia-amazonia.org\/index.php\/sobre-nos\/"]}]},{"@type":"BreadcrumbList","@id":"https:\/\/scientia-amazonia.org\/index.php\/sobre-nos\/#breadcrumb","itemListElement":[{"@type":"ListItem","position":1,"name":"Home","item":"https:\/\/scientia-amazonia.org\/"},{"@type":"ListItem","position":2,"name":"Sobre n\u00f3s"}]},{"@type":"WebSite","@id":"https:\/\/scientia-amazonia.org\/#website","url":"https:\/\/scientia-amazonia.org\/","name":"Scientia Amazonia","description":"Revista eletr\u00f4nica","publisher":{"@id":"https:\/\/scientia-amazonia.org\/#organization"},"potentialAction":[{"@type":"SearchAction","target":{"@type":"EntryPoint","urlTemplate":"https:\/\/scientia-amazonia.org\/?s={search_term_string}"},"query-input":"required name=search_term_string"}],"inLanguage":"en-US"},{"@type":"Organization","@id":"https:\/\/scientia-amazonia.org\/#organization","name":"Scientia Amazonia","url":"https:\/\/scientia-amazonia.org\/","logo":{"@type":"ImageObject","inLanguage":"en-US","@id":"https:\/\/scientia-amazonia.org\/#\/schema\/logo\/image\/","url":"https:\/\/scientia-amazonia.org\/wp-content\/uploads\/2021\/03\/logoScientia2.png","contentUrl":"https:\/\/scientia-amazonia.org\/wp-content\/uploads\/2021\/03\/logoScientia2.png","width":934,"height":100,"caption":"Scientia Amazonia"},"image":{"@id":"https:\/\/scientia-amazonia.org\/#\/schema\/logo\/image\/"}}]}},"_links":{"self":[{"href":"https:\/\/scientia-amazonia.org\/index.php\/wp-json\/wp\/v2\/pages\/36"}],"collection":[{"href":"https:\/\/scientia-amazonia.org\/index.php\/wp-json\/wp\/v2\/pages"}],"about":[{"href":"https:\/\/scientia-amazonia.org\/index.php\/wp-json\/wp\/v2\/types\/page"}],"author":[{"embeddable":true,"href":"https:\/\/scientia-amazonia.org\/index.php\/wp-json\/wp\/v2\/users\/1"}],"replies":[{"embeddable":true,"href":"https:\/\/scientia-amazonia.org\/index.php\/wp-json\/wp\/v2\/comments?post=36"}],"version-history":[{"count":18,"href":"https:\/\/scientia-amazonia.org\/index.php\/wp-json\/wp\/v2\/pages\/36\/revisions"}],"predecessor-version":[{"id":1764,"href":"https:\/\/scientia-amazonia.org\/index.php\/wp-json\/wp\/v2\/pages\/36\/revisions\/1764"}],"wp:featuredmedia":[{"embeddable":true,"href":"https:\/\/scientia-amazonia.org\/index.php\/wp-json\/wp\/v2\/media\/368"}],"wp:attachment":[{"href":"https:\/\/scientia-amazonia.org\/index.php\/wp-json\/wp\/v2\/media?parent=36"}],"curies":[{"name":"wp","href":"https:\/\/api.w.org\/{rel}","templated":true}]}}