{"id":422,"date":"2016-09-13T23:19:07","date_gmt":"2016-09-13T23:19:07","guid":{"rendered":"https:\/\/scientia-amazonia.org\/?page_id=422"},"modified":"2016-10-12T18:04:11","modified_gmt":"2016-10-12T18:04:11","slug":"numero-2","status":"publish","type":"page","link":"https:\/\/scientia-amazonia.org\/index.php\/2016-2\/numero-2\/","title":{"rendered":"N\u00famero 2"},"content":{"rendered":"<p><a href=\"https:\/\/scientia-amazonia.org\/wp-content\/uploads\/2016\/09\/v5-n2-1-6-2016.pdf\">Health and safety in the fishing activity that landed in Manaus-Amazonas, Brazil <\/a>\u00a0(In Portuguese)<\/p>\n<p>Lorenzo Soriano Antonaccio Barroco, Lucirene Aguiar de Souza, Caroline Pereira de Campos, Diogo Campos Cardoso<\/p>\n<p><a href=\"https:\/\/scientia-amazonia.org\/wp-content\/uploads\/2016\/09\/v5-n2-7-13-2016.pdf\">Analyses of the correlation between somatic cell count, centesimal composition and yield of rennet cheese type produced from milk of buffaloes of Autazes, Amazonas<\/a> (In English)<\/p>\n<p>Ricardo Caxias Celestino Lima, F\u00e1bio Tonissi Moroni, Elton Nunes Britto, Raquel Borges-Moroni<\/p>\n<p><a href=\"https:\/\/scientia-amazonia.org\/wp-content\/uploads\/2016\/09\/v5-n2-14-23-2016.pdf\">Fisheries production and its relation to fluctuations of the hydrological cycle and demographic growth of the city of Manaus &#8211; Am<\/a> (in Portuguese)<\/p>\n<p>Luana Simas Montenegro, Lucirene Aguiar de Souza<\/p>\n<p><a href=\"https:\/\/scientia-amazonia.org\/wp-content\/uploads\/2016\/09\/v5-n2-24-33-2016.pdf\">Assessment of bathing condition on the urban fringe of Manaus\/AM\/Brazil<\/a> (In Portuguese)<\/p>\n<p>Carlos Petronio de Souza Queiroz, Maria Anete Leite Rubim<\/p>\n<p><a href=\"https:\/\/scientia-amazonia.org\/wp-content\/uploads\/2016\/09\/v5-n2-34-39-2016.pdf\">Biogeographic distribution of Isertia Gender Species Family Botany RUBIACEAE in the Legal Amazon Deposited in the Herbarium \/ INPA <\/a>(In Portuguese)<\/p>\n<p>Renato Barboza da Silva, Rodrigo Gon\u00e7alves de Lima, Francisco Barbosa da Silva<\/p>\n<p><a href=\"https:\/\/scientia-amazonia.org\/wp-content\/uploads\/2016\/09\/v5-n2-40-53-2016.pdf\">Bibliometric analysis about fishing fish Cichla spp. in Brazilian reservoirs: an exploratory study in Scopus databases and Web of Science<\/a> (In Portuguese)<\/p>\n<p>Sandrelly Oliveira Inomata, Danielly Oliveira Inomata, Carlos Edwar de Carvalho Freitas<\/p>\n<p><strong>S\u00e9rie de Artigos Ensino de Qu\u00edmica<\/strong><\/p>\n<p><a href=\"https:\/\/scientia-amazonia.org\/wp-content\/uploads\/2016\/09\/Entrevista-Dra-Rebecca-Castro.pdf\">Entrevista com Doutora Rebecca Freire de Castro<\/a> (UNINORTE Laureate)<\/p>\n<p><a href=\"https:\/\/scientia-amazonia.org\/wp-content\/uploads\/2016\/09\/v5-n2-54-58-2016.pdf\">Interacting art and chemical at the oxides approach<\/a> (In Portuguese)<\/p>\n<p>Andreia Dolores P. de Figueiredo, Cristiany M. Anselmo, Alex Sandro B. da Costa, Genilson Pereira Santana<\/p>\n<p><a href=\"https:\/\/scientia-amazonia.org\/wp-content\/uploads\/2016\/09\/v5-n2-59-64-2016.pdf\">Extraction experiments of essential oils in hydrocarbon approach<\/a> (In Portuguese)<\/p>\n<p>Ant\u00f4nia Valdecleide Arana Costa, Genilson Pereira Santana<\/p>\n<p><a href=\"https:\/\/scientia-amazonia.org\/wp-content\/uploads\/2016\/09\/v5-n2-65-67-2016.pdf\">\u201cHumans molecules\u201d in addressing carbon<\/a> (In portuguese)<\/p>\n<p>Lenize Jaqtinon de Oliveira, Davi de Oliveira Mo\u00e7a1, Eduardo Cruz da Costa, Erasmo Sergio Ferreira Pessoa Junior<\/p>\n<p><a href=\"https:\/\/scientia-amazonia.org\/wp-content\/uploads\/2016\/09\/v5-n2-68-71-2016.pdf\">Use of software \u201cBuild a molecule\u201d in the subject isomerism approach<\/a> (In Portuguese)<\/p>\n<p>Nadia Cilene Alvoredo da Cruz, Erasmo Sergio Ferreira Pessoa Junior<\/p>\n<p><a href=\"https:\/\/scientia-amazonia.org\/wp-content\/uploads\/2016\/09\/v5-n2-72-76-2016.pdf\">Chemical reactions approach: Using the simulator PhET<\/a> (In portuguese)<\/p>\n<p>Claudenor Piedade, Jos\u00e9 Waldemar Negr\u00e3o Guimar\u00e3es, Valdir B. Macedo, \u00a0Genilson Pereira Santana<\/p>\n<p><a href=\"https:\/\/scientia-amazonia.org\/wp-content\/uploads\/2016\/09\/v5-n2-77-79-2016.pdf\">Introduction to nuclear reactions &#8211; A theatrical approach<\/a> (In portuguese)<\/p>\n<p>Eduardo Cruz da Costa, Mauro C\u00e9lio da Silveira Pio<\/p>\n<p><a href=\"https:\/\/scientia-amazonia.org\/wp-content\/uploads\/2016\/09\/v5-n2-80-83-2016.pdf\">Bingo as Playful Activity in Teaching the Periodic Table<\/a> (In portuguese)<\/p>\n<p>Carlos Jos\u00e9 Macedo dos Santos, Mauro C\u00e9lio Silveira Pio<\/p>\n<p><a href=\"https:\/\/scientia-amazonia.org\/wp-content\/uploads\/2016\/09\/v5-n2-84-87-2016.pdf\">Phenomena capture thermochemical through selfies<\/a> (In portuguese)<\/p>\n<p>Francianne Freitas Bertino, Genilson Pereira Santana<\/p>\n<p><a href=\"https:\/\/scientia-amazonia.org\/wp-content\/uploads\/2016\/09\/v5-n2-88-91-2016.pdf\">Approach chemical bonds with the use of cartoons<\/a>\u00a0 (In portuguese)<\/p>\n<p>Ylma Lpoes Miranda, Mauro da Silveira Pio<\/p>\n<p><a href=\"https:\/\/scientia-amazonia.org\/wp-content\/uploads\/2016\/09\/v5-n2-92-95-2016.pdf\">Waste oils as the subject of debate in environmental education<\/a> (In portuguese)<\/p>\n<p>Rosineide Souza de Oliveira, Jurandir Moura Dutra<\/p>\n","protected":false},"excerpt":{"rendered":"<p>Health and safety in the fishing activity that landed in Manaus-Amazonas, Brazil \u00a0(In Portuguese) Lorenzo Soriano Antonaccio Barroco, Lucirene Aguiar de Souza, Caroline Pereira de Campos, Diogo Campos Cardoso Analyses of the correlation between somatic [&hellip;]<\/p>\n","protected":false},"author":1,"featured_media":0,"parent":166,"menu_order":0,"comment_status":"closed","ping_status":"closed","template":"","meta":{"_links_to":"","_links_to_target":""},"yoast_head":"<!-- This site is optimized with the Yoast SEO plugin v20.2.1 - https:\/\/yoast.com\/wordpress\/plugins\/seo\/ -->\n<title>N\u00famero 2 - Scientia Amazonia<\/title>\n<meta name=\"robots\" content=\"index, follow, max-snippet:-1, max-image-preview:large, max-video-preview:-1\" \/>\n<link rel=\"canonical\" href=\"https:\/\/scientia-amazonia.org\/index.php\/2016-2\/numero-2\/\" \/>\n<meta property=\"og:locale\" content=\"en_US\" \/>\n<meta property=\"og:type\" content=\"article\" \/>\n<meta property=\"og:title\" content=\"N\u00famero 2 - Scientia Amazonia\" \/>\n<meta property=\"og:description\" content=\"Health and safety in the fishing activity that landed in Manaus-Amazonas, Brazil \u00a0(In Portuguese) Lorenzo Soriano Antonaccio Barroco, Lucirene Aguiar de Souza, Caroline Pereira de Campos, Diogo Campos Cardoso Analyses of the correlation between somatic [&hellip;]\" \/>\n<meta property=\"og:url\" content=\"https:\/\/scientia-amazonia.org\/index.php\/2016-2\/numero-2\/\" \/>\n<meta property=\"og:site_name\" content=\"Scientia Amazonia\" \/>\n<meta property=\"article:modified_time\" content=\"2016-10-12T18:04:11+00:00\" \/>\n<meta name=\"twitter:card\" content=\"summary_large_image\" \/>\n<meta name=\"twitter:label1\" content=\"Est. reading time\" \/>\n\t<meta name=\"twitter:data1\" content=\"2 minutes\" \/>\n<script type=\"application\/ld+json\" class=\"yoast-schema-graph\">{\"@context\":\"https:\/\/schema.org\",\"@graph\":[{\"@type\":\"WebPage\",\"@id\":\"https:\/\/scientia-amazonia.org\/index.php\/2016-2\/numero-2\/\",\"url\":\"https:\/\/scientia-amazonia.org\/index.php\/2016-2\/numero-2\/\",\"name\":\"N\u00famero 2 - Scientia Amazonia\",\"isPartOf\":{\"@id\":\"https:\/\/scientia-amazonia.org\/#website\"},\"datePublished\":\"2016-09-13T23:19:07+00:00\",\"dateModified\":\"2016-10-12T18:04:11+00:00\",\"breadcrumb\":{\"@id\":\"https:\/\/scientia-amazonia.org\/index.php\/2016-2\/numero-2\/#breadcrumb\"},\"inLanguage\":\"en-US\",\"potentialAction\":[{\"@type\":\"ReadAction\",\"target\":[\"https:\/\/scientia-amazonia.org\/index.php\/2016-2\/numero-2\/\"]}]},{\"@type\":\"BreadcrumbList\",\"@id\":\"https:\/\/scientia-amazonia.org\/index.php\/2016-2\/numero-2\/#breadcrumb\",\"itemListElement\":[{\"@type\":\"ListItem\",\"position\":1,\"name\":\"Home\",\"item\":\"https:\/\/scientia-amazonia.org\/\"},{\"@type\":\"ListItem\",\"position\":2,\"name\":\"2016\",\"item\":\"https:\/\/scientia-amazonia.org\/index.php\/2016-2\/\"},{\"@type\":\"ListItem\",\"position\":3,\"name\":\"N\u00famero 2\"}]},{\"@type\":\"WebSite\",\"@id\":\"https:\/\/scientia-amazonia.org\/#website\",\"url\":\"https:\/\/scientia-amazonia.org\/\",\"name\":\"Scientia Amazonia\",\"description\":\"Revista eletr\u00f4nica\",\"publisher\":{\"@id\":\"https:\/\/scientia-amazonia.org\/#organization\"},\"potentialAction\":[{\"@type\":\"SearchAction\",\"target\":{\"@type\":\"EntryPoint\",\"urlTemplate\":\"https:\/\/scientia-amazonia.org\/?s={search_term_string}\"},\"query-input\":\"required name=search_term_string\"}],\"inLanguage\":\"en-US\"},{\"@type\":\"Organization\",\"@id\":\"https:\/\/scientia-amazonia.org\/#organization\",\"name\":\"Scientia Amazonia\",\"url\":\"https:\/\/scientia-amazonia.org\/\",\"logo\":{\"@type\":\"ImageObject\",\"inLanguage\":\"en-US\",\"@id\":\"https:\/\/scientia-amazonia.org\/#\/schema\/logo\/image\/\",\"url\":\"https:\/\/scientia-amazonia.org\/wp-content\/uploads\/2021\/03\/logoScientia2.png\",\"contentUrl\":\"https:\/\/scientia-amazonia.org\/wp-content\/uploads\/2021\/03\/logoScientia2.png\",\"width\":934,\"height\":100,\"caption\":\"Scientia Amazonia\"},\"image\":{\"@id\":\"https:\/\/scientia-amazonia.org\/#\/schema\/logo\/image\/\"}}]}<\/script>\n<!-- \/ Yoast SEO plugin. -->","yoast_head_json":{"title":"N\u00famero 2 - Scientia Amazonia","robots":{"index":"index","follow":"follow","max-snippet":"max-snippet:-1","max-image-preview":"max-image-preview:large","max-video-preview":"max-video-preview:-1"},"canonical":"https:\/\/scientia-amazonia.org\/index.php\/2016-2\/numero-2\/","og_locale":"en_US","og_type":"article","og_title":"N\u00famero 2 - Scientia Amazonia","og_description":"Health and safety in the fishing activity that landed in Manaus-Amazonas, Brazil \u00a0(In Portuguese) Lorenzo Soriano Antonaccio Barroco, Lucirene Aguiar de Souza, Caroline Pereira de Campos, Diogo Campos Cardoso Analyses of the correlation between somatic [&hellip;]","og_url":"https:\/\/scientia-amazonia.org\/index.php\/2016-2\/numero-2\/","og_site_name":"Scientia Amazonia","article_modified_time":"2016-10-12T18:04:11+00:00","twitter_card":"summary_large_image","twitter_misc":{"Est. reading time":"2 minutes"},"schema":{"@context":"https:\/\/schema.org","@graph":[{"@type":"WebPage","@id":"https:\/\/scientia-amazonia.org\/index.php\/2016-2\/numero-2\/","url":"https:\/\/scientia-amazonia.org\/index.php\/2016-2\/numero-2\/","name":"N\u00famero 2 - Scientia Amazonia","isPartOf":{"@id":"https:\/\/scientia-amazonia.org\/#website"},"datePublished":"2016-09-13T23:19:07+00:00","dateModified":"2016-10-12T18:04:11+00:00","breadcrumb":{"@id":"https:\/\/scientia-amazonia.org\/index.php\/2016-2\/numero-2\/#breadcrumb"},"inLanguage":"en-US","potentialAction":[{"@type":"ReadAction","target":["https:\/\/scientia-amazonia.org\/index.php\/2016-2\/numero-2\/"]}]},{"@type":"BreadcrumbList","@id":"https:\/\/scientia-amazonia.org\/index.php\/2016-2\/numero-2\/#breadcrumb","itemListElement":[{"@type":"ListItem","position":1,"name":"Home","item":"https:\/\/scientia-amazonia.org\/"},{"@type":"ListItem","position":2,"name":"2016","item":"https:\/\/scientia-amazonia.org\/index.php\/2016-2\/"},{"@type":"ListItem","position":3,"name":"N\u00famero 2"}]},{"@type":"WebSite","@id":"https:\/\/scientia-amazonia.org\/#website","url":"https:\/\/scientia-amazonia.org\/","name":"Scientia Amazonia","description":"Revista eletr\u00f4nica","publisher":{"@id":"https:\/\/scientia-amazonia.org\/#organization"},"potentialAction":[{"@type":"SearchAction","target":{"@type":"EntryPoint","urlTemplate":"https:\/\/scientia-amazonia.org\/?s={search_term_string}"},"query-input":"required name=search_term_string"}],"inLanguage":"en-US"},{"@type":"Organization","@id":"https:\/\/scientia-amazonia.org\/#organization","name":"Scientia Amazonia","url":"https:\/\/scientia-amazonia.org\/","logo":{"@type":"ImageObject","inLanguage":"en-US","@id":"https:\/\/scientia-amazonia.org\/#\/schema\/logo\/image\/","url":"https:\/\/scientia-amazonia.org\/wp-content\/uploads\/2021\/03\/logoScientia2.png","contentUrl":"https:\/\/scientia-amazonia.org\/wp-content\/uploads\/2021\/03\/logoScientia2.png","width":934,"height":100,"caption":"Scientia Amazonia"},"image":{"@id":"https:\/\/scientia-amazonia.org\/#\/schema\/logo\/image\/"}}]}},"_links":{"self":[{"href":"https:\/\/scientia-amazonia.org\/index.php\/wp-json\/wp\/v2\/pages\/422"}],"collection":[{"href":"https:\/\/scientia-amazonia.org\/index.php\/wp-json\/wp\/v2\/pages"}],"about":[{"href":"https:\/\/scientia-amazonia.org\/index.php\/wp-json\/wp\/v2\/types\/page"}],"author":[{"embeddable":true,"href":"https:\/\/scientia-amazonia.org\/index.php\/wp-json\/wp\/v2\/users\/1"}],"replies":[{"embeddable":true,"href":"https:\/\/scientia-amazonia.org\/index.php\/wp-json\/wp\/v2\/comments?post=422"}],"version-history":[{"count":23,"href":"https:\/\/scientia-amazonia.org\/index.php\/wp-json\/wp\/v2\/pages\/422\/revisions"}],"predecessor-version":[{"id":476,"href":"https:\/\/scientia-amazonia.org\/index.php\/wp-json\/wp\/v2\/pages\/422\/revisions\/476"}],"up":[{"embeddable":true,"href":"https:\/\/scientia-amazonia.org\/index.php\/wp-json\/wp\/v2\/pages\/166"}],"wp:attachment":[{"href":"https:\/\/scientia-amazonia.org\/index.php\/wp-json\/wp\/v2\/media?parent=422"}],"curies":[{"name":"wp","href":"https:\/\/api.w.org\/{rel}","templated":true}]}}