{"id":44,"date":"2016-06-07T23:13:06","date_gmt":"2016-06-07T23:13:06","guid":{"rendered":"https:\/\/scientia-amazonia.org\/?page_id=44"},"modified":"2021-05-26T19:49:18","modified_gmt":"2021-05-26T19:49:18","slug":"normas-publicacao","status":"publish","type":"page","link":"https:\/\/scientia-amazonia.org\/index.php\/normas-publicacao\/","title":{"rendered":"Normas de publica\u00e7\u00e3o"},"content":{"rendered":"<p><strong>Informa\u00e7\u00f5es Gerais<\/strong><\/p>\n<p>Na Revista Eletr\u00f4nica\u00a0<strong><em>Scientia Amazonia<\/em><\/strong> ser\u00e3o considerados para publica\u00e7\u00e3o artigos referentes a todas as \u00e1reas do conhecimento<strong>.<\/strong><\/p>\n<p>O manuscrito poder\u00e1 ser submetido nas\u00a0<strong>l\u00ednguas portuguesa, espanhola ou inglesa<\/strong>.\u00a0Se o trabalho for escrito na l\u00edngua inglesa dever\u00e1 conter um resumo em portugu\u00eas ou vice-versa. No caso do manuscrito ser redigido na l\u00edngua espanhola dever\u00e1 conter tr\u00eas resumos: portugu\u00eas, ingl\u00eas e espanhol. O texto dever\u00e1 ser digitado\u00a0diretamente no template existente em cada modalidade de artigo (<a href=\"https:\/\/scientia-amazonia.org\/index.php\/normas-publicacao\/artigo-revisao\/\">Artigos de Revis\u00e3o<\/a>, <a href=\"https:\/\/scientia-amazonia.org\/index.php\/normas-publicacao\/artigos-originais\/\">Artigos Originais<\/a> e <a href=\"https:\/\/scientia-amazonia.org\/index.php\/normas-publicacao\/notas-cientificas\/\">Notas Cient\u00edficas<\/a>).<\/p>\n<blockquote>\n<h2>Recomenda-se consultar artigos publicados na<strong> <em>Scientia Amazonia<\/em><\/strong>.<\/h2>\n<\/blockquote>\n<p><em><strong>Procedimento para submiss\u00e3o artigo (manuscrito). Enviar por email (<a href=\"mailto:editor@scientia-amazonia.org\">editor@scientia-amazonia.org<\/a>) os seguintes items <\/strong><\/em>:<\/p>\n<p>1. Uma c\u00f3pia completa do artigo, <strong>em pdf<\/strong>, contendo t\u00edtulo do trabalho, nomes dos autores com as respectivas afilia\u00e7\u00f5es, o corpo do artigo (introdu\u00e7\u00e3o, metodologia, resultados, discuss\u00e3o, conclus\u00e3o e refer\u00eancias) e agradecimentos.<\/p>\n<p>2. Uma c\u00f3pia, <strong>em pdf, <\/strong>contendo apenas t\u00edtulo do trabalho e o corpo do artigo (introdu\u00e7\u00e3o, metodologia, resultados, discuss\u00e3o, conclus\u00e3o e refer\u00eancias). Essa c\u00f3pia ser\u00e1 enviada para os revisores.<\/p>\n<p>3. Enviar uma lista com cinco\u00a0 nomes de pesquisadores, que atuam na \u00e1rea de conhecimento do artigo, com seus respectivos endere\u00e7os eletr\u00f4nicos.<\/p>\n<blockquote>\n<h2>A Scientia Amazonia utiliza o processo de avalia\u00e7\u00e3o duplo cego; ou seja, autores n\u00e3o ter\u00e3o conhecimento dos revisores e vice-versa<\/h2>\n<\/blockquote>\n<p>4. Um texto contexto at\u00e9 150 palavras sobre a import\u00e2ncia cient\u00edfica do artigo.<\/p>\n<p>5. Uma c\u00f3pia do parecer <strong>em pdf<\/strong> do <strong>Comit\u00ea de \u00c9tica<\/strong> para os artigos que relatam experimentos em animais ou em seres humanos dever\u00e1 ser anexada com os demais arquivos. <strong>Para os artigos que relatam experimentos em animais ou humanos, no item Metodologia (parte experimental) dever\u00e1 conter o n\u00famero e data do parecer emitido pelo respectivo Comit\u00ea de \u00c9tica<\/strong><\/p>\n<p><em><strong>Copyright<\/strong><\/em><\/p>\n<p>Para publica\u00e7\u00e3o na\u00a0<em>Scientia Amazonia<\/em>, requer-se que os manuscritos submetidos a esta revista n\u00e3o tenham sido publicados anteriormente e n\u00e3o sejam submetidos ou publicados, simultaneamente, em outro peri\u00f3dico.<\/p>\n<p>Ao submeter o manuscrito, os autores concordam que o\u00a0<em>copyright<\/em>\u00a0de seu artigo seja para\u00a0<em>Scientia Amazonia<\/em>, se e quando o artigo for aceito para publica\u00e7\u00e3o. O\u00a0<em>copyright<\/em>\u00a0abrange direitos exclusivos de reprodu\u00e7\u00e3o e distribui\u00e7\u00e3o dos artigos, inclusive separatas, reprodu\u00e7\u00f5es fotogr\u00e1ficas, microfilmes ou quaisquer outras reprodu\u00e7\u00f5es de natureza similar, inclusive tradu\u00e7\u00f5es. Nenhuma parte desta publica\u00e7\u00e3o pode ser reproduzida, armazenada em bancos de dados ou transmitida sob qualquer forma ou meio, seja eletr\u00f4nico, eletrost\u00e1tico, mec\u00e2nico, por fotoc\u00f3pia, grava\u00e7\u00e3o, m\u00eddia magn\u00e9tica ou algum outro modo, sem permiss\u00e3o por escrito da detentora do\u00a0<em>copyright.<\/em> Embora todo esfor\u00e7o seja feito pelo Editores e Conselho Editorial para garantir que nenhum dado, opini\u00e3o ou afirmativa errada ou enganosa apare\u00e7am nesta revista. Deixa-se claro, que o conte\u00fado dos artigos, aqui publicados, s\u00e3o de responsabilidade, \u00fanica e exclusiva, dos respectivos autores envolvidos. Portanto, o Conselho Editorial e Editores se isentam, totalmente, de qualquer responsabilidade pelas consequ\u00eancias de quaisquer tais resultados, opini\u00f5es ou afirmativas erradas ou enganosas e pl\u00e1gios.<\/p>\n","protected":false},"excerpt":{"rendered":"<p>Informa\u00e7\u00f5es Gerais Na Revista Eletr\u00f4nica\u00a0Scientia Amazonia ser\u00e3o considerados para publica\u00e7\u00e3o artigos referentes a todas as \u00e1reas do conhecimento. O manuscrito poder\u00e1 ser submetido nas\u00a0l\u00ednguas portuguesa, espanhola ou inglesa.\u00a0Se o trabalho for escrito na l\u00edngua inglesa [&hellip;]<\/p>\n","protected":false},"author":1,"featured_media":369,"parent":0,"menu_order":0,"comment_status":"closed","ping_status":"closed","template":"","meta":{"_links_to":"","_links_to_target":""},"yoast_head":"<!-- This site is optimized with the Yoast SEO plugin v20.2.1 - https:\/\/yoast.com\/wordpress\/plugins\/seo\/ -->\n<title>Normas de publica\u00e7\u00e3o - Scientia Amazonia<\/title>\n<meta name=\"robots\" content=\"index, follow, max-snippet:-1, max-image-preview:large, max-video-preview:-1\" \/>\n<link rel=\"canonical\" href=\"https:\/\/scientia-amazonia.org\/index.php\/normas-publicacao\/\" \/>\n<meta property=\"og:locale\" content=\"en_US\" \/>\n<meta property=\"og:type\" content=\"article\" \/>\n<meta property=\"og:title\" content=\"Normas de publica\u00e7\u00e3o - Scientia Amazonia\" \/>\n<meta property=\"og:description\" content=\"Informa\u00e7\u00f5es Gerais Na Revista Eletr\u00f4nica\u00a0Scientia Amazonia ser\u00e3o considerados para publica\u00e7\u00e3o artigos referentes a todas as \u00e1reas do conhecimento. O manuscrito poder\u00e1 ser submetido nas\u00a0l\u00ednguas portuguesa, espanhola ou inglesa.\u00a0Se o trabalho for escrito na l\u00edngua inglesa [&hellip;]\" \/>\n<meta property=\"og:url\" content=\"https:\/\/scientia-amazonia.org\/index.php\/normas-publicacao\/\" \/>\n<meta property=\"og:site_name\" content=\"Scientia Amazonia\" \/>\n<meta property=\"article:modified_time\" content=\"2021-05-26T19:49:18+00:00\" \/>\n<meta property=\"og:image\" content=\"https:\/\/scientia-amazonia.org\/wp-content\/uploads\/2016\/06\/paper.jpeg\" \/>\n\t<meta property=\"og:image:width\" content=\"526\" \/>\n\t<meta property=\"og:image:height\" content=\"350\" \/>\n\t<meta property=\"og:image:type\" content=\"image\/jpeg\" \/>\n<meta name=\"twitter:card\" content=\"summary_large_image\" \/>\n<meta name=\"twitter:label1\" content=\"Est. reading time\" \/>\n\t<meta name=\"twitter:data1\" content=\"3 minutes\" \/>\n<script type=\"application\/ld+json\" class=\"yoast-schema-graph\">{\"@context\":\"https:\/\/schema.org\",\"@graph\":[{\"@type\":\"WebPage\",\"@id\":\"https:\/\/scientia-amazonia.org\/index.php\/normas-publicacao\/\",\"url\":\"https:\/\/scientia-amazonia.org\/index.php\/normas-publicacao\/\",\"name\":\"Normas de publica\u00e7\u00e3o - Scientia Amazonia\",\"isPartOf\":{\"@id\":\"https:\/\/scientia-amazonia.org\/#website\"},\"datePublished\":\"2016-06-07T23:13:06+00:00\",\"dateModified\":\"2021-05-26T19:49:18+00:00\",\"breadcrumb\":{\"@id\":\"https:\/\/scientia-amazonia.org\/index.php\/normas-publicacao\/#breadcrumb\"},\"inLanguage\":\"en-US\",\"potentialAction\":[{\"@type\":\"ReadAction\",\"target\":[\"https:\/\/scientia-amazonia.org\/index.php\/normas-publicacao\/\"]}]},{\"@type\":\"BreadcrumbList\",\"@id\":\"https:\/\/scientia-amazonia.org\/index.php\/normas-publicacao\/#breadcrumb\",\"itemListElement\":[{\"@type\":\"ListItem\",\"position\":1,\"name\":\"Home\",\"item\":\"https:\/\/scientia-amazonia.org\/\"},{\"@type\":\"ListItem\",\"position\":2,\"name\":\"Normas de publica\u00e7\u00e3o\"}]},{\"@type\":\"WebSite\",\"@id\":\"https:\/\/scientia-amazonia.org\/#website\",\"url\":\"https:\/\/scientia-amazonia.org\/\",\"name\":\"Scientia Amazonia\",\"description\":\"Revista eletr\u00f4nica\",\"publisher\":{\"@id\":\"https:\/\/scientia-amazonia.org\/#organization\"},\"potentialAction\":[{\"@type\":\"SearchAction\",\"target\":{\"@type\":\"EntryPoint\",\"urlTemplate\":\"https:\/\/scientia-amazonia.org\/?s={search_term_string}\"},\"query-input\":\"required name=search_term_string\"}],\"inLanguage\":\"en-US\"},{\"@type\":\"Organization\",\"@id\":\"https:\/\/scientia-amazonia.org\/#organization\",\"name\":\"Scientia Amazonia\",\"url\":\"https:\/\/scientia-amazonia.org\/\",\"logo\":{\"@type\":\"ImageObject\",\"inLanguage\":\"en-US\",\"@id\":\"https:\/\/scientia-amazonia.org\/#\/schema\/logo\/image\/\",\"url\":\"https:\/\/scientia-amazonia.org\/wp-content\/uploads\/2021\/03\/logoScientia2.png\",\"contentUrl\":\"https:\/\/scientia-amazonia.org\/wp-content\/uploads\/2021\/03\/logoScientia2.png\",\"width\":934,\"height\":100,\"caption\":\"Scientia Amazonia\"},\"image\":{\"@id\":\"https:\/\/scientia-amazonia.org\/#\/schema\/logo\/image\/\"}}]}<\/script>\n<!-- \/ Yoast SEO plugin. -->","yoast_head_json":{"title":"Normas de publica\u00e7\u00e3o - Scientia Amazonia","robots":{"index":"index","follow":"follow","max-snippet":"max-snippet:-1","max-image-preview":"max-image-preview:large","max-video-preview":"max-video-preview:-1"},"canonical":"https:\/\/scientia-amazonia.org\/index.php\/normas-publicacao\/","og_locale":"en_US","og_type":"article","og_title":"Normas de publica\u00e7\u00e3o - Scientia Amazonia","og_description":"Informa\u00e7\u00f5es Gerais Na Revista Eletr\u00f4nica\u00a0Scientia Amazonia ser\u00e3o considerados para publica\u00e7\u00e3o artigos referentes a todas as \u00e1reas do conhecimento. O manuscrito poder\u00e1 ser submetido nas\u00a0l\u00ednguas portuguesa, espanhola ou inglesa.\u00a0Se o trabalho for escrito na l\u00edngua inglesa [&hellip;]","og_url":"https:\/\/scientia-amazonia.org\/index.php\/normas-publicacao\/","og_site_name":"Scientia Amazonia","article_modified_time":"2021-05-26T19:49:18+00:00","og_image":[{"width":526,"height":350,"url":"https:\/\/scientia-amazonia.org\/wp-content\/uploads\/2016\/06\/paper.jpeg","type":"image\/jpeg"}],"twitter_card":"summary_large_image","twitter_misc":{"Est. reading time":"3 minutes"},"schema":{"@context":"https:\/\/schema.org","@graph":[{"@type":"WebPage","@id":"https:\/\/scientia-amazonia.org\/index.php\/normas-publicacao\/","url":"https:\/\/scientia-amazonia.org\/index.php\/normas-publicacao\/","name":"Normas de publica\u00e7\u00e3o - Scientia Amazonia","isPartOf":{"@id":"https:\/\/scientia-amazonia.org\/#website"},"datePublished":"2016-06-07T23:13:06+00:00","dateModified":"2021-05-26T19:49:18+00:00","breadcrumb":{"@id":"https:\/\/scientia-amazonia.org\/index.php\/normas-publicacao\/#breadcrumb"},"inLanguage":"en-US","potentialAction":[{"@type":"ReadAction","target":["https:\/\/scientia-amazonia.org\/index.php\/normas-publicacao\/"]}]},{"@type":"BreadcrumbList","@id":"https:\/\/scientia-amazonia.org\/index.php\/normas-publicacao\/#breadcrumb","itemListElement":[{"@type":"ListItem","position":1,"name":"Home","item":"https:\/\/scientia-amazonia.org\/"},{"@type":"ListItem","position":2,"name":"Normas de publica\u00e7\u00e3o"}]},{"@type":"WebSite","@id":"https:\/\/scientia-amazonia.org\/#website","url":"https:\/\/scientia-amazonia.org\/","name":"Scientia Amazonia","description":"Revista eletr\u00f4nica","publisher":{"@id":"https:\/\/scientia-amazonia.org\/#organization"},"potentialAction":[{"@type":"SearchAction","target":{"@type":"EntryPoint","urlTemplate":"https:\/\/scientia-amazonia.org\/?s={search_term_string}"},"query-input":"required name=search_term_string"}],"inLanguage":"en-US"},{"@type":"Organization","@id":"https:\/\/scientia-amazonia.org\/#organization","name":"Scientia Amazonia","url":"https:\/\/scientia-amazonia.org\/","logo":{"@type":"ImageObject","inLanguage":"en-US","@id":"https:\/\/scientia-amazonia.org\/#\/schema\/logo\/image\/","url":"https:\/\/scientia-amazonia.org\/wp-content\/uploads\/2021\/03\/logoScientia2.png","contentUrl":"https:\/\/scientia-amazonia.org\/wp-content\/uploads\/2021\/03\/logoScientia2.png","width":934,"height":100,"caption":"Scientia Amazonia"},"image":{"@id":"https:\/\/scientia-amazonia.org\/#\/schema\/logo\/image\/"}}]}},"_links":{"self":[{"href":"https:\/\/scientia-amazonia.org\/index.php\/wp-json\/wp\/v2\/pages\/44"}],"collection":[{"href":"https:\/\/scientia-amazonia.org\/index.php\/wp-json\/wp\/v2\/pages"}],"about":[{"href":"https:\/\/scientia-amazonia.org\/index.php\/wp-json\/wp\/v2\/types\/page"}],"author":[{"embeddable":true,"href":"https:\/\/scientia-amazonia.org\/index.php\/wp-json\/wp\/v2\/users\/1"}],"replies":[{"embeddable":true,"href":"https:\/\/scientia-amazonia.org\/index.php\/wp-json\/wp\/v2\/comments?post=44"}],"version-history":[{"count":22,"href":"https:\/\/scientia-amazonia.org\/index.php\/wp-json\/wp\/v2\/pages\/44\/revisions"}],"predecessor-version":[{"id":1766,"href":"https:\/\/scientia-amazonia.org\/index.php\/wp-json\/wp\/v2\/pages\/44\/revisions\/1766"}],"wp:featuredmedia":[{"embeddable":true,"href":"https:\/\/scientia-amazonia.org\/index.php\/wp-json\/wp\/v2\/media\/369"}],"wp:attachment":[{"href":"https:\/\/scientia-amazonia.org\/index.php\/wp-json\/wp\/v2\/media?parent=44"}],"curies":[{"name":"wp","href":"https:\/\/api.w.org\/{rel}","templated":true}]}}