{"id":442,"date":"2016-10-05T01:32:37","date_gmt":"2016-10-05T01:32:37","guid":{"rendered":"https:\/\/scientia-amazonia.org\/?page_id=442"},"modified":"2016-11-02T00:55:18","modified_gmt":"2016-11-02T00:55:18","slug":"numero-3","status":"publish","type":"page","link":"https:\/\/scientia-amazonia.org\/index.php\/2016-2\/numero-3\/","title":{"rendered":"N\u00famero 3"},"content":{"rendered":"<p style=\"text-align: center;\"><a href=\"https:\/\/scientia-amazonia.org\/wp-content\/uploads\/2016\/10\/v5-n3-1-10-2016.pdf\">Prevalence of Hypertensive of Gestation Specific disease in Basic Health Units and Municipal Hospital Colinas do Tocantins \u2013 TO<\/a><\/p>\n<p style=\"text-align: center;\">Bruna Mour\u00e3o Moura; Alexsandra de S\u00e1 Santos Torres; Andrielly Gomes de Jesus; Val\u00e9ria Mour\u00e3o de Moura<\/p>\n<p style=\"text-align: center;\"><a href=\"https:\/\/scientia-amazonia.org\/wp-content\/uploads\/2016\/10\/v5-n3-11-20-2016.pdf\">Phytoremediation potential of Alocasia macrorrhiza for Co, Cu, Ni and Zn<\/a> (In portuguese)<\/p>\n<p style=\"text-align: center;\">F\u00e1bio Alexandre Costa Mota, \u00c9zio Sargentini J\u00fanior, Genilson Pereira Santana<\/p>\n<p style=\"text-align: center;\"><a href=\"https:\/\/scientia-amazonia.org\/wp-content\/uploads\/2016\/10\/v5-n3-21-24-2016.pdf\">Stimulus for the production of resin Protium hebetatum Daly and evaluation of volatile chemical constituents<\/a> (In portuguese).<\/p>\n<p style=\"text-align: center;\">Thiago Augusto Araujo Correia Lima, Jos\u00e9 Eduardo Lahoz da Silva Ribeiro, Marcia Ortiz Mayo Marques, Roselaine Facanali, Maria da Paz Lima<\/p>\n<p style=\"text-align: center;\"><a href=\"https:\/\/scientia-amazonia.org\/wp-content\/uploads\/2016\/10\/v5-n3-25-30-2016.pdf\">Vetiver growth under different slurry concentrations<\/a> (In English)<\/p>\n<p style=\"text-align: center;\">Acilino do Carmo Canto, Danival Vieira de Freitas, Adriano Teixeira de Oliveira, Marcia Regina Fragoso Machado, Jackson Pantoja-Lima, Suelen Miranda dos Santos, Paulo Henrique Rocha Aride<\/p>\n<p style=\"text-align: center;\"><a href=\"https:\/\/scientia-amazonia.org\/wp-content\/uploads\/2016\/10\/v5-n3-31-46-2016.pdf\">\u00a0Biological aspects, ecology and physiology of arapaima (Arapaima gigas): a literature review<\/a> (In portuguese)<\/p>\n<p style=\"text-align: center;\">Adailton Moreira da Silva, Wallice Luiz Paxi\u00faba Duncan<\/p>\n<p style=\"text-align: center;\"><a href=\"https:\/\/scientia-amazonia.org\/wp-content\/uploads\/2016\/10\/v5-n3-47-55-2016.pdf\">Care guidelines necessary to compose a manual for relatives of elderly patients undergoing neurosurgery: an integrative review <\/a>(In portuguese)<\/p>\n<p style=\"text-align: center;\">Gisele dos Santos Rocha, Ana Paula Pessoa de Oliveira, Arinete Vera Fontes Esteves<\/p>\n<p style=\"text-align: center;\"><strong>S\u00e9rie de Artigos Ensino de Qu\u00edmica<\/strong><\/p>\n<p style=\"text-align: center;\"><a href=\"https:\/\/scientia-amazonia.org\/wp-content\/uploads\/2016\/10\/v5-n3-56-63-2016.pdf\">Comic books: a building for learning the major inorganic salts used in day to day<\/a> (In portuguese)<\/p>\n<p style=\"text-align: center;\">Darlinda Dias Monteiro, Geise G\u00f3es Canalez<\/p>\n<p style=\"text-align: center;\"><a href=\"https:\/\/scientia-amazonia.org\/wp-content\/uploads\/2016\/10\/v5-n3-64-68-2016.pdf\">Breaking the head with Lavoisier: a proposal for learning stoichiometric calculations<\/a> (In portuguese)<\/p>\n<p style=\"text-align: center;\">Yara Rodrigues Gra\u00e7a, Priscila Pedrosa Finicelli, Rosineide Souza de Oliveira, Genilson Pereira Santana<\/p>\n<p style=\"text-align: center;\"><a href=\"https:\/\/scientia-amazonia.org\/wp-content\/uploads\/2016\/10\/v5-n3-69-72-2016.pdf\">The use of parody in Chemical Equilibrium teaching<\/a> (In portuguese)<\/p>\n<p style=\"text-align: center;\">Rilza Corr\u00eaa Cardoso, Genilson Pereira Santana<\/p>\n<p style=\"text-align: center;\"><a href=\"https:\/\/scientia-amazonia.org\/wp-content\/uploads\/2016\/10\/v5-n3-73-79-2016.pdf\">Game data as an auxiliary tool in the teaching of organic functions<\/a> (In portuguese)<\/p>\n<p style=\"text-align: center;\">Raniele Maria Zane Batista, Erasmo Sergio Ferreira Pessoa Junior<\/p>\n<p style=\"text-align: center;\"><a href=\"https:\/\/scientia-amazonia.org\/wp-content\/uploads\/2016\/10\/v5-n3-80-85-2016.pdf\">Lemongrass soap (Lippia alba): a proposal for the teaching of oxygen function<\/a> (In portuguese)<\/p>\n<p style=\"text-align: center;\">Karla Andr\u00e9ia de Souza Sales, Erasmo Sergio Ferreira Pessoa Junior<\/p>\n<p style=\"text-align: center;\"><a href=\"https:\/\/scientia-amazonia.org\/wp-content\/uploads\/2016\/10\/v5-n3-86-90-2016.pdf\">Covalent bonds in software approach \u201cBuild a Molecule\u201d<\/a> (in portuguese)<\/p>\n<p style=\"text-align: center;\">Francisco Erdilson Pereira da Silva, Genilson Pereira Santana<\/p>\n<p style=\"text-align: center;\"><a href=\"https:\/\/scientia-amazonia.org\/wp-content\/uploads\/2016\/10\/v5-n3-91-99-2016.pdf\">A New Look For Environmental Education: A Case Study with Elementary School Students of the Municipal School of Manaus<\/a> (In portuguese)<\/p>\n<p style=\"text-align: center;\">Edison Seide Pereira da Silva, Geise de G\u00f3es Canalez, Ailton Gon\u00e7alves Reis<\/p>\n<p style=\"text-align: center;\"><a href=\"https:\/\/scientia-amazonia.org\/wp-content\/uploads\/2016\/10\/v5-n3-100-104-2016.pdf\">Disinfectant solutions as teaching proposal <\/a>(In portuguese)<\/p>\n<p style=\"text-align: center;\">\u00a0In\u00eas da Silva Soares, Genilson Pereira Santana<\/p>\n<p style=\"text-align: center;\"><a href=\"https:\/\/scientia-amazonia.org\/wp-content\/uploads\/2016\/10\/v5-n3-105-108-2016.pdf\">The evolution of atomic theory using tucum\u00e3-based models in the context in chemistry teaching<\/a> (In portuguese)<\/p>\n<p style=\"text-align: center;\">Claudison Marques Passos, Mauro C\u00e9lio da Silveira Pio<\/p>\n<p style=\"text-align: center;\"><a href=\"https:\/\/scientia-amazonia.org\/wp-content\/uploads\/2016\/10\/v5-n3-109-113-2016.pdf\">The atomic structure in view of the first year of high-school students through the production of three-dimensional models<\/a> (In portuguese)<\/p>\n<p style=\"text-align: center;\">\u00a0Davi Oliveira Mo\u00e7a, Eduardo Cruz da Costa, Leniza Jaqtinon de Oliveira, Mauro C\u00e9lio da Silveira Pio<\/p>\n","protected":false},"excerpt":{"rendered":"<p>Prevalence of Hypertensive of Gestation Specific disease in Basic Health Units and Municipal Hospital Colinas do Tocantins \u2013 TO Bruna Mour\u00e3o Moura; Alexsandra de S\u00e1 Santos Torres; Andrielly Gomes de Jesus; Val\u00e9ria Mour\u00e3o de Moura [&hellip;]<\/p>\n","protected":false},"author":1,"featured_media":0,"parent":166,"menu_order":0,"comment_status":"closed","ping_status":"closed","template":"","meta":{"_links_to":"","_links_to_target":""},"yoast_head":"<!-- This site is optimized with the Yoast SEO plugin v20.2.1 - https:\/\/yoast.com\/wordpress\/plugins\/seo\/ -->\n<title>N\u00famero 3 - Scientia Amazonia<\/title>\n<meta name=\"robots\" content=\"index, follow, max-snippet:-1, max-image-preview:large, max-video-preview:-1\" \/>\n<link rel=\"canonical\" href=\"https:\/\/scientia-amazonia.org\/index.php\/2016-2\/numero-3\/\" \/>\n<meta property=\"og:locale\" content=\"en_US\" \/>\n<meta property=\"og:type\" content=\"article\" \/>\n<meta property=\"og:title\" content=\"N\u00famero 3 - Scientia Amazonia\" \/>\n<meta property=\"og:description\" content=\"Prevalence of Hypertensive of Gestation Specific disease in Basic Health Units and Municipal Hospital Colinas do Tocantins \u2013 TO Bruna Mour\u00e3o Moura; Alexsandra de S\u00e1 Santos Torres; Andrielly Gomes de Jesus; Val\u00e9ria Mour\u00e3o de Moura [&hellip;]\" \/>\n<meta property=\"og:url\" content=\"https:\/\/scientia-amazonia.org\/index.php\/2016-2\/numero-3\/\" \/>\n<meta property=\"og:site_name\" content=\"Scientia Amazonia\" \/>\n<meta property=\"article:modified_time\" content=\"2016-11-02T00:55:18+00:00\" \/>\n<meta name=\"twitter:card\" content=\"summary_large_image\" \/>\n<meta name=\"twitter:label1\" content=\"Est. reading time\" \/>\n\t<meta name=\"twitter:data1\" content=\"2 minutes\" \/>\n<script type=\"application\/ld+json\" class=\"yoast-schema-graph\">{\"@context\":\"https:\/\/schema.org\",\"@graph\":[{\"@type\":\"WebPage\",\"@id\":\"https:\/\/scientia-amazonia.org\/index.php\/2016-2\/numero-3\/\",\"url\":\"https:\/\/scientia-amazonia.org\/index.php\/2016-2\/numero-3\/\",\"name\":\"N\u00famero 3 - Scientia Amazonia\",\"isPartOf\":{\"@id\":\"https:\/\/scientia-amazonia.org\/#website\"},\"datePublished\":\"2016-10-05T01:32:37+00:00\",\"dateModified\":\"2016-11-02T00:55:18+00:00\",\"breadcrumb\":{\"@id\":\"https:\/\/scientia-amazonia.org\/index.php\/2016-2\/numero-3\/#breadcrumb\"},\"inLanguage\":\"en-US\",\"potentialAction\":[{\"@type\":\"ReadAction\",\"target\":[\"https:\/\/scientia-amazonia.org\/index.php\/2016-2\/numero-3\/\"]}]},{\"@type\":\"BreadcrumbList\",\"@id\":\"https:\/\/scientia-amazonia.org\/index.php\/2016-2\/numero-3\/#breadcrumb\",\"itemListElement\":[{\"@type\":\"ListItem\",\"position\":1,\"name\":\"Home\",\"item\":\"https:\/\/scientia-amazonia.org\/\"},{\"@type\":\"ListItem\",\"position\":2,\"name\":\"2016\",\"item\":\"https:\/\/scientia-amazonia.org\/index.php\/2016-2\/\"},{\"@type\":\"ListItem\",\"position\":3,\"name\":\"N\u00famero 3\"}]},{\"@type\":\"WebSite\",\"@id\":\"https:\/\/scientia-amazonia.org\/#website\",\"url\":\"https:\/\/scientia-amazonia.org\/\",\"name\":\"Scientia Amazonia\",\"description\":\"Revista eletr\u00f4nica\",\"publisher\":{\"@id\":\"https:\/\/scientia-amazonia.org\/#organization\"},\"potentialAction\":[{\"@type\":\"SearchAction\",\"target\":{\"@type\":\"EntryPoint\",\"urlTemplate\":\"https:\/\/scientia-amazonia.org\/?s={search_term_string}\"},\"query-input\":\"required name=search_term_string\"}],\"inLanguage\":\"en-US\"},{\"@type\":\"Organization\",\"@id\":\"https:\/\/scientia-amazonia.org\/#organization\",\"name\":\"Scientia Amazonia\",\"url\":\"https:\/\/scientia-amazonia.org\/\",\"logo\":{\"@type\":\"ImageObject\",\"inLanguage\":\"en-US\",\"@id\":\"https:\/\/scientia-amazonia.org\/#\/schema\/logo\/image\/\",\"url\":\"https:\/\/scientia-amazonia.org\/wp-content\/uploads\/2021\/03\/logoScientia2.png\",\"contentUrl\":\"https:\/\/scientia-amazonia.org\/wp-content\/uploads\/2021\/03\/logoScientia2.png\",\"width\":934,\"height\":100,\"caption\":\"Scientia Amazonia\"},\"image\":{\"@id\":\"https:\/\/scientia-amazonia.org\/#\/schema\/logo\/image\/\"}}]}<\/script>\n<!-- \/ Yoast SEO plugin. -->","yoast_head_json":{"title":"N\u00famero 3 - Scientia Amazonia","robots":{"index":"index","follow":"follow","max-snippet":"max-snippet:-1","max-image-preview":"max-image-preview:large","max-video-preview":"max-video-preview:-1"},"canonical":"https:\/\/scientia-amazonia.org\/index.php\/2016-2\/numero-3\/","og_locale":"en_US","og_type":"article","og_title":"N\u00famero 3 - Scientia Amazonia","og_description":"Prevalence of Hypertensive of Gestation Specific disease in Basic Health Units and Municipal Hospital Colinas do Tocantins \u2013 TO Bruna Mour\u00e3o Moura; Alexsandra de S\u00e1 Santos Torres; Andrielly Gomes de Jesus; Val\u00e9ria Mour\u00e3o de Moura [&hellip;]","og_url":"https:\/\/scientia-amazonia.org\/index.php\/2016-2\/numero-3\/","og_site_name":"Scientia Amazonia","article_modified_time":"2016-11-02T00:55:18+00:00","twitter_card":"summary_large_image","twitter_misc":{"Est. reading time":"2 minutes"},"schema":{"@context":"https:\/\/schema.org","@graph":[{"@type":"WebPage","@id":"https:\/\/scientia-amazonia.org\/index.php\/2016-2\/numero-3\/","url":"https:\/\/scientia-amazonia.org\/index.php\/2016-2\/numero-3\/","name":"N\u00famero 3 - Scientia Amazonia","isPartOf":{"@id":"https:\/\/scientia-amazonia.org\/#website"},"datePublished":"2016-10-05T01:32:37+00:00","dateModified":"2016-11-02T00:55:18+00:00","breadcrumb":{"@id":"https:\/\/scientia-amazonia.org\/index.php\/2016-2\/numero-3\/#breadcrumb"},"inLanguage":"en-US","potentialAction":[{"@type":"ReadAction","target":["https:\/\/scientia-amazonia.org\/index.php\/2016-2\/numero-3\/"]}]},{"@type":"BreadcrumbList","@id":"https:\/\/scientia-amazonia.org\/index.php\/2016-2\/numero-3\/#breadcrumb","itemListElement":[{"@type":"ListItem","position":1,"name":"Home","item":"https:\/\/scientia-amazonia.org\/"},{"@type":"ListItem","position":2,"name":"2016","item":"https:\/\/scientia-amazonia.org\/index.php\/2016-2\/"},{"@type":"ListItem","position":3,"name":"N\u00famero 3"}]},{"@type":"WebSite","@id":"https:\/\/scientia-amazonia.org\/#website","url":"https:\/\/scientia-amazonia.org\/","name":"Scientia Amazonia","description":"Revista eletr\u00f4nica","publisher":{"@id":"https:\/\/scientia-amazonia.org\/#organization"},"potentialAction":[{"@type":"SearchAction","target":{"@type":"EntryPoint","urlTemplate":"https:\/\/scientia-amazonia.org\/?s={search_term_string}"},"query-input":"required name=search_term_string"}],"inLanguage":"en-US"},{"@type":"Organization","@id":"https:\/\/scientia-amazonia.org\/#organization","name":"Scientia Amazonia","url":"https:\/\/scientia-amazonia.org\/","logo":{"@type":"ImageObject","inLanguage":"en-US","@id":"https:\/\/scientia-amazonia.org\/#\/schema\/logo\/image\/","url":"https:\/\/scientia-amazonia.org\/wp-content\/uploads\/2021\/03\/logoScientia2.png","contentUrl":"https:\/\/scientia-amazonia.org\/wp-content\/uploads\/2021\/03\/logoScientia2.png","width":934,"height":100,"caption":"Scientia Amazonia"},"image":{"@id":"https:\/\/scientia-amazonia.org\/#\/schema\/logo\/image\/"}}]}},"_links":{"self":[{"href":"https:\/\/scientia-amazonia.org\/index.php\/wp-json\/wp\/v2\/pages\/442"}],"collection":[{"href":"https:\/\/scientia-amazonia.org\/index.php\/wp-json\/wp\/v2\/pages"}],"about":[{"href":"https:\/\/scientia-amazonia.org\/index.php\/wp-json\/wp\/v2\/types\/page"}],"author":[{"embeddable":true,"href":"https:\/\/scientia-amazonia.org\/index.php\/wp-json\/wp\/v2\/users\/1"}],"replies":[{"embeddable":true,"href":"https:\/\/scientia-amazonia.org\/index.php\/wp-json\/wp\/v2\/comments?post=442"}],"version-history":[{"count":23,"href":"https:\/\/scientia-amazonia.org\/index.php\/wp-json\/wp\/v2\/pages\/442\/revisions"}],"predecessor-version":[{"id":527,"href":"https:\/\/scientia-amazonia.org\/index.php\/wp-json\/wp\/v2\/pages\/442\/revisions\/527"}],"up":[{"embeddable":true,"href":"https:\/\/scientia-amazonia.org\/index.php\/wp-json\/wp\/v2\/pages\/166"}],"wp:attachment":[{"href":"https:\/\/scientia-amazonia.org\/index.php\/wp-json\/wp\/v2\/media?parent=442"}],"curies":[{"name":"wp","href":"https:\/\/api.w.org\/{rel}","templated":true}]}}