{"id":516,"date":"2016-10-27T00:47:18","date_gmt":"2016-10-27T00:47:18","guid":{"rendered":"https:\/\/scientia-amazonia.org\/?page_id=516"},"modified":"2017-03-30T00:12:16","modified_gmt":"2017-03-30T00:12:16","slug":"numero-1","status":"publish","type":"page","link":"https:\/\/scientia-amazonia.org\/index.php\/2017-2\/numero-1\/","title":{"rendered":"N\u00famero 1"},"content":{"rendered":"<p style=\"text-align: center;\"><a href=\"https:\/\/scientia-amazonia.org\/wp-content\/uploads\/2016\/10\/v6-n1-1-8-2017.pdf\">Fattening of tambaquis (from 1 to 3 kg) feed with diets containing 22 and 28% of crude protein<\/a> (In portuguese)<\/p>\n<p style=\"text-align: center;\">Eloi Bispo Bezerra Neto, Gilmar Ferreira Prado, Glenda Alves Ferreira Prado, Raniere Garcez Costa Sousa<\/p>\n<p style=\"text-align: center;\"><a href=\"https:\/\/scientia-amazonia.org\/wp-content\/uploads\/2016\/10\/v6-n1-9-18.pdf\">Absenteeism due to illness among Army soldiers serving in the Amazon region, according to its patents<\/a> (In portuguese)<\/p>\n<p style=\"text-align: center;\">B\u00e1rbara de Oliveira Turatti, Rodrigo Ot\u00e1vio Moretti-Pires, Maria Jacirema Ferreira Gon\u00e7alves<\/p>\n<p style=\"text-align: center;\"><a href=\"https:\/\/scientia-amazonia.org\/wp-content\/uploads\/2016\/10\/v6-n1-19-30-2017.pdf\">Distribution of Pimelodidae larvae (Pisces, Siluriformes) in lower stretch of the Amazon River, Santar\u00e9m, Par\u00e1<\/a> (In portuguese)<\/p>\n<p style=\"text-align: center;\">Claudia Sousa Chaves, Julia de Souza Carvalho, Silvana Cristina Silva da Ponte, Liliane Campos Ferreira, Diego Maia Zacardi<\/p>\n<p style=\"text-align: center;\"><a href=\"https:\/\/scientia-amazonia.org\/wp-content\/uploads\/2016\/10\/v6-n1-31-41-2017.pdf\">Electrochemical immunosensors and their applications<\/a> (In portuguese)<\/p>\n<p style=\"text-align: center;\">Luana Kelly Lima Santana, Philipi Cavalcante Ricardo ,Ricardo Lima Serudo, Michella Lima Lasmar, Maria Cristina dos Santos<\/p>\n<p style=\"text-align: center;\"><a href=\"https:\/\/scientia-amazonia.org\/wp-content\/uploads\/2016\/10\/v6-n1-42-53-2017.pdf\">Pharmacological applications of Brazilian snake venoms with emphasis in Crotalus durissus terrificus and Crotalus durissus ruruima<\/a>\u00a0(In portuguese)<\/p>\n<p style=\"text-align: center;\">Ilia Gilmara Carvalho dos Santos, Consuelo Latorre Fortes-Dias, Maria Cristina dos Santos<\/p>\n<p style=\"text-align: center;\"><a href=\"https:\/\/scientia-amazonia.org\/wp-content\/uploads\/2016\/10\/v6-n1-54-60-2017.pdf\">A review of the pharmacological activities and substances isolated from of Carapa procera <\/a>(In portuguese)<\/p>\n<p style=\"text-align: center;\">Reuel da Silva Torquato Costa, Daiane Martins<\/p>\n<p style=\"text-align: center;\"><a href=\"https:\/\/scientia-amazonia.org\/wp-content\/uploads\/2016\/10\/v6-n1-61-70-2017.pdf\">One approach to phosphorus in Archaeological Black Earth<\/a> (In portuguese)<\/p>\n<p style=\"text-align: center;\">\u00a0Erasmo Sergio Ferreira Pessoa Junior, Genilson Pereira Santana<\/p>\n<p style=\"text-align: center;\"><a href=\"https:\/\/scientia-amazonia.org\/wp-content\/uploads\/2016\/10\/v6-n1-71-78-2017.pdf\">Contamination of aquifers in the world by nitrogen compounds: Nitrate &#8211; Global problem<\/a> (In portuguese)<\/p>\n<p style=\"text-align: center;\">Anderson da Silva Lages,\u00a0 Genilson Pereira Santana<\/p>\n<p style=\"text-align: center;\"><a href=\"https:\/\/scientia-amazonia.org\/wp-content\/uploads\/2016\/10\/v6-n1-71-80-2017.pdf\">Potential for the production of biosurfactants by bacteria of the genus rhizobium using cooking oil as carbon source<\/a> (In portuguese)<\/p>\n<p style=\"text-align: center;\">F\u00e1bio Raphael Moreira C\u00e1uper, Luciana Lima de Brito C\u00e1uper, Nadionara Costa Menezes, Estev\u00e3o Felix da Silva<\/p>\n<p style=\"text-align: center;\"><a href=\"https:\/\/scientia-amazonia.org\/wp-content\/uploads\/2016\/10\/v6-n1-81-93-2017.pdf\">Biology, habitat and farming of tambaqui Colossoma macropomum (CUVIER, 1816)<\/a> (In portuguese)<\/p>\n<p style=\"text-align: center;\">Iran\u00ed da Silva de Morais, Fernanda Loureiro de Almeida O\u00b4Sullivan<\/p>\n<p style=\"text-align: center;\"><a href=\"https:\/\/scientia-amazonia.org\/wp-content\/uploads\/2016\/10\/v6-n1-94-101-2017.pdf\">Pau Rosa hydrolate (An\u00edba rosaeodora duckei Kostermans) as an input for cosmetics<\/a>\u00a0(In portuguese)<\/p>\n<p style=\"text-align: center;\">Erick Max Mour\u00e3o Monteiro de Aguiar, Liliam Gleicy de Souza Oliveira, Valdir Flor\u00eancio da Veiga Junior<\/p>\n<p style=\"text-align: center;\"><a href=\"https:\/\/scientia-amazonia.org\/wp-content\/uploads\/2016\/10\/v6-n1-107-116-2017.pdf\">Practical entomology classes as a facilitating tool in teaching taxonomy to high school students<\/a>\u00a0(In portuguese)<\/p>\n<p style=\"text-align: center;\">Reinaldo Lucas Caja\u00edba, Wully Barreto da Silva<\/p>\n<p style=\"text-align: center;\"><a href=\"https:\/\/scientia-amazonia.org\/wp-content\/uploads\/2016\/10\/v6-n1-117-124-2017.pdf\">Leprosy in the juvenile population and its relation to social inequality: integrative review<\/a>\u00a0(In portuguese)<\/p>\n<p style=\"text-align: center;\">Marcos Vin\u00edcius Costa Fernandes, Arinete V\u00e9ras Fontes Esteves, Daniel Barros de Castro, Ellen Pessoa Rocha, Cl\u00e1udia Benedita dos Santos<\/p>\n<p style=\"text-align: center;\">\n","protected":false},"excerpt":{"rendered":"<p>Fattening of tambaquis (from 1 to 3 kg) feed with diets containing 22 and 28% of crude protein (In portuguese) Eloi Bispo Bezerra Neto, Gilmar Ferreira Prado, Glenda Alves Ferreira Prado, Raniere Garcez Costa Sousa [&hellip;]<\/p>\n","protected":false},"author":1,"featured_media":0,"parent":511,"menu_order":0,"comment_status":"closed","ping_status":"closed","template":"","meta":{"_links_to":"","_links_to_target":""},"yoast_head":"<!-- This site is optimized with the Yoast SEO plugin v20.2.1 - https:\/\/yoast.com\/wordpress\/plugins\/seo\/ -->\n<title>N\u00famero 1 - Scientia Amazonia<\/title>\n<meta name=\"robots\" content=\"index, follow, max-snippet:-1, max-image-preview:large, max-video-preview:-1\" \/>\n<link rel=\"canonical\" href=\"https:\/\/scientia-amazonia.org\/index.php\/2017-2\/numero-1\/\" \/>\n<meta property=\"og:locale\" content=\"en_US\" \/>\n<meta property=\"og:type\" content=\"article\" \/>\n<meta property=\"og:title\" content=\"N\u00famero 1 - Scientia Amazonia\" \/>\n<meta property=\"og:description\" content=\"Fattening of tambaquis (from 1 to 3 kg) feed with diets containing 22 and 28% of crude protein (In portuguese) Eloi Bispo Bezerra Neto, Gilmar Ferreira Prado, Glenda Alves Ferreira Prado, Raniere Garcez Costa Sousa [&hellip;]\" \/>\n<meta property=\"og:url\" content=\"https:\/\/scientia-amazonia.org\/index.php\/2017-2\/numero-1\/\" \/>\n<meta property=\"og:site_name\" content=\"Scientia Amazonia\" \/>\n<meta property=\"article:modified_time\" content=\"2017-03-30T00:12:16+00:00\" \/>\n<meta name=\"twitter:card\" content=\"summary_large_image\" \/>\n<meta name=\"twitter:label1\" content=\"Est. reading time\" \/>\n\t<meta name=\"twitter:data1\" content=\"2 minutes\" \/>\n<script type=\"application\/ld+json\" class=\"yoast-schema-graph\">{\"@context\":\"https:\/\/schema.org\",\"@graph\":[{\"@type\":\"WebPage\",\"@id\":\"https:\/\/scientia-amazonia.org\/index.php\/2017-2\/numero-1\/\",\"url\":\"https:\/\/scientia-amazonia.org\/index.php\/2017-2\/numero-1\/\",\"name\":\"N\u00famero 1 - Scientia Amazonia\",\"isPartOf\":{\"@id\":\"https:\/\/scientia-amazonia.org\/#website\"},\"datePublished\":\"2016-10-27T00:47:18+00:00\",\"dateModified\":\"2017-03-30T00:12:16+00:00\",\"breadcrumb\":{\"@id\":\"https:\/\/scientia-amazonia.org\/index.php\/2017-2\/numero-1\/#breadcrumb\"},\"inLanguage\":\"en-US\",\"potentialAction\":[{\"@type\":\"ReadAction\",\"target\":[\"https:\/\/scientia-amazonia.org\/index.php\/2017-2\/numero-1\/\"]}]},{\"@type\":\"BreadcrumbList\",\"@id\":\"https:\/\/scientia-amazonia.org\/index.php\/2017-2\/numero-1\/#breadcrumb\",\"itemListElement\":[{\"@type\":\"ListItem\",\"position\":1,\"name\":\"Home\",\"item\":\"https:\/\/scientia-amazonia.org\/\"},{\"@type\":\"ListItem\",\"position\":2,\"name\":\"2017\",\"item\":\"https:\/\/scientia-amazonia.org\/index.php\/2017-2\/\"},{\"@type\":\"ListItem\",\"position\":3,\"name\":\"N\u00famero 1\"}]},{\"@type\":\"WebSite\",\"@id\":\"https:\/\/scientia-amazonia.org\/#website\",\"url\":\"https:\/\/scientia-amazonia.org\/\",\"name\":\"Scientia Amazonia\",\"description\":\"Revista eletr\u00f4nica\",\"publisher\":{\"@id\":\"https:\/\/scientia-amazonia.org\/#organization\"},\"potentialAction\":[{\"@type\":\"SearchAction\",\"target\":{\"@type\":\"EntryPoint\",\"urlTemplate\":\"https:\/\/scientia-amazonia.org\/?s={search_term_string}\"},\"query-input\":\"required name=search_term_string\"}],\"inLanguage\":\"en-US\"},{\"@type\":\"Organization\",\"@id\":\"https:\/\/scientia-amazonia.org\/#organization\",\"name\":\"Scientia Amazonia\",\"url\":\"https:\/\/scientia-amazonia.org\/\",\"logo\":{\"@type\":\"ImageObject\",\"inLanguage\":\"en-US\",\"@id\":\"https:\/\/scientia-amazonia.org\/#\/schema\/logo\/image\/\",\"url\":\"https:\/\/scientia-amazonia.org\/wp-content\/uploads\/2021\/03\/logoScientia2.png\",\"contentUrl\":\"https:\/\/scientia-amazonia.org\/wp-content\/uploads\/2021\/03\/logoScientia2.png\",\"width\":934,\"height\":100,\"caption\":\"Scientia Amazonia\"},\"image\":{\"@id\":\"https:\/\/scientia-amazonia.org\/#\/schema\/logo\/image\/\"}}]}<\/script>\n<!-- \/ Yoast SEO plugin. -->","yoast_head_json":{"title":"N\u00famero 1 - Scientia Amazonia","robots":{"index":"index","follow":"follow","max-snippet":"max-snippet:-1","max-image-preview":"max-image-preview:large","max-video-preview":"max-video-preview:-1"},"canonical":"https:\/\/scientia-amazonia.org\/index.php\/2017-2\/numero-1\/","og_locale":"en_US","og_type":"article","og_title":"N\u00famero 1 - Scientia Amazonia","og_description":"Fattening of tambaquis (from 1 to 3 kg) feed with diets containing 22 and 28% of crude protein (In portuguese) Eloi Bispo Bezerra Neto, Gilmar Ferreira Prado, Glenda Alves Ferreira Prado, Raniere Garcez Costa Sousa [&hellip;]","og_url":"https:\/\/scientia-amazonia.org\/index.php\/2017-2\/numero-1\/","og_site_name":"Scientia Amazonia","article_modified_time":"2017-03-30T00:12:16+00:00","twitter_card":"summary_large_image","twitter_misc":{"Est. reading time":"2 minutes"},"schema":{"@context":"https:\/\/schema.org","@graph":[{"@type":"WebPage","@id":"https:\/\/scientia-amazonia.org\/index.php\/2017-2\/numero-1\/","url":"https:\/\/scientia-amazonia.org\/index.php\/2017-2\/numero-1\/","name":"N\u00famero 1 - Scientia Amazonia","isPartOf":{"@id":"https:\/\/scientia-amazonia.org\/#website"},"datePublished":"2016-10-27T00:47:18+00:00","dateModified":"2017-03-30T00:12:16+00:00","breadcrumb":{"@id":"https:\/\/scientia-amazonia.org\/index.php\/2017-2\/numero-1\/#breadcrumb"},"inLanguage":"en-US","potentialAction":[{"@type":"ReadAction","target":["https:\/\/scientia-amazonia.org\/index.php\/2017-2\/numero-1\/"]}]},{"@type":"BreadcrumbList","@id":"https:\/\/scientia-amazonia.org\/index.php\/2017-2\/numero-1\/#breadcrumb","itemListElement":[{"@type":"ListItem","position":1,"name":"Home","item":"https:\/\/scientia-amazonia.org\/"},{"@type":"ListItem","position":2,"name":"2017","item":"https:\/\/scientia-amazonia.org\/index.php\/2017-2\/"},{"@type":"ListItem","position":3,"name":"N\u00famero 1"}]},{"@type":"WebSite","@id":"https:\/\/scientia-amazonia.org\/#website","url":"https:\/\/scientia-amazonia.org\/","name":"Scientia Amazonia","description":"Revista eletr\u00f4nica","publisher":{"@id":"https:\/\/scientia-amazonia.org\/#organization"},"potentialAction":[{"@type":"SearchAction","target":{"@type":"EntryPoint","urlTemplate":"https:\/\/scientia-amazonia.org\/?s={search_term_string}"},"query-input":"required name=search_term_string"}],"inLanguage":"en-US"},{"@type":"Organization","@id":"https:\/\/scientia-amazonia.org\/#organization","name":"Scientia Amazonia","url":"https:\/\/scientia-amazonia.org\/","logo":{"@type":"ImageObject","inLanguage":"en-US","@id":"https:\/\/scientia-amazonia.org\/#\/schema\/logo\/image\/","url":"https:\/\/scientia-amazonia.org\/wp-content\/uploads\/2021\/03\/logoScientia2.png","contentUrl":"https:\/\/scientia-amazonia.org\/wp-content\/uploads\/2021\/03\/logoScientia2.png","width":934,"height":100,"caption":"Scientia Amazonia"},"image":{"@id":"https:\/\/scientia-amazonia.org\/#\/schema\/logo\/image\/"}}]}},"_links":{"self":[{"href":"https:\/\/scientia-amazonia.org\/index.php\/wp-json\/wp\/v2\/pages\/516"}],"collection":[{"href":"https:\/\/scientia-amazonia.org\/index.php\/wp-json\/wp\/v2\/pages"}],"about":[{"href":"https:\/\/scientia-amazonia.org\/index.php\/wp-json\/wp\/v2\/types\/page"}],"author":[{"embeddable":true,"href":"https:\/\/scientia-amazonia.org\/index.php\/wp-json\/wp\/v2\/users\/1"}],"replies":[{"embeddable":true,"href":"https:\/\/scientia-amazonia.org\/index.php\/wp-json\/wp\/v2\/comments?post=516"}],"version-history":[{"count":20,"href":"https:\/\/scientia-amazonia.org\/index.php\/wp-json\/wp\/v2\/pages\/516\/revisions"}],"predecessor-version":[{"id":606,"href":"https:\/\/scientia-amazonia.org\/index.php\/wp-json\/wp\/v2\/pages\/516\/revisions\/606"}],"up":[{"embeddable":true,"href":"https:\/\/scientia-amazonia.org\/index.php\/wp-json\/wp\/v2\/pages\/511"}],"wp:attachment":[{"href":"https:\/\/scientia-amazonia.org\/index.php\/wp-json\/wp\/v2\/media?parent=516"}],"curies":[{"name":"wp","href":"https:\/\/api.w.org\/{rel}","templated":true}]}}