{"id":55,"date":"2016-06-08T00:03:11","date_gmt":"2016-06-08T00:03:11","guid":{"rendered":"https:\/\/scientia-amazonia.org\/?page_id=55"},"modified":"2024-02-21T01:41:51","modified_gmt":"2024-02-21T01:41:51","slug":"volume-publicado","status":"publish","type":"page","link":"https:\/\/scientia-amazonia.org\/index.php\/volume-publicado\/","title":{"rendered":"Volumes publicados"},"content":{"rendered":"<p>Os artigos publicados nessa se\u00e7\u00e3o da revista eletr\u00f4nica Scientia Amazonia \u00e9 fruto do trabalho de pesquisadores brasileiro procurando fazer ci\u00eancia com seriedade.\u00a0 Aos leitores aproveitem nossa cole\u00e7\u00e3o de artigos das mais v\u00e1rias \u00e1reas da ci\u00eancia.<\/p>\n<p>2012 &#8211; volume 1<\/p>\n<ul>\n<li><a href=\"https:\/\/scientia-amazonia.org\/index.php\/volume-publicado\/2012-volume-1-numero-1\/2012-2\/\">N\u00famero 1<\/a><\/li>\n<li><a href=\"https:\/\/scientia-amazonia.org\/index.php\/volume-publicado\/2012-volume-1-numero-1\/numero-2\/\">N\u00famero 2<\/a><\/li>\n<li><a href=\"https:\/\/scientia-amazonia.org\/index.php\/volume-publicado\/2012-volume-1-numero-1\/numero-3\/\">N\u00famero 3<\/a><\/li>\n<\/ul>\n<p>2013 &#8211; volume 2<\/p>\n<ul>\n<li><a href=\"https:\/\/scientia-amazonia.org\/index.php\/2013-2\/numero-1\/\">N\u00famero 1<\/a><\/li>\n<li><a href=\"https:\/\/scientia-amazonia.org\/index.php\/2013-2\/numero-2\/\">N\u00famero 2<\/a><\/li>\n<li><a href=\"https:\/\/scientia-amazonia.org\/index.php\/2013-2\/numero-3\/\">N\u00famero 3<\/a><\/li>\n<\/ul>\n<p>2014 &#8211; volume 3<\/p>\n<ul>\n<li><a href=\"https:\/\/scientia-amazonia.org\/index.php\/2014-2\/numero-1\/\">N\u00famero 1<\/a><\/li>\n<li><a href=\"https:\/\/scientia-amazonia.org\/index.php\/2014-2\/numero-2\/\">N\u00famero 2<\/a><\/li>\n<li><a href=\"https:\/\/scientia-amazonia.org\/index.php\/2014-2\/numero-3\/\">N\u00famero 3<\/a><\/li>\n<\/ul>\n<p>2015 &#8211; volume 4<\/p>\n<ul>\n<li><a href=\"https:\/\/scientia-amazonia.org\/index.php\/2015-2\/numero-1\/\">N\u00famero 1<\/a><\/li>\n<li><a href=\"https:\/\/scientia-amazonia.org\/index.php\/2015-2\/numero-2\/\">N\u00famero 2<\/a><\/li>\n<li><a href=\"https:\/\/scientia-amazonia.org\/index.php\/2015-2\/numero-3\/\">N\u00famero 3<\/a><\/li>\n<\/ul>\n<p>2016 &#8211; volume 5<\/p>\n<ul>\n<li><a href=\"https:\/\/scientia-amazonia.org\/index.php\/2016-2\/numero-1\/\">N\u00famero 1<\/a><\/li>\n<li><a href=\"https:\/\/scientia-amazonia.org\/index.php\/2016-2\/numero-2\/\">N\u00famero 2<\/a><\/li>\n<li><a href=\"https:\/\/scientia-amazonia.org\/index.php\/2016-2\/numero-3\/\">N\u00famero 3<\/a><\/li>\n<\/ul>\n<p>2017 &#8211; volume 6<\/p>\n<ul>\n<li><a href=\"https:\/\/scientia-amazonia.org\/index.php\/2017-2\/numero-1\/\">N\u00famero 1<\/a><\/li>\n<li><a href=\"https:\/\/scientia-amazonia.org\/index.php\/2017-2\/numero-2\/\">N\u00famero 2<\/a><\/li>\n<li><a href=\"https:\/\/scientia-amazonia.org\/index.php\/2017-2\/numero-3\/\">N\u00famero 3<\/a><\/li>\n<\/ul>\n<ul>\n<li>2018 &#8211; volume 7<\/li>\n<li><a href=\"https:\/\/scientia-amazonia.org\/index.php\/2018-2\/numero-1\/\">N\u00famero 1<\/a><\/li>\n<li><a href=\"https:\/\/scientia-amazonia.org\/index.php\/2018-2\/numero-2\/\">N\u00famero 2<\/a><\/li>\n<li><a href=\"https:\/\/scientia-amazonia.org\/index.php\/2018-2\/numero-3\/\">N\u00famero 3<\/a><\/li>\n<\/ul>\n<p>2019 &#8211; volume 8<\/p>\n<ul>\n<li><a href=\"https:\/\/scientia-amazonia.org\/index.php\/2019-2\/numero-1\/\">N\u00famero 1<\/a><\/li>\n<li><a href=\"https:\/\/scientia-amazonia.org\/index.php\/2019-2\/numero-2\/\">N\u00famero 2<\/a><\/li>\n<li><a href=\"https:\/\/scientia-amazonia.org\/index.php\/2019-2\/numero-3\/\">N\u00famero 3<\/a><\/li>\n<\/ul>\n<p>2020 &#8211; volume 9<\/p>\n<ul>\n<li><a href=\"https:\/\/scientia-amazonia.org\/index.php\/2020-2\/numero-1\/\">N\u00famero 1<\/a><\/li>\n<li><a href=\"https:\/\/scientia-amazonia.org\/index.php\/2020-2\/numero-2\/\">N\u00famero 2<\/a><\/li>\n<li><a href=\"https:\/\/scientia-amazonia.org\/index.php\/2020-2\/numero-3\/\">N\u00famero 3<\/a><\/li>\n<li><a href=\"https:\/\/scientia-amazonia.org\/index.php\/2020-2\/numero-4\/\">N\u00famero 4<\/a><\/li>\n<\/ul>\n<p>2021 volume 10<\/p>\n<ul>\n<li><a href=\"https:\/\/scientia-amazonia.org\/index.php\/2021-2\/numero-1\/\">N\u00famero 1<\/a><\/li>\n<li><a href=\"https:\/\/scientia-amazonia.org\/index.php\/2021-2\/numero\/\">N\u00famero 2<\/a><\/li>\n<li><a href=\"https:\/\/scientia-amazonia.org\/index.php\/2021-2\/numero-3\/\">N\u00famero\u00a03<\/a><\/li>\n<li><a href=\"https:\/\/scientia-amazonia.org\/index.php\/2021-2\/numero-4\/\">N\u00famero 4<\/a><\/li>\n<\/ul>\n<p>2022 &#8211; volume 11<\/p>\n<ul>\n<li><a href=\"https:\/\/scientia-amazonia.org\/index.php\/2022-2\/volume-1\/\" target=\"_blank\" rel=\"noopener\">N\u00famero 1<\/a><\/li>\n<li><a href=\"https:\/\/scientia-amazonia.org\/index.php\/2022-2\/numero-2\/\" target=\"_blank\" rel=\"noopener\">N\u00famero 2<\/a><\/li>\n<li><a href=\"https:\/\/scientia-amazonia.org\/index.php\/2022-2\/numero-3\/\" target=\"_blank\" rel=\"noopener\">N\u00famero 3<\/a><\/li>\n<\/ul>\n<p>2023 &#8211; volume 12<\/p>\n<ul>\n<li><a href=\"https:\/\/scientia-amazonia.org\/index.php\/2023-2\/numero-1\/\">N\u00famero 1<\/a><\/li>\n<li><a href=\"https:\/\/scientia-amazonia.org\/index.php\/2023-2\/numero-2\/\">N\u00famero 2<\/a><\/li>\n<li><a href=\"https:\/\/scientia-amazonia.org\/index.php\/2023-2\/numero-3\/\">N\u00famero 3<\/a><\/li>\n<\/ul>\n","protected":false},"excerpt":{"rendered":"<p>Os artigos publicados nessa se\u00e7\u00e3o da revista eletr\u00f4nica Scientia Amazonia \u00e9 fruto do trabalho de pesquisadores brasileiro procurando fazer ci\u00eancia com seriedade.\u00a0 Aos leitores aproveitem nossa cole\u00e7\u00e3o de artigos das mais v\u00e1rias \u00e1reas da ci\u00eancia. [&hellip;]<\/p>\n","protected":false},"author":1,"featured_media":1594,"parent":0,"menu_order":0,"comment_status":"closed","ping_status":"closed","template":"","meta":{"_links_to":"","_links_to_target":""},"yoast_head":"<!-- This site is optimized with the Yoast SEO plugin v20.2.1 - https:\/\/yoast.com\/wordpress\/plugins\/seo\/ -->\n<title>Volumes publicados - Scientia Amazonia<\/title>\n<meta name=\"robots\" content=\"index, follow, max-snippet:-1, max-image-preview:large, max-video-preview:-1\" \/>\n<link rel=\"canonical\" href=\"https:\/\/scientia-amazonia.org\/index.php\/volume-publicado\/\" \/>\n<meta property=\"og:locale\" content=\"en_US\" \/>\n<meta property=\"og:type\" content=\"article\" \/>\n<meta property=\"og:title\" content=\"Volumes publicados - Scientia Amazonia\" \/>\n<meta property=\"og:description\" content=\"Os artigos publicados nessa se\u00e7\u00e3o da revista eletr\u00f4nica Scientia Amazonia \u00e9 fruto do trabalho de pesquisadores brasileiro procurando fazer ci\u00eancia com seriedade.\u00a0 Aos leitores aproveitem nossa cole\u00e7\u00e3o de artigos das mais v\u00e1rias \u00e1reas da ci\u00eancia. [&hellip;]\" \/>\n<meta property=\"og:url\" content=\"https:\/\/scientia-amazonia.org\/index.php\/volume-publicado\/\" \/>\n<meta property=\"og:site_name\" content=\"Scientia Amazonia\" \/>\n<meta property=\"article:modified_time\" content=\"2024-02-21T01:41:51+00:00\" \/>\n<meta property=\"og:image\" content=\"https:\/\/scientia-amazonia.org\/wp-content\/uploads\/2021\/03\/papers-scaled.jpg\" \/>\n\t<meta property=\"og:image:width\" content=\"2560\" \/>\n\t<meta property=\"og:image:height\" content=\"1920\" \/>\n\t<meta property=\"og:image:type\" content=\"image\/jpeg\" \/>\n<meta name=\"twitter:card\" content=\"summary_large_image\" \/>\n<meta name=\"twitter:label1\" content=\"Est. reading time\" \/>\n\t<meta name=\"twitter:data1\" content=\"1 minute\" \/>\n<script type=\"application\/ld+json\" class=\"yoast-schema-graph\">{\"@context\":\"https:\/\/schema.org\",\"@graph\":[{\"@type\":\"WebPage\",\"@id\":\"https:\/\/scientia-amazonia.org\/index.php\/volume-publicado\/\",\"url\":\"https:\/\/scientia-amazonia.org\/index.php\/volume-publicado\/\",\"name\":\"Volumes publicados - Scientia Amazonia\",\"isPartOf\":{\"@id\":\"https:\/\/scientia-amazonia.org\/#website\"},\"datePublished\":\"2016-06-08T00:03:11+00:00\",\"dateModified\":\"2024-02-21T01:41:51+00:00\",\"breadcrumb\":{\"@id\":\"https:\/\/scientia-amazonia.org\/index.php\/volume-publicado\/#breadcrumb\"},\"inLanguage\":\"en-US\",\"potentialAction\":[{\"@type\":\"ReadAction\",\"target\":[\"https:\/\/scientia-amazonia.org\/index.php\/volume-publicado\/\"]}]},{\"@type\":\"BreadcrumbList\",\"@id\":\"https:\/\/scientia-amazonia.org\/index.php\/volume-publicado\/#breadcrumb\",\"itemListElement\":[{\"@type\":\"ListItem\",\"position\":1,\"name\":\"Home\",\"item\":\"https:\/\/scientia-amazonia.org\/\"},{\"@type\":\"ListItem\",\"position\":2,\"name\":\"Volumes publicados\"}]},{\"@type\":\"WebSite\",\"@id\":\"https:\/\/scientia-amazonia.org\/#website\",\"url\":\"https:\/\/scientia-amazonia.org\/\",\"name\":\"Scientia Amazonia\",\"description\":\"Revista eletr\u00f4nica\",\"publisher\":{\"@id\":\"https:\/\/scientia-amazonia.org\/#organization\"},\"potentialAction\":[{\"@type\":\"SearchAction\",\"target\":{\"@type\":\"EntryPoint\",\"urlTemplate\":\"https:\/\/scientia-amazonia.org\/?s={search_term_string}\"},\"query-input\":\"required name=search_term_string\"}],\"inLanguage\":\"en-US\"},{\"@type\":\"Organization\",\"@id\":\"https:\/\/scientia-amazonia.org\/#organization\",\"name\":\"Scientia Amazonia\",\"url\":\"https:\/\/scientia-amazonia.org\/\",\"logo\":{\"@type\":\"ImageObject\",\"inLanguage\":\"en-US\",\"@id\":\"https:\/\/scientia-amazonia.org\/#\/schema\/logo\/image\/\",\"url\":\"https:\/\/scientia-amazonia.org\/wp-content\/uploads\/2021\/03\/logoScientia2.png\",\"contentUrl\":\"https:\/\/scientia-amazonia.org\/wp-content\/uploads\/2021\/03\/logoScientia2.png\",\"width\":934,\"height\":100,\"caption\":\"Scientia Amazonia\"},\"image\":{\"@id\":\"https:\/\/scientia-amazonia.org\/#\/schema\/logo\/image\/\"}}]}<\/script>\n<!-- \/ Yoast SEO plugin. -->","yoast_head_json":{"title":"Volumes publicados - Scientia Amazonia","robots":{"index":"index","follow":"follow","max-snippet":"max-snippet:-1","max-image-preview":"max-image-preview:large","max-video-preview":"max-video-preview:-1"},"canonical":"https:\/\/scientia-amazonia.org\/index.php\/volume-publicado\/","og_locale":"en_US","og_type":"article","og_title":"Volumes publicados - Scientia Amazonia","og_description":"Os artigos publicados nessa se\u00e7\u00e3o da revista eletr\u00f4nica Scientia Amazonia \u00e9 fruto do trabalho de pesquisadores brasileiro procurando fazer ci\u00eancia com seriedade.\u00a0 Aos leitores aproveitem nossa cole\u00e7\u00e3o de artigos das mais v\u00e1rias \u00e1reas da ci\u00eancia. [&hellip;]","og_url":"https:\/\/scientia-amazonia.org\/index.php\/volume-publicado\/","og_site_name":"Scientia Amazonia","article_modified_time":"2024-02-21T01:41:51+00:00","og_image":[{"width":2560,"height":1920,"url":"https:\/\/scientia-amazonia.org\/wp-content\/uploads\/2021\/03\/papers-scaled.jpg","type":"image\/jpeg"}],"twitter_card":"summary_large_image","twitter_misc":{"Est. reading time":"1 minute"},"schema":{"@context":"https:\/\/schema.org","@graph":[{"@type":"WebPage","@id":"https:\/\/scientia-amazonia.org\/index.php\/volume-publicado\/","url":"https:\/\/scientia-amazonia.org\/index.php\/volume-publicado\/","name":"Volumes publicados - Scientia Amazonia","isPartOf":{"@id":"https:\/\/scientia-amazonia.org\/#website"},"datePublished":"2016-06-08T00:03:11+00:00","dateModified":"2024-02-21T01:41:51+00:00","breadcrumb":{"@id":"https:\/\/scientia-amazonia.org\/index.php\/volume-publicado\/#breadcrumb"},"inLanguage":"en-US","potentialAction":[{"@type":"ReadAction","target":["https:\/\/scientia-amazonia.org\/index.php\/volume-publicado\/"]}]},{"@type":"BreadcrumbList","@id":"https:\/\/scientia-amazonia.org\/index.php\/volume-publicado\/#breadcrumb","itemListElement":[{"@type":"ListItem","position":1,"name":"Home","item":"https:\/\/scientia-amazonia.org\/"},{"@type":"ListItem","position":2,"name":"Volumes publicados"}]},{"@type":"WebSite","@id":"https:\/\/scientia-amazonia.org\/#website","url":"https:\/\/scientia-amazonia.org\/","name":"Scientia Amazonia","description":"Revista eletr\u00f4nica","publisher":{"@id":"https:\/\/scientia-amazonia.org\/#organization"},"potentialAction":[{"@type":"SearchAction","target":{"@type":"EntryPoint","urlTemplate":"https:\/\/scientia-amazonia.org\/?s={search_term_string}"},"query-input":"required name=search_term_string"}],"inLanguage":"en-US"},{"@type":"Organization","@id":"https:\/\/scientia-amazonia.org\/#organization","name":"Scientia Amazonia","url":"https:\/\/scientia-amazonia.org\/","logo":{"@type":"ImageObject","inLanguage":"en-US","@id":"https:\/\/scientia-amazonia.org\/#\/schema\/logo\/image\/","url":"https:\/\/scientia-amazonia.org\/wp-content\/uploads\/2021\/03\/logoScientia2.png","contentUrl":"https:\/\/scientia-amazonia.org\/wp-content\/uploads\/2021\/03\/logoScientia2.png","width":934,"height":100,"caption":"Scientia Amazonia"},"image":{"@id":"https:\/\/scientia-amazonia.org\/#\/schema\/logo\/image\/"}}]}},"_links":{"self":[{"href":"https:\/\/scientia-amazonia.org\/index.php\/wp-json\/wp\/v2\/pages\/55"}],"collection":[{"href":"https:\/\/scientia-amazonia.org\/index.php\/wp-json\/wp\/v2\/pages"}],"about":[{"href":"https:\/\/scientia-amazonia.org\/index.php\/wp-json\/wp\/v2\/types\/page"}],"author":[{"embeddable":true,"href":"https:\/\/scientia-amazonia.org\/index.php\/wp-json\/wp\/v2\/users\/1"}],"replies":[{"embeddable":true,"href":"https:\/\/scientia-amazonia.org\/index.php\/wp-json\/wp\/v2\/comments?post=55"}],"version-history":[{"count":126,"href":"https:\/\/scientia-amazonia.org\/index.php\/wp-json\/wp\/v2\/pages\/55\/revisions"}],"predecessor-version":[{"id":2367,"href":"https:\/\/scientia-amazonia.org\/index.php\/wp-json\/wp\/v2\/pages\/55\/revisions\/2367"}],"wp:featuredmedia":[{"embeddable":true,"href":"https:\/\/scientia-amazonia.org\/index.php\/wp-json\/wp\/v2\/media\/1594"}],"wp:attachment":[{"href":"https:\/\/scientia-amazonia.org\/index.php\/wp-json\/wp\/v2\/media?parent=55"}],"curies":[{"name":"wp","href":"https:\/\/api.w.org\/{rel}","templated":true}]}}