{"id":562,"date":"2017-01-19T02:00:49","date_gmt":"2017-01-19T02:00:49","guid":{"rendered":"https:\/\/scientia-amazonia.org\/?page_id=562"},"modified":"2017-05-07T15:54:12","modified_gmt":"2017-05-07T15:54:12","slug":"numero-2","status":"publish","type":"page","link":"https:\/\/scientia-amazonia.org\/index.php\/2017-2\/numero-2\/","title":{"rendered":"N\u00famero 2"},"content":{"rendered":"<p style=\"text-align: center;\"><a href=\"https:\/\/scientia-amazonia.org\/wp-content\/uploads\/2017\/01\/v6-n2-1-10-2017.pdf\">A study of the effectiveness of the ScienceDirect, Scopus, Lilacs and Peri\u00f3dicos CAPES portals and their positive and negative features<\/a> (In English)<\/p>\n<p style=\"text-align: center;\">Alberto Rubin Figueiredo, Bianca Gomes Wanderley, Thiago Soares Vilas Boas, Maria Cristina dos-Santos<\/p>\n<p style=\"text-align: center;\"><a href=\"https:\/\/scientia-amazonia.org\/wp-content\/uploads\/2017\/01\/v6-n2-11-16-2017.pdf\">Ultrastructure of the Anacardium occidentale L. leaves from Amazon in Northern Brazil<\/a> (In English)<\/p>\n<p style=\"text-align: center;\">Francim\u00e1rio dos Passos Santos, Glenda Quaresma Ramos, Eduardo Adriano Cotta, Henrique Duarte da Fonseca Filho<\/p>\n<p style=\"text-align: center;\"><a href=\"https:\/\/scientia-amazonia.org\/wp-content\/uploads\/2017\/01\/v6-n2-17-21-2017.pdf\">Chemical composition of plant waxes<\/a> (In portuguese)<\/p>\n<p style=\"text-align: center;\">Glenda Quaresma Ramos, Henrique Duarte da Fonseca Filho<\/p>\n<p style=\"text-align: center;\"><a href=\"https:\/\/scientia-amazonia.org\/wp-content\/uploads\/2017\/01\/v6-n2-22-28-2017.pdf\">The effects of leaf age on the quality of DNA extracted from Parkia R.Br. (Fabaceae) occurring in the Central Amazon<\/a> (In English)<\/p>\n<p style=\"text-align: center;\">Lorena Concei\u00e7\u00e3o Oliveira, Doriane Pican\u00e7o Rodrigues, Michael John Gilbert Hopkins<\/p>\n<p style=\"text-align: center;\"><a href=\"https:\/\/scientia-amazonia.org\/wp-content\/uploads\/2017\/01\/v6-n2-29-35-2017.doc.pdf\">Isotopic characterization of the energy autotrophic sources at Grande lake complex in Amazonian<\/a>\u00a0(In English)<\/p>\n<p style=\"text-align: center;\">Jesaias Ismael da Costa, Daniel Pinto Borges, Fabiane de Almeida Santos, Ana Cristina Belarmino de Oliveira<\/p>\n<p><a href=\"https:\/\/scientia-amazonia.org\/wp-content\/uploads\/2017\/01\/v6-n2-36-57-2017.pdf\">Plant species used to block the hemorrhagic activity induced by the venoms from genus <em>Bothrops<\/em> sp.: a review of the literature<\/a>\u00a0(In portuguese)<\/p>\n<p style=\"text-align: center;\">Tha\u00eds Pereira da Silva, Val\u00e9ria Mour\u00e3o de Moura, Luana Yamille Andrade de Souza, Rafael Luckwu Sousa, Rosa Helena Veras Mour\u00e3o, Maria Cristina dos Santos<\/p>\n<p style=\"text-align: center;\"><a href=\"https:\/\/scientia-amazonia.org\/wp-content\/uploads\/2017\/01\/v6-n2-58-62-2017.docx.pdf\">Evaluation of the gravimetric composition of the solid waste generated in the set Source of the municipality of Humait\u00e1-AM<\/a>\u00a0(In portuguese)<\/p>\n<p style=\"text-align: center;\">Benone Ot\u00e1vio Souza de Oliveira, Levi Ferreira de Oliveira, Dayana Bitencourt de Moura<\/p>\n<p style=\"text-align: center;\"><a href=\"https:\/\/scientia-amazonia.org\/wp-content\/uploads\/2017\/01\/v6-n2-63-73-2017.pdf\">Ethnobotanical survey in the surroundings of Adolpho Ducke Botanical Garden, Manaus, Amazonas<\/a>\u00a0(In portuguese)<\/p>\n<p style=\"text-align: center;\">Rodrigo Gon\u00e7alves de Lima, Renato Barboza da Silva, Helledsen Ramos da Silva de Lima<\/p>\n<p style=\"text-align: center;\"><a href=\"https:\/\/scientia-amazonia.org\/wp-content\/uploads\/2017\/01\/v6-n2-74-82-2017.pdf\">Dengue temporal distribution in Rio de Janeiro, 1987-2015: Analysis and prediction<\/a>\u00a0(In portuguese)<\/p>\n<p style=\"text-align: center;\">Marilia Am\u00e1vel Gomes Soares, Viviane Muniz da Silva Fragoso, Frederico Alan de Oliveira Cruz<\/p>\n<p style=\"text-align: center;\"><a href=\"https:\/\/scientia-amazonia.org\/wp-content\/uploads\/2017\/01\/v6-n2-83-90-2017.pdf\">Basin of the Amazon River: Conditions of its verses waters Resolution No. 357\/CONAMA \/ 2005<\/a>\u00a0(In portuguese)<\/p>\n<p style=\"text-align: center;\">Maria do Socorro Rocha da Silva, Sebasti\u00e3o Atila Fonseca Miranda, Genilson Pereira Santana<\/p>\n<p style=\"text-align: center;\"><a href=\"https:\/\/scientia-amazonia.org\/wp-content\/uploads\/2017\/01\/v6-n2-91-108-2017.pdf\">Reutilization of Coffee Borage in the Obtention of Biodiesel and Activated Carbon for the Treatment of Textile Industrial Waste<\/a>\u00a0(In portuguese)<\/p>\n<p style=\"text-align: center;\">Lais Figueredo Xavier, Tatiane dos Santos Lisboa, Ivana Lula<\/p>\n<p style=\"text-align: center;\"><a href=\"https:\/\/scientia-amazonia.org\/wp-content\/uploads\/2017\/01\/v6-n2-109-116-2017.pdf\">The implantation of the chemical sector in the Industrial Pole of Manaus<\/a> (In portuguese)<\/p>\n<p style=\"text-align: center;\">Carlos Frederico Nogueira-Silva, Valdir Veiga Junior<\/p>\n<p style=\"text-align: center;\"><a href=\"https:\/\/scientia-amazonia.org\/wp-content\/uploads\/2017\/01\/v6-n2-117-125-2017.pdf\">Chromatographic profile by TLC of oil and extracts of leaves and andiroba stem, Carapa <em>guianensis<\/em> Aubl.<\/a>\u00a0(In portuguese)<\/p>\n<p style=\"text-align: center;\">Andrei da Silva Alexandre, Waldireny Caldas Rocha<\/p>\n","protected":false},"excerpt":{"rendered":"<p>A study of the effectiveness of the ScienceDirect, Scopus, Lilacs and Peri\u00f3dicos CAPES portals and their positive and negative features (In English) Alberto Rubin Figueiredo, Bianca Gomes Wanderley, Thiago Soares Vilas Boas, Maria Cristina dos-Santos [&hellip;]<\/p>\n","protected":false},"author":1,"featured_media":0,"parent":511,"menu_order":0,"comment_status":"closed","ping_status":"closed","template":"","meta":{"_links_to":"","_links_to_target":""},"yoast_head":"<!-- This site is optimized with the Yoast SEO plugin v20.2.1 - https:\/\/yoast.com\/wordpress\/plugins\/seo\/ -->\n<title>N\u00famero 2 - Scientia Amazonia<\/title>\n<meta name=\"robots\" content=\"index, follow, max-snippet:-1, max-image-preview:large, max-video-preview:-1\" \/>\n<link rel=\"canonical\" href=\"https:\/\/scientia-amazonia.org\/index.php\/2017-2\/numero-2\/\" \/>\n<meta property=\"og:locale\" content=\"en_US\" \/>\n<meta property=\"og:type\" content=\"article\" \/>\n<meta property=\"og:title\" content=\"N\u00famero 2 - Scientia Amazonia\" \/>\n<meta property=\"og:description\" content=\"A study of the effectiveness of the ScienceDirect, Scopus, Lilacs and Peri\u00f3dicos CAPES portals and their positive and negative features (In English) Alberto Rubin Figueiredo, Bianca Gomes Wanderley, Thiago Soares Vilas Boas, Maria Cristina dos-Santos [&hellip;]\" \/>\n<meta property=\"og:url\" content=\"https:\/\/scientia-amazonia.org\/index.php\/2017-2\/numero-2\/\" \/>\n<meta property=\"og:site_name\" content=\"Scientia Amazonia\" \/>\n<meta property=\"article:modified_time\" content=\"2017-05-07T15:54:12+00:00\" \/>\n<meta name=\"twitter:card\" content=\"summary_large_image\" \/>\n<meta name=\"twitter:label1\" content=\"Est. reading time\" \/>\n\t<meta name=\"twitter:data1\" content=\"2 minutes\" \/>\n<script type=\"application\/ld+json\" class=\"yoast-schema-graph\">{\"@context\":\"https:\/\/schema.org\",\"@graph\":[{\"@type\":\"WebPage\",\"@id\":\"https:\/\/scientia-amazonia.org\/index.php\/2017-2\/numero-2\/\",\"url\":\"https:\/\/scientia-amazonia.org\/index.php\/2017-2\/numero-2\/\",\"name\":\"N\u00famero 2 - Scientia Amazonia\",\"isPartOf\":{\"@id\":\"https:\/\/scientia-amazonia.org\/#website\"},\"datePublished\":\"2017-01-19T02:00:49+00:00\",\"dateModified\":\"2017-05-07T15:54:12+00:00\",\"breadcrumb\":{\"@id\":\"https:\/\/scientia-amazonia.org\/index.php\/2017-2\/numero-2\/#breadcrumb\"},\"inLanguage\":\"en-US\",\"potentialAction\":[{\"@type\":\"ReadAction\",\"target\":[\"https:\/\/scientia-amazonia.org\/index.php\/2017-2\/numero-2\/\"]}]},{\"@type\":\"BreadcrumbList\",\"@id\":\"https:\/\/scientia-amazonia.org\/index.php\/2017-2\/numero-2\/#breadcrumb\",\"itemListElement\":[{\"@type\":\"ListItem\",\"position\":1,\"name\":\"Home\",\"item\":\"https:\/\/scientia-amazonia.org\/\"},{\"@type\":\"ListItem\",\"position\":2,\"name\":\"2017\",\"item\":\"https:\/\/scientia-amazonia.org\/index.php\/2017-2\/\"},{\"@type\":\"ListItem\",\"position\":3,\"name\":\"N\u00famero 2\"}]},{\"@type\":\"WebSite\",\"@id\":\"https:\/\/scientia-amazonia.org\/#website\",\"url\":\"https:\/\/scientia-amazonia.org\/\",\"name\":\"Scientia Amazonia\",\"description\":\"Revista eletr\u00f4nica\",\"publisher\":{\"@id\":\"https:\/\/scientia-amazonia.org\/#organization\"},\"potentialAction\":[{\"@type\":\"SearchAction\",\"target\":{\"@type\":\"EntryPoint\",\"urlTemplate\":\"https:\/\/scientia-amazonia.org\/?s={search_term_string}\"},\"query-input\":\"required name=search_term_string\"}],\"inLanguage\":\"en-US\"},{\"@type\":\"Organization\",\"@id\":\"https:\/\/scientia-amazonia.org\/#organization\",\"name\":\"Scientia Amazonia\",\"url\":\"https:\/\/scientia-amazonia.org\/\",\"logo\":{\"@type\":\"ImageObject\",\"inLanguage\":\"en-US\",\"@id\":\"https:\/\/scientia-amazonia.org\/#\/schema\/logo\/image\/\",\"url\":\"https:\/\/scientia-amazonia.org\/wp-content\/uploads\/2021\/03\/logoScientia2.png\",\"contentUrl\":\"https:\/\/scientia-amazonia.org\/wp-content\/uploads\/2021\/03\/logoScientia2.png\",\"width\":934,\"height\":100,\"caption\":\"Scientia Amazonia\"},\"image\":{\"@id\":\"https:\/\/scientia-amazonia.org\/#\/schema\/logo\/image\/\"}}]}<\/script>\n<!-- \/ Yoast SEO plugin. -->","yoast_head_json":{"title":"N\u00famero 2 - Scientia Amazonia","robots":{"index":"index","follow":"follow","max-snippet":"max-snippet:-1","max-image-preview":"max-image-preview:large","max-video-preview":"max-video-preview:-1"},"canonical":"https:\/\/scientia-amazonia.org\/index.php\/2017-2\/numero-2\/","og_locale":"en_US","og_type":"article","og_title":"N\u00famero 2 - Scientia Amazonia","og_description":"A study of the effectiveness of the ScienceDirect, Scopus, Lilacs and Peri\u00f3dicos CAPES portals and their positive and negative features (In English) Alberto Rubin Figueiredo, Bianca Gomes Wanderley, Thiago Soares Vilas Boas, Maria Cristina dos-Santos [&hellip;]","og_url":"https:\/\/scientia-amazonia.org\/index.php\/2017-2\/numero-2\/","og_site_name":"Scientia Amazonia","article_modified_time":"2017-05-07T15:54:12+00:00","twitter_card":"summary_large_image","twitter_misc":{"Est. reading time":"2 minutes"},"schema":{"@context":"https:\/\/schema.org","@graph":[{"@type":"WebPage","@id":"https:\/\/scientia-amazonia.org\/index.php\/2017-2\/numero-2\/","url":"https:\/\/scientia-amazonia.org\/index.php\/2017-2\/numero-2\/","name":"N\u00famero 2 - Scientia Amazonia","isPartOf":{"@id":"https:\/\/scientia-amazonia.org\/#website"},"datePublished":"2017-01-19T02:00:49+00:00","dateModified":"2017-05-07T15:54:12+00:00","breadcrumb":{"@id":"https:\/\/scientia-amazonia.org\/index.php\/2017-2\/numero-2\/#breadcrumb"},"inLanguage":"en-US","potentialAction":[{"@type":"ReadAction","target":["https:\/\/scientia-amazonia.org\/index.php\/2017-2\/numero-2\/"]}]},{"@type":"BreadcrumbList","@id":"https:\/\/scientia-amazonia.org\/index.php\/2017-2\/numero-2\/#breadcrumb","itemListElement":[{"@type":"ListItem","position":1,"name":"Home","item":"https:\/\/scientia-amazonia.org\/"},{"@type":"ListItem","position":2,"name":"2017","item":"https:\/\/scientia-amazonia.org\/index.php\/2017-2\/"},{"@type":"ListItem","position":3,"name":"N\u00famero 2"}]},{"@type":"WebSite","@id":"https:\/\/scientia-amazonia.org\/#website","url":"https:\/\/scientia-amazonia.org\/","name":"Scientia Amazonia","description":"Revista eletr\u00f4nica","publisher":{"@id":"https:\/\/scientia-amazonia.org\/#organization"},"potentialAction":[{"@type":"SearchAction","target":{"@type":"EntryPoint","urlTemplate":"https:\/\/scientia-amazonia.org\/?s={search_term_string}"},"query-input":"required name=search_term_string"}],"inLanguage":"en-US"},{"@type":"Organization","@id":"https:\/\/scientia-amazonia.org\/#organization","name":"Scientia Amazonia","url":"https:\/\/scientia-amazonia.org\/","logo":{"@type":"ImageObject","inLanguage":"en-US","@id":"https:\/\/scientia-amazonia.org\/#\/schema\/logo\/image\/","url":"https:\/\/scientia-amazonia.org\/wp-content\/uploads\/2021\/03\/logoScientia2.png","contentUrl":"https:\/\/scientia-amazonia.org\/wp-content\/uploads\/2021\/03\/logoScientia2.png","width":934,"height":100,"caption":"Scientia Amazonia"},"image":{"@id":"https:\/\/scientia-amazonia.org\/#\/schema\/logo\/image\/"}}]}},"_links":{"self":[{"href":"https:\/\/scientia-amazonia.org\/index.php\/wp-json\/wp\/v2\/pages\/562"}],"collection":[{"href":"https:\/\/scientia-amazonia.org\/index.php\/wp-json\/wp\/v2\/pages"}],"about":[{"href":"https:\/\/scientia-amazonia.org\/index.php\/wp-json\/wp\/v2\/types\/page"}],"author":[{"embeddable":true,"href":"https:\/\/scientia-amazonia.org\/index.php\/wp-json\/wp\/v2\/users\/1"}],"replies":[{"embeddable":true,"href":"https:\/\/scientia-amazonia.org\/index.php\/wp-json\/wp\/v2\/comments?post=562"}],"version-history":[{"count":22,"href":"https:\/\/scientia-amazonia.org\/index.php\/wp-json\/wp\/v2\/pages\/562\/revisions"}],"predecessor-version":[{"id":615,"href":"https:\/\/scientia-amazonia.org\/index.php\/wp-json\/wp\/v2\/pages\/562\/revisions\/615"}],"up":[{"embeddable":true,"href":"https:\/\/scientia-amazonia.org\/index.php\/wp-json\/wp\/v2\/pages\/511"}],"wp:attachment":[{"href":"https:\/\/scientia-amazonia.org\/index.php\/wp-json\/wp\/v2\/media?parent=562"}],"curies":[{"name":"wp","href":"https:\/\/api.w.org\/{rel}","templated":true}]}}