{"id":620,"date":"2017-06-16T02:11:55","date_gmt":"2017-06-16T02:11:55","guid":{"rendered":"https:\/\/scientia-amazonia.org\/?page_id=620"},"modified":"2017-07-31T02:00:55","modified_gmt":"2017-07-31T02:00:55","slug":"numero-3","status":"publish","type":"page","link":"https:\/\/scientia-amazonia.org\/index.php\/2017-2\/numero-3\/","title":{"rendered":"N\u00famero 3"},"content":{"rendered":"<p style=\"text-align: center;\"><a href=\"https:\/\/scientia-amazonia.org\/wp-content\/uploads\/2017\/06\/v6-n3-1-10-2017.pdf\">The context of care to Human Immunodeficiency Virus positive children and educational implications. Introduction\u00a0<\/a>(in Portuguese)<\/p>\n<p style=\"text-align: center;\">Marcos Vin\u00edcius Costa Fernandes, Elizabeth Teixeira, Arinete V\u00e9ras Fontes Esteves, Ellen Pessoa Rocha<\/p>\n<p style=\"text-align: center;\"><a href=\"https:\/\/scientia-amazonia.org\/wp-content\/uploads\/2017\/06\/v6-n3-11-16-2017.pdf\">Gravimetric composition of solid waste in public and private schools in the municipality of Buriticupu, MA<\/a> (in Portuguese)<\/p>\n<p style=\"text-align: center;\">Jos\u00e9lia da Silva Lima, Jesu\u00edno da Silva Costa Martins, Kleber Sales Pereira, Elson Silva de Sousa, Reinaldo Lucas Cajaiba<\/p>\n<p style=\"text-align: center;\"><a href=\"https:\/\/scientia-amazonia.org\/wp-content\/uploads\/2017\/06\/v6-n3-17-23-2017.pdf\">Comparative study of microstructure and microhardness of H13, P20 and D6 steels<\/a> (In portuguese)<\/p>\n<p style=\"text-align: center;\">Klebson Garcia dos Santos, Gabriel de Souza Carril, Rebecca Freire de Castro, Bruno Melo de Freitas, Felipe Lima da Silva<\/p>\n<p style=\"text-align: center;\"><a href=\"https:\/\/scientia-amazonia.org\/wp-content\/uploads\/2017\/06\/v6-n3-24-30-2017.pdf\">Manufactured composition of Tucum\u00e3 (Astrocaryum Aculeatum) endocarbus with thermoplastic polymer<\/a><\/p>\n<p style=\"text-align: center;\">Antonio Claudio Kieling, Genilson Pereira Santana<\/p>\n<p style=\"text-align: center;\"><a href=\"https:\/\/scientia-amazonia.org\/wp-content\/uploads\/2017\/06\/v6-n3-31-37-2017.pdf\">Enzymatic activity of microorganisms associated with termites Nasutitermes sp. In the municipality of Coari, Amazonas<\/a> (In portuguese)<\/p>\n<p style=\"text-align: center;\">Josicl\u00e9a Fernandes Apar\u00edcio, Adriana Dantas Gonzaga de Freitas<\/p>\n<p style=\"text-align: center;\"><a href=\"https:\/\/scientia-amazonia.org\/wp-content\/uploads\/2017\/06\/v6-n3-38-45-2017.pdf\">Comparison of six DNA extraction protocols to molecular analysis in species of Fabaceae<\/a> (In English)<\/p>\n<p style=\"text-align: center;\">Lorena Concei\u00e7\u00e3o Oliveira, Doriane Pican\u00e7o Rodrigues, Michael John Gilbert Hopkins<\/p>\n<p style=\"text-align: center;\"><a href=\"https:\/\/scientia-amazonia.org\/wp-content\/uploads\/2017\/06\/v6-n3-46-52-2017.pdf\">Alelopatic and citotoxic activity of the aqueous extract of Punica granatum L. (Lythraceae)<\/a>\u00a0(In portuguese)<\/p>\n<p style=\"text-align: center;\">Andersson da Guarda, Luana Della Giustina, Vinicius Delgado da Rocha, Ana Aparecida Bandini Rossi<\/p>\n<p style=\"text-align: center;\"><a href=\"https:\/\/scientia-amazonia.org\/wp-content\/uploads\/2017\/06\/v6-n3-53-57-2017.pdf\">Pedilanthus tithymaloides (L.) Poyt: phytochemical prospection and antimicrobial activity<\/a>\u00a0(In English)<\/p>\n<p style=\"text-align: center;\">\u00c9rika da Silva Matisui, Larissa Alves Perrone, Filipe Augusto Matos Ara\u00fajo, Ana L\u00facia Mendes dos Santos, Juliana Mesquita Vidal Mart\u00ednez de Lucena<\/p>\n<p style=\"text-align: center;\"><a href=\"https:\/\/scientia-amazonia.org\/wp-content\/uploads\/2017\/06\/v6-n3-58-68-2017.pdf\">Economic analysis of fishing in motorized canoes in the municipality of Parintins, region of the Low Amazon River, Brazil<\/a> (In portuguese)<\/p>\n<p style=\"text-align: center;\">Renato Soares Cardoso, Charles Hanry Faria Junior<a href=\"#_ftnref1\" name=\"_ftn1\"><\/a><\/p>\n<p style=\"text-align: center;\"><a href=\"https:\/\/scientia-amazonia.org\/wp-content\/uploads\/2017\/06\/v6-n3-69-74-2017.pdf\">Vibrational study on oleic matter originating from the legal Amazon by Raman spectroscopy<\/a> (In portuguese)<\/p>\n<p style=\"text-align: center;\">Willian Felipe Medeiros Alves, Marcelino Pereira da Silva, Jorge Luiz Brito de Faria, Quesle da Silva Martins<\/p>\n<p style=\"text-align: center;\"><a href=\"https:\/\/scientia-amazonia.org\/wp-content\/uploads\/2017\/06\/v6-n3-75-82-2017.pdf\">Effects of different concentrations of gibberellic acid (AG3) on germination and 6-benzylaminopurine (BAP) on the micropropagation of Zingiber spectabile Griff \u00a0<\/a>\u00a0(In portuguese)<\/p>\n<p style=\"text-align: center;\">Arlena Maria Guimar\u00e3es Gato, Simone da Silva, Fl\u00e1vio Freires Ferreira, Ester Neta Pinheiro, Daniele de Carvalho Rodrigues, La\u00eds Medeiros de Assun\u00e7\u00e3o<\/p>\n<p style=\"text-align: center;\"><a href=\"https:\/\/scientia-amazonia.org\/wp-content\/uploads\/2017\/06\/v6-n3-83-91-2017.pdf\">Salinity variation study on Amazon well (Canind\u00e9 &#8211; Cear\u00e1) groundwateras a rainfall function<\/a>\u00a0(In portuguese)<\/p>\n<p style=\"text-align: center;\">Paulo Jos\u00e9 Sousa Maia, Mayane Pereira de Souza, Orlando Amazonas da Rocha Loureiro Paes, Fl\u00e1vio Augusto Freitas<\/p>\n<p style=\"text-align: center;\"><a href=\"https:\/\/scientia-amazonia.org\/wp-content\/uploads\/2017\/06\/v6-n3-92-106-2017.pdf\">Socioeconomic and cultural characterization of Mura indigenous fisheries, Amazon-Brazil<\/a>\u00a0(In portuguese)<\/p>\n<p style=\"text-align: center;\">Ros\u00e9lis Remor de Souza Mazurek, Adriana Kulaif Terra, Henrique dos Santos Pereira, Artur Bicelli Coimbra, H\u00e9lio Beltr\u00e3o, Raniere Garcez Costa Sousa<\/p>\n<p style=\"text-align: center;\"><a href=\"https:\/\/scientia-amazonia.org\/wp-content\/uploads\/2017\/06\/v6-n3-107-118-2017.pdf\">Expression and characterization of \u03b1-amylase from <em>Bacillus licheniformis<\/em> DSM13 in yeast <\/a><em><a href=\"https:\/\/scientia-amazonia.org\/wp-content\/uploads\/2017\/06\/v6-n3-107-118-2017.pdf\">Pichia pastoris<\/a>\u00a0<\/em>(In portuguese)<\/p>\n<p style=\"text-align: center;\">Helber Abellini Astolpho, Edson J\u00fanior do Carmo, Spartaco Astolfi-Filho<\/p>\n<p style=\"text-align: center;\"><a href=\"https:\/\/scientia-amazonia.org\/wp-content\/uploads\/2017\/06\/v6-n3-119-127-2017.pdf\">Stable isotopes in ecological studies with fish in the Brazilian Amazon<\/a>\u00a0(In portuguese)<\/p>\n<p style=\"text-align: center;\">Jamerson Aguiar Santos, Lorenzo Soriano Antonaccio Barroco, Fl\u00e1via Kelly Siqueira de Souza, Carlos Edwar de Carvalho Freitas<\/p>\n<p style=\"text-align: center;\"><a href=\"https:\/\/scientia-amazonia.org\/wp-content\/uploads\/2017\/06\/v6-n3-128-133-2017.pdf\">In vitro culture of ip\u00ea-yellow [Tabebuia serratifolia (Vahl) G. Nicholson] at different concentrations of 6-Benzylaminopurine<\/a>\u00a0(In portuguese)<\/p>\n<p style=\"text-align: center;\">Simone da Silva<\/p>\n","protected":false},"excerpt":{"rendered":"<p>The context of care to Human Immunodeficiency Virus positive children and educational implications. Introduction\u00a0(in Portuguese) Marcos Vin\u00edcius Costa Fernandes, Elizabeth Teixeira, Arinete V\u00e9ras Fontes Esteves, Ellen Pessoa Rocha Gravimetric composition of solid waste in public [&hellip;]<\/p>\n","protected":false},"author":1,"featured_media":0,"parent":511,"menu_order":0,"comment_status":"closed","ping_status":"closed","template":"","meta":{"_links_to":"","_links_to_target":""},"yoast_head":"<!-- This site is optimized with the Yoast SEO plugin v20.2.1 - https:\/\/yoast.com\/wordpress\/plugins\/seo\/ -->\n<title>N\u00famero 3 - Scientia Amazonia<\/title>\n<meta name=\"robots\" content=\"index, follow, max-snippet:-1, max-image-preview:large, max-video-preview:-1\" \/>\n<link rel=\"canonical\" href=\"https:\/\/scientia-amazonia.org\/index.php\/2017-2\/numero-3\/\" \/>\n<meta property=\"og:locale\" content=\"en_US\" \/>\n<meta property=\"og:type\" content=\"article\" \/>\n<meta property=\"og:title\" content=\"N\u00famero 3 - Scientia Amazonia\" \/>\n<meta property=\"og:description\" content=\"The context of care to Human Immunodeficiency Virus positive children and educational implications. Introduction\u00a0(in Portuguese) Marcos Vin\u00edcius Costa Fernandes, Elizabeth Teixeira, Arinete V\u00e9ras Fontes Esteves, Ellen Pessoa Rocha Gravimetric composition of solid waste in public [&hellip;]\" \/>\n<meta property=\"og:url\" content=\"https:\/\/scientia-amazonia.org\/index.php\/2017-2\/numero-3\/\" \/>\n<meta property=\"og:site_name\" content=\"Scientia Amazonia\" \/>\n<meta property=\"article:modified_time\" content=\"2017-07-31T02:00:55+00:00\" \/>\n<meta name=\"twitter:card\" content=\"summary_large_image\" \/>\n<meta name=\"twitter:label1\" content=\"Est. reading time\" \/>\n\t<meta name=\"twitter:data1\" content=\"2 minutes\" \/>\n<script type=\"application\/ld+json\" class=\"yoast-schema-graph\">{\"@context\":\"https:\/\/schema.org\",\"@graph\":[{\"@type\":\"WebPage\",\"@id\":\"https:\/\/scientia-amazonia.org\/index.php\/2017-2\/numero-3\/\",\"url\":\"https:\/\/scientia-amazonia.org\/index.php\/2017-2\/numero-3\/\",\"name\":\"N\u00famero 3 - Scientia Amazonia\",\"isPartOf\":{\"@id\":\"https:\/\/scientia-amazonia.org\/#website\"},\"datePublished\":\"2017-06-16T02:11:55+00:00\",\"dateModified\":\"2017-07-31T02:00:55+00:00\",\"breadcrumb\":{\"@id\":\"https:\/\/scientia-amazonia.org\/index.php\/2017-2\/numero-3\/#breadcrumb\"},\"inLanguage\":\"en-US\",\"potentialAction\":[{\"@type\":\"ReadAction\",\"target\":[\"https:\/\/scientia-amazonia.org\/index.php\/2017-2\/numero-3\/\"]}]},{\"@type\":\"BreadcrumbList\",\"@id\":\"https:\/\/scientia-amazonia.org\/index.php\/2017-2\/numero-3\/#breadcrumb\",\"itemListElement\":[{\"@type\":\"ListItem\",\"position\":1,\"name\":\"Home\",\"item\":\"https:\/\/scientia-amazonia.org\/\"},{\"@type\":\"ListItem\",\"position\":2,\"name\":\"2017\",\"item\":\"https:\/\/scientia-amazonia.org\/index.php\/2017-2\/\"},{\"@type\":\"ListItem\",\"position\":3,\"name\":\"N\u00famero 3\"}]},{\"@type\":\"WebSite\",\"@id\":\"https:\/\/scientia-amazonia.org\/#website\",\"url\":\"https:\/\/scientia-amazonia.org\/\",\"name\":\"Scientia Amazonia\",\"description\":\"Revista eletr\u00f4nica\",\"publisher\":{\"@id\":\"https:\/\/scientia-amazonia.org\/#organization\"},\"potentialAction\":[{\"@type\":\"SearchAction\",\"target\":{\"@type\":\"EntryPoint\",\"urlTemplate\":\"https:\/\/scientia-amazonia.org\/?s={search_term_string}\"},\"query-input\":\"required name=search_term_string\"}],\"inLanguage\":\"en-US\"},{\"@type\":\"Organization\",\"@id\":\"https:\/\/scientia-amazonia.org\/#organization\",\"name\":\"Scientia Amazonia\",\"url\":\"https:\/\/scientia-amazonia.org\/\",\"logo\":{\"@type\":\"ImageObject\",\"inLanguage\":\"en-US\",\"@id\":\"https:\/\/scientia-amazonia.org\/#\/schema\/logo\/image\/\",\"url\":\"https:\/\/scientia-amazonia.org\/wp-content\/uploads\/2021\/03\/logoScientia2.png\",\"contentUrl\":\"https:\/\/scientia-amazonia.org\/wp-content\/uploads\/2021\/03\/logoScientia2.png\",\"width\":934,\"height\":100,\"caption\":\"Scientia Amazonia\"},\"image\":{\"@id\":\"https:\/\/scientia-amazonia.org\/#\/schema\/logo\/image\/\"}}]}<\/script>\n<!-- \/ Yoast SEO plugin. -->","yoast_head_json":{"title":"N\u00famero 3 - Scientia Amazonia","robots":{"index":"index","follow":"follow","max-snippet":"max-snippet:-1","max-image-preview":"max-image-preview:large","max-video-preview":"max-video-preview:-1"},"canonical":"https:\/\/scientia-amazonia.org\/index.php\/2017-2\/numero-3\/","og_locale":"en_US","og_type":"article","og_title":"N\u00famero 3 - Scientia Amazonia","og_description":"The context of care to Human Immunodeficiency Virus positive children and educational implications. Introduction\u00a0(in Portuguese) Marcos Vin\u00edcius Costa Fernandes, Elizabeth Teixeira, Arinete V\u00e9ras Fontes Esteves, Ellen Pessoa Rocha Gravimetric composition of solid waste in public [&hellip;]","og_url":"https:\/\/scientia-amazonia.org\/index.php\/2017-2\/numero-3\/","og_site_name":"Scientia Amazonia","article_modified_time":"2017-07-31T02:00:55+00:00","twitter_card":"summary_large_image","twitter_misc":{"Est. reading time":"2 minutes"},"schema":{"@context":"https:\/\/schema.org","@graph":[{"@type":"WebPage","@id":"https:\/\/scientia-amazonia.org\/index.php\/2017-2\/numero-3\/","url":"https:\/\/scientia-amazonia.org\/index.php\/2017-2\/numero-3\/","name":"N\u00famero 3 - Scientia Amazonia","isPartOf":{"@id":"https:\/\/scientia-amazonia.org\/#website"},"datePublished":"2017-06-16T02:11:55+00:00","dateModified":"2017-07-31T02:00:55+00:00","breadcrumb":{"@id":"https:\/\/scientia-amazonia.org\/index.php\/2017-2\/numero-3\/#breadcrumb"},"inLanguage":"en-US","potentialAction":[{"@type":"ReadAction","target":["https:\/\/scientia-amazonia.org\/index.php\/2017-2\/numero-3\/"]}]},{"@type":"BreadcrumbList","@id":"https:\/\/scientia-amazonia.org\/index.php\/2017-2\/numero-3\/#breadcrumb","itemListElement":[{"@type":"ListItem","position":1,"name":"Home","item":"https:\/\/scientia-amazonia.org\/"},{"@type":"ListItem","position":2,"name":"2017","item":"https:\/\/scientia-amazonia.org\/index.php\/2017-2\/"},{"@type":"ListItem","position":3,"name":"N\u00famero 3"}]},{"@type":"WebSite","@id":"https:\/\/scientia-amazonia.org\/#website","url":"https:\/\/scientia-amazonia.org\/","name":"Scientia Amazonia","description":"Revista eletr\u00f4nica","publisher":{"@id":"https:\/\/scientia-amazonia.org\/#organization"},"potentialAction":[{"@type":"SearchAction","target":{"@type":"EntryPoint","urlTemplate":"https:\/\/scientia-amazonia.org\/?s={search_term_string}"},"query-input":"required name=search_term_string"}],"inLanguage":"en-US"},{"@type":"Organization","@id":"https:\/\/scientia-amazonia.org\/#organization","name":"Scientia Amazonia","url":"https:\/\/scientia-amazonia.org\/","logo":{"@type":"ImageObject","inLanguage":"en-US","@id":"https:\/\/scientia-amazonia.org\/#\/schema\/logo\/image\/","url":"https:\/\/scientia-amazonia.org\/wp-content\/uploads\/2021\/03\/logoScientia2.png","contentUrl":"https:\/\/scientia-amazonia.org\/wp-content\/uploads\/2021\/03\/logoScientia2.png","width":934,"height":100,"caption":"Scientia Amazonia"},"image":{"@id":"https:\/\/scientia-amazonia.org\/#\/schema\/logo\/image\/"}}]}},"_links":{"self":[{"href":"https:\/\/scientia-amazonia.org\/index.php\/wp-json\/wp\/v2\/pages\/620"}],"collection":[{"href":"https:\/\/scientia-amazonia.org\/index.php\/wp-json\/wp\/v2\/pages"}],"about":[{"href":"https:\/\/scientia-amazonia.org\/index.php\/wp-json\/wp\/v2\/types\/page"}],"author":[{"embeddable":true,"href":"https:\/\/scientia-amazonia.org\/index.php\/wp-json\/wp\/v2\/users\/1"}],"replies":[{"embeddable":true,"href":"https:\/\/scientia-amazonia.org\/index.php\/wp-json\/wp\/v2\/comments?post=620"}],"version-history":[{"count":20,"href":"https:\/\/scientia-amazonia.org\/index.php\/wp-json\/wp\/v2\/pages\/620\/revisions"}],"predecessor-version":[{"id":666,"href":"https:\/\/scientia-amazonia.org\/index.php\/wp-json\/wp\/v2\/pages\/620\/revisions\/666"}],"up":[{"embeddable":true,"href":"https:\/\/scientia-amazonia.org\/index.php\/wp-json\/wp\/v2\/pages\/511"}],"wp:attachment":[{"href":"https:\/\/scientia-amazonia.org\/index.php\/wp-json\/wp\/v2\/media?parent=620"}],"curies":[{"name":"wp","href":"https:\/\/api.w.org\/{rel}","templated":true}]}}