{"id":670,"date":"2017-08-01T00:25:58","date_gmt":"2017-08-01T00:25:58","guid":{"rendered":"https:\/\/scientia-amazonia.org\/?page_id=670"},"modified":"2018-02-07T10:23:14","modified_gmt":"2018-02-07T10:23:14","slug":"numero-1","status":"publish","type":"page","link":"https:\/\/scientia-amazonia.org\/index.php\/2018-2\/numero-1\/","title":{"rendered":"N\u00famero 1"},"content":{"rendered":"<p style=\"text-align: center;\"><a href=\"https:\/\/scientia-amazonia.org\/wp-content\/uploads\/2017\/08\/v7-n1-1-10-2018.pdf\">Diversity of fish in managed lakes in the Brazilian Amazonian floodplain area<\/a> (In portuguese)<\/p>\n<p style=\"text-align: center;\">Wendell Melquias Medeiros Leal, Carlos Edwar de Carvalho Freitas, \u00a0Fl\u00e1via Kelly Siqueira-Souza<\/p>\n<p style=\"text-align: center;\"><a href=\"https:\/\/scientia-amazonia.org\/wp-content\/uploads\/2017\/08\/v7-n1-11-18-2018.pdf\">A culture of patient safety for a nursing team from a public hospital in Manaus<\/a>\u00a0(In portuguese)<\/p>\n<p style=\"text-align: center;\">Taline Sakamoto Azedo, Daniela Sandy Silva de Souza, Eveline Menezes Ca\u00e7ote Barbosa, Fl\u00e1via Roberta Dias, Maria Luiza Carvalho de Oliveira<\/p>\n<p style=\"text-align: center;\"><a href=\"https:\/\/scientia-amazonia.org\/wp-content\/uploads\/2017\/08\/v7-n1-19-27-2018.pdf\">Microorganisms found in the feces of Columba livia Gmelin, 1789 (Aves, Columbidae) in the municipality of Santar\u00e9m, Par\u00e1, Brazil<\/a>\u00a0(In portuguese)<\/p>\n<p style=\"text-align: center;\">Adriane Campos Cavalcante, Adjanny Estela Santos de Souza, Lorena Loureiro Coelho<\/p>\n<p style=\"text-align: center;\"><a href=\"https:\/\/scientia-amazonia.org\/wp-content\/uploads\/2018\/01\/v7-n1-28-36-2018.pdf\">Indigenous children and causes of death: an integrative review. Goals<\/a> (In portuguese)<\/p>\n<p style=\"text-align: center;\">Everton Dias dos Santos, Nat\u00e1lia Guimar\u00e3es Arcanjo, Ana Caroline da Silva Santeiro Souza, Ana Cristina Balsamo Laghi, Lorenna dos Santos Soares, N\u00e1dia Cristina Coelho Sobral Costa, Arinete V\u00e9ras Fontes Esteves, Marcos Vin\u00edcius Costa Fernandes<\/p>\n<p style=\"text-align: center;\"><a href=\"https:\/\/scientia-amazonia.org\/wp-content\/uploads\/2017\/08\/v7-n1-37-52-2018.pdf\">Blind\u2019s reader in chemistry test: Reading and inclusion<\/a> (In portuguese)<\/p>\n<p style=\"text-align: center;\">Zuleide M\u00aa de Arruda Santiago Guimar\u00e3es, Z\u00e9lia Maria de Arruda Santiago, Francisco Ferreira Dantas Filho, Eduardo Gomes Onofre<\/p>\n<p style=\"text-align: center;\"><a href=\"https:\/\/scientia-amazonia.org\/wp-content\/uploads\/2017\/08\/v7-n1-53-59-2018.pdf\">Carbon nanotubes: general concepts and application in biosensors<\/a> (in portuguese)<\/p>\n<p style=\"text-align: center;\">Stefane Pereira Reis, Juliane Corr\u00eaa Gl\u00f3ria, Maria Edilene Martins de Almeida, Felipe Araujo, K\u00e9ssia Caroline Souza Alves, Keila Dayane do Espirito Santo Pereira, Lizandro Manzato, Lu\u00eds Andr\u00e9 Morais Mari\u00faba<\/p>\n<p style=\"text-align: center;\"><a href=\"https:\/\/scientia-amazonia.org\/wp-content\/uploads\/2017\/08\/v7.-n1-60-67-2018.pdf\">Soil Chemical Attributes in Integrated Systems<\/a> (In portuguese)<\/p>\n<p style=\"text-align: center;\">Ana Carla Stieven, Daniela Tiago da Silva Campos, Josivanny Oliveira Santos, Dafne Alves Oliveira, Fl\u00e1vio Jesus Wruck<\/p>\n<p style=\"text-align: center;\"><a href=\"https:\/\/scientia-amazonia.org\/wp-content\/uploads\/2017\/08\/v7-n1-68-73-2018.pdf\">Volatile constituents of the fourth species of Protium occurrents in the reserve Flora Ducke<\/a> (In prortuguese)<\/p>\n<p style=\"text-align: center;\">Lyege Magalh\u00e3es Oliveira, Darlene Pinto Keng Queiroz, Loretta Ennes Sab\u00f3ia de Melo, Marcia Ortiz Mayo Marques, Roselaine Facanali, Maria da Paz Lima<\/p>\n<p style=\"text-align: center;\"><a href=\"https:\/\/scientia-amazonia.org\/wp-content\/uploads\/2017\/08\/v7-n1-74-88-2018.pdf\">Brazilian energy matrix: complementary technologies<\/a> (In portuguese)<\/p>\n<p style=\"text-align: center;\">Jennifer Salgado da Fonseca, Ricardo Lima Serudo, Maria Cristina dos Santos<\/p>\n<p style=\"text-align: center;\"><a href=\"https:\/\/scientia-amazonia.org\/wp-content\/uploads\/2017\/08\/v1-n1-89-96-2018.pdf\">Efficacy of therapeutic ultrasound in rheumatoid arthritis: a review systematic<\/a> (In portuguese)<\/p>\n<p style=\"text-align: center;\">Silvania da Concei\u00e7\u00e3o Furtado, Sabrina Maciel do Nascimento, Alexia Gabriela da Silva Vieira, Jos\u00e9 Fernando Marques Barcellos, Lilian Regiani Merini<\/p>\n<p style=\"text-align: center;\"><a href=\"https:\/\/scientia-amazonia.org\/wp-content\/uploads\/2017\/08\/v7-n1-97-106-2018.pdf\">Wealth, composition, abundance and distribution of cyclopoids in the coastal and limited regions of Lake Tup\u00e9, Manaus, AM, Brazil <\/a>(In portuguese)<\/p>\n<p style=\"text-align: center;\">Walter Oliva Pinto Filho Segundo, Edinaldo Nelson dos Santos-Silva<\/p>\n<p style=\"text-align: center;\"><a href=\"https:\/\/scientia-amazonia.org\/wp-content\/uploads\/2017\/08\/v7-n1-107-114-2018.pdf\">Anaplasma marginale: general aspects, diagnosis and control<\/a> (In portuguese)<\/p>\n<p style=\"text-align: center;\">Keila Dayane do Esp\u00edrito Santo Pereira, Maria Edilene Martins de Almeida, K\u00e9ssia Caroline Souza Alves, Juliane Corr\u00eaa Gl\u00f3ria, Alex Cangussu, Lu\u00eds Andr\u00e9 Moraes Mari\u00faba, Paulo Afonso Nogueira<\/p>\n<p style=\"text-align: center;\"><a href=\"https:\/\/scientia-amazonia.org\/wp-content\/uploads\/2017\/08\/v7-n1-115-121-2018.pdf\">Investigative activities in the initial training of teachers of chemistry in a public institution of higher education<\/a> (In portuguese)<\/p>\n<p style=\"text-align: center;\">Regina Simpl\u00edcio Carvalho<\/p>\n<p style=\"text-align: center;\"><a href=\"https:\/\/scientia-amazonia.org\/wp-content\/uploads\/2017\/08\/v7-n1-122-127-2018.pdf\">Environmental education in solid waste in schools in the municipality of Buriticupu-MA<\/a> (In portuguese)<\/p>\n<p style=\"text-align: center;\">Jos\u00e9lia da Silva Lima, Jesu\u00edno da Silva Costa Martins, Kleber Sales Pereira, Elson Silva de Sousa, Reinaldo Lucas Cajaiba<\/p>\n<p style=\"text-align: center;\"><a href=\"https:\/\/scientia-amazonia.org\/wp-content\/uploads\/2017\/08\/v7-n1-128-133-2018.pdf\">Kahoot as a digital tool for teaching: application in organic chemistry<\/a> (In portuguese)<\/p>\n<p style=\"text-align: center;\">Marcos Tulios Frota Ladislau, Clara Ximena Lourido Pardo, Cleverton de Lima Cardeles, Jaqueline de Ara\u00fajo Bezerra<\/p>\n<p style=\"text-align: center;\"><a href=\"https:\/\/scientia-amazonia.org\/wp-content\/uploads\/2017\/08\/v7-n1-134-140-2018-1.pdf\">Characterization of the fishing activity in the Vila Flexal community, municipality of \u00d3bidos, Par\u00e1, Brazil: subsidies for management of the fishing resources<\/a> (In portuguese)<\/p>\n<p style=\"text-align: center;\">Ronei de Lima Brelaz, Charles Hanry Faria Junior, Frank Raynner Vasconcelos Ribeiro<\/p>\n<p style=\"text-align: center;\"><a href=\"https:\/\/scientia-amazonia.org\/wp-content\/uploads\/2018\/01\/v1-n1-134-141-2018.pdf\">Survey of the microorganisms isolated from leaf-cutting ants Atta laevigata (Smith, 1858) in the municipality of Coari and its enzymatic potential<\/a> (In portuguese)<\/p>\n<p style=\"text-align: center;\">Diana da Rocha Nepomuceno, Janaina da Costa Nogueira, Adriana Dantas Gonzaga de Freitas, Cristina Sayuri Maki<\/p>\n<p style=\"text-align: center;\"><a href=\"https:\/\/scientia-amazonia.org\/wp-content\/uploads\/2018\/02\/v7-n1-141-149-2018.pdf\">Descoloration of industrial dyes by wood degrading fungi isolated in the UFAM<\/a> campus (In portuguese)<\/p>\n<p style=\"text-align: center;\">Natasha Helena Souza Ribeiro, Sabrina Lima da Silva, Laianne Lopes Rocha, Aleksander Westphal Muniz, Noemia Kazue Ishikawa, Jos\u00e9 Renato Pereira Cavallazzi<\/p>\n<p style=\"text-align: center;\"><a href=\"https:\/\/scientia-amazonia.org\/wp-content\/uploads\/2017\/08\/v7-n1-150-153-2018.pdf\">Study the feasibility of the concentrate casket additive in the concrete under the appearance of resistance to compressibility<\/a> (In portuguese)<\/p>\n<p style=\"text-align: center;\">Maria Creuza Ramos Lima, D\u00eanis de Freitas Castro<\/p>\n<p style=\"text-align: center;\"><a href=\"https:\/\/scientia-amazonia.org\/wp-content\/uploads\/2017\/08\/v7-n1-154-159-2018.pdf\">Reuse of mechanical energy generated by the movement of rollets in a Manaus Industrial Polo motorcicles factory<\/a> (In portuguese)<\/p>\n<p style=\"text-align: center;\">\u00c9lvio S\u00e9rgio Ten\u00f3rio Filgueira J\u00fanior, L\u00facio Fl\u00e1vio dos Santos e Santos, Josiel Azevedo dos Reis, Rubens Souza Batista, D\u00eanis de Freitas Castro<\/p>\n<p>&nbsp;<\/p>\n","protected":false},"excerpt":{"rendered":"<p>Diversity of fish in managed lakes in the Brazilian Amazonian floodplain area (In portuguese) Wendell Melquias Medeiros Leal, Carlos Edwar de Carvalho Freitas, \u00a0Fl\u00e1via Kelly Siqueira-Souza A culture of patient safety for a nursing team [&hellip;]<\/p>\n","protected":false},"author":1,"featured_media":0,"parent":667,"menu_order":0,"comment_status":"closed","ping_status":"closed","template":"","meta":{"_links_to":"","_links_to_target":""},"yoast_head":"<!-- This site is optimized with the Yoast SEO plugin v20.2.1 - https:\/\/yoast.com\/wordpress\/plugins\/seo\/ -->\n<title>N\u00famero 1 - Scientia Amazonia<\/title>\n<meta name=\"robots\" content=\"index, follow, max-snippet:-1, max-image-preview:large, max-video-preview:-1\" \/>\n<link rel=\"canonical\" href=\"https:\/\/scientia-amazonia.org\/index.php\/2018-2\/numero-1\/\" \/>\n<meta property=\"og:locale\" content=\"en_US\" \/>\n<meta property=\"og:type\" content=\"article\" \/>\n<meta property=\"og:title\" content=\"N\u00famero 1 - Scientia Amazonia\" \/>\n<meta property=\"og:description\" content=\"Diversity of fish in managed lakes in the Brazilian Amazonian floodplain area (In portuguese) Wendell Melquias Medeiros Leal, Carlos Edwar de Carvalho Freitas, \u00a0Fl\u00e1via Kelly Siqueira-Souza A culture of patient safety for a nursing team [&hellip;]\" \/>\n<meta property=\"og:url\" content=\"https:\/\/scientia-amazonia.org\/index.php\/2018-2\/numero-1\/\" \/>\n<meta property=\"og:site_name\" content=\"Scientia Amazonia\" \/>\n<meta property=\"article:modified_time\" content=\"2018-02-07T10:23:14+00:00\" \/>\n<meta name=\"twitter:card\" content=\"summary_large_image\" \/>\n<meta name=\"twitter:label1\" content=\"Est. reading time\" \/>\n\t<meta name=\"twitter:data1\" content=\"3 minutes\" \/>\n<script type=\"application\/ld+json\" class=\"yoast-schema-graph\">{\"@context\":\"https:\/\/schema.org\",\"@graph\":[{\"@type\":\"WebPage\",\"@id\":\"https:\/\/scientia-amazonia.org\/index.php\/2018-2\/numero-1\/\",\"url\":\"https:\/\/scientia-amazonia.org\/index.php\/2018-2\/numero-1\/\",\"name\":\"N\u00famero 1 - Scientia Amazonia\",\"isPartOf\":{\"@id\":\"https:\/\/scientia-amazonia.org\/#website\"},\"datePublished\":\"2017-08-01T00:25:58+00:00\",\"dateModified\":\"2018-02-07T10:23:14+00:00\",\"breadcrumb\":{\"@id\":\"https:\/\/scientia-amazonia.org\/index.php\/2018-2\/numero-1\/#breadcrumb\"},\"inLanguage\":\"en-US\",\"potentialAction\":[{\"@type\":\"ReadAction\",\"target\":[\"https:\/\/scientia-amazonia.org\/index.php\/2018-2\/numero-1\/\"]}]},{\"@type\":\"BreadcrumbList\",\"@id\":\"https:\/\/scientia-amazonia.org\/index.php\/2018-2\/numero-1\/#breadcrumb\",\"itemListElement\":[{\"@type\":\"ListItem\",\"position\":1,\"name\":\"Home\",\"item\":\"https:\/\/scientia-amazonia.org\/\"},{\"@type\":\"ListItem\",\"position\":2,\"name\":\"2018\",\"item\":\"https:\/\/scientia-amazonia.org\/index.php\/2018-2\/\"},{\"@type\":\"ListItem\",\"position\":3,\"name\":\"N\u00famero 1\"}]},{\"@type\":\"WebSite\",\"@id\":\"https:\/\/scientia-amazonia.org\/#website\",\"url\":\"https:\/\/scientia-amazonia.org\/\",\"name\":\"Scientia Amazonia\",\"description\":\"Revista eletr\u00f4nica\",\"publisher\":{\"@id\":\"https:\/\/scientia-amazonia.org\/#organization\"},\"potentialAction\":[{\"@type\":\"SearchAction\",\"target\":{\"@type\":\"EntryPoint\",\"urlTemplate\":\"https:\/\/scientia-amazonia.org\/?s={search_term_string}\"},\"query-input\":\"required name=search_term_string\"}],\"inLanguage\":\"en-US\"},{\"@type\":\"Organization\",\"@id\":\"https:\/\/scientia-amazonia.org\/#organization\",\"name\":\"Scientia Amazonia\",\"url\":\"https:\/\/scientia-amazonia.org\/\",\"logo\":{\"@type\":\"ImageObject\",\"inLanguage\":\"en-US\",\"@id\":\"https:\/\/scientia-amazonia.org\/#\/schema\/logo\/image\/\",\"url\":\"https:\/\/scientia-amazonia.org\/wp-content\/uploads\/2021\/03\/logoScientia2.png\",\"contentUrl\":\"https:\/\/scientia-amazonia.org\/wp-content\/uploads\/2021\/03\/logoScientia2.png\",\"width\":934,\"height\":100,\"caption\":\"Scientia Amazonia\"},\"image\":{\"@id\":\"https:\/\/scientia-amazonia.org\/#\/schema\/logo\/image\/\"}}]}<\/script>\n<!-- \/ Yoast SEO plugin. -->","yoast_head_json":{"title":"N\u00famero 1 - Scientia Amazonia","robots":{"index":"index","follow":"follow","max-snippet":"max-snippet:-1","max-image-preview":"max-image-preview:large","max-video-preview":"max-video-preview:-1"},"canonical":"https:\/\/scientia-amazonia.org\/index.php\/2018-2\/numero-1\/","og_locale":"en_US","og_type":"article","og_title":"N\u00famero 1 - Scientia Amazonia","og_description":"Diversity of fish in managed lakes in the Brazilian Amazonian floodplain area (In portuguese) Wendell Melquias Medeiros Leal, Carlos Edwar de Carvalho Freitas, \u00a0Fl\u00e1via Kelly Siqueira-Souza A culture of patient safety for a nursing team [&hellip;]","og_url":"https:\/\/scientia-amazonia.org\/index.php\/2018-2\/numero-1\/","og_site_name":"Scientia Amazonia","article_modified_time":"2018-02-07T10:23:14+00:00","twitter_card":"summary_large_image","twitter_misc":{"Est. reading time":"3 minutes"},"schema":{"@context":"https:\/\/schema.org","@graph":[{"@type":"WebPage","@id":"https:\/\/scientia-amazonia.org\/index.php\/2018-2\/numero-1\/","url":"https:\/\/scientia-amazonia.org\/index.php\/2018-2\/numero-1\/","name":"N\u00famero 1 - Scientia Amazonia","isPartOf":{"@id":"https:\/\/scientia-amazonia.org\/#website"},"datePublished":"2017-08-01T00:25:58+00:00","dateModified":"2018-02-07T10:23:14+00:00","breadcrumb":{"@id":"https:\/\/scientia-amazonia.org\/index.php\/2018-2\/numero-1\/#breadcrumb"},"inLanguage":"en-US","potentialAction":[{"@type":"ReadAction","target":["https:\/\/scientia-amazonia.org\/index.php\/2018-2\/numero-1\/"]}]},{"@type":"BreadcrumbList","@id":"https:\/\/scientia-amazonia.org\/index.php\/2018-2\/numero-1\/#breadcrumb","itemListElement":[{"@type":"ListItem","position":1,"name":"Home","item":"https:\/\/scientia-amazonia.org\/"},{"@type":"ListItem","position":2,"name":"2018","item":"https:\/\/scientia-amazonia.org\/index.php\/2018-2\/"},{"@type":"ListItem","position":3,"name":"N\u00famero 1"}]},{"@type":"WebSite","@id":"https:\/\/scientia-amazonia.org\/#website","url":"https:\/\/scientia-amazonia.org\/","name":"Scientia Amazonia","description":"Revista eletr\u00f4nica","publisher":{"@id":"https:\/\/scientia-amazonia.org\/#organization"},"potentialAction":[{"@type":"SearchAction","target":{"@type":"EntryPoint","urlTemplate":"https:\/\/scientia-amazonia.org\/?s={search_term_string}"},"query-input":"required name=search_term_string"}],"inLanguage":"en-US"},{"@type":"Organization","@id":"https:\/\/scientia-amazonia.org\/#organization","name":"Scientia Amazonia","url":"https:\/\/scientia-amazonia.org\/","logo":{"@type":"ImageObject","inLanguage":"en-US","@id":"https:\/\/scientia-amazonia.org\/#\/schema\/logo\/image\/","url":"https:\/\/scientia-amazonia.org\/wp-content\/uploads\/2021\/03\/logoScientia2.png","contentUrl":"https:\/\/scientia-amazonia.org\/wp-content\/uploads\/2021\/03\/logoScientia2.png","width":934,"height":100,"caption":"Scientia Amazonia"},"image":{"@id":"https:\/\/scientia-amazonia.org\/#\/schema\/logo\/image\/"}}]}},"_links":{"self":[{"href":"https:\/\/scientia-amazonia.org\/index.php\/wp-json\/wp\/v2\/pages\/670"}],"collection":[{"href":"https:\/\/scientia-amazonia.org\/index.php\/wp-json\/wp\/v2\/pages"}],"about":[{"href":"https:\/\/scientia-amazonia.org\/index.php\/wp-json\/wp\/v2\/types\/page"}],"author":[{"embeddable":true,"href":"https:\/\/scientia-amazonia.org\/index.php\/wp-json\/wp\/v2\/users\/1"}],"replies":[{"embeddable":true,"href":"https:\/\/scientia-amazonia.org\/index.php\/wp-json\/wp\/v2\/comments?post=670"}],"version-history":[{"count":26,"href":"https:\/\/scientia-amazonia.org\/index.php\/wp-json\/wp\/v2\/pages\/670\/revisions"}],"predecessor-version":[{"id":731,"href":"https:\/\/scientia-amazonia.org\/index.php\/wp-json\/wp\/v2\/pages\/670\/revisions\/731"}],"up":[{"embeddable":true,"href":"https:\/\/scientia-amazonia.org\/index.php\/wp-json\/wp\/v2\/pages\/667"}],"wp:attachment":[{"href":"https:\/\/scientia-amazonia.org\/index.php\/wp-json\/wp\/v2\/media?parent=670"}],"curies":[{"name":"wp","href":"https:\/\/api.w.org\/{rel}","templated":true}]}}