{"id":72,"date":"2016-06-08T03:44:23","date_gmt":"2016-06-08T03:44:23","guid":{"rendered":"https:\/\/scientia-amazonia.org\/?page_id=72"},"modified":"2021-05-26T20:08:29","modified_gmt":"2021-05-26T20:08:29","slug":"artigo-revisao","status":"publish","type":"page","link":"https:\/\/scientia-amazonia.org\/index.php\/normas-publicacao\/artigo-revisao\/","title":{"rendered":"Artigo Revis\u00e3o"},"content":{"rendered":"<p>Os artigos de revis\u00e3o oriundos de TCC, Mestrado e Doutorado\u00a0<strong>ser\u00e3o aceitos quando avaliados e recomendados por dois ou mais membros da banca examinadora<\/strong>. Os artigos dever\u00e3o ser enviado para o email editor@scientia-amazonia.org acompanhado por duas ou mais cartas de recomenda\u00e7\u00e3o conforme o modelo da carta (<a href=\"https:\/\/scientia-amazonia.org\/wp-content\/uploads\/2021\/05\/Recomendacao_artigo_revisao.doc\">clique aqui para acessar o modelo da carta<\/a>).<\/p>\r\n<p>Outros artigos de revis\u00e3o n\u00e3o oriundos de TCC, disserta\u00e7\u00e3o ou tese ser\u00e3o aceitos, ap\u00f3s an\u00e1lise de revisores.\u00a0 Para isso, seguir o p<em><strong>rocedimento para submiss\u00e3o artigo (manuscrito). Enviar por email (<a href=\"mailto:editor@scientia-amazonia.org\">editor@scientia-amazonia.org<\/a>) com os seguintes items <\/strong><\/em>:<\/p>\r\n<p>1. Uma c\u00f3pia completa do artigo,\u00a0<strong>em pdf<\/strong>, contendo t\u00edtulo do trabalho, nomes dos autores com as respectivas afilia\u00e7\u00f5es, o corpo do artigo (introdu\u00e7\u00e3o, metodologia, resultados, discuss\u00e3o, conclus\u00e3o e refer\u00eancias) e agradecimentos.<\/p>\r\n<p>2. Uma c\u00f3pia,\u00a0<strong>em pdf,\u00a0<\/strong>contendo apenas t\u00edtulo do trabalho e o corpo do artigo (introdu\u00e7\u00e3o, metodologia, resultados, discuss\u00e3o, conclus\u00e3o e refer\u00eancias). Essa c\u00f3pia ser\u00e1 enviada para os revisores.<\/p>\r\n<p>3. Enviar uma lista com cinco\u00a0 nomes de pesquisadores, que atuam na \u00e1rea de conhecimento do artigo, com seus respectivos endere\u00e7os eletr\u00f4nicos.<\/p>\r\n<blockquote>\r\n<h2>A Scientia Amazonia utiliza o processo de avalia\u00e7\u00e3o duplo cego; ou seja, autores n\u00e3o ter\u00e3o conhecimento dos revisores e vice-versa<\/h2>\r\n<\/blockquote>\r\n<p>4. Um texto contexto at\u00e9 150 palavras sobre a import\u00e2ncia cient\u00edfica do artigo.<\/p>\r\n<p>Os artigos de revis\u00e3o devem conter os seguintes t\u00f3picos devem ser escritos conforme os itens abaixo e o modelo do artigo de revis\u00e3o (<a href=\"https:\/\/scientia-amazonia.org\/wp-content\/uploads\/2018\/06\/modelo_artigo_revis\u00e3o_versao1.doc\">Clique aqui para obter modelo \u00a0do artigo de Revis\u00e3o<\/a>).<\/p>\r\n<p><strong>T\u00edtulo<\/strong>: Dever\u00e1 ter no m\u00e1ximo 25 palavras, centralizadas e em negrito. Utilizar fonte Times New Roman tamanho 14. Apenas a primeira palavra com a letra inicial em mai\u00fascula, exceto nomes cient\u00edficos, abreviaturas e siglas. Na \u00faltima letra deve conter um n\u00famero ar\u00e1bico, listado em nota de rodap\u00e9, quando a revis\u00e3o for oriunda de TCC, Disserta\u00e7\u00e3o ou Tese.<\/p>\r\n<p><strong>Nomes dos autores<\/strong>: Os nomes dos autores devem ser listados em sequ\u00eancia e centralizados abaixo do t\u00edtulo, por extenso e com a primeira letra de cada nome mai\u00fascula. Utilizar fonte Times New Roman tamanho 12. Cada autor \u00e9 acompanhado de um algarismo ar\u00e1bico, listados em nota de rodap\u00e9, com fun\u00e7\u00e3o exercida na Institui\u00e7\u00e3o de origem, departamento, endere\u00e7o da Institui\u00e7\u00e3o (rua, n\u00famero, bairro, CEP, cidade, estado, pa\u00eds) e e-mail dos autores. O autor para correspond\u00eancia dever\u00e1 ser indicado.<\/p>\r\n<p><strong>Resumo<\/strong>: A palavra <strong>Resumo<\/strong> dever\u00e1 ser escrita com a primeira letra mai\u00fascula, em negrito e centralizada. O texto dever\u00e1 conter no m\u00e1ximo 250 palavras de tamanho 11 e fonte Times New Roman. N\u00e3o utilizar delimita\u00e7\u00e3o de margens, colocar todo o resumo em \u00fanico par\u00e1grafo e formata\u00e7\u00e3o de par\u00e1grafo do tipo \u201cjustificado\u201d.<\/p>\r\n<p><strong>Palavras-chave<\/strong>: Listar no m\u00ednimo tr\u00eas e no m\u00e1ximo cinco palavras, citadas abaixo do resumo em par\u00e1grafo subsequente, sem repetir palavras contidas no t\u00edtulo do trabalho. Utilizar fonteTimes New Roman tamanho 11.<\/p>\r\n<p><strong>Abstract:<\/strong>A palavra<strong>Abstract<\/strong>dever\u00e1 ser escrita com a primeira letra mai\u00fascula, em negrito e centralizada. O texto dever\u00e1 conter no m\u00e1ximo250 palavras de tamanho 11 e fonte Times New Roman e corresponder ao<strong>Resumo<\/strong>.<\/p>\r\n<p><strong>Keywords<\/strong>: Listar no m\u00ednimo tr\u00eas e no m\u00e1ximo cinco palavras, citadas abaixo do abstract em par\u00e1grafo subsequente, e corresponder as <strong>Palavras-chave<\/strong>. Utilizar fonte Times New Roman tamanho 11.<\/p>\r\n<p>Nos textos escritos na l\u00edngua espanhola dever\u00e1 conter um <strong>Resumen<\/strong>e as <strong>Palabras Clave <\/strong>com texto correspondente ao resumo e palavras-chave, respectivamente.<\/p>\r\n<p><strong>Introdu\u00e7\u00e3o:<\/strong>O t\u00edtulo dessa se\u00e7\u00e3o dever\u00e1 ser numerado e escrito com a primeira letra mai\u00fascula, em negrito e alinhado \u00e0 esquerda. Exemplo:<strong>1. Introdu\u00e7\u00e3o<\/strong>. A <strong>introdu\u00e7\u00e3o <\/strong>tem a fun\u00e7\u00e3o de despertar o interesse do leitor para o assunto em pauta; permitir uma vis\u00e3o global do tema e demonstrar claramente os objetivos do estudo.No corpo da introdu\u00e7\u00e3o \u00e9 importante citar trabalhos referentes ao assunto, publicados em revistas e livros especializados.<strong>N\u00e3o ser\u00e3o aceitas como refer\u00eancias: livros did\u00e1ticos, disserta\u00e7\u00f5es e teses. Utilizar fonte Times New Roman tamanho 12.<\/strong><\/p>\r\n<p><strong>Metodologia<\/strong>:O t\u00edtulo dessa se\u00e7\u00e3o dever\u00e1 ser numerado e escrito com a primeira letra mai\u00fascula, em negrito e alinhado \u00e0 esquerda. Exemplo:<strong>2.Metodologia<\/strong>.Nesta se\u00e7\u00e3o dever\u00e1 conter as refer\u00eancias consultadas para a elabora\u00e7\u00e3o do artigo de revis\u00e3o como: <em>Scopus, Scirus, Pubmed, Chemical Abstract<\/em>, <em>SciELO<\/em>, dentre outros s\u00edtios da internet de fontes oficiais de peri\u00f3dicos e o per\u00edodo de tempo pesquisado.<strong>Utilizar fonte Times New Roman tamanho 12.<\/strong><\/p>\r\n<p><strong>Corpo do Artigo de Revis\u00e3o:<\/strong>A organiza\u00e7\u00e3o do texto dever\u00e1 ser feita a crit\u00e9rio do(s) autor(es), obedecendo a numera\u00e7\u00e3o anterior. Exemplo <strong>3.&lt;T\u00edtulo do t\u00f3pico&gt;.<\/strong>No caso de subdivis\u00f5es do texto dever\u00e3o ser utilizados subitens numerados, exemplos <strong>3.1<\/strong>, <strong>3.2 <\/strong>etc. <strong>Utilizar fonte Times New Roman tamanho 12.<\/strong><\/p>\r\n<p><strong>Conclus\u00e3o ou Considera\u00e7\u00f5es Finais:<\/strong>Os artigos de revis\u00e3o dever\u00e3o conter um dos seguintes itens: conclus\u00e3o ou considera\u00e7\u00f5es finais.O t\u00edtulo dessa se\u00e7\u00e3o dever\u00e1 ser numerado e escrito com a primeira letra mai\u00fascula, em negrito e alinhado \u00e0 esquerda. Exemplo:<strong>4.Conclus\u00e3o ou 4. Considera\u00e7\u00f5es Finais.<\/strong><strong>Utilizar fonte Times New Roman tamanho 12.<\/strong><\/p>\r\n<p><strong>Divulga\u00e7\u00e3o:<\/strong>O t\u00edtulo dessa se\u00e7\u00e3o n\u00e3o dever\u00e1 ser numerado, mas escrito com a primeira letra mai\u00fascula, em negrito e alinhado \u00e0 esquerda. Exemplo <strong>Divulga\u00e7\u00e3o. <\/strong>Nesta se\u00e7\u00e3o dever\u00e1 conter o seguinte texto:<\/p>\r\n<p>\u201cEste artigo de revis\u00e3o \u00e9 in\u00e9dito. Os autores e revisores n\u00e3o relataram qualquer conflito de interesse durante a sua avalia\u00e7\u00e3o. Logo, a revista <em>Scientia Amazonia <\/em>det\u00e9m os direitos autorais, tem a aprova\u00e7\u00e3o e a permiss\u00e3o dos autores para divulga\u00e7\u00e3o, desta revis\u00e3o, por meio eletr\u00f4nico\u201d.<strong>Utilizar fonte Times New Roman tamanho 12.<\/strong><\/p>\r\n<p><strong>Refer\u00eancias:<\/strong><\/p>\r\n<p>A revista Scientia Amazonia adota o estilo de cita\u00e7\u00e3o Chicago 17 edi\u00e7\u00e3o (autor-data) nas cita\u00e7\u00f5es dos artigos de revis\u00e3o. Para fazer as cita\u00e7\u00f5es bibliogr\u00e1ficas dos artigos de revis\u00e3o no formato Chicago 17 edi\u00e7\u00e3o (autor-data) a revista <em>Scientia Amazonia<\/em> recomenda o uso dos softwares de gerenciamento de refer\u00eancias bibliogr\u00e1ficas: <a href=\"https:\/\/www.mendeley.com\/download-desktop\/Windows\/\">Mendeley<\/a> (open source) e\u00a0<a href=\"https:\/\/endnote.com\/downloads\/\">EndNote<\/a> (pago).<\/p>\r\n<p><strong>NORMAS PARA AS ILUSTRA\u00c7\u00d5ES E TABELAS:<\/strong><\/p>\r\n<p>As figuras e tabelas ao serem citadas devem ser imediatamente inseridas no texto. A legenda deve ser posicionada abaixo nas figuras e acima nas tabelas, centralizadas, numeradas com algarismos ar\u00e1bicos, fonte Times New Roman e tamanho 10. Figuras e tabelas n\u00e3o devem repetir os mesmos dados. Toda ilustra\u00e7\u00e3o que j\u00e1 tenha sido publicada deve conter, abaixo da legenda, dados sobre a fonte (autor, data) de onde foi extra\u00edda, bem como autoriza\u00e7\u00e3o do detentor do <em>copyright <\/em>ou comprova\u00e7\u00e3o que seja de dom\u00ednio p\u00fablico.<\/p>\r\n<p><strong>REGRAS E EXEMPLOS DE FIGURAS E TABELAS:<\/strong><\/p>\r\n<p><strong>Tabela:<\/strong>Deve ser constru\u00edda apenas com as linhas horizontais de separa\u00e7\u00e3o no cabe\u00e7alho e a do final da tabela. A sua legenda dever\u00e1 receber a palavra<strong>Tabela<\/strong>, seguida pelo n\u00famero de ordem em algarismo ar\u00e1bico e o conte\u00fado do t\u00edtulo, por exemplo,<strong>Tabela 1 \u2013 Dados demogr\u00e1ficos da Cidade de Manaus<\/strong>.<\/p>\r\n<p><strong>Figura:<\/strong>Os desenhos, gr\u00e1ficos, imagens fotogr\u00e1ficas, etc. devem ser n\u00edtidos. A sua legenda dever\u00e1 receber a palavra<strong>Figura<\/strong>, seguida do n\u00famero de ordem em algarismo ar\u00e1bico e o conte\u00fado do texto, por exemplo,<strong>Figura 1 \u2013 Esp\u00e9cies de serpentes existentes no<\/strong><em><strong>campus<\/strong><\/em><strong>da UFAM<\/strong>.<\/p>\r\n\r\n<p>&nbsp;<\/p>\r\n","protected":false},"excerpt":{"rendered":"<p>Os artigos de revis\u00e3o oriundos de TCC, Mestrado e Doutorado\u00a0ser\u00e3o aceitos quando avaliados e recomendados por dois ou mais membros da banca examinadora. Os artigos dever\u00e3o ser enviado para o email editor@scientia-amazonia.org acompanhado por duas [&hellip;]<\/p>\n","protected":false},"author":1,"featured_media":0,"parent":44,"menu_order":0,"comment_status":"closed","ping_status":"closed","template":"","meta":{"_links_to":"","_links_to_target":""},"yoast_head":"<!-- This site is optimized with the Yoast SEO plugin v20.2.1 - https:\/\/yoast.com\/wordpress\/plugins\/seo\/ -->\n<title>Artigo Revis\u00e3o - Scientia Amazonia<\/title>\n<meta name=\"robots\" content=\"index, follow, max-snippet:-1, max-image-preview:large, max-video-preview:-1\" \/>\n<link rel=\"canonical\" href=\"https:\/\/scientia-amazonia.org\/index.php\/normas-publicacao\/artigo-revisao\/\" \/>\n<meta property=\"og:locale\" content=\"en_US\" \/>\n<meta property=\"og:type\" content=\"article\" \/>\n<meta property=\"og:title\" content=\"Artigo Revis\u00e3o - Scientia Amazonia\" \/>\n<meta property=\"og:description\" content=\"Os artigos de revis\u00e3o oriundos de TCC, Mestrado e Doutorado\u00a0ser\u00e3o aceitos quando avaliados e recomendados por dois ou mais membros da banca examinadora. Os artigos dever\u00e3o ser enviado para o email editor@scientia-amazonia.org acompanhado por duas [&hellip;]\" \/>\n<meta property=\"og:url\" content=\"https:\/\/scientia-amazonia.org\/index.php\/normas-publicacao\/artigo-revisao\/\" \/>\n<meta property=\"og:site_name\" content=\"Scientia Amazonia\" \/>\n<meta property=\"article:modified_time\" content=\"2021-05-26T20:08:29+00:00\" \/>\n<meta name=\"twitter:card\" content=\"summary_large_image\" \/>\n<meta name=\"twitter:label1\" content=\"Est. reading time\" \/>\n\t<meta name=\"twitter:data1\" content=\"5 minutes\" \/>\n<script type=\"application\/ld+json\" class=\"yoast-schema-graph\">{\"@context\":\"https:\/\/schema.org\",\"@graph\":[{\"@type\":\"WebPage\",\"@id\":\"https:\/\/scientia-amazonia.org\/index.php\/normas-publicacao\/artigo-revisao\/\",\"url\":\"https:\/\/scientia-amazonia.org\/index.php\/normas-publicacao\/artigo-revisao\/\",\"name\":\"Artigo Revis\u00e3o - Scientia Amazonia\",\"isPartOf\":{\"@id\":\"https:\/\/scientia-amazonia.org\/#website\"},\"datePublished\":\"2016-06-08T03:44:23+00:00\",\"dateModified\":\"2021-05-26T20:08:29+00:00\",\"breadcrumb\":{\"@id\":\"https:\/\/scientia-amazonia.org\/index.php\/normas-publicacao\/artigo-revisao\/#breadcrumb\"},\"inLanguage\":\"en-US\",\"potentialAction\":[{\"@type\":\"ReadAction\",\"target\":[\"https:\/\/scientia-amazonia.org\/index.php\/normas-publicacao\/artigo-revisao\/\"]}]},{\"@type\":\"BreadcrumbList\",\"@id\":\"https:\/\/scientia-amazonia.org\/index.php\/normas-publicacao\/artigo-revisao\/#breadcrumb\",\"itemListElement\":[{\"@type\":\"ListItem\",\"position\":1,\"name\":\"Home\",\"item\":\"https:\/\/scientia-amazonia.org\/\"},{\"@type\":\"ListItem\",\"position\":2,\"name\":\"Normas de publica\u00e7\u00e3o\",\"item\":\"https:\/\/scientia-amazonia.org\/index.php\/normas-publicacao\/\"},{\"@type\":\"ListItem\",\"position\":3,\"name\":\"Artigo Revis\u00e3o\"}]},{\"@type\":\"WebSite\",\"@id\":\"https:\/\/scientia-amazonia.org\/#website\",\"url\":\"https:\/\/scientia-amazonia.org\/\",\"name\":\"Scientia Amazonia\",\"description\":\"Revista eletr\u00f4nica\",\"publisher\":{\"@id\":\"https:\/\/scientia-amazonia.org\/#organization\"},\"potentialAction\":[{\"@type\":\"SearchAction\",\"target\":{\"@type\":\"EntryPoint\",\"urlTemplate\":\"https:\/\/scientia-amazonia.org\/?s={search_term_string}\"},\"query-input\":\"required name=search_term_string\"}],\"inLanguage\":\"en-US\"},{\"@type\":\"Organization\",\"@id\":\"https:\/\/scientia-amazonia.org\/#organization\",\"name\":\"Scientia Amazonia\",\"url\":\"https:\/\/scientia-amazonia.org\/\",\"logo\":{\"@type\":\"ImageObject\",\"inLanguage\":\"en-US\",\"@id\":\"https:\/\/scientia-amazonia.org\/#\/schema\/logo\/image\/\",\"url\":\"https:\/\/scientia-amazonia.org\/wp-content\/uploads\/2021\/03\/logoScientia2.png\",\"contentUrl\":\"https:\/\/scientia-amazonia.org\/wp-content\/uploads\/2021\/03\/logoScientia2.png\",\"width\":934,\"height\":100,\"caption\":\"Scientia Amazonia\"},\"image\":{\"@id\":\"https:\/\/scientia-amazonia.org\/#\/schema\/logo\/image\/\"}}]}<\/script>\n<!-- \/ Yoast SEO plugin. -->","yoast_head_json":{"title":"Artigo Revis\u00e3o - Scientia Amazonia","robots":{"index":"index","follow":"follow","max-snippet":"max-snippet:-1","max-image-preview":"max-image-preview:large","max-video-preview":"max-video-preview:-1"},"canonical":"https:\/\/scientia-amazonia.org\/index.php\/normas-publicacao\/artigo-revisao\/","og_locale":"en_US","og_type":"article","og_title":"Artigo Revis\u00e3o - Scientia Amazonia","og_description":"Os artigos de revis\u00e3o oriundos de TCC, Mestrado e Doutorado\u00a0ser\u00e3o aceitos quando avaliados e recomendados por dois ou mais membros da banca examinadora. Os artigos dever\u00e3o ser enviado para o email editor@scientia-amazonia.org acompanhado por duas [&hellip;]","og_url":"https:\/\/scientia-amazonia.org\/index.php\/normas-publicacao\/artigo-revisao\/","og_site_name":"Scientia Amazonia","article_modified_time":"2021-05-26T20:08:29+00:00","twitter_card":"summary_large_image","twitter_misc":{"Est. reading time":"5 minutes"},"schema":{"@context":"https:\/\/schema.org","@graph":[{"@type":"WebPage","@id":"https:\/\/scientia-amazonia.org\/index.php\/normas-publicacao\/artigo-revisao\/","url":"https:\/\/scientia-amazonia.org\/index.php\/normas-publicacao\/artigo-revisao\/","name":"Artigo Revis\u00e3o - Scientia Amazonia","isPartOf":{"@id":"https:\/\/scientia-amazonia.org\/#website"},"datePublished":"2016-06-08T03:44:23+00:00","dateModified":"2021-05-26T20:08:29+00:00","breadcrumb":{"@id":"https:\/\/scientia-amazonia.org\/index.php\/normas-publicacao\/artigo-revisao\/#breadcrumb"},"inLanguage":"en-US","potentialAction":[{"@type":"ReadAction","target":["https:\/\/scientia-amazonia.org\/index.php\/normas-publicacao\/artigo-revisao\/"]}]},{"@type":"BreadcrumbList","@id":"https:\/\/scientia-amazonia.org\/index.php\/normas-publicacao\/artigo-revisao\/#breadcrumb","itemListElement":[{"@type":"ListItem","position":1,"name":"Home","item":"https:\/\/scientia-amazonia.org\/"},{"@type":"ListItem","position":2,"name":"Normas de publica\u00e7\u00e3o","item":"https:\/\/scientia-amazonia.org\/index.php\/normas-publicacao\/"},{"@type":"ListItem","position":3,"name":"Artigo Revis\u00e3o"}]},{"@type":"WebSite","@id":"https:\/\/scientia-amazonia.org\/#website","url":"https:\/\/scientia-amazonia.org\/","name":"Scientia Amazonia","description":"Revista eletr\u00f4nica","publisher":{"@id":"https:\/\/scientia-amazonia.org\/#organization"},"potentialAction":[{"@type":"SearchAction","target":{"@type":"EntryPoint","urlTemplate":"https:\/\/scientia-amazonia.org\/?s={search_term_string}"},"query-input":"required name=search_term_string"}],"inLanguage":"en-US"},{"@type":"Organization","@id":"https:\/\/scientia-amazonia.org\/#organization","name":"Scientia Amazonia","url":"https:\/\/scientia-amazonia.org\/","logo":{"@type":"ImageObject","inLanguage":"en-US","@id":"https:\/\/scientia-amazonia.org\/#\/schema\/logo\/image\/","url":"https:\/\/scientia-amazonia.org\/wp-content\/uploads\/2021\/03\/logoScientia2.png","contentUrl":"https:\/\/scientia-amazonia.org\/wp-content\/uploads\/2021\/03\/logoScientia2.png","width":934,"height":100,"caption":"Scientia Amazonia"},"image":{"@id":"https:\/\/scientia-amazonia.org\/#\/schema\/logo\/image\/"}}]}},"_links":{"self":[{"href":"https:\/\/scientia-amazonia.org\/index.php\/wp-json\/wp\/v2\/pages\/72"}],"collection":[{"href":"https:\/\/scientia-amazonia.org\/index.php\/wp-json\/wp\/v2\/pages"}],"about":[{"href":"https:\/\/scientia-amazonia.org\/index.php\/wp-json\/wp\/v2\/types\/page"}],"author":[{"embeddable":true,"href":"https:\/\/scientia-amazonia.org\/index.php\/wp-json\/wp\/v2\/users\/1"}],"replies":[{"embeddable":true,"href":"https:\/\/scientia-amazonia.org\/index.php\/wp-json\/wp\/v2\/comments?post=72"}],"version-history":[{"count":18,"href":"https:\/\/scientia-amazonia.org\/index.php\/wp-json\/wp\/v2\/pages\/72\/revisions"}],"predecessor-version":[{"id":1771,"href":"https:\/\/scientia-amazonia.org\/index.php\/wp-json\/wp\/v2\/pages\/72\/revisions\/1771"}],"up":[{"embeddable":true,"href":"https:\/\/scientia-amazonia.org\/index.php\/wp-json\/wp\/v2\/pages\/44"}],"wp:attachment":[{"href":"https:\/\/scientia-amazonia.org\/index.php\/wp-json\/wp\/v2\/media?parent=72"}],"curies":[{"name":"wp","href":"https:\/\/api.w.org\/{rel}","templated":true}]}}