{"id":739,"date":"2018-03-21T14:35:12","date_gmt":"2018-03-21T14:35:12","guid":{"rendered":"https:\/\/scientia-amazonia.org\/?page_id=739"},"modified":"2018-08-17T19:51:04","modified_gmt":"2018-08-17T19:51:04","slug":"numero-2","status":"publish","type":"page","link":"https:\/\/scientia-amazonia.org\/index.php\/2018-2\/numero-2\/","title":{"rendered":"N\u00famero 2"},"content":{"rendered":"<p><strong>Biotecnologia<\/strong><\/p>\n<p style=\"text-align: center;\"><a href=\"https:\/\/scientia-amazonia.org\/wp-content\/uploads\/2018\/05\/v7-n2-b1-b14-2018.pdf\">Antitumor and antibacterial activity of white and yellow venoms of Crotalus durissus ruruima tested individually<\/a> (In English)<\/p>\n<p style=\"text-align: center;\">Ilia Gilmara Carvalho dos Santos, Patr\u00edcia Danielle Oliveira de Almeida, Maria Carolina Scheffer de Souza, Leilane Bentes de Sousa, Aguyda Rayany Cavalcante Barbosa, Juliana Luiza Varj\u00e3o Lameiras, Emerson Silva Lima3, Marne Carvalho de Vasconcellos, Cecilia Veronica Nunez, Ant\u00f4nio Luiz Ribeiro Boechat Lopes, Consuelo Latorre Fortes-Dias, Maria Cristina Dos-Santos<\/p>\n<p style=\"text-align: center;\"><a href=\"https:\/\/scientia-amazonia.org\/wp-content\/uploads\/2018\/05\/v7-n2-b15-b23-2018.pdf\">Bacillus subtilis: a versatile biotechnological tool<\/a> (in portuguese)<\/p>\n<p style=\"text-align: center;\">Kessia Caroline Souza Alves, Maria Edilene Martins de Almeida, Juliane Correa Gl\u00f3ria, Felipe Ara\u00fajo dos Santos, Keila Dayane Pereira, Diogo Pereira de Castro Luis Andr\u00e9 Morais Mari\u00faba<\/p>\n<p style=\"text-align: center;\"><a href=\"https:\/\/scientia-amazonia.org\/wp-content\/uploads\/2018\/05\/v7-n2-b24-b31-2018.pdf\">Methods for malaria diagnosis: Update and challenges<\/a> (In Portuguese)<\/p>\n<p style=\"text-align: center;\">Juliane Corr\u00eaa Gl\u00f3ria, ; Maria Edilene Martins de Almeida, K\u00e9ssia Caroline Souza Alves,\u00a0Felipe Ara\u00fajo, Ricardo Andrez Machado de \u00c1vila, Paulo Afonso Nogueira, Lu\u00eds Andr\u00e9 Morais Mari\u00faba<\/p>\n<p style=\"text-align: center;\"><a href=\"https:\/\/scientia-amazonia.org\/wp-content\/uploads\/2018\/05\/v2-n2-b32-b36-2018.pdf\">Disinfestation and in vitro introduction of Ananas erectifolius (L. B. Sm.)<\/a> (In Portuguese)<\/p>\n<p style=\"text-align: center;\">Arlena Maria Guimar\u00e3es Gato, Simone da Silva, Efigenia Lopes da Silva, Daniele de Carvalho Rodrigues, Fl\u00e1vio Freires Ferreira, Ester Pinheiro<sub>,<\/sub> La\u00eds Medeiros de Assun\u00e7\u00e3o, Vitor Rafael Pereira Marinho<\/p>\n<p style=\"text-align: center;\"><a href=\"https:\/\/scientia-amazonia.org\/wp-content\/uploads\/2018\/07\/v7-n2-b37-44-2018.pdf\">Sustainable potential of a scientific research for the purple man&#8217;s protein (Dioscorea trifida L. f)<\/a> (In Portuguese)<\/p>\n<p style=\"text-align: center;\">Rafael Lima Medeiros, Niomar Lins Pimenta, Nelson Kuwahara<\/p>\n<p style=\"text-align: center;\"><a href=\"https:\/\/scientia-amazonia.org\/wp-content\/uploads\/2018\/07\/v7-n2-b44-b54-2018.pdf\">Use of Long Pepper extract (Piper hispidinervum C. DC.) As insecticide on termite (Cryptotermes brevis Walker) in the municipality of Coari, Amazonas, under experimental conditions<\/a><\/p>\n<p style=\"text-align: center;\">Alline da Silva Rufino, Adriana Dantas Gonzaga de Freitas<\/p>\n<p><a href=\"#_ftnref1\" name=\"_ftn1\"><\/a><strong>Ci\u00eancias Agr\u00e1rias<\/strong><\/p>\n<p style=\"text-align: center;\"><a href=\"https:\/\/scientia-amazonia.org\/wp-content\/uploads\/2018\/05\/v7-n2-ca1-ca7-2018.pdf\">Storage of film coating and insecticide treated rice seed<\/a> (In Portuguese)<\/p>\n<p style=\"text-align: center;\">Maicon Rodrigues da Silva Sene, Carlos Eduardo Pereira, Jordana de Ara\u00fajo Fl\u00f4res, Ana L\u00facia Pereira Kikuti<\/p>\n<p><strong>Ci\u00eancias Ambientais<\/strong><\/p>\n<p style=\"text-align: center;\"><a href=\"https:\/\/scientia-amazonia.org\/wp-content\/uploads\/2018\/05\/v7-n2-ca1-ca15-2018.pdf\">Management of Solid Waste in Brazil evolution and challenges on the way: An Integrative Review<\/a> (In Portuguese)<\/p>\n<p style=\"text-align: center;\">Karoline Castro da Silva, Layelle Samantha Pinheiro Rosas<sup>1<\/sup>, Susane Regina Nazar\u00e9<\/p>\n<p style=\"text-align: center;\"><a href=\"https:\/\/scientia-amazonia.org\/wp-content\/uploads\/2018\/05\/v7-n2-ca16-ca21-2018.pdf\">Relevance of the applicability of environmental themes in the non-metallic minerals sector of the State of Para\u00edba: A conscientizadora method<\/a> (In Portuguese)<\/p>\n<p style=\"text-align: center;\">Antonio Augusto Pereira de Sousa, Welida Tamires Alves da Silva, \u00a0Eliza Edneide Oliveira Souza, Kethlyn Haiane Carvalho Silva<\/p>\n<p><strong>Ci\u00eancias Biol\u00f3gicas<\/strong><\/p>\n<p style=\"text-align: center;\"><a href=\"https:\/\/scientia-amazonia.org\/wp-content\/uploads\/2018\/03\/v1-n2-cb1-cb9-2018.pdf\">Description of the chromosome composition of Passiflora coccinea Aubl. (Passifloraceae) from the campus of the Federal University of Amazonas, UFAM\u00a0<\/a> (in portuguese)<\/p>\n<p style=\"text-align: center;\">Carolina de Amorim Soares, Yasmin Tavares Dantas, Phamela Barbosa Coelho, Rog\u00e9rio de Oliveira Neves, Marcos C\u00e9zar Fernandes Pessoa, Edson Junior do Carmo, Natalia Dayane Moura Carvalho<\/p>\n<p style=\"text-align: center;\"><a href=\"https:\/\/scientia-amazonia.org\/wp-content\/uploads\/2018\/05\/v7-n2-cb10-cb20-2018.pdf\">How to define and measure the impacts of plant alien species on ecosystems?<\/a> (In English)<\/p>\n<p style=\"text-align: center;\">Lana Cynthia Silva Magalh\u00e3es, Maria Clara Silva-Forsberg<a href=\"#_ftnref1\" name=\"_ftn1\"><\/a><\/p>\n<p style=\"text-align: center;\"><a href=\"https:\/\/scientia-amazonia.org\/wp-content\/uploads\/2018\/07\/v7-n2-cb21-cb33-2018.pdf\">Phenotype macrophages M1 and M2 associated with endothelial dysfunction<\/a> (In Portuguese)<\/p>\n<p style=\"text-align: center;\">Anne Carolline dos Santos Gra\u00e7a, Jos\u00e9 Wilson do Nascimento Corr\u00eaa<\/p>\n<p><strong>Ci\u00eancias Exatas e da Terra<\/strong><\/p>\n<p style=\"text-align: center;\"><a href=\"https:\/\/scientia-amazonia.org\/wp-content\/uploads\/2018\/03\/v1-n2-c1-c9-2018.pdf\">The use of Galvanic Sludge as Inorganic Pigment: A Review<\/a> (in portuguese)<\/p>\n<p style=\"text-align: center;\">Franklin Monteiro Brasil, Genilson Pereira Santana<\/p>\n<p style=\"text-align: center;\"><a href=\"https:\/\/scientia-amazonia.org\/wp-content\/uploads\/2018\/04\/v7-n2-c10-c26-2018.pdf\">Chemical composition of Ocimum gratissimum L.: A literature review<\/a> (in portuguese)<\/p>\n<p style=\"text-align: center;\">Cris\u00e1lida Machado Vilanova, Emanoel Gomes de Moura, Denise Fernandes Coutinho Moraes<\/p>\n<p style=\"text-align: center;\"><a href=\"https:\/\/scientia-amazonia.org\/wp-content\/uploads\/2018\/05\/v7-n2-c27-c32-2018.pdf\">Physico-chemical characteristics of passion fruit oil emulsions (<em>Passiflora edulis<\/em>) homogenized with ultrasound-assisted<\/a> (In Portuguese)<\/p>\n<p style=\"text-align: center;\">Cristyana P. Sena, Renata S. Silva, Tatiane P. de Souza, Edgar A. Sanches, Pedro H. Campelo<\/p>\n<p><strong>Ci\u00eancias da Sa\u00fade<\/strong><\/p>\n<p style=\"text-align: center;\"><a href=\"https:\/\/scientia-amazonia.org\/wp-content\/uploads\/2018\/05\/v7-n2-cs1-cs11-2018.pdf\">Isolation and characterization of <em>Candida<\/em> sp. in patients from the municipality of Iranduba-AM and their susceptibility to the extract of <em>Psidium guajava<\/em> Linn<\/a> (In Portuguese)<\/p>\n<p style=\"text-align: center;\">Thais Cristina Ferreira Corr\u00eaa, F\u00e1bio Raphael Moreira C\u00e1uper, Gabriela Hermida Dias, Luciana Lima de Brito C\u00e1uper, Suely De Souza Costa, Vanda Santana Queiroz Dini<\/p>\n<p style=\"text-align: center;\"><a href=\"https:\/\/scientia-amazonia.org\/wp-content\/uploads\/2018\/05\/v7-n2-cs12-cs17-2018.pdf\">Human Gastroenteritis: Rotavirus and Its Impact on Global Public Health<\/a> (In Portuguese)<\/p>\n<p style=\"text-align: center;\">Karen Campos Balieiro, Leidiane Amorim Soares, Patr\u00edcia Puccineli Orlandi<a href=\"#_ftnref1\" name=\"_ftn1\"><\/a><\/p>\n<p style=\"text-align: center;\"><a href=\"https:\/\/scientia-amazonia.org\/wp-content\/uploads\/2018\/08\/v7-n2-cs18-cs25-2018.pdf\">Family members&#8217; perception of nursing care given to children hospitalized at the Children&#8217;s Health Institute of Amazonas\u00a0<\/a>(In Portuguese)<\/p>\n<p style=\"text-align: center;\">Cristiane Rodrigues de Oliveira, C\u00e1ssio Francisco Silva Cavalcante, Dener Mois\u00e9s Saldanha Pessoa, Ana Cristina B\u00e1lsamo Laghi, T\u00e1rsis H\u00e9ber Mendon\u00e7a de Oliveira, Arinete V\u00e9ras Fontes Esteves, Fabiane Veloso Soares, Marcos Vin\u00edcius Costa Fernandes<\/p>\n<p><strong>\u00a0<\/strong><\/p>\n<p><a href=\"#_ftnref3\" name=\"_ftn3\"><\/a><\/p>\n<p><strong>Educa\u00e7\u00e3o<\/strong><\/p>\n<p style=\"text-align: center;\"><a href=\"https:\/\/scientia-amazonia.org\/wp-content\/uploads\/2018\/04\/v7-n2-e1-e10-2018.pdf\">Inclusive educational practice in non-formal teaching environments: An experience with regular students and students with special educational needs<\/a> (in portuguese)<\/p>\n<p style=\"text-align: center;\">Jo\u00e3o Marcos Dichtl Oliveira, Mayra Ellen Dos Santos Neres, Shirlei Dias Ribeiro, Luely Oliveira da Silva, Danielle Rodrigues da Costa Monteiro<\/p>\n<p style=\"text-align: center;\"><a href=\"https:\/\/scientia-amazonia.org\/wp-content\/uploads\/2018\/07\/v7-n2-e11-e22-2018.pdf\">Experimental practice as a strategy to improve meaningful learning on synthetic polymers using alternative materials<\/a> (In portuguese)<\/p>\n<p style=\"text-align: center;\">Alexandra Lizandra Gomes Rosas, Rebecca Freire de Castro<\/p>\n<p><strong>Resumo Expandido<\/strong><\/p>\n<p style=\"text-align: center;\"><a href=\"https:\/\/scientia-amazonia.org\/wp-content\/uploads\/2018\/04\/v7-n2-re1-re4-2018.pdf\">Physiotherapeutic performance in a spastic hemiparetic patient: case report<\/a> (in portuguese)<\/p>\n<p style=\"text-align: center;\">Isabelle C. M. Canto, Kennys W. B. de Matos, Alessandra A. da Silva<\/p>\n<p style=\"text-align: center;\"><a href=\"https:\/\/scientia-amazonia.org\/wp-content\/uploads\/2018\/04\/v7-n2-re5-re7-2018.pdf\">The Nuances of the Intervention of the Multiprofessional Residency with Neurological Patients<\/a> (in portuguese)<\/p>\n<p style=\"text-align: center;\">Cl\u00f3vis C. Coelho; Silviane F. Campos; Lamarquiliana S. das C. de Oliveira; Nilciane\u00a0 F. Pereira; Prisca D. L. P. Co\u00ealho<\/p>\n<p style=\"text-align: center;\"><a href=\"https:\/\/scientia-amazonia.org\/wp-content\/uploads\/2018\/04\/v7-n2-re8-re11-2018.pdf\">Physiotherapeutic intervention in patients with AIDS and Neurotoxoplasmosis: A Case Report<\/a> (in portuguese)<\/p>\n<p style=\"text-align: center;\">Suzy C. F. Rodrigues, Kelen E.R. da Costa, Alessandra N. Silva, Carolina G. Tiso, Fab\u00edola R. de Almeida, Anath R. Cohen<\/p>\n<p>&nbsp;<\/p>\n","protected":false},"excerpt":{"rendered":"<p>Biotecnologia Antitumor and antibacterial activity of white and yellow venoms of Crotalus durissus ruruima tested individually (In English) Ilia Gilmara Carvalho dos Santos, Patr\u00edcia Danielle Oliveira de Almeida, Maria Carolina Scheffer de Souza, Leilane Bentes [&hellip;]<\/p>\n","protected":false},"author":1,"featured_media":0,"parent":667,"menu_order":0,"comment_status":"closed","ping_status":"closed","template":"","meta":{"_links_to":"","_links_to_target":""},"yoast_head":"<!-- This site is optimized with the Yoast SEO plugin v20.2.1 - https:\/\/yoast.com\/wordpress\/plugins\/seo\/ -->\n<title>N\u00famero 2 - Scientia Amazonia<\/title>\n<meta name=\"robots\" content=\"index, follow, max-snippet:-1, max-image-preview:large, max-video-preview:-1\" \/>\n<link rel=\"canonical\" href=\"https:\/\/scientia-amazonia.org\/index.php\/2018-2\/numero-2\/\" \/>\n<meta property=\"og:locale\" content=\"en_US\" \/>\n<meta property=\"og:type\" content=\"article\" \/>\n<meta property=\"og:title\" content=\"N\u00famero 2 - Scientia Amazonia\" \/>\n<meta property=\"og:description\" content=\"Biotecnologia Antitumor and antibacterial activity of white and yellow venoms of Crotalus durissus ruruima tested individually (In English) Ilia Gilmara Carvalho dos Santos, Patr\u00edcia Danielle Oliveira de Almeida, Maria Carolina Scheffer de Souza, Leilane Bentes [&hellip;]\" \/>\n<meta property=\"og:url\" content=\"https:\/\/scientia-amazonia.org\/index.php\/2018-2\/numero-2\/\" \/>\n<meta property=\"og:site_name\" content=\"Scientia Amazonia\" \/>\n<meta property=\"article:modified_time\" content=\"2018-08-17T19:51:04+00:00\" \/>\n<meta name=\"twitter:card\" content=\"summary_large_image\" \/>\n<meta name=\"twitter:label1\" content=\"Est. reading time\" \/>\n\t<meta name=\"twitter:data1\" content=\"4 minutes\" \/>\n<script type=\"application\/ld+json\" class=\"yoast-schema-graph\">{\"@context\":\"https:\/\/schema.org\",\"@graph\":[{\"@type\":\"WebPage\",\"@id\":\"https:\/\/scientia-amazonia.org\/index.php\/2018-2\/numero-2\/\",\"url\":\"https:\/\/scientia-amazonia.org\/index.php\/2018-2\/numero-2\/\",\"name\":\"N\u00famero 2 - Scientia Amazonia\",\"isPartOf\":{\"@id\":\"https:\/\/scientia-amazonia.org\/#website\"},\"datePublished\":\"2018-03-21T14:35:12+00:00\",\"dateModified\":\"2018-08-17T19:51:04+00:00\",\"breadcrumb\":{\"@id\":\"https:\/\/scientia-amazonia.org\/index.php\/2018-2\/numero-2\/#breadcrumb\"},\"inLanguage\":\"en-US\",\"potentialAction\":[{\"@type\":\"ReadAction\",\"target\":[\"https:\/\/scientia-amazonia.org\/index.php\/2018-2\/numero-2\/\"]}]},{\"@type\":\"BreadcrumbList\",\"@id\":\"https:\/\/scientia-amazonia.org\/index.php\/2018-2\/numero-2\/#breadcrumb\",\"itemListElement\":[{\"@type\":\"ListItem\",\"position\":1,\"name\":\"Home\",\"item\":\"https:\/\/scientia-amazonia.org\/\"},{\"@type\":\"ListItem\",\"position\":2,\"name\":\"2018\",\"item\":\"https:\/\/scientia-amazonia.org\/index.php\/2018-2\/\"},{\"@type\":\"ListItem\",\"position\":3,\"name\":\"N\u00famero 2\"}]},{\"@type\":\"WebSite\",\"@id\":\"https:\/\/scientia-amazonia.org\/#website\",\"url\":\"https:\/\/scientia-amazonia.org\/\",\"name\":\"Scientia Amazonia\",\"description\":\"Revista eletr\u00f4nica\",\"publisher\":{\"@id\":\"https:\/\/scientia-amazonia.org\/#organization\"},\"potentialAction\":[{\"@type\":\"SearchAction\",\"target\":{\"@type\":\"EntryPoint\",\"urlTemplate\":\"https:\/\/scientia-amazonia.org\/?s={search_term_string}\"},\"query-input\":\"required name=search_term_string\"}],\"inLanguage\":\"en-US\"},{\"@type\":\"Organization\",\"@id\":\"https:\/\/scientia-amazonia.org\/#organization\",\"name\":\"Scientia Amazonia\",\"url\":\"https:\/\/scientia-amazonia.org\/\",\"logo\":{\"@type\":\"ImageObject\",\"inLanguage\":\"en-US\",\"@id\":\"https:\/\/scientia-amazonia.org\/#\/schema\/logo\/image\/\",\"url\":\"https:\/\/scientia-amazonia.org\/wp-content\/uploads\/2021\/03\/logoScientia2.png\",\"contentUrl\":\"https:\/\/scientia-amazonia.org\/wp-content\/uploads\/2021\/03\/logoScientia2.png\",\"width\":934,\"height\":100,\"caption\":\"Scientia Amazonia\"},\"image\":{\"@id\":\"https:\/\/scientia-amazonia.org\/#\/schema\/logo\/image\/\"}}]}<\/script>\n<!-- \/ Yoast SEO plugin. -->","yoast_head_json":{"title":"N\u00famero 2 - Scientia Amazonia","robots":{"index":"index","follow":"follow","max-snippet":"max-snippet:-1","max-image-preview":"max-image-preview:large","max-video-preview":"max-video-preview:-1"},"canonical":"https:\/\/scientia-amazonia.org\/index.php\/2018-2\/numero-2\/","og_locale":"en_US","og_type":"article","og_title":"N\u00famero 2 - Scientia Amazonia","og_description":"Biotecnologia Antitumor and antibacterial activity of white and yellow venoms of Crotalus durissus ruruima tested individually (In English) Ilia Gilmara Carvalho dos Santos, Patr\u00edcia Danielle Oliveira de Almeida, Maria Carolina Scheffer de Souza, Leilane Bentes [&hellip;]","og_url":"https:\/\/scientia-amazonia.org\/index.php\/2018-2\/numero-2\/","og_site_name":"Scientia Amazonia","article_modified_time":"2018-08-17T19:51:04+00:00","twitter_card":"summary_large_image","twitter_misc":{"Est. reading time":"4 minutes"},"schema":{"@context":"https:\/\/schema.org","@graph":[{"@type":"WebPage","@id":"https:\/\/scientia-amazonia.org\/index.php\/2018-2\/numero-2\/","url":"https:\/\/scientia-amazonia.org\/index.php\/2018-2\/numero-2\/","name":"N\u00famero 2 - Scientia Amazonia","isPartOf":{"@id":"https:\/\/scientia-amazonia.org\/#website"},"datePublished":"2018-03-21T14:35:12+00:00","dateModified":"2018-08-17T19:51:04+00:00","breadcrumb":{"@id":"https:\/\/scientia-amazonia.org\/index.php\/2018-2\/numero-2\/#breadcrumb"},"inLanguage":"en-US","potentialAction":[{"@type":"ReadAction","target":["https:\/\/scientia-amazonia.org\/index.php\/2018-2\/numero-2\/"]}]},{"@type":"BreadcrumbList","@id":"https:\/\/scientia-amazonia.org\/index.php\/2018-2\/numero-2\/#breadcrumb","itemListElement":[{"@type":"ListItem","position":1,"name":"Home","item":"https:\/\/scientia-amazonia.org\/"},{"@type":"ListItem","position":2,"name":"2018","item":"https:\/\/scientia-amazonia.org\/index.php\/2018-2\/"},{"@type":"ListItem","position":3,"name":"N\u00famero 2"}]},{"@type":"WebSite","@id":"https:\/\/scientia-amazonia.org\/#website","url":"https:\/\/scientia-amazonia.org\/","name":"Scientia Amazonia","description":"Revista eletr\u00f4nica","publisher":{"@id":"https:\/\/scientia-amazonia.org\/#organization"},"potentialAction":[{"@type":"SearchAction","target":{"@type":"EntryPoint","urlTemplate":"https:\/\/scientia-amazonia.org\/?s={search_term_string}"},"query-input":"required name=search_term_string"}],"inLanguage":"en-US"},{"@type":"Organization","@id":"https:\/\/scientia-amazonia.org\/#organization","name":"Scientia Amazonia","url":"https:\/\/scientia-amazonia.org\/","logo":{"@type":"ImageObject","inLanguage":"en-US","@id":"https:\/\/scientia-amazonia.org\/#\/schema\/logo\/image\/","url":"https:\/\/scientia-amazonia.org\/wp-content\/uploads\/2021\/03\/logoScientia2.png","contentUrl":"https:\/\/scientia-amazonia.org\/wp-content\/uploads\/2021\/03\/logoScientia2.png","width":934,"height":100,"caption":"Scientia Amazonia"},"image":{"@id":"https:\/\/scientia-amazonia.org\/#\/schema\/logo\/image\/"}}]}},"_links":{"self":[{"href":"https:\/\/scientia-amazonia.org\/index.php\/wp-json\/wp\/v2\/pages\/739"}],"collection":[{"href":"https:\/\/scientia-amazonia.org\/index.php\/wp-json\/wp\/v2\/pages"}],"about":[{"href":"https:\/\/scientia-amazonia.org\/index.php\/wp-json\/wp\/v2\/types\/page"}],"author":[{"embeddable":true,"href":"https:\/\/scientia-amazonia.org\/index.php\/wp-json\/wp\/v2\/users\/1"}],"replies":[{"embeddable":true,"href":"https:\/\/scientia-amazonia.org\/index.php\/wp-json\/wp\/v2\/comments?post=739"}],"version-history":[{"count":35,"href":"https:\/\/scientia-amazonia.org\/index.php\/wp-json\/wp\/v2\/pages\/739\/revisions"}],"predecessor-version":[{"id":854,"href":"https:\/\/scientia-amazonia.org\/index.php\/wp-json\/wp\/v2\/pages\/739\/revisions\/854"}],"up":[{"embeddable":true,"href":"https:\/\/scientia-amazonia.org\/index.php\/wp-json\/wp\/v2\/pages\/667"}],"wp:attachment":[{"href":"https:\/\/scientia-amazonia.org\/index.php\/wp-json\/wp\/v2\/media?parent=739"}],"curies":[{"name":"wp","href":"https:\/\/api.w.org\/{rel}","templated":true}]}}