{"id":79,"date":"2016-06-08T03:50:52","date_gmt":"2016-06-08T03:50:52","guid":{"rendered":"https:\/\/scientia-amazonia.org\/?page_id=79"},"modified":"2021-05-26T20:19:37","modified_gmt":"2021-05-26T20:19:37","slug":"artigos-originais","status":"publish","type":"page","link":"https:\/\/scientia-amazonia.org\/index.php\/normas-publicacao\/artigos-originais\/","title":{"rendered":"Artigos Originais"},"content":{"rendered":"<p>Os artigos originais devem conter Resumo, Abstract, (Resumen, nos escritos em espanhol), Introdu\u00e7\u00e3o, Material e M\u00e9todos, Resultados, Discuss\u00e3o, Conclus\u00f5es, Agradecimentos, Divulga\u00e7\u00e3o e Refer\u00eancias segundo o modelo da Scientia Amazonia (<a href=\"https:\/\/scientia-amazonia.org\/wp-content\/uploads\/2018\/06\/modelo_artigo_original_versao1.doc\">Clique aqui o arquivo modelo para obter o modelo<\/a>).<\/p>\n<p>Para a submiss\u00e3o do artigo os autores dever\u00e3o <em><strong>enviar os seguintes itens para os editores pelo email (<a href=\"mailto:editor@scientia-amazonia.org\">editor@scientia-amazonia.org<\/a>)<\/strong><\/em>:<\/p>\n<p>1. Uma c\u00f3pia completa do artigo,\u00a0<strong>em pdf<\/strong>, contendo t\u00edtulo do trabalho, nomes dos autores com as respectivas afilia\u00e7\u00f5es, o corpo do artigo (introdu\u00e7\u00e3o, metodologia, resultados, discuss\u00e3o, conclus\u00e3o e refer\u00eancias) e agradecimentos.<\/p>\n<p>2. Uma c\u00f3pia,\u00a0<strong>em pdf,\u00a0<\/strong>contendo apenas t\u00edtulo do trabalho e o corpo do artigo (introdu\u00e7\u00e3o, metodologia, resultados, discuss\u00e3o, conclus\u00e3o e refer\u00eancias). Essa c\u00f3pia ser\u00e1 enviada para os revisores.<\/p>\n<p>3. Enviar uma lista com cinco\u00a0 nomes de pesquisadores, que atuam na \u00e1rea de conhecimento do artigo, com seus respectivos endere\u00e7os eletr\u00f4nicos.<\/p>\n<blockquote>\n<h2>A Scientia Amazonia utiliza o processo de avalia\u00e7\u00e3o duplo cego; ou seja, autores n\u00e3o ter\u00e3o conhecimento dos revisores e vice-versa<\/h2>\n<\/blockquote>\n<p>4. Um texto contexto at\u00e9 150 palavras sobre a import\u00e2ncia cient\u00edfica do artigo.<\/p>\n<p>5. Uma c\u00f3pia do parecer\u00a0<strong>em pdf<\/strong>\u00a0do\u00a0<strong>Comit\u00ea de \u00c9tica<\/strong>\u00a0para os artigos que relatam experimentos em animais ou em seres humanos dever\u00e1 ser anexada com os demais arquivos.\u00a0<strong>Para os artigos que relatam experimentos em animais ou humanos, no item Metodologia (parte experimental) dever\u00e1 conter o n\u00famero e data do parecer emitido pelo respectivo Comit\u00ea de \u00c9tica<\/strong><\/p>\n<p><strong>T\u00edtulo<\/strong>: dever\u00e1 conter no m\u00e1ximo 25 palavras, centralizadas e em negrito. Utilizar fonte Times New Roman tamanho 14. Apenas a primeira palavra com a letra inicial em mai\u00fascula, exceto nomes cient\u00edficos, abreviaturas e siglas. Na \u00faltima letra deve conter um n\u00famero ar\u00e1bico, listado em nota de rodap\u00e9, quando o trabalho for resultado de TCC, disserta\u00e7\u00e3o ou tese.<\/p>\n<p><strong>Nomes dos autores<\/strong>: os nomes dos autores devem ser listados em sequ\u00eancia e centralizados abaixo do t\u00edtulo, por extenso e com a primeira letra de cada nome mai\u00fascula. Utilizarfonte Times New Roman tamanho 12.Cada autor \u00e9 acompanhado de um algarismo ar\u00e1bico, listados em nota de rodap\u00e9, com fun\u00e7\u00e3o exercida, departamento, endere\u00e7o da institui\u00e7\u00e3o (rua, n\u00famero, bairro, CEP, cidade, estado, pa\u00eds) e e-mail dos autores. O autor para correspond\u00eancia dever\u00e1 ser indicado.<\/p>\n<p><strong>Resumo<\/strong>: a palavra\u00a0<strong>Resumo\u00a0<\/strong>dever\u00e1 ser escrita com a primeira letra mai\u00fascula, em negrito e centralizada. O texto dever\u00e1 conter no m\u00e1ximo 250 palavras de tamanho 11 e fonte Times New Roman. N\u00e3o utilizar delimita\u00e7\u00e3o de margens, colocar todo o resumo em \u00fanico par\u00e1grafo e formata\u00e7\u00e3o de par\u00e1grafo do tipo \u201cjustificado\u201d.<\/p>\n<p><strong>Palavras-chave<\/strong>: listar no m\u00ednimo tr\u00eas e no m\u00e1ximo cinco palavras, citadas abaixo do resumo em par\u00e1grafo subsequente, <strong>sem repetir palavras contidas no t\u00edtulo do trabalho<\/strong>. Utilizar fonte Times New Roman tamanho 11.<\/p>\n<p><strong>Abstract: <\/strong>a\u00a0palavra\u00a0<strong>Abstract\u00a0<\/strong>dever\u00e1 ser escrita com a primeira letra mai\u00fascula, em negrito e centralizada. O texto dever\u00e1 conter no m\u00e1ximo250 palavras de tamanho 11 e fonte Times New Roman e corresponder ao\u00a0<strong>Resumo<\/strong>.<\/p>\n<p><strong>Keywords<\/strong>: listar no m\u00ednimo tr\u00eas e no m\u00e1ximo cinco palavras, citadas abaixo do abstract em par\u00e1grafo subsequente, e corresponder as\u00a0<strong>Palavras-chave<\/strong>. Utilizar fonte Times New Roman tamanho 11.<\/p>\n<p>Nos textos escritos na l\u00edngua espanhola dever\u00e1 conter um\u00a0<strong>Resumen\u00a0<\/strong>e as\u00a0<strong>Palabras Clave\u00a0<\/strong>com texto correspondente ao resumo e palavras-chave, respectivamente.<\/p>\n<p><strong>Introdu\u00e7\u00e3o: <\/strong>o\u00a0t\u00edtulo dessa se\u00e7\u00e3o dever\u00e1 ser numerado e escrito com a primeira letra mai\u00fascula, em negrito e alinhado \u00e0 esquerda. Exemplo:\u00a0<strong>1. Introdu\u00e7\u00e3o<\/strong>. A\u00a0<strong>Introdu\u00e7\u00e3o\u00a0<\/strong>tem a fun\u00e7\u00e3o de despertar o interesse do leitor para o assunto em pauta; permitir uma vis\u00e3o global do tema e demonstrarclaramente os objetivos do estudo. No corpo da introdu\u00e7\u00e3o \u00e9 importante citar trabalhos referentes ao assunto, publicados em revistas, cap\u00edtulo e\/ou livros especializados.\u00a0<strong>N\u00e3o ser\u00e3o aceitas como refer\u00eancias: livros did\u00e1ticos, disserta\u00e7\u00f5es e teses. Utilizar fonte Times New Roman tamanho 12.<\/strong><\/p>\n<p><strong>Material e M\u00e9todos:\u00a0<\/strong>o t\u00edtulo dessa se\u00e7\u00e3o dever\u00e1 ser numerado e escrito com a primeira letra mai\u00fascula, em negrito e alinhado \u00e0 esquerda. Exemplo:\u00a0<strong>2. Material e M\u00e9todos<\/strong>. Nesta se\u00e7\u00e3o, a delimita\u00e7\u00e3o do universo estudado (popula\u00e7\u00e3o e amostra); t\u00e9cnica usada na busca da solu\u00e7\u00e3o ou na coleta de dados; instrumentos, procedimentos e local de estudo devemser redigidos com detalhes suficientes para que o trabalho possa ser repetido.\u00a0<strong>Utilizar fonte Times New Roman tamanho 12.<\/strong><\/p>\n<p><strong>Princ\u00edpios \u00c9ticos<\/strong><br \/>\nAo relatar experimentos em animais ou em seres humanos, no material e m\u00e9todos dever\u00e1 conter o n\u00famero e data do parecer emitido pelo respectivo Comit\u00ea de \u00c9tica.<\/p>\n<p><strong>Resultados e\/ou Discuss\u00e3o<\/strong>: o t\u00edtulo dessa se\u00e7\u00e3o dever\u00e1 ser numerado e escrito com a primeira letra mai\u00fascula, em negrito e alinhado \u00e0 esquerda. De acordo com a escolha do autor o manuscrito poder\u00e1 apresentar resultados e\/ou discuss\u00e3o conforme os Exemplos:\u00a0<strong>3. Resultados e Discuss\u00e3o\u00a0<\/strong>ou\u00a0<strong>3. Resultados e 4. Discuss\u00e3o,\u00a0<\/strong>em t\u00f3picos distintos. A Se\u00e7\u00e3o\u00a0<strong>Resultados\u00a0<\/strong>\u00e9 destinada a apresentar os dados obtidos, utilizando tabelas, gr\u00e1ficos, figuras, fotografias ou esquemas. No caso do autor optar pela forma\u00a0<strong>3. Resultados e Discuss\u00e3o<\/strong>, a se\u00e7\u00e3o dever\u00e1 conter os resultados com as suas respectivas discuss\u00f5es embasadas em trabalhos publicados em revistas, cap\u00edtulos e\/ou livros especializados. Para a op\u00e7\u00e3o\u00a0<strong>3. Resultados\u00a0<\/strong>e\u00a0<strong>4.Discuss\u00e3o<\/strong>, em itens separados, os resultados dever\u00e3o ser apresentados de forma sucinta e a discuss\u00e3o, pertinente aos resultados obtidos, embasada em trabalhos publicados em revistas, cap\u00edtulos e\/ou livros especializados.\u00a0<strong>Utilizar fonte Times New Roman tamanho 12.<\/strong><\/p>\n<p><strong>Conclus\u00f5es<\/strong>: o t\u00edtulo dessa se\u00e7\u00e3o dever\u00e1 ser numerado e escrito com a primeira letra mai\u00fascula, em negrito e alinhado \u00e0 esquerda. Exemplos:\u00a0<strong>4. Conclus\u00f5es ou 5. Conclus\u00f5es<\/strong>. As conclus\u00f5es devem ser concisas e oriundas dos resultados apresentados e discutidos.\u00a0<strong>Utilizar fonte Times New Roman tamanho 12.<\/strong><\/p>\n<p><strong>Agradecimentos: <\/strong>o\u00a0t\u00edtulo dessa se\u00e7\u00e3o n\u00e3o dever\u00e1 ser numerado, mas escrito com a primeira letra mai\u00fascula, em negrito e alinhado \u00e0 esquerda. Exemplo:\u00a0<strong>Agradecimentos<\/strong>. Nessa se\u00e7\u00e3o os autores podem agradecer a pessoas, institui\u00e7\u00f5es, laborat\u00f3rios e ag\u00eancias de fomentos.\u00a0<strong>Utilizar fonte Times New Roman tamanho 12.<\/strong><\/p>\n<p><strong>Divulga\u00e7\u00e3o: <\/strong>o\u00a0t\u00edtulo dessa se\u00e7\u00e3o n\u00e3o dever\u00e1 ser numerado, mas escrito com a primeira letra mai\u00fascula, em negrito e alinhado \u00e0 esquerda. Exemplo\u00a0<strong>Divulga\u00e7\u00e3o.\u00a0<\/strong>Nesta se\u00e7\u00e3o dever\u00e1 conter o seguinte texto:<\/p>\n<p>\u201cEste artigo \u00e9 in\u00e9dito. Os autores e revisores n\u00e3o relataram qualquer conflito de interesse durante a sua avalia\u00e7\u00e3o. Logo, a revista\u00a0<em>Scientia Amazonia\u00a0<\/em>det\u00e9m os direitos autorais, tem a aprova\u00e7\u00e3o e a permiss\u00e3o dos autores para divulga\u00e7\u00e3o, deste artigo, por meio eletr\u00f4nico\u201d.\u00a0<strong>Utilizar fonte Times New Roman tamanho 12.<\/strong><\/p>\n<p><strong>Refer\u00eancias:<\/strong><\/p>\n<p>A revista Scientia Amazonia adota o estilo de cita\u00e7\u00e3o Chicago 17 edi\u00e7\u00e3o (autor-data) nas cita\u00e7\u00f5es dos artigos de revis\u00e3o. Para fazer as cita\u00e7\u00f5es bibliogr\u00e1ficas dos artigos de revis\u00e3o no formato Chicago 17 edi\u00e7\u00e3o (autor-data) a revista <em>Scientia Amazonia<\/em> recomenda o uso dos softwares de gerenciamento de refer\u00eancias bibliogr\u00e1ficas: <a href=\"https:\/\/www.mendeley.com\/download-desktop\/Windows\/\">Mendeley<\/a> (open source) e\u00a0<a href=\"https:\/\/endnote.com\/downloads\/\">EndNote<\/a> (pago).<\/p>\n<p><strong style=\"font-size: inherit;\">NORMAS PARA AS ILUSTRA\u00c7\u00d5ES E TABELAS:<\/strong><\/p>\n<p>As figuras e tabelas ao serem citadas devem ser imediatamente inseridas no texto. A legenda deve ser posicionada abaixo nas figuras e acima nas tabelas, centralizadas, numeradas com algarismos ar\u00e1bicos, fonte Times New Roman e tamanho 10. Figuras e tabelas n\u00e3o devem repetir os mesmos dados. Toda ilustra\u00e7\u00e3o que j\u00e1 tenha sido publicada deve conter, abaixo da legenda, dados sobre a fonte (autor, data) de onde foi extra\u00edda, bem como autoriza\u00e7\u00e3o do detentor do\u00a0<em>copyright\u00a0<\/em>ou comprova\u00e7\u00e3o que seja de dom\u00ednio p\u00fablico.<\/p>\n<p><strong><u>REGRAS E EXEMPLOS DE FIGURAS E TABELAS:<\/u><\/strong><\/p>\n<p><strong>Tabela: <\/strong>deve ser constru\u00edda apenas com as linhas horizontais de separa\u00e7\u00e3o no cabe\u00e7alho e a do final da tabela. A sua legenda dever\u00e1 receber a palavra\u00a0<strong>Tabela<\/strong>, seguida pelo n\u00famero de ordem em algarismo ar\u00e1bico e o conte\u00fado do t\u00edtulo, por exemplo,\u00a0<strong>Tabela 1 \u2013 Dados demogr\u00e1ficos da Cidade de Manaus<\/strong>.<\/p>\n<p><strong>Figura:\u00a0<\/strong>Os desenhos, gr\u00e1ficos, imagens fotogr\u00e1ficas, etc. devem ser n\u00edtidos. A sua legenda dever\u00e1 receber a palavra\u00a0<strong>Figura<\/strong>, seguida do n\u00famero de ordem em algarismo ar\u00e1bico e o conte\u00fado do texto, por exemplo,\u00a0<strong>Figura 1 \u2013 Esp\u00e9cies de serpentes existentes no\u00a0<\/strong><em><strong>campus\u00a0<\/strong><\/em><strong>da UFAM<\/strong>.<\/p>\n","protected":false},"excerpt":{"rendered":"<p>Os artigos originais devem conter Resumo, Abstract, (Resumen, nos escritos em espanhol), Introdu\u00e7\u00e3o, Material e M\u00e9todos, Resultados, Discuss\u00e3o, Conclus\u00f5es, Agradecimentos, Divulga\u00e7\u00e3o e Refer\u00eancias segundo o modelo da Scientia Amazonia (Clique aqui o arquivo modelo para [&hellip;]<\/p>\n","protected":false},"author":1,"featured_media":0,"parent":44,"menu_order":0,"comment_status":"closed","ping_status":"closed","template":"","meta":{"_links_to":"","_links_to_target":""},"yoast_head":"<!-- This site is optimized with the Yoast SEO plugin v20.2.1 - https:\/\/yoast.com\/wordpress\/plugins\/seo\/ -->\n<title>Artigos Originais - Scientia Amazonia<\/title>\n<meta name=\"robots\" content=\"index, follow, max-snippet:-1, max-image-preview:large, max-video-preview:-1\" \/>\n<link rel=\"canonical\" href=\"https:\/\/scientia-amazonia.org\/index.php\/normas-publicacao\/artigos-originais\/\" \/>\n<meta property=\"og:locale\" content=\"en_US\" \/>\n<meta property=\"og:type\" content=\"article\" \/>\n<meta property=\"og:title\" content=\"Artigos Originais - Scientia Amazonia\" \/>\n<meta property=\"og:description\" content=\"Os artigos originais devem conter Resumo, Abstract, (Resumen, nos escritos em espanhol), Introdu\u00e7\u00e3o, Material e M\u00e9todos, Resultados, Discuss\u00e3o, Conclus\u00f5es, Agradecimentos, Divulga\u00e7\u00e3o e Refer\u00eancias segundo o modelo da Scientia Amazonia (Clique aqui o arquivo modelo para [&hellip;]\" \/>\n<meta property=\"og:url\" content=\"https:\/\/scientia-amazonia.org\/index.php\/normas-publicacao\/artigos-originais\/\" \/>\n<meta property=\"og:site_name\" content=\"Scientia Amazonia\" \/>\n<meta property=\"article:modified_time\" content=\"2021-05-26T20:19:37+00:00\" \/>\n<meta name=\"twitter:card\" content=\"summary_large_image\" \/>\n<meta name=\"twitter:label1\" content=\"Est. reading time\" \/>\n\t<meta name=\"twitter:data1\" content=\"6 minutes\" \/>\n<script type=\"application\/ld+json\" class=\"yoast-schema-graph\">{\"@context\":\"https:\/\/schema.org\",\"@graph\":[{\"@type\":\"WebPage\",\"@id\":\"https:\/\/scientia-amazonia.org\/index.php\/normas-publicacao\/artigos-originais\/\",\"url\":\"https:\/\/scientia-amazonia.org\/index.php\/normas-publicacao\/artigos-originais\/\",\"name\":\"Artigos Originais - Scientia Amazonia\",\"isPartOf\":{\"@id\":\"https:\/\/scientia-amazonia.org\/#website\"},\"datePublished\":\"2016-06-08T03:50:52+00:00\",\"dateModified\":\"2021-05-26T20:19:37+00:00\",\"breadcrumb\":{\"@id\":\"https:\/\/scientia-amazonia.org\/index.php\/normas-publicacao\/artigos-originais\/#breadcrumb\"},\"inLanguage\":\"en-US\",\"potentialAction\":[{\"@type\":\"ReadAction\",\"target\":[\"https:\/\/scientia-amazonia.org\/index.php\/normas-publicacao\/artigos-originais\/\"]}]},{\"@type\":\"BreadcrumbList\",\"@id\":\"https:\/\/scientia-amazonia.org\/index.php\/normas-publicacao\/artigos-originais\/#breadcrumb\",\"itemListElement\":[{\"@type\":\"ListItem\",\"position\":1,\"name\":\"Home\",\"item\":\"https:\/\/scientia-amazonia.org\/\"},{\"@type\":\"ListItem\",\"position\":2,\"name\":\"Normas de publica\u00e7\u00e3o\",\"item\":\"https:\/\/scientia-amazonia.org\/index.php\/normas-publicacao\/\"},{\"@type\":\"ListItem\",\"position\":3,\"name\":\"Artigos Originais\"}]},{\"@type\":\"WebSite\",\"@id\":\"https:\/\/scientia-amazonia.org\/#website\",\"url\":\"https:\/\/scientia-amazonia.org\/\",\"name\":\"Scientia Amazonia\",\"description\":\"Revista eletr\u00f4nica\",\"publisher\":{\"@id\":\"https:\/\/scientia-amazonia.org\/#organization\"},\"potentialAction\":[{\"@type\":\"SearchAction\",\"target\":{\"@type\":\"EntryPoint\",\"urlTemplate\":\"https:\/\/scientia-amazonia.org\/?s={search_term_string}\"},\"query-input\":\"required name=search_term_string\"}],\"inLanguage\":\"en-US\"},{\"@type\":\"Organization\",\"@id\":\"https:\/\/scientia-amazonia.org\/#organization\",\"name\":\"Scientia Amazonia\",\"url\":\"https:\/\/scientia-amazonia.org\/\",\"logo\":{\"@type\":\"ImageObject\",\"inLanguage\":\"en-US\",\"@id\":\"https:\/\/scientia-amazonia.org\/#\/schema\/logo\/image\/\",\"url\":\"https:\/\/scientia-amazonia.org\/wp-content\/uploads\/2021\/03\/logoScientia2.png\",\"contentUrl\":\"https:\/\/scientia-amazonia.org\/wp-content\/uploads\/2021\/03\/logoScientia2.png\",\"width\":934,\"height\":100,\"caption\":\"Scientia Amazonia\"},\"image\":{\"@id\":\"https:\/\/scientia-amazonia.org\/#\/schema\/logo\/image\/\"}}]}<\/script>\n<!-- \/ Yoast SEO plugin. -->","yoast_head_json":{"title":"Artigos Originais - Scientia Amazonia","robots":{"index":"index","follow":"follow","max-snippet":"max-snippet:-1","max-image-preview":"max-image-preview:large","max-video-preview":"max-video-preview:-1"},"canonical":"https:\/\/scientia-amazonia.org\/index.php\/normas-publicacao\/artigos-originais\/","og_locale":"en_US","og_type":"article","og_title":"Artigos Originais - Scientia Amazonia","og_description":"Os artigos originais devem conter Resumo, Abstract, (Resumen, nos escritos em espanhol), Introdu\u00e7\u00e3o, Material e M\u00e9todos, Resultados, Discuss\u00e3o, Conclus\u00f5es, Agradecimentos, Divulga\u00e7\u00e3o e Refer\u00eancias segundo o modelo da Scientia Amazonia (Clique aqui o arquivo modelo para [&hellip;]","og_url":"https:\/\/scientia-amazonia.org\/index.php\/normas-publicacao\/artigos-originais\/","og_site_name":"Scientia Amazonia","article_modified_time":"2021-05-26T20:19:37+00:00","twitter_card":"summary_large_image","twitter_misc":{"Est. reading time":"6 minutes"},"schema":{"@context":"https:\/\/schema.org","@graph":[{"@type":"WebPage","@id":"https:\/\/scientia-amazonia.org\/index.php\/normas-publicacao\/artigos-originais\/","url":"https:\/\/scientia-amazonia.org\/index.php\/normas-publicacao\/artigos-originais\/","name":"Artigos Originais - Scientia Amazonia","isPartOf":{"@id":"https:\/\/scientia-amazonia.org\/#website"},"datePublished":"2016-06-08T03:50:52+00:00","dateModified":"2021-05-26T20:19:37+00:00","breadcrumb":{"@id":"https:\/\/scientia-amazonia.org\/index.php\/normas-publicacao\/artigos-originais\/#breadcrumb"},"inLanguage":"en-US","potentialAction":[{"@type":"ReadAction","target":["https:\/\/scientia-amazonia.org\/index.php\/normas-publicacao\/artigos-originais\/"]}]},{"@type":"BreadcrumbList","@id":"https:\/\/scientia-amazonia.org\/index.php\/normas-publicacao\/artigos-originais\/#breadcrumb","itemListElement":[{"@type":"ListItem","position":1,"name":"Home","item":"https:\/\/scientia-amazonia.org\/"},{"@type":"ListItem","position":2,"name":"Normas de publica\u00e7\u00e3o","item":"https:\/\/scientia-amazonia.org\/index.php\/normas-publicacao\/"},{"@type":"ListItem","position":3,"name":"Artigos Originais"}]},{"@type":"WebSite","@id":"https:\/\/scientia-amazonia.org\/#website","url":"https:\/\/scientia-amazonia.org\/","name":"Scientia Amazonia","description":"Revista eletr\u00f4nica","publisher":{"@id":"https:\/\/scientia-amazonia.org\/#organization"},"potentialAction":[{"@type":"SearchAction","target":{"@type":"EntryPoint","urlTemplate":"https:\/\/scientia-amazonia.org\/?s={search_term_string}"},"query-input":"required name=search_term_string"}],"inLanguage":"en-US"},{"@type":"Organization","@id":"https:\/\/scientia-amazonia.org\/#organization","name":"Scientia Amazonia","url":"https:\/\/scientia-amazonia.org\/","logo":{"@type":"ImageObject","inLanguage":"en-US","@id":"https:\/\/scientia-amazonia.org\/#\/schema\/logo\/image\/","url":"https:\/\/scientia-amazonia.org\/wp-content\/uploads\/2021\/03\/logoScientia2.png","contentUrl":"https:\/\/scientia-amazonia.org\/wp-content\/uploads\/2021\/03\/logoScientia2.png","width":934,"height":100,"caption":"Scientia Amazonia"},"image":{"@id":"https:\/\/scientia-amazonia.org\/#\/schema\/logo\/image\/"}}]}},"_links":{"self":[{"href":"https:\/\/scientia-amazonia.org\/index.php\/wp-json\/wp\/v2\/pages\/79"}],"collection":[{"href":"https:\/\/scientia-amazonia.org\/index.php\/wp-json\/wp\/v2\/pages"}],"about":[{"href":"https:\/\/scientia-amazonia.org\/index.php\/wp-json\/wp\/v2\/types\/page"}],"author":[{"embeddable":true,"href":"https:\/\/scientia-amazonia.org\/index.php\/wp-json\/wp\/v2\/users\/1"}],"replies":[{"embeddable":true,"href":"https:\/\/scientia-amazonia.org\/index.php\/wp-json\/wp\/v2\/comments?post=79"}],"version-history":[{"count":14,"href":"https:\/\/scientia-amazonia.org\/index.php\/wp-json\/wp\/v2\/pages\/79\/revisions"}],"predecessor-version":[{"id":1773,"href":"https:\/\/scientia-amazonia.org\/index.php\/wp-json\/wp\/v2\/pages\/79\/revisions\/1773"}],"up":[{"embeddable":true,"href":"https:\/\/scientia-amazonia.org\/index.php\/wp-json\/wp\/v2\/pages\/44"}],"wp:attachment":[{"href":"https:\/\/scientia-amazonia.org\/index.php\/wp-json\/wp\/v2\/media?parent=79"}],"curies":[{"name":"wp","href":"https:\/\/api.w.org\/{rel}","templated":true}]}}