{"id":856,"date":"2018-08-31T19:35:08","date_gmt":"2018-08-31T19:35:08","guid":{"rendered":"https:\/\/scientia-amazonia.org\/?page_id=856"},"modified":"2018-11-25T16:19:01","modified_gmt":"2018-11-25T16:19:01","slug":"numero-3","status":"publish","type":"page","link":"https:\/\/scientia-amazonia.org\/index.php\/2018-2\/numero-3\/","title":{"rendered":"N\u00famero 3"},"content":{"rendered":"<p><strong>Biotecnologia<\/strong><\/p>\n<p style=\"text-align: center;\"><a href=\"https:\/\/scientia-amazonia.org\/wp-content\/uploads\/2018\/08\/v7-n3-b1-b6-2018.pdf\">DMSO (dimethyl sulfoxide) inhibits acetylcholinesterase from the nervous and muscle tissues of tambaqui (Colossoma macropomum) <\/a>(In Portuguese)<\/p>\n<p style=\"text-align: center;\">Karina Francis de Souza Barbosa\u00a0Eike Nascimento de Oliveira, R\u00fabia Neris Machado, Ana L\u00facia Silva Gomes,\u00a0 Wallice Paxi\u00faba Duncan<\/p>\n<p style=\"text-align: center;\"><a href=\"https:\/\/scientia-amazonia.org\/wp-content\/uploads\/2018\/08\/v7-n3-b7-b11-2018.pdf\">Pathogenic action of Metarhizium anisopliae, Beauveria bassiana, Isaria javanica and Penicillium sp. against Nasutitermes corniger Motschulsky (Isoptera: Termitidae) in the Amazon<\/a> (In Portuguese)<\/p>\n<p style=\"text-align: center;\">Ginarajada\u00e7a Ferreira dos Santos Oliveira, Adriana Dantas Gonzaga, Enedina Nogueira Assun\u00e7\u00e3o, Ant\u00f4nia Queiroz Lima de Souza, Jo\u00e3o L\u00facio Azevedo<\/p>\n<p style=\"text-align: center;\"><a href=\"https:\/\/scientia-amazonia.org\/wp-content\/uploads\/2018\/11\/v7-n3-b12-b19-2018.pdf\">Study of Fiber-Matrix Interaction In Composites With Vegetable Fibers<\/a>\u00a0\u00a0(In Portuguese)<\/p>\n<p style=\"text-align: center;\">Gilberto Garc\u00eda del Pino, Antonio Claudio Kieling, Jos\u00e9 Costa de Mac\u00eado Neto, Jose Luis Valin Rivera, Marcos Dantas dos Santos, Maria das Gra\u00e7as da Silva Valenzuela, Francisco Rolando Valenzuela D\u00edaz<\/p>\n<p><strong>\u00a0<\/strong><strong>Ci\u00eancias Agr\u00e1rias<\/strong><\/p>\n<p style=\"text-align: center;\"><a href=\"https:\/\/scientia-amazonia.org\/wp-content\/uploads\/2018\/08\/v7-n3-ca1-ca6-2018.pdf\">Agronomic performance of corn cultivars (Zea mays L.) in Humait\u00e1\/AM<\/a> (In Portuguese)<\/p>\n<p style=\"text-align: center;\">Jordana de Ara\u00fajo Fl\u00f4res, Carlos Eduardo Pereira<\/p>\n<p style=\"text-align: center;\"><a href=\"https:\/\/scientia-amazonia.org\/wp-content\/uploads\/2018\/08\/v7-n3-ca7-ca11-2018.pdf\">Biomorphometry of <em>Atherinella brasiliensis<\/em> (Quoy &amp; Gaimard, 1825) (Atheriniformes, Atherinopsidae) from the coastal region of the municipality of Salin\u00f3polis, eastern Amazonia, Northern Brazil <\/a>(In Portuguese)<\/p>\n<p style=\"text-align: center;\">Mara R\u00fabia Ferreira Barros, Wagner C\u00e9sar Rosa dos Santos, Rafael Anaisce das Chagas<\/p>\n<p style=\"text-align: center;\"><a href=\"https:\/\/scientia-amazonia.org\/wp-content\/uploads\/2018\/08\/v7-n3-ca12-ca18-2018.pdf\">Survival of the Amazonian shrimp\u00a0Macrobrachium amazonicum\u00a0Heller, 1862 (Decapoda, Palaemonidae) in polyculture with tambaquiColossoma macropomum\u00a0Cuvier, 1816 (Teleostei, Characidae)<\/a> (In Portuguese)<\/p>\n<p style=\"text-align: center;\">Thiago Marinho-Pereira, Wendel de Souza Oliveira, Tomaz Lima Gualberto,\u00a0Bruno Adan Sagratzki Cavero<\/p>\n<h4><strong>Ci\u00eancias Ambientais<\/strong><\/h4>\n<p style=\"text-align: center;\"><a href=\"https:\/\/scientia-amazonia.org\/wp-content\/uploads\/2018\/08\/v7-n3-cam1-cam11-2018.pdf\">Water Quality of Urban Lakes in the Central-Southern Region of Manaus, Amazon<\/a> (In English)<\/p>\n<p style=\"text-align: center;\">Adriano Nobre Arcos,\u00a0 Aline Cristina Lima Amaral, Maria Arruda dos Santos, Cristiany de Moura Apolin\u00e1rio e Silva, Daiani Kochhann, Wanderli Pedro Tadei<\/p>\n<h3><sup><strong>Ci\u00eancias Biol\u00f3gicas<\/strong><br \/>\n<\/sup><\/h3>\n<p style=\"text-align: center;\"><a href=\"https:\/\/scientia-amazonia.org\/wp-content\/uploads\/2018\/08\/v7-n3-cb1-cb16-2018.pdf\">Biological, toxicological and nutritional parameters of Pereskia aculeata Miller: a literature review<\/a> (In Portuguese)<\/p>\n<p style=\"text-align: center;\">Aline Queiroz Santos, Regineide Xavier Santos, Gabriele Marisco<\/p>\n<p style=\"text-align: center;\"><a href=\"https:\/\/scientia-amazonia.org\/wp-content\/uploads\/2018\/08\/v7-n3-cb17-cb35-2018.pdf\">A brief history of bacterial promoters: from sequence and regulatory mechanism to biotechnology application<\/a> (In Portuguese)<\/p>\n<p style=\"text-align: center;\">Diego da Silva Moreira, Kerollen Runa Pinto, Maria Clara Tavares Astolfi, Spartaco Astolfi-Filho<\/p>\n<h3><sup><strong>Ci\u00eancias Exatas e da Terra<\/strong><\/sup><\/h3>\n<p style=\"text-align: center;\"><a href=\"https:\/\/scientia-amazonia.org\/wp-content\/uploads\/2018\/11\/v3-n2-c1-c8-2018.pdf\">Characterization of magnetic nanoparticles for environmental remediation<\/a>\u00a0(In Portuguese)<\/p>\n<p style=\"text-align: center;\">Nulliany C. S. Silva , Minos M. Ad\u00e3o Neto, Gabriela C. Silva, Isabel C.S. Dinl\u00f3la<\/p>\n<h3><sup><strong>Ci\u00eancias da Sa\u00fade<\/strong><\/sup><\/h3>\n<p style=\"text-align: center;\"><a href=\"https:\/\/scientia-amazonia.org\/wp-content\/uploads\/2018\/08\/v7-n3-cs1-cs17-2018.pdf\">Oral health promotion: Can we indiscriminately use commercial mouthwashes?<\/a> (In Portuguese)<\/p>\n<p style=\"text-align: center;\">Valdiele de Jesus Salgado, Regineide Xavier Santos, Gabriele Marisco da Silva<\/p>\n<p style=\"text-align: center;\"><a href=\"https:\/\/scientia-amazonia.org\/wp-content\/uploads\/2018\/08\/v7-n3-cs18-cs28-2018.pdf\">A review on the morphology and pharmacological properties of the species Astrocaryum aculeatum Meyer and Astrocaryum vulgare Mart.<\/a> (In portuguese)<\/p>\n<p style=\"text-align: center;\">St\u00e9fani Ferreira de Oliveira, Jos\u00e9 Pereira de Moura Neto, Keyla Emanuelle Ramos da Silva<\/p>\n<p style=\"text-align: center;\"><a href=\"https:\/\/scientia-amazonia.org\/wp-content\/uploads\/2018\/08\/v7-n3-cs29-cs37-2018.pdf\">Isolation and characterization of Candida sp. in the nipple of infants of a maternity hospital in the city of Manaus<\/a> (In portuguese)<\/p>\n<p style=\"text-align: center;\">Gabriela Hermida Dias, F\u00e1bio Raphael Moreira C\u00e1uper, Tha\u00eds Cristina Ferreira Corr\u00eaa, T\u00e2nia Ramires Gondim, Katia Santana Cruz, Luciana Lima de Brito C\u00e1uper, Suely de Souza Costa<\/p>\n<p style=\"text-align: center;\"><a href=\"https:\/\/scientia-amazonia.org\/wp-content\/uploads\/2018\/08\/v7-n3-cs38-cs44-2018.pdf\">Profile of self-medication by elderly people in a Public Association of the City of Manaus \u2013 Amazonas\u00a0<\/a>(In Portuguese)<\/p>\n<p style=\"text-align: center;\">Luana Oliveira Cardoso, Silviane Bezerra Pinheiro, Bruno Mori<\/p>\n<p style=\"text-align: center;\"><a href=\"https:\/\/scientia-amazonia.org\/wp-content\/uploads\/2018\/08\/v7-n3-cs45-cs53-2018.pdf\">Communication and education and its interface with tuberculosis in the light of Peplau&#8217;s Nursing Theory<\/a> (In Portuguese)<\/p>\n<p style=\"text-align: center;\">Aylana de Souza Belchior,.Evelyne Marie Therese Mainbourg, Maria Jacirema Ferreira Gon\u00e7alves<\/p>\n<p style=\"text-align: center;\"><a href=\"https:\/\/scientia-amazonia.org\/wp-content\/uploads\/2018\/08\/v7-n3-cs54-cs64-2018.pdf\">Nursing scientific production with auriculotherapy: integrative literature review<\/a>. (In Portuguese)<\/p>\n<p style=\"text-align: center;\">Val\u00e9rie Kischener Gomes, Sandra Greice Becker<\/p>\n<h3><sup><strong>Educa\u00e7\u00e3o<\/strong><\/sup><\/h3>\n<p style=\"text-align: center;\"><a href=\"https:\/\/scientia-amazonia.org\/wp-content\/uploads\/2018\/08\/v7-n3-e1-e6-2018.pdf\">Ludic activities as a tool for atomic theory teaching<\/a> (In Portuguese)<\/p>\n<p style=\"text-align: center;\">Janelson Ara\u00fajo Queiroz,\u00a0 Waldireny Caldas Rocha, Klenicy Kazumy de Lima Yamaguchi<\/p>\n<p style=\"text-align: center;\"><a href=\"https:\/\/scientia-amazonia.org\/wp-content\/uploads\/2018\/08\/v7-n3-e7-e15-2018.pdf\">New High School format in SEDUC Amazonas: Perspectives between Teachers and Students<\/a> (In Portuguese)<\/p>\n<p style=\"text-align: center;\">Manoel Feitosa Jeffreys, Dayson Jose Jardim-Lima, Bruna Barbosa de Freitas, Manuel Arruda da Silva, Ant\u00f4nio Menezes da Costa<\/p>\n<p style=\"text-align: center;\"><a href=\"https:\/\/scientia-amazonia.org\/wp-content\/uploads\/2018\/08\/v7-n3-e16-e20-2018.pdf\">The importance of the practice of selective collection as an Environmental Education action in the school context: a case study in a public school in the municipality of Buriticupu \/ MA<\/a> (In Portuguese)<\/p>\n<p style=\"text-align: center;\">Mayara Alves Lima, Jesuino da Silva Costa Martins, Reinaldo Lucas Caja\u00edba, Elson Silva de Sousa, Kl\u00e9ber Sales Pereira, Vilson de Almeida Sousa<\/p>\n<p style=\"text-align: center;\"><a href=\"https:\/\/scientia-amazonia.org\/wp-content\/uploads\/2018\/08\/v7-n3-e21-e32-2018.pdf\">Analysis of interdisciplinarity in ENEM science issues<\/a> (In Portuguese)<\/p>\n<p style=\"text-align: center;\">Silvana Rodrigues Pereira, Regina Simpl\u00edcio Carvalho<\/p>\n<h3><sup><strong>Engenharias<\/strong><\/sup><\/h3>\n<p style=\"text-align: center;\"><a href=\"https:\/\/scientia-amazonia.org\/wp-content\/uploads\/2018\/08\/v7-n3-En1-En12-2018.pdf\">Visual inspection of pathological manifestations on footbridges in the south-central region of Manaus<\/a> (In Portuguese)<\/p>\n<p style=\"text-align: center;\">Samuel Ant\u00e3o Ferreira do Nascimento, Fernando de Farias Fernandes<\/p>\n<h3><sup><strong>Ensino<\/strong><\/sup><\/h3>\n<p style=\"text-align: center;\"><a href=\"https:\/\/scientia-amazonia.org\/wp-content\/uploads\/2018\/11\/v7-n3-e1-e7-2018.pdf\">Underestanding the Gowin\u00b4s \u201cV\u201d Method from the Performance Appraisal of the Mathematics Course Students<\/a> (In Portuguese)<\/p>\n<p style=\"text-align: center;\">Mateus Medeiros Gualberto, Larissa Tayse de Lima de Freitas, Francisco Sib\u00e9rio Albuquerque, Ilauro de Souza Lima<\/p>\n<p>&nbsp;<\/p>\n","protected":false},"excerpt":{"rendered":"<p>Biotecnologia DMSO (dimethyl sulfoxide) inhibits acetylcholinesterase from the nervous and muscle tissues of tambaqui (Colossoma macropomum) (In Portuguese) Karina Francis de Souza Barbosa\u00a0Eike Nascimento de Oliveira, R\u00fabia Neris Machado, Ana L\u00facia Silva Gomes,\u00a0 Wallice Paxi\u00faba [&hellip;]<\/p>\n","protected":false},"author":1,"featured_media":0,"parent":667,"menu_order":0,"comment_status":"closed","ping_status":"closed","template":"","meta":{"_links_to":"","_links_to_target":""},"yoast_head":"<!-- This site is optimized with the Yoast SEO plugin v20.2.1 - https:\/\/yoast.com\/wordpress\/plugins\/seo\/ -->\n<title>N\u00famero 3 - Scientia Amazonia<\/title>\n<meta name=\"robots\" content=\"index, follow, max-snippet:-1, max-image-preview:large, max-video-preview:-1\" \/>\n<link rel=\"canonical\" href=\"https:\/\/scientia-amazonia.org\/index.php\/2018-2\/numero-3\/\" \/>\n<meta property=\"og:locale\" content=\"en_US\" \/>\n<meta property=\"og:type\" content=\"article\" \/>\n<meta property=\"og:title\" content=\"N\u00famero 3 - Scientia Amazonia\" \/>\n<meta property=\"og:description\" content=\"Biotecnologia DMSO (dimethyl sulfoxide) inhibits acetylcholinesterase from the nervous and muscle tissues of tambaqui (Colossoma macropomum) (In Portuguese) Karina Francis de Souza Barbosa\u00a0Eike Nascimento de Oliveira, R\u00fabia Neris Machado, Ana L\u00facia Silva Gomes,\u00a0 Wallice Paxi\u00faba [&hellip;]\" \/>\n<meta property=\"og:url\" content=\"https:\/\/scientia-amazonia.org\/index.php\/2018-2\/numero-3\/\" \/>\n<meta property=\"og:site_name\" content=\"Scientia Amazonia\" \/>\n<meta property=\"article:modified_time\" content=\"2018-11-25T16:19:01+00:00\" \/>\n<meta name=\"twitter:card\" content=\"summary_large_image\" \/>\n<meta name=\"twitter:label1\" content=\"Est. reading time\" \/>\n\t<meta name=\"twitter:data1\" content=\"4 minutes\" \/>\n<script type=\"application\/ld+json\" class=\"yoast-schema-graph\">{\"@context\":\"https:\/\/schema.org\",\"@graph\":[{\"@type\":\"WebPage\",\"@id\":\"https:\/\/scientia-amazonia.org\/index.php\/2018-2\/numero-3\/\",\"url\":\"https:\/\/scientia-amazonia.org\/index.php\/2018-2\/numero-3\/\",\"name\":\"N\u00famero 3 - Scientia Amazonia\",\"isPartOf\":{\"@id\":\"https:\/\/scientia-amazonia.org\/#website\"},\"datePublished\":\"2018-08-31T19:35:08+00:00\",\"dateModified\":\"2018-11-25T16:19:01+00:00\",\"breadcrumb\":{\"@id\":\"https:\/\/scientia-amazonia.org\/index.php\/2018-2\/numero-3\/#breadcrumb\"},\"inLanguage\":\"en-US\",\"potentialAction\":[{\"@type\":\"ReadAction\",\"target\":[\"https:\/\/scientia-amazonia.org\/index.php\/2018-2\/numero-3\/\"]}]},{\"@type\":\"BreadcrumbList\",\"@id\":\"https:\/\/scientia-amazonia.org\/index.php\/2018-2\/numero-3\/#breadcrumb\",\"itemListElement\":[{\"@type\":\"ListItem\",\"position\":1,\"name\":\"Home\",\"item\":\"https:\/\/scientia-amazonia.org\/\"},{\"@type\":\"ListItem\",\"position\":2,\"name\":\"2018\",\"item\":\"https:\/\/scientia-amazonia.org\/index.php\/2018-2\/\"},{\"@type\":\"ListItem\",\"position\":3,\"name\":\"N\u00famero 3\"}]},{\"@type\":\"WebSite\",\"@id\":\"https:\/\/scientia-amazonia.org\/#website\",\"url\":\"https:\/\/scientia-amazonia.org\/\",\"name\":\"Scientia Amazonia\",\"description\":\"Revista eletr\u00f4nica\",\"publisher\":{\"@id\":\"https:\/\/scientia-amazonia.org\/#organization\"},\"potentialAction\":[{\"@type\":\"SearchAction\",\"target\":{\"@type\":\"EntryPoint\",\"urlTemplate\":\"https:\/\/scientia-amazonia.org\/?s={search_term_string}\"},\"query-input\":\"required name=search_term_string\"}],\"inLanguage\":\"en-US\"},{\"@type\":\"Organization\",\"@id\":\"https:\/\/scientia-amazonia.org\/#organization\",\"name\":\"Scientia Amazonia\",\"url\":\"https:\/\/scientia-amazonia.org\/\",\"logo\":{\"@type\":\"ImageObject\",\"inLanguage\":\"en-US\",\"@id\":\"https:\/\/scientia-amazonia.org\/#\/schema\/logo\/image\/\",\"url\":\"https:\/\/scientia-amazonia.org\/wp-content\/uploads\/2021\/03\/logoScientia2.png\",\"contentUrl\":\"https:\/\/scientia-amazonia.org\/wp-content\/uploads\/2021\/03\/logoScientia2.png\",\"width\":934,\"height\":100,\"caption\":\"Scientia Amazonia\"},\"image\":{\"@id\":\"https:\/\/scientia-amazonia.org\/#\/schema\/logo\/image\/\"}}]}<\/script>\n<!-- \/ Yoast SEO plugin. -->","yoast_head_json":{"title":"N\u00famero 3 - Scientia Amazonia","robots":{"index":"index","follow":"follow","max-snippet":"max-snippet:-1","max-image-preview":"max-image-preview:large","max-video-preview":"max-video-preview:-1"},"canonical":"https:\/\/scientia-amazonia.org\/index.php\/2018-2\/numero-3\/","og_locale":"en_US","og_type":"article","og_title":"N\u00famero 3 - Scientia Amazonia","og_description":"Biotecnologia DMSO (dimethyl sulfoxide) inhibits acetylcholinesterase from the nervous and muscle tissues of tambaqui (Colossoma macropomum) (In Portuguese) Karina Francis de Souza Barbosa\u00a0Eike Nascimento de Oliveira, R\u00fabia Neris Machado, Ana L\u00facia Silva Gomes,\u00a0 Wallice Paxi\u00faba [&hellip;]","og_url":"https:\/\/scientia-amazonia.org\/index.php\/2018-2\/numero-3\/","og_site_name":"Scientia Amazonia","article_modified_time":"2018-11-25T16:19:01+00:00","twitter_card":"summary_large_image","twitter_misc":{"Est. reading time":"4 minutes"},"schema":{"@context":"https:\/\/schema.org","@graph":[{"@type":"WebPage","@id":"https:\/\/scientia-amazonia.org\/index.php\/2018-2\/numero-3\/","url":"https:\/\/scientia-amazonia.org\/index.php\/2018-2\/numero-3\/","name":"N\u00famero 3 - Scientia Amazonia","isPartOf":{"@id":"https:\/\/scientia-amazonia.org\/#website"},"datePublished":"2018-08-31T19:35:08+00:00","dateModified":"2018-11-25T16:19:01+00:00","breadcrumb":{"@id":"https:\/\/scientia-amazonia.org\/index.php\/2018-2\/numero-3\/#breadcrumb"},"inLanguage":"en-US","potentialAction":[{"@type":"ReadAction","target":["https:\/\/scientia-amazonia.org\/index.php\/2018-2\/numero-3\/"]}]},{"@type":"BreadcrumbList","@id":"https:\/\/scientia-amazonia.org\/index.php\/2018-2\/numero-3\/#breadcrumb","itemListElement":[{"@type":"ListItem","position":1,"name":"Home","item":"https:\/\/scientia-amazonia.org\/"},{"@type":"ListItem","position":2,"name":"2018","item":"https:\/\/scientia-amazonia.org\/index.php\/2018-2\/"},{"@type":"ListItem","position":3,"name":"N\u00famero 3"}]},{"@type":"WebSite","@id":"https:\/\/scientia-amazonia.org\/#website","url":"https:\/\/scientia-amazonia.org\/","name":"Scientia Amazonia","description":"Revista eletr\u00f4nica","publisher":{"@id":"https:\/\/scientia-amazonia.org\/#organization"},"potentialAction":[{"@type":"SearchAction","target":{"@type":"EntryPoint","urlTemplate":"https:\/\/scientia-amazonia.org\/?s={search_term_string}"},"query-input":"required name=search_term_string"}],"inLanguage":"en-US"},{"@type":"Organization","@id":"https:\/\/scientia-amazonia.org\/#organization","name":"Scientia Amazonia","url":"https:\/\/scientia-amazonia.org\/","logo":{"@type":"ImageObject","inLanguage":"en-US","@id":"https:\/\/scientia-amazonia.org\/#\/schema\/logo\/image\/","url":"https:\/\/scientia-amazonia.org\/wp-content\/uploads\/2021\/03\/logoScientia2.png","contentUrl":"https:\/\/scientia-amazonia.org\/wp-content\/uploads\/2021\/03\/logoScientia2.png","width":934,"height":100,"caption":"Scientia Amazonia"},"image":{"@id":"https:\/\/scientia-amazonia.org\/#\/schema\/logo\/image\/"}}]}},"_links":{"self":[{"href":"https:\/\/scientia-amazonia.org\/index.php\/wp-json\/wp\/v2\/pages\/856"}],"collection":[{"href":"https:\/\/scientia-amazonia.org\/index.php\/wp-json\/wp\/v2\/pages"}],"about":[{"href":"https:\/\/scientia-amazonia.org\/index.php\/wp-json\/wp\/v2\/types\/page"}],"author":[{"embeddable":true,"href":"https:\/\/scientia-amazonia.org\/index.php\/wp-json\/wp\/v2\/users\/1"}],"replies":[{"embeddable":true,"href":"https:\/\/scientia-amazonia.org\/index.php\/wp-json\/wp\/v2\/comments?post=856"}],"version-history":[{"count":18,"href":"https:\/\/scientia-amazonia.org\/index.php\/wp-json\/wp\/v2\/pages\/856\/revisions"}],"predecessor-version":[{"id":903,"href":"https:\/\/scientia-amazonia.org\/index.php\/wp-json\/wp\/v2\/pages\/856\/revisions\/903"}],"up":[{"embeddable":true,"href":"https:\/\/scientia-amazonia.org\/index.php\/wp-json\/wp\/v2\/pages\/667"}],"wp:attachment":[{"href":"https:\/\/scientia-amazonia.org\/index.php\/wp-json\/wp\/v2\/media?parent=856"}],"curies":[{"name":"wp","href":"https:\/\/api.w.org\/{rel}","templated":true}]}}