{"id":906,"date":"2018-11-25T16:40:33","date_gmt":"2018-11-25T16:40:33","guid":{"rendered":"https:\/\/scientia-amazonia.org\/?page_id=906"},"modified":"2018-12-13T15:13:44","modified_gmt":"2018-12-13T15:13:44","slug":"numero-1","status":"publish","type":"page","link":"https:\/\/scientia-amazonia.org\/index.php\/2019-2\/numero-1\/","title":{"rendered":"N\u00famero 1"},"content":{"rendered":"<p style=\"text-align: center;\"><strong>Biotecnologia<\/strong><\/p>\n<p style=\"text-align: center;\"><a href=\"https:\/\/scientia-amazonia.org\/wp-content\/uploads\/2018\/11\/v8-n1-b1-b14-2019.pdf\">Wood plastic composites: General considerations<\/a> (In Portuguese)<\/p>\n<p style=\"text-align: center;\">Antonio Claudio Kieling, Genilson Pereira Santana, Maria Cristina dos Santos<\/p>\n<p style=\"text-align: center;\"><a href=\"https:\/\/scientia-amazonia.org\/wp-content\/uploads\/2018\/11\/v.8-n.1-B15-B33-2019.pdf\">Proteases produced by micro-organisms in the amazon region<\/a> (In Portuguese)<\/p>\n<p style=\"text-align: center;\">Claudiane Beatriz Alencar Pires, Jennifer Salgado da Fonseca, Ricardo Lima Serudo<\/p>\n<p style=\"text-align: center;\"><a href=\"https:\/\/scientia-amazonia.org\/wp-content\/uploads\/2018\/12\/v.-8-n.1-B34-B43-2019.pdf\">Application of an experimental design in frying oils degradation by <em>Shewanella <\/em><\/a>(In English)<\/p>\n<p style=\"text-align: center;\">Jennifer Salgado da Fonseca, Ricardo Lima Serudo, Carlos Gustavo Nunes da Silva<\/p>\n<p style=\"text-align: center;\"><a href=\"https:\/\/scientia-amazonia.org\/wp-content\/uploads\/2018\/12\/v.-8-n.1-B44-B55-2019.pdf\">IgY technology: efficient alternative to conventional mammalian antibodies<\/a> (In Portuguese)<\/p>\n<p style=\"text-align: center;\">Jeniffer Clorives Lopes Batista, Aline Rubens de Souza, Paula Taquita Serra, Daniele Souza de Farias, K\u00e9ssia Caroline Souza Alves, Maria Edilene Martins de Almeida, Juliane Correa Gl\u00f3ria, Diogo Pereira de Castro, Lu\u00eds Andr\u00e9 Morais Mari\u00faba<\/p>\n<p><strong>Ci\u00eancias Agr\u00e1rias<\/strong><\/p>\n<p style=\"text-align: center;\"><a href=\"https:\/\/scientia-amazonia.org\/wp-content\/uploads\/2018\/12\/v.-8-n.1-CA1-CA5-2019.pdf\">Characterization of the fruits of Pupunheira (Bactris gasipaes Kunth) cultivated in the village of Ecuador, RR: What&#8217;s new?<\/a> (In Portuguese)<\/p>\n<p style=\"text-align: center;\">Jaime Paiva Lopes Aguiar, Kaoru Yuyama, Francisca das Chagas do Amaral Souza<\/p>\n<p style=\"text-align: center;\"><a href=\"https:\/\/scientia-amazonia.org\/wp-content\/uploads\/2018\/12\/v.-8-n.1-CA6-CA10-2019.pdf\"><em>Epicauta vittata<\/em> (Fabricius, 1775) (Coleoptera: Meloidae): occurrence in bell pepper and eggplant cultivation in the State of Rond\u00f4nia<\/a> (In Portuguese)<\/p>\n<p style=\"text-align: center;\">Marina Concei\u00e7\u00e3o do Carmo, Vando Miossi Rondelli, Andressa Graebin Ferreira1, Dirceu Pratissoli<\/p>\n<p><strong>Ci\u00eancias Ambientais<\/strong><\/p>\n<p style=\"text-align: center;\"><a href=\"https:\/\/scientia-amazonia.org\/wp-content\/uploads\/2018\/12\/v.-8-n.1-CAm1-CAm4-2019.pdf\">Basic sanitation, a fundamental right: implications of solid waste management in a municipality in northeastern Brazil<\/a> (In Portuguese)<\/p>\n<p style=\"text-align: center;\">Anny Kariny Feitosa, Manuel Arlindo Amador de Matos, J\u00falia Elisabete Barden, Odorico Konrad<\/p>\n<p><strong>Ci\u00eancias Biol\u00f3gicas<\/strong><\/p>\n<p style=\"text-align: center;\"><a href=\"https:\/\/scientia-amazonia.org\/wp-content\/uploads\/2018\/11\/v.8-n.1-CB1-CB12-2019.pdf\">Anti-inflammatory action of copaiba oil in animal model-induced arthritis: A Systematic Review<\/a> (In Portuguese)<\/p>\n<p style=\"text-align: center;\">Vanda Santana Queiroz Dini, Silvania da Concei\u00e7\u00e3o Furtado, Jos\u00e9 Fernando Marques Barcellos,\u00a0Oscar Tadeu Ferreira da Costa<\/p>\n<p style=\"text-align: center;\"><a href=\"https:\/\/scientia-amazonia.org\/wp-content\/uploads\/2018\/12\/v.8-n.1-CB13-CB16-2019.pdf\">Megasoma actaeon (Linnaeus) (Scarabaeidae: Dynastinae): first record for Maranh\u00e3o state, northeastern Brazil<\/a> (In English)<\/p>\n<p style=\"text-align: center;\">Reinaldo L Cajaiba, Kleber S Pereira, Jesuino S Martins1, Elson S Sousa, Wully B Silva<\/p>\n<p><strong>Ci\u00eancias da Sa\u00fade<\/strong><\/p>\n<p style=\"text-align: center;\"><a href=\"https:\/\/scientia-amazonia.org\/wp-content\/uploads\/2018\/12\/v.-8-n.1-CS1-CS11-2019.pdf\">Association between spatial patterns of the incidence of leprosy in children under 15 years and the condition of life in Manaus<\/a> (In Portuguese)<\/p>\n<p style=\"text-align: center;\">Marcos Vin\u00edcius Costa Fernandes, Arinte V\u00e9ras Fontes Esteves, Daniel Barros de Castro, Cl\u00e1udia Benetida dos Santos<\/p>\n<p style=\"text-align: center;\"><a href=\"https:\/\/scientia-amazonia.org\/wp-content\/uploads\/2018\/12\/v.8-n.1-CS12-CS20-2019.pdf\">The relationship between knowledge and adherence to treatment of tuberculosis<\/a> (In Portuguese)<\/p>\n<p style=\"text-align: center;\">Laura Raquel Teixeira de Oliveira, Maria Jacirema Ferreira Gon\u00e7alves<\/p>\n<p><strong>Ci\u00eancias e Tecnologia de Alimentos<\/strong><\/p>\n<p style=\"text-align: center;\"><a href=\"https:\/\/scientia-amazonia.org\/wp-content\/uploads\/2018\/12\/v.-8-n.1-RP1-RP5-2019.pdf\">Analyzes of coalho cheese commercialized in Manaus-AM<\/a> (In Portuguese)<\/p>\n<p style=\"text-align: center;\">Luana Santiago de Magalh\u00e3es, Expedita Maria de Oliveira Pereira, Pedro de Queiroz Costa Neto, Mozanil Correia Pantoja<\/p>\n<p><strong>Ci\u00eancias Exatas e da Terra<\/strong><\/p>\n<p style=\"text-align: center;\"><a href=\"https:\/\/scientia-amazonia.org\/wp-content\/uploads\/2018\/11\/v.-8-n.1-C1-C10-2019-.pdf\">Seasonal assessment of groundwater quality in the cities of Itacoatiara and Manacapuru (Amazon, Brazil)<\/a>(In English)<\/p>\n<p style=\"text-align: center;\">Anderson da Silva Lages, Marcondes Silva e Silva, Genilson Pereira Santana<\/p>\n<p style=\"text-align: center;\"><a href=\"https:\/\/scientia-amazonia.org\/wp-content\/uploads\/2018\/12\/v.-8-n.1-C11-C15-2019.pdf\">Measurement of the Foliar Area Anacardium Occidentale L. Based on Digital Image Processing<\/a> (In Portuguese)<\/p>\n<p style=\"text-align: center;\">Tiffanny Jaira Raiol Matos, Glenda Quaresma Ramos, Robert Saraiva Matos, Henrique Duarte da Fonseca Filho<\/p>\n<p><strong>Educa\u00e7\u00e3o<\/strong><\/p>\n<p style=\"text-align: center;\"><a href=\"https:\/\/scientia-amazonia.org\/wp-content\/uploads\/2018\/12\/v.-8-n.1-E1-E12-2019.pdf\">Distortion Age Series in the State of Amazonas: An analysis on the statistical data of the State Department of Education of the State of Amazona<\/a>s (In Portuguese)<\/p>\n<p style=\"text-align: center;\">Hemelly da Silva Areias<\/p>\n<p style=\"text-align: center;\"><a href=\"https:\/\/scientia-amazonia.org\/wp-content\/uploads\/2018\/12\/v.-8-n.1-E13-E19-2019.pdf\">Use of experimentation as a facilitating methodology in the polymer teaching-learning process<\/a> (In Portuguese)<\/p>\n<p style=\"text-align: center;\">Vandeci Dias dos Santos, Eliza Edneide Oliveira Souza de Almeida<\/p>\n<p style=\"text-align: center;\"><a href=\"https:\/\/scientia-amazonia.org\/wp-content\/uploads\/2018\/12\/v.-8-n.1-E20-E27-2019.pdf\">Supervised internship: the science dinamics as a possibility for didactic intervention in elementary education<\/a> (In Portuguese)<\/p>\n<p style=\"text-align: center;\">Dhaniella Cristhina de Brito Oliveira, Gabriela Silva de Oliveira, William de Oliveira Silva,\u00a0Danielle Rodrigues Monteiro da Costa<\/p>\n<p>\u00a0<\/p>\n<p><strong>Engenharia<\/strong><\/p>\n<p style=\"text-align: center;\"><a href=\"https:\/\/scientia-amazonia.org\/wp-content\/uploads\/2018\/11\/v.-8-n.1-E1-E13-2019.pdf\">Reuse of construction and demolition waste in the manufacture of ceramic brick &#8211; a review<\/a> (In Portuguese)<\/p>\n<p style=\"text-align: center;\">Bruna Barbosa Matuti, Genilson Pereira Santana<\/p>\n<p style=\"text-align: center;\"><a href=\"https:\/\/scientia-amazonia.org\/wp-content\/uploads\/2018\/12\/v.-8-n.1-E14-E19-2019.pdf\">Biodigestor Homemade Applied to the Production of Biofertilizer from Bovine Biomass<\/a> (In Portuguese)<\/p>\n<p style=\"text-align: center;\">Adib Jacinto Souza de Oliveira, Andros Rafael Farias da Costa, Thiago Gon\u00e7alves da Mota, William Silva Ferreira<\/p>\n<p style=\"text-align: center;\"><a href=\"https:\/\/scientia-amazonia.org\/wp-content\/uploads\/2018\/12\/v.-8-n.1-E20-E33-2019.pdf\">Environmental impacts obtained by the production process of iron ore<\/a> (In Portuguese)<\/p>\n<p style=\"text-align: center;\">Andros Rafael Farias, Bruna Tayn\u00e1 Pereira Castro, William Silva Ferreira<\/p>\n<p><strong>Medicina Veterin\u00e1ria<\/strong><\/p>\n<p style=\"text-align: center;\"><a href=\"https:\/\/scientia-amazonia.org\/wp-content\/uploads\/2018\/12\/v.-8-n.1-MV1-MV7-2019.pdf\">Canine Mastitis: Systematic Review<\/a> (In Portuguese)<\/p>\n<p style=\"text-align: center;\">Bruna Fernandes da Silva, Axel Fille de Souza Marques, Esther Maria Oliveira de Souza, Maria Cristina Dos-Santos<\/p>\n<p><strong>Recursos Pesqueiros e Engenharia de Pesca<\/strong><\/p>\n<p style=\"text-align: center;\"><a href=\"https:\/\/scientia-amazonia.org\/wp-content\/uploads\/2018\/12\/v.-8-n.1-RP1-RP12-2019.pdf\">Situation of artisanal fishing and environmental conditions in the perception of the fishermen of the municipality of Ariquemes\/RO<\/a>\u00a0(In Portuguese)<\/p>\n<p style=\"text-align: center;\">Bruna de Souza Andrade, Jhones de Souza Andrade, Johnny Martins de Brito<\/p>\n\n\n\n\n<p><\/p>\n","protected":false},"excerpt":{"rendered":"<p>Biotecnologia Wood plastic composites: General considerations (In Portuguese) Antonio Claudio Kieling, Genilson Pereira Santana, Maria Cristina dos Santos Proteases produced by micro-organisms in the amazon region (In Portuguese) Claudiane Beatriz Alencar Pires, Jennifer Salgado da [&hellip;]<\/p>\n","protected":false},"author":1,"featured_media":0,"parent":904,"menu_order":0,"comment_status":"closed","ping_status":"closed","template":"","meta":{"_links_to":"","_links_to_target":""},"yoast_head":"<!-- This site is optimized with the Yoast SEO plugin v20.2.1 - https:\/\/yoast.com\/wordpress\/plugins\/seo\/ -->\n<title>N\u00famero 1 - Scientia Amazonia<\/title>\n<meta name=\"robots\" content=\"index, follow, max-snippet:-1, max-image-preview:large, max-video-preview:-1\" \/>\n<link rel=\"canonical\" href=\"https:\/\/scientia-amazonia.org\/index.php\/2019-2\/numero-1\/\" \/>\n<meta property=\"og:locale\" content=\"en_US\" \/>\n<meta property=\"og:type\" content=\"article\" \/>\n<meta property=\"og:title\" content=\"N\u00famero 1 - Scientia Amazonia\" \/>\n<meta property=\"og:description\" content=\"Biotecnologia Wood plastic composites: General considerations (In Portuguese) Antonio Claudio Kieling, Genilson Pereira Santana, Maria Cristina dos Santos Proteases produced by micro-organisms in the amazon region (In Portuguese) Claudiane Beatriz Alencar Pires, Jennifer Salgado da [&hellip;]\" \/>\n<meta property=\"og:url\" content=\"https:\/\/scientia-amazonia.org\/index.php\/2019-2\/numero-1\/\" \/>\n<meta property=\"og:site_name\" content=\"Scientia Amazonia\" \/>\n<meta property=\"article:modified_time\" content=\"2018-12-13T15:13:44+00:00\" \/>\n<meta name=\"twitter:card\" content=\"summary_large_image\" \/>\n<meta name=\"twitter:label1\" content=\"Est. reading time\" \/>\n\t<meta name=\"twitter:data1\" content=\"3 minutes\" \/>\n<script type=\"application\/ld+json\" class=\"yoast-schema-graph\">{\"@context\":\"https:\/\/schema.org\",\"@graph\":[{\"@type\":\"WebPage\",\"@id\":\"https:\/\/scientia-amazonia.org\/index.php\/2019-2\/numero-1\/\",\"url\":\"https:\/\/scientia-amazonia.org\/index.php\/2019-2\/numero-1\/\",\"name\":\"N\u00famero 1 - Scientia Amazonia\",\"isPartOf\":{\"@id\":\"https:\/\/scientia-amazonia.org\/#website\"},\"datePublished\":\"2018-11-25T16:40:33+00:00\",\"dateModified\":\"2018-12-13T15:13:44+00:00\",\"breadcrumb\":{\"@id\":\"https:\/\/scientia-amazonia.org\/index.php\/2019-2\/numero-1\/#breadcrumb\"},\"inLanguage\":\"en-US\",\"potentialAction\":[{\"@type\":\"ReadAction\",\"target\":[\"https:\/\/scientia-amazonia.org\/index.php\/2019-2\/numero-1\/\"]}]},{\"@type\":\"BreadcrumbList\",\"@id\":\"https:\/\/scientia-amazonia.org\/index.php\/2019-2\/numero-1\/#breadcrumb\",\"itemListElement\":[{\"@type\":\"ListItem\",\"position\":1,\"name\":\"Home\",\"item\":\"https:\/\/scientia-amazonia.org\/\"},{\"@type\":\"ListItem\",\"position\":2,\"name\":\"2019\",\"item\":\"https:\/\/scientia-amazonia.org\/index.php\/2019-2\/\"},{\"@type\":\"ListItem\",\"position\":3,\"name\":\"N\u00famero 1\"}]},{\"@type\":\"WebSite\",\"@id\":\"https:\/\/scientia-amazonia.org\/#website\",\"url\":\"https:\/\/scientia-amazonia.org\/\",\"name\":\"Scientia Amazonia\",\"description\":\"Revista eletr\u00f4nica\",\"publisher\":{\"@id\":\"https:\/\/scientia-amazonia.org\/#organization\"},\"potentialAction\":[{\"@type\":\"SearchAction\",\"target\":{\"@type\":\"EntryPoint\",\"urlTemplate\":\"https:\/\/scientia-amazonia.org\/?s={search_term_string}\"},\"query-input\":\"required name=search_term_string\"}],\"inLanguage\":\"en-US\"},{\"@type\":\"Organization\",\"@id\":\"https:\/\/scientia-amazonia.org\/#organization\",\"name\":\"Scientia Amazonia\",\"url\":\"https:\/\/scientia-amazonia.org\/\",\"logo\":{\"@type\":\"ImageObject\",\"inLanguage\":\"en-US\",\"@id\":\"https:\/\/scientia-amazonia.org\/#\/schema\/logo\/image\/\",\"url\":\"https:\/\/scientia-amazonia.org\/wp-content\/uploads\/2021\/03\/logoScientia2.png\",\"contentUrl\":\"https:\/\/scientia-amazonia.org\/wp-content\/uploads\/2021\/03\/logoScientia2.png\",\"width\":934,\"height\":100,\"caption\":\"Scientia Amazonia\"},\"image\":{\"@id\":\"https:\/\/scientia-amazonia.org\/#\/schema\/logo\/image\/\"}}]}<\/script>\n<!-- \/ Yoast SEO plugin. -->","yoast_head_json":{"title":"N\u00famero 1 - Scientia Amazonia","robots":{"index":"index","follow":"follow","max-snippet":"max-snippet:-1","max-image-preview":"max-image-preview:large","max-video-preview":"max-video-preview:-1"},"canonical":"https:\/\/scientia-amazonia.org\/index.php\/2019-2\/numero-1\/","og_locale":"en_US","og_type":"article","og_title":"N\u00famero 1 - Scientia Amazonia","og_description":"Biotecnologia Wood plastic composites: General considerations (In Portuguese) Antonio Claudio Kieling, Genilson Pereira Santana, Maria Cristina dos Santos Proteases produced by micro-organisms in the amazon region (In Portuguese) Claudiane Beatriz Alencar Pires, Jennifer Salgado da [&hellip;]","og_url":"https:\/\/scientia-amazonia.org\/index.php\/2019-2\/numero-1\/","og_site_name":"Scientia Amazonia","article_modified_time":"2018-12-13T15:13:44+00:00","twitter_card":"summary_large_image","twitter_misc":{"Est. reading time":"3 minutes"},"schema":{"@context":"https:\/\/schema.org","@graph":[{"@type":"WebPage","@id":"https:\/\/scientia-amazonia.org\/index.php\/2019-2\/numero-1\/","url":"https:\/\/scientia-amazonia.org\/index.php\/2019-2\/numero-1\/","name":"N\u00famero 1 - Scientia Amazonia","isPartOf":{"@id":"https:\/\/scientia-amazonia.org\/#website"},"datePublished":"2018-11-25T16:40:33+00:00","dateModified":"2018-12-13T15:13:44+00:00","breadcrumb":{"@id":"https:\/\/scientia-amazonia.org\/index.php\/2019-2\/numero-1\/#breadcrumb"},"inLanguage":"en-US","potentialAction":[{"@type":"ReadAction","target":["https:\/\/scientia-amazonia.org\/index.php\/2019-2\/numero-1\/"]}]},{"@type":"BreadcrumbList","@id":"https:\/\/scientia-amazonia.org\/index.php\/2019-2\/numero-1\/#breadcrumb","itemListElement":[{"@type":"ListItem","position":1,"name":"Home","item":"https:\/\/scientia-amazonia.org\/"},{"@type":"ListItem","position":2,"name":"2019","item":"https:\/\/scientia-amazonia.org\/index.php\/2019-2\/"},{"@type":"ListItem","position":3,"name":"N\u00famero 1"}]},{"@type":"WebSite","@id":"https:\/\/scientia-amazonia.org\/#website","url":"https:\/\/scientia-amazonia.org\/","name":"Scientia Amazonia","description":"Revista eletr\u00f4nica","publisher":{"@id":"https:\/\/scientia-amazonia.org\/#organization"},"potentialAction":[{"@type":"SearchAction","target":{"@type":"EntryPoint","urlTemplate":"https:\/\/scientia-amazonia.org\/?s={search_term_string}"},"query-input":"required name=search_term_string"}],"inLanguage":"en-US"},{"@type":"Organization","@id":"https:\/\/scientia-amazonia.org\/#organization","name":"Scientia Amazonia","url":"https:\/\/scientia-amazonia.org\/","logo":{"@type":"ImageObject","inLanguage":"en-US","@id":"https:\/\/scientia-amazonia.org\/#\/schema\/logo\/image\/","url":"https:\/\/scientia-amazonia.org\/wp-content\/uploads\/2021\/03\/logoScientia2.png","contentUrl":"https:\/\/scientia-amazonia.org\/wp-content\/uploads\/2021\/03\/logoScientia2.png","width":934,"height":100,"caption":"Scientia Amazonia"},"image":{"@id":"https:\/\/scientia-amazonia.org\/#\/schema\/logo\/image\/"}}]}},"_links":{"self":[{"href":"https:\/\/scientia-amazonia.org\/index.php\/wp-json\/wp\/v2\/pages\/906"}],"collection":[{"href":"https:\/\/scientia-amazonia.org\/index.php\/wp-json\/wp\/v2\/pages"}],"about":[{"href":"https:\/\/scientia-amazonia.org\/index.php\/wp-json\/wp\/v2\/types\/page"}],"author":[{"embeddable":true,"href":"https:\/\/scientia-amazonia.org\/index.php\/wp-json\/wp\/v2\/users\/1"}],"replies":[{"embeddable":true,"href":"https:\/\/scientia-amazonia.org\/index.php\/wp-json\/wp\/v2\/comments?post=906"}],"version-history":[{"count":37,"href":"https:\/\/scientia-amazonia.org\/index.php\/wp-json\/wp\/v2\/pages\/906\/revisions"}],"predecessor-version":[{"id":988,"href":"https:\/\/scientia-amazonia.org\/index.php\/wp-json\/wp\/v2\/pages\/906\/revisions\/988"}],"up":[{"embeddable":true,"href":"https:\/\/scientia-amazonia.org\/index.php\/wp-json\/wp\/v2\/pages\/904"}],"wp:attachment":[{"href":"https:\/\/scientia-amazonia.org\/index.php\/wp-json\/wp\/v2\/media?parent=906"}],"curies":[{"name":"wp","href":"https:\/\/api.w.org\/{rel}","templated":true}]}}