{"id":994,"date":"2018-12-13T19:54:51","date_gmt":"2018-12-13T19:54:51","guid":{"rendered":"https:\/\/scientia-amazonia.org\/?page_id=994"},"modified":"2019-08-07T19:25:30","modified_gmt":"2019-08-07T19:25:30","slug":"numero-2","status":"publish","type":"page","link":"https:\/\/scientia-amazonia.org\/index.php\/2019-2\/numero-2\/","title":{"rendered":"N\u00famero 2"},"content":{"rendered":"\n<p><strong>Biotecnologia<\/strong><\/p>\n\n\n\n<p style=\"text-align:center\">  <a href=\"https:\/\/scientia-amazonia.org\/wp-content\/uploads\/2019\/08\/v-8-n2-B1-B9-2019.pdf\">Chamber of tucum\u00e3 marketed in Manaus-AM<\/a> (In portuguese)<\/p>\n\n\n\n<p style=\"text-align:center\">Antonio Claudio Kieling, Genilson Pereira Santana, Maria Cristina dos Santos, Hirla de Cassia Castro Jaqtinon, Caio C\u00e9sar Pantale\u00e3o Monteiro<\/p>\n\n\n\n<p style=\"text-align:center\"><a href=\"https:\/\/scientia-amazonia.org\/wp-content\/uploads\/2019\/08\/v.-8-n.2-B10-B18-2019.pdf\"> Experimental Design using coffee ground and Aspergillus sp for alkaline phosphatase production<\/a> (In portuguese)<\/p>\n\n\n\n<p style=\"text-align:center\">Karen Andreza a Silva Xavier, Thayn\u00e1 de Souza Mar\u00e3es, Jennifer Salgado da Fonseca, Ricardo de Lima Serudo<\/p>\n\n\n\n<p style=\"text-align:center\"> <a href=\"https:\/\/scientia-amazonia.org\/wp-content\/uploads\/2019\/08\/v.-8-n.2-B19-B20-2019.pdf\">Bioprospection of filamentous fungus with lipolytic activity<\/a> (In portuguese)<\/p>\n\n\n\n<p style=\"text-align:center\">Thayn\u00e1 Mar\u00e3es de Souza, Karen Andreza da Silva Xavier,\nJennifer Salgado da Fonseca, Ricardo Lima Serudo<\/p>\n\n\n\n<p><strong>Ci\u00eancias Ambientais<\/strong><\/p>\n\n\n\n<p> <a href=\"https:\/\/scientia-amazonia.org\/wp-content\/uploads\/2019\/03\/v8-n2-CAm1-CAm15-2019.pdf\">Economic potential of recyclable plastics in the city of Manaus (AM)<\/a>   (In portuguese)<\/p>\n\n\n\n<p style=\"text-align:center\">Antonio Claudio Kieling, Genilson Pereira Santana, Maria Cristina dos Santos, Camila Stephanie Santos da Silva, Chaenny Let\u00edcia da Silva Amorim, Joyce Rodrigues Pontes<\/p>\n\n\n\n<p style=\"text-align:center\"> <a href=\"https:\/\/scientia-amazonia.org\/wp-content\/uploads\/2019\/07\/v8-n2-CAm16-CAm28-2019.pdf\">Evaluation of the effects of Roundup\u00ae and hypoxia on hematological parameters and gill histology of Colossoma macropomum (Cuvier, 1818)<\/a> (In Portuguese)<\/p>\n\n\n\n<p style=\"text-align:center\">Julie Andrez Ramos de Andrade Vieira, Grazyelle Sebrenski da Silva, Lorena Vieira de Matos, Maria In\u00eas Braga de Oliveira, Vera Maria Fonseca de Almeida e Val<\/p>\n\n\n\n<p style=\"text-align:center\"> <a href=\"https:\/\/scientia-amazonia.org\/wp-content\/uploads\/2019\/07\/v8-n2-CAm29-CAm44.pdf\">Economic approach in the management of solid waste from urban rivers of Manaus<\/a> (In portuguese)<\/p>\n\n\n\n<p style=\"text-align:center\">Armando Bandeira dos Santos Junior, Alexandre Almir Ferreira Rivas, Eduardo Genaro Escate Lay, Suely de Souza Costa<\/p>\n\n\n\n<p style=\"text-align:center\"> <a href=\"https:\/\/scientia-amazonia.org\/wp-content\/uploads\/2019\/08\/v8-n2-CAm45-CAm55-2019.pdf\">Fungal diversity present in samples of shrimp Macrobrachium amazonicum (Heller, 1862) (Decapoda, Palaemonidae) salted and dried commercialized in Santar\u00e9m-Par\u00e1 <\/a>(In portuguese)<\/p>\n\n\n\n<p style=\"text-align:center\">Cleberson Eduardo Santos de Oliveira, Eveleise Samira\nMartins Canto, Graciene do Socorro Taveira Fernandes, Nathan Sousa da Silva,\nMuryllo Julius Marques Nogueira<\/p>\n\n\n\n<p>Ci<strong>\u00eancias Agr\u00e1rias<\/strong><\/p>\n\n\n\n<p style=\"text-align:center\"> <a href=\"https:\/\/scientia-amazonia.org\/wp-content\/uploads\/2019\/08\/v-8-n-2-CA1-CA5-2019.pdf\">Germination of commercial seeds of Amazonas and Rond\u00f4nia States municipally: II. Lettuce<\/a> (In portuguese)<\/p>\n\n\n\n<p style=\"text-align:center\">Laura Vicuna da Silva Botelho, Carlos Eduardo Pereira, Ana L\u00facia Pereira Kikuti<\/p>\n\n\n\n<p style=\"text-align:center\"><a href=\"https:\/\/scientia-amazonia.org\/wp-content\/uploads\/2019\/08\/v-8-n-2-CA6-CA10-2019.pdf\"> Germination of commercial seeds of Amazonas and Rond\u00f4nia States municipally: I. Tomato<\/a> (In portuguese)<\/p>\n\n\n\n<p style=\"text-align:center\">\n\nLaura Vicuna da Silva Botelho, Carlos Eduardo Pereira, Ana L\u00facia Pereira Kikuti\n\n<\/p>\n\n\n\n<p><a href=\"https:\/\/scientia-amazonia.org\/wp-content\/uploads\/2019\/07\/v-8-n-2-CA11-CA17-2019.pdf\"> Agronomic Performance of Rocket Salad Cultivars in Manaus, AM<\/a> (In Portuguese)<\/p>\n\n\n\n<p style=\"text-align:center\">Matheus Miranda\nCaniato, Priscila do Carmo Barros Franco, Pedro Gabriel Carneiro de Andrade,\nBruno Felipe Vargas Juli\u00e3o, Tha\u00eds Mila Serra Pedrosa<\/p>\n\n\n\n<p><strong>Ci\u00eancias Biol\u00f3gicas<\/strong><\/p>\n\n\n\n<p style=\"text-align:center\"><a href=\"https:\/\/scientia-amazonia.org\/wp-content\/uploads\/2019\/08\/v8-n2-CB1-CB53-2019.pdf\">Illustrated inventory of spiders from Amazonas state, Brazil: 94 understory<br> species from a forest fragment in Manau<\/a>s (In English)<\/p>\n\n\n\n<p style=\"text-align:center\">Thiago Gomes de Carvalho, Thierry Ray Jehlen Gasnier<\/p>\n\n\n\n<p><strong>Ci\u00eancias Exatas<\/strong><\/p>\n\n\n\n<p style=\"text-align:center\"><a href=\"https:\/\/scientia-amazonia.org\/wp-content\/uploads\/2018\/12\/v.-8-n.-2-C1-C8-2019.pdf\">Evaluation of tannin, anthocyanin and starch ofmesocarp from&nbsp; babassu (Orbignyaphalerata Mart)<\/a> (In Portuguese)<\/p>\n\n\n\n<p style=\"text-align:center\">Gabriela Batista de Farias, Jean Lucas da Silva Rodrigues,Cristiano Souza do Nascimento, Renan Feitosa Gomes, Maria Nilce de SousaRibeiro, Maria de Jesus Coutinho Varej\u00e3o, Maria da Paz Lima<\/p>\n\n\n\n<p style=\"text-align:center\"><a href=\"https:\/\/scientia-amazonia.org\/wp-content\/uploads\/2018\/12\/v.-8-n.1-C10-C18-2019.pdf\">Matrix effect and other frequent interferences in quantitative geological analysis of trace elements by WDXRF<\/a> (In Portuguese)<\/p>\n\n\n\n<p style=\"text-align:center\">Ceel Daniel da Silva, Simone Patr\u00edcia Aranha da Paz, Genilson Pereira Santana<\/p>\n\n\n\n<p style=\"text-align:center\"> <a href=\"https:\/\/scientia-amazonia.org\/wp-content\/uploads\/2019\/08\/v.-8-n.2-C19-C27-2019.pdf\">Periodic Table: Didactic Games as Learning Tools in Chemistry Teaching<\/a> (In portuguese)<\/p>\n\n\n\n<p style=\"text-align:center\">Endi Cl\u00e1udia Silva do Nascimento, Denny William de Oliveira\nMesquita, Geone Maia Corr\u00eaa, Dominique Fernandes de Moura<\/p>\n\n\n\n<p><strong>Ci\u00eancias da Sa\u00fade<\/strong><\/p>\n\n\n\n<p style=\"text-align:center\"><a href=\"https:\/\/scientia-amazonia.org\/wp-content\/uploads\/2019\/07\/v.-8-n.2-CS1-CS10-2019.pdf\"> Occurrence of doping at the F\u00e9d\u00e9ration Internationale de Natation (FINA)<\/a> (In portuguese)<\/p>\n\n\n\n<p style=\"text-align:center\">Giovanna Golfetto dos Reis, Igor Rafael dos Santos Magalh\u00e3es,\nAna Cyra dos Santos Lucas<\/p>\n\n\n\n<p style=\"text-align:center\">  <a href=\"https:\/\/scientia-amazonia.org\/wp-content\/uploads\/2019\/08\/v.-8-n.2-CS11-CS19-2019.pdf\">The perception of pregnant women about the role of doulas in natural childbirth<\/a> (In portuguese)<\/p>\n\n\n\n<p style=\"text-align:center\">\n\n\n\n\n\n\n\n\n\n\n\n\n\n\n\n\nAna Claudia Santos Almeida, Daniela Santos Souza,\nLu\u00edza Luc\u00e9lia Lima Pereira, Serena Gomes Nascimento Guedes, Fernanda Sarges da\nSilva, Ellen Priscila Gadelha, T\u00e1rsis H\u00e9ber Mendon\u00e7a de Oliveira, Arinete V\u00e9ras\nFontes Esteves, Marcos Vin\u00edcius Costa Fernandes\n\n\n\n<\/p>\n\n\n\n<p style=\"text-align:center\"> <a href=\"https:\/\/scientia-amazonia.org\/wp-content\/uploads\/2019\/08\/v.-8-n.2-CS20-CS30-2019.pdf\">Bacillary disentery: a global public health problem<\/a> (In portuguese)<\/p>\n\n\n\n<p style=\"text-align:center\">Jeniffer Clorives Lopes Batista, Daniele Souza de Farias, Rarissa de Oliveira e Silva, K\u00e9ssia Caroline Souza Alves, Maria Edilene Martins de Almeida, Juliane Correa Gl\u00f3ria, Diogo Pereira de Castro, Lu\u00eds Andr\u00e9 Morais Mari\u00faba<\/p>\n\n\n\n<p style=\"text-align:center\"> <a href=\"https:\/\/scientia-amazonia.org\/wp-content\/uploads\/2019\/08\/v.-8-n.-2-CS31-CS38-2019.pdf\">What do mothers know about biological neonatal screening?<\/a><strong> <\/strong>(In portuguese)<\/p>\n\n\n\n<p style=\"text-align:center\">Ana Paula Frota da Rocha, Suziane dos Santos Pinto,T\u00e1rsis\nH\u00e9ber Mendon\u00e7a de Oliveira, Arinete V\u00e9ras Fontes Esteves, Marcos Vin\u00edcius Costa\nFernandes<\/p>\n\n\n\n<p><strong>Educa\u00e7\u00e3o<\/strong><\/p>\n\n\n\n<p style=\"text-align:center\"> <a href=\"https:\/\/scientia-amazonia.org\/wp-content\/uploads\/2019\/08\/v.-8-n.2-E1-E18-2019.pdf\">Non formal and formal education on socioenvironmental spaces: a necessary integration in the Amazon context<\/a> (In portuguese)<\/p>\n\n\n\n<p style=\"text-align:center\">Maria Clara\nSilva-Forsberg, Lana Cynthia Silva Magalh\u00e3es, Del St\u00e9phanee Oliveira, Thabita\nCamila Guimar\u00e3es<\/p>\n\n\n\n<p style=\"text-align:center\"> <a href=\"https:\/\/scientia-amazonia.org\/wp-content\/uploads\/2019\/08\/v.-8-n.2-E19-E25-2019.pdf\">Manga: a didactic instrument for problematization of Amazon environmental issues<\/a> (In portuguese)<\/p>\n\n\n\n<p style=\"text-align:center\">Adriano da Costa Pinheiro de Sousa, Enide Luciana Lima Belmont, Elizandra R\u00eago de Vasconcelos<\/p>\n\n\n\n<p><strong>Engenharia<\/strong><\/p>\n\n\n\n<p style=\"text-align:center\">&nbsp;<a href=\"https:\/\/scientia-amazonia.org\/wp-content\/uploads\/2018\/12\/v.-8-n.2-E1-E15-2019.pdf\">Tools for economic analysis<\/a> (In Portuguese)<\/p>\n\n\n\n<p style=\"text-align:center\">Miguel Arcanjo Simas Novo Filho, Jennifer Salgado da Fonseca,Philipi Calvalcante Ricardo, Ricardo Lima Serudo<\/p>\n\n\n\n<p style=\"text-align:center\"><a href=\"https:\/\/scientia-amazonia.org\/wp-content\/uploads\/2018\/12\/v.-8-n.2-E16-E28-2019.pdf\">Aspects of thetoxicological effects of titanium dioxide nano particles: a brief review<\/a> (In Portuguese)<\/p>\n\n\n\n<p style=\"text-align:center\">Ira\u00ed Tadeu Rezende Ferreira, Regina Luana Santos de Fran\u00e7a do Ros\u00e1rio, Kenia Marcati de Sousa, Let\u00edcia Carvalho Machado, Armando Almeida dos Santos Neto, Isabelle Maria Duarte Gonzaga, G\u00e9ssica de Oliveira Santiago Santos, Renan Tavares Figueiredo<\/p>\n\n\n\n<p style=\"text-align:center\"><a href=\"https:\/\/scientia-amazonia.org\/wp-content\/uploads\/2019\/07\/v.-8-n.-2-E29-E40-2019.pdf\"> Evaluation of the efficiency of the municipalities of the state of Amazonas in the generation of electric energy by the data envelope analysis<\/a> (In portuguese)<\/p>\n\n\n\n<p style=\"text-align:center\">Elizandro Prata da Silva, Jo\u00e3o Caldas do Lago Neto, Sandro\nDimy Barbosa Bitar<\/p>\n\n\n\n<p><\/p>\n\n\n\n<h2><\/h2>\n","protected":false},"excerpt":{"rendered":"<p>Biotecnologia Chamber of tucum\u00e3 marketed in Manaus-AM (In portuguese) Antonio Claudio Kieling, Genilson Pereira Santana, Maria Cristina dos Santos, Hirla de Cassia Castro Jaqtinon, Caio C\u00e9sar Pantale\u00e3o Monteiro Experimental Design using coffee ground and Aspergillus [&hellip;]<\/p>\n","protected":false},"author":1,"featured_media":0,"parent":904,"menu_order":0,"comment_status":"closed","ping_status":"closed","template":"","meta":{"_links_to":"","_links_to_target":""},"yoast_head":"<!-- This site is optimized with the Yoast SEO plugin v20.2.1 - https:\/\/yoast.com\/wordpress\/plugins\/seo\/ -->\n<title>N\u00famero 2 - Scientia Amazonia<\/title>\n<meta name=\"robots\" content=\"index, follow, max-snippet:-1, max-image-preview:large, max-video-preview:-1\" \/>\n<link rel=\"canonical\" href=\"https:\/\/scientia-amazonia.org\/index.php\/2019-2\/numero-2\/\" \/>\n<meta property=\"og:locale\" content=\"en_US\" \/>\n<meta property=\"og:type\" content=\"article\" \/>\n<meta property=\"og:title\" content=\"N\u00famero 2 - Scientia Amazonia\" \/>\n<meta property=\"og:description\" content=\"Biotecnologia Chamber of tucum\u00e3 marketed in Manaus-AM (In portuguese) Antonio Claudio Kieling, Genilson Pereira Santana, Maria Cristina dos Santos, Hirla de Cassia Castro Jaqtinon, Caio C\u00e9sar Pantale\u00e3o Monteiro Experimental Design using coffee ground and Aspergillus [&hellip;]\" \/>\n<meta property=\"og:url\" content=\"https:\/\/scientia-amazonia.org\/index.php\/2019-2\/numero-2\/\" \/>\n<meta property=\"og:site_name\" content=\"Scientia Amazonia\" \/>\n<meta property=\"article:modified_time\" content=\"2019-08-07T19:25:30+00:00\" \/>\n<meta name=\"twitter:card\" content=\"summary_large_image\" \/>\n<meta name=\"twitter:label1\" content=\"Est. reading time\" \/>\n\t<meta name=\"twitter:data1\" content=\"4 minutes\" \/>\n<script type=\"application\/ld+json\" class=\"yoast-schema-graph\">{\"@context\":\"https:\/\/schema.org\",\"@graph\":[{\"@type\":\"WebPage\",\"@id\":\"https:\/\/scientia-amazonia.org\/index.php\/2019-2\/numero-2\/\",\"url\":\"https:\/\/scientia-amazonia.org\/index.php\/2019-2\/numero-2\/\",\"name\":\"N\u00famero 2 - Scientia Amazonia\",\"isPartOf\":{\"@id\":\"https:\/\/scientia-amazonia.org\/#website\"},\"datePublished\":\"2018-12-13T19:54:51+00:00\",\"dateModified\":\"2019-08-07T19:25:30+00:00\",\"breadcrumb\":{\"@id\":\"https:\/\/scientia-amazonia.org\/index.php\/2019-2\/numero-2\/#breadcrumb\"},\"inLanguage\":\"en-US\",\"potentialAction\":[{\"@type\":\"ReadAction\",\"target\":[\"https:\/\/scientia-amazonia.org\/index.php\/2019-2\/numero-2\/\"]}]},{\"@type\":\"BreadcrumbList\",\"@id\":\"https:\/\/scientia-amazonia.org\/index.php\/2019-2\/numero-2\/#breadcrumb\",\"itemListElement\":[{\"@type\":\"ListItem\",\"position\":1,\"name\":\"Home\",\"item\":\"https:\/\/scientia-amazonia.org\/\"},{\"@type\":\"ListItem\",\"position\":2,\"name\":\"2019\",\"item\":\"https:\/\/scientia-amazonia.org\/index.php\/2019-2\/\"},{\"@type\":\"ListItem\",\"position\":3,\"name\":\"N\u00famero 2\"}]},{\"@type\":\"WebSite\",\"@id\":\"https:\/\/scientia-amazonia.org\/#website\",\"url\":\"https:\/\/scientia-amazonia.org\/\",\"name\":\"Scientia Amazonia\",\"description\":\"Revista eletr\u00f4nica\",\"publisher\":{\"@id\":\"https:\/\/scientia-amazonia.org\/#organization\"},\"potentialAction\":[{\"@type\":\"SearchAction\",\"target\":{\"@type\":\"EntryPoint\",\"urlTemplate\":\"https:\/\/scientia-amazonia.org\/?s={search_term_string}\"},\"query-input\":\"required name=search_term_string\"}],\"inLanguage\":\"en-US\"},{\"@type\":\"Organization\",\"@id\":\"https:\/\/scientia-amazonia.org\/#organization\",\"name\":\"Scientia Amazonia\",\"url\":\"https:\/\/scientia-amazonia.org\/\",\"logo\":{\"@type\":\"ImageObject\",\"inLanguage\":\"en-US\",\"@id\":\"https:\/\/scientia-amazonia.org\/#\/schema\/logo\/image\/\",\"url\":\"https:\/\/scientia-amazonia.org\/wp-content\/uploads\/2021\/03\/logoScientia2.png\",\"contentUrl\":\"https:\/\/scientia-amazonia.org\/wp-content\/uploads\/2021\/03\/logoScientia2.png\",\"width\":934,\"height\":100,\"caption\":\"Scientia Amazonia\"},\"image\":{\"@id\":\"https:\/\/scientia-amazonia.org\/#\/schema\/logo\/image\/\"}}]}<\/script>\n<!-- \/ Yoast SEO plugin. -->","yoast_head_json":{"title":"N\u00famero 2 - Scientia Amazonia","robots":{"index":"index","follow":"follow","max-snippet":"max-snippet:-1","max-image-preview":"max-image-preview:large","max-video-preview":"max-video-preview:-1"},"canonical":"https:\/\/scientia-amazonia.org\/index.php\/2019-2\/numero-2\/","og_locale":"en_US","og_type":"article","og_title":"N\u00famero 2 - Scientia Amazonia","og_description":"Biotecnologia Chamber of tucum\u00e3 marketed in Manaus-AM (In portuguese) Antonio Claudio Kieling, Genilson Pereira Santana, Maria Cristina dos Santos, Hirla de Cassia Castro Jaqtinon, Caio C\u00e9sar Pantale\u00e3o Monteiro Experimental Design using coffee ground and Aspergillus [&hellip;]","og_url":"https:\/\/scientia-amazonia.org\/index.php\/2019-2\/numero-2\/","og_site_name":"Scientia Amazonia","article_modified_time":"2019-08-07T19:25:30+00:00","twitter_card":"summary_large_image","twitter_misc":{"Est. reading time":"4 minutes"},"schema":{"@context":"https:\/\/schema.org","@graph":[{"@type":"WebPage","@id":"https:\/\/scientia-amazonia.org\/index.php\/2019-2\/numero-2\/","url":"https:\/\/scientia-amazonia.org\/index.php\/2019-2\/numero-2\/","name":"N\u00famero 2 - Scientia Amazonia","isPartOf":{"@id":"https:\/\/scientia-amazonia.org\/#website"},"datePublished":"2018-12-13T19:54:51+00:00","dateModified":"2019-08-07T19:25:30+00:00","breadcrumb":{"@id":"https:\/\/scientia-amazonia.org\/index.php\/2019-2\/numero-2\/#breadcrumb"},"inLanguage":"en-US","potentialAction":[{"@type":"ReadAction","target":["https:\/\/scientia-amazonia.org\/index.php\/2019-2\/numero-2\/"]}]},{"@type":"BreadcrumbList","@id":"https:\/\/scientia-amazonia.org\/index.php\/2019-2\/numero-2\/#breadcrumb","itemListElement":[{"@type":"ListItem","position":1,"name":"Home","item":"https:\/\/scientia-amazonia.org\/"},{"@type":"ListItem","position":2,"name":"2019","item":"https:\/\/scientia-amazonia.org\/index.php\/2019-2\/"},{"@type":"ListItem","position":3,"name":"N\u00famero 2"}]},{"@type":"WebSite","@id":"https:\/\/scientia-amazonia.org\/#website","url":"https:\/\/scientia-amazonia.org\/","name":"Scientia Amazonia","description":"Revista eletr\u00f4nica","publisher":{"@id":"https:\/\/scientia-amazonia.org\/#organization"},"potentialAction":[{"@type":"SearchAction","target":{"@type":"EntryPoint","urlTemplate":"https:\/\/scientia-amazonia.org\/?s={search_term_string}"},"query-input":"required name=search_term_string"}],"inLanguage":"en-US"},{"@type":"Organization","@id":"https:\/\/scientia-amazonia.org\/#organization","name":"Scientia Amazonia","url":"https:\/\/scientia-amazonia.org\/","logo":{"@type":"ImageObject","inLanguage":"en-US","@id":"https:\/\/scientia-amazonia.org\/#\/schema\/logo\/image\/","url":"https:\/\/scientia-amazonia.org\/wp-content\/uploads\/2021\/03\/logoScientia2.png","contentUrl":"https:\/\/scientia-amazonia.org\/wp-content\/uploads\/2021\/03\/logoScientia2.png","width":934,"height":100,"caption":"Scientia Amazonia"},"image":{"@id":"https:\/\/scientia-amazonia.org\/#\/schema\/logo\/image\/"}}]}},"_links":{"self":[{"href":"https:\/\/scientia-amazonia.org\/index.php\/wp-json\/wp\/v2\/pages\/994"}],"collection":[{"href":"https:\/\/scientia-amazonia.org\/index.php\/wp-json\/wp\/v2\/pages"}],"about":[{"href":"https:\/\/scientia-amazonia.org\/index.php\/wp-json\/wp\/v2\/types\/page"}],"author":[{"embeddable":true,"href":"https:\/\/scientia-amazonia.org\/index.php\/wp-json\/wp\/v2\/users\/1"}],"replies":[{"embeddable":true,"href":"https:\/\/scientia-amazonia.org\/index.php\/wp-json\/wp\/v2\/comments?post=994"}],"version-history":[{"count":53,"href":"https:\/\/scientia-amazonia.org\/index.php\/wp-json\/wp\/v2\/pages\/994\/revisions"}],"predecessor-version":[{"id":1112,"href":"https:\/\/scientia-amazonia.org\/index.php\/wp-json\/wp\/v2\/pages\/994\/revisions\/1112"}],"up":[{"embeddable":true,"href":"https:\/\/scientia-amazonia.org\/index.php\/wp-json\/wp\/v2\/pages\/904"}],"wp:attachment":[{"href":"https:\/\/scientia-amazonia.org\/index.php\/wp-json\/wp\/v2\/media?parent=994"}],"curies":[{"name":"wp","href":"https:\/\/api.w.org\/{rel}","templated":true}]}}